{"id":992,"date":"2013-12-21T14:06:08","date_gmt":"2013-12-21T14:06:08","guid":{"rendered":"http:\/\/ludwig-witzani.de\/?page_id=992"},"modified":"2025-06-03T10:32:55","modified_gmt":"2025-06-03T10:32:55","slug":"alles-dreht-sich-um-die-kokosnuss","status":"publish","type":"page","link":"https:\/\/ludwig-witzani.de\/zu-den-grossen-traeumen\/backpackers-welt\/alles-dreht-sich-um-die-kokosnuss\/","title":{"rendered":"Alles dreht sich um die Kokosnuss"},"content":{"rendered":"<h3 style=\"text-align: left;\" align=\"center\">In der Affenschule von Surathani<\/h3>\n<p><a href=\"http:\/\/ludwig-witzani.de\/wp-content\/uploads\/2013\/12\/2-381.jpg\"><img loading=\"lazy\" decoding=\"async\" class=\"aligncenter size-full wp-image-995\" src=\"http:\/\/ludwig-witzani.de\/wp-content\/uploads\/2013\/12\/2-381.jpg\" alt=\"2 (38)\" width=\"800\" height=\"530\" \/><\/a><\/p>\n<p>Es war in meiner Studienzeit, als ich, auf einer gr\u00fcnen Wiese liegend, in Hannah Arendts Buch von der &#8222;Vita activa&#8220; die triste Kunde las, der Mensch w\u00fcrde im fortschreitenden Proze\u00df der Moderne immer mehr zum ,,animal laborans&#8220;, zum Arbeitstier, das sich von der Schulzeit bis zum Alter mit schier endlosen Leistungsanforderungen herumzuschlagen h\u00e4tte. Wie sch\u00f6n musste demgegen\u00fcber das Leben der Affen erscheinen, denn wussten diese unsere n\u00e4chsten Vettern nicht alles Relevante, ohne zu lernen, ernteten sie nicht fast wie die V\u00f6gel, ohne zu s\u00e4hen, und vor allem: gelang ihnen nicht fast immer in der Brunstzeit die Paarung, ganz ohne jemals eine Partnerschaftsberatung durchlaufen zu haben? Faulheit und Weisheit vermengt der Affe im indischen M\u00e4rchen zu einer reizvollen Gestalt, wenn er auf den Tempeld\u00e4chern sitzend \u00fcber die Hektik der Menschen lacht.<\/p>\n<p>Aber auch diese paradiesischen Zust\u00e4nde, denen ich unseren n\u00e4chsten Verwandten aus dem Tierreich gerne g\u00f6nnen wollte, gehen zuende &#8211; jedenfalls wenn das Beispiel von Mr. Somphon Saekhow Schule macht, der in S\u00fcdthailand eine Schule f\u00fcr Affen betreibt. Freundlich l\u00e4chelt der 1938 geborene Lehrer der Tiere bei der Begr\u00fc\u00dfung all der neugierigen G\u00e4ste, die es aus der ganzen Welt in sein merkw\u00fcrdiges Klassenzimmer zieht, und gerne f\u00fchrt er die Besucherscharen durch das sch\u00f6ne palmenges\u00e4umte Schulungsgel\u00e4nde. Unverwandt f\u00fchlt man sich an Humboldtsche Bildungsideale erinnert, und fragt sich, warum nicht an diesem idyllischen Ort, nach einer leicht zu ver\u00e4ndernden Maxime des gro\u00dfen preu\u00dfischen Schulreformers die ,,gedeihlichste und proportionierlichste Ausbildung aller Anlagen des Affengeschlechtes&#8220; angestrebt werden k\u00f6nnte. Doch Mr. Saekhow h\u00e4lt es eher mit Makarenko statt mit Humboldt, ihm geht es nicht um Affenbildung sondern um Berusausbildung und krisensichere Arbeitspl\u00e4tze. Dazu muss man wissen, dass es in Thailand nicht nur allj\u00e4hrlich Millionen Touristen sondern in ebensolcher Regelm\u00e4\u00dfigkeit Millionen Kokosnusspalmen abzuernten gilt, und was liegt n\u00e4her, als die intelligenten Schweinsmakaken, die sonst nur unn\u00fctz durch die Busche turnen, an der Erschlie\u00dfung dieser Reicht\u00fcmer zu beteiligen? Zwar besteht noch keine Schulpflicht, doch nach Auskunft von Mr. Saekhow bringen immer mehr Affenbesitzer ihre begabtesten Tiere, die allerdings bei der Einschulung nicht \u00e4lter als drei Jahre sein sollen, zur Ausbildung ins Affencamp. K\u00f6nnen unsere Grundschulkinder von der t\u00e4glichen Unterrichtszeit von einer Stunde nur tr\u00e4umen, so mutet das Curriculum in der Affenschule doch reichlich \u00f6de an: es dreht sich alles um die Kokosnuss. Sie ist Medium, Unterichtsgegenstand und Lernziel zugleich. Nur \u00fcber die Kokosnuss sind f\u00fcr die kleinen Schweins\u00e4ffchen Belohnungen jeder Art zu erreichen, und ohne jemals etwas von Thorndikes Effektgesetz gelesen zu haben, praktiziert Mr. Saekhow dieses Grundgesetz allen Verhaltens mit jener beneidenswerten Konsequenz, die wohl nur au\u00dferhalb der menschlichen Gattung m\u00f6glich ist.<\/p>\n<p><em>Hat Ihnen dieser Anfang gefallen? Interessiert Sie der Ort, die Landschaft, die Geschichte? Weiter geht es in dem Buch \u201e<a href=\"http:\/\/ludwig-witzani.de\/buecher\/der-garten-der-welt-reisen-in-thailand-burma-laos-kambodscha-und-vietnam\/\">Der Garten der Welt<\/a>. Reisen in Thailand, Burma, Laos, Kambodscha und Vietnam\u201c, S. 72ff.\u00a0<\/em><\/p>\n<p><img loading=\"lazy\" decoding=\"async\" class=\"aligncenter size-full wp-image-5264\" src=\"http:\/\/ludwig-witzani.de\/wp-content\/uploads\/2013\/12\/2-43.jpg\" alt=\"2 (43)\" width=\"516\" height=\"565\" \/><\/p>\n<p>&nbsp;<\/p>\n","protected":false},"excerpt":{"rendered":"<p>In der Affenschule von Surathani Es war in meiner Studienzeit, als ich, auf einer gr\u00fcnen Wiese liegend, in Hannah Arendts Buch von der &#8222;Vita activa&#8220; die triste Kunde las, der Mensch w\u00fcrde im fortschreitenden Proze\u00df der Moderne immer mehr zum ,,animal laborans&#8220;, zum Arbeitstier, das sich von der Schulzeit bis zum Alter mit schier endlosen &hellip; <a href=\"https:\/\/ludwig-witzani.de\/zu-den-grossen-traeumen\/backpackers-welt\/alles-dreht-sich-um-die-kokosnuss\/\" class=\"more-link\"><span class=\"screen-reader-text\">Alles dreht sich um die Kokosnuss<\/span> weiterlesen <span class=\"meta-nav\">&rarr;<\/span><\/a><\/p>\n","protected":false},"author":2,"featured_media":0,"parent":160,"menu_order":30,"comment_status":"open","ping_status":"open","template":"","meta":{"ngg_post_thumbnail":0,"jetpack_post_was_ever_published":false,"footnotes":""},"class_list":["post-992","page","type-page","status-publish","hentry"],"yoast_head":"<!-- This site is optimized with the Yoast SEO plugin v27.5 - https:\/\/yoast.com\/product\/yoast-seo-wordpress\/ -->\n<title>Alles dreht sich um die Kokosnuss - Ludwig Witzani<\/title>\n<meta name=\"robots\" content=\"index, follow, max-snippet:-1, max-image-preview:large, max-video-preview:-1\" \/>\n<link rel=\"canonical\" href=\"https:\/\/ludwig-witzani.de\/zu-den-grossen-traeumen\/backpackers-welt\/alles-dreht-sich-um-die-kokosnuss\/\" \/>\n<meta property=\"og:locale\" content=\"de_DE\" \/>\n<meta property=\"og:type\" content=\"article\" \/>\n<meta property=\"og:title\" content=\"Alles dreht sich um die Kokosnuss - Ludwig Witzani\" \/>\n<meta property=\"og:description\" content=\"In der Affenschule von Surathani Es war in meiner Studienzeit, als ich, auf einer gr\u00fcnen Wiese liegend, in Hannah Arendts Buch von der &#8222;Vita activa&#8220; die triste Kunde las, der Mensch w\u00fcrde im fortschreitenden Proze\u00df der Moderne immer mehr zum ,,animal laborans&#8220;, zum Arbeitstier, das sich von der Schulzeit bis zum Alter mit schier endlosen &hellip; Alles dreht sich um die Kokosnuss weiterlesen &rarr;\" \/>\n<meta property=\"og:url\" content=\"https:\/\/ludwig-witzani.de\/zu-den-grossen-traeumen\/backpackers-welt\/alles-dreht-sich-um-die-kokosnuss\/\" \/>\n<meta property=\"og:site_name\" content=\"Ludwig Witzani\" \/>\n<meta property=\"article:modified_time\" content=\"2025-06-03T10:32:55+00:00\" \/>\n<meta property=\"og:image\" content=\"https:\/\/ludwig-witzani.de\/wp-content\/uploads\/2013\/12\/2-381.jpg\" \/>\n\t<meta property=\"og:image:width\" content=\"800\" \/>\n\t<meta property=\"og:image:height\" content=\"530\" \/>\n\t<meta property=\"og:image:type\" content=\"image\/jpeg\" \/>\n<meta name=\"twitter:card\" content=\"summary_large_image\" \/>\n<meta name=\"twitter:label1\" content=\"Gesch\u00e4tzte Lesezeit\" \/>\n\t<meta name=\"twitter:data1\" content=\"3\u00a0Minuten\" \/>\n<script type=\"application\/ld+json\" class=\"yoast-schema-graph\">{\"@context\":\"https:\\\/\\\/schema.org\",\"@graph\":[{\"@type\":\"WebPage\",\"@id\":\"https:\\\/\\\/ludwig-witzani.de\\\/zu-den-grossen-traeumen\\\/backpackers-welt\\\/alles-dreht-sich-um-die-kokosnuss\\\/\",\"url\":\"https:\\\/\\\/ludwig-witzani.de\\\/zu-den-grossen-traeumen\\\/backpackers-welt\\\/alles-dreht-sich-um-die-kokosnuss\\\/\",\"name\":\"Alles dreht sich um die Kokosnuss - Ludwig Witzani\",\"isPartOf\":{\"@id\":\"https:\\\/\\\/ludwig-witzani.de\\\/zu-den-grossen-traeumen\\\/#website\"},\"primaryImageOfPage\":{\"@id\":\"https:\\\/\\\/ludwig-witzani.de\\\/zu-den-grossen-traeumen\\\/backpackers-welt\\\/alles-dreht-sich-um-die-kokosnuss\\\/#primaryimage\"},\"image\":{\"@id\":\"https:\\\/\\\/ludwig-witzani.de\\\/zu-den-grossen-traeumen\\\/backpackers-welt\\\/alles-dreht-sich-um-die-kokosnuss\\\/#primaryimage\"},\"thumbnailUrl\":\"http:\\\/\\\/ludwig-witzani.de\\\/wp-content\\\/uploads\\\/2013\\\/12\\\/2-381.jpg\",\"datePublished\":\"2013-12-21T14:06:08+00:00\",\"dateModified\":\"2025-06-03T10:32:55+00:00\",\"breadcrumb\":{\"@id\":\"https:\\\/\\\/ludwig-witzani.de\\\/zu-den-grossen-traeumen\\\/backpackers-welt\\\/alles-dreht-sich-um-die-kokosnuss\\\/#breadcrumb\"},\"inLanguage\":\"de\",\"potentialAction\":[{\"@type\":\"ReadAction\",\"target\":[\"https:\\\/\\\/ludwig-witzani.de\\\/zu-den-grossen-traeumen\\\/backpackers-welt\\\/alles-dreht-sich-um-die-kokosnuss\\\/\"]}]},{\"@type\":\"ImageObject\",\"inLanguage\":\"de\",\"@id\":\"https:\\\/\\\/ludwig-witzani.de\\\/zu-den-grossen-traeumen\\\/backpackers-welt\\\/alles-dreht-sich-um-die-kokosnuss\\\/#primaryimage\",\"url\":\"http:\\\/\\\/ludwig-witzani.de\\\/wp-content\\\/uploads\\\/2013\\\/12\\\/2-381.jpg\",\"contentUrl\":\"http:\\\/\\\/ludwig-witzani.de\\\/wp-content\\\/uploads\\\/2013\\\/12\\\/2-381.jpg\"},{\"@type\":\"BreadcrumbList\",\"@id\":\"https:\\\/\\\/ludwig-witzani.de\\\/zu-den-grossen-traeumen\\\/backpackers-welt\\\/alles-dreht-sich-um-die-kokosnuss\\\/#breadcrumb\",\"itemListElement\":[{\"@type\":\"ListItem\",\"position\":1,\"name\":\"Startseite\",\"item\":\"https:\\\/\\\/ludwig-witzani.de\\\/zu-den-grossen-traeumen\\\/\"},{\"@type\":\"ListItem\",\"position\":2,\"name\":\"Einladung zur Weltreise\",\"item\":\"https:\\\/\\\/ludwig-witzani.de\\\/zu-den-grossen-traeumen\\\/backpackers-welt\\\/\"},{\"@type\":\"ListItem\",\"position\":3,\"name\":\"Alles dreht sich um die Kokosnuss\"}]},{\"@type\":\"WebSite\",\"@id\":\"https:\\\/\\\/ludwig-witzani.de\\\/zu-den-grossen-traeumen\\\/#website\",\"url\":\"https:\\\/\\\/ludwig-witzani.de\\\/zu-den-grossen-traeumen\\\/\",\"name\":\"Ludwig Witzani\",\"description\":\"World Wide Travel\",\"potentialAction\":[{\"@type\":\"SearchAction\",\"target\":{\"@type\":\"EntryPoint\",\"urlTemplate\":\"https:\\\/\\\/ludwig-witzani.de\\\/zu-den-grossen-traeumen\\\/?s={search_term_string}\"},\"query-input\":{\"@type\":\"PropertyValueSpecification\",\"valueRequired\":true,\"valueName\":\"search_term_string\"}}],\"inLanguage\":\"de\"}]}<\/script>\n<!-- \/ Yoast SEO plugin. -->","yoast_head_json":{"title":"Alles dreht sich um die Kokosnuss - Ludwig Witzani","robots":{"index":"index","follow":"follow","max-snippet":"max-snippet:-1","max-image-preview":"max-image-preview:large","max-video-preview":"max-video-preview:-1"},"canonical":"https:\/\/ludwig-witzani.de\/zu-den-grossen-traeumen\/backpackers-welt\/alles-dreht-sich-um-die-kokosnuss\/","og_locale":"de_DE","og_type":"article","og_title":"Alles dreht sich um die Kokosnuss - Ludwig Witzani","og_description":"In der Affenschule von Surathani Es war in meiner Studienzeit, als ich, auf einer gr\u00fcnen Wiese liegend, in Hannah Arendts Buch von der &#8222;Vita activa&#8220; die triste Kunde las, der Mensch w\u00fcrde im fortschreitenden Proze\u00df der Moderne immer mehr zum ,,animal laborans&#8220;, zum Arbeitstier, das sich von der Schulzeit bis zum Alter mit schier endlosen &hellip; Alles dreht sich um die Kokosnuss weiterlesen &rarr;","og_url":"https:\/\/ludwig-witzani.de\/zu-den-grossen-traeumen\/backpackers-welt\/alles-dreht-sich-um-die-kokosnuss\/","og_site_name":"Ludwig Witzani","article_modified_time":"2025-06-03T10:32:55+00:00","og_image":[{"width":800,"height":530,"url":"https:\/\/ludwig-witzani.de\/wp-content\/uploads\/2013\/12\/2-381.jpg","type":"image\/jpeg"}],"twitter_card":"summary_large_image","twitter_misc":{"Gesch\u00e4tzte Lesezeit":"3\u00a0Minuten"},"schema":{"@context":"https:\/\/schema.org","@graph":[{"@type":"WebPage","@id":"https:\/\/ludwig-witzani.de\/zu-den-grossen-traeumen\/backpackers-welt\/alles-dreht-sich-um-die-kokosnuss\/","url":"https:\/\/ludwig-witzani.de\/zu-den-grossen-traeumen\/backpackers-welt\/alles-dreht-sich-um-die-kokosnuss\/","name":"Alles dreht sich um die Kokosnuss - Ludwig Witzani","isPartOf":{"@id":"https:\/\/ludwig-witzani.de\/zu-den-grossen-traeumen\/#website"},"primaryImageOfPage":{"@id":"https:\/\/ludwig-witzani.de\/zu-den-grossen-traeumen\/backpackers-welt\/alles-dreht-sich-um-die-kokosnuss\/#primaryimage"},"image":{"@id":"https:\/\/ludwig-witzani.de\/zu-den-grossen-traeumen\/backpackers-welt\/alles-dreht-sich-um-die-kokosnuss\/#primaryimage"},"thumbnailUrl":"http:\/\/ludwig-witzani.de\/wp-content\/uploads\/2013\/12\/2-381.jpg","datePublished":"2013-12-21T14:06:08+00:00","dateModified":"2025-06-03T10:32:55+00:00","breadcrumb":{"@id":"https:\/\/ludwig-witzani.de\/zu-den-grossen-traeumen\/backpackers-welt\/alles-dreht-sich-um-die-kokosnuss\/#breadcrumb"},"inLanguage":"de","potentialAction":[{"@type":"ReadAction","target":["https:\/\/ludwig-witzani.de\/zu-den-grossen-traeumen\/backpackers-welt\/alles-dreht-sich-um-die-kokosnuss\/"]}]},{"@type":"ImageObject","inLanguage":"de","@id":"https:\/\/ludwig-witzani.de\/zu-den-grossen-traeumen\/backpackers-welt\/alles-dreht-sich-um-die-kokosnuss\/#primaryimage","url":"http:\/\/ludwig-witzani.de\/wp-content\/uploads\/2013\/12\/2-381.jpg","contentUrl":"http:\/\/ludwig-witzani.de\/wp-content\/uploads\/2013\/12\/2-381.jpg"},{"@type":"BreadcrumbList","@id":"https:\/\/ludwig-witzani.de\/zu-den-grossen-traeumen\/backpackers-welt\/alles-dreht-sich-um-die-kokosnuss\/#breadcrumb","itemListElement":[{"@type":"ListItem","position":1,"name":"Startseite","item":"https:\/\/ludwig-witzani.de\/zu-den-grossen-traeumen\/"},{"@type":"ListItem","position":2,"name":"Einladung zur Weltreise","item":"https:\/\/ludwig-witzani.de\/zu-den-grossen-traeumen\/backpackers-welt\/"},{"@type":"ListItem","position":3,"name":"Alles dreht sich um die Kokosnuss"}]},{"@type":"WebSite","@id":"https:\/\/ludwig-witzani.de\/zu-den-grossen-traeumen\/#website","url":"https:\/\/ludwig-witzani.de\/zu-den-grossen-traeumen\/","name":"Ludwig Witzani","description":"World Wide Travel","potentialAction":[{"@type":"SearchAction","target":{"@type":"EntryPoint","urlTemplate":"https:\/\/ludwig-witzani.de\/zu-den-grossen-traeumen\/?s={search_term_string}"},"query-input":{"@type":"PropertyValueSpecification","valueRequired":true,"valueName":"search_term_string"}}],"inLanguage":"de"}]}},"jetpack_shortlink":"https:\/\/wp.me\/P4daYo-g0","jetpack_sharing_enabled":true,"_links":{"self":[{"href":"https:\/\/ludwig-witzani.de\/zu-den-grossen-traeumen\/wp-json\/wp\/v2\/pages\/992","targetHints":{"allow":["GET"]}}],"collection":[{"href":"https:\/\/ludwig-witzani.de\/zu-den-grossen-traeumen\/wp-json\/wp\/v2\/pages"}],"about":[{"href":"https:\/\/ludwig-witzani.de\/zu-den-grossen-traeumen\/wp-json\/wp\/v2\/types\/page"}],"author":[{"embeddable":true,"href":"https:\/\/ludwig-witzani.de\/zu-den-grossen-traeumen\/wp-json\/wp\/v2\/users\/2"}],"replies":[{"embeddable":true,"href":"https:\/\/ludwig-witzani.de\/zu-den-grossen-traeumen\/wp-json\/wp\/v2\/comments?post=992"}],"version-history":[{"count":5,"href":"https:\/\/ludwig-witzani.de\/zu-den-grossen-traeumen\/wp-json\/wp\/v2\/pages\/992\/revisions"}],"predecessor-version":[{"id":5265,"href":"https:\/\/ludwig-witzani.de\/zu-den-grossen-traeumen\/wp-json\/wp\/v2\/pages\/992\/revisions\/5265"}],"up":[{"embeddable":true,"href":"https:\/\/ludwig-witzani.de\/zu-den-grossen-traeumen\/wp-json\/wp\/v2\/pages\/160"}],"wp:attachment":[{"href":"https:\/\/ludwig-witzani.de\/zu-den-grossen-traeumen\/wp-json\/wp\/v2\/media?parent=992"}],"curies":[{"name":"wp","href":"https:\/\/api.w.org\/{rel}","templated":true}]}}