{"id":9329,"date":"2024-03-30T07:13:34","date_gmt":"2024-03-30T07:13:34","guid":{"rendered":"https:\/\/ludwig-witzani.de\/?page_id=9329"},"modified":"2025-06-03T10:32:50","modified_gmt":"2025-06-03T10:32:50","slug":"von-manaus-nach-montevideo-reisen-durch-brasilien-paraguay-und-urugunay","status":"publish","type":"page","link":"https:\/\/ludwig-witzani.de\/zu-den-grossen-traeumen\/von-manaus-nach-montevideo-reisen-durch-brasilien-paraguay-und-urugunay\/","title":{"rendered":"Von Manaus nach Montevideo. Reisen durch Brasilien, Paraguay und Uruguay"},"content":{"rendered":"<p><img loading=\"lazy\" decoding=\"async\" class=\"aligncenter wp-image-9326\" src=\"https:\/\/ludwig-witzani.de\/wp-content\/uploads\/2024\/03\/rio-2352566_1920-2-553x800.jpg\" alt=\"\" width=\"369\" height=\"534\" srcset=\"https:\/\/ludwig-witzani.de\/wp-content\/uploads\/2024\/03\/rio-2352566_1920-2-553x800.jpg 553w, https:\/\/ludwig-witzani.de\/wp-content\/uploads\/2024\/03\/rio-2352566_1920-2-829x1200.jpg 829w, https:\/\/ludwig-witzani.de\/wp-content\/uploads\/2024\/03\/rio-2352566_1920-2-768x1111.jpg 768w, https:\/\/ludwig-witzani.de\/wp-content\/uploads\/2024\/03\/rio-2352566_1920-2.jpg 937w\" sizes=\"auto, (max-width: 369px) 100vw, 369px\" \/><\/p>\n<p>&nbsp; Brasilien ist mit einer Fl\u00e4che von \u00fcber 8,5 Millionen km\u00b2 und einer Bev\u00f6lkerung von mittlerweile 215 Millionen Menschen einer der bedeutendsten Staaten der Erde. &nbsp;Sein Wirtschaftszentrum S\u00e3o Paulo geh\u00f6rt zu den gr\u00f6\u00dften St\u00e4dten der Welt, der Amazonas, der den Norden Brasiliens durchflie\u00dft, &nbsp;ist der l\u00e4ngste und wasserreichste Strom der Erde, und der Regenwald, der nach ihm benannt ist, ist die gr\u00fcne Lunge des Planeten. Im Ranking der beeindruckendsten St\u00e4dte weltweit belegt Rio de Janeiro regelm\u00e4\u00dfig einen Spitzenplatz, und seine Str\u00e4nde an der Kakaok\u00fcste sind unschlagbar. Diese Liste der Enormit\u00e4ten lie\u00dfe sich noch weiter fort fortzuf\u00fchren, aber das bisher gesagte reicht v\u00f6llig aus, um festzustellen: Brasilien ist eine Reise wert. In einer etwas modifizierten Weise trifft dies auch f\u00fcr&nbsp; die beiden kleinen Nachbarstaaten Paraguay und Uruguay zu, Auch sie repr\u00e4sentieren Varianten Europas in der Neuen Welt,&nbsp; mit eigenen Traditionen, Errungenschaften und Gef\u00e4hrdungen. &nbsp;<\/p>\n<p><img loading=\"lazy\" decoding=\"async\" class=\"wp-image-9354 alignright\" src=\"https:\/\/ludwig-witzani.de\/wp-content\/uploads\/2024\/03\/05-Olinda-900x591.jpg\" alt=\"\" width=\"332\" height=\"218\" srcset=\"https:\/\/ludwig-witzani.de\/wp-content\/uploads\/2024\/03\/05-Olinda-900x591.jpg 900w, https:\/\/ludwig-witzani.de\/wp-content\/uploads\/2024\/03\/05-Olinda-1827x1200.jpg 1827w, https:\/\/ludwig-witzani.de\/wp-content\/uploads\/2024\/03\/05-Olinda-768x504.jpg 768w, https:\/\/ludwig-witzani.de\/wp-content\/uploads\/2024\/03\/05-Olinda-1536x1009.jpg 1536w, https:\/\/ludwig-witzani.de\/wp-content\/uploads\/2024\/03\/05-Olinda-2048x1345.jpg 2048w\" sizes=\"auto, (max-width: 332px) 100vw, 332px\" \/>&nbsp;&nbsp;Ludwig Witzani hat auf vier ausgedehnten Reisen Brasilien, Paraguay und Uruguay bereist. Er ist mit \u00f6ffentlichen Bussen von Rio nach Salvador de Bahia und Recife gereist,&nbsp; war im Dschungel Amazoniens und auf der n\u00e4chtlichen Copacabana unterwegs&nbsp; und hat sich im Pantanal, dem gr\u00f6\u00dften Sumpf der Erde, vor Krokodilen und Moskitos in Acht genommen. In den Jesuitenreduktionen im paraguayisch-argentinischen Grenzgebiet sp\u00fcrte er einem faszinierenden Seitenpfad der Weltgeschichte nach, und in Montevideo verzehrte er die besten Rindersteaks der Welt. In seinem sehr pers\u00f6nlich gehaltenen Reisebericht kommen&nbsp; Situatives und Geschichtliches, Heiteres und Tragisches als eine Form des Fernwehs zur Sprache, die manch einen veranlassen mag,&nbsp; nach der Lekt\u00fcre des vorliegenden Buches den Koffer zu packen, um sich auf die Socken zu machen.&nbsp;<\/p>\n<h5><strong>&nbsp;<a href=\"https:\/\/ludwig-witzani.de\/wp-content\/uploads\/2024\/03\/Inhaltsverzeichnis-Von-Manaus-nach-Brasilien.pdf\">Inhaltsverzeichnis: Von Manaus nach Brasilien<\/a><\/strong><\/h5>\n<p><strong><a href=\"https:\/\/ludwig-witzani.de\/wp-content\/uploads\/2024\/05\/01-Rio-die-Zweite.pdf\">01 Rio, die Zweite (nicht jugendfrei)<\/a><\/strong><\/p>\n<p><strong><a href=\"https:\/\/ludwig-witzani.de\/wp-content\/uploads\/2024\/03\/02-Amazonien.pdf\">02 Zwei Weicheier in Amazonien &#8211; oder: Warum man mit Amazonaswasser keinen Kaffee kochen soll&nbsp;<\/a><\/strong><\/p>\n<p><strong><a href=\"https:\/\/ludwig-witzani.de\/wp-content\/uploads\/2024\/03\/03-Jesuitenreduktionen.pdf\">03 Auf den Spuren einer besseren Welt &#8211; Die Jesuitenreduktionen in Nordargentinien und Paraguay<\/a><\/strong><\/p>\n<p>&nbsp;<\/p>\n<p>&nbsp;<\/p>\n<p>&nbsp;<\/p>\n<p>&nbsp;<\/p>\n<p>&nbsp;<\/p>\n","protected":false},"excerpt":{"rendered":"<p>&nbsp; Brasilien ist mit einer Fl\u00e4che von \u00fcber 8,5 Millionen km\u00b2 und einer Bev\u00f6lkerung von mittlerweile 215 Millionen Menschen einer der bedeutendsten Staaten der Erde. &nbsp;Sein Wirtschaftszentrum S\u00e3o Paulo geh\u00f6rt zu den gr\u00f6\u00dften St\u00e4dten der Welt, der Amazonas, der den Norden Brasiliens durchflie\u00dft, &nbsp;ist der l\u00e4ngste und wasserreichste Strom der Erde, und der Regenwald, der &hellip; <a href=\"https:\/\/ludwig-witzani.de\/zu-den-grossen-traeumen\/von-manaus-nach-montevideo-reisen-durch-brasilien-paraguay-und-urugunay\/\" class=\"more-link\"><span class=\"screen-reader-text\">Von Manaus nach Montevideo. Reisen durch Brasilien, Paraguay und Uruguay<\/span> weiterlesen <span class=\"meta-nav\">&rarr;<\/span><\/a><\/p>\n","protected":false},"author":2,"featured_media":0,"parent":0,"menu_order":0,"comment_status":"open","ping_status":"closed","template":"","meta":{"ngg_post_thumbnail":0,"jetpack_post_was_ever_published":false,"footnotes":""},"class_list":["post-9329","page","type-page","status-publish","hentry"],"yoast_head":"<!-- This site is optimized with the Yoast SEO plugin v27.4 - https:\/\/yoast.com\/product\/yoast-seo-wordpress\/ -->\n<title>Von Manaus nach Montevideo. Reisen durch Brasilien, Paraguay und Uruguay - Ludwig Witzani<\/title>\n<meta name=\"robots\" content=\"index, follow, max-snippet:-1, max-image-preview:large, max-video-preview:-1\" \/>\n<link rel=\"canonical\" href=\"https:\/\/ludwig-witzani.de\/zu-den-grossen-traeumen\/von-manaus-nach-montevideo-reisen-durch-brasilien-paraguay-und-urugunay\/\" \/>\n<meta property=\"og:locale\" content=\"de_DE\" \/>\n<meta property=\"og:type\" content=\"article\" \/>\n<meta property=\"og:title\" content=\"Von Manaus nach Montevideo. Reisen durch Brasilien, Paraguay und Uruguay - Ludwig Witzani\" \/>\n<meta property=\"og:description\" content=\"&nbsp; Brasilien ist mit einer Fl\u00e4che von \u00fcber 8,5 Millionen km\u00b2 und einer Bev\u00f6lkerung von mittlerweile 215 Millionen Menschen einer der bedeutendsten Staaten der Erde. &nbsp;Sein Wirtschaftszentrum S\u00e3o Paulo geh\u00f6rt zu den gr\u00f6\u00dften St\u00e4dten der Welt, der Amazonas, der den Norden Brasiliens durchflie\u00dft, &nbsp;ist der l\u00e4ngste und wasserreichste Strom der Erde, und der Regenwald, der &hellip; Von Manaus nach Montevideo. Reisen durch Brasilien, Paraguay und Uruguay weiterlesen &rarr;\" \/>\n<meta property=\"og:url\" content=\"https:\/\/ludwig-witzani.de\/zu-den-grossen-traeumen\/von-manaus-nach-montevideo-reisen-durch-brasilien-paraguay-und-urugunay\/\" \/>\n<meta property=\"og:site_name\" content=\"Ludwig Witzani\" \/>\n<meta property=\"article:modified_time\" content=\"2025-06-03T10:32:50+00:00\" \/>\n<meta property=\"og:image\" content=\"https:\/\/ludwig-witzani.de\/wp-content\/uploads\/2024\/03\/rio-2352566_1920-2.jpg\" \/>\n\t<meta property=\"og:image:width\" content=\"937\" \/>\n\t<meta property=\"og:image:height\" content=\"1356\" \/>\n\t<meta property=\"og:image:type\" content=\"image\/jpeg\" \/>\n<meta name=\"twitter:card\" content=\"summary_large_image\" \/>\n<meta name=\"twitter:label1\" content=\"Gesch\u00e4tzte Lesezeit\" \/>\n\t<meta name=\"twitter:data1\" content=\"3\u00a0Minuten\" \/>\n<script type=\"application\/ld+json\" class=\"yoast-schema-graph\">{\"@context\":\"https:\\\/\\\/schema.org\",\"@graph\":[{\"@type\":\"WebPage\",\"@id\":\"https:\\\/\\\/ludwig-witzani.de\\\/zu-den-grossen-traeumen\\\/von-manaus-nach-montevideo-reisen-durch-brasilien-paraguay-und-urugunay\\\/\",\"url\":\"https:\\\/\\\/ludwig-witzani.de\\\/zu-den-grossen-traeumen\\\/von-manaus-nach-montevideo-reisen-durch-brasilien-paraguay-und-urugunay\\\/\",\"name\":\"Von Manaus nach Montevideo. Reisen durch Brasilien, Paraguay und Uruguay - Ludwig Witzani\",\"isPartOf\":{\"@id\":\"https:\\\/\\\/ludwig-witzani.de\\\/zu-den-grossen-traeumen\\\/#website\"},\"primaryImageOfPage\":{\"@id\":\"https:\\\/\\\/ludwig-witzani.de\\\/zu-den-grossen-traeumen\\\/von-manaus-nach-montevideo-reisen-durch-brasilien-paraguay-und-urugunay\\\/#primaryimage\"},\"image\":{\"@id\":\"https:\\\/\\\/ludwig-witzani.de\\\/zu-den-grossen-traeumen\\\/von-manaus-nach-montevideo-reisen-durch-brasilien-paraguay-und-urugunay\\\/#primaryimage\"},\"thumbnailUrl\":\"https:\\\/\\\/ludwig-witzani.de\\\/wp-content\\\/uploads\\\/2024\\\/03\\\/rio-2352566_1920-2-553x800.jpg\",\"datePublished\":\"2024-03-30T07:13:34+00:00\",\"dateModified\":\"2025-06-03T10:32:50+00:00\",\"breadcrumb\":{\"@id\":\"https:\\\/\\\/ludwig-witzani.de\\\/zu-den-grossen-traeumen\\\/von-manaus-nach-montevideo-reisen-durch-brasilien-paraguay-und-urugunay\\\/#breadcrumb\"},\"inLanguage\":\"de\",\"potentialAction\":[{\"@type\":\"ReadAction\",\"target\":[\"https:\\\/\\\/ludwig-witzani.de\\\/zu-den-grossen-traeumen\\\/von-manaus-nach-montevideo-reisen-durch-brasilien-paraguay-und-urugunay\\\/\"]}]},{\"@type\":\"ImageObject\",\"inLanguage\":\"de\",\"@id\":\"https:\\\/\\\/ludwig-witzani.de\\\/zu-den-grossen-traeumen\\\/von-manaus-nach-montevideo-reisen-durch-brasilien-paraguay-und-urugunay\\\/#primaryimage\",\"url\":\"https:\\\/\\\/ludwig-witzani.de\\\/wp-content\\\/uploads\\\/2024\\\/03\\\/rio-2352566_1920-2-553x800.jpg\",\"contentUrl\":\"https:\\\/\\\/ludwig-witzani.de\\\/wp-content\\\/uploads\\\/2024\\\/03\\\/rio-2352566_1920-2-553x800.jpg\"},{\"@type\":\"BreadcrumbList\",\"@id\":\"https:\\\/\\\/ludwig-witzani.de\\\/zu-den-grossen-traeumen\\\/von-manaus-nach-montevideo-reisen-durch-brasilien-paraguay-und-urugunay\\\/#breadcrumb\",\"itemListElement\":[{\"@type\":\"ListItem\",\"position\":1,\"name\":\"Startseite\",\"item\":\"https:\\\/\\\/ludwig-witzani.de\\\/zu-den-grossen-traeumen\\\/\"},{\"@type\":\"ListItem\",\"position\":2,\"name\":\"Von Manaus nach Montevideo. Reisen durch Brasilien, Paraguay und Uruguay\"}]},{\"@type\":\"WebSite\",\"@id\":\"https:\\\/\\\/ludwig-witzani.de\\\/zu-den-grossen-traeumen\\\/#website\",\"url\":\"https:\\\/\\\/ludwig-witzani.de\\\/zu-den-grossen-traeumen\\\/\",\"name\":\"Ludwig Witzani\",\"description\":\"World Wide Travel\",\"potentialAction\":[{\"@type\":\"SearchAction\",\"target\":{\"@type\":\"EntryPoint\",\"urlTemplate\":\"https:\\\/\\\/ludwig-witzani.de\\\/zu-den-grossen-traeumen\\\/?s={search_term_string}\"},\"query-input\":{\"@type\":\"PropertyValueSpecification\",\"valueRequired\":true,\"valueName\":\"search_term_string\"}}],\"inLanguage\":\"de\"}]}<\/script>\n<!-- \/ Yoast SEO plugin. -->","yoast_head_json":{"title":"Von Manaus nach Montevideo. Reisen durch Brasilien, Paraguay und Uruguay - Ludwig Witzani","robots":{"index":"index","follow":"follow","max-snippet":"max-snippet:-1","max-image-preview":"max-image-preview:large","max-video-preview":"max-video-preview:-1"},"canonical":"https:\/\/ludwig-witzani.de\/zu-den-grossen-traeumen\/von-manaus-nach-montevideo-reisen-durch-brasilien-paraguay-und-urugunay\/","og_locale":"de_DE","og_type":"article","og_title":"Von Manaus nach Montevideo. Reisen durch Brasilien, Paraguay und Uruguay - Ludwig Witzani","og_description":"&nbsp; Brasilien ist mit einer Fl\u00e4che von \u00fcber 8,5 Millionen km\u00b2 und einer Bev\u00f6lkerung von mittlerweile 215 Millionen Menschen einer der bedeutendsten Staaten der Erde. &nbsp;Sein Wirtschaftszentrum S\u00e3o Paulo geh\u00f6rt zu den gr\u00f6\u00dften St\u00e4dten der Welt, der Amazonas, der den Norden Brasiliens durchflie\u00dft, &nbsp;ist der l\u00e4ngste und wasserreichste Strom der Erde, und der Regenwald, der &hellip; Von Manaus nach Montevideo. Reisen durch Brasilien, Paraguay und Uruguay weiterlesen &rarr;","og_url":"https:\/\/ludwig-witzani.de\/zu-den-grossen-traeumen\/von-manaus-nach-montevideo-reisen-durch-brasilien-paraguay-und-urugunay\/","og_site_name":"Ludwig Witzani","article_modified_time":"2025-06-03T10:32:50+00:00","og_image":[{"width":937,"height":1356,"url":"https:\/\/ludwig-witzani.de\/wp-content\/uploads\/2024\/03\/rio-2352566_1920-2.jpg","type":"image\/jpeg"}],"twitter_card":"summary_large_image","twitter_misc":{"Gesch\u00e4tzte Lesezeit":"3\u00a0Minuten"},"schema":{"@context":"https:\/\/schema.org","@graph":[{"@type":"WebPage","@id":"https:\/\/ludwig-witzani.de\/zu-den-grossen-traeumen\/von-manaus-nach-montevideo-reisen-durch-brasilien-paraguay-und-urugunay\/","url":"https:\/\/ludwig-witzani.de\/zu-den-grossen-traeumen\/von-manaus-nach-montevideo-reisen-durch-brasilien-paraguay-und-urugunay\/","name":"Von Manaus nach Montevideo. Reisen durch Brasilien, Paraguay und Uruguay - Ludwig Witzani","isPartOf":{"@id":"https:\/\/ludwig-witzani.de\/zu-den-grossen-traeumen\/#website"},"primaryImageOfPage":{"@id":"https:\/\/ludwig-witzani.de\/zu-den-grossen-traeumen\/von-manaus-nach-montevideo-reisen-durch-brasilien-paraguay-und-urugunay\/#primaryimage"},"image":{"@id":"https:\/\/ludwig-witzani.de\/zu-den-grossen-traeumen\/von-manaus-nach-montevideo-reisen-durch-brasilien-paraguay-und-urugunay\/#primaryimage"},"thumbnailUrl":"https:\/\/ludwig-witzani.de\/wp-content\/uploads\/2024\/03\/rio-2352566_1920-2-553x800.jpg","datePublished":"2024-03-30T07:13:34+00:00","dateModified":"2025-06-03T10:32:50+00:00","breadcrumb":{"@id":"https:\/\/ludwig-witzani.de\/zu-den-grossen-traeumen\/von-manaus-nach-montevideo-reisen-durch-brasilien-paraguay-und-urugunay\/#breadcrumb"},"inLanguage":"de","potentialAction":[{"@type":"ReadAction","target":["https:\/\/ludwig-witzani.de\/zu-den-grossen-traeumen\/von-manaus-nach-montevideo-reisen-durch-brasilien-paraguay-und-urugunay\/"]}]},{"@type":"ImageObject","inLanguage":"de","@id":"https:\/\/ludwig-witzani.de\/zu-den-grossen-traeumen\/von-manaus-nach-montevideo-reisen-durch-brasilien-paraguay-und-urugunay\/#primaryimage","url":"https:\/\/ludwig-witzani.de\/wp-content\/uploads\/2024\/03\/rio-2352566_1920-2-553x800.jpg","contentUrl":"https:\/\/ludwig-witzani.de\/wp-content\/uploads\/2024\/03\/rio-2352566_1920-2-553x800.jpg"},{"@type":"BreadcrumbList","@id":"https:\/\/ludwig-witzani.de\/zu-den-grossen-traeumen\/von-manaus-nach-montevideo-reisen-durch-brasilien-paraguay-und-urugunay\/#breadcrumb","itemListElement":[{"@type":"ListItem","position":1,"name":"Startseite","item":"https:\/\/ludwig-witzani.de\/zu-den-grossen-traeumen\/"},{"@type":"ListItem","position":2,"name":"Von Manaus nach Montevideo. Reisen durch Brasilien, Paraguay und Uruguay"}]},{"@type":"WebSite","@id":"https:\/\/ludwig-witzani.de\/zu-den-grossen-traeumen\/#website","url":"https:\/\/ludwig-witzani.de\/zu-den-grossen-traeumen\/","name":"Ludwig Witzani","description":"World Wide Travel","potentialAction":[{"@type":"SearchAction","target":{"@type":"EntryPoint","urlTemplate":"https:\/\/ludwig-witzani.de\/zu-den-grossen-traeumen\/?s={search_term_string}"},"query-input":{"@type":"PropertyValueSpecification","valueRequired":true,"valueName":"search_term_string"}}],"inLanguage":"de"}]}},"jetpack_shortlink":"https:\/\/wp.me\/P4daYo-2qt","jetpack_sharing_enabled":true,"_links":{"self":[{"href":"https:\/\/ludwig-witzani.de\/zu-den-grossen-traeumen\/wp-json\/wp\/v2\/pages\/9329","targetHints":{"allow":["GET"]}}],"collection":[{"href":"https:\/\/ludwig-witzani.de\/zu-den-grossen-traeumen\/wp-json\/wp\/v2\/pages"}],"about":[{"href":"https:\/\/ludwig-witzani.de\/zu-den-grossen-traeumen\/wp-json\/wp\/v2\/types\/page"}],"author":[{"embeddable":true,"href":"https:\/\/ludwig-witzani.de\/zu-den-grossen-traeumen\/wp-json\/wp\/v2\/users\/2"}],"replies":[{"embeddable":true,"href":"https:\/\/ludwig-witzani.de\/zu-den-grossen-traeumen\/wp-json\/wp\/v2\/comments?post=9329"}],"version-history":[{"count":15,"href":"https:\/\/ludwig-witzani.de\/zu-den-grossen-traeumen\/wp-json\/wp\/v2\/pages\/9329\/revisions"}],"predecessor-version":[{"id":10306,"href":"https:\/\/ludwig-witzani.de\/zu-den-grossen-traeumen\/wp-json\/wp\/v2\/pages\/9329\/revisions\/10306"}],"wp:attachment":[{"href":"https:\/\/ludwig-witzani.de\/zu-den-grossen-traeumen\/wp-json\/wp\/v2\/media?parent=9329"}],"curies":[{"name":"wp","href":"https:\/\/api.w.org\/{rel}","templated":true}]}}