{"id":9217,"date":"2024-02-10T05:27:54","date_gmt":"2024-02-10T05:27:54","guid":{"rendered":"https:\/\/ludwig-witzani.de\/?page_id=9217"},"modified":"2025-06-03T10:32:50","modified_gmt":"2025-06-03T10:32:50","slug":"ludwig-witzani-der-grosse-traum-amerika","status":"publish","type":"page","link":"https:\/\/ludwig-witzani.de\/zu-den-grossen-traeumen\/ludwig-witzani-der-grosse-traum-amerika\/","title":{"rendered":"Ludwig Witzani: Der gro\u00dfe Traum Amerika"},"content":{"rendered":"<p><img loading=\"lazy\" decoding=\"async\" class=\"aligncenter wp-image-9197\" src=\"https:\/\/ludwig-witzani.de\/wp-content\/uploads\/2024\/02\/Front-Cover-Chris-583x800.jpg\" alt=\"\" width=\"424\" height=\"582\" srcset=\"https:\/\/ludwig-witzani.de\/wp-content\/uploads\/2024\/02\/Front-Cover-Chris-583x800.jpg 583w, https:\/\/ludwig-witzani.de\/wp-content\/uploads\/2024\/02\/Front-Cover-Chris-874x1200.jpg 874w, https:\/\/ludwig-witzani.de\/wp-content\/uploads\/2024\/02\/Front-Cover-Chris-768x1054.jpg 768w, https:\/\/ludwig-witzani.de\/wp-content\/uploads\/2024\/02\/Front-Cover-Chris-1119x1536.jpg 1119w, https:\/\/ludwig-witzani.de\/wp-content\/uploads\/2024\/02\/Front-Cover-Chris-1492x2048.jpg 1492w, https:\/\/ludwig-witzani.de\/wp-content\/uploads\/2024\/02\/Front-Cover-Chris-scaled.jpg 1865w\" sizes=\"auto, (max-width: 424px) 100vw, 424px\" \/><\/p>\n<h5>&nbsp;<strong>&nbsp; Ich war noch keine 12 Jahre alt, als ich bei einem Sch\u00fclerwettbewerb ein Buch&nbsp; gewann.&nbsp; Sein Titel war \u201eDer gro\u00dfe Traum Amerika\u201c, sein Autor war der heute fast vergessene Reiseschriftsteller A. E. Johann. Es war lange Zeit das mit Abstand dickste Buch, das ich damals mein Eigen nannte und das Buch, in dem ich, jedenfalls in meiner Schulzeit, am meisten las. Ein wenig wirkte es auf mich wie Aladins Wunderlampe, denn es enthielt Ingredienzien, die meine Fantasie lebenslang mit dem Reisen verbinden sollten. Zweierlei hatte michdamals in besonderer Weise beeindruckt: die Vielf\u00e4ltigkeit und Weite des Landes, das der Autor beschrieb und die Freiheit, mit der er nach Lust und Laune in ihm herumreiste. Beide Empfindungen sind mir bis heute lebendig geblieben.&nbsp;<\/strong><\/h5>\n<h5><strong>&nbsp; Es dauerte dann allerdings noch einige Zeit, bis ich Amerika endlich mit eigenen Augen sah: zuerst New York, die Ouvert\u00fcre Amerikas, dann Virginia, Floria, Texas, bis meine Reisen nach diversen Umwegen in Kalifornien endeten.&nbsp;&nbsp; Amerika ergriff mich immer wieder aufs Neue, auch wenn mir die Schattenseiten Amerikas nicht entgingen.&nbsp; Schon A. E. Johann hatte auf die Rassenproblematik, die Einkommensungleichverteilung, die Kriminalit\u00e4t und die Umweltverschmutzung hingewiesen. Diese Probleme sind drei Generationen sp\u00e4ter keineswegs gel\u00f6st, wenngleich sie sich heute in anderer Form darbieten, von der tiefgreifenden gesellschaftlichen Spaltung gar nicht zu reden.&nbsp;&nbsp;<\/strong><\/h5>\n<h5><strong>&nbsp; Aber das Land hat in seiner Geschichte bereits schwerere Krisen \u00fcberstanden: die L\u00f6sung vom Mutterland, der B\u00fcrgerkrieg und die Weltwirtschaftskrise brachten Staat und Gesellschaft an den Rand des&nbsp; Zusammenbruchs, und doch war es immer weiter gegangen. \u201eAm Anfang war die ganze Welt Amerika\u201c hatte&nbsp; der englische Aufkl\u00e4rer John Locke im sp\u00e4ten 17. Jahrhundert geschrieben und damit gemeint, <img loading=\"lazy\" decoding=\"async\" class=\"wp-image-9356 alignleft\" src=\"https:\/\/ludwig-witzani.de\/wp-content\/uploads\/2024\/03\/Amerika-Reisetagebuecher.jpg\" alt=\"\" width=\"232\" height=\"324\"\/>dass sich am Beispiel Amerikas eine zweite Sch\u00f6pfung beobachten lie\u00dfe. Diese F\u00e4higkeit zum immerw\u00e4hrenden Neuanfang geh\u00f6rt zum Wesen Amerikas.&nbsp; Auch wenn das Land immer wieder in Sackgassen und Turbulenzen geriet, haben es die Amerikaner doch immer wieder geschafft, einen Reset einzuleiten. \u201eDer gro\u00dfe Traum Amerika\u201c ist noch lange nicht ausgetr\u00e4umt, deswegen erlaube ich mir, \u00fcber ein halbes Jahrhundert nach A. E. Johann, den Titel wieder aufzugreifen. &nbsp;&nbsp;&nbsp;<\/strong><\/h5>\n<h5><strong>&nbsp; Dieses Buch fu\u00dft auf meinen Reisetageb\u00fcchern, die ich w\u00e4hrend meiner&nbsp; Aufenthalte in den USA mit einer gewissen Obsession gef\u00fchrt habe. Wo immer es m\u00f6glich war, habe ich versucht, die Unmittelbarkeit meiner Reisetageb\u00fccher in den Text zu \u00fcbernehmen,&nbsp; nur hier und da habe ich im Interesse der Lesbarkeit die Darstellung gestrafft und&nbsp; offensichtliche Fehler korrigiert. Ehrlicherweise will ich eine Warnung anf\u00fcgen: Wie alle meine B\u00fccher besitzt auch dieses Buch eine gewisse Geschichtslastigkeit, weil ich glaube, dass Reisen nicht nur Fortbewegung im Raum, sondern auch in der Zeit bedeutet.&nbsp;<\/strong><\/h5>\n<h5><strong>&nbsp; Und schlie\u00dflich ein letztes, was den Anspruch dieses Buches definiert. In diesem Buch geht es mir nicht in erster Linie&nbsp; um ein&nbsp; Abbilden, sondern um ein Verstehen, um einen reiseerz\u00e4hlerischen Br\u00fcckenschlag zwischen dem konkreten Reiseerlebnis und der einordnenden Reflexion, wobei ich gerne zugeben will, dass dergleichen leicht in die Untiefen der Subjektivit\u00e4t f\u00fchren kann.&nbsp;<\/strong><\/h5>\n<h5><strong>&nbsp;Auf der pers\u00f6nlichen Ebene handelt es sich um die&nbsp; Aufarbeitung und&nbsp; Gestaltung meiner eigenen Begegnung&nbsp; mit Amerika, die ich nicht zuletzt auch f\u00fcr mich selbst geschrieben habe \u2013 getreu der Maxime von Ernst J\u00fcnger, <em>dass nicht beschriebene Zeit verlorene Zeit ist<\/em>. Wenn das Beschriebene&nbsp; f\u00fcr den einen oder anderen trotzdem von Wert ist, umso besser. Am allerbesten ist es nat\u00fcrlich, wenn der Leser selbst aufbricht, um zu sehen, was Amerika f\u00fcr ihn bereith\u00e4lt.<\/strong><\/h5>\n<p><strong>Achtung: Bei diesem Buch handelt es sich um eine Kombination der beiden B\u00fccher <a href=\"https:\/\/ludwig-witzani.de\/am-anfang-war-die-ganze-welt-amerika-reisen-druch-den-osten-der-vereinigten-staaten\/\">&#8222;Am Anfang war die ganze welt Amerika&#8220;<\/a> &#8211; USA Teil 1: Der Osten&nbsp; und&nbsp; &nbsp; &nbsp; &nbsp; &nbsp; &nbsp; &nbsp; &nbsp; &nbsp; &nbsp; &nbsp; &nbsp; &nbsp; <\/strong><strong>&#8222;<a href=\"https:\/\/ludwig-witzani.de\/land-der-freien-usa-teil-2-der-westen\/\">Land der Freien&#8220;<\/a> &#8211; USA Teil 2: Der Westen in einem Band&nbsp;<\/strong><\/p>\n<h4><img loading=\"lazy\" decoding=\"async\" class=\"wp-image-9237 alignleft\" src=\"https:\/\/ludwig-witzani.de\/wp-content\/uploads\/2024\/02\/y-37-533x800.jpg\" alt=\"\" width=\"196\" height=\"294\" srcset=\"https:\/\/ludwig-witzani.de\/wp-content\/uploads\/2024\/02\/y-37-533x800.jpg 533w, https:\/\/ludwig-witzani.de\/wp-content\/uploads\/2024\/02\/y-37-800x1200.jpg 800w, https:\/\/ludwig-witzani.de\/wp-content\/uploads\/2024\/02\/y-37-768x1152.jpg 768w, https:\/\/ludwig-witzani.de\/wp-content\/uploads\/2024\/02\/y-37-1024x1536.jpg 1024w, https:\/\/ludwig-witzani.de\/wp-content\/uploads\/2024\/02\/y-37-1365x2048.jpg 1365w, https:\/\/ludwig-witzani.de\/wp-content\/uploads\/2024\/02\/y-37-scaled.jpg 1707w\" sizes=\"auto, (max-width: 196px) 100vw, 196px\" \/><a href=\"https:\/\/ludwig-witzani.de\/wp-content\/uploads\/2024\/02\/Inhaltsverzeichnis.pdf\">Inhaltsverzeichnis<\/a><\/h4>\n<p><strong>Leseproben:&nbsp;<\/strong><\/p>\n<p><strong><a href=\"https:\/\/ludwig-witzani.de\/wp-content\/uploads\/2024\/02\/01-NY.pdf\">01 Ein Tag in New York&nbsp;<\/a><\/strong><\/p>\n<p><strong><a href=\"https:\/\/ludwig-witzani.de\/wp-content\/uploads\/2024\/02\/02-Florida-Keys.pdf\">02 Mit dem Auto \u00fcber den Ozean &#8211; Florida Keys und Everglades <\/a><\/strong><\/p>\n<p><a href=\"https:\/\/ludwig-witzani.de\/wp-content\/uploads\/2024\/02\/03-LA.pdf\"><strong>03 In der Stadt der Engel. Tage in Los Angeles<\/strong>&nbsp;<\/a><\/p>\n<h5>&nbsp;<\/h5>\n<h5><a href=\"https:\/\/ludwig-witzani.de\/bildergalerie-am-anfang-war-die-ganze-welt-amerika-2\/\"><strong>Bildergalerie 1: New York, Neuengland, Virginia, Carolina, Gorgia, Florida, Louisiana, Mississippi, Tennessee, Illinois, Michigan&nbsp;<\/strong><\/a><\/h5>\n<h5><a href=\"https:\/\/ludwig-witzani.de\/bildergalerie-am-anfang-war-die-ganze-welt-amerika\/\">Bildergalerie 2:South Dakota, Wyoming, Idaho,&nbsp; Oregon, Washington State,&nbsp; Texas, New Mexiko, Colorado, Utah Nevada, Arizona, Kalifornien&nbsp;<\/a><\/h5>\n<p>___________________________________________________<\/p>\n<h6>Sie k\u00f6nnen dieses Buch kaufen als Printausgabe f\u00fcr 24,95 Euro bei&nbsp;<\/h6>\n<h6><a href=\"https:\/\/www.epubli.com\/shop\/der-grosse-traum-amerika-9783758473395\">&nbsp;epubl<\/a><\/h6>\n<h6><a href=\"https:\/\/www.amazon.de\/gro%C3%9Fe-Traum-Amerika-Vereinigten-Staaten\/dp\/3758473381\/ref=sr_1_1?__mk_de_DE=%C3%85M%C3%85%C5%BD%C3%95%C3%91&amp;crid=3IJYC0J4H908Z&amp;dib=eyJ2IjoiMSJ9.VhVvBjcLi8_BPFOPae_EXhglpMD__dXXwAkT-gF9_7EbGMoDW92QGBqtPIE3JIjuaDrlRs9kV__wXWZAs9Ibh8VzJGC2TSHGAVsxqLILuFfXZ4hcScxkW2HSJ3dISrc8MTH6bV9kL9CL5U6p5vtT_lLv8m55ucVXQm4VMm06uDC1RGXl6Natskrv4BaGfuZVTtf-86dfMm0n1H-ozAZq6nNetD2y1yebC4A9_q8J-oU.PQyYd7CoLnSFCfYu0otqHk9DFPcMHWOUUcXgxXjSQ5E&amp;dib_tag=se&amp;keywords=Ludwig+Witzani%3A+Der+gro%C3%9Fe+Traum+Amerika&amp;qid=1708151031&amp;sprefix=ludwig+witzani+der+gro%C3%9Fe+traum+amerika%2Caps%2C77&amp;sr=8-1\">Amazon&nbsp;&nbsp;<\/a><\/h6>\n<h6>Eine EBook Ausgabe ist nicht verf\u00fcgbar,. Wer an einem EBook interessiert ist, den verweise ich auf die EBook Ausgaben der beiden Einzelb\u00e4nde: <a href=\"https:\/\/www.amazon.de\/s?i=gift-cards&amp;bbn=1571256031&amp;rh=n%3A1571256031%2Cp_n_feature_browse-bin%3A2050230031%2Cp_89%3AAmazon&amp;dc&amp;ds=v1%3A9kOu240R8Rjxkh5M8PfTbeH4JiaYyBhC0MXtr1wfW6k&amp;_encoding=UTF8&amp;content-id=amzn1.sym.d7ea7ace-cda1-4889-940f-52dbd0080945&amp;pd_rd_r=fb011650-331b-4dca-a701-9e79090c2f08&amp;pd_rd_w=gYNLX&amp;pd_rd_wg=D5nlG&amp;pf_rd_p=d7ea7ace-cda1-4889-940f-52dbd0080945&amp;pf_rd_r=J3QG50DN218T7DP9X5N3&amp;qid=1681902525&amp;rnid=669059031\">USA Teil 1: Der Osten<\/a> und <a href=\"https:\/\/www.amazon.de\/Land-Freien-USA-Teil-Westen-ebook\/dp\/B0CTXNN4TQ\/ref=sr_1_1?__mk_de_DE=%C3%85M%C3%85%C5%BD%C3%95%C3%91&amp;crid=3VJCO381J0M63&amp;keywords=Ludwig+Witzani%3A+Land+der+freien&amp;qid=1707541928&amp;sprefix=ludwig+witzani+land+der+freien%2Caps%2C87&amp;sr=8-1\">USA Teil 2: Der Westen&nbsp;<\/a><\/h6>\n<p><img loading=\"lazy\" decoding=\"async\" class=\"aligncenter size-medium wp-image-9230\" src=\"https:\/\/ludwig-witzani.de\/wp-content\/uploads\/2024\/02\/aaa21-607x800.jpg\" alt=\"\" width=\"607\" height=\"800\" srcset=\"https:\/\/ludwig-witzani.de\/wp-content\/uploads\/2024\/02\/aaa21-607x800.jpg 607w, https:\/\/ludwig-witzani.de\/wp-content\/uploads\/2024\/02\/aaa21-910x1200.jpg 910w, https:\/\/ludwig-witzani.de\/wp-content\/uploads\/2024\/02\/aaa21-768x1013.jpg 768w, https:\/\/ludwig-witzani.de\/wp-content\/uploads\/2024\/02\/aaa21-1165x1536.jpg 1165w, https:\/\/ludwig-witzani.de\/wp-content\/uploads\/2024\/02\/aaa21.jpg 1254w\" sizes=\"auto, (max-width: 607px) 100vw, 607px\" \/><\/p>\n<p>&nbsp;<\/p>\n<p>&nbsp;<\/p>\n<p><i>&nbsp;<\/i><\/p>\n<p>&nbsp;<\/p>\n<p>&nbsp;<\/p>\n<p>&nbsp;<\/p>\n","protected":false},"excerpt":{"rendered":"<p>&nbsp;&nbsp; Ich war noch keine 12 Jahre alt, als ich bei einem Sch\u00fclerwettbewerb ein Buch&nbsp; gewann.&nbsp; Sein Titel war \u201eDer gro\u00dfe Traum Amerika\u201c, sein Autor war der heute fast vergessene Reiseschriftsteller A. E. Johann. Es war lange Zeit das mit Abstand dickste Buch, das ich damals mein Eigen nannte und das Buch, in dem ich, &hellip; <a href=\"https:\/\/ludwig-witzani.de\/zu-den-grossen-traeumen\/ludwig-witzani-der-grosse-traum-amerika\/\" class=\"more-link\"><span class=\"screen-reader-text\">Ludwig Witzani: Der gro\u00dfe Traum Amerika<\/span> weiterlesen <span class=\"meta-nav\">&rarr;<\/span><\/a><\/p>\n","protected":false},"author":2,"featured_media":0,"parent":0,"menu_order":0,"comment_status":"closed","ping_status":"closed","template":"","meta":{"ngg_post_thumbnail":0,"jetpack_post_was_ever_published":false,"footnotes":""},"class_list":["post-9217","page","type-page","status-publish","hentry"],"yoast_head":"<!-- This site is optimized with the Yoast SEO plugin v27.4 - https:\/\/yoast.com\/product\/yoast-seo-wordpress\/ -->\n<title>Ludwig Witzani: Der gro\u00dfe Traum Amerika - Ludwig Witzani<\/title>\n<meta name=\"robots\" content=\"index, follow, max-snippet:-1, max-image-preview:large, max-video-preview:-1\" \/>\n<link rel=\"canonical\" href=\"https:\/\/ludwig-witzani.de\/zu-den-grossen-traeumen\/ludwig-witzani-der-grosse-traum-amerika\/\" \/>\n<meta property=\"og:locale\" content=\"de_DE\" \/>\n<meta property=\"og:type\" content=\"article\" \/>\n<meta property=\"og:title\" content=\"Ludwig Witzani: Der gro\u00dfe Traum Amerika - Ludwig Witzani\" \/>\n<meta property=\"og:description\" content=\"&nbsp;&nbsp; Ich war noch keine 12 Jahre alt, als ich bei einem Sch\u00fclerwettbewerb ein Buch&nbsp; gewann.&nbsp; Sein Titel war \u201eDer gro\u00dfe Traum Amerika\u201c, sein Autor war der heute fast vergessene Reiseschriftsteller A. E. Johann. Es war lange Zeit das mit Abstand dickste Buch, das ich damals mein Eigen nannte und das Buch, in dem ich, &hellip; Ludwig Witzani: Der gro\u00dfe Traum Amerika weiterlesen &rarr;\" \/>\n<meta property=\"og:url\" content=\"https:\/\/ludwig-witzani.de\/zu-den-grossen-traeumen\/ludwig-witzani-der-grosse-traum-amerika\/\" \/>\n<meta property=\"og:site_name\" content=\"Ludwig Witzani\" \/>\n<meta property=\"article:modified_time\" content=\"2025-06-03T10:32:50+00:00\" \/>\n<meta property=\"og:image\" content=\"https:\/\/ludwig-witzani.de\/wp-content\/uploads\/2024\/02\/Front-Cover-Chris-scaled.jpg\" \/>\n\t<meta property=\"og:image:width\" content=\"1865\" \/>\n\t<meta property=\"og:image:height\" content=\"2560\" \/>\n\t<meta property=\"og:image:type\" content=\"image\/jpeg\" \/>\n<meta name=\"twitter:card\" content=\"summary_large_image\" \/>\n<meta name=\"twitter:label1\" content=\"Gesch\u00e4tzte Lesezeit\" \/>\n\t<meta name=\"twitter:data1\" content=\"5\u00a0Minuten\" \/>\n<script type=\"application\/ld+json\" class=\"yoast-schema-graph\">{\"@context\":\"https:\\\/\\\/schema.org\",\"@graph\":[{\"@type\":\"WebPage\",\"@id\":\"https:\\\/\\\/ludwig-witzani.de\\\/zu-den-grossen-traeumen\\\/ludwig-witzani-der-grosse-traum-amerika\\\/\",\"url\":\"https:\\\/\\\/ludwig-witzani.de\\\/zu-den-grossen-traeumen\\\/ludwig-witzani-der-grosse-traum-amerika\\\/\",\"name\":\"Ludwig Witzani: Der gro\u00dfe Traum Amerika - Ludwig Witzani\",\"isPartOf\":{\"@id\":\"https:\\\/\\\/ludwig-witzani.de\\\/zu-den-grossen-traeumen\\\/#website\"},\"primaryImageOfPage\":{\"@id\":\"https:\\\/\\\/ludwig-witzani.de\\\/zu-den-grossen-traeumen\\\/ludwig-witzani-der-grosse-traum-amerika\\\/#primaryimage\"},\"image\":{\"@id\":\"https:\\\/\\\/ludwig-witzani.de\\\/zu-den-grossen-traeumen\\\/ludwig-witzani-der-grosse-traum-amerika\\\/#primaryimage\"},\"thumbnailUrl\":\"https:\\\/\\\/ludwig-witzani.de\\\/wp-content\\\/uploads\\\/2024\\\/02\\\/Front-Cover-Chris-583x800.jpg\",\"datePublished\":\"2024-02-10T05:27:54+00:00\",\"dateModified\":\"2025-06-03T10:32:50+00:00\",\"breadcrumb\":{\"@id\":\"https:\\\/\\\/ludwig-witzani.de\\\/zu-den-grossen-traeumen\\\/ludwig-witzani-der-grosse-traum-amerika\\\/#breadcrumb\"},\"inLanguage\":\"de\",\"potentialAction\":[{\"@type\":\"ReadAction\",\"target\":[\"https:\\\/\\\/ludwig-witzani.de\\\/zu-den-grossen-traeumen\\\/ludwig-witzani-der-grosse-traum-amerika\\\/\"]}]},{\"@type\":\"ImageObject\",\"inLanguage\":\"de\",\"@id\":\"https:\\\/\\\/ludwig-witzani.de\\\/zu-den-grossen-traeumen\\\/ludwig-witzani-der-grosse-traum-amerika\\\/#primaryimage\",\"url\":\"https:\\\/\\\/ludwig-witzani.de\\\/wp-content\\\/uploads\\\/2024\\\/02\\\/Front-Cover-Chris-583x800.jpg\",\"contentUrl\":\"https:\\\/\\\/ludwig-witzani.de\\\/wp-content\\\/uploads\\\/2024\\\/02\\\/Front-Cover-Chris-583x800.jpg\"},{\"@type\":\"BreadcrumbList\",\"@id\":\"https:\\\/\\\/ludwig-witzani.de\\\/zu-den-grossen-traeumen\\\/ludwig-witzani-der-grosse-traum-amerika\\\/#breadcrumb\",\"itemListElement\":[{\"@type\":\"ListItem\",\"position\":1,\"name\":\"Startseite\",\"item\":\"https:\\\/\\\/ludwig-witzani.de\\\/zu-den-grossen-traeumen\\\/\"},{\"@type\":\"ListItem\",\"position\":2,\"name\":\"Ludwig Witzani: Der gro\u00dfe Traum Amerika\"}]},{\"@type\":\"WebSite\",\"@id\":\"https:\\\/\\\/ludwig-witzani.de\\\/zu-den-grossen-traeumen\\\/#website\",\"url\":\"https:\\\/\\\/ludwig-witzani.de\\\/zu-den-grossen-traeumen\\\/\",\"name\":\"Ludwig Witzani\",\"description\":\"World Wide Travel\",\"potentialAction\":[{\"@type\":\"SearchAction\",\"target\":{\"@type\":\"EntryPoint\",\"urlTemplate\":\"https:\\\/\\\/ludwig-witzani.de\\\/zu-den-grossen-traeumen\\\/?s={search_term_string}\"},\"query-input\":{\"@type\":\"PropertyValueSpecification\",\"valueRequired\":true,\"valueName\":\"search_term_string\"}}],\"inLanguage\":\"de\"}]}<\/script>\n<!-- \/ Yoast SEO plugin. -->","yoast_head_json":{"title":"Ludwig Witzani: Der gro\u00dfe Traum Amerika - Ludwig Witzani","robots":{"index":"index","follow":"follow","max-snippet":"max-snippet:-1","max-image-preview":"max-image-preview:large","max-video-preview":"max-video-preview:-1"},"canonical":"https:\/\/ludwig-witzani.de\/zu-den-grossen-traeumen\/ludwig-witzani-der-grosse-traum-amerika\/","og_locale":"de_DE","og_type":"article","og_title":"Ludwig Witzani: Der gro\u00dfe Traum Amerika - Ludwig Witzani","og_description":"&nbsp;&nbsp; Ich war noch keine 12 Jahre alt, als ich bei einem Sch\u00fclerwettbewerb ein Buch&nbsp; gewann.&nbsp; Sein Titel war \u201eDer gro\u00dfe Traum Amerika\u201c, sein Autor war der heute fast vergessene Reiseschriftsteller A. E. Johann. Es war lange Zeit das mit Abstand dickste Buch, das ich damals mein Eigen nannte und das Buch, in dem ich, &hellip; Ludwig Witzani: Der gro\u00dfe Traum Amerika weiterlesen &rarr;","og_url":"https:\/\/ludwig-witzani.de\/zu-den-grossen-traeumen\/ludwig-witzani-der-grosse-traum-amerika\/","og_site_name":"Ludwig Witzani","article_modified_time":"2025-06-03T10:32:50+00:00","og_image":[{"width":1865,"height":2560,"url":"https:\/\/ludwig-witzani.de\/wp-content\/uploads\/2024\/02\/Front-Cover-Chris-scaled.jpg","type":"image\/jpeg"}],"twitter_card":"summary_large_image","twitter_misc":{"Gesch\u00e4tzte Lesezeit":"5\u00a0Minuten"},"schema":{"@context":"https:\/\/schema.org","@graph":[{"@type":"WebPage","@id":"https:\/\/ludwig-witzani.de\/zu-den-grossen-traeumen\/ludwig-witzani-der-grosse-traum-amerika\/","url":"https:\/\/ludwig-witzani.de\/zu-den-grossen-traeumen\/ludwig-witzani-der-grosse-traum-amerika\/","name":"Ludwig Witzani: Der gro\u00dfe Traum Amerika - Ludwig Witzani","isPartOf":{"@id":"https:\/\/ludwig-witzani.de\/zu-den-grossen-traeumen\/#website"},"primaryImageOfPage":{"@id":"https:\/\/ludwig-witzani.de\/zu-den-grossen-traeumen\/ludwig-witzani-der-grosse-traum-amerika\/#primaryimage"},"image":{"@id":"https:\/\/ludwig-witzani.de\/zu-den-grossen-traeumen\/ludwig-witzani-der-grosse-traum-amerika\/#primaryimage"},"thumbnailUrl":"https:\/\/ludwig-witzani.de\/wp-content\/uploads\/2024\/02\/Front-Cover-Chris-583x800.jpg","datePublished":"2024-02-10T05:27:54+00:00","dateModified":"2025-06-03T10:32:50+00:00","breadcrumb":{"@id":"https:\/\/ludwig-witzani.de\/zu-den-grossen-traeumen\/ludwig-witzani-der-grosse-traum-amerika\/#breadcrumb"},"inLanguage":"de","potentialAction":[{"@type":"ReadAction","target":["https:\/\/ludwig-witzani.de\/zu-den-grossen-traeumen\/ludwig-witzani-der-grosse-traum-amerika\/"]}]},{"@type":"ImageObject","inLanguage":"de","@id":"https:\/\/ludwig-witzani.de\/zu-den-grossen-traeumen\/ludwig-witzani-der-grosse-traum-amerika\/#primaryimage","url":"https:\/\/ludwig-witzani.de\/wp-content\/uploads\/2024\/02\/Front-Cover-Chris-583x800.jpg","contentUrl":"https:\/\/ludwig-witzani.de\/wp-content\/uploads\/2024\/02\/Front-Cover-Chris-583x800.jpg"},{"@type":"BreadcrumbList","@id":"https:\/\/ludwig-witzani.de\/zu-den-grossen-traeumen\/ludwig-witzani-der-grosse-traum-amerika\/#breadcrumb","itemListElement":[{"@type":"ListItem","position":1,"name":"Startseite","item":"https:\/\/ludwig-witzani.de\/zu-den-grossen-traeumen\/"},{"@type":"ListItem","position":2,"name":"Ludwig Witzani: Der gro\u00dfe Traum Amerika"}]},{"@type":"WebSite","@id":"https:\/\/ludwig-witzani.de\/zu-den-grossen-traeumen\/#website","url":"https:\/\/ludwig-witzani.de\/zu-den-grossen-traeumen\/","name":"Ludwig Witzani","description":"World Wide Travel","potentialAction":[{"@type":"SearchAction","target":{"@type":"EntryPoint","urlTemplate":"https:\/\/ludwig-witzani.de\/zu-den-grossen-traeumen\/?s={search_term_string}"},"query-input":{"@type":"PropertyValueSpecification","valueRequired":true,"valueName":"search_term_string"}}],"inLanguage":"de"}]}},"jetpack_shortlink":"https:\/\/wp.me\/P4daYo-2oF","jetpack_sharing_enabled":true,"_links":{"self":[{"href":"https:\/\/ludwig-witzani.de\/zu-den-grossen-traeumen\/wp-json\/wp\/v2\/pages\/9217","targetHints":{"allow":["GET"]}}],"collection":[{"href":"https:\/\/ludwig-witzani.de\/zu-den-grossen-traeumen\/wp-json\/wp\/v2\/pages"}],"about":[{"href":"https:\/\/ludwig-witzani.de\/zu-den-grossen-traeumen\/wp-json\/wp\/v2\/types\/page"}],"author":[{"embeddable":true,"href":"https:\/\/ludwig-witzani.de\/zu-den-grossen-traeumen\/wp-json\/wp\/v2\/users\/2"}],"replies":[{"embeddable":true,"href":"https:\/\/ludwig-witzani.de\/zu-den-grossen-traeumen\/wp-json\/wp\/v2\/comments?post=9217"}],"version-history":[{"count":20,"href":"https:\/\/ludwig-witzani.de\/zu-den-grossen-traeumen\/wp-json\/wp\/v2\/pages\/9217\/revisions"}],"predecessor-version":[{"id":10305,"href":"https:\/\/ludwig-witzani.de\/zu-den-grossen-traeumen\/wp-json\/wp\/v2\/pages\/9217\/revisions\/10305"}],"wp:attachment":[{"href":"https:\/\/ludwig-witzani.de\/zu-den-grossen-traeumen\/wp-json\/wp\/v2\/media?parent=9217"}],"curies":[{"name":"wp","href":"https:\/\/api.w.org\/{rel}","templated":true}]}}