{"id":913,"date":"2013-12-20T17:30:23","date_gmt":"2013-12-20T17:30:23","guid":{"rendered":"http:\/\/ludwig-witzani.de\/?page_id=913"},"modified":"2025-06-03T10:32:55","modified_gmt":"2025-06-03T10:32:55","slug":"die-totenschaedelpagode-will-niemand-sehen","status":"publish","type":"page","link":"https:\/\/ludwig-witzani.de\/zu-den-grossen-traeumen\/backpackers-welt\/die-totenschaedelpagode-will-niemand-sehen\/","title":{"rendered":"Die Totensch\u00e4delpagode will niemand sehen"},"content":{"rendered":"<h3 style=\"text-align: left;\" align=\"center\">In der kambodschanischen Hauptstadt Phnom Penh<\/h3>\n<p><i>\u00a0<a href=\"http:\/\/ludwig-witzani.de\/wp-content\/uploads\/2013\/12\/1-16.jpg\"><img loading=\"lazy\" decoding=\"async\" class=\"aligncenter size-full wp-image-914\" src=\"http:\/\/ludwig-witzani.de\/wp-content\/uploads\/2013\/12\/1-16.jpg\" alt=\"1 (16)\" width=\"800\" height=\"528\" \/><\/a><\/i><\/p>\n<p>Es war eine Szene von beklemmender Symbolik: W\u00e4hrend Hunderttausende Menschen aus der kambodschanischen Hauptstadt Phnom Penh evakuiert, die Schulen, Krankenh\u00e4user und Kl\u00f6ster geschlossen und die ersten tausend Gefangenen exekutiert wurden, detonierte am 18. April 1975 unter dem roten Eisenbeton-Geb\u00e4ude der Zentralbank eine Serie von Sprengs\u00e4tzen. Die Mauern flogen ebenso in die Luft wie die Tresore, und durch die Stra\u00dfen der menschenleeren Stadt wirbelten unbeachtet und nutzlos Millionen von Geldscheinen wie das Herbstlaub einer ganzen Epoche. Unter dem W\u00fcrgegriff der Roten Khmer versank die kambodschanische Gesellschaft in den Abgr\u00fcnden eines grausamen Steinzeitkommunismus, in dem f\u00fcr alles Menschliche, f\u00fcr Familie, Religion, Bildung, Kunst &#8211; und das Geld &#8211; kein Platz mehr war.<\/p>\n<p>Welche unglaubliche Amplitude von Untergang und Neuanfang das Volk der Khmer im Zeitraum von etwas mehr als zwanzig Jahren durchmessen hat, zeigt ein Blick auf die Hauptstadt eine knappe Generation nach der Sprengung der Zentralbank. Telefone und Fernschreiber funktionieren wieder, es gibt Kinos, Theater und Tanzveranstaltungen, s\u00fc\u00dfliche Popmusik scheppert aus \u00fcbersteuerten Lautsprechern, und die Marktfrauen feilschen nicht anders als in Rangun oder Vientiane mit ihren Kunden. Das Geld ist mit Macht zur\u00fcckgekehrt und mit ihm die Freiheit und die Kriminalit\u00e4t, der Individualismus und der Egoismus, die Kultur und der Kitsch &#8211; der ganze Kosmos des Zukunftstr\u00e4chtigen und des Unerfreulichen also, der unvermeidlich zu sein scheint, wenn sich ein ganzes Volk nach einem Albtraum ohnegleichen auf eine gro\u00dfe Aufholjagd begibt.<\/p>\n<p><em>Hat Ihnen dieser Anfang gefallen? Interessiert Sie der Ort, die Landschaft, die Geschichte? Weiter geht es in dem Buch \u201e<a href=\"http:\/\/ludwig-witzani.de\/buecher\/der-garten-der-welt-reisen-in-thailand-burma-laos-kambodscha-und-vietnam\/\">Der Garten der Welt.<\/a> Reisen in Thailand, Burma, Laos, Kambodscha und Vietnam\u201c, S. 194ff.\u00a0<\/em><\/p>\n<p><img loading=\"lazy\" decoding=\"async\" class=\"aligncenter size-medium wp-image-5247\" src=\"http:\/\/ludwig-witzani.de\/wp-content\/uploads\/2013\/12\/Kambodscha-1994-P-900x466.jpg\" alt=\"Kambodscha 1994 (P)\" width=\"900\" height=\"466\" srcset=\"https:\/\/ludwig-witzani.de\/wp-content\/uploads\/2013\/12\/Kambodscha-1994-P-900x466.jpg 900w, https:\/\/ludwig-witzani.de\/wp-content\/uploads\/2013\/12\/Kambodscha-1994-P-768x397.jpg 768w, https:\/\/ludwig-witzani.de\/wp-content\/uploads\/2013\/12\/Kambodscha-1994-P-1920x994.jpg 1920w\" sizes=\"auto, (max-width: 900px) 100vw, 900px\" \/><\/p>\n<p>&nbsp;<\/p>\n<p>&nbsp;<\/p>\n","protected":false},"excerpt":{"rendered":"<p>In der kambodschanischen Hauptstadt Phnom Penh \u00a0 Es war eine Szene von beklemmender Symbolik: W\u00e4hrend Hunderttausende Menschen aus der kambodschanischen Hauptstadt Phnom Penh evakuiert, die Schulen, Krankenh\u00e4user und Kl\u00f6ster geschlossen und die ersten tausend Gefangenen exekutiert wurden, detonierte am 18. April 1975 unter dem roten Eisenbeton-Geb\u00e4ude der Zentralbank eine Serie von Sprengs\u00e4tzen. Die Mauern flogen &hellip; <a href=\"https:\/\/ludwig-witzani.de\/zu-den-grossen-traeumen\/backpackers-welt\/die-totenschaedelpagode-will-niemand-sehen\/\" class=\"more-link\"><span class=\"screen-reader-text\">Die Totensch\u00e4delpagode will niemand sehen<\/span> weiterlesen <span class=\"meta-nav\">&rarr;<\/span><\/a><\/p>\n","protected":false},"author":2,"featured_media":0,"parent":160,"menu_order":21,"comment_status":"open","ping_status":"open","template":"","meta":{"ngg_post_thumbnail":0,"jetpack_post_was_ever_published":false,"footnotes":""},"class_list":["post-913","page","type-page","status-publish","hentry"],"yoast_head":"<!-- This site is optimized with the Yoast SEO plugin v27.4 - https:\/\/yoast.com\/product\/yoast-seo-wordpress\/ -->\n<title>Die Totensch\u00e4delpagode will niemand sehen - Ludwig Witzani<\/title>\n<meta name=\"robots\" content=\"index, follow, max-snippet:-1, max-image-preview:large, max-video-preview:-1\" \/>\n<link rel=\"canonical\" href=\"https:\/\/ludwig-witzani.de\/zu-den-grossen-traeumen\/backpackers-welt\/die-totenschaedelpagode-will-niemand-sehen\/\" \/>\n<meta property=\"og:locale\" content=\"de_DE\" \/>\n<meta property=\"og:type\" content=\"article\" \/>\n<meta property=\"og:title\" content=\"Die Totensch\u00e4delpagode will niemand sehen - Ludwig Witzani\" \/>\n<meta property=\"og:description\" content=\"In der kambodschanischen Hauptstadt Phnom Penh \u00a0 Es war eine Szene von beklemmender Symbolik: W\u00e4hrend Hunderttausende Menschen aus der kambodschanischen Hauptstadt Phnom Penh evakuiert, die Schulen, Krankenh\u00e4user und Kl\u00f6ster geschlossen und die ersten tausend Gefangenen exekutiert wurden, detonierte am 18. April 1975 unter dem roten Eisenbeton-Geb\u00e4ude der Zentralbank eine Serie von Sprengs\u00e4tzen. Die Mauern flogen &hellip; Die Totensch\u00e4delpagode will niemand sehen weiterlesen &rarr;\" \/>\n<meta property=\"og:url\" content=\"https:\/\/ludwig-witzani.de\/zu-den-grossen-traeumen\/backpackers-welt\/die-totenschaedelpagode-will-niemand-sehen\/\" \/>\n<meta property=\"og:site_name\" content=\"Ludwig Witzani\" \/>\n<meta property=\"article:modified_time\" content=\"2025-06-03T10:32:55+00:00\" \/>\n<meta property=\"og:image\" content=\"https:\/\/ludwig-witzani.de\/wp-content\/uploads\/2013\/12\/1-16.jpg\" \/>\n\t<meta property=\"og:image:width\" content=\"800\" \/>\n\t<meta property=\"og:image:height\" content=\"528\" \/>\n\t<meta property=\"og:image:type\" content=\"image\/jpeg\" \/>\n<meta name=\"twitter:card\" content=\"summary_large_image\" \/>\n<meta name=\"twitter:label1\" content=\"Gesch\u00e4tzte Lesezeit\" \/>\n\t<meta name=\"twitter:data1\" content=\"1\u00a0Minute\" \/>\n<script type=\"application\/ld+json\" class=\"yoast-schema-graph\">{\"@context\":\"https:\\\/\\\/schema.org\",\"@graph\":[{\"@type\":\"WebPage\",\"@id\":\"https:\\\/\\\/ludwig-witzani.de\\\/zu-den-grossen-traeumen\\\/backpackers-welt\\\/die-totenschaedelpagode-will-niemand-sehen\\\/\",\"url\":\"https:\\\/\\\/ludwig-witzani.de\\\/zu-den-grossen-traeumen\\\/backpackers-welt\\\/die-totenschaedelpagode-will-niemand-sehen\\\/\",\"name\":\"Die Totensch\u00e4delpagode will niemand sehen - Ludwig Witzani\",\"isPartOf\":{\"@id\":\"https:\\\/\\\/ludwig-witzani.de\\\/zu-den-grossen-traeumen\\\/#website\"},\"primaryImageOfPage\":{\"@id\":\"https:\\\/\\\/ludwig-witzani.de\\\/zu-den-grossen-traeumen\\\/backpackers-welt\\\/die-totenschaedelpagode-will-niemand-sehen\\\/#primaryimage\"},\"image\":{\"@id\":\"https:\\\/\\\/ludwig-witzani.de\\\/zu-den-grossen-traeumen\\\/backpackers-welt\\\/die-totenschaedelpagode-will-niemand-sehen\\\/#primaryimage\"},\"thumbnailUrl\":\"http:\\\/\\\/ludwig-witzani.de\\\/wp-content\\\/uploads\\\/2013\\\/12\\\/1-16.jpg\",\"datePublished\":\"2013-12-20T17:30:23+00:00\",\"dateModified\":\"2025-06-03T10:32:55+00:00\",\"breadcrumb\":{\"@id\":\"https:\\\/\\\/ludwig-witzani.de\\\/zu-den-grossen-traeumen\\\/backpackers-welt\\\/die-totenschaedelpagode-will-niemand-sehen\\\/#breadcrumb\"},\"inLanguage\":\"de\",\"potentialAction\":[{\"@type\":\"ReadAction\",\"target\":[\"https:\\\/\\\/ludwig-witzani.de\\\/zu-den-grossen-traeumen\\\/backpackers-welt\\\/die-totenschaedelpagode-will-niemand-sehen\\\/\"]}]},{\"@type\":\"ImageObject\",\"inLanguage\":\"de\",\"@id\":\"https:\\\/\\\/ludwig-witzani.de\\\/zu-den-grossen-traeumen\\\/backpackers-welt\\\/die-totenschaedelpagode-will-niemand-sehen\\\/#primaryimage\",\"url\":\"http:\\\/\\\/ludwig-witzani.de\\\/wp-content\\\/uploads\\\/2013\\\/12\\\/1-16.jpg\",\"contentUrl\":\"http:\\\/\\\/ludwig-witzani.de\\\/wp-content\\\/uploads\\\/2013\\\/12\\\/1-16.jpg\"},{\"@type\":\"BreadcrumbList\",\"@id\":\"https:\\\/\\\/ludwig-witzani.de\\\/zu-den-grossen-traeumen\\\/backpackers-welt\\\/die-totenschaedelpagode-will-niemand-sehen\\\/#breadcrumb\",\"itemListElement\":[{\"@type\":\"ListItem\",\"position\":1,\"name\":\"Startseite\",\"item\":\"https:\\\/\\\/ludwig-witzani.de\\\/zu-den-grossen-traeumen\\\/\"},{\"@type\":\"ListItem\",\"position\":2,\"name\":\"Einladung zur Weltreise\",\"item\":\"https:\\\/\\\/ludwig-witzani.de\\\/zu-den-grossen-traeumen\\\/backpackers-welt\\\/\"},{\"@type\":\"ListItem\",\"position\":3,\"name\":\"Die Totensch\u00e4delpagode will niemand sehen\"}]},{\"@type\":\"WebSite\",\"@id\":\"https:\\\/\\\/ludwig-witzani.de\\\/zu-den-grossen-traeumen\\\/#website\",\"url\":\"https:\\\/\\\/ludwig-witzani.de\\\/zu-den-grossen-traeumen\\\/\",\"name\":\"Ludwig Witzani\",\"description\":\"World Wide Travel\",\"potentialAction\":[{\"@type\":\"SearchAction\",\"target\":{\"@type\":\"EntryPoint\",\"urlTemplate\":\"https:\\\/\\\/ludwig-witzani.de\\\/zu-den-grossen-traeumen\\\/?s={search_term_string}\"},\"query-input\":{\"@type\":\"PropertyValueSpecification\",\"valueRequired\":true,\"valueName\":\"search_term_string\"}}],\"inLanguage\":\"de\"}]}<\/script>\n<!-- \/ Yoast SEO plugin. -->","yoast_head_json":{"title":"Die Totensch\u00e4delpagode will niemand sehen - Ludwig Witzani","robots":{"index":"index","follow":"follow","max-snippet":"max-snippet:-1","max-image-preview":"max-image-preview:large","max-video-preview":"max-video-preview:-1"},"canonical":"https:\/\/ludwig-witzani.de\/zu-den-grossen-traeumen\/backpackers-welt\/die-totenschaedelpagode-will-niemand-sehen\/","og_locale":"de_DE","og_type":"article","og_title":"Die Totensch\u00e4delpagode will niemand sehen - Ludwig Witzani","og_description":"In der kambodschanischen Hauptstadt Phnom Penh \u00a0 Es war eine Szene von beklemmender Symbolik: W\u00e4hrend Hunderttausende Menschen aus der kambodschanischen Hauptstadt Phnom Penh evakuiert, die Schulen, Krankenh\u00e4user und Kl\u00f6ster geschlossen und die ersten tausend Gefangenen exekutiert wurden, detonierte am 18. April 1975 unter dem roten Eisenbeton-Geb\u00e4ude der Zentralbank eine Serie von Sprengs\u00e4tzen. Die Mauern flogen &hellip; Die Totensch\u00e4delpagode will niemand sehen weiterlesen &rarr;","og_url":"https:\/\/ludwig-witzani.de\/zu-den-grossen-traeumen\/backpackers-welt\/die-totenschaedelpagode-will-niemand-sehen\/","og_site_name":"Ludwig Witzani","article_modified_time":"2025-06-03T10:32:55+00:00","og_image":[{"width":800,"height":528,"url":"https:\/\/ludwig-witzani.de\/wp-content\/uploads\/2013\/12\/1-16.jpg","type":"image\/jpeg"}],"twitter_card":"summary_large_image","twitter_misc":{"Gesch\u00e4tzte Lesezeit":"1\u00a0Minute"},"schema":{"@context":"https:\/\/schema.org","@graph":[{"@type":"WebPage","@id":"https:\/\/ludwig-witzani.de\/zu-den-grossen-traeumen\/backpackers-welt\/die-totenschaedelpagode-will-niemand-sehen\/","url":"https:\/\/ludwig-witzani.de\/zu-den-grossen-traeumen\/backpackers-welt\/die-totenschaedelpagode-will-niemand-sehen\/","name":"Die Totensch\u00e4delpagode will niemand sehen - Ludwig Witzani","isPartOf":{"@id":"https:\/\/ludwig-witzani.de\/zu-den-grossen-traeumen\/#website"},"primaryImageOfPage":{"@id":"https:\/\/ludwig-witzani.de\/zu-den-grossen-traeumen\/backpackers-welt\/die-totenschaedelpagode-will-niemand-sehen\/#primaryimage"},"image":{"@id":"https:\/\/ludwig-witzani.de\/zu-den-grossen-traeumen\/backpackers-welt\/die-totenschaedelpagode-will-niemand-sehen\/#primaryimage"},"thumbnailUrl":"http:\/\/ludwig-witzani.de\/wp-content\/uploads\/2013\/12\/1-16.jpg","datePublished":"2013-12-20T17:30:23+00:00","dateModified":"2025-06-03T10:32:55+00:00","breadcrumb":{"@id":"https:\/\/ludwig-witzani.de\/zu-den-grossen-traeumen\/backpackers-welt\/die-totenschaedelpagode-will-niemand-sehen\/#breadcrumb"},"inLanguage":"de","potentialAction":[{"@type":"ReadAction","target":["https:\/\/ludwig-witzani.de\/zu-den-grossen-traeumen\/backpackers-welt\/die-totenschaedelpagode-will-niemand-sehen\/"]}]},{"@type":"ImageObject","inLanguage":"de","@id":"https:\/\/ludwig-witzani.de\/zu-den-grossen-traeumen\/backpackers-welt\/die-totenschaedelpagode-will-niemand-sehen\/#primaryimage","url":"http:\/\/ludwig-witzani.de\/wp-content\/uploads\/2013\/12\/1-16.jpg","contentUrl":"http:\/\/ludwig-witzani.de\/wp-content\/uploads\/2013\/12\/1-16.jpg"},{"@type":"BreadcrumbList","@id":"https:\/\/ludwig-witzani.de\/zu-den-grossen-traeumen\/backpackers-welt\/die-totenschaedelpagode-will-niemand-sehen\/#breadcrumb","itemListElement":[{"@type":"ListItem","position":1,"name":"Startseite","item":"https:\/\/ludwig-witzani.de\/zu-den-grossen-traeumen\/"},{"@type":"ListItem","position":2,"name":"Einladung zur Weltreise","item":"https:\/\/ludwig-witzani.de\/zu-den-grossen-traeumen\/backpackers-welt\/"},{"@type":"ListItem","position":3,"name":"Die Totensch\u00e4delpagode will niemand sehen"}]},{"@type":"WebSite","@id":"https:\/\/ludwig-witzani.de\/zu-den-grossen-traeumen\/#website","url":"https:\/\/ludwig-witzani.de\/zu-den-grossen-traeumen\/","name":"Ludwig Witzani","description":"World Wide Travel","potentialAction":[{"@type":"SearchAction","target":{"@type":"EntryPoint","urlTemplate":"https:\/\/ludwig-witzani.de\/zu-den-grossen-traeumen\/?s={search_term_string}"},"query-input":{"@type":"PropertyValueSpecification","valueRequired":true,"valueName":"search_term_string"}}],"inLanguage":"de"}]}},"jetpack_shortlink":"https:\/\/wp.me\/P4daYo-eJ","jetpack_sharing_enabled":true,"_links":{"self":[{"href":"https:\/\/ludwig-witzani.de\/zu-den-grossen-traeumen\/wp-json\/wp\/v2\/pages\/913","targetHints":{"allow":["GET"]}}],"collection":[{"href":"https:\/\/ludwig-witzani.de\/zu-den-grossen-traeumen\/wp-json\/wp\/v2\/pages"}],"about":[{"href":"https:\/\/ludwig-witzani.de\/zu-den-grossen-traeumen\/wp-json\/wp\/v2\/types\/page"}],"author":[{"embeddable":true,"href":"https:\/\/ludwig-witzani.de\/zu-den-grossen-traeumen\/wp-json\/wp\/v2\/users\/2"}],"replies":[{"embeddable":true,"href":"https:\/\/ludwig-witzani.de\/zu-den-grossen-traeumen\/wp-json\/wp\/v2\/comments?post=913"}],"version-history":[{"count":4,"href":"https:\/\/ludwig-witzani.de\/zu-den-grossen-traeumen\/wp-json\/wp\/v2\/pages\/913\/revisions"}],"predecessor-version":[{"id":5249,"href":"https:\/\/ludwig-witzani.de\/zu-den-grossen-traeumen\/wp-json\/wp\/v2\/pages\/913\/revisions\/5249"}],"up":[{"embeddable":true,"href":"https:\/\/ludwig-witzani.de\/zu-den-grossen-traeumen\/wp-json\/wp\/v2\/pages\/160"}],"wp:attachment":[{"href":"https:\/\/ludwig-witzani.de\/zu-den-grossen-traeumen\/wp-json\/wp\/v2\/media?parent=913"}],"curies":[{"name":"wp","href":"https:\/\/api.w.org\/{rel}","templated":true}]}}