{"id":9057,"date":"2024-02-01T07:16:36","date_gmt":"2024-02-01T07:16:36","guid":{"rendered":"http:\/\/ludwig-witzani.de\/?page_id=9057"},"modified":"2025-06-03T10:32:50","modified_gmt":"2025-06-03T10:32:50","slug":"am-anfang-war-die-ganze-welt-amerika-reisen-druch-den-osten-der-vereinigten-staaten","status":"publish","type":"page","link":"https:\/\/ludwig-witzani.de\/zu-den-grossen-traeumen\/am-anfang-war-die-ganze-welt-amerika-reisen-druch-den-osten-der-vereinigten-staaten\/","title":{"rendered":"Am Anfang war die ganze Welt Amerika &#8211; Reisen durch den Osten der Vereinigten Staaten"},"content":{"rendered":"<p><img loading=\"lazy\" decoding=\"async\" class=\"aligncenter wp-image-9058\" src=\"http:\/\/ludwig-witzani.de\/wp-content\/uploads\/2024\/02\/cover-usa-osten-1-583x800.jpg\" alt=\"\" width=\"331\" height=\"454\" srcset=\"https:\/\/ludwig-witzani.de\/wp-content\/uploads\/2024\/02\/cover-usa-osten-1-583x800.jpg 583w, https:\/\/ludwig-witzani.de\/wp-content\/uploads\/2024\/02\/cover-usa-osten-1-874x1200.jpg 874w, https:\/\/ludwig-witzani.de\/wp-content\/uploads\/2024\/02\/cover-usa-osten-1-768x1054.jpg 768w, https:\/\/ludwig-witzani.de\/wp-content\/uploads\/2024\/02\/cover-usa-osten-1-1119x1536.jpg 1119w, https:\/\/ludwig-witzani.de\/wp-content\/uploads\/2024\/02\/cover-usa-osten-1-1492x2048.jpg 1492w, https:\/\/ludwig-witzani.de\/wp-content\/uploads\/2024\/02\/cover-usa-osten-1-scaled.jpg 1865w\" sizes=\"auto, (max-width: 331px) 100vw, 331px\" \/><\/p>\n<p>\u201eAm Anfang war die ganze Welt Amerika\u201c hatte&nbsp; der englische Aufkl\u00e4rer John Locke &nbsp;geschrieben und damit gemeint, dass sich am Beispiel Amerikas eine zweite Sch\u00f6pfung beobachten lie\u00dfe. &nbsp;Diese zweite Sch\u00f6pfung hat hat inzwischen eine kaum noch \u00fcberschaubare Vielfalt angenommen, die kein Reisender mehr bew\u00e4ltigen kann. Man kann es aber wenigstens&nbsp; versuchen, hat sich Ludwig Witzani gedacht und sich aufgemacht, \u201eMainland US \u201e( die 48 Bundesstaaten der USA ohne Alaska und Hawaii) kreuz und quer zu bereisen.&nbsp;&nbsp;<\/p>\n<p>&nbsp; &nbsp;&nbsp;Im Mittelpunkt des vorliegenden Buches steht die Ostk\u00fcste der USA einschlie\u00dflich Floridas und der Great River Road zwischen New Orleans und Chicago. In Washington, Philadelphia, New York,&nbsp; Boston, Miami, Charleston, New Orleans, Memphis St. Louis und Chicago begegnet der Autor den unterschiedlichsten Facetten des amerikanischen Wesens, auf Roanoke Island, in Jamestown, Plymouth und Gettysburg besucht er Meilensteine der amerikanischen&nbsp; Geschichte. In den Appalachen, den Everglades, auf den Florida Keys oder im Tal des Mississippi bereist er eine Natur, die das ihre zur Entstehung der amerikanischen Identit\u00e4t beigetragen hat. Der Leser, der dem Autor auf seiner Reise durch den amerikanischen Osten folgt, erlebt ein Land am Schnittpunkt von rasendem Wandel und eigensinniger Beharrung, dessen weitere Entwicklung offen ist.<\/p>\n<h5><strong><a href=\"http:\/\/ludwig-witzani.de\/wp-content\/uploads\/2024\/02\/E1-Inhaltsverzeichnis.pdf\">Inhaltsverzeichnis<\/a><\/strong><\/h5>\n<p>&nbsp;<\/p>\n<p><a href=\"http:\/\/ludwig-witzani.de\/wp-content\/uploads\/2024\/02\/E2-New-Orleans.pdf\">Rosen und Eisen in&nbsp; der Stadt unterhalb des Meeresspiegels: <strong>New Orleans<\/strong><\/a><\/p>\n<p><a href=\"http:\/\/ludwig-witzani.de\/wp-content\/uploads\/2024\/02\/E2-Woodstock.pdf\">Der Mythos vo Liebe, Friede und Musik: <strong>Woodstock<\/strong><\/a><\/p>\n<p><a href=\"http:\/\/ludwig-witzani.de\/wp-content\/uploads\/2024\/02\/E3-Chicago.pdf\"><strong>Chicago<\/strong> &#8211; Auf der Suche nach Pr\u00e4sident Obamas Friseur<\/a><\/p>\n<p><strong>Sie k\u00f6nnen das Buch kaufen&nbsp;<\/strong><\/p>\n<p><a href=\"https:\/\/www.amazon.de\/Weltreisen-Anfang-ganze-Welt-Amerika\/dp\/3758430070\/ref=sr_1_2?__mk_de_DE=%C3%85M%C3%85%C5%BD%C3%95%C3%91&amp;crid=12BSU0LK54QWC&amp;keywords=ludwig+witzani+am+anfang+war+die+ganze+welt&amp;qid=1706773430&amp;sprefix=ludwig+witzani+am+anfang+war+die+ga+nze+welt%2Caps%2C72&amp;sr=8-2\">als Printausgabe bei Amazon&nbsp;<\/a><\/p>\n<p><a href=\"https:\/\/www.epubli.com\/shop\/am-anfang-war-die-ganze-welt-amerika-9783758430077\">Als Printausgabe bei&nbsp; epubli&nbsp;<\/a><\/p>\n<p><a href=\"https:\/\/www.amazon.de\/Anfang-war-ganze-Welt-Amerika-ebook\/dp\/B0CPZV3HM3\/ref=sr_1_1?crid=1IWMQ0NLBPZBD&amp;keywords=ludwig+witzani+am+anfang+war+die+ganze+welt&amp;qid=1706773735&amp;sprefix=%2Caps%2C79&amp;sr=8-1\">Als EBook bei AmazoN<\/a><\/p>\n<p>&nbsp;<\/p>\n<h4>&nbsp;<\/h4>\n","protected":false},"excerpt":{"rendered":"<p>\u201eAm Anfang war die ganze Welt Amerika\u201c hatte&nbsp; der englische Aufkl\u00e4rer John Locke &nbsp;geschrieben und damit gemeint, dass sich am Beispiel Amerikas eine zweite Sch\u00f6pfung beobachten lie\u00dfe. &nbsp;Diese zweite Sch\u00f6pfung hat hat inzwischen eine kaum noch \u00fcberschaubare Vielfalt angenommen, die kein Reisender mehr bew\u00e4ltigen kann. Man kann es aber wenigstens&nbsp; versuchen, hat sich Ludwig Witzani &hellip; <a href=\"https:\/\/ludwig-witzani.de\/zu-den-grossen-traeumen\/am-anfang-war-die-ganze-welt-amerika-reisen-druch-den-osten-der-vereinigten-staaten\/\" class=\"more-link\"><span class=\"screen-reader-text\">Am Anfang war die ganze Welt Amerika &#8211; Reisen durch den Osten der Vereinigten Staaten<\/span> weiterlesen <span class=\"meta-nav\">&rarr;<\/span><\/a><\/p>\n","protected":false},"author":2,"featured_media":0,"parent":0,"menu_order":0,"comment_status":"open","ping_status":"closed","template":"","meta":{"ngg_post_thumbnail":0,"jetpack_post_was_ever_published":false,"footnotes":""},"class_list":["post-9057","page","type-page","status-publish","hentry"],"yoast_head":"<!-- This site is optimized with the Yoast SEO plugin v27.4 - https:\/\/yoast.com\/product\/yoast-seo-wordpress\/ -->\n<title>Am Anfang war die ganze Welt Amerika - Reisen durch den Osten der Vereinigten Staaten - Ludwig Witzani<\/title>\n<meta name=\"robots\" content=\"index, follow, max-snippet:-1, max-image-preview:large, max-video-preview:-1\" \/>\n<link rel=\"canonical\" href=\"https:\/\/ludwig-witzani.de\/zu-den-grossen-traeumen\/am-anfang-war-die-ganze-welt-amerika-reisen-druch-den-osten-der-vereinigten-staaten\/\" \/>\n<meta property=\"og:locale\" content=\"de_DE\" \/>\n<meta property=\"og:type\" content=\"article\" \/>\n<meta property=\"og:title\" content=\"Am Anfang war die ganze Welt Amerika - Reisen durch den Osten der Vereinigten Staaten - Ludwig Witzani\" \/>\n<meta property=\"og:description\" content=\"\u201eAm Anfang war die ganze Welt Amerika\u201c hatte&nbsp; der englische Aufkl\u00e4rer John Locke &nbsp;geschrieben und damit gemeint, dass sich am Beispiel Amerikas eine zweite Sch\u00f6pfung beobachten lie\u00dfe. &nbsp;Diese zweite Sch\u00f6pfung hat hat inzwischen eine kaum noch \u00fcberschaubare Vielfalt angenommen, die kein Reisender mehr bew\u00e4ltigen kann. Man kann es aber wenigstens&nbsp; versuchen, hat sich Ludwig Witzani &hellip; Am Anfang war die ganze Welt Amerika &#8211; Reisen durch den Osten der Vereinigten Staaten weiterlesen &rarr;\" \/>\n<meta property=\"og:url\" content=\"https:\/\/ludwig-witzani.de\/zu-den-grossen-traeumen\/am-anfang-war-die-ganze-welt-amerika-reisen-druch-den-osten-der-vereinigten-staaten\/\" \/>\n<meta property=\"og:site_name\" content=\"Ludwig Witzani\" \/>\n<meta property=\"article:modified_time\" content=\"2025-06-03T10:32:50+00:00\" \/>\n<meta property=\"og:image\" content=\"https:\/\/ludwig-witzani.de\/wp-content\/uploads\/2024\/02\/cover-usa-osten-1-scaled.jpg\" \/>\n\t<meta property=\"og:image:width\" content=\"1865\" \/>\n\t<meta property=\"og:image:height\" content=\"2560\" \/>\n\t<meta property=\"og:image:type\" content=\"image\/jpeg\" \/>\n<meta name=\"twitter:card\" content=\"summary_large_image\" \/>\n<meta name=\"twitter:label1\" content=\"Gesch\u00e4tzte Lesezeit\" \/>\n\t<meta name=\"twitter:data1\" content=\"2\u00a0Minuten\" \/>\n<script type=\"application\/ld+json\" class=\"yoast-schema-graph\">{\"@context\":\"https:\\\/\\\/schema.org\",\"@graph\":[{\"@type\":\"WebPage\",\"@id\":\"https:\\\/\\\/ludwig-witzani.de\\\/zu-den-grossen-traeumen\\\/am-anfang-war-die-ganze-welt-amerika-reisen-druch-den-osten-der-vereinigten-staaten\\\/\",\"url\":\"https:\\\/\\\/ludwig-witzani.de\\\/zu-den-grossen-traeumen\\\/am-anfang-war-die-ganze-welt-amerika-reisen-druch-den-osten-der-vereinigten-staaten\\\/\",\"name\":\"Am Anfang war die ganze Welt Amerika - Reisen durch den Osten der Vereinigten Staaten - Ludwig Witzani\",\"isPartOf\":{\"@id\":\"https:\\\/\\\/ludwig-witzani.de\\\/zu-den-grossen-traeumen\\\/#website\"},\"primaryImageOfPage\":{\"@id\":\"https:\\\/\\\/ludwig-witzani.de\\\/zu-den-grossen-traeumen\\\/am-anfang-war-die-ganze-welt-amerika-reisen-druch-den-osten-der-vereinigten-staaten\\\/#primaryimage\"},\"image\":{\"@id\":\"https:\\\/\\\/ludwig-witzani.de\\\/zu-den-grossen-traeumen\\\/am-anfang-war-die-ganze-welt-amerika-reisen-druch-den-osten-der-vereinigten-staaten\\\/#primaryimage\"},\"thumbnailUrl\":\"http:\\\/\\\/ludwig-witzani.de\\\/wp-content\\\/uploads\\\/2024\\\/02\\\/cover-usa-osten-1-583x800.jpg\",\"datePublished\":\"2024-02-01T07:16:36+00:00\",\"dateModified\":\"2025-06-03T10:32:50+00:00\",\"breadcrumb\":{\"@id\":\"https:\\\/\\\/ludwig-witzani.de\\\/zu-den-grossen-traeumen\\\/am-anfang-war-die-ganze-welt-amerika-reisen-druch-den-osten-der-vereinigten-staaten\\\/#breadcrumb\"},\"inLanguage\":\"de\",\"potentialAction\":[{\"@type\":\"ReadAction\",\"target\":[\"https:\\\/\\\/ludwig-witzani.de\\\/zu-den-grossen-traeumen\\\/am-anfang-war-die-ganze-welt-amerika-reisen-druch-den-osten-der-vereinigten-staaten\\\/\"]}]},{\"@type\":\"ImageObject\",\"inLanguage\":\"de\",\"@id\":\"https:\\\/\\\/ludwig-witzani.de\\\/zu-den-grossen-traeumen\\\/am-anfang-war-die-ganze-welt-amerika-reisen-druch-den-osten-der-vereinigten-staaten\\\/#primaryimage\",\"url\":\"http:\\\/\\\/ludwig-witzani.de\\\/wp-content\\\/uploads\\\/2024\\\/02\\\/cover-usa-osten-1-583x800.jpg\",\"contentUrl\":\"http:\\\/\\\/ludwig-witzani.de\\\/wp-content\\\/uploads\\\/2024\\\/02\\\/cover-usa-osten-1-583x800.jpg\"},{\"@type\":\"BreadcrumbList\",\"@id\":\"https:\\\/\\\/ludwig-witzani.de\\\/zu-den-grossen-traeumen\\\/am-anfang-war-die-ganze-welt-amerika-reisen-druch-den-osten-der-vereinigten-staaten\\\/#breadcrumb\",\"itemListElement\":[{\"@type\":\"ListItem\",\"position\":1,\"name\":\"Startseite\",\"item\":\"https:\\\/\\\/ludwig-witzani.de\\\/zu-den-grossen-traeumen\\\/\"},{\"@type\":\"ListItem\",\"position\":2,\"name\":\"Am Anfang war die ganze Welt Amerika &#8211; Reisen durch den Osten der Vereinigten Staaten\"}]},{\"@type\":\"WebSite\",\"@id\":\"https:\\\/\\\/ludwig-witzani.de\\\/zu-den-grossen-traeumen\\\/#website\",\"url\":\"https:\\\/\\\/ludwig-witzani.de\\\/zu-den-grossen-traeumen\\\/\",\"name\":\"Ludwig Witzani\",\"description\":\"World Wide Travel\",\"potentialAction\":[{\"@type\":\"SearchAction\",\"target\":{\"@type\":\"EntryPoint\",\"urlTemplate\":\"https:\\\/\\\/ludwig-witzani.de\\\/zu-den-grossen-traeumen\\\/?s={search_term_string}\"},\"query-input\":{\"@type\":\"PropertyValueSpecification\",\"valueRequired\":true,\"valueName\":\"search_term_string\"}}],\"inLanguage\":\"de\"}]}<\/script>\n<!-- \/ Yoast SEO plugin. -->","yoast_head_json":{"title":"Am Anfang war die ganze Welt Amerika - Reisen durch den Osten der Vereinigten Staaten - Ludwig Witzani","robots":{"index":"index","follow":"follow","max-snippet":"max-snippet:-1","max-image-preview":"max-image-preview:large","max-video-preview":"max-video-preview:-1"},"canonical":"https:\/\/ludwig-witzani.de\/zu-den-grossen-traeumen\/am-anfang-war-die-ganze-welt-amerika-reisen-druch-den-osten-der-vereinigten-staaten\/","og_locale":"de_DE","og_type":"article","og_title":"Am Anfang war die ganze Welt Amerika - Reisen durch den Osten der Vereinigten Staaten - Ludwig Witzani","og_description":"\u201eAm Anfang war die ganze Welt Amerika\u201c hatte&nbsp; der englische Aufkl\u00e4rer John Locke &nbsp;geschrieben und damit gemeint, dass sich am Beispiel Amerikas eine zweite Sch\u00f6pfung beobachten lie\u00dfe. &nbsp;Diese zweite Sch\u00f6pfung hat hat inzwischen eine kaum noch \u00fcberschaubare Vielfalt angenommen, die kein Reisender mehr bew\u00e4ltigen kann. Man kann es aber wenigstens&nbsp; versuchen, hat sich Ludwig Witzani &hellip; Am Anfang war die ganze Welt Amerika &#8211; Reisen durch den Osten der Vereinigten Staaten weiterlesen &rarr;","og_url":"https:\/\/ludwig-witzani.de\/zu-den-grossen-traeumen\/am-anfang-war-die-ganze-welt-amerika-reisen-druch-den-osten-der-vereinigten-staaten\/","og_site_name":"Ludwig Witzani","article_modified_time":"2025-06-03T10:32:50+00:00","og_image":[{"width":1865,"height":2560,"url":"https:\/\/ludwig-witzani.de\/wp-content\/uploads\/2024\/02\/cover-usa-osten-1-scaled.jpg","type":"image\/jpeg"}],"twitter_card":"summary_large_image","twitter_misc":{"Gesch\u00e4tzte Lesezeit":"2\u00a0Minuten"},"schema":{"@context":"https:\/\/schema.org","@graph":[{"@type":"WebPage","@id":"https:\/\/ludwig-witzani.de\/zu-den-grossen-traeumen\/am-anfang-war-die-ganze-welt-amerika-reisen-druch-den-osten-der-vereinigten-staaten\/","url":"https:\/\/ludwig-witzani.de\/zu-den-grossen-traeumen\/am-anfang-war-die-ganze-welt-amerika-reisen-druch-den-osten-der-vereinigten-staaten\/","name":"Am Anfang war die ganze Welt Amerika - Reisen durch den Osten der Vereinigten Staaten - Ludwig Witzani","isPartOf":{"@id":"https:\/\/ludwig-witzani.de\/zu-den-grossen-traeumen\/#website"},"primaryImageOfPage":{"@id":"https:\/\/ludwig-witzani.de\/zu-den-grossen-traeumen\/am-anfang-war-die-ganze-welt-amerika-reisen-druch-den-osten-der-vereinigten-staaten\/#primaryimage"},"image":{"@id":"https:\/\/ludwig-witzani.de\/zu-den-grossen-traeumen\/am-anfang-war-die-ganze-welt-amerika-reisen-druch-den-osten-der-vereinigten-staaten\/#primaryimage"},"thumbnailUrl":"http:\/\/ludwig-witzani.de\/wp-content\/uploads\/2024\/02\/cover-usa-osten-1-583x800.jpg","datePublished":"2024-02-01T07:16:36+00:00","dateModified":"2025-06-03T10:32:50+00:00","breadcrumb":{"@id":"https:\/\/ludwig-witzani.de\/zu-den-grossen-traeumen\/am-anfang-war-die-ganze-welt-amerika-reisen-druch-den-osten-der-vereinigten-staaten\/#breadcrumb"},"inLanguage":"de","potentialAction":[{"@type":"ReadAction","target":["https:\/\/ludwig-witzani.de\/zu-den-grossen-traeumen\/am-anfang-war-die-ganze-welt-amerika-reisen-druch-den-osten-der-vereinigten-staaten\/"]}]},{"@type":"ImageObject","inLanguage":"de","@id":"https:\/\/ludwig-witzani.de\/zu-den-grossen-traeumen\/am-anfang-war-die-ganze-welt-amerika-reisen-druch-den-osten-der-vereinigten-staaten\/#primaryimage","url":"http:\/\/ludwig-witzani.de\/wp-content\/uploads\/2024\/02\/cover-usa-osten-1-583x800.jpg","contentUrl":"http:\/\/ludwig-witzani.de\/wp-content\/uploads\/2024\/02\/cover-usa-osten-1-583x800.jpg"},{"@type":"BreadcrumbList","@id":"https:\/\/ludwig-witzani.de\/zu-den-grossen-traeumen\/am-anfang-war-die-ganze-welt-amerika-reisen-druch-den-osten-der-vereinigten-staaten\/#breadcrumb","itemListElement":[{"@type":"ListItem","position":1,"name":"Startseite","item":"https:\/\/ludwig-witzani.de\/zu-den-grossen-traeumen\/"},{"@type":"ListItem","position":2,"name":"Am Anfang war die ganze Welt Amerika &#8211; Reisen durch den Osten der Vereinigten Staaten"}]},{"@type":"WebSite","@id":"https:\/\/ludwig-witzani.de\/zu-den-grossen-traeumen\/#website","url":"https:\/\/ludwig-witzani.de\/zu-den-grossen-traeumen\/","name":"Ludwig Witzani","description":"World Wide Travel","potentialAction":[{"@type":"SearchAction","target":{"@type":"EntryPoint","urlTemplate":"https:\/\/ludwig-witzani.de\/zu-den-grossen-traeumen\/?s={search_term_string}"},"query-input":{"@type":"PropertyValueSpecification","valueRequired":true,"valueName":"search_term_string"}}],"inLanguage":"de"}]}},"jetpack_shortlink":"https:\/\/wp.me\/P4daYo-2m5","jetpack_sharing_enabled":true,"_links":{"self":[{"href":"https:\/\/ludwig-witzani.de\/zu-den-grossen-traeumen\/wp-json\/wp\/v2\/pages\/9057","targetHints":{"allow":["GET"]}}],"collection":[{"href":"https:\/\/ludwig-witzani.de\/zu-den-grossen-traeumen\/wp-json\/wp\/v2\/pages"}],"about":[{"href":"https:\/\/ludwig-witzani.de\/zu-den-grossen-traeumen\/wp-json\/wp\/v2\/types\/page"}],"author":[{"embeddable":true,"href":"https:\/\/ludwig-witzani.de\/zu-den-grossen-traeumen\/wp-json\/wp\/v2\/users\/2"}],"replies":[{"embeddable":true,"href":"https:\/\/ludwig-witzani.de\/zu-den-grossen-traeumen\/wp-json\/wp\/v2\/comments?post=9057"}],"version-history":[{"count":17,"href":"https:\/\/ludwig-witzani.de\/zu-den-grossen-traeumen\/wp-json\/wp\/v2\/pages\/9057\/revisions"}],"predecessor-version":[{"id":10302,"href":"https:\/\/ludwig-witzani.de\/zu-den-grossen-traeumen\/wp-json\/wp\/v2\/pages\/9057\/revisions\/10302"}],"wp:attachment":[{"href":"https:\/\/ludwig-witzani.de\/zu-den-grossen-traeumen\/wp-json\/wp\/v2\/media?parent=9057"}],"curies":[{"name":"wp","href":"https:\/\/api.w.org\/{rel}","templated":true}]}}