{"id":903,"date":"2013-12-20T17:12:57","date_gmt":"2013-12-20T17:12:57","guid":{"rendered":"http:\/\/ludwig-witzani.de\/?page_id=903"},"modified":"2025-06-03T10:32:55","modified_gmt":"2025-06-03T10:32:55","slug":"im-vietkong-park","status":"publish","type":"page","link":"https:\/\/ludwig-witzani.de\/zu-den-grossen-traeumen\/backpackers-welt\/im-vietkong-park\/","title":{"rendered":"Im Vietkong Park"},"content":{"rendered":"<h3><b>Wie inszeniert man Geschichte?<a href=\"http:\/\/ludwig-witzani.de\/wp-content\/uploads\/2013\/12\/4-19.jpg\"><img loading=\"lazy\" decoding=\"async\" class=\"aligncenter size-full wp-image-904\" src=\"http:\/\/ludwig-witzani.de\/wp-content\/uploads\/2013\/12\/4-19.jpg\" alt=\"Vietkong Park von Cu-Chi\" width=\"800\" height=\"539\" \/><\/a><\/b><\/h3>\n<p>So haben sich selbst die gr\u00f6\u00dften Fans des Vietkong den Krieg nicht vorgestellt: H\u00fcbsche und gut frisierte Befreiungsk\u00e4mpferinnen stillen ihre Babys, r\u00e4umen die Bambush\u00fctten auf und knacken zwischendurch mal schnell mit einer Tellermine einen amerikanischen Panzer, der wild ballernd durch den Dschungel rollt. Ihre drahtigen M\u00e4nner eilen derweil nach dem Einsatz im Sch\u00fctzengraben, das Gewehr noch \u00fcber den R\u00fccken, auf die Reisfelder um die Ernte einzubringen. Abends trifft sich die Familie in gel\u00f6ster Heiterkeit bei der politischen Schulung, Ho Chi Minh schaut zufrieden auf die tapferen Kinder seines Volkes, alles k\u00f6nnte so wunderbar sein, w\u00fcrde der b\u00f6se Feind doch endlich Ruhe geben. Aber nein, da ist er schon wieder, Bomben fallen vom Himmel und Panzer zermalmen, was ihnen vor die Ketten kommt. Doch die Bewohner des Dorfes verschwinden in einem geheimnisvollen Tunnelsystem unter der Erde, schwarze L\u00f6cher tun sich auf, in die nur der schlanke s\u00fcdostasiatische Menschenschlag hineinpasst, und die fetten Amerikaner m\u00fcssen drau\u00dfen bleiben.<\/p>\n<p>Zwei Generationen sind diese K\u00e4mpfe nun schon vor\u00fcber, und wer wird es den siegreichen Freiheitsk\u00e4mpfern verdenken, dass sie den Film \u00fcber diese Ereignisse als eine holprige Collage von Dokumentaraufnahmen und nachgestellten Szenen in aller Ruhe <i>nach <\/i>der Befreiung drehten? <i>Heute <\/i>zeigen sie ihn den westlichen Besuchern, die f\u00fcr zwanzigtausend Dong Eintrittsgeb\u00fchr die Vietkong- Tunnels von Cu-Chi, funfunddrei\u00dfig Kilometer nordwestlich von <a title=\"Kan\u00e4le Pagoden und eine Million Hondas\" href=\"http:\/\/ludwig-witzani.de\/backpackers-welt\/kanaele-pagoden-und-eine-million-hondas\/\">Saigon<\/a>, besuchen. Tats\u00e4chlich ist die Vergangenheit dieses Ortes grotesk und makaber zugleich: w\u00e4hrend die GI&#8217;s oberhalb der Erde in einem gut klimatisierten Milit\u00e4rlager am Tage die Umgebung kontrollierten, kam der Vietkong in der Nacht aus seinen Verstecken, organisierte Versorgung und Logistik, bestrafte und herrschte in den D\u00f6rfern und verschwand am Morgen wieder unter die Erde.<\/p>\n<p><em>Hat Ihnen dieser Anfang gefallen? Interessiert sie der Ort, die Landschaft, die Geschichte? Weiter geht es in &#8222;<a href=\"http:\/\/ludwig-witzani.de\/buecher\/der-garten-der-welt-reisen-in-thailand-burma-laos-kambodscha-und-vietnam\/\">Der Garten der Welt<\/a>. Reisen in Thailand, Burma, Laos, Kambodscha und Vietnam&#8220;, S. 286ff.\u00a0<\/em><\/p>\n<p><img loading=\"lazy\" decoding=\"async\" class=\"aligncenter size-full wp-image-5242\" src=\"http:\/\/ludwig-witzani.de\/wp-content\/uploads\/2013\/12\/4-21-1.jpg\" alt=\"4 (21)\" width=\"800\" height=\"538\" srcset=\"https:\/\/ludwig-witzani.de\/wp-content\/uploads\/2013\/12\/4-21-1.jpg 800w, https:\/\/ludwig-witzani.de\/wp-content\/uploads\/2013\/12\/4-21-1-768x516.jpg 768w\" sizes=\"auto, (max-width: 800px) 100vw, 800px\" \/><\/p>\n<p>&nbsp;<\/p>\n<p>&nbsp;<\/p>\n","protected":false},"excerpt":{"rendered":"<p>Wie inszeniert man Geschichte? So haben sich selbst die gr\u00f6\u00dften Fans des Vietkong den Krieg nicht vorgestellt: H\u00fcbsche und gut frisierte Befreiungsk\u00e4mpferinnen stillen ihre Babys, r\u00e4umen die Bambush\u00fctten auf und knacken zwischendurch mal schnell mit einer Tellermine einen amerikanischen Panzer, der wild ballernd durch den Dschungel rollt. Ihre drahtigen M\u00e4nner eilen derweil nach dem Einsatz &hellip; <a href=\"https:\/\/ludwig-witzani.de\/zu-den-grossen-traeumen\/backpackers-welt\/im-vietkong-park\/\" class=\"more-link\"><span class=\"screen-reader-text\">Im Vietkong Park<\/span> weiterlesen <span class=\"meta-nav\">&rarr;<\/span><\/a><\/p>\n","protected":false},"author":2,"featured_media":0,"parent":160,"menu_order":19,"comment_status":"open","ping_status":"open","template":"","meta":{"ngg_post_thumbnail":0,"jetpack_post_was_ever_published":false,"footnotes":""},"class_list":["post-903","page","type-page","status-publish","hentry"],"yoast_head":"<!-- This site is optimized with the Yoast SEO plugin v27.4 - https:\/\/yoast.com\/product\/yoast-seo-wordpress\/ -->\n<title>Im Vietkong Park - Ludwig Witzani<\/title>\n<meta name=\"robots\" content=\"index, follow, max-snippet:-1, max-image-preview:large, max-video-preview:-1\" \/>\n<link rel=\"canonical\" href=\"https:\/\/ludwig-witzani.de\/zu-den-grossen-traeumen\/backpackers-welt\/im-vietkong-park\/\" \/>\n<meta property=\"og:locale\" content=\"de_DE\" \/>\n<meta property=\"og:type\" content=\"article\" \/>\n<meta property=\"og:title\" content=\"Im Vietkong Park - Ludwig Witzani\" \/>\n<meta property=\"og:description\" content=\"Wie inszeniert man Geschichte? So haben sich selbst die gr\u00f6\u00dften Fans des Vietkong den Krieg nicht vorgestellt: H\u00fcbsche und gut frisierte Befreiungsk\u00e4mpferinnen stillen ihre Babys, r\u00e4umen die Bambush\u00fctten auf und knacken zwischendurch mal schnell mit einer Tellermine einen amerikanischen Panzer, der wild ballernd durch den Dschungel rollt. Ihre drahtigen M\u00e4nner eilen derweil nach dem Einsatz &hellip; Im Vietkong Park weiterlesen &rarr;\" \/>\n<meta property=\"og:url\" content=\"https:\/\/ludwig-witzani.de\/zu-den-grossen-traeumen\/backpackers-welt\/im-vietkong-park\/\" \/>\n<meta property=\"og:site_name\" content=\"Ludwig Witzani\" \/>\n<meta property=\"article:modified_time\" content=\"2025-06-03T10:32:55+00:00\" \/>\n<meta property=\"og:image\" content=\"https:\/\/ludwig-witzani.de\/wp-content\/uploads\/2013\/12\/4-19.jpg\" \/>\n\t<meta property=\"og:image:width\" content=\"800\" \/>\n\t<meta property=\"og:image:height\" content=\"539\" \/>\n\t<meta property=\"og:image:type\" content=\"image\/jpeg\" \/>\n<meta name=\"twitter:card\" content=\"summary_large_image\" \/>\n<meta name=\"twitter:label1\" content=\"Gesch\u00e4tzte Lesezeit\" \/>\n\t<meta name=\"twitter:data1\" content=\"2\u00a0Minuten\" \/>\n<script type=\"application\/ld+json\" class=\"yoast-schema-graph\">{\"@context\":\"https:\\\/\\\/schema.org\",\"@graph\":[{\"@type\":\"WebPage\",\"@id\":\"https:\\\/\\\/ludwig-witzani.de\\\/zu-den-grossen-traeumen\\\/backpackers-welt\\\/im-vietkong-park\\\/\",\"url\":\"https:\\\/\\\/ludwig-witzani.de\\\/zu-den-grossen-traeumen\\\/backpackers-welt\\\/im-vietkong-park\\\/\",\"name\":\"Im Vietkong Park - Ludwig Witzani\",\"isPartOf\":{\"@id\":\"https:\\\/\\\/ludwig-witzani.de\\\/zu-den-grossen-traeumen\\\/#website\"},\"primaryImageOfPage\":{\"@id\":\"https:\\\/\\\/ludwig-witzani.de\\\/zu-den-grossen-traeumen\\\/backpackers-welt\\\/im-vietkong-park\\\/#primaryimage\"},\"image\":{\"@id\":\"https:\\\/\\\/ludwig-witzani.de\\\/zu-den-grossen-traeumen\\\/backpackers-welt\\\/im-vietkong-park\\\/#primaryimage\"},\"thumbnailUrl\":\"http:\\\/\\\/ludwig-witzani.de\\\/wp-content\\\/uploads\\\/2013\\\/12\\\/4-19.jpg\",\"datePublished\":\"2013-12-20T17:12:57+00:00\",\"dateModified\":\"2025-06-03T10:32:55+00:00\",\"breadcrumb\":{\"@id\":\"https:\\\/\\\/ludwig-witzani.de\\\/zu-den-grossen-traeumen\\\/backpackers-welt\\\/im-vietkong-park\\\/#breadcrumb\"},\"inLanguage\":\"de\",\"potentialAction\":[{\"@type\":\"ReadAction\",\"target\":[\"https:\\\/\\\/ludwig-witzani.de\\\/zu-den-grossen-traeumen\\\/backpackers-welt\\\/im-vietkong-park\\\/\"]}]},{\"@type\":\"ImageObject\",\"inLanguage\":\"de\",\"@id\":\"https:\\\/\\\/ludwig-witzani.de\\\/zu-den-grossen-traeumen\\\/backpackers-welt\\\/im-vietkong-park\\\/#primaryimage\",\"url\":\"http:\\\/\\\/ludwig-witzani.de\\\/wp-content\\\/uploads\\\/2013\\\/12\\\/4-19.jpg\",\"contentUrl\":\"http:\\\/\\\/ludwig-witzani.de\\\/wp-content\\\/uploads\\\/2013\\\/12\\\/4-19.jpg\"},{\"@type\":\"BreadcrumbList\",\"@id\":\"https:\\\/\\\/ludwig-witzani.de\\\/zu-den-grossen-traeumen\\\/backpackers-welt\\\/im-vietkong-park\\\/#breadcrumb\",\"itemListElement\":[{\"@type\":\"ListItem\",\"position\":1,\"name\":\"Startseite\",\"item\":\"https:\\\/\\\/ludwig-witzani.de\\\/zu-den-grossen-traeumen\\\/\"},{\"@type\":\"ListItem\",\"position\":2,\"name\":\"Einladung zur Weltreise\",\"item\":\"https:\\\/\\\/ludwig-witzani.de\\\/zu-den-grossen-traeumen\\\/backpackers-welt\\\/\"},{\"@type\":\"ListItem\",\"position\":3,\"name\":\"Im Vietkong Park\"}]},{\"@type\":\"WebSite\",\"@id\":\"https:\\\/\\\/ludwig-witzani.de\\\/zu-den-grossen-traeumen\\\/#website\",\"url\":\"https:\\\/\\\/ludwig-witzani.de\\\/zu-den-grossen-traeumen\\\/\",\"name\":\"Ludwig Witzani\",\"description\":\"World Wide Travel\",\"potentialAction\":[{\"@type\":\"SearchAction\",\"target\":{\"@type\":\"EntryPoint\",\"urlTemplate\":\"https:\\\/\\\/ludwig-witzani.de\\\/zu-den-grossen-traeumen\\\/?s={search_term_string}\"},\"query-input\":{\"@type\":\"PropertyValueSpecification\",\"valueRequired\":true,\"valueName\":\"search_term_string\"}}],\"inLanguage\":\"de\"}]}<\/script>\n<!-- \/ Yoast SEO plugin. -->","yoast_head_json":{"title":"Im Vietkong Park - Ludwig Witzani","robots":{"index":"index","follow":"follow","max-snippet":"max-snippet:-1","max-image-preview":"max-image-preview:large","max-video-preview":"max-video-preview:-1"},"canonical":"https:\/\/ludwig-witzani.de\/zu-den-grossen-traeumen\/backpackers-welt\/im-vietkong-park\/","og_locale":"de_DE","og_type":"article","og_title":"Im Vietkong Park - Ludwig Witzani","og_description":"Wie inszeniert man Geschichte? So haben sich selbst die gr\u00f6\u00dften Fans des Vietkong den Krieg nicht vorgestellt: H\u00fcbsche und gut frisierte Befreiungsk\u00e4mpferinnen stillen ihre Babys, r\u00e4umen die Bambush\u00fctten auf und knacken zwischendurch mal schnell mit einer Tellermine einen amerikanischen Panzer, der wild ballernd durch den Dschungel rollt. Ihre drahtigen M\u00e4nner eilen derweil nach dem Einsatz &hellip; Im Vietkong Park weiterlesen &rarr;","og_url":"https:\/\/ludwig-witzani.de\/zu-den-grossen-traeumen\/backpackers-welt\/im-vietkong-park\/","og_site_name":"Ludwig Witzani","article_modified_time":"2025-06-03T10:32:55+00:00","og_image":[{"width":800,"height":539,"url":"https:\/\/ludwig-witzani.de\/wp-content\/uploads\/2013\/12\/4-19.jpg","type":"image\/jpeg"}],"twitter_card":"summary_large_image","twitter_misc":{"Gesch\u00e4tzte Lesezeit":"2\u00a0Minuten"},"schema":{"@context":"https:\/\/schema.org","@graph":[{"@type":"WebPage","@id":"https:\/\/ludwig-witzani.de\/zu-den-grossen-traeumen\/backpackers-welt\/im-vietkong-park\/","url":"https:\/\/ludwig-witzani.de\/zu-den-grossen-traeumen\/backpackers-welt\/im-vietkong-park\/","name":"Im Vietkong Park - Ludwig Witzani","isPartOf":{"@id":"https:\/\/ludwig-witzani.de\/zu-den-grossen-traeumen\/#website"},"primaryImageOfPage":{"@id":"https:\/\/ludwig-witzani.de\/zu-den-grossen-traeumen\/backpackers-welt\/im-vietkong-park\/#primaryimage"},"image":{"@id":"https:\/\/ludwig-witzani.de\/zu-den-grossen-traeumen\/backpackers-welt\/im-vietkong-park\/#primaryimage"},"thumbnailUrl":"http:\/\/ludwig-witzani.de\/wp-content\/uploads\/2013\/12\/4-19.jpg","datePublished":"2013-12-20T17:12:57+00:00","dateModified":"2025-06-03T10:32:55+00:00","breadcrumb":{"@id":"https:\/\/ludwig-witzani.de\/zu-den-grossen-traeumen\/backpackers-welt\/im-vietkong-park\/#breadcrumb"},"inLanguage":"de","potentialAction":[{"@type":"ReadAction","target":["https:\/\/ludwig-witzani.de\/zu-den-grossen-traeumen\/backpackers-welt\/im-vietkong-park\/"]}]},{"@type":"ImageObject","inLanguage":"de","@id":"https:\/\/ludwig-witzani.de\/zu-den-grossen-traeumen\/backpackers-welt\/im-vietkong-park\/#primaryimage","url":"http:\/\/ludwig-witzani.de\/wp-content\/uploads\/2013\/12\/4-19.jpg","contentUrl":"http:\/\/ludwig-witzani.de\/wp-content\/uploads\/2013\/12\/4-19.jpg"},{"@type":"BreadcrumbList","@id":"https:\/\/ludwig-witzani.de\/zu-den-grossen-traeumen\/backpackers-welt\/im-vietkong-park\/#breadcrumb","itemListElement":[{"@type":"ListItem","position":1,"name":"Startseite","item":"https:\/\/ludwig-witzani.de\/zu-den-grossen-traeumen\/"},{"@type":"ListItem","position":2,"name":"Einladung zur Weltreise","item":"https:\/\/ludwig-witzani.de\/zu-den-grossen-traeumen\/backpackers-welt\/"},{"@type":"ListItem","position":3,"name":"Im Vietkong Park"}]},{"@type":"WebSite","@id":"https:\/\/ludwig-witzani.de\/zu-den-grossen-traeumen\/#website","url":"https:\/\/ludwig-witzani.de\/zu-den-grossen-traeumen\/","name":"Ludwig Witzani","description":"World Wide Travel","potentialAction":[{"@type":"SearchAction","target":{"@type":"EntryPoint","urlTemplate":"https:\/\/ludwig-witzani.de\/zu-den-grossen-traeumen\/?s={search_term_string}"},"query-input":{"@type":"PropertyValueSpecification","valueRequired":true,"valueName":"search_term_string"}}],"inLanguage":"de"}]}},"jetpack_shortlink":"https:\/\/wp.me\/P4daYo-ez","jetpack_sharing_enabled":true,"_links":{"self":[{"href":"https:\/\/ludwig-witzani.de\/zu-den-grossen-traeumen\/wp-json\/wp\/v2\/pages\/903","targetHints":{"allow":["GET"]}}],"collection":[{"href":"https:\/\/ludwig-witzani.de\/zu-den-grossen-traeumen\/wp-json\/wp\/v2\/pages"}],"about":[{"href":"https:\/\/ludwig-witzani.de\/zu-den-grossen-traeumen\/wp-json\/wp\/v2\/types\/page"}],"author":[{"embeddable":true,"href":"https:\/\/ludwig-witzani.de\/zu-den-grossen-traeumen\/wp-json\/wp\/v2\/users\/2"}],"replies":[{"embeddable":true,"href":"https:\/\/ludwig-witzani.de\/zu-den-grossen-traeumen\/wp-json\/wp\/v2\/comments?post=903"}],"version-history":[{"count":5,"href":"https:\/\/ludwig-witzani.de\/zu-den-grossen-traeumen\/wp-json\/wp\/v2\/pages\/903\/revisions"}],"predecessor-version":[{"id":5243,"href":"https:\/\/ludwig-witzani.de\/zu-den-grossen-traeumen\/wp-json\/wp\/v2\/pages\/903\/revisions\/5243"}],"up":[{"embeddable":true,"href":"https:\/\/ludwig-witzani.de\/zu-den-grossen-traeumen\/wp-json\/wp\/v2\/pages\/160"}],"wp:attachment":[{"href":"https:\/\/ludwig-witzani.de\/zu-den-grossen-traeumen\/wp-json\/wp\/v2\/media?parent=903"}],"curies":[{"name":"wp","href":"https:\/\/api.w.org\/{rel}","templated":true}]}}