{"id":8849,"date":"2023-07-23T10:01:55","date_gmt":"2023-07-23T10:01:55","guid":{"rendered":"http:\/\/ludwig-witzani.de\/?page_id=8849"},"modified":"2025-06-03T10:32:50","modified_gmt":"2025-06-03T10:32:50","slug":"kanada","status":"publish","type":"page","link":"https:\/\/ludwig-witzani.de\/zu-den-grossen-traeumen\/kanada\/","title":{"rendered":"Kanada &#8211; Von Qu\u00e9bec nach Vancouver"},"content":{"rendered":"<p><img loading=\"lazy\" decoding=\"async\" class=\"wp-image-8851 aligncenter\" src=\"http:\/\/ludwig-witzani.de\/wp-content\/uploads\/2023\/07\/Cover-Christoph-583x800.jpg\" alt=\"\" width=\"342\" height=\"469\" srcset=\"https:\/\/ludwig-witzani.de\/wp-content\/uploads\/2023\/07\/Cover-Christoph-583x800.jpg 583w, https:\/\/ludwig-witzani.de\/wp-content\/uploads\/2023\/07\/Cover-Christoph-874x1200.jpg 874w, https:\/\/ludwig-witzani.de\/wp-content\/uploads\/2023\/07\/Cover-Christoph-768x1054.jpg 768w, https:\/\/ludwig-witzani.de\/wp-content\/uploads\/2023\/07\/Cover-Christoph-1119x1536.jpg 1119w, https:\/\/ludwig-witzani.de\/wp-content\/uploads\/2023\/07\/Cover-Christoph-1492x2048.jpg 1492w, https:\/\/ludwig-witzani.de\/wp-content\/uploads\/2023\/07\/Cover-Christoph-scaled.jpg 1865w\" sizes=\"auto, (max-width: 342px) 100vw, 342px\" \/><\/p>\n<p><strong><em>252 Seiten, epubli Verlag, Berlin, 2023, Printausgabe 14,95 Euro ISBN <\/em><\/strong><strong><em>&nbsp;<\/em><\/strong><em>978-3757566531<\/em><\/p>\n<p>Kanada ist das Sehnsuchtsland zahlreicher Deutscher, Franzosen, Briten Italiener, und &nbsp;Osteurop\u00e4er, die &nbsp;in der Neuen Welt ihr Gl\u00fcck suchen. Auf der anderen Seite gibt es kaum einen Kanadier, der nicht&nbsp; ganz genau erz\u00e4hlen k\u00f6nnte, aus welcher Ecke von \u201egood old Europe\u201c seine Vorfahren stammen. &nbsp;&nbsp; Auch Witzanis kanadische Reise hatte einen familiengeschichtlichen Hintergrund. Wie viele Altersgenossen seiner Generation geh\u00f6rt der Autor einer Familie an, deren Angeh\u00f6rige von den Turbulenzen der Zeit \u00fcber den halben Globus verschlagen wurden &#8211; &nbsp;unter anderem auch nach Kanada, wo ihn in Toronto ein unbekanntes Kapitel der Familiengeschichte erwartet.&nbsp; Dann aber geht die Reise weiter, zuerst in den Osten bis nach Quebec, dann westw\u00e4rts viertausend Kilometer mit dem Greyhoundbus bis nach Calgary in der kanadischen Provinz Alberta. In Calgary steigt der Autor in einen Camperhome um, mit dem er Alberta und Britisch Columbia erkundet, ehe die Reise auf Vancouver Island am Pazifik endet. &nbsp;&nbsp;<\/p>\n<p>Der Leser, der dem Autor auf seinen Erkundungen zwischen Atlantik und Pazifik folgt, erlebt eine &nbsp;transkanadische Reise zu europ\u00e4isch anmutenden St\u00e4dten, endlosen Tannenw\u00e4ldern und zu &nbsp;einigen der gr\u00f6\u00dften Seen der Erde. Er besucht die Calgary-Stampede, das gr\u00f6\u00dfte Rodeo Amerikas, wandert zu den atemberaubenden Naturszenerien der Banff-Jasper-Stra\u00dfe und durch die Stra\u00dfen Vancouvers, einer der sch\u00f6nsten St\u00e4dte der Welt. Der Autor bel\u00e4sst es aber nicht nur bei der Erkundung der Gegenwart, sondern fragt auch nach dem geschichtlichen Gewordensein dessen, was ihm begegnet. Sein eigenes Erleben ist voller Sympathie und Anteilnahme f\u00fcr sein Reiseland, aber auch gebrochen durch das Bewusstsein, wie stark die eigne Subjektivit\u00e4t seine&nbsp; Wahrnehmung pr\u00e4gt. &nbsp;Ein Reisebuch f\u00fcr Kanada-Anf\u00e4nger und -Fortgeschrittene gleicherma\u00dfen.<\/p>\n<p><a href=\"http:\/\/ludwig-witzani.de\/wp-content\/uploads\/2023\/07\/01-Inahltsverrzeichnis-und-Vorwort.pdf\">01 Inhaltsverzeichnis und Vorwort<\/a><\/p>\n<p><a href=\"http:\/\/ludwig-witzani.de\/wp-content\/uploads\/2023\/07\/02-Der-lange-Weg-nach-manitoba.pdf\">02 Der lange Weg nach Manitoba<\/a><\/p>\n<p><a href=\"http:\/\/ludwig-witzani.de\/wp-content\/uploads\/2023\/07\/03-Alberta.pdf\">03 Alberta<\/a><\/p>\n<p><strong>Das Buch kann bestellt werden bei:<\/strong><\/p>\n<p><a href=\"https:\/\/www.epubli.com\/shop\/kanada-9783757566531\">Printausgabe&nbsp; &#8222;Kanada&#8220; von Ludwig Witzani &#8211; Buch &#8211; epubli<\/a>&nbsp;<\/p>\n<p><a href=\"https:\/\/www.amazon.de\/Weltreisen-Kanada-Queb%C3%A9c-nach-Vancouver\/dp\/375756653X\/ref=sr_1_1?__mk_de_DE=%C3%85M%C3%85%C5%BD%C3%95%C3%91&amp;crid=K1EI2UJFD3Y3&amp;keywords=Ludwig+Witzani%3A+Kanada&amp;qid=1690351825&amp;s=books&amp;sprefix=ludwig+witzani+kanada%2Cstripbooks%2C75&amp;sr=1-1\">Printuasgabe &#8222;Weltreisen Bd. 16<\/a><a href=\"https:\/\/www.amazon.de\/Weltreisen-Kanada-Queb%C3%A9c-nach-Vancouver\/dp\/375756653X\/ref=sr_1_1?__mk_de_DE=%C3%85M%C3%85%C5%BD%C3%95%C3%91&amp;crid=K1EI2UJFD3Y3&amp;keywords=Ludwig+Witzani%3A+Kanada&amp;qid=1690351825&amp;s=books&amp;sprefix=ludwig+witzani+kanada%2Cstripbooks%2C75&amp;sr=1-1\"> &#8211; &#8222;Kanada: Von Queb\u00e9c nach Vancouver&#8220; : Witzani, Ludwig: Amazon.de: B\u00fccher<\/a><\/p>\n<p>EBook: <a href=\"https:\/\/www.amazon.de\/Kanada-Von-Queb%C3%A9c-nach-Vancouver-ebook\/dp\/B0CGP5Y58M\/ref=sr_1_1?__mk_de_DE=%C3%85M%C3%85%C5%BD%C3%95%C3%91&amp;crid=25VNJX97VVIK1&amp;keywords=Ludwig+Witzani%3A+Kanada&amp;qid=1706767556&amp;sprefix=ludwig+witzani+kanada%2Caps%2C100&amp;sr=8-1\">Kanada: Von Queb\u00e9c nach Vancouver eBook : Witzani, Ludwig: Amazon.de: Kindle-Shop<\/a><\/p>\n<p>&nbsp;<\/p>\n<p>&nbsp;<\/p>\n","protected":false},"excerpt":{"rendered":"<p>252 Seiten, epubli Verlag, Berlin, 2023, Printausgabe 14,95 Euro ISBN &nbsp;978-3757566531 Kanada ist das Sehnsuchtsland zahlreicher Deutscher, Franzosen, Briten Italiener, und &nbsp;Osteurop\u00e4er, die &nbsp;in der Neuen Welt ihr Gl\u00fcck suchen. Auf der anderen Seite gibt es kaum einen Kanadier, der nicht&nbsp; ganz genau erz\u00e4hlen k\u00f6nnte, aus welcher Ecke von \u201egood old Europe\u201c seine Vorfahren stammen. &hellip; <a href=\"https:\/\/ludwig-witzani.de\/zu-den-grossen-traeumen\/kanada\/\" class=\"more-link\"><span class=\"screen-reader-text\">Kanada &#8211; Von Qu\u00e9bec nach Vancouver<\/span> weiterlesen <span class=\"meta-nav\">&rarr;<\/span><\/a><\/p>\n","protected":false},"author":2,"featured_media":0,"parent":0,"menu_order":0,"comment_status":"closed","ping_status":"closed","template":"","meta":{"ngg_post_thumbnail":0,"jetpack_post_was_ever_published":false,"footnotes":""},"class_list":["post-8849","page","type-page","status-publish","hentry"],"yoast_head":"<!-- This site is optimized with the Yoast SEO plugin v27.4 - https:\/\/yoast.com\/product\/yoast-seo-wordpress\/ -->\n<title>Kanada - Von Qu\u00e9bec nach Vancouver - Ludwig Witzani<\/title>\n<meta name=\"robots\" content=\"index, follow, max-snippet:-1, max-image-preview:large, max-video-preview:-1\" \/>\n<link rel=\"canonical\" href=\"https:\/\/ludwig-witzani.de\/zu-den-grossen-traeumen\/kanada\/\" \/>\n<meta property=\"og:locale\" content=\"de_DE\" \/>\n<meta property=\"og:type\" content=\"article\" \/>\n<meta property=\"og:title\" content=\"Kanada - Von Qu\u00e9bec nach Vancouver - Ludwig Witzani\" \/>\n<meta property=\"og:description\" content=\"252 Seiten, epubli Verlag, Berlin, 2023, Printausgabe 14,95 Euro ISBN &nbsp;978-3757566531 Kanada ist das Sehnsuchtsland zahlreicher Deutscher, Franzosen, Briten Italiener, und &nbsp;Osteurop\u00e4er, die &nbsp;in der Neuen Welt ihr Gl\u00fcck suchen. Auf der anderen Seite gibt es kaum einen Kanadier, der nicht&nbsp; ganz genau erz\u00e4hlen k\u00f6nnte, aus welcher Ecke von \u201egood old Europe\u201c seine Vorfahren stammen. &hellip; Kanada &#8211; Von Qu\u00e9bec nach Vancouver weiterlesen &rarr;\" \/>\n<meta property=\"og:url\" content=\"https:\/\/ludwig-witzani.de\/zu-den-grossen-traeumen\/kanada\/\" \/>\n<meta property=\"og:site_name\" content=\"Ludwig Witzani\" \/>\n<meta property=\"article:modified_time\" content=\"2025-06-03T10:32:50+00:00\" \/>\n<meta property=\"og:image\" content=\"https:\/\/ludwig-witzani.de\/wp-content\/uploads\/2023\/07\/Cover-Christoph-scaled.jpg\" \/>\n\t<meta property=\"og:image:width\" content=\"1865\" \/>\n\t<meta property=\"og:image:height\" content=\"2560\" \/>\n\t<meta property=\"og:image:type\" content=\"image\/jpeg\" \/>\n<meta name=\"twitter:card\" content=\"summary_large_image\" \/>\n<meta name=\"twitter:label1\" content=\"Gesch\u00e4tzte Lesezeit\" \/>\n\t<meta name=\"twitter:data1\" content=\"2\u00a0Minuten\" \/>\n<script type=\"application\/ld+json\" class=\"yoast-schema-graph\">{\"@context\":\"https:\\\/\\\/schema.org\",\"@graph\":[{\"@type\":\"WebPage\",\"@id\":\"https:\\\/\\\/ludwig-witzani.de\\\/zu-den-grossen-traeumen\\\/kanada\\\/\",\"url\":\"https:\\\/\\\/ludwig-witzani.de\\\/zu-den-grossen-traeumen\\\/kanada\\\/\",\"name\":\"Kanada - Von Qu\u00e9bec nach Vancouver - Ludwig Witzani\",\"isPartOf\":{\"@id\":\"https:\\\/\\\/ludwig-witzani.de\\\/zu-den-grossen-traeumen\\\/#website\"},\"primaryImageOfPage\":{\"@id\":\"https:\\\/\\\/ludwig-witzani.de\\\/zu-den-grossen-traeumen\\\/kanada\\\/#primaryimage\"},\"image\":{\"@id\":\"https:\\\/\\\/ludwig-witzani.de\\\/zu-den-grossen-traeumen\\\/kanada\\\/#primaryimage\"},\"thumbnailUrl\":\"http:\\\/\\\/ludwig-witzani.de\\\/wp-content\\\/uploads\\\/2023\\\/07\\\/Cover-Christoph-583x800.jpg\",\"datePublished\":\"2023-07-23T10:01:55+00:00\",\"dateModified\":\"2025-06-03T10:32:50+00:00\",\"breadcrumb\":{\"@id\":\"https:\\\/\\\/ludwig-witzani.de\\\/zu-den-grossen-traeumen\\\/kanada\\\/#breadcrumb\"},\"inLanguage\":\"de\",\"potentialAction\":[{\"@type\":\"ReadAction\",\"target\":[\"https:\\\/\\\/ludwig-witzani.de\\\/zu-den-grossen-traeumen\\\/kanada\\\/\"]}]},{\"@type\":\"ImageObject\",\"inLanguage\":\"de\",\"@id\":\"https:\\\/\\\/ludwig-witzani.de\\\/zu-den-grossen-traeumen\\\/kanada\\\/#primaryimage\",\"url\":\"http:\\\/\\\/ludwig-witzani.de\\\/wp-content\\\/uploads\\\/2023\\\/07\\\/Cover-Christoph-583x800.jpg\",\"contentUrl\":\"http:\\\/\\\/ludwig-witzani.de\\\/wp-content\\\/uploads\\\/2023\\\/07\\\/Cover-Christoph-583x800.jpg\"},{\"@type\":\"BreadcrumbList\",\"@id\":\"https:\\\/\\\/ludwig-witzani.de\\\/zu-den-grossen-traeumen\\\/kanada\\\/#breadcrumb\",\"itemListElement\":[{\"@type\":\"ListItem\",\"position\":1,\"name\":\"Startseite\",\"item\":\"https:\\\/\\\/ludwig-witzani.de\\\/zu-den-grossen-traeumen\\\/\"},{\"@type\":\"ListItem\",\"position\":2,\"name\":\"Kanada &#8211; Von Qu\u00e9bec nach Vancouver\"}]},{\"@type\":\"WebSite\",\"@id\":\"https:\\\/\\\/ludwig-witzani.de\\\/zu-den-grossen-traeumen\\\/#website\",\"url\":\"https:\\\/\\\/ludwig-witzani.de\\\/zu-den-grossen-traeumen\\\/\",\"name\":\"Ludwig Witzani\",\"description\":\"World Wide Travel\",\"potentialAction\":[{\"@type\":\"SearchAction\",\"target\":{\"@type\":\"EntryPoint\",\"urlTemplate\":\"https:\\\/\\\/ludwig-witzani.de\\\/zu-den-grossen-traeumen\\\/?s={search_term_string}\"},\"query-input\":{\"@type\":\"PropertyValueSpecification\",\"valueRequired\":true,\"valueName\":\"search_term_string\"}}],\"inLanguage\":\"de\"}]}<\/script>\n<!-- \/ Yoast SEO plugin. -->","yoast_head_json":{"title":"Kanada - Von Qu\u00e9bec nach Vancouver - Ludwig Witzani","robots":{"index":"index","follow":"follow","max-snippet":"max-snippet:-1","max-image-preview":"max-image-preview:large","max-video-preview":"max-video-preview:-1"},"canonical":"https:\/\/ludwig-witzani.de\/zu-den-grossen-traeumen\/kanada\/","og_locale":"de_DE","og_type":"article","og_title":"Kanada - Von Qu\u00e9bec nach Vancouver - Ludwig Witzani","og_description":"252 Seiten, epubli Verlag, Berlin, 2023, Printausgabe 14,95 Euro ISBN &nbsp;978-3757566531 Kanada ist das Sehnsuchtsland zahlreicher Deutscher, Franzosen, Briten Italiener, und &nbsp;Osteurop\u00e4er, die &nbsp;in der Neuen Welt ihr Gl\u00fcck suchen. Auf der anderen Seite gibt es kaum einen Kanadier, der nicht&nbsp; ganz genau erz\u00e4hlen k\u00f6nnte, aus welcher Ecke von \u201egood old Europe\u201c seine Vorfahren stammen. &hellip; Kanada &#8211; Von Qu\u00e9bec nach Vancouver weiterlesen &rarr;","og_url":"https:\/\/ludwig-witzani.de\/zu-den-grossen-traeumen\/kanada\/","og_site_name":"Ludwig Witzani","article_modified_time":"2025-06-03T10:32:50+00:00","og_image":[{"width":1865,"height":2560,"url":"https:\/\/ludwig-witzani.de\/wp-content\/uploads\/2023\/07\/Cover-Christoph-scaled.jpg","type":"image\/jpeg"}],"twitter_card":"summary_large_image","twitter_misc":{"Gesch\u00e4tzte Lesezeit":"2\u00a0Minuten"},"schema":{"@context":"https:\/\/schema.org","@graph":[{"@type":"WebPage","@id":"https:\/\/ludwig-witzani.de\/zu-den-grossen-traeumen\/kanada\/","url":"https:\/\/ludwig-witzani.de\/zu-den-grossen-traeumen\/kanada\/","name":"Kanada - Von Qu\u00e9bec nach Vancouver - Ludwig Witzani","isPartOf":{"@id":"https:\/\/ludwig-witzani.de\/zu-den-grossen-traeumen\/#website"},"primaryImageOfPage":{"@id":"https:\/\/ludwig-witzani.de\/zu-den-grossen-traeumen\/kanada\/#primaryimage"},"image":{"@id":"https:\/\/ludwig-witzani.de\/zu-den-grossen-traeumen\/kanada\/#primaryimage"},"thumbnailUrl":"http:\/\/ludwig-witzani.de\/wp-content\/uploads\/2023\/07\/Cover-Christoph-583x800.jpg","datePublished":"2023-07-23T10:01:55+00:00","dateModified":"2025-06-03T10:32:50+00:00","breadcrumb":{"@id":"https:\/\/ludwig-witzani.de\/zu-den-grossen-traeumen\/kanada\/#breadcrumb"},"inLanguage":"de","potentialAction":[{"@type":"ReadAction","target":["https:\/\/ludwig-witzani.de\/zu-den-grossen-traeumen\/kanada\/"]}]},{"@type":"ImageObject","inLanguage":"de","@id":"https:\/\/ludwig-witzani.de\/zu-den-grossen-traeumen\/kanada\/#primaryimage","url":"http:\/\/ludwig-witzani.de\/wp-content\/uploads\/2023\/07\/Cover-Christoph-583x800.jpg","contentUrl":"http:\/\/ludwig-witzani.de\/wp-content\/uploads\/2023\/07\/Cover-Christoph-583x800.jpg"},{"@type":"BreadcrumbList","@id":"https:\/\/ludwig-witzani.de\/zu-den-grossen-traeumen\/kanada\/#breadcrumb","itemListElement":[{"@type":"ListItem","position":1,"name":"Startseite","item":"https:\/\/ludwig-witzani.de\/zu-den-grossen-traeumen\/"},{"@type":"ListItem","position":2,"name":"Kanada &#8211; Von Qu\u00e9bec nach Vancouver"}]},{"@type":"WebSite","@id":"https:\/\/ludwig-witzani.de\/zu-den-grossen-traeumen\/#website","url":"https:\/\/ludwig-witzani.de\/zu-den-grossen-traeumen\/","name":"Ludwig Witzani","description":"World Wide Travel","potentialAction":[{"@type":"SearchAction","target":{"@type":"EntryPoint","urlTemplate":"https:\/\/ludwig-witzani.de\/zu-den-grossen-traeumen\/?s={search_term_string}"},"query-input":{"@type":"PropertyValueSpecification","valueRequired":true,"valueName":"search_term_string"}}],"inLanguage":"de"}]}},"jetpack_shortlink":"https:\/\/wp.me\/P4daYo-2iJ","jetpack_sharing_enabled":true,"_links":{"self":[{"href":"https:\/\/ludwig-witzani.de\/zu-den-grossen-traeumen\/wp-json\/wp\/v2\/pages\/8849","targetHints":{"allow":["GET"]}}],"collection":[{"href":"https:\/\/ludwig-witzani.de\/zu-den-grossen-traeumen\/wp-json\/wp\/v2\/pages"}],"about":[{"href":"https:\/\/ludwig-witzani.de\/zu-den-grossen-traeumen\/wp-json\/wp\/v2\/types\/page"}],"author":[{"embeddable":true,"href":"https:\/\/ludwig-witzani.de\/zu-den-grossen-traeumen\/wp-json\/wp\/v2\/users\/2"}],"replies":[{"embeddable":true,"href":"https:\/\/ludwig-witzani.de\/zu-den-grossen-traeumen\/wp-json\/wp\/v2\/comments?post=8849"}],"version-history":[{"count":17,"href":"https:\/\/ludwig-witzani.de\/zu-den-grossen-traeumen\/wp-json\/wp\/v2\/pages\/8849\/revisions"}],"predecessor-version":[{"id":10301,"href":"https:\/\/ludwig-witzani.de\/zu-den-grossen-traeumen\/wp-json\/wp\/v2\/pages\/8849\/revisions\/10301"}],"wp:attachment":[{"href":"https:\/\/ludwig-witzani.de\/zu-den-grossen-traeumen\/wp-json\/wp\/v2\/media?parent=8849"}],"curies":[{"name":"wp","href":"https:\/\/api.w.org\/{rel}","templated":true}]}}