{"id":8470,"date":"2022-04-03T05:27:10","date_gmt":"2022-04-03T05:27:10","guid":{"rendered":"http:\/\/ludwig-witzani.de\/?page_id=8470"},"modified":"2025-06-03T10:32:50","modified_gmt":"2025-06-03T10:32:50","slug":"deer-unendliche-ozean","status":"publish","type":"page","link":"https:\/\/ludwig-witzani.de\/zu-den-grossen-traeumen\/deer-unendliche-ozean\/","title":{"rendered":"Der unendliche Ozean"},"content":{"rendered":"<p><img loading=\"lazy\" decoding=\"async\" class=\"wp-image-8471 alignleft\" src=\"http:\/\/ludwig-witzani.de\/wp-content\/uploads\/2022\/04\/Frontccover-1.jpg\" alt=\"\" width=\"337\" height=\"490\"\/>Die Erschlie\u00dfung des pazifischen Raumes durch die polynesischen Seefahrer geh\u00f6rte zu den gro\u00dfen Abenteuern der &nbsp;Menschheitsgeschichte. In einem Jahrtausende langen Entdeckungsprozess besiedelten sie nahezu s\u00e4mtliche Inseln des Pazifiks und schufen eine der &nbsp;erstaunlichsten Zivilisationen der Erde. Ludwig Witzani hat sich aufgemacht, auf vier ausgedehnten pazifischen Reisen &nbsp;Geschichte und Gegenwart dieser polynesischen Zivilisation zwischen Tonga und den Osterinseln, Hawaii und Neuseeland zu erkunden. Er beobachtete das Fire-Walking auf den Fidschi Inseln und badete am \u201eReturn to Paradise Beach\u201c auf Samoa. Er umrundete Rarotonga und Bora Bora mit dem Fahrrad und &nbsp;wanderte auf dem Kalaulau Trail die K\u00fcste Kauais entlang. In Rapa Nui begegnete er den \u00dcberresten einer \u00f6kologischen Apokalypse und auf den Galapagosinseln einem Experimentierfeld der Evolution. Immer wieder stie\u00df er auf disparate Inselwelten im demografischen Umbruch und Fluchtorte des modernen Menschen, der seine Sehns\u00fcchte auf eine imagin\u00e4re \u201eS\u00fcdsee\u201c projeziert. Ein informatives und zugleich melancholisches Buch \u00fcber Sch\u00f6nheit und Verg\u00e4nglichkeit von einem Autor mit einem Faible f\u00fcr Geschichte.<\/p>\n<p><a href=\"http:\/\/ludwig-witzani.de\/inhaltsverzeichnis-das-unendliche-meer-2\/\">INHALTSVERZEICHNIS<\/a><\/p>\n<p>Leseprobe 1: <a href=\"http:\/\/ludwig-witzani.de\/die-insel-der-zwei-geschwindigkeiten\/\">Die Insel der zwei Geschwindigkeiten<\/a><\/p>\n<p>Leseprobe 2: <a href=\"http:\/\/ludwig-witzani.de\/der-untergang-der-osterinseln\/\">Der Untergang der Osterinseln<\/a><\/p>\n<p>&nbsp;<\/p>\n<p>&nbsp;<\/p>\n","protected":false},"excerpt":{"rendered":"<p>Die Erschlie\u00dfung des pazifischen Raumes durch die polynesischen Seefahrer geh\u00f6rte zu den gro\u00dfen Abenteuern der &nbsp;Menschheitsgeschichte. In einem Jahrtausende langen Entdeckungsprozess besiedelten sie nahezu s\u00e4mtliche Inseln des Pazifiks und schufen eine der &nbsp;erstaunlichsten Zivilisationen der Erde. Ludwig Witzani hat sich aufgemacht, auf vier ausgedehnten pazifischen Reisen &nbsp;Geschichte und Gegenwart dieser polynesischen Zivilisation zwischen Tonga und &hellip; <a href=\"https:\/\/ludwig-witzani.de\/zu-den-grossen-traeumen\/deer-unendliche-ozean\/\" class=\"more-link\"><span class=\"screen-reader-text\">Der unendliche Ozean<\/span> weiterlesen <span class=\"meta-nav\">&rarr;<\/span><\/a><\/p>\n","protected":false},"author":2,"featured_media":0,"parent":0,"menu_order":0,"comment_status":"closed","ping_status":"closed","template":"","meta":{"ngg_post_thumbnail":0,"jetpack_post_was_ever_published":false,"footnotes":""},"class_list":["post-8470","page","type-page","status-publish","hentry"],"yoast_head":"<!-- This site is optimized with the Yoast SEO plugin v27.4 - https:\/\/yoast.com\/product\/yoast-seo-wordpress\/ -->\n<title>Der unendliche Ozean - Ludwig Witzani<\/title>\n<meta name=\"robots\" content=\"index, follow, max-snippet:-1, max-image-preview:large, max-video-preview:-1\" \/>\n<link rel=\"canonical\" href=\"https:\/\/ludwig-witzani.de\/zu-den-grossen-traeumen\/deer-unendliche-ozean\/\" \/>\n<meta property=\"og:locale\" content=\"de_DE\" \/>\n<meta property=\"og:type\" content=\"article\" \/>\n<meta property=\"og:title\" content=\"Der unendliche Ozean - Ludwig Witzani\" \/>\n<meta property=\"og:description\" content=\"Die Erschlie\u00dfung des pazifischen Raumes durch die polynesischen Seefahrer geh\u00f6rte zu den gro\u00dfen Abenteuern der &nbsp;Menschheitsgeschichte. In einem Jahrtausende langen Entdeckungsprozess besiedelten sie nahezu s\u00e4mtliche Inseln des Pazifiks und schufen eine der &nbsp;erstaunlichsten Zivilisationen der Erde. Ludwig Witzani hat sich aufgemacht, auf vier ausgedehnten pazifischen Reisen &nbsp;Geschichte und Gegenwart dieser polynesischen Zivilisation zwischen Tonga und &hellip; Der unendliche Ozean weiterlesen &rarr;\" \/>\n<meta property=\"og:url\" content=\"https:\/\/ludwig-witzani.de\/zu-den-grossen-traeumen\/deer-unendliche-ozean\/\" \/>\n<meta property=\"og:site_name\" content=\"Ludwig Witzani\" \/>\n<meta property=\"article:modified_time\" content=\"2025-06-03T10:32:50+00:00\" \/>\n<meta property=\"og:image\" content=\"https:\/\/ludwig-witzani.de\/wp-content\/uploads\/2022\/04\/Frontccover-1.jpg\" \/>\n\t<meta property=\"og:image:width\" content=\"440\" \/>\n\t<meta property=\"og:image:height\" content=\"640\" \/>\n\t<meta property=\"og:image:type\" content=\"image\/jpeg\" \/>\n<meta name=\"twitter:card\" content=\"summary_large_image\" \/>\n<meta name=\"twitter:label1\" content=\"Gesch\u00e4tzte Lesezeit\" \/>\n\t<meta name=\"twitter:data1\" content=\"2\u00a0Minuten\" \/>\n<script type=\"application\/ld+json\" class=\"yoast-schema-graph\">{\"@context\":\"https:\\\/\\\/schema.org\",\"@graph\":[{\"@type\":\"WebPage\",\"@id\":\"https:\\\/\\\/ludwig-witzani.de\\\/zu-den-grossen-traeumen\\\/deer-unendliche-ozean\\\/\",\"url\":\"https:\\\/\\\/ludwig-witzani.de\\\/zu-den-grossen-traeumen\\\/deer-unendliche-ozean\\\/\",\"name\":\"Der unendliche Ozean - Ludwig Witzani\",\"isPartOf\":{\"@id\":\"https:\\\/\\\/ludwig-witzani.de\\\/zu-den-grossen-traeumen\\\/#website\"},\"primaryImageOfPage\":{\"@id\":\"https:\\\/\\\/ludwig-witzani.de\\\/zu-den-grossen-traeumen\\\/deer-unendliche-ozean\\\/#primaryimage\"},\"image\":{\"@id\":\"https:\\\/\\\/ludwig-witzani.de\\\/zu-den-grossen-traeumen\\\/deer-unendliche-ozean\\\/#primaryimage\"},\"thumbnailUrl\":\"http:\\\/\\\/ludwig-witzani.de\\\/wp-content\\\/uploads\\\/2022\\\/04\\\/Frontccover-1.jpg\",\"datePublished\":\"2022-04-03T05:27:10+00:00\",\"dateModified\":\"2025-06-03T10:32:50+00:00\",\"breadcrumb\":{\"@id\":\"https:\\\/\\\/ludwig-witzani.de\\\/zu-den-grossen-traeumen\\\/deer-unendliche-ozean\\\/#breadcrumb\"},\"inLanguage\":\"de\",\"potentialAction\":[{\"@type\":\"ReadAction\",\"target\":[\"https:\\\/\\\/ludwig-witzani.de\\\/zu-den-grossen-traeumen\\\/deer-unendliche-ozean\\\/\"]}]},{\"@type\":\"ImageObject\",\"inLanguage\":\"de\",\"@id\":\"https:\\\/\\\/ludwig-witzani.de\\\/zu-den-grossen-traeumen\\\/deer-unendliche-ozean\\\/#primaryimage\",\"url\":\"http:\\\/\\\/ludwig-witzani.de\\\/wp-content\\\/uploads\\\/2022\\\/04\\\/Frontccover-1.jpg\",\"contentUrl\":\"http:\\\/\\\/ludwig-witzani.de\\\/wp-content\\\/uploads\\\/2022\\\/04\\\/Frontccover-1.jpg\"},{\"@type\":\"BreadcrumbList\",\"@id\":\"https:\\\/\\\/ludwig-witzani.de\\\/zu-den-grossen-traeumen\\\/deer-unendliche-ozean\\\/#breadcrumb\",\"itemListElement\":[{\"@type\":\"ListItem\",\"position\":1,\"name\":\"Startseite\",\"item\":\"https:\\\/\\\/ludwig-witzani.de\\\/zu-den-grossen-traeumen\\\/\"},{\"@type\":\"ListItem\",\"position\":2,\"name\":\"Der unendliche Ozean\"}]},{\"@type\":\"WebSite\",\"@id\":\"https:\\\/\\\/ludwig-witzani.de\\\/zu-den-grossen-traeumen\\\/#website\",\"url\":\"https:\\\/\\\/ludwig-witzani.de\\\/zu-den-grossen-traeumen\\\/\",\"name\":\"Ludwig Witzani\",\"description\":\"World Wide Travel\",\"potentialAction\":[{\"@type\":\"SearchAction\",\"target\":{\"@type\":\"EntryPoint\",\"urlTemplate\":\"https:\\\/\\\/ludwig-witzani.de\\\/zu-den-grossen-traeumen\\\/?s={search_term_string}\"},\"query-input\":{\"@type\":\"PropertyValueSpecification\",\"valueRequired\":true,\"valueName\":\"search_term_string\"}}],\"inLanguage\":\"de\"}]}<\/script>\n<!-- \/ Yoast SEO plugin. -->","yoast_head_json":{"title":"Der unendliche Ozean - Ludwig Witzani","robots":{"index":"index","follow":"follow","max-snippet":"max-snippet:-1","max-image-preview":"max-image-preview:large","max-video-preview":"max-video-preview:-1"},"canonical":"https:\/\/ludwig-witzani.de\/zu-den-grossen-traeumen\/deer-unendliche-ozean\/","og_locale":"de_DE","og_type":"article","og_title":"Der unendliche Ozean - Ludwig Witzani","og_description":"Die Erschlie\u00dfung des pazifischen Raumes durch die polynesischen Seefahrer geh\u00f6rte zu den gro\u00dfen Abenteuern der &nbsp;Menschheitsgeschichte. In einem Jahrtausende langen Entdeckungsprozess besiedelten sie nahezu s\u00e4mtliche Inseln des Pazifiks und schufen eine der &nbsp;erstaunlichsten Zivilisationen der Erde. Ludwig Witzani hat sich aufgemacht, auf vier ausgedehnten pazifischen Reisen &nbsp;Geschichte und Gegenwart dieser polynesischen Zivilisation zwischen Tonga und &hellip; Der unendliche Ozean weiterlesen &rarr;","og_url":"https:\/\/ludwig-witzani.de\/zu-den-grossen-traeumen\/deer-unendliche-ozean\/","og_site_name":"Ludwig Witzani","article_modified_time":"2025-06-03T10:32:50+00:00","og_image":[{"width":440,"height":640,"url":"https:\/\/ludwig-witzani.de\/wp-content\/uploads\/2022\/04\/Frontccover-1.jpg","type":"image\/jpeg"}],"twitter_card":"summary_large_image","twitter_misc":{"Gesch\u00e4tzte Lesezeit":"2\u00a0Minuten"},"schema":{"@context":"https:\/\/schema.org","@graph":[{"@type":"WebPage","@id":"https:\/\/ludwig-witzani.de\/zu-den-grossen-traeumen\/deer-unendliche-ozean\/","url":"https:\/\/ludwig-witzani.de\/zu-den-grossen-traeumen\/deer-unendliche-ozean\/","name":"Der unendliche Ozean - Ludwig Witzani","isPartOf":{"@id":"https:\/\/ludwig-witzani.de\/zu-den-grossen-traeumen\/#website"},"primaryImageOfPage":{"@id":"https:\/\/ludwig-witzani.de\/zu-den-grossen-traeumen\/deer-unendliche-ozean\/#primaryimage"},"image":{"@id":"https:\/\/ludwig-witzani.de\/zu-den-grossen-traeumen\/deer-unendliche-ozean\/#primaryimage"},"thumbnailUrl":"http:\/\/ludwig-witzani.de\/wp-content\/uploads\/2022\/04\/Frontccover-1.jpg","datePublished":"2022-04-03T05:27:10+00:00","dateModified":"2025-06-03T10:32:50+00:00","breadcrumb":{"@id":"https:\/\/ludwig-witzani.de\/zu-den-grossen-traeumen\/deer-unendliche-ozean\/#breadcrumb"},"inLanguage":"de","potentialAction":[{"@type":"ReadAction","target":["https:\/\/ludwig-witzani.de\/zu-den-grossen-traeumen\/deer-unendliche-ozean\/"]}]},{"@type":"ImageObject","inLanguage":"de","@id":"https:\/\/ludwig-witzani.de\/zu-den-grossen-traeumen\/deer-unendliche-ozean\/#primaryimage","url":"http:\/\/ludwig-witzani.de\/wp-content\/uploads\/2022\/04\/Frontccover-1.jpg","contentUrl":"http:\/\/ludwig-witzani.de\/wp-content\/uploads\/2022\/04\/Frontccover-1.jpg"},{"@type":"BreadcrumbList","@id":"https:\/\/ludwig-witzani.de\/zu-den-grossen-traeumen\/deer-unendliche-ozean\/#breadcrumb","itemListElement":[{"@type":"ListItem","position":1,"name":"Startseite","item":"https:\/\/ludwig-witzani.de\/zu-den-grossen-traeumen\/"},{"@type":"ListItem","position":2,"name":"Der unendliche Ozean"}]},{"@type":"WebSite","@id":"https:\/\/ludwig-witzani.de\/zu-den-grossen-traeumen\/#website","url":"https:\/\/ludwig-witzani.de\/zu-den-grossen-traeumen\/","name":"Ludwig Witzani","description":"World Wide Travel","potentialAction":[{"@type":"SearchAction","target":{"@type":"EntryPoint","urlTemplate":"https:\/\/ludwig-witzani.de\/zu-den-grossen-traeumen\/?s={search_term_string}"},"query-input":{"@type":"PropertyValueSpecification","valueRequired":true,"valueName":"search_term_string"}}],"inLanguage":"de"}]}},"jetpack_shortlink":"https:\/\/wp.me\/P4daYo-2cC","jetpack_sharing_enabled":true,"_links":{"self":[{"href":"https:\/\/ludwig-witzani.de\/zu-den-grossen-traeumen\/wp-json\/wp\/v2\/pages\/8470","targetHints":{"allow":["GET"]}}],"collection":[{"href":"https:\/\/ludwig-witzani.de\/zu-den-grossen-traeumen\/wp-json\/wp\/v2\/pages"}],"about":[{"href":"https:\/\/ludwig-witzani.de\/zu-den-grossen-traeumen\/wp-json\/wp\/v2\/types\/page"}],"author":[{"embeddable":true,"href":"https:\/\/ludwig-witzani.de\/zu-den-grossen-traeumen\/wp-json\/wp\/v2\/users\/2"}],"replies":[{"embeddable":true,"href":"https:\/\/ludwig-witzani.de\/zu-den-grossen-traeumen\/wp-json\/wp\/v2\/comments?post=8470"}],"version-history":[{"count":9,"href":"https:\/\/ludwig-witzani.de\/zu-den-grossen-traeumen\/wp-json\/wp\/v2\/pages\/8470\/revisions"}],"predecessor-version":[{"id":10300,"href":"https:\/\/ludwig-witzani.de\/zu-den-grossen-traeumen\/wp-json\/wp\/v2\/pages\/8470\/revisions\/10300"}],"wp:attachment":[{"href":"https:\/\/ludwig-witzani.de\/zu-den-grossen-traeumen\/wp-json\/wp\/v2\/media?parent=8470"}],"curies":[{"name":"wp","href":"https:\/\/api.w.org\/{rel}","templated":true}]}}