{"id":8255,"date":"2021-10-06T12:27:05","date_gmt":"2021-10-06T12:27:05","guid":{"rendered":"http:\/\/ludwig-witzani.de\/?page_id=8255"},"modified":"2025-06-03T10:32:50","modified_gmt":"2025-06-03T10:32:50","slug":"neu-das-dorf-nowolipie-der-roman-polens","status":"publish","type":"page","link":"https:\/\/ludwig-witzani.de\/zu-den-grossen-traeumen\/neu-das-dorf-nowolipie-der-roman-polens\/","title":{"rendered":"POLEN-TRILOGIE &#8211; Einf\u00fchrung und \u00dcberblick"},"content":{"rendered":"<p><img loading=\"lazy\" decoding=\"async\" class=\"aligncenter wp-image-9997\" src=\"https:\/\/ludwig-witzani.de\/wp-content\/uploads\/2025\/01\/Front-Cover-Polen-Trologie-900x461.jpg\" alt=\"\" width=\"639\" height=\"327\" srcset=\"https:\/\/ludwig-witzani.de\/wp-content\/uploads\/2025\/01\/Front-Cover-Polen-Trologie-900x461.jpg 900w, https:\/\/ludwig-witzani.de\/wp-content\/uploads\/2025\/01\/Front-Cover-Polen-Trologie-1920x984.jpg 1920w, https:\/\/ludwig-witzani.de\/wp-content\/uploads\/2025\/01\/Front-Cover-Polen-Trologie-768x394.jpg 768w, https:\/\/ludwig-witzani.de\/wp-content\/uploads\/2025\/01\/Front-Cover-Polen-Trologie-1536x787.jpg 1536w, https:\/\/ludwig-witzani.de\/wp-content\/uploads\/2025\/01\/Front-Cover-Polen-Trologie-2048x1050.jpg 2048w\" sizes=\"auto, (max-width: 639px) 100vw, 639px\" \/><\/p>\n<p style=\"text-align: center;\"><strong><a href=\"https:\/\/www.dropbox.com\/scl\/fi\/7t8rc4h8hcsh3ok574jzr\/Video-Buchvorstellung.MP4?rlkey=ief5k53b0vlepjjhdima0wp12&amp;st=j10emmq7&amp;dl=0\">Ein Werkstattbericht &#8211; Der Autor spricht \u00fcber das Romanprojekt<\/a><\/strong><\/p>\n<p style=\"text-align: center;\"><strong><a href=\"https:\/\/ludwig-witzani.de\/inhaltsverezeichnis\/\"><img loading=\"lazy\" decoding=\"async\" class=\"wp-image-10026 alignleft\" src=\"https:\/\/ludwig-witzani.de\/wp-content\/uploads\/2025\/01\/IMG_5034-2-563x800.jpg\" alt=\"\" width=\"76\" height=\"108\" srcset=\"https:\/\/ludwig-witzani.de\/wp-content\/uploads\/2025\/01\/IMG_5034-2-563x800.jpg 563w, https:\/\/ludwig-witzani.de\/wp-content\/uploads\/2025\/01\/IMG_5034-2-768x1091.jpg 768w, https:\/\/ludwig-witzani.de\/wp-content\/uploads\/2025\/01\/IMG_5034-2.jpg 787w\" sizes=\"auto, (max-width: 76px) 100vw, 76px\" \/>Inhaltsverzeichnis<\/a><\/strong><\/p>\n<p style=\"text-align: center;\"><strong><a href=\"https:\/\/ludwig-witzani.de\/wp-content\/uploads\/2025\/01\/Expose-Das-Dorf-Nowolipie.pdf\">Worum geht es in diesem Roman?&nbsp;<\/a><\/strong><\/p>\n<p>______________________________________________________<\/p>\n<h4 style=\"text-align: center;\"><a href=\"http:\/\/ludwig-witzani.de\/leseproben-aus-dem-roman-das-dorf-nowolipie\/\"><strong>LESE- UND H\u00d6RPROBEN<\/strong><\/a><\/h4>\n<p style=\"text-align: right;\"><a href=\"https:\/\/www.dropbox.com\/scl\/fi\/37pbvab3er9rgf18wo2i1\/Leseprobe-1.MP4?rlkey=0u5lh2cjwma6kxhrbt2yknayi&amp;st=laxp72vn&amp;dl=0\"><strong><img loading=\"lazy\" decoding=\"async\" class=\"wp-image-10024 alignleft\" src=\"https:\/\/ludwig-witzani.de\/wp-content\/uploads\/2025\/01\/05_20211014_105933-900x571.jpg\" alt=\"\" width=\"315\" height=\"200\" srcset=\"https:\/\/ludwig-witzani.de\/wp-content\/uploads\/2025\/01\/05_20211014_105933-900x571.jpg 900w, https:\/\/ludwig-witzani.de\/wp-content\/uploads\/2025\/01\/05_20211014_105933-1893x1200.jpg 1893w, https:\/\/ludwig-witzani.de\/wp-content\/uploads\/2025\/01\/05_20211014_105933-768x487.jpg 768w, https:\/\/ludwig-witzani.de\/wp-content\/uploads\/2025\/01\/05_20211014_105933-1536x974.jpg 1536w, https:\/\/ludwig-witzani.de\/wp-content\/uploads\/2025\/01\/05_20211014_105933-2048x1298.jpg 2048w\" sizes=\"auto, (max-width: 315px) 100vw, 315px\" \/>&nbsp;H\u00f6rprobe 1: Das Dorf und das Massaker<\/strong> <\/a><\/p>\n<p style=\"text-align: right;\"><strong><a href=\"https:\/\/www.dropbox.com\/scl\/fi\/bgh5irswaup7qtarxpf2r\/Leseprobe-2-Die-Stadt-der-Zukunft.MP4?rlkey=1zswhozxmq9r0m19mx0cq2gbg&amp;st=nk3vmttj&amp;dl=0\">H\u00f6rprobe 2-Die-Stadt der Zukunft<\/a><\/strong><\/p>\n<p style=\"text-align: right;\"><strong><a href=\"https:\/\/www.dropbox.com\/scl\/fi\/5ddtl9rdy97d7gbt0jp0q\/Leseprobe-3-Tausend-Jahre-Polen.MP4?rlkey=hhmuthdoavqf2i9uhfgpjyuuc&amp;st=dd24205k&amp;dl=0\">H\u00f6rprobe 3:- Tausend Jahre Polen.<\/a><\/strong><\/p>\n<p style=\"text-align: right;\">(mit freundlicher Erlaubnis des <strong><a href=\"https:\/\/www.kontrafunk.de\/de\/\">KONTRAFUNK \u2013Radios)<\/a><\/strong><\/p>\n<p style=\"text-align: center;\">________________________________________________________________________<\/p>\n<p style=\"text-align: center;\"><a href=\"http:\/\/ludwig-witzani.de\/stammtafel\/\"><strong>Stammtafel und <\/strong><strong>Hauptpersonen&nbsp;<\/strong><\/a><\/p>\n<p style=\"text-align: center;\"><a href=\"https:\/\/ludwig-witzani.de\/wp-content\/uploads\/2025\/01\/Das-Leben-der-Maria-Kaminski-DAMALS-ohne-Deckblatt.pdf\"><strong>Dokumentation &#8211; Geschichte im Hinterhof Europas &#8211; Das Leben der Maria Kaminski<\/strong><\/a><\/p>\n<p><img loading=\"lazy\" decoding=\"async\" class=\"aligncenter size-medium wp-image-10029\" src=\"https:\/\/ludwig-witzani.de\/wp-content\/uploads\/2025\/01\/IMG_1074-900x684.jpg\" alt=\"\" width=\"900\" height=\"684\" srcset=\"https:\/\/ludwig-witzani.de\/wp-content\/uploads\/2025\/01\/IMG_1074-900x684.jpg 900w, https:\/\/ludwig-witzani.de\/wp-content\/uploads\/2025\/01\/IMG_1074-1579x1200.jpg 1579w, https:\/\/ludwig-witzani.de\/wp-content\/uploads\/2025\/01\/IMG_1074-768x584.jpg 768w, https:\/\/ludwig-witzani.de\/wp-content\/uploads\/2025\/01\/IMG_1074-1536x1168.jpg 1536w, https:\/\/ludwig-witzani.de\/wp-content\/uploads\/2025\/01\/IMG_1074-2048x1557.jpg 2048w\" sizes=\"auto, (max-width: 900px) 100vw, 900px\" \/><\/p>\n<p>&nbsp;<\/p>\n<p>&nbsp;<\/p>\n<p>&nbsp;<\/p>\n","protected":false},"excerpt":{"rendered":"<p>Ein Werkstattbericht &#8211; Der Autor spricht \u00fcber das Romanprojekt Inhaltsverzeichnis Worum geht es in diesem Roman?&nbsp; ______________________________________________________ LESE- UND H\u00d6RPROBEN &nbsp;H\u00f6rprobe 1: Das Dorf und das Massaker H\u00f6rprobe 2-Die-Stadt der Zukunft H\u00f6rprobe 3:- Tausend Jahre Polen. (mit freundlicher Erlaubnis des KONTRAFUNK \u2013Radios) ________________________________________________________________________ Stammtafel und Hauptpersonen&nbsp; Dokumentation &#8211; Geschichte im Hinterhof Europas &#8211; Das Leben &hellip; <a href=\"https:\/\/ludwig-witzani.de\/zu-den-grossen-traeumen\/neu-das-dorf-nowolipie-der-roman-polens\/\" class=\"more-link\"><span class=\"screen-reader-text\">POLEN-TRILOGIE &#8211; Einf\u00fchrung und \u00dcberblick<\/span> weiterlesen <span class=\"meta-nav\">&rarr;<\/span><\/a><\/p>\n","protected":false},"author":2,"featured_media":0,"parent":0,"menu_order":0,"comment_status":"closed","ping_status":"closed","template":"","meta":{"ngg_post_thumbnail":0,"jetpack_post_was_ever_published":false,"footnotes":""},"class_list":["post-8255","page","type-page","status-publish","hentry"],"yoast_head":"<!-- This site is optimized with the Yoast SEO plugin v27.4 - https:\/\/yoast.com\/product\/yoast-seo-wordpress\/ -->\n<title>POLEN-TRILOGIE - Einf\u00fchrung und \u00dcberblick - Ludwig Witzani<\/title>\n<meta name=\"robots\" content=\"index, follow, max-snippet:-1, max-image-preview:large, max-video-preview:-1\" \/>\n<link rel=\"canonical\" href=\"https:\/\/ludwig-witzani.de\/zu-den-grossen-traeumen\/neu-das-dorf-nowolipie-der-roman-polens\/\" \/>\n<meta property=\"og:locale\" content=\"de_DE\" \/>\n<meta property=\"og:type\" content=\"article\" \/>\n<meta property=\"og:title\" content=\"POLEN-TRILOGIE - Einf\u00fchrung und \u00dcberblick - Ludwig Witzani\" \/>\n<meta property=\"og:description\" content=\"Ein Werkstattbericht &#8211; Der Autor spricht \u00fcber das Romanprojekt Inhaltsverzeichnis Worum geht es in diesem Roman?&nbsp; ______________________________________________________ LESE- UND H\u00d6RPROBEN &nbsp;H\u00f6rprobe 1: Das Dorf und das Massaker H\u00f6rprobe 2-Die-Stadt der Zukunft H\u00f6rprobe 3:- Tausend Jahre Polen. (mit freundlicher Erlaubnis des KONTRAFUNK \u2013Radios) ________________________________________________________________________ Stammtafel und Hauptpersonen&nbsp; Dokumentation &#8211; Geschichte im Hinterhof Europas &#8211; Das Leben &hellip; POLEN-TRILOGIE &#8211; Einf\u00fchrung und \u00dcberblick weiterlesen &rarr;\" \/>\n<meta property=\"og:url\" content=\"https:\/\/ludwig-witzani.de\/zu-den-grossen-traeumen\/neu-das-dorf-nowolipie-der-roman-polens\/\" \/>\n<meta property=\"og:site_name\" content=\"Ludwig Witzani\" \/>\n<meta property=\"article:modified_time\" content=\"2025-06-03T10:32:50+00:00\" \/>\n<meta property=\"og:image\" content=\"https:\/\/ludwig-witzani.de\/wp-content\/uploads\/2025\/01\/Front-Cover-Polen-Trologie-scaled.jpg\" \/>\n\t<meta property=\"og:image:width\" content=\"2560\" \/>\n\t<meta property=\"og:image:height\" content=\"1312\" \/>\n\t<meta property=\"og:image:type\" content=\"image\/jpeg\" \/>\n<meta name=\"twitter:card\" content=\"summary_large_image\" \/>\n<meta name=\"twitter:label1\" content=\"Gesch\u00e4tzte Lesezeit\" \/>\n\t<meta name=\"twitter:data1\" content=\"2\u00a0Minuten\" \/>\n<script type=\"application\/ld+json\" class=\"yoast-schema-graph\">{\"@context\":\"https:\\\/\\\/schema.org\",\"@graph\":[{\"@type\":\"WebPage\",\"@id\":\"https:\\\/\\\/ludwig-witzani.de\\\/zu-den-grossen-traeumen\\\/neu-das-dorf-nowolipie-der-roman-polens\\\/\",\"url\":\"https:\\\/\\\/ludwig-witzani.de\\\/zu-den-grossen-traeumen\\\/neu-das-dorf-nowolipie-der-roman-polens\\\/\",\"name\":\"POLEN-TRILOGIE - Einf\u00fchrung und \u00dcberblick - Ludwig Witzani\",\"isPartOf\":{\"@id\":\"https:\\\/\\\/ludwig-witzani.de\\\/zu-den-grossen-traeumen\\\/#website\"},\"primaryImageOfPage\":{\"@id\":\"https:\\\/\\\/ludwig-witzani.de\\\/zu-den-grossen-traeumen\\\/neu-das-dorf-nowolipie-der-roman-polens\\\/#primaryimage\"},\"image\":{\"@id\":\"https:\\\/\\\/ludwig-witzani.de\\\/zu-den-grossen-traeumen\\\/neu-das-dorf-nowolipie-der-roman-polens\\\/#primaryimage\"},\"thumbnailUrl\":\"https:\\\/\\\/ludwig-witzani.de\\\/wp-content\\\/uploads\\\/2025\\\/01\\\/Front-Cover-Polen-Trologie-900x461.jpg\",\"datePublished\":\"2021-10-06T12:27:05+00:00\",\"dateModified\":\"2025-06-03T10:32:50+00:00\",\"breadcrumb\":{\"@id\":\"https:\\\/\\\/ludwig-witzani.de\\\/zu-den-grossen-traeumen\\\/neu-das-dorf-nowolipie-der-roman-polens\\\/#breadcrumb\"},\"inLanguage\":\"de\",\"potentialAction\":[{\"@type\":\"ReadAction\",\"target\":[\"https:\\\/\\\/ludwig-witzani.de\\\/zu-den-grossen-traeumen\\\/neu-das-dorf-nowolipie-der-roman-polens\\\/\"]}]},{\"@type\":\"ImageObject\",\"inLanguage\":\"de\",\"@id\":\"https:\\\/\\\/ludwig-witzani.de\\\/zu-den-grossen-traeumen\\\/neu-das-dorf-nowolipie-der-roman-polens\\\/#primaryimage\",\"url\":\"https:\\\/\\\/ludwig-witzani.de\\\/wp-content\\\/uploads\\\/2025\\\/01\\\/Front-Cover-Polen-Trologie-900x461.jpg\",\"contentUrl\":\"https:\\\/\\\/ludwig-witzani.de\\\/wp-content\\\/uploads\\\/2025\\\/01\\\/Front-Cover-Polen-Trologie-900x461.jpg\"},{\"@type\":\"BreadcrumbList\",\"@id\":\"https:\\\/\\\/ludwig-witzani.de\\\/zu-den-grossen-traeumen\\\/neu-das-dorf-nowolipie-der-roman-polens\\\/#breadcrumb\",\"itemListElement\":[{\"@type\":\"ListItem\",\"position\":1,\"name\":\"Startseite\",\"item\":\"https:\\\/\\\/ludwig-witzani.de\\\/zu-den-grossen-traeumen\\\/\"},{\"@type\":\"ListItem\",\"position\":2,\"name\":\"POLEN-TRILOGIE &#8211; Einf\u00fchrung und \u00dcberblick\"}]},{\"@type\":\"WebSite\",\"@id\":\"https:\\\/\\\/ludwig-witzani.de\\\/zu-den-grossen-traeumen\\\/#website\",\"url\":\"https:\\\/\\\/ludwig-witzani.de\\\/zu-den-grossen-traeumen\\\/\",\"name\":\"Ludwig Witzani\",\"description\":\"World Wide Travel\",\"potentialAction\":[{\"@type\":\"SearchAction\",\"target\":{\"@type\":\"EntryPoint\",\"urlTemplate\":\"https:\\\/\\\/ludwig-witzani.de\\\/zu-den-grossen-traeumen\\\/?s={search_term_string}\"},\"query-input\":{\"@type\":\"PropertyValueSpecification\",\"valueRequired\":true,\"valueName\":\"search_term_string\"}}],\"inLanguage\":\"de\"}]}<\/script>\n<!-- \/ Yoast SEO plugin. -->","yoast_head_json":{"title":"POLEN-TRILOGIE - Einf\u00fchrung und \u00dcberblick - Ludwig Witzani","robots":{"index":"index","follow":"follow","max-snippet":"max-snippet:-1","max-image-preview":"max-image-preview:large","max-video-preview":"max-video-preview:-1"},"canonical":"https:\/\/ludwig-witzani.de\/zu-den-grossen-traeumen\/neu-das-dorf-nowolipie-der-roman-polens\/","og_locale":"de_DE","og_type":"article","og_title":"POLEN-TRILOGIE - Einf\u00fchrung und \u00dcberblick - Ludwig Witzani","og_description":"Ein Werkstattbericht &#8211; Der Autor spricht \u00fcber das Romanprojekt Inhaltsverzeichnis Worum geht es in diesem Roman?&nbsp; ______________________________________________________ LESE- UND H\u00d6RPROBEN &nbsp;H\u00f6rprobe 1: Das Dorf und das Massaker H\u00f6rprobe 2-Die-Stadt der Zukunft H\u00f6rprobe 3:- Tausend Jahre Polen. (mit freundlicher Erlaubnis des KONTRAFUNK \u2013Radios) ________________________________________________________________________ Stammtafel und Hauptpersonen&nbsp; Dokumentation &#8211; Geschichte im Hinterhof Europas &#8211; Das Leben &hellip; POLEN-TRILOGIE &#8211; Einf\u00fchrung und \u00dcberblick weiterlesen &rarr;","og_url":"https:\/\/ludwig-witzani.de\/zu-den-grossen-traeumen\/neu-das-dorf-nowolipie-der-roman-polens\/","og_site_name":"Ludwig Witzani","article_modified_time":"2025-06-03T10:32:50+00:00","og_image":[{"width":2560,"height":1312,"url":"https:\/\/ludwig-witzani.de\/wp-content\/uploads\/2025\/01\/Front-Cover-Polen-Trologie-scaled.jpg","type":"image\/jpeg"}],"twitter_card":"summary_large_image","twitter_misc":{"Gesch\u00e4tzte Lesezeit":"2\u00a0Minuten"},"schema":{"@context":"https:\/\/schema.org","@graph":[{"@type":"WebPage","@id":"https:\/\/ludwig-witzani.de\/zu-den-grossen-traeumen\/neu-das-dorf-nowolipie-der-roman-polens\/","url":"https:\/\/ludwig-witzani.de\/zu-den-grossen-traeumen\/neu-das-dorf-nowolipie-der-roman-polens\/","name":"POLEN-TRILOGIE - Einf\u00fchrung und \u00dcberblick - Ludwig Witzani","isPartOf":{"@id":"https:\/\/ludwig-witzani.de\/zu-den-grossen-traeumen\/#website"},"primaryImageOfPage":{"@id":"https:\/\/ludwig-witzani.de\/zu-den-grossen-traeumen\/neu-das-dorf-nowolipie-der-roman-polens\/#primaryimage"},"image":{"@id":"https:\/\/ludwig-witzani.de\/zu-den-grossen-traeumen\/neu-das-dorf-nowolipie-der-roman-polens\/#primaryimage"},"thumbnailUrl":"https:\/\/ludwig-witzani.de\/wp-content\/uploads\/2025\/01\/Front-Cover-Polen-Trologie-900x461.jpg","datePublished":"2021-10-06T12:27:05+00:00","dateModified":"2025-06-03T10:32:50+00:00","breadcrumb":{"@id":"https:\/\/ludwig-witzani.de\/zu-den-grossen-traeumen\/neu-das-dorf-nowolipie-der-roman-polens\/#breadcrumb"},"inLanguage":"de","potentialAction":[{"@type":"ReadAction","target":["https:\/\/ludwig-witzani.de\/zu-den-grossen-traeumen\/neu-das-dorf-nowolipie-der-roman-polens\/"]}]},{"@type":"ImageObject","inLanguage":"de","@id":"https:\/\/ludwig-witzani.de\/zu-den-grossen-traeumen\/neu-das-dorf-nowolipie-der-roman-polens\/#primaryimage","url":"https:\/\/ludwig-witzani.de\/wp-content\/uploads\/2025\/01\/Front-Cover-Polen-Trologie-900x461.jpg","contentUrl":"https:\/\/ludwig-witzani.de\/wp-content\/uploads\/2025\/01\/Front-Cover-Polen-Trologie-900x461.jpg"},{"@type":"BreadcrumbList","@id":"https:\/\/ludwig-witzani.de\/zu-den-grossen-traeumen\/neu-das-dorf-nowolipie-der-roman-polens\/#breadcrumb","itemListElement":[{"@type":"ListItem","position":1,"name":"Startseite","item":"https:\/\/ludwig-witzani.de\/zu-den-grossen-traeumen\/"},{"@type":"ListItem","position":2,"name":"POLEN-TRILOGIE &#8211; Einf\u00fchrung und \u00dcberblick"}]},{"@type":"WebSite","@id":"https:\/\/ludwig-witzani.de\/zu-den-grossen-traeumen\/#website","url":"https:\/\/ludwig-witzani.de\/zu-den-grossen-traeumen\/","name":"Ludwig Witzani","description":"World Wide Travel","potentialAction":[{"@type":"SearchAction","target":{"@type":"EntryPoint","urlTemplate":"https:\/\/ludwig-witzani.de\/zu-den-grossen-traeumen\/?s={search_term_string}"},"query-input":{"@type":"PropertyValueSpecification","valueRequired":true,"valueName":"search_term_string"}}],"inLanguage":"de"}]}},"jetpack_shortlink":"https:\/\/wp.me\/P4daYo-299","jetpack_sharing_enabled":true,"_links":{"self":[{"href":"https:\/\/ludwig-witzani.de\/zu-den-grossen-traeumen\/wp-json\/wp\/v2\/pages\/8255","targetHints":{"allow":["GET"]}}],"collection":[{"href":"https:\/\/ludwig-witzani.de\/zu-den-grossen-traeumen\/wp-json\/wp\/v2\/pages"}],"about":[{"href":"https:\/\/ludwig-witzani.de\/zu-den-grossen-traeumen\/wp-json\/wp\/v2\/types\/page"}],"author":[{"embeddable":true,"href":"https:\/\/ludwig-witzani.de\/zu-den-grossen-traeumen\/wp-json\/wp\/v2\/users\/2"}],"replies":[{"embeddable":true,"href":"https:\/\/ludwig-witzani.de\/zu-den-grossen-traeumen\/wp-json\/wp\/v2\/comments?post=8255"}],"version-history":[{"count":62,"href":"https:\/\/ludwig-witzani.de\/zu-den-grossen-traeumen\/wp-json\/wp\/v2\/pages\/8255\/revisions"}],"predecessor-version":[{"id":10071,"href":"https:\/\/ludwig-witzani.de\/zu-den-grossen-traeumen\/wp-json\/wp\/v2\/pages\/8255\/revisions\/10071"}],"wp:attachment":[{"href":"https:\/\/ludwig-witzani.de\/zu-den-grossen-traeumen\/wp-json\/wp\/v2\/media?parent=8255"}],"curies":[{"name":"wp","href":"https:\/\/api.w.org\/{rel}","templated":true}]}}