{"id":8219,"date":"2021-08-28T10:39:46","date_gmt":"2021-08-28T10:39:46","guid":{"rendered":"http:\/\/ludwig-witzani.de\/?page_id=8219"},"modified":"2025-06-03T10:32:50","modified_gmt":"2025-06-03T10:32:50","slug":"schweden-2021-route-hotels-preise","status":"publish","type":"page","link":"https:\/\/ludwig-witzani.de\/zu-den-grossen-traeumen\/schweden-2021-route-hotels-preise\/","title":{"rendered":"Schweden 2021 &#8211;  Route, Hotels, Preise"},"content":{"rendered":"<p><strong>&nbsp;<\/strong>13-7&nbsp;&nbsp;&nbsp;&nbsp; Bonn \u2013 Haithabu\/Schleswig &#8211; Flensburg ca. 600km&nbsp;Hotel: Boardinghouse (H 1N&nbsp; 80 Euro ohne FR) Parken vor der T\u00fcre m\u00f6glich<\/p>\n<p>14-7&nbsp;&nbsp;&nbsp;&nbsp; Flensburg, F\u00fcnen, Seeland Stop in Odense und Burg Egeskov \u2013 35 E p.P. Einttritt)&nbsp;dann nach Kopenhagen, dort WIDE Hotel, gute Lage, &nbsp;Innenstadt(H2N 220E ohne FR, Parken aber 40 Euro die Nacht! Der Hammer)&nbsp;Storebeltbr\u00fccke vorbuchen online ca. 35 Euro<\/p>\n<p>15-7&nbsp;&nbsp;&nbsp;&nbsp; Kopenhagen (empfehlenswert: Essen: RizRaz, Bootsour 60 Min. 14 Euro pP)<\/p>\n<p>16-7&nbsp;&nbsp;&nbsp;&nbsp; \u00d6resundbr\u00fccke, (Online Ticket buchen 60 Euro ) &nbsp;&nbsp;dann zum Strand von Tylonsand und weiter an G\u00f6teborg vorbei nach&nbsp;Uddevalla, &nbsp;Hotel Viking&nbsp; (H2N 180 E mit sehr gutem FR) alles sehr gut!<\/p>\n<p>17-7 &nbsp;&nbsp;&nbsp; Uddevalla Ausflug nach Sparreviken und Sm\u00f6gen<\/p>\n<p>18-7&nbsp;&nbsp;&nbsp;&nbsp; Von Uddevalla \u00fcber Trollh\u00e4ttan die Ostk\u00fcste des V\u00e4ttersees entlang &nbsp;&nbsp;(Halbinsel Kalla, Schloss L\u00e4ck\u00f6, Kinnekule) &nbsp;zum Fereinhaus am Skagensee ( (3 N 300 E, Endreinigung 30 Euro, sehr ruhig und erholsam, Selsbtverpflegung) &nbsp;<\/p>\n<p>19-7&nbsp;&nbsp;&nbsp;&nbsp; Ferienhaus : Abh\u00e4ngen, Lesen, Spazieren am Skagensee<\/p>\n<p>20-7&nbsp;&nbsp;&nbsp;&nbsp; Ferienhaus&nbsp; Ausflug zum Tiveden Nationalpartk (Eintritt frei) &nbsp;<\/p>\n<p>21-7&nbsp;&nbsp;&nbsp;&nbsp; Skagensee \u00fcber die Schl\u00f6sser von \u00d6rebro, Gripsholm, und Drottningholm, dann zum &nbsp;N\u00e4ckastrand&nbsp; in die Stockholmer Sch\u00e4ren, dort&nbsp; drei N\u00e4chte im Hotel J f\u00fcr 330 Euro \u2013 mit Fr\u00fchst\u00fcck, sehr gut<\/p>\n<p>22-7&nbsp;&nbsp;&nbsp;&nbsp; Stockholm &#8211;&nbsp; Ausflug in die Hauptstadt mit Boot ( eine Tour 3,70 E pP) &nbsp;&nbsp;<\/p>\n<p>23-7&nbsp;&nbsp;&nbsp;&nbsp; Stockholm \u2013 Besuch des Vasa Museums (Eintritt etwa 17 Euro)<\/p>\n<p><em>24-7&nbsp;&nbsp;&nbsp;&nbsp; <\/em>Stockholm Richtung Malm\u00f6 gut 600 km. Ein reiner Reisetag mit Unterbrechungen in Motola am G\u00f6takanal und zu einem Kaffee am Ufer des V\u00e4ttersees&nbsp;Malm\u00f6 Hotel One, in der Innenstadt FR 100 E mit FR, Parkplatz (20 Euro) &nbsp;<\/p>\n<p>25-7 &nbsp;&nbsp;&nbsp; Malm\u00f6 (morgens ansehen) dann \u00fcber Ystad nach Ales Stenar, dann K\u00fcste zwischen Simrishamn und Arhus dann am &nbsp;Nachmttag Gas geben und nach Kalmar&nbsp;Dort: Hotel Slottshotellet (H2N 400 E ) viel teuer, kann nicht empfohlen werden<\/p>\n<p>26-7&nbsp;&nbsp;&nbsp;&nbsp; Kalmar \u2013 \u00fcber die Br\u00fccke ein Ausflug nach \u00d6lland (nichts Besonderes )<\/p>\n<p>27-7&nbsp;&nbsp;&nbsp;&nbsp; Kalmar &#8211; Karlskrona &#8211; abends F\u00e4hre nach Danzig 21:00 Uhr (mit Kabine und Meerblick 290E) &#8211; auch F\u00e4hren nach Swinem\u00fcnde m\u00f6glich &nbsp;&nbsp;&nbsp;&nbsp;&nbsp;&nbsp;&nbsp;&nbsp;<\/p>\n<p>28-7&nbsp;&nbsp;&nbsp;&nbsp; Danzig Ankunft 7:30<\/p>\n<p>&nbsp;<\/p>\n<h4><u>Kosten auf der Baasis von zwei Personen (gerundet) <\/u><\/h4>\n<p><strong>Hotels 1700 Euro mit Parken (und meisten FR)<\/strong><\/p>\n<p><strong>F\u00e4hre ca. 300 Euro mit R\u00fccktrittsversicherung<\/strong><\/p>\n<p><strong>Tanken 400 Euro<\/strong><\/p>\n<p><strong>Br\u00fcckenmaut 100 Euro<\/strong><\/p>\n<p><strong>Essensvorr\u00e4te 200 Euro<\/strong><\/p>\n<p><strong>Leben, Eintritte, Essen, Sonstiges 700 Euro &nbsp;&nbsp;<\/strong><\/p>\n<h5><strong>SUMME &nbsp;3.400 Euro,&nbsp;<\/strong><strong>zwei Wochen alles zusammen 1.700 Euro p P<\/strong><\/h5>\n<p>&nbsp;<\/p>\n<p>&nbsp;<\/p>\n","protected":false},"excerpt":{"rendered":"<p>&nbsp;13-7&nbsp;&nbsp;&nbsp;&nbsp; Bonn \u2013 Haithabu\/Schleswig &#8211; Flensburg ca. 600km&nbsp;Hotel: Boardinghouse (H 1N&nbsp; 80 Euro ohne FR) Parken vor der T\u00fcre m\u00f6glich 14-7&nbsp;&nbsp;&nbsp;&nbsp; Flensburg, F\u00fcnen, Seeland Stop in Odense und Burg Egeskov \u2013 35 E p.P. Einttritt)&nbsp;dann nach Kopenhagen, dort WIDE Hotel, gute Lage, &nbsp;Innenstadt(H2N 220E ohne FR, Parken aber 40 Euro die Nacht! Der Hammer)&nbsp;Storebeltbr\u00fccke vorbuchen &hellip; <a href=\"https:\/\/ludwig-witzani.de\/zu-den-grossen-traeumen\/schweden-2021-route-hotels-preise\/\" class=\"more-link\"><span class=\"screen-reader-text\">Schweden 2021 &#8211;  Route, Hotels, Preise<\/span> weiterlesen <span class=\"meta-nav\">&rarr;<\/span><\/a><\/p>\n","protected":false},"author":2,"featured_media":0,"parent":0,"menu_order":0,"comment_status":"open","ping_status":"closed","template":"","meta":{"ngg_post_thumbnail":0,"jetpack_post_was_ever_published":false,"footnotes":""},"class_list":["post-8219","page","type-page","status-publish","hentry"],"yoast_head":"<!-- This site is optimized with the Yoast SEO plugin v27.4 - https:\/\/yoast.com\/product\/yoast-seo-wordpress\/ -->\n<title>Schweden 2021 - Route, Hotels, Preise - Ludwig Witzani<\/title>\n<meta name=\"robots\" content=\"index, follow, max-snippet:-1, max-image-preview:large, max-video-preview:-1\" \/>\n<link rel=\"canonical\" href=\"https:\/\/ludwig-witzani.de\/zu-den-grossen-traeumen\/schweden-2021-route-hotels-preise\/\" \/>\n<meta property=\"og:locale\" content=\"de_DE\" \/>\n<meta property=\"og:type\" content=\"article\" \/>\n<meta property=\"og:title\" content=\"Schweden 2021 - Route, Hotels, Preise - Ludwig Witzani\" \/>\n<meta property=\"og:description\" content=\"&nbsp;13-7&nbsp;&nbsp;&nbsp;&nbsp; Bonn \u2013 Haithabu\/Schleswig &#8211; Flensburg ca. 600km&nbsp;Hotel: Boardinghouse (H 1N&nbsp; 80 Euro ohne FR) Parken vor der T\u00fcre m\u00f6glich 14-7&nbsp;&nbsp;&nbsp;&nbsp; Flensburg, F\u00fcnen, Seeland Stop in Odense und Burg Egeskov \u2013 35 E p.P. Einttritt)&nbsp;dann nach Kopenhagen, dort WIDE Hotel, gute Lage, &nbsp;Innenstadt(H2N 220E ohne FR, Parken aber 40 Euro die Nacht! Der Hammer)&nbsp;Storebeltbr\u00fccke vorbuchen &hellip; Schweden 2021 &#8211; Route, Hotels, Preise weiterlesen &rarr;\" \/>\n<meta property=\"og:url\" content=\"https:\/\/ludwig-witzani.de\/zu-den-grossen-traeumen\/schweden-2021-route-hotels-preise\/\" \/>\n<meta property=\"og:site_name\" content=\"Ludwig Witzani\" \/>\n<meta property=\"article:modified_time\" content=\"2025-06-03T10:32:50+00:00\" \/>\n<meta name=\"twitter:card\" content=\"summary_large_image\" \/>\n<meta name=\"twitter:label1\" content=\"Gesch\u00e4tzte Lesezeit\" \/>\n\t<meta name=\"twitter:data1\" content=\"2\u00a0Minuten\" \/>\n<script type=\"application\/ld+json\" class=\"yoast-schema-graph\">{\"@context\":\"https:\\\/\\\/schema.org\",\"@graph\":[{\"@type\":\"WebPage\",\"@id\":\"https:\\\/\\\/ludwig-witzani.de\\\/zu-den-grossen-traeumen\\\/schweden-2021-route-hotels-preise\\\/\",\"url\":\"https:\\\/\\\/ludwig-witzani.de\\\/zu-den-grossen-traeumen\\\/schweden-2021-route-hotels-preise\\\/\",\"name\":\"Schweden 2021 - Route, Hotels, Preise - Ludwig Witzani\",\"isPartOf\":{\"@id\":\"https:\\\/\\\/ludwig-witzani.de\\\/zu-den-grossen-traeumen\\\/#website\"},\"datePublished\":\"2021-08-28T10:39:46+00:00\",\"dateModified\":\"2025-06-03T10:32:50+00:00\",\"breadcrumb\":{\"@id\":\"https:\\\/\\\/ludwig-witzani.de\\\/zu-den-grossen-traeumen\\\/schweden-2021-route-hotels-preise\\\/#breadcrumb\"},\"inLanguage\":\"de\",\"potentialAction\":[{\"@type\":\"ReadAction\",\"target\":[\"https:\\\/\\\/ludwig-witzani.de\\\/zu-den-grossen-traeumen\\\/schweden-2021-route-hotels-preise\\\/\"]}]},{\"@type\":\"BreadcrumbList\",\"@id\":\"https:\\\/\\\/ludwig-witzani.de\\\/zu-den-grossen-traeumen\\\/schweden-2021-route-hotels-preise\\\/#breadcrumb\",\"itemListElement\":[{\"@type\":\"ListItem\",\"position\":1,\"name\":\"Startseite\",\"item\":\"https:\\\/\\\/ludwig-witzani.de\\\/zu-den-grossen-traeumen\\\/\"},{\"@type\":\"ListItem\",\"position\":2,\"name\":\"Schweden 2021 &#8211; Route, Hotels, Preise\"}]},{\"@type\":\"WebSite\",\"@id\":\"https:\\\/\\\/ludwig-witzani.de\\\/zu-den-grossen-traeumen\\\/#website\",\"url\":\"https:\\\/\\\/ludwig-witzani.de\\\/zu-den-grossen-traeumen\\\/\",\"name\":\"Ludwig Witzani\",\"description\":\"World Wide Travel\",\"potentialAction\":[{\"@type\":\"SearchAction\",\"target\":{\"@type\":\"EntryPoint\",\"urlTemplate\":\"https:\\\/\\\/ludwig-witzani.de\\\/zu-den-grossen-traeumen\\\/?s={search_term_string}\"},\"query-input\":{\"@type\":\"PropertyValueSpecification\",\"valueRequired\":true,\"valueName\":\"search_term_string\"}}],\"inLanguage\":\"de\"}]}<\/script>\n<!-- \/ Yoast SEO plugin. -->","yoast_head_json":{"title":"Schweden 2021 - Route, Hotels, Preise - Ludwig Witzani","robots":{"index":"index","follow":"follow","max-snippet":"max-snippet:-1","max-image-preview":"max-image-preview:large","max-video-preview":"max-video-preview:-1"},"canonical":"https:\/\/ludwig-witzani.de\/zu-den-grossen-traeumen\/schweden-2021-route-hotels-preise\/","og_locale":"de_DE","og_type":"article","og_title":"Schweden 2021 - Route, Hotels, Preise - Ludwig Witzani","og_description":"&nbsp;13-7&nbsp;&nbsp;&nbsp;&nbsp; Bonn \u2013 Haithabu\/Schleswig &#8211; Flensburg ca. 600km&nbsp;Hotel: Boardinghouse (H 1N&nbsp; 80 Euro ohne FR) Parken vor der T\u00fcre m\u00f6glich 14-7&nbsp;&nbsp;&nbsp;&nbsp; Flensburg, F\u00fcnen, Seeland Stop in Odense und Burg Egeskov \u2013 35 E p.P. Einttritt)&nbsp;dann nach Kopenhagen, dort WIDE Hotel, gute Lage, &nbsp;Innenstadt(H2N 220E ohne FR, Parken aber 40 Euro die Nacht! Der Hammer)&nbsp;Storebeltbr\u00fccke vorbuchen &hellip; Schweden 2021 &#8211; Route, Hotels, Preise weiterlesen &rarr;","og_url":"https:\/\/ludwig-witzani.de\/zu-den-grossen-traeumen\/schweden-2021-route-hotels-preise\/","og_site_name":"Ludwig Witzani","article_modified_time":"2025-06-03T10:32:50+00:00","twitter_card":"summary_large_image","twitter_misc":{"Gesch\u00e4tzte Lesezeit":"2\u00a0Minuten"},"schema":{"@context":"https:\/\/schema.org","@graph":[{"@type":"WebPage","@id":"https:\/\/ludwig-witzani.de\/zu-den-grossen-traeumen\/schweden-2021-route-hotels-preise\/","url":"https:\/\/ludwig-witzani.de\/zu-den-grossen-traeumen\/schweden-2021-route-hotels-preise\/","name":"Schweden 2021 - Route, Hotels, Preise - Ludwig Witzani","isPartOf":{"@id":"https:\/\/ludwig-witzani.de\/zu-den-grossen-traeumen\/#website"},"datePublished":"2021-08-28T10:39:46+00:00","dateModified":"2025-06-03T10:32:50+00:00","breadcrumb":{"@id":"https:\/\/ludwig-witzani.de\/zu-den-grossen-traeumen\/schweden-2021-route-hotels-preise\/#breadcrumb"},"inLanguage":"de","potentialAction":[{"@type":"ReadAction","target":["https:\/\/ludwig-witzani.de\/zu-den-grossen-traeumen\/schweden-2021-route-hotels-preise\/"]}]},{"@type":"BreadcrumbList","@id":"https:\/\/ludwig-witzani.de\/zu-den-grossen-traeumen\/schweden-2021-route-hotels-preise\/#breadcrumb","itemListElement":[{"@type":"ListItem","position":1,"name":"Startseite","item":"https:\/\/ludwig-witzani.de\/zu-den-grossen-traeumen\/"},{"@type":"ListItem","position":2,"name":"Schweden 2021 &#8211; Route, Hotels, Preise"}]},{"@type":"WebSite","@id":"https:\/\/ludwig-witzani.de\/zu-den-grossen-traeumen\/#website","url":"https:\/\/ludwig-witzani.de\/zu-den-grossen-traeumen\/","name":"Ludwig Witzani","description":"World Wide Travel","potentialAction":[{"@type":"SearchAction","target":{"@type":"EntryPoint","urlTemplate":"https:\/\/ludwig-witzani.de\/zu-den-grossen-traeumen\/?s={search_term_string}"},"query-input":{"@type":"PropertyValueSpecification","valueRequired":true,"valueName":"search_term_string"}}],"inLanguage":"de"}]}},"jetpack_shortlink":"https:\/\/wp.me\/P4daYo-28z","jetpack_sharing_enabled":true,"_links":{"self":[{"href":"https:\/\/ludwig-witzani.de\/zu-den-grossen-traeumen\/wp-json\/wp\/v2\/pages\/8219","targetHints":{"allow":["GET"]}}],"collection":[{"href":"https:\/\/ludwig-witzani.de\/zu-den-grossen-traeumen\/wp-json\/wp\/v2\/pages"}],"about":[{"href":"https:\/\/ludwig-witzani.de\/zu-den-grossen-traeumen\/wp-json\/wp\/v2\/types\/page"}],"author":[{"embeddable":true,"href":"https:\/\/ludwig-witzani.de\/zu-den-grossen-traeumen\/wp-json\/wp\/v2\/users\/2"}],"replies":[{"embeddable":true,"href":"https:\/\/ludwig-witzani.de\/zu-den-grossen-traeumen\/wp-json\/wp\/v2\/comments?post=8219"}],"version-history":[{"count":1,"href":"https:\/\/ludwig-witzani.de\/zu-den-grossen-traeumen\/wp-json\/wp\/v2\/pages\/8219\/revisions"}],"predecessor-version":[{"id":8220,"href":"https:\/\/ludwig-witzani.de\/zu-den-grossen-traeumen\/wp-json\/wp\/v2\/pages\/8219\/revisions\/8220"}],"wp:attachment":[{"href":"https:\/\/ludwig-witzani.de\/zu-den-grossen-traeumen\/wp-json\/wp\/v2\/media?parent=8219"}],"curies":[{"name":"wp","href":"https:\/\/api.w.org\/{rel}","templated":true}]}}