{"id":7659,"date":"2021-01-14T11:05:08","date_gmt":"2021-01-14T11:05:08","guid":{"rendered":"http:\/\/ludwig-witzani.de\/?page_id=7659"},"modified":"2025-06-03T10:32:51","modified_gmt":"2025-06-03T10:32:51","slug":"von-karachi-nach-beijing-bildergalerie-transasia","status":"publish","type":"page","link":"https:\/\/ludwig-witzani.de\/zu-den-grossen-traeumen\/von-karachi-nach-beijing-bildergalerie-transasia\/","title":{"rendered":"Kurzer Kommentar zur Bildergalerie &#8222;Transasia&#8220;"},"content":{"rendered":"<p>Die transasiatische Reise beginnt mit dem Fr\u00fchst\u00fcck an einer Gark\u00fcche in der 14 Millionenstadt Karachi, in der ich einige Tage auf meinen Rucksack warten musste, der ohne mich nach Nepal weitergeflogen war. In dieser Zeit schwitzte ich wie noch nie in meinem Leben, sah mir die Stadt an und unternahm mit einigen Schwierigkeiten einen Ausflug nach &nbsp;Makli zum gr\u00f6\u00dften Gr\u00e4berfeld der Erde. Von dort aus ging die Reise weiter den Indus nordw\u00e4rts nach Mohenjo Daro, der Metropole der untergegangenen Induskultur. Mit der Eisenbahn erreichte <img loading=\"lazy\" decoding=\"async\" class=\"wp-image-7661 alignright\" src=\"http:\/\/ludwig-witzani.de\/wp-content\/uploads\/2021\/01\/1-43.jpg\" alt=\"\" width=\"210\" height=\"139\" srcset=\"https:\/\/ludwig-witzani.de\/wp-content\/uploads\/2021\/01\/1-43.jpg 800w, https:\/\/ludwig-witzani.de\/wp-content\/uploads\/2021\/01\/1-43-768x509.jpg 768w\" sizes=\"auto, (max-width: 210px) 100vw, 210px\" \/>ich schlie\u00dflich den Punjab und die Kaiserstadt Lahore mit ihren Moscheen, Pal\u00e4sten und Teeh\u00e4usern. Dicke Luft herrschte im Land der Paschtunen an der afghanischen <img loading=\"lazy\" decoding=\"async\" class=\"wp-image-7662 alignleft\" src=\"http:\/\/ludwig-witzani.de\/wp-content\/uploads\/2021\/01\/3-17.jpg\" alt=\"\" width=\"166\" height=\"255\"\/>Grenze. Von Peschawar aus besuchte ich den Khyberpass und den Waffenbazar von Darrah Akhel, konnte mir aber keine AK 47 kaufen, weil sie nicht in meinen Rucksack passte. Nach etwa zwei Wochen war der Hindukusch erreicht. Im Tal des Swat erholt ich mich in den Bergen von der Hitze der Ebene und wurde Zeuge diverser Taliban-Demonstrationen. Von Islamabad aus begann ich die Passage des Karakorum Highways, der mich den Indus nordw\u00e4rts zur Gletschermor\u00e4ne des Nanga Parbats und in das Tal der <img loading=\"lazy\" decoding=\"async\" class=\"wp-image-7663 alignright\" src=\"http:\/\/ludwig-witzani.de\/wp-content\/uploads\/2021\/01\/7-30.jpg\" alt=\"\" width=\"200\" height=\"131\" srcset=\"https:\/\/ludwig-witzani.de\/wp-content\/uploads\/2021\/01\/7-30.jpg 800w, https:\/\/ludwig-witzani.de\/wp-content\/uploads\/2021\/01\/7-30-768x504.jpg 768w\" sizes=\"auto, (max-width: 200px) 100vw, 200px\" \/>Hunzukutz f\u00fchrte. Zwischen Hunza und der chinesischen Grenze auf dem Kunjerab-Pass (4693m) wurde die Reise fast durch einen Bergrutsch beendet. In China angekommen, begann die&nbsp; endlose Reise \u00fcber die Seidenstra\u00dfe nach Osten. Stationen dieser Reise waren die Oasen von Kaschgar, Kucha, Turfan und Dunhuang. Die H\u00f6hepunkte dieser Seidenstra\u00dfenreise waren <img loading=\"lazy\" decoding=\"async\" class=\"wp-image-7664 alignleft\" src=\"http:\/\/ludwig-witzani.de\/wp-content\/uploads\/2021\/01\/8-75.jpg\" alt=\"\" width=\"247\" height=\"163\" srcset=\"https:\/\/ludwig-witzani.de\/wp-content\/uploads\/2021\/01\/8-75.jpg 800w, https:\/\/ludwig-witzani.de\/wp-content\/uploads\/2021\/01\/8-75-768x507.jpg 768w\" sizes=\"auto, (max-width: 247px) 100vw, 247px\" \/>die Besuche in den &nbsp;Buddhagrotten von &nbsp;Kizil, B\u00e4zaklik und in der Mogao Schlucht. Jenseits des Gansu-Korridors, der die W\u00fcste Taklamakan mit dem chinesischen Tiefland verbindet, unternahm ich einen Abstecher nach Amdo, dem alten Nordosttibet,&nbsp; der Geburtsprovinz des Dalai Lama <img loading=\"lazy\" decoding=\"async\" class=\"wp-image-7665 alignright\" src=\"http:\/\/ludwig-witzani.de\/wp-content\/uploads\/2021\/01\/9-32.jpg\" alt=\"\" width=\"264\" height=\"172\" srcset=\"https:\/\/ludwig-witzani.de\/wp-content\/uploads\/2021\/01\/9-32.jpg 800w, https:\/\/ludwig-witzani.de\/wp-content\/uploads\/2021\/01\/9-32-768x500.jpg 768w\" sizes=\"auto, (max-width: 264px) 100vw, 264px\" \/>und war Gast der tibetischen Klosterstadt Labrang. Nach dem Besuch des Koko Nor Sees erreichte ich die&nbsp; chinesische Millionenstadt Lanzhou und den Gelben Fluss. Nach tausenden von Kilometern W\u00fcsten und Bergen war die fruchtbare \u00dcppigkeit des chinesischen Kernlandes <img loading=\"lazy\" decoding=\"async\" class=\"wp-image-7666 alignleft\" src=\"http:\/\/ludwig-witzani.de\/wp-content\/uploads\/2021\/01\/096.jpg\" alt=\"\" width=\"271\" height=\"182\" srcset=\"https:\/\/ludwig-witzani.de\/wp-content\/uploads\/2021\/01\/096.jpg 771w, https:\/\/ludwig-witzani.de\/wp-content\/uploads\/2021\/01\/096-768x517.jpg 768w\" sizes=\"auto, (max-width: 271px) 100vw, 271px\" \/>frappierend. Nun wurde es wieder unertr\u00e4glich feucht und hei\u00df und im Schwei\u00dfe meines Angesichts ging die Reise weiter mit der chinesischen Eisenbahn nach Xian, der Endstation der Seidenstra\u00dfe, \u00fcber Luoyang und dem Shaolinkloster nach Beijing, wo wo die transkontinentale Reise an der gro\u00dfen Mauer endete.&nbsp;&nbsp;<\/p>\n<p><img loading=\"lazy\" decoding=\"async\" class=\"aligncenter size-full wp-image-7667\" src=\"http:\/\/ludwig-witzani.de\/wp-content\/uploads\/2021\/01\/image041-2.jpg\" alt=\"\" width=\"800\" height=\"537\" srcset=\"https:\/\/ludwig-witzani.de\/wp-content\/uploads\/2021\/01\/image041-2.jpg 800w, https:\/\/ludwig-witzani.de\/wp-content\/uploads\/2021\/01\/image041-2-768x516.jpg 768w\" sizes=\"auto, (max-width: 800px) 100vw, 800px\" \/><\/p>\n","protected":false},"excerpt":{"rendered":"<p>Die transasiatische Reise beginnt mit dem Fr\u00fchst\u00fcck an einer Gark\u00fcche in der 14 Millionenstadt Karachi, in der ich einige Tage auf meinen Rucksack warten musste, der ohne mich nach Nepal weitergeflogen war. In dieser Zeit schwitzte ich wie noch nie in meinem Leben, sah mir die Stadt an und unternahm mit einigen Schwierigkeiten einen Ausflug &hellip; <a href=\"https:\/\/ludwig-witzani.de\/zu-den-grossen-traeumen\/von-karachi-nach-beijing-bildergalerie-transasia\/\" class=\"more-link\"><span class=\"screen-reader-text\">Kurzer Kommentar zur Bildergalerie &#8222;Transasia&#8220;<\/span> weiterlesen <span class=\"meta-nav\">&rarr;<\/span><\/a><\/p>\n","protected":false},"author":2,"featured_media":0,"parent":0,"menu_order":0,"comment_status":"closed","ping_status":"closed","template":"","meta":{"ngg_post_thumbnail":0,"jetpack_post_was_ever_published":false,"footnotes":""},"class_list":["post-7659","page","type-page","status-publish","hentry"],"yoast_head":"<!-- This site is optimized with the Yoast SEO plugin v27.4 - https:\/\/yoast.com\/product\/yoast-seo-wordpress\/ -->\n<title>Kurzer Kommentar zur Bildergalerie &quot;Transasia&quot; - Ludwig Witzani<\/title>\n<meta name=\"robots\" content=\"index, follow, max-snippet:-1, max-image-preview:large, max-video-preview:-1\" \/>\n<link rel=\"canonical\" href=\"https:\/\/ludwig-witzani.de\/zu-den-grossen-traeumen\/von-karachi-nach-beijing-bildergalerie-transasia\/\" \/>\n<meta property=\"og:locale\" content=\"de_DE\" \/>\n<meta property=\"og:type\" content=\"article\" \/>\n<meta property=\"og:title\" content=\"Kurzer Kommentar zur Bildergalerie &quot;Transasia&quot; - Ludwig Witzani\" \/>\n<meta property=\"og:description\" content=\"Die transasiatische Reise beginnt mit dem Fr\u00fchst\u00fcck an einer Gark\u00fcche in der 14 Millionenstadt Karachi, in der ich einige Tage auf meinen Rucksack warten musste, der ohne mich nach Nepal weitergeflogen war. In dieser Zeit schwitzte ich wie noch nie in meinem Leben, sah mir die Stadt an und unternahm mit einigen Schwierigkeiten einen Ausflug &hellip; Kurzer Kommentar zur Bildergalerie &#8222;Transasia&#8220; weiterlesen &rarr;\" \/>\n<meta property=\"og:url\" content=\"https:\/\/ludwig-witzani.de\/zu-den-grossen-traeumen\/von-karachi-nach-beijing-bildergalerie-transasia\/\" \/>\n<meta property=\"og:site_name\" content=\"Ludwig Witzani\" \/>\n<meta property=\"article:modified_time\" content=\"2025-06-03T10:32:51+00:00\" \/>\n<meta property=\"og:image\" content=\"https:\/\/ludwig-witzani.de\/wp-content\/uploads\/2021\/01\/1-43.jpg\" \/>\n\t<meta property=\"og:image:width\" content=\"800\" \/>\n\t<meta property=\"og:image:height\" content=\"530\" \/>\n\t<meta property=\"og:image:type\" content=\"image\/jpeg\" \/>\n<meta name=\"twitter:card\" content=\"summary_large_image\" \/>\n<meta name=\"twitter:label1\" content=\"Gesch\u00e4tzte Lesezeit\" \/>\n\t<meta name=\"twitter:data1\" content=\"2\u00a0Minuten\" \/>\n<script type=\"application\/ld+json\" class=\"yoast-schema-graph\">{\"@context\":\"https:\\\/\\\/schema.org\",\"@graph\":[{\"@type\":\"WebPage\",\"@id\":\"https:\\\/\\\/ludwig-witzani.de\\\/zu-den-grossen-traeumen\\\/von-karachi-nach-beijing-bildergalerie-transasia\\\/\",\"url\":\"https:\\\/\\\/ludwig-witzani.de\\\/zu-den-grossen-traeumen\\\/von-karachi-nach-beijing-bildergalerie-transasia\\\/\",\"name\":\"Kurzer Kommentar zur Bildergalerie \\\"Transasia\\\" - Ludwig Witzani\",\"isPartOf\":{\"@id\":\"https:\\\/\\\/ludwig-witzani.de\\\/zu-den-grossen-traeumen\\\/#website\"},\"primaryImageOfPage\":{\"@id\":\"https:\\\/\\\/ludwig-witzani.de\\\/zu-den-grossen-traeumen\\\/von-karachi-nach-beijing-bildergalerie-transasia\\\/#primaryimage\"},\"image\":{\"@id\":\"https:\\\/\\\/ludwig-witzani.de\\\/zu-den-grossen-traeumen\\\/von-karachi-nach-beijing-bildergalerie-transasia\\\/#primaryimage\"},\"thumbnailUrl\":\"http:\\\/\\\/ludwig-witzani.de\\\/wp-content\\\/uploads\\\/2021\\\/01\\\/1-43.jpg\",\"datePublished\":\"2021-01-14T11:05:08+00:00\",\"dateModified\":\"2025-06-03T10:32:51+00:00\",\"breadcrumb\":{\"@id\":\"https:\\\/\\\/ludwig-witzani.de\\\/zu-den-grossen-traeumen\\\/von-karachi-nach-beijing-bildergalerie-transasia\\\/#breadcrumb\"},\"inLanguage\":\"de\",\"potentialAction\":[{\"@type\":\"ReadAction\",\"target\":[\"https:\\\/\\\/ludwig-witzani.de\\\/zu-den-grossen-traeumen\\\/von-karachi-nach-beijing-bildergalerie-transasia\\\/\"]}]},{\"@type\":\"ImageObject\",\"inLanguage\":\"de\",\"@id\":\"https:\\\/\\\/ludwig-witzani.de\\\/zu-den-grossen-traeumen\\\/von-karachi-nach-beijing-bildergalerie-transasia\\\/#primaryimage\",\"url\":\"http:\\\/\\\/ludwig-witzani.de\\\/wp-content\\\/uploads\\\/2021\\\/01\\\/1-43.jpg\",\"contentUrl\":\"http:\\\/\\\/ludwig-witzani.de\\\/wp-content\\\/uploads\\\/2021\\\/01\\\/1-43.jpg\"},{\"@type\":\"BreadcrumbList\",\"@id\":\"https:\\\/\\\/ludwig-witzani.de\\\/zu-den-grossen-traeumen\\\/von-karachi-nach-beijing-bildergalerie-transasia\\\/#breadcrumb\",\"itemListElement\":[{\"@type\":\"ListItem\",\"position\":1,\"name\":\"Startseite\",\"item\":\"https:\\\/\\\/ludwig-witzani.de\\\/zu-den-grossen-traeumen\\\/\"},{\"@type\":\"ListItem\",\"position\":2,\"name\":\"Kurzer Kommentar zur Bildergalerie &#8222;Transasia&#8220;\"}]},{\"@type\":\"WebSite\",\"@id\":\"https:\\\/\\\/ludwig-witzani.de\\\/zu-den-grossen-traeumen\\\/#website\",\"url\":\"https:\\\/\\\/ludwig-witzani.de\\\/zu-den-grossen-traeumen\\\/\",\"name\":\"Ludwig Witzani\",\"description\":\"World Wide Travel\",\"potentialAction\":[{\"@type\":\"SearchAction\",\"target\":{\"@type\":\"EntryPoint\",\"urlTemplate\":\"https:\\\/\\\/ludwig-witzani.de\\\/zu-den-grossen-traeumen\\\/?s={search_term_string}\"},\"query-input\":{\"@type\":\"PropertyValueSpecification\",\"valueRequired\":true,\"valueName\":\"search_term_string\"}}],\"inLanguage\":\"de\"}]}<\/script>\n<!-- \/ Yoast SEO plugin. -->","yoast_head_json":{"title":"Kurzer Kommentar zur Bildergalerie \"Transasia\" - Ludwig Witzani","robots":{"index":"index","follow":"follow","max-snippet":"max-snippet:-1","max-image-preview":"max-image-preview:large","max-video-preview":"max-video-preview:-1"},"canonical":"https:\/\/ludwig-witzani.de\/zu-den-grossen-traeumen\/von-karachi-nach-beijing-bildergalerie-transasia\/","og_locale":"de_DE","og_type":"article","og_title":"Kurzer Kommentar zur Bildergalerie \"Transasia\" - Ludwig Witzani","og_description":"Die transasiatische Reise beginnt mit dem Fr\u00fchst\u00fcck an einer Gark\u00fcche in der 14 Millionenstadt Karachi, in der ich einige Tage auf meinen Rucksack warten musste, der ohne mich nach Nepal weitergeflogen war. In dieser Zeit schwitzte ich wie noch nie in meinem Leben, sah mir die Stadt an und unternahm mit einigen Schwierigkeiten einen Ausflug &hellip; Kurzer Kommentar zur Bildergalerie &#8222;Transasia&#8220; weiterlesen &rarr;","og_url":"https:\/\/ludwig-witzani.de\/zu-den-grossen-traeumen\/von-karachi-nach-beijing-bildergalerie-transasia\/","og_site_name":"Ludwig Witzani","article_modified_time":"2025-06-03T10:32:51+00:00","og_image":[{"width":800,"height":530,"url":"https:\/\/ludwig-witzani.de\/wp-content\/uploads\/2021\/01\/1-43.jpg","type":"image\/jpeg"}],"twitter_card":"summary_large_image","twitter_misc":{"Gesch\u00e4tzte Lesezeit":"2\u00a0Minuten"},"schema":{"@context":"https:\/\/schema.org","@graph":[{"@type":"WebPage","@id":"https:\/\/ludwig-witzani.de\/zu-den-grossen-traeumen\/von-karachi-nach-beijing-bildergalerie-transasia\/","url":"https:\/\/ludwig-witzani.de\/zu-den-grossen-traeumen\/von-karachi-nach-beijing-bildergalerie-transasia\/","name":"Kurzer Kommentar zur Bildergalerie \"Transasia\" - Ludwig Witzani","isPartOf":{"@id":"https:\/\/ludwig-witzani.de\/zu-den-grossen-traeumen\/#website"},"primaryImageOfPage":{"@id":"https:\/\/ludwig-witzani.de\/zu-den-grossen-traeumen\/von-karachi-nach-beijing-bildergalerie-transasia\/#primaryimage"},"image":{"@id":"https:\/\/ludwig-witzani.de\/zu-den-grossen-traeumen\/von-karachi-nach-beijing-bildergalerie-transasia\/#primaryimage"},"thumbnailUrl":"http:\/\/ludwig-witzani.de\/wp-content\/uploads\/2021\/01\/1-43.jpg","datePublished":"2021-01-14T11:05:08+00:00","dateModified":"2025-06-03T10:32:51+00:00","breadcrumb":{"@id":"https:\/\/ludwig-witzani.de\/zu-den-grossen-traeumen\/von-karachi-nach-beijing-bildergalerie-transasia\/#breadcrumb"},"inLanguage":"de","potentialAction":[{"@type":"ReadAction","target":["https:\/\/ludwig-witzani.de\/zu-den-grossen-traeumen\/von-karachi-nach-beijing-bildergalerie-transasia\/"]}]},{"@type":"ImageObject","inLanguage":"de","@id":"https:\/\/ludwig-witzani.de\/zu-den-grossen-traeumen\/von-karachi-nach-beijing-bildergalerie-transasia\/#primaryimage","url":"http:\/\/ludwig-witzani.de\/wp-content\/uploads\/2021\/01\/1-43.jpg","contentUrl":"http:\/\/ludwig-witzani.de\/wp-content\/uploads\/2021\/01\/1-43.jpg"},{"@type":"BreadcrumbList","@id":"https:\/\/ludwig-witzani.de\/zu-den-grossen-traeumen\/von-karachi-nach-beijing-bildergalerie-transasia\/#breadcrumb","itemListElement":[{"@type":"ListItem","position":1,"name":"Startseite","item":"https:\/\/ludwig-witzani.de\/zu-den-grossen-traeumen\/"},{"@type":"ListItem","position":2,"name":"Kurzer Kommentar zur Bildergalerie &#8222;Transasia&#8220;"}]},{"@type":"WebSite","@id":"https:\/\/ludwig-witzani.de\/zu-den-grossen-traeumen\/#website","url":"https:\/\/ludwig-witzani.de\/zu-den-grossen-traeumen\/","name":"Ludwig Witzani","description":"World Wide Travel","potentialAction":[{"@type":"SearchAction","target":{"@type":"EntryPoint","urlTemplate":"https:\/\/ludwig-witzani.de\/zu-den-grossen-traeumen\/?s={search_term_string}"},"query-input":{"@type":"PropertyValueSpecification","valueRequired":true,"valueName":"search_term_string"}}],"inLanguage":"de"}]}},"jetpack_shortlink":"https:\/\/wp.me\/P4daYo-1Zx","jetpack_sharing_enabled":true,"_links":{"self":[{"href":"https:\/\/ludwig-witzani.de\/zu-den-grossen-traeumen\/wp-json\/wp\/v2\/pages\/7659","targetHints":{"allow":["GET"]}}],"collection":[{"href":"https:\/\/ludwig-witzani.de\/zu-den-grossen-traeumen\/wp-json\/wp\/v2\/pages"}],"about":[{"href":"https:\/\/ludwig-witzani.de\/zu-den-grossen-traeumen\/wp-json\/wp\/v2\/types\/page"}],"author":[{"embeddable":true,"href":"https:\/\/ludwig-witzani.de\/zu-den-grossen-traeumen\/wp-json\/wp\/v2\/users\/2"}],"replies":[{"embeddable":true,"href":"https:\/\/ludwig-witzani.de\/zu-den-grossen-traeumen\/wp-json\/wp\/v2\/comments?post=7659"}],"version-history":[{"count":9,"href":"https:\/\/ludwig-witzani.de\/zu-den-grossen-traeumen\/wp-json\/wp\/v2\/pages\/7659\/revisions"}],"predecessor-version":[{"id":8107,"href":"https:\/\/ludwig-witzani.de\/zu-den-grossen-traeumen\/wp-json\/wp\/v2\/pages\/7659\/revisions\/8107"}],"wp:attachment":[{"href":"https:\/\/ludwig-witzani.de\/zu-den-grossen-traeumen\/wp-json\/wp\/v2\/media?parent=7659"}],"curies":[{"name":"wp","href":"https:\/\/api.w.org\/{rel}","templated":true}]}}