{"id":7349,"date":"2020-04-19T07:13:58","date_gmt":"2020-04-19T07:13:58","guid":{"rendered":"http:\/\/ludwig-witzani.de\/?page_id=7349"},"modified":"2025-06-03T10:32:51","modified_gmt":"2025-06-03T10:32:51","slug":"inhaltsverzeichnis-europas-wilder-osten","status":"publish","type":"page","link":"https:\/\/ludwig-witzani.de\/zu-den-grossen-traeumen\/inhaltsverzeichnis-europas-wilder-osten\/","title":{"rendered":"Inhaltsverzeichnis Europas wilder Osten"},"content":{"rendered":"<h4><strong>EINLEITUNG&nbsp; EUROPAS WILDER OSTEN <\/strong><strong>&nbsp;<\/strong><\/h4>\n<p><strong>VORSPIEL: Gro\u00dfe M\u00e4nner in zu kleinen Autos <\/strong><strong>&nbsp; <\/strong><em>Serbische Ouvert\u00fcre&nbsp;&nbsp;&nbsp; <\/em><\/p>\n<h5><strong>BULGARIEN <img loading=\"lazy\" decoding=\"async\" class=\"wp-image-7351 alignleft\" src=\"http:\/\/ludwig-witzani.de\/wp-content\/uploads\/2020\/04\/image041.jpg\" alt=\"\" width=\"113\" height=\"78\"\/><\/strong><\/h5>\n<p><strong>Die Pistole im Handschuhfach <\/strong><em>Sofia als urbane Collage<br \/>\n<\/em><\/p>\n<p><strong>Mit den Massen am Meer <\/strong><em>Die bulgarische Schwarzmeerk\u00fcste<\/em><\/p>\n<p><strong>&nbsp;Von einer Fremdherrschaft in die n\u00e4chste <\/strong><em>&nbsp;&nbsp; Sp\u00e4te Bl\u00fcten in Veliko Tarnovo und Russe<\/em><\/p>\n<h5><strong><img loading=\"lazy\" decoding=\"async\" class=\"wp-image-7353 alignleft\" src=\"http:\/\/ludwig-witzani.de\/wp-content\/uploads\/2020\/04\/IMG_6603-2.jpg\" alt=\"\" width=\"104\" height=\"147\"\/>RUM\u00c4NIEN<\/strong><\/h5>\n<p><strong>Die Stadt, in der die Revolution ausbrach <\/strong><em>&nbsp; In Temeswar, der Hauptstadt des Banats<\/em><\/p>\n<p><strong>Der wahre Dracula&nbsp;<\/strong><em> Mit Vollgas&nbsp; durch die Walachei<\/em><\/p>\n<p><strong>&nbsp;Vom Nebeneinander des Ungleichzeitigen&nbsp;<\/strong><em> Bukarest nach Ceausescu<\/em><\/p>\n<p><em>&nbsp;<\/em><strong>Zankapfel der V\u00f6lker&nbsp;<\/strong><em> Siebenb\u00fcrgen zwischen <\/em><em>Kronstadt und Klausenburg<\/em><\/p>\n<p><em>&nbsp;<\/em><strong>Der rum\u00e4nische Gulag&nbsp;<\/strong><em> Maramure\u0219 <\/em><em>&nbsp;&nbsp;&nbsp;&nbsp;&nbsp;&nbsp;&nbsp;&nbsp;&nbsp;&nbsp; <\/em><\/p>\n<p><em>&nbsp;<\/em><strong>Die Bilderb\u00fccher Moldawiens&nbsp;<\/strong><em> Ein Abstecher zu den Moldaukl\u00f6stern<\/em><\/p>\n<p><strong>&nbsp;Wo Europa zu Ende ist&nbsp;<\/strong> <em>Constan\u021ba und das Donaudelta&nbsp; <\/em><\/p>\n<h5><strong>ZWISCHENSPIEL:&nbsp; DIE REISE NACH ODESSA <\/strong><em><br \/>\n<\/em><\/h5>\n<h5><strong><img loading=\"lazy\" decoding=\"async\" class=\"wp-image-7354 alignleft\" src=\"http:\/\/ludwig-witzani.de\/wp-content\/uploads\/2020\/04\/Ukraine.jpg\" alt=\"\" width=\"132\" height=\"89\" srcset=\"https:\/\/ludwig-witzani.de\/wp-content\/uploads\/2020\/04\/Ukraine.jpg 800w, https:\/\/ludwig-witzani.de\/wp-content\/uploads\/2020\/04\/Ukraine-768x517.jpg 768w\" sizes=\"auto, (max-width: 132px) 100vw, 132px\" \/>UKRAINE <\/strong><\/h5>\n<p><strong>Die ber\u00fchmteste Treppe der Welt <\/strong><em>Ein Tag in Odessa<\/em><\/p>\n<p>&nbsp;<strong>Russlands Traum vom s\u00fcdlichen Meer <\/strong><em>&nbsp; Jalta zwischen Pracht und Verfall<\/em><\/p>\n<p><strong>Wladimir und die Schwarzmeerflotte <\/strong><em>Streifz\u00fcge durch Sewastopol<\/em><\/p>\n<p><strong>Der Tr\u00e4nenbrunnen&nbsp; von Bakhchisaray <\/strong><em>Ein Ausflug zu den Krimtataren<\/em><\/p>\n<p><strong>Weltstadt am Dnjepr&nbsp;<\/strong> <em>Kiew&nbsp; im Schnittpunkt der Zeiten <\/em><\/p>\n<p><strong>Die Perle Galiziens&nbsp;<\/strong> <em>Lembergs Wiederauferstehung<\/em><\/p>\n<p><strong>Unterwegs mit dem Marushki <\/strong><em>&nbsp;Auf der Suche nach Galizien<\/em><\/p>\n<p><strong>Welthauptstadt der Melancholie <\/strong><strong>&nbsp; <\/strong><em>Czernowitz im Dauerregen <\/em><\/p>\n<h5><strong> <img loading=\"lazy\" decoding=\"async\" class=\"wp-image-7355 alignleft\" src=\"http:\/\/ludwig-witzani.de\/wp-content\/uploads\/2020\/04\/IMG_5636.jpg\" alt=\"\" width=\"112\" height=\"165\"\/><\/strong><strong>MOLDAWIEN <\/strong><\/h5>\n<p>&nbsp;<strong>Ein Land als Ping-Pong-Ball&nbsp;<\/strong> <em>Die moldawische Hauptstadt Chi\u0219in\u0103u <\/em><\/p>\n<p><strong>&nbsp;Der h\u00f6chste Lenin der Welt <\/strong><em>&nbsp; Sowjetkult in Tiraspol <\/em><\/p>\n<h6><em>&nbsp;<\/em><\/h6>\n<h5><strong>NACHSPIEL: &nbsp; WAS HAT\u00b4S GEBRACHT? EIN R\u00dcCKBLICK<br \/>\n<\/strong><\/h5>\n<p><img loading=\"lazy\" decoding=\"async\" class=\"aligncenter size-medium wp-image-7357\" src=\"http:\/\/ludwig-witzani.de\/wp-content\/uploads\/2020\/04\/Czernowitz-3-900x544.jpg\" alt=\"\" width=\"900\" height=\"544\" srcset=\"https:\/\/ludwig-witzani.de\/wp-content\/uploads\/2020\/04\/Czernowitz-3-900x544.jpg 900w, https:\/\/ludwig-witzani.de\/wp-content\/uploads\/2020\/04\/Czernowitz-3-768x464.jpg 768w, https:\/\/ludwig-witzani.de\/wp-content\/uploads\/2020\/04\/Czernowitz-3.jpg 1462w\" sizes=\"auto, (max-width: 900px) 100vw, 900px\" \/><\/p>\n<p><em>&nbsp;&nbsp;<br \/>\n<\/em><\/p>\n","protected":false},"excerpt":{"rendered":"<p>EINLEITUNG&nbsp; EUROPAS WILDER OSTEN &nbsp; VORSPIEL: Gro\u00dfe M\u00e4nner in zu kleinen Autos &nbsp; Serbische Ouvert\u00fcre&nbsp;&nbsp;&nbsp; BULGARIEN Die Pistole im Handschuhfach Sofia als urbane Collage Mit den Massen am Meer Die bulgarische Schwarzmeerk\u00fcste &nbsp;Von einer Fremdherrschaft in die n\u00e4chste &nbsp;&nbsp; Sp\u00e4te Bl\u00fcten in Veliko Tarnovo und Russe RUM\u00c4NIEN Die Stadt, in der die Revolution ausbrach &nbsp; &hellip; <a href=\"https:\/\/ludwig-witzani.de\/zu-den-grossen-traeumen\/inhaltsverzeichnis-europas-wilder-osten\/\" class=\"more-link\"><span class=\"screen-reader-text\">Inhaltsverzeichnis Europas wilder Osten<\/span> weiterlesen <span class=\"meta-nav\">&rarr;<\/span><\/a><\/p>\n","protected":false},"author":2,"featured_media":0,"parent":0,"menu_order":0,"comment_status":"closed","ping_status":"closed","template":"","meta":{"ngg_post_thumbnail":0,"jetpack_post_was_ever_published":false,"footnotes":""},"class_list":["post-7349","page","type-page","status-publish","hentry"],"yoast_head":"<!-- This site is optimized with the Yoast SEO plugin v27.5 - https:\/\/yoast.com\/product\/yoast-seo-wordpress\/ -->\n<title>Inhaltsverzeichnis Europas wilder Osten - Ludwig Witzani<\/title>\n<meta name=\"robots\" content=\"index, follow, max-snippet:-1, max-image-preview:large, max-video-preview:-1\" \/>\n<link rel=\"canonical\" href=\"https:\/\/ludwig-witzani.de\/zu-den-grossen-traeumen\/inhaltsverzeichnis-europas-wilder-osten\/\" \/>\n<meta property=\"og:locale\" content=\"de_DE\" \/>\n<meta property=\"og:type\" content=\"article\" \/>\n<meta property=\"og:title\" content=\"Inhaltsverzeichnis Europas wilder Osten - Ludwig Witzani\" \/>\n<meta property=\"og:description\" content=\"EINLEITUNG&nbsp; EUROPAS WILDER OSTEN &nbsp; VORSPIEL: Gro\u00dfe M\u00e4nner in zu kleinen Autos &nbsp; Serbische Ouvert\u00fcre&nbsp;&nbsp;&nbsp; BULGARIEN Die Pistole im Handschuhfach Sofia als urbane Collage Mit den Massen am Meer Die bulgarische Schwarzmeerk\u00fcste &nbsp;Von einer Fremdherrschaft in die n\u00e4chste &nbsp;&nbsp; Sp\u00e4te Bl\u00fcten in Veliko Tarnovo und Russe RUM\u00c4NIEN Die Stadt, in der die Revolution ausbrach &nbsp; &hellip; Inhaltsverzeichnis Europas wilder Osten weiterlesen &rarr;\" \/>\n<meta property=\"og:url\" content=\"https:\/\/ludwig-witzani.de\/zu-den-grossen-traeumen\/inhaltsverzeichnis-europas-wilder-osten\/\" \/>\n<meta property=\"og:site_name\" content=\"Ludwig Witzani\" \/>\n<meta property=\"article:modified_time\" content=\"2025-06-03T10:32:51+00:00\" \/>\n<meta property=\"og:image\" content=\"https:\/\/ludwig-witzani.de\/wp-content\/uploads\/2020\/04\/image041.jpg\" \/>\n\t<meta property=\"og:image:width\" content=\"764\" \/>\n\t<meta property=\"og:image:height\" content=\"527\" \/>\n\t<meta property=\"og:image:type\" content=\"image\/jpeg\" \/>\n<meta name=\"twitter:card\" content=\"summary_large_image\" \/>\n<meta name=\"twitter:label1\" content=\"Gesch\u00e4tzte Lesezeit\" \/>\n\t<meta name=\"twitter:data1\" content=\"1\u00a0Minute\" \/>\n<script type=\"application\/ld+json\" class=\"yoast-schema-graph\">{\"@context\":\"https:\\\/\\\/schema.org\",\"@graph\":[{\"@type\":\"WebPage\",\"@id\":\"https:\\\/\\\/ludwig-witzani.de\\\/zu-den-grossen-traeumen\\\/inhaltsverzeichnis-europas-wilder-osten\\\/\",\"url\":\"https:\\\/\\\/ludwig-witzani.de\\\/zu-den-grossen-traeumen\\\/inhaltsverzeichnis-europas-wilder-osten\\\/\",\"name\":\"Inhaltsverzeichnis Europas wilder Osten - Ludwig Witzani\",\"isPartOf\":{\"@id\":\"https:\\\/\\\/ludwig-witzani.de\\\/zu-den-grossen-traeumen\\\/#website\"},\"primaryImageOfPage\":{\"@id\":\"https:\\\/\\\/ludwig-witzani.de\\\/zu-den-grossen-traeumen\\\/inhaltsverzeichnis-europas-wilder-osten\\\/#primaryimage\"},\"image\":{\"@id\":\"https:\\\/\\\/ludwig-witzani.de\\\/zu-den-grossen-traeumen\\\/inhaltsverzeichnis-europas-wilder-osten\\\/#primaryimage\"},\"thumbnailUrl\":\"http:\\\/\\\/ludwig-witzani.de\\\/wp-content\\\/uploads\\\/2020\\\/04\\\/image041.jpg\",\"datePublished\":\"2020-04-19T07:13:58+00:00\",\"dateModified\":\"2025-06-03T10:32:51+00:00\",\"breadcrumb\":{\"@id\":\"https:\\\/\\\/ludwig-witzani.de\\\/zu-den-grossen-traeumen\\\/inhaltsverzeichnis-europas-wilder-osten\\\/#breadcrumb\"},\"inLanguage\":\"de\",\"potentialAction\":[{\"@type\":\"ReadAction\",\"target\":[\"https:\\\/\\\/ludwig-witzani.de\\\/zu-den-grossen-traeumen\\\/inhaltsverzeichnis-europas-wilder-osten\\\/\"]}]},{\"@type\":\"ImageObject\",\"inLanguage\":\"de\",\"@id\":\"https:\\\/\\\/ludwig-witzani.de\\\/zu-den-grossen-traeumen\\\/inhaltsverzeichnis-europas-wilder-osten\\\/#primaryimage\",\"url\":\"http:\\\/\\\/ludwig-witzani.de\\\/wp-content\\\/uploads\\\/2020\\\/04\\\/image041.jpg\",\"contentUrl\":\"http:\\\/\\\/ludwig-witzani.de\\\/wp-content\\\/uploads\\\/2020\\\/04\\\/image041.jpg\"},{\"@type\":\"BreadcrumbList\",\"@id\":\"https:\\\/\\\/ludwig-witzani.de\\\/zu-den-grossen-traeumen\\\/inhaltsverzeichnis-europas-wilder-osten\\\/#breadcrumb\",\"itemListElement\":[{\"@type\":\"ListItem\",\"position\":1,\"name\":\"Startseite\",\"item\":\"https:\\\/\\\/ludwig-witzani.de\\\/zu-den-grossen-traeumen\\\/\"},{\"@type\":\"ListItem\",\"position\":2,\"name\":\"Inhaltsverzeichnis Europas wilder Osten\"}]},{\"@type\":\"WebSite\",\"@id\":\"https:\\\/\\\/ludwig-witzani.de\\\/zu-den-grossen-traeumen\\\/#website\",\"url\":\"https:\\\/\\\/ludwig-witzani.de\\\/zu-den-grossen-traeumen\\\/\",\"name\":\"Ludwig Witzani\",\"description\":\"World Wide Travel\",\"potentialAction\":[{\"@type\":\"SearchAction\",\"target\":{\"@type\":\"EntryPoint\",\"urlTemplate\":\"https:\\\/\\\/ludwig-witzani.de\\\/zu-den-grossen-traeumen\\\/?s={search_term_string}\"},\"query-input\":{\"@type\":\"PropertyValueSpecification\",\"valueRequired\":true,\"valueName\":\"search_term_string\"}}],\"inLanguage\":\"de\"}]}<\/script>\n<!-- \/ Yoast SEO plugin. -->","yoast_head_json":{"title":"Inhaltsverzeichnis Europas wilder Osten - Ludwig Witzani","robots":{"index":"index","follow":"follow","max-snippet":"max-snippet:-1","max-image-preview":"max-image-preview:large","max-video-preview":"max-video-preview:-1"},"canonical":"https:\/\/ludwig-witzani.de\/zu-den-grossen-traeumen\/inhaltsverzeichnis-europas-wilder-osten\/","og_locale":"de_DE","og_type":"article","og_title":"Inhaltsverzeichnis Europas wilder Osten - Ludwig Witzani","og_description":"EINLEITUNG&nbsp; EUROPAS WILDER OSTEN &nbsp; VORSPIEL: Gro\u00dfe M\u00e4nner in zu kleinen Autos &nbsp; Serbische Ouvert\u00fcre&nbsp;&nbsp;&nbsp; BULGARIEN Die Pistole im Handschuhfach Sofia als urbane Collage Mit den Massen am Meer Die bulgarische Schwarzmeerk\u00fcste &nbsp;Von einer Fremdherrschaft in die n\u00e4chste &nbsp;&nbsp; Sp\u00e4te Bl\u00fcten in Veliko Tarnovo und Russe RUM\u00c4NIEN Die Stadt, in der die Revolution ausbrach &nbsp; &hellip; Inhaltsverzeichnis Europas wilder Osten weiterlesen &rarr;","og_url":"https:\/\/ludwig-witzani.de\/zu-den-grossen-traeumen\/inhaltsverzeichnis-europas-wilder-osten\/","og_site_name":"Ludwig Witzani","article_modified_time":"2025-06-03T10:32:51+00:00","og_image":[{"width":764,"height":527,"url":"https:\/\/ludwig-witzani.de\/wp-content\/uploads\/2020\/04\/image041.jpg","type":"image\/jpeg"}],"twitter_card":"summary_large_image","twitter_misc":{"Gesch\u00e4tzte Lesezeit":"1\u00a0Minute"},"schema":{"@context":"https:\/\/schema.org","@graph":[{"@type":"WebPage","@id":"https:\/\/ludwig-witzani.de\/zu-den-grossen-traeumen\/inhaltsverzeichnis-europas-wilder-osten\/","url":"https:\/\/ludwig-witzani.de\/zu-den-grossen-traeumen\/inhaltsverzeichnis-europas-wilder-osten\/","name":"Inhaltsverzeichnis Europas wilder Osten - Ludwig Witzani","isPartOf":{"@id":"https:\/\/ludwig-witzani.de\/zu-den-grossen-traeumen\/#website"},"primaryImageOfPage":{"@id":"https:\/\/ludwig-witzani.de\/zu-den-grossen-traeumen\/inhaltsverzeichnis-europas-wilder-osten\/#primaryimage"},"image":{"@id":"https:\/\/ludwig-witzani.de\/zu-den-grossen-traeumen\/inhaltsverzeichnis-europas-wilder-osten\/#primaryimage"},"thumbnailUrl":"http:\/\/ludwig-witzani.de\/wp-content\/uploads\/2020\/04\/image041.jpg","datePublished":"2020-04-19T07:13:58+00:00","dateModified":"2025-06-03T10:32:51+00:00","breadcrumb":{"@id":"https:\/\/ludwig-witzani.de\/zu-den-grossen-traeumen\/inhaltsverzeichnis-europas-wilder-osten\/#breadcrumb"},"inLanguage":"de","potentialAction":[{"@type":"ReadAction","target":["https:\/\/ludwig-witzani.de\/zu-den-grossen-traeumen\/inhaltsverzeichnis-europas-wilder-osten\/"]}]},{"@type":"ImageObject","inLanguage":"de","@id":"https:\/\/ludwig-witzani.de\/zu-den-grossen-traeumen\/inhaltsverzeichnis-europas-wilder-osten\/#primaryimage","url":"http:\/\/ludwig-witzani.de\/wp-content\/uploads\/2020\/04\/image041.jpg","contentUrl":"http:\/\/ludwig-witzani.de\/wp-content\/uploads\/2020\/04\/image041.jpg"},{"@type":"BreadcrumbList","@id":"https:\/\/ludwig-witzani.de\/zu-den-grossen-traeumen\/inhaltsverzeichnis-europas-wilder-osten\/#breadcrumb","itemListElement":[{"@type":"ListItem","position":1,"name":"Startseite","item":"https:\/\/ludwig-witzani.de\/zu-den-grossen-traeumen\/"},{"@type":"ListItem","position":2,"name":"Inhaltsverzeichnis Europas wilder Osten"}]},{"@type":"WebSite","@id":"https:\/\/ludwig-witzani.de\/zu-den-grossen-traeumen\/#website","url":"https:\/\/ludwig-witzani.de\/zu-den-grossen-traeumen\/","name":"Ludwig Witzani","description":"World Wide Travel","potentialAction":[{"@type":"SearchAction","target":{"@type":"EntryPoint","urlTemplate":"https:\/\/ludwig-witzani.de\/zu-den-grossen-traeumen\/?s={search_term_string}"},"query-input":{"@type":"PropertyValueSpecification","valueRequired":true,"valueName":"search_term_string"}}],"inLanguage":"de"}]}},"jetpack_shortlink":"https:\/\/wp.me\/P4daYo-1Ux","jetpack_sharing_enabled":true,"_links":{"self":[{"href":"https:\/\/ludwig-witzani.de\/zu-den-grossen-traeumen\/wp-json\/wp\/v2\/pages\/7349","targetHints":{"allow":["GET"]}}],"collection":[{"href":"https:\/\/ludwig-witzani.de\/zu-den-grossen-traeumen\/wp-json\/wp\/v2\/pages"}],"about":[{"href":"https:\/\/ludwig-witzani.de\/zu-den-grossen-traeumen\/wp-json\/wp\/v2\/types\/page"}],"author":[{"embeddable":true,"href":"https:\/\/ludwig-witzani.de\/zu-den-grossen-traeumen\/wp-json\/wp\/v2\/users\/2"}],"replies":[{"embeddable":true,"href":"https:\/\/ludwig-witzani.de\/zu-den-grossen-traeumen\/wp-json\/wp\/v2\/comments?post=7349"}],"version-history":[{"count":7,"href":"https:\/\/ludwig-witzani.de\/zu-den-grossen-traeumen\/wp-json\/wp\/v2\/pages\/7349\/revisions"}],"predecessor-version":[{"id":7393,"href":"https:\/\/ludwig-witzani.de\/zu-den-grossen-traeumen\/wp-json\/wp\/v2\/pages\/7349\/revisions\/7393"}],"wp:attachment":[{"href":"https:\/\/ludwig-witzani.de\/zu-den-grossen-traeumen\/wp-json\/wp\/v2\/media?parent=7349"}],"curies":[{"name":"wp","href":"https:\/\/api.w.org\/{rel}","templated":true}]}}