{"id":7343,"date":"2020-04-19T07:00:05","date_gmt":"2020-04-19T07:00:05","guid":{"rendered":"http:\/\/ludwig-witzani.de\/?page_id=7343"},"modified":"2025-06-03T10:32:51","modified_gmt":"2025-06-03T10:32:51","slug":"europas-wilder-osten-weltreisen-bd-xii","status":"publish","type":"page","link":"https:\/\/ludwig-witzani.de\/zu-den-grossen-traeumen\/europas-wilder-osten-weltreisen-bd-xii\/","title":{"rendered":"Europas wilder Osten (Weltreisen Bd. XII)"},"content":{"rendered":"<p><img loading=\"lazy\" decoding=\"async\" class=\"wp-image-7344 alignleft\" src=\"http:\/\/ludwig-witzani.de\/wp-content\/uploads\/2020\/04\/Cover-neu-DER-WILDE-OSTEN.jpg\" alt=\"\" width=\"320\" height=\"437\"\/>Mit Bussen und Marushkis, Eisenbahnen und Automobilen ist Ludwig Witzani durch den sogenannten &#8222;wilden Osten&#8220; Europas gereist, hat den Donaudurchbruch und die Walachei besichtigt und&nbsp; die Burg des Grafen Dracula besucht. Er durchreiste Siebenb\u00fcrgen, die &#8222;Perle der Karpaten&#8220; und lief durch die G\u00e4nge des Kiewer H\u00f6hlenklosters. An der bulgarischen Schwarzmeerk\u00fcste erhielt er eine &#8222;Lektion in Massentourismus&#8220;,&nbsp; und im verregneten Czernowitz&nbsp; k\u00e4mpfte er gegen die Melancholie. Von Belgrad \u00fcber Sofia und die Schwarzmeerk\u00fcste f\u00fchrt das vorliegende Reisebuch durch ganz Rum\u00e4nien, zur Krim, nach Kiew, der &#8222;Mutter aller russischen St\u00e4dte&#8220; und zum Abschluss \u00fcber Galizien nach&nbsp; Moldawien, den &#8222;unbekanntesten Staat Europas&#8220;.&nbsp; Ein Blick auf ein anderes, &#8222;wilderes&#8220;&nbsp; Europa, der das eigene Selbstverst\u00e4ndnis modifiziert.<\/p>\n<p>339 Seiten, 13,99 Euro &#8211; bestellen bei <a href=\"https:\/\/www.amazon.de\/Weltreisen-Europas-wilder-Osten-Bulgarien\/dp\/3752970642\/ref=sr_1_1?__mk_de_DE=%C3%85M%C3%85%C5%BD%C3%95%C3%91&amp;dchild=1&amp;keywords=Ludwig+Witzani+Europas+wilder+Osten&amp;qid=1594464798&amp;sr=8-1\">amazon <\/a>und <a href=\"https:\/\/www.epubli.de\/shop\/buch\/Europas-wilder-Osten-Ludwig-Witzani-9783752970647\/100743\">epubli&nbsp; <\/a><\/p>\n<p><a href=\"https:\/\/www.epubli.de\/\/shop\/buch\/Europas-wilder-Osten-Ludwig-Witzani-9783752990478\/102734?utm_medium=email&amp;utm_source=transactional&amp;utm_campaign=Systemmail_PublishedSuccessfully\">Auch als EBook erh\u00e4ltlich<\/a> 3,99 Euro ISBN: 978-3-752990-47-8<\/p>\n<p><a href=\"http:\/\/ludwig-witzani.de\/inhaltsverzeichnis-europas-wilder-osten\/\">Inhaltsverzeichnis<\/a><\/p>\n<p><a href=\"http:\/\/ludwig-witzani.de\/leseprobe-europas-wilder-osten\/\">Leseprobe<\/a><\/p>\n","protected":false},"excerpt":{"rendered":"<p>Mit Bussen und Marushkis, Eisenbahnen und Automobilen ist Ludwig Witzani durch den sogenannten &#8222;wilden Osten&#8220; Europas gereist, hat den Donaudurchbruch und die Walachei besichtigt und&nbsp; die Burg des Grafen Dracula besucht. Er durchreiste Siebenb\u00fcrgen, die &#8222;Perle der Karpaten&#8220; und lief durch die G\u00e4nge des Kiewer H\u00f6hlenklosters. An der bulgarischen Schwarzmeerk\u00fcste erhielt er eine &#8222;Lektion in &hellip; <a href=\"https:\/\/ludwig-witzani.de\/zu-den-grossen-traeumen\/europas-wilder-osten-weltreisen-bd-xii\/\" class=\"more-link\"><span class=\"screen-reader-text\">Europas wilder Osten (Weltreisen Bd. XII)<\/span> weiterlesen <span class=\"meta-nav\">&rarr;<\/span><\/a><\/p>\n","protected":false},"author":2,"featured_media":0,"parent":0,"menu_order":0,"comment_status":"closed","ping_status":"closed","template":"","meta":{"ngg_post_thumbnail":0,"jetpack_post_was_ever_published":false,"footnotes":""},"class_list":["post-7343","page","type-page","status-publish","hentry"],"yoast_head":"<!-- This site is optimized with the Yoast SEO plugin v27.4 - https:\/\/yoast.com\/product\/yoast-seo-wordpress\/ -->\n<title>Europas wilder Osten (Weltreisen Bd. XII) - Ludwig Witzani<\/title>\n<meta name=\"robots\" content=\"index, follow, max-snippet:-1, max-image-preview:large, max-video-preview:-1\" \/>\n<link rel=\"canonical\" href=\"https:\/\/ludwig-witzani.de\/zu-den-grossen-traeumen\/europas-wilder-osten-weltreisen-bd-xii\/\" \/>\n<meta property=\"og:locale\" content=\"de_DE\" \/>\n<meta property=\"og:type\" content=\"article\" \/>\n<meta property=\"og:title\" content=\"Europas wilder Osten (Weltreisen Bd. XII) - Ludwig Witzani\" \/>\n<meta property=\"og:description\" content=\"Mit Bussen und Marushkis, Eisenbahnen und Automobilen ist Ludwig Witzani durch den sogenannten &#8222;wilden Osten&#8220; Europas gereist, hat den Donaudurchbruch und die Walachei besichtigt und&nbsp; die Burg des Grafen Dracula besucht. Er durchreiste Siebenb\u00fcrgen, die &#8222;Perle der Karpaten&#8220; und lief durch die G\u00e4nge des Kiewer H\u00f6hlenklosters. An der bulgarischen Schwarzmeerk\u00fcste erhielt er eine &#8222;Lektion in &hellip; Europas wilder Osten (Weltreisen Bd. XII) weiterlesen &rarr;\" \/>\n<meta property=\"og:url\" content=\"https:\/\/ludwig-witzani.de\/zu-den-grossen-traeumen\/europas-wilder-osten-weltreisen-bd-xii\/\" \/>\n<meta property=\"og:site_name\" content=\"Ludwig Witzani\" \/>\n<meta property=\"article:modified_time\" content=\"2025-06-03T10:32:51+00:00\" \/>\n<meta property=\"og:image\" content=\"https:\/\/ludwig-witzani.de\/wp-content\/uploads\/2020\/04\/Cover-neu-DER-WILDE-OSTEN.jpg\" \/>\n\t<meta property=\"og:image:width\" content=\"533\" \/>\n\t<meta property=\"og:image:height\" content=\"728\" \/>\n\t<meta property=\"og:image:type\" content=\"image\/jpeg\" \/>\n<meta name=\"twitter:card\" content=\"summary_large_image\" \/>\n<meta name=\"twitter:label1\" content=\"Gesch\u00e4tzte Lesezeit\" \/>\n\t<meta name=\"twitter:data1\" content=\"1\u00a0Minute\" \/>\n<script type=\"application\/ld+json\" class=\"yoast-schema-graph\">{\"@context\":\"https:\\\/\\\/schema.org\",\"@graph\":[{\"@type\":\"WebPage\",\"@id\":\"https:\\\/\\\/ludwig-witzani.de\\\/zu-den-grossen-traeumen\\\/europas-wilder-osten-weltreisen-bd-xii\\\/\",\"url\":\"https:\\\/\\\/ludwig-witzani.de\\\/zu-den-grossen-traeumen\\\/europas-wilder-osten-weltreisen-bd-xii\\\/\",\"name\":\"Europas wilder Osten (Weltreisen Bd. XII) - Ludwig Witzani\",\"isPartOf\":{\"@id\":\"https:\\\/\\\/ludwig-witzani.de\\\/zu-den-grossen-traeumen\\\/#website\"},\"primaryImageOfPage\":{\"@id\":\"https:\\\/\\\/ludwig-witzani.de\\\/zu-den-grossen-traeumen\\\/europas-wilder-osten-weltreisen-bd-xii\\\/#primaryimage\"},\"image\":{\"@id\":\"https:\\\/\\\/ludwig-witzani.de\\\/zu-den-grossen-traeumen\\\/europas-wilder-osten-weltreisen-bd-xii\\\/#primaryimage\"},\"thumbnailUrl\":\"http:\\\/\\\/ludwig-witzani.de\\\/wp-content\\\/uploads\\\/2020\\\/04\\\/Cover-neu-DER-WILDE-OSTEN.jpg\",\"datePublished\":\"2020-04-19T07:00:05+00:00\",\"dateModified\":\"2025-06-03T10:32:51+00:00\",\"breadcrumb\":{\"@id\":\"https:\\\/\\\/ludwig-witzani.de\\\/zu-den-grossen-traeumen\\\/europas-wilder-osten-weltreisen-bd-xii\\\/#breadcrumb\"},\"inLanguage\":\"de\",\"potentialAction\":[{\"@type\":\"ReadAction\",\"target\":[\"https:\\\/\\\/ludwig-witzani.de\\\/zu-den-grossen-traeumen\\\/europas-wilder-osten-weltreisen-bd-xii\\\/\"]}]},{\"@type\":\"ImageObject\",\"inLanguage\":\"de\",\"@id\":\"https:\\\/\\\/ludwig-witzani.de\\\/zu-den-grossen-traeumen\\\/europas-wilder-osten-weltreisen-bd-xii\\\/#primaryimage\",\"url\":\"http:\\\/\\\/ludwig-witzani.de\\\/wp-content\\\/uploads\\\/2020\\\/04\\\/Cover-neu-DER-WILDE-OSTEN.jpg\",\"contentUrl\":\"http:\\\/\\\/ludwig-witzani.de\\\/wp-content\\\/uploads\\\/2020\\\/04\\\/Cover-neu-DER-WILDE-OSTEN.jpg\"},{\"@type\":\"BreadcrumbList\",\"@id\":\"https:\\\/\\\/ludwig-witzani.de\\\/zu-den-grossen-traeumen\\\/europas-wilder-osten-weltreisen-bd-xii\\\/#breadcrumb\",\"itemListElement\":[{\"@type\":\"ListItem\",\"position\":1,\"name\":\"Startseite\",\"item\":\"https:\\\/\\\/ludwig-witzani.de\\\/zu-den-grossen-traeumen\\\/\"},{\"@type\":\"ListItem\",\"position\":2,\"name\":\"Europas wilder Osten (Weltreisen Bd. XII)\"}]},{\"@type\":\"WebSite\",\"@id\":\"https:\\\/\\\/ludwig-witzani.de\\\/zu-den-grossen-traeumen\\\/#website\",\"url\":\"https:\\\/\\\/ludwig-witzani.de\\\/zu-den-grossen-traeumen\\\/\",\"name\":\"Ludwig Witzani\",\"description\":\"World Wide Travel\",\"potentialAction\":[{\"@type\":\"SearchAction\",\"target\":{\"@type\":\"EntryPoint\",\"urlTemplate\":\"https:\\\/\\\/ludwig-witzani.de\\\/zu-den-grossen-traeumen\\\/?s={search_term_string}\"},\"query-input\":{\"@type\":\"PropertyValueSpecification\",\"valueRequired\":true,\"valueName\":\"search_term_string\"}}],\"inLanguage\":\"de\"}]}<\/script>\n<!-- \/ Yoast SEO plugin. -->","yoast_head_json":{"title":"Europas wilder Osten (Weltreisen Bd. XII) - Ludwig Witzani","robots":{"index":"index","follow":"follow","max-snippet":"max-snippet:-1","max-image-preview":"max-image-preview:large","max-video-preview":"max-video-preview:-1"},"canonical":"https:\/\/ludwig-witzani.de\/zu-den-grossen-traeumen\/europas-wilder-osten-weltreisen-bd-xii\/","og_locale":"de_DE","og_type":"article","og_title":"Europas wilder Osten (Weltreisen Bd. XII) - Ludwig Witzani","og_description":"Mit Bussen und Marushkis, Eisenbahnen und Automobilen ist Ludwig Witzani durch den sogenannten &#8222;wilden Osten&#8220; Europas gereist, hat den Donaudurchbruch und die Walachei besichtigt und&nbsp; die Burg des Grafen Dracula besucht. Er durchreiste Siebenb\u00fcrgen, die &#8222;Perle der Karpaten&#8220; und lief durch die G\u00e4nge des Kiewer H\u00f6hlenklosters. An der bulgarischen Schwarzmeerk\u00fcste erhielt er eine &#8222;Lektion in &hellip; Europas wilder Osten (Weltreisen Bd. XII) weiterlesen &rarr;","og_url":"https:\/\/ludwig-witzani.de\/zu-den-grossen-traeumen\/europas-wilder-osten-weltreisen-bd-xii\/","og_site_name":"Ludwig Witzani","article_modified_time":"2025-06-03T10:32:51+00:00","og_image":[{"width":533,"height":728,"url":"https:\/\/ludwig-witzani.de\/wp-content\/uploads\/2020\/04\/Cover-neu-DER-WILDE-OSTEN.jpg","type":"image\/jpeg"}],"twitter_card":"summary_large_image","twitter_misc":{"Gesch\u00e4tzte Lesezeit":"1\u00a0Minute"},"schema":{"@context":"https:\/\/schema.org","@graph":[{"@type":"WebPage","@id":"https:\/\/ludwig-witzani.de\/zu-den-grossen-traeumen\/europas-wilder-osten-weltreisen-bd-xii\/","url":"https:\/\/ludwig-witzani.de\/zu-den-grossen-traeumen\/europas-wilder-osten-weltreisen-bd-xii\/","name":"Europas wilder Osten (Weltreisen Bd. XII) - Ludwig Witzani","isPartOf":{"@id":"https:\/\/ludwig-witzani.de\/zu-den-grossen-traeumen\/#website"},"primaryImageOfPage":{"@id":"https:\/\/ludwig-witzani.de\/zu-den-grossen-traeumen\/europas-wilder-osten-weltreisen-bd-xii\/#primaryimage"},"image":{"@id":"https:\/\/ludwig-witzani.de\/zu-den-grossen-traeumen\/europas-wilder-osten-weltreisen-bd-xii\/#primaryimage"},"thumbnailUrl":"http:\/\/ludwig-witzani.de\/wp-content\/uploads\/2020\/04\/Cover-neu-DER-WILDE-OSTEN.jpg","datePublished":"2020-04-19T07:00:05+00:00","dateModified":"2025-06-03T10:32:51+00:00","breadcrumb":{"@id":"https:\/\/ludwig-witzani.de\/zu-den-grossen-traeumen\/europas-wilder-osten-weltreisen-bd-xii\/#breadcrumb"},"inLanguage":"de","potentialAction":[{"@type":"ReadAction","target":["https:\/\/ludwig-witzani.de\/zu-den-grossen-traeumen\/europas-wilder-osten-weltreisen-bd-xii\/"]}]},{"@type":"ImageObject","inLanguage":"de","@id":"https:\/\/ludwig-witzani.de\/zu-den-grossen-traeumen\/europas-wilder-osten-weltreisen-bd-xii\/#primaryimage","url":"http:\/\/ludwig-witzani.de\/wp-content\/uploads\/2020\/04\/Cover-neu-DER-WILDE-OSTEN.jpg","contentUrl":"http:\/\/ludwig-witzani.de\/wp-content\/uploads\/2020\/04\/Cover-neu-DER-WILDE-OSTEN.jpg"},{"@type":"BreadcrumbList","@id":"https:\/\/ludwig-witzani.de\/zu-den-grossen-traeumen\/europas-wilder-osten-weltreisen-bd-xii\/#breadcrumb","itemListElement":[{"@type":"ListItem","position":1,"name":"Startseite","item":"https:\/\/ludwig-witzani.de\/zu-den-grossen-traeumen\/"},{"@type":"ListItem","position":2,"name":"Europas wilder Osten (Weltreisen Bd. XII)"}]},{"@type":"WebSite","@id":"https:\/\/ludwig-witzani.de\/zu-den-grossen-traeumen\/#website","url":"https:\/\/ludwig-witzani.de\/zu-den-grossen-traeumen\/","name":"Ludwig Witzani","description":"World Wide Travel","potentialAction":[{"@type":"SearchAction","target":{"@type":"EntryPoint","urlTemplate":"https:\/\/ludwig-witzani.de\/zu-den-grossen-traeumen\/?s={search_term_string}"},"query-input":{"@type":"PropertyValueSpecification","valueRequired":true,"valueName":"search_term_string"}}],"inLanguage":"de"}]}},"jetpack_shortlink":"https:\/\/wp.me\/P4daYo-1Ur","jetpack_sharing_enabled":true,"_links":{"self":[{"href":"https:\/\/ludwig-witzani.de\/zu-den-grossen-traeumen\/wp-json\/wp\/v2\/pages\/7343","targetHints":{"allow":["GET"]}}],"collection":[{"href":"https:\/\/ludwig-witzani.de\/zu-den-grossen-traeumen\/wp-json\/wp\/v2\/pages"}],"about":[{"href":"https:\/\/ludwig-witzani.de\/zu-den-grossen-traeumen\/wp-json\/wp\/v2\/types\/page"}],"author":[{"embeddable":true,"href":"https:\/\/ludwig-witzani.de\/zu-den-grossen-traeumen\/wp-json\/wp\/v2\/users\/2"}],"replies":[{"embeddable":true,"href":"https:\/\/ludwig-witzani.de\/zu-den-grossen-traeumen\/wp-json\/wp\/v2\/comments?post=7343"}],"version-history":[{"count":13,"href":"https:\/\/ludwig-witzani.de\/zu-den-grossen-traeumen\/wp-json\/wp\/v2\/pages\/7343\/revisions"}],"predecessor-version":[{"id":7346,"href":"https:\/\/ludwig-witzani.de\/zu-den-grossen-traeumen\/wp-json\/wp\/v2\/pages\/7343\/revisions\/7346"}],"wp:attachment":[{"href":"https:\/\/ludwig-witzani.de\/zu-den-grossen-traeumen\/wp-json\/wp\/v2\/media?parent=7343"}],"curies":[{"name":"wp","href":"https:\/\/api.w.org\/{rel}","templated":true}]}}