{"id":7310,"date":"2020-04-07T12:39:42","date_gmt":"2020-04-07T12:39:42","guid":{"rendered":"http:\/\/ludwig-witzani.de\/?page_id=7310"},"modified":"2025-06-03T10:32:51","modified_gmt":"2025-06-03T10:32:51","slug":"kapitel-11-die-wunderlichen-kinder-1","status":"publish","type":"page","link":"https:\/\/ludwig-witzani.de\/zu-den-grossen-traeumen\/kapitel-11-die-wunderlichen-kinder-1\/","title":{"rendered":"Kapitel 11: Die wunderlichen Kinder (1)"},"content":{"rendered":"<p>I<strong>nhalt des Kapitels<\/strong>: Maria und Jozefs wird endlich eine Tochter geboren. Sie wird Lilia getauft, w\u00e4chst auf und entdeckt schrittweise die Welt der Familie, der Tiere und der Menschen. Die erste Wanderung der kleinen Lilia \u00fcber die Felder zum arbeitenden Vater f\u00fchrt \u00fcber einige Umwege zur beschleunigten Heirat von Tanta Janka mit dem Knecht Fridel Knyp. Die kleine Elzbietta Buruwska wird Lilias erste Freundin. Mit ihr zusammen und dem gleichaltrigen Adam Brosz weidet Lilia die K\u00fche. Kurz darauf ger\u00e4t sie mit den Gontaschs\u00f6hnen Waldeck und Andre aneinander. Ein in die Luft geschossener Ball und der Tod eines K\u00fckens f\u00fchrt zum Fluch der Nierodab\u00e4uerin und zum Tod Elzbietta Buruwskas. Die Jahreszeiten kommen und gehen und die Einschulung r\u00fcckt heran, bei der Lilia ihre Lahrer und Klassenkameraden kennenlernt. Lilia ist eine sehr gute Sch\u00fclerin und liebt den Religionsunterricht, den Igor Selenksi, der neue Assistent des alten Priesters, erteilt. Igor Selenski erz\u00e4hlt die Geschichte der Schwarzen Madonna und verspricht, dass die durch Polen wandernde Madonna bald nach Zakepie kommen wird.&nbsp; Inzwischen kommt Post von Eugenius, der zu entnehmen ist, dass er Letta Polak geheiratet hat. Lilias Klassenlehrer Pan Hiernow verf\u00e4llt aus Liebeskummer dem Alkohol, seine Nachfolgerin wird die sch\u00f6ne Lehrerin Renata Wolgata, die allen den Kopf verdreht. In langen&nbsp; kalten Wintern beginnt Maria Wolke ihrer Familie aus ihren Lieblingsb\u00fcchern vorzulesen. Schlie\u00dflich ist es soweit: das Bildnis der&nbsp; Madonna besucht das Dorf, wird in der Kirche willkommen gehei\u00dfen und wandert von Haus zu Haus und so auch zu den Woleks.&nbsp;&nbsp;<\/p>\n<p><a href=\"http:\/\/ludwig-witzani.de\/leseprobe-kapitel-11-die-wunderlichen-kinder-1\/\">Leseprobe<\/a><\/p>\n<p><a href=\"http:\/\/ludwig-witzani.de\/stammtafel-der-familien-kaminski-wolek-brosz-und-gontasch\/\">Stammtafel<\/a><\/p>\n<p><a href=\"http:\/\/ludwig-witzani.de\/das-dorf-zakepie\/\">Zur\u00fcck zum Seitenanfang<\/a><\/p>\n","protected":false},"excerpt":{"rendered":"<p>Inhalt des Kapitels: Maria und Jozefs wird endlich eine Tochter geboren. Sie wird Lilia getauft, w\u00e4chst auf und entdeckt schrittweise die Welt der Familie, der Tiere und der Menschen. Die erste Wanderung der kleinen Lilia \u00fcber die Felder zum arbeitenden Vater f\u00fchrt \u00fcber einige Umwege zur beschleunigten Heirat von Tanta Janka mit dem Knecht Fridel &hellip; <a href=\"https:\/\/ludwig-witzani.de\/zu-den-grossen-traeumen\/kapitel-11-die-wunderlichen-kinder-1\/\" class=\"more-link\"><span class=\"screen-reader-text\">Kapitel 11: Die wunderlichen Kinder (1)<\/span> weiterlesen <span class=\"meta-nav\">&rarr;<\/span><\/a><\/p>\n","protected":false},"author":2,"featured_media":0,"parent":0,"menu_order":0,"comment_status":"closed","ping_status":"closed","template":"","meta":{"ngg_post_thumbnail":0,"jetpack_post_was_ever_published":false,"footnotes":""},"class_list":["post-7310","page","type-page","status-publish","hentry"],"yoast_head":"<!-- This site is optimized with the Yoast SEO plugin v27.5 - https:\/\/yoast.com\/product\/yoast-seo-wordpress\/ -->\n<title>Kapitel 11: Die wunderlichen Kinder (1) - Ludwig Witzani<\/title>\n<meta name=\"robots\" content=\"index, follow, max-snippet:-1, max-image-preview:large, max-video-preview:-1\" \/>\n<link rel=\"canonical\" href=\"https:\/\/ludwig-witzani.de\/zu-den-grossen-traeumen\/kapitel-11-die-wunderlichen-kinder-1\/\" \/>\n<meta property=\"og:locale\" content=\"de_DE\" \/>\n<meta property=\"og:type\" content=\"article\" \/>\n<meta property=\"og:title\" content=\"Kapitel 11: Die wunderlichen Kinder (1) - Ludwig Witzani\" \/>\n<meta property=\"og:description\" content=\"Inhalt des Kapitels: Maria und Jozefs wird endlich eine Tochter geboren. Sie wird Lilia getauft, w\u00e4chst auf und entdeckt schrittweise die Welt der Familie, der Tiere und der Menschen. Die erste Wanderung der kleinen Lilia \u00fcber die Felder zum arbeitenden Vater f\u00fchrt \u00fcber einige Umwege zur beschleunigten Heirat von Tanta Janka mit dem Knecht Fridel &hellip; Kapitel 11: Die wunderlichen Kinder (1) weiterlesen &rarr;\" \/>\n<meta property=\"og:url\" content=\"https:\/\/ludwig-witzani.de\/zu-den-grossen-traeumen\/kapitel-11-die-wunderlichen-kinder-1\/\" \/>\n<meta property=\"og:site_name\" content=\"Ludwig Witzani\" \/>\n<meta property=\"article:modified_time\" content=\"2025-06-03T10:32:51+00:00\" \/>\n<meta name=\"twitter:card\" content=\"summary_large_image\" \/>\n<meta name=\"twitter:label1\" content=\"Gesch\u00e4tzte Lesezeit\" \/>\n\t<meta name=\"twitter:data1\" content=\"1\u00a0Minute\" \/>\n<script type=\"application\/ld+json\" class=\"yoast-schema-graph\">{\"@context\":\"https:\\\/\\\/schema.org\",\"@graph\":[{\"@type\":\"WebPage\",\"@id\":\"https:\\\/\\\/ludwig-witzani.de\\\/zu-den-grossen-traeumen\\\/kapitel-11-die-wunderlichen-kinder-1\\\/\",\"url\":\"https:\\\/\\\/ludwig-witzani.de\\\/zu-den-grossen-traeumen\\\/kapitel-11-die-wunderlichen-kinder-1\\\/\",\"name\":\"Kapitel 11: Die wunderlichen Kinder (1) - Ludwig Witzani\",\"isPartOf\":{\"@id\":\"https:\\\/\\\/ludwig-witzani.de\\\/zu-den-grossen-traeumen\\\/#website\"},\"datePublished\":\"2020-04-07T12:39:42+00:00\",\"dateModified\":\"2025-06-03T10:32:51+00:00\",\"breadcrumb\":{\"@id\":\"https:\\\/\\\/ludwig-witzani.de\\\/zu-den-grossen-traeumen\\\/kapitel-11-die-wunderlichen-kinder-1\\\/#breadcrumb\"},\"inLanguage\":\"de\",\"potentialAction\":[{\"@type\":\"ReadAction\",\"target\":[\"https:\\\/\\\/ludwig-witzani.de\\\/zu-den-grossen-traeumen\\\/kapitel-11-die-wunderlichen-kinder-1\\\/\"]}]},{\"@type\":\"BreadcrumbList\",\"@id\":\"https:\\\/\\\/ludwig-witzani.de\\\/zu-den-grossen-traeumen\\\/kapitel-11-die-wunderlichen-kinder-1\\\/#breadcrumb\",\"itemListElement\":[{\"@type\":\"ListItem\",\"position\":1,\"name\":\"Startseite\",\"item\":\"https:\\\/\\\/ludwig-witzani.de\\\/zu-den-grossen-traeumen\\\/\"},{\"@type\":\"ListItem\",\"position\":2,\"name\":\"Kapitel 11: Die wunderlichen Kinder (1)\"}]},{\"@type\":\"WebSite\",\"@id\":\"https:\\\/\\\/ludwig-witzani.de\\\/zu-den-grossen-traeumen\\\/#website\",\"url\":\"https:\\\/\\\/ludwig-witzani.de\\\/zu-den-grossen-traeumen\\\/\",\"name\":\"Ludwig Witzani\",\"description\":\"World Wide Travel\",\"potentialAction\":[{\"@type\":\"SearchAction\",\"target\":{\"@type\":\"EntryPoint\",\"urlTemplate\":\"https:\\\/\\\/ludwig-witzani.de\\\/zu-den-grossen-traeumen\\\/?s={search_term_string}\"},\"query-input\":{\"@type\":\"PropertyValueSpecification\",\"valueRequired\":true,\"valueName\":\"search_term_string\"}}],\"inLanguage\":\"de\"}]}<\/script>\n<!-- \/ Yoast SEO plugin. -->","yoast_head_json":{"title":"Kapitel 11: Die wunderlichen Kinder (1) - Ludwig Witzani","robots":{"index":"index","follow":"follow","max-snippet":"max-snippet:-1","max-image-preview":"max-image-preview:large","max-video-preview":"max-video-preview:-1"},"canonical":"https:\/\/ludwig-witzani.de\/zu-den-grossen-traeumen\/kapitel-11-die-wunderlichen-kinder-1\/","og_locale":"de_DE","og_type":"article","og_title":"Kapitel 11: Die wunderlichen Kinder (1) - Ludwig Witzani","og_description":"Inhalt des Kapitels: Maria und Jozefs wird endlich eine Tochter geboren. Sie wird Lilia getauft, w\u00e4chst auf und entdeckt schrittweise die Welt der Familie, der Tiere und der Menschen. Die erste Wanderung der kleinen Lilia \u00fcber die Felder zum arbeitenden Vater f\u00fchrt \u00fcber einige Umwege zur beschleunigten Heirat von Tanta Janka mit dem Knecht Fridel &hellip; Kapitel 11: Die wunderlichen Kinder (1) weiterlesen &rarr;","og_url":"https:\/\/ludwig-witzani.de\/zu-den-grossen-traeumen\/kapitel-11-die-wunderlichen-kinder-1\/","og_site_name":"Ludwig Witzani","article_modified_time":"2025-06-03T10:32:51+00:00","twitter_card":"summary_large_image","twitter_misc":{"Gesch\u00e4tzte Lesezeit":"1\u00a0Minute"},"schema":{"@context":"https:\/\/schema.org","@graph":[{"@type":"WebPage","@id":"https:\/\/ludwig-witzani.de\/zu-den-grossen-traeumen\/kapitel-11-die-wunderlichen-kinder-1\/","url":"https:\/\/ludwig-witzani.de\/zu-den-grossen-traeumen\/kapitel-11-die-wunderlichen-kinder-1\/","name":"Kapitel 11: Die wunderlichen Kinder (1) - Ludwig Witzani","isPartOf":{"@id":"https:\/\/ludwig-witzani.de\/zu-den-grossen-traeumen\/#website"},"datePublished":"2020-04-07T12:39:42+00:00","dateModified":"2025-06-03T10:32:51+00:00","breadcrumb":{"@id":"https:\/\/ludwig-witzani.de\/zu-den-grossen-traeumen\/kapitel-11-die-wunderlichen-kinder-1\/#breadcrumb"},"inLanguage":"de","potentialAction":[{"@type":"ReadAction","target":["https:\/\/ludwig-witzani.de\/zu-den-grossen-traeumen\/kapitel-11-die-wunderlichen-kinder-1\/"]}]},{"@type":"BreadcrumbList","@id":"https:\/\/ludwig-witzani.de\/zu-den-grossen-traeumen\/kapitel-11-die-wunderlichen-kinder-1\/#breadcrumb","itemListElement":[{"@type":"ListItem","position":1,"name":"Startseite","item":"https:\/\/ludwig-witzani.de\/zu-den-grossen-traeumen\/"},{"@type":"ListItem","position":2,"name":"Kapitel 11: Die wunderlichen Kinder (1)"}]},{"@type":"WebSite","@id":"https:\/\/ludwig-witzani.de\/zu-den-grossen-traeumen\/#website","url":"https:\/\/ludwig-witzani.de\/zu-den-grossen-traeumen\/","name":"Ludwig Witzani","description":"World Wide Travel","potentialAction":[{"@type":"SearchAction","target":{"@type":"EntryPoint","urlTemplate":"https:\/\/ludwig-witzani.de\/zu-den-grossen-traeumen\/?s={search_term_string}"},"query-input":{"@type":"PropertyValueSpecification","valueRequired":true,"valueName":"search_term_string"}}],"inLanguage":"de"}]}},"jetpack_shortlink":"https:\/\/wp.me\/P4daYo-1TU","jetpack_sharing_enabled":true,"_links":{"self":[{"href":"https:\/\/ludwig-witzani.de\/zu-den-grossen-traeumen\/wp-json\/wp\/v2\/pages\/7310","targetHints":{"allow":["GET"]}}],"collection":[{"href":"https:\/\/ludwig-witzani.de\/zu-den-grossen-traeumen\/wp-json\/wp\/v2\/pages"}],"about":[{"href":"https:\/\/ludwig-witzani.de\/zu-den-grossen-traeumen\/wp-json\/wp\/v2\/types\/page"}],"author":[{"embeddable":true,"href":"https:\/\/ludwig-witzani.de\/zu-den-grossen-traeumen\/wp-json\/wp\/v2\/users\/2"}],"replies":[{"embeddable":true,"href":"https:\/\/ludwig-witzani.de\/zu-den-grossen-traeumen\/wp-json\/wp\/v2\/comments?post=7310"}],"version-history":[{"count":2,"href":"https:\/\/ludwig-witzani.de\/zu-den-grossen-traeumen\/wp-json\/wp\/v2\/pages\/7310\/revisions"}],"predecessor-version":[{"id":7316,"href":"https:\/\/ludwig-witzani.de\/zu-den-grossen-traeumen\/wp-json\/wp\/v2\/pages\/7310\/revisions\/7316"}],"wp:attachment":[{"href":"https:\/\/ludwig-witzani.de\/zu-den-grossen-traeumen\/wp-json\/wp\/v2\/media?parent=7310"}],"curies":[{"name":"wp","href":"https:\/\/api.w.org\/{rel}","templated":true}]}}