{"id":7303,"date":"2020-04-07T12:33:12","date_gmt":"2020-04-07T12:33:12","guid":{"rendered":"http:\/\/ludwig-witzani.de\/?page_id=7303"},"modified":"2025-06-03T10:32:51","modified_gmt":"2025-06-03T10:32:51","slug":"kapitel-10-eugenius","status":"publish","type":"page","link":"https:\/\/ludwig-witzani.de\/zu-den-grossen-traeumen\/kapitel-10-eugenius\/","title":{"rendered":"Kapitel 10: Eugenius"},"content":{"rendered":"<p>Marias Bruder, Eugenius Kaminksi, lebt in einem spannungsreichen Verh\u00e4ltnis zu seinem Schwager Jozef Wolek. Auf dem Fest nach der Massenhochzeit von Zakepie verliebt sich &nbsp;Eugenius in Letta Polak, die Schw\u00e4gerin von Hendry Gontasch, wird allerdings von ihr letztlich abgewiesen. Da er sich gleichzeitig mit seinem Schwager Jozef \u00fcber die Aufteilung der H\u00f6fe zerstreitet, verl\u00e4sst er Zakepie und verpflichtet sich als Arbeiter nach Nova Huta, dem Vorzeigeprojet des kommunistischen Staates. In Nova Huta erlebt Eugenius den Baualltag, den Schlendrian, einen&nbsp; Besuch von Staatspr\u00e4sident Bierut und den Tod Stalins.&nbsp; Der Kontakt zum Vorarbeiter Bartek sensibilisiert Eugenius f\u00fcr den Kommunismus.&nbsp;<\/p>\n<p>Nach einem zweideutigen Brief von Letta Polak verl\u00e4sst Eugenius Nova Huta und&nbsp; kehrt nach Zapkeie zur\u00fcck, wo er aber wieder von Letta zur\u00fcckgewiesen&nbsp; wird. &nbsp;Als Letta Pollak kurz darauf nach Warschau zur\u00fcckkehrt, folgt ihr Eugenius und deckt ihr Geheimnis auf. Entt\u00e4uscht kehrt Eugenius nach Zakpie zur\u00fcck.<\/p>\n<p>&nbsp;Parteisekret\u00e4r Cyranakwicz wird durch einen Bericht des Vorabreiters Bartek auf Eugenius aufmerksam und vermittelt ihm eine Ausbildung an der neu gegr\u00fcndeten Parteischule f\u00fcr zuk\u00fcnftige Kader in Poznan.&nbsp; Anl\u00e4sslich des Todes von &nbsp;Marianna Potocka, der Schwiegermutter seiner Schwester, besucht Eugenius die Familie und berichtet von dem Reformkurs Chruschtschows. Bei seiner R\u00fcckkehr nach Poznan erlebt Eugenius den Arbeiteraufstand von Poznan und seine Niederschlagung.&nbsp; Das Jahr 1956 endet mit der Machtergreifung Gomulkas, seinen Reformversprechungen und einem politischen Akkord mit der katholischen Kirche.<\/p>\n<p><a href=\"http:\/\/ludwig-witzani.de\/leseprobe-kapitel-10-eugenius\/\">Leseprobe<\/a><\/p>\n<p><a href=\"http:\/\/ludwig-witzani.de\/stammtafel-der-familien-kaminski-wolek-brosz-und-gontasch\/\">Stammtafel<\/a><\/p>\n<p><a href=\"http:\/\/ludwig-witzani.de\/das-dorf-zakepie\/\">Zur\u00fcck zur Startseite<\/a><\/p>\n","protected":false},"excerpt":{"rendered":"<p>Marias Bruder, Eugenius Kaminksi, lebt in einem spannungsreichen Verh\u00e4ltnis zu seinem Schwager Jozef Wolek. Auf dem Fest nach der Massenhochzeit von Zakepie verliebt sich &nbsp;Eugenius in Letta Polak, die Schw\u00e4gerin von Hendry Gontasch, wird allerdings von ihr letztlich abgewiesen. Da er sich gleichzeitig mit seinem Schwager Jozef \u00fcber die Aufteilung der H\u00f6fe zerstreitet, verl\u00e4sst er &hellip; <a href=\"https:\/\/ludwig-witzani.de\/zu-den-grossen-traeumen\/kapitel-10-eugenius\/\" class=\"more-link\"><span class=\"screen-reader-text\">Kapitel 10: Eugenius<\/span> weiterlesen <span class=\"meta-nav\">&rarr;<\/span><\/a><\/p>\n","protected":false},"author":2,"featured_media":0,"parent":0,"menu_order":0,"comment_status":"closed","ping_status":"closed","template":"","meta":{"ngg_post_thumbnail":0,"jetpack_post_was_ever_published":false,"footnotes":""},"class_list":["post-7303","page","type-page","status-publish","hentry"],"yoast_head":"<!-- This site is optimized with the Yoast SEO plugin v27.5 - https:\/\/yoast.com\/product\/yoast-seo-wordpress\/ -->\n<title>Kapitel 10: Eugenius - Ludwig Witzani<\/title>\n<meta name=\"robots\" content=\"index, follow, max-snippet:-1, max-image-preview:large, max-video-preview:-1\" \/>\n<link rel=\"canonical\" href=\"https:\/\/ludwig-witzani.de\/zu-den-grossen-traeumen\/kapitel-10-eugenius\/\" \/>\n<meta property=\"og:locale\" content=\"de_DE\" \/>\n<meta property=\"og:type\" content=\"article\" \/>\n<meta property=\"og:title\" content=\"Kapitel 10: Eugenius - Ludwig Witzani\" \/>\n<meta property=\"og:description\" content=\"Marias Bruder, Eugenius Kaminksi, lebt in einem spannungsreichen Verh\u00e4ltnis zu seinem Schwager Jozef Wolek. Auf dem Fest nach der Massenhochzeit von Zakepie verliebt sich &nbsp;Eugenius in Letta Polak, die Schw\u00e4gerin von Hendry Gontasch, wird allerdings von ihr letztlich abgewiesen. Da er sich gleichzeitig mit seinem Schwager Jozef \u00fcber die Aufteilung der H\u00f6fe zerstreitet, verl\u00e4sst er &hellip; Kapitel 10: Eugenius weiterlesen &rarr;\" \/>\n<meta property=\"og:url\" content=\"https:\/\/ludwig-witzani.de\/zu-den-grossen-traeumen\/kapitel-10-eugenius\/\" \/>\n<meta property=\"og:site_name\" content=\"Ludwig Witzani\" \/>\n<meta property=\"article:modified_time\" content=\"2025-06-03T10:32:51+00:00\" \/>\n<meta name=\"twitter:card\" content=\"summary_large_image\" \/>\n<meta name=\"twitter:label1\" content=\"Gesch\u00e4tzte Lesezeit\" \/>\n\t<meta name=\"twitter:data1\" content=\"1\u00a0Minute\" \/>\n<script type=\"application\/ld+json\" class=\"yoast-schema-graph\">{\"@context\":\"https:\\\/\\\/schema.org\",\"@graph\":[{\"@type\":\"WebPage\",\"@id\":\"https:\\\/\\\/ludwig-witzani.de\\\/zu-den-grossen-traeumen\\\/kapitel-10-eugenius\\\/\",\"url\":\"https:\\\/\\\/ludwig-witzani.de\\\/zu-den-grossen-traeumen\\\/kapitel-10-eugenius\\\/\",\"name\":\"Kapitel 10: Eugenius - Ludwig Witzani\",\"isPartOf\":{\"@id\":\"https:\\\/\\\/ludwig-witzani.de\\\/zu-den-grossen-traeumen\\\/#website\"},\"datePublished\":\"2020-04-07T12:33:12+00:00\",\"dateModified\":\"2025-06-03T10:32:51+00:00\",\"breadcrumb\":{\"@id\":\"https:\\\/\\\/ludwig-witzani.de\\\/zu-den-grossen-traeumen\\\/kapitel-10-eugenius\\\/#breadcrumb\"},\"inLanguage\":\"de\",\"potentialAction\":[{\"@type\":\"ReadAction\",\"target\":[\"https:\\\/\\\/ludwig-witzani.de\\\/zu-den-grossen-traeumen\\\/kapitel-10-eugenius\\\/\"]}]},{\"@type\":\"BreadcrumbList\",\"@id\":\"https:\\\/\\\/ludwig-witzani.de\\\/zu-den-grossen-traeumen\\\/kapitel-10-eugenius\\\/#breadcrumb\",\"itemListElement\":[{\"@type\":\"ListItem\",\"position\":1,\"name\":\"Startseite\",\"item\":\"https:\\\/\\\/ludwig-witzani.de\\\/zu-den-grossen-traeumen\\\/\"},{\"@type\":\"ListItem\",\"position\":2,\"name\":\"Kapitel 10: Eugenius\"}]},{\"@type\":\"WebSite\",\"@id\":\"https:\\\/\\\/ludwig-witzani.de\\\/zu-den-grossen-traeumen\\\/#website\",\"url\":\"https:\\\/\\\/ludwig-witzani.de\\\/zu-den-grossen-traeumen\\\/\",\"name\":\"Ludwig Witzani\",\"description\":\"World Wide Travel\",\"potentialAction\":[{\"@type\":\"SearchAction\",\"target\":{\"@type\":\"EntryPoint\",\"urlTemplate\":\"https:\\\/\\\/ludwig-witzani.de\\\/zu-den-grossen-traeumen\\\/?s={search_term_string}\"},\"query-input\":{\"@type\":\"PropertyValueSpecification\",\"valueRequired\":true,\"valueName\":\"search_term_string\"}}],\"inLanguage\":\"de\"}]}<\/script>\n<!-- \/ Yoast SEO plugin. -->","yoast_head_json":{"title":"Kapitel 10: Eugenius - Ludwig Witzani","robots":{"index":"index","follow":"follow","max-snippet":"max-snippet:-1","max-image-preview":"max-image-preview:large","max-video-preview":"max-video-preview:-1"},"canonical":"https:\/\/ludwig-witzani.de\/zu-den-grossen-traeumen\/kapitel-10-eugenius\/","og_locale":"de_DE","og_type":"article","og_title":"Kapitel 10: Eugenius - Ludwig Witzani","og_description":"Marias Bruder, Eugenius Kaminksi, lebt in einem spannungsreichen Verh\u00e4ltnis zu seinem Schwager Jozef Wolek. Auf dem Fest nach der Massenhochzeit von Zakepie verliebt sich &nbsp;Eugenius in Letta Polak, die Schw\u00e4gerin von Hendry Gontasch, wird allerdings von ihr letztlich abgewiesen. Da er sich gleichzeitig mit seinem Schwager Jozef \u00fcber die Aufteilung der H\u00f6fe zerstreitet, verl\u00e4sst er &hellip; Kapitel 10: Eugenius weiterlesen &rarr;","og_url":"https:\/\/ludwig-witzani.de\/zu-den-grossen-traeumen\/kapitel-10-eugenius\/","og_site_name":"Ludwig Witzani","article_modified_time":"2025-06-03T10:32:51+00:00","twitter_card":"summary_large_image","twitter_misc":{"Gesch\u00e4tzte Lesezeit":"1\u00a0Minute"},"schema":{"@context":"https:\/\/schema.org","@graph":[{"@type":"WebPage","@id":"https:\/\/ludwig-witzani.de\/zu-den-grossen-traeumen\/kapitel-10-eugenius\/","url":"https:\/\/ludwig-witzani.de\/zu-den-grossen-traeumen\/kapitel-10-eugenius\/","name":"Kapitel 10: Eugenius - Ludwig Witzani","isPartOf":{"@id":"https:\/\/ludwig-witzani.de\/zu-den-grossen-traeumen\/#website"},"datePublished":"2020-04-07T12:33:12+00:00","dateModified":"2025-06-03T10:32:51+00:00","breadcrumb":{"@id":"https:\/\/ludwig-witzani.de\/zu-den-grossen-traeumen\/kapitel-10-eugenius\/#breadcrumb"},"inLanguage":"de","potentialAction":[{"@type":"ReadAction","target":["https:\/\/ludwig-witzani.de\/zu-den-grossen-traeumen\/kapitel-10-eugenius\/"]}]},{"@type":"BreadcrumbList","@id":"https:\/\/ludwig-witzani.de\/zu-den-grossen-traeumen\/kapitel-10-eugenius\/#breadcrumb","itemListElement":[{"@type":"ListItem","position":1,"name":"Startseite","item":"https:\/\/ludwig-witzani.de\/zu-den-grossen-traeumen\/"},{"@type":"ListItem","position":2,"name":"Kapitel 10: Eugenius"}]},{"@type":"WebSite","@id":"https:\/\/ludwig-witzani.de\/zu-den-grossen-traeumen\/#website","url":"https:\/\/ludwig-witzani.de\/zu-den-grossen-traeumen\/","name":"Ludwig Witzani","description":"World Wide Travel","potentialAction":[{"@type":"SearchAction","target":{"@type":"EntryPoint","urlTemplate":"https:\/\/ludwig-witzani.de\/zu-den-grossen-traeumen\/?s={search_term_string}"},"query-input":{"@type":"PropertyValueSpecification","valueRequired":true,"valueName":"search_term_string"}}],"inLanguage":"de"}]}},"jetpack_shortlink":"https:\/\/wp.me\/P4daYo-1TN","jetpack_sharing_enabled":true,"_links":{"self":[{"href":"https:\/\/ludwig-witzani.de\/zu-den-grossen-traeumen\/wp-json\/wp\/v2\/pages\/7303","targetHints":{"allow":["GET"]}}],"collection":[{"href":"https:\/\/ludwig-witzani.de\/zu-den-grossen-traeumen\/wp-json\/wp\/v2\/pages"}],"about":[{"href":"https:\/\/ludwig-witzani.de\/zu-den-grossen-traeumen\/wp-json\/wp\/v2\/types\/page"}],"author":[{"embeddable":true,"href":"https:\/\/ludwig-witzani.de\/zu-den-grossen-traeumen\/wp-json\/wp\/v2\/users\/2"}],"replies":[{"embeddable":true,"href":"https:\/\/ludwig-witzani.de\/zu-den-grossen-traeumen\/wp-json\/wp\/v2\/comments?post=7303"}],"version-history":[{"count":2,"href":"https:\/\/ludwig-witzani.de\/zu-den-grossen-traeumen\/wp-json\/wp\/v2\/pages\/7303\/revisions"}],"predecessor-version":[{"id":7309,"href":"https:\/\/ludwig-witzani.de\/zu-den-grossen-traeumen\/wp-json\/wp\/v2\/pages\/7303\/revisions\/7309"}],"wp:attachment":[{"href":"https:\/\/ludwig-witzani.de\/zu-den-grossen-traeumen\/wp-json\/wp\/v2\/media?parent=7303"}],"curies":[{"name":"wp","href":"https:\/\/api.w.org\/{rel}","templated":true}]}}