{"id":7296,"date":"2020-04-07T12:21:30","date_gmt":"2020-04-07T12:21:30","guid":{"rendered":"http:\/\/ludwig-witzani.de\/?page_id=7296"},"modified":"2025-06-03T10:32:51","modified_gmt":"2025-06-03T10:32:51","slug":"kapitel-9-der-gute-ortsvorsteher","status":"publish","type":"page","link":"https:\/\/ludwig-witzani.de\/zu-den-grossen-traeumen\/kapitel-9-der-gute-ortsvorsteher\/","title":{"rendered":"Kapitel 9: Der gute Ortsvorsteher"},"content":{"rendered":"<p><strong>Inhalt des Kapitels<\/strong>:&nbsp;Die Russen sind abgezogen, und der neue Parteisekret\u00e4r Dariusz Cyrankawicz tritt seinen Dienst als Wojwode des Bezirks Lukow an. Er hasst die \u201eSpeckkommunisten\u201c und die \u00fcberhandnehmende Korruption und sucht nach vertrauensw\u00fcrdigen Personen in der Bauernschaft. Er \u00fcbertr\u00e4gt dem Bauern Zypschek Brosz, der durch den Verrat des Priesters seinen Sohn gerettet hatte, die Aufgabe, einen Vorschlag f\u00fcr eine Verteilung des brachliegenden Landes der vertriebenen volksdeutschen Bauern auszuarbeiten. Nachdem Brosz diese Aufgabe zur Zufriedenheit des Parteisekret\u00e4rs erledigt hat, wird er zum Ortsvorsteher ernannt. In dieser Funktion sorgt Zpyschek Brosz daf\u00fcr, dass die Toten von Jozefuw ein w\u00fcrdiges Begr\u00e4bnis erhalten.<\/p>\n<p>&nbsp;Auf dem Gontaschhof stirbt die alte Gontasch und hinterl\u00e4sst ein zusammengestohlenes Erbe, \u00fcber das sich die Br\u00fcder Hendryk und Boris zerstreiten. Boris versschwindet spurlos. Hendryk Gontasch lebt mit seiner Geliebten Gracyna Pollak alleine auf dem Hof weiter.&nbsp; August Kosolski, ein junger \u00fcberzeugter Kommunist, wird der neue Lehrer des Dorfes. Bei der Wiederer\u00f6ffnung der Schule macht der Lehrer Maria Kaminska mit dem Roman \u201eN\u00e4chte und Tage\u201c bekannt, der Marias Sicht auf die Wirklichkeit ver\u00e4ndert.<\/p>\n<p>Viele der Frauen, die ihre M\u00e4nner auf dem Blutfeld von Jozefuw verloren hatten, leben mittlerweile schon seit Jahren in wilder Ehe mit zugewanderten M\u00e4nnern aus anderen Teilen Polens. Der neue Priester Kamil Somorowski st\u00f6rt sich an diesen unsittlichen Zust\u00e4nden, liest seiner Gemeinde die Leviten und organsiert eine Massenhochzeit. Im Anschluss an die Massenhochzeit pr\u00fcgeln sich der Lehrer August Kosolski und Pjotr Brosz, der Sohn des Ortsvorstehers um Maria Kaminska, die aber in Wahrheit nur Jozef im Kopf hat. Im Rahmen einer turbulenten Szene kommt es zur Verlobung von Maria und Jozef vor&nbsp; aller Augen. Der Lehrer denunziert Pjotr Brosz, den Sohn des Ortsvorstehers, der wegen abf\u00e4lliger \u00c4u\u00dferungen gegen die Partei f\u00fcnf Jahre Zuchthaus bekommt. An diesem erneuten Verlust zerbricht der Ortsvorsteher und nimmt sich das Leben. Am Ende des Kapitels heiraten Maria Kaminska und Jozef Wolek \u2013 Joseph gottergeben, Maria zweifelnd.<\/p>\n<p><a href=\"http:\/\/ludwig-witzani.de\/leseprobe-kapitel-9-der-gute-ortsvorsteher\/\">Leseprobe<\/a><\/p>\n<p><a href=\"http:\/\/ludwig-witzani.de\/das-dorf-zakepie\/\">Zur\u00fcck zur Startseite<\/a><\/p>\n<p>&nbsp;<\/p>\n<p>&nbsp;<\/p>\n","protected":false},"excerpt":{"rendered":"<p>Inhalt des Kapitels:&nbsp;Die Russen sind abgezogen, und der neue Parteisekret\u00e4r Dariusz Cyrankawicz tritt seinen Dienst als Wojwode des Bezirks Lukow an. Er hasst die \u201eSpeckkommunisten\u201c und die \u00fcberhandnehmende Korruption und sucht nach vertrauensw\u00fcrdigen Personen in der Bauernschaft. Er \u00fcbertr\u00e4gt dem Bauern Zypschek Brosz, der durch den Verrat des Priesters seinen Sohn gerettet hatte, die Aufgabe, &hellip; <a href=\"https:\/\/ludwig-witzani.de\/zu-den-grossen-traeumen\/kapitel-9-der-gute-ortsvorsteher\/\" class=\"more-link\"><span class=\"screen-reader-text\">Kapitel 9: Der gute Ortsvorsteher<\/span> weiterlesen <span class=\"meta-nav\">&rarr;<\/span><\/a><\/p>\n","protected":false},"author":2,"featured_media":0,"parent":0,"menu_order":0,"comment_status":"closed","ping_status":"closed","template":"","meta":{"ngg_post_thumbnail":0,"jetpack_post_was_ever_published":false,"footnotes":""},"class_list":["post-7296","page","type-page","status-publish","hentry"],"yoast_head":"<!-- This site is optimized with the Yoast SEO plugin v27.5 - https:\/\/yoast.com\/product\/yoast-seo-wordpress\/ -->\n<title>Kapitel 9: Der gute Ortsvorsteher - Ludwig Witzani<\/title>\n<meta name=\"robots\" content=\"index, follow, max-snippet:-1, max-image-preview:large, max-video-preview:-1\" \/>\n<link rel=\"canonical\" href=\"https:\/\/ludwig-witzani.de\/zu-den-grossen-traeumen\/kapitel-9-der-gute-ortsvorsteher\/\" \/>\n<meta property=\"og:locale\" content=\"de_DE\" \/>\n<meta property=\"og:type\" content=\"article\" \/>\n<meta property=\"og:title\" content=\"Kapitel 9: Der gute Ortsvorsteher - Ludwig Witzani\" \/>\n<meta property=\"og:description\" content=\"Inhalt des Kapitels:&nbsp;Die Russen sind abgezogen, und der neue Parteisekret\u00e4r Dariusz Cyrankawicz tritt seinen Dienst als Wojwode des Bezirks Lukow an. Er hasst die \u201eSpeckkommunisten\u201c und die \u00fcberhandnehmende Korruption und sucht nach vertrauensw\u00fcrdigen Personen in der Bauernschaft. Er \u00fcbertr\u00e4gt dem Bauern Zypschek Brosz, der durch den Verrat des Priesters seinen Sohn gerettet hatte, die Aufgabe, &hellip; Kapitel 9: Der gute Ortsvorsteher weiterlesen &rarr;\" \/>\n<meta property=\"og:url\" content=\"https:\/\/ludwig-witzani.de\/zu-den-grossen-traeumen\/kapitel-9-der-gute-ortsvorsteher\/\" \/>\n<meta property=\"og:site_name\" content=\"Ludwig Witzani\" \/>\n<meta property=\"article:modified_time\" content=\"2025-06-03T10:32:51+00:00\" \/>\n<meta name=\"twitter:card\" content=\"summary_large_image\" \/>\n<meta name=\"twitter:label1\" content=\"Gesch\u00e4tzte Lesezeit\" \/>\n\t<meta name=\"twitter:data1\" content=\"2\u00a0Minuten\" \/>\n<script type=\"application\/ld+json\" class=\"yoast-schema-graph\">{\"@context\":\"https:\\\/\\\/schema.org\",\"@graph\":[{\"@type\":\"WebPage\",\"@id\":\"https:\\\/\\\/ludwig-witzani.de\\\/zu-den-grossen-traeumen\\\/kapitel-9-der-gute-ortsvorsteher\\\/\",\"url\":\"https:\\\/\\\/ludwig-witzani.de\\\/zu-den-grossen-traeumen\\\/kapitel-9-der-gute-ortsvorsteher\\\/\",\"name\":\"Kapitel 9: Der gute Ortsvorsteher - Ludwig Witzani\",\"isPartOf\":{\"@id\":\"https:\\\/\\\/ludwig-witzani.de\\\/zu-den-grossen-traeumen\\\/#website\"},\"datePublished\":\"2020-04-07T12:21:30+00:00\",\"dateModified\":\"2025-06-03T10:32:51+00:00\",\"breadcrumb\":{\"@id\":\"https:\\\/\\\/ludwig-witzani.de\\\/zu-den-grossen-traeumen\\\/kapitel-9-der-gute-ortsvorsteher\\\/#breadcrumb\"},\"inLanguage\":\"de\",\"potentialAction\":[{\"@type\":\"ReadAction\",\"target\":[\"https:\\\/\\\/ludwig-witzani.de\\\/zu-den-grossen-traeumen\\\/kapitel-9-der-gute-ortsvorsteher\\\/\"]}]},{\"@type\":\"BreadcrumbList\",\"@id\":\"https:\\\/\\\/ludwig-witzani.de\\\/zu-den-grossen-traeumen\\\/kapitel-9-der-gute-ortsvorsteher\\\/#breadcrumb\",\"itemListElement\":[{\"@type\":\"ListItem\",\"position\":1,\"name\":\"Startseite\",\"item\":\"https:\\\/\\\/ludwig-witzani.de\\\/zu-den-grossen-traeumen\\\/\"},{\"@type\":\"ListItem\",\"position\":2,\"name\":\"Kapitel 9: Der gute Ortsvorsteher\"}]},{\"@type\":\"WebSite\",\"@id\":\"https:\\\/\\\/ludwig-witzani.de\\\/zu-den-grossen-traeumen\\\/#website\",\"url\":\"https:\\\/\\\/ludwig-witzani.de\\\/zu-den-grossen-traeumen\\\/\",\"name\":\"Ludwig Witzani\",\"description\":\"World Wide Travel\",\"potentialAction\":[{\"@type\":\"SearchAction\",\"target\":{\"@type\":\"EntryPoint\",\"urlTemplate\":\"https:\\\/\\\/ludwig-witzani.de\\\/zu-den-grossen-traeumen\\\/?s={search_term_string}\"},\"query-input\":{\"@type\":\"PropertyValueSpecification\",\"valueRequired\":true,\"valueName\":\"search_term_string\"}}],\"inLanguage\":\"de\"}]}<\/script>\n<!-- \/ Yoast SEO plugin. -->","yoast_head_json":{"title":"Kapitel 9: Der gute Ortsvorsteher - Ludwig Witzani","robots":{"index":"index","follow":"follow","max-snippet":"max-snippet:-1","max-image-preview":"max-image-preview:large","max-video-preview":"max-video-preview:-1"},"canonical":"https:\/\/ludwig-witzani.de\/zu-den-grossen-traeumen\/kapitel-9-der-gute-ortsvorsteher\/","og_locale":"de_DE","og_type":"article","og_title":"Kapitel 9: Der gute Ortsvorsteher - Ludwig Witzani","og_description":"Inhalt des Kapitels:&nbsp;Die Russen sind abgezogen, und der neue Parteisekret\u00e4r Dariusz Cyrankawicz tritt seinen Dienst als Wojwode des Bezirks Lukow an. Er hasst die \u201eSpeckkommunisten\u201c und die \u00fcberhandnehmende Korruption und sucht nach vertrauensw\u00fcrdigen Personen in der Bauernschaft. Er \u00fcbertr\u00e4gt dem Bauern Zypschek Brosz, der durch den Verrat des Priesters seinen Sohn gerettet hatte, die Aufgabe, &hellip; Kapitel 9: Der gute Ortsvorsteher weiterlesen &rarr;","og_url":"https:\/\/ludwig-witzani.de\/zu-den-grossen-traeumen\/kapitel-9-der-gute-ortsvorsteher\/","og_site_name":"Ludwig Witzani","article_modified_time":"2025-06-03T10:32:51+00:00","twitter_card":"summary_large_image","twitter_misc":{"Gesch\u00e4tzte Lesezeit":"2\u00a0Minuten"},"schema":{"@context":"https:\/\/schema.org","@graph":[{"@type":"WebPage","@id":"https:\/\/ludwig-witzani.de\/zu-den-grossen-traeumen\/kapitel-9-der-gute-ortsvorsteher\/","url":"https:\/\/ludwig-witzani.de\/zu-den-grossen-traeumen\/kapitel-9-der-gute-ortsvorsteher\/","name":"Kapitel 9: Der gute Ortsvorsteher - Ludwig Witzani","isPartOf":{"@id":"https:\/\/ludwig-witzani.de\/zu-den-grossen-traeumen\/#website"},"datePublished":"2020-04-07T12:21:30+00:00","dateModified":"2025-06-03T10:32:51+00:00","breadcrumb":{"@id":"https:\/\/ludwig-witzani.de\/zu-den-grossen-traeumen\/kapitel-9-der-gute-ortsvorsteher\/#breadcrumb"},"inLanguage":"de","potentialAction":[{"@type":"ReadAction","target":["https:\/\/ludwig-witzani.de\/zu-den-grossen-traeumen\/kapitel-9-der-gute-ortsvorsteher\/"]}]},{"@type":"BreadcrumbList","@id":"https:\/\/ludwig-witzani.de\/zu-den-grossen-traeumen\/kapitel-9-der-gute-ortsvorsteher\/#breadcrumb","itemListElement":[{"@type":"ListItem","position":1,"name":"Startseite","item":"https:\/\/ludwig-witzani.de\/zu-den-grossen-traeumen\/"},{"@type":"ListItem","position":2,"name":"Kapitel 9: Der gute Ortsvorsteher"}]},{"@type":"WebSite","@id":"https:\/\/ludwig-witzani.de\/zu-den-grossen-traeumen\/#website","url":"https:\/\/ludwig-witzani.de\/zu-den-grossen-traeumen\/","name":"Ludwig Witzani","description":"World Wide Travel","potentialAction":[{"@type":"SearchAction","target":{"@type":"EntryPoint","urlTemplate":"https:\/\/ludwig-witzani.de\/zu-den-grossen-traeumen\/?s={search_term_string}"},"query-input":{"@type":"PropertyValueSpecification","valueRequired":true,"valueName":"search_term_string"}}],"inLanguage":"de"}]}},"jetpack_shortlink":"https:\/\/wp.me\/P4daYo-1TG","jetpack_sharing_enabled":true,"_links":{"self":[{"href":"https:\/\/ludwig-witzani.de\/zu-den-grossen-traeumen\/wp-json\/wp\/v2\/pages\/7296","targetHints":{"allow":["GET"]}}],"collection":[{"href":"https:\/\/ludwig-witzani.de\/zu-den-grossen-traeumen\/wp-json\/wp\/v2\/pages"}],"about":[{"href":"https:\/\/ludwig-witzani.de\/zu-den-grossen-traeumen\/wp-json\/wp\/v2\/types\/page"}],"author":[{"embeddable":true,"href":"https:\/\/ludwig-witzani.de\/zu-den-grossen-traeumen\/wp-json\/wp\/v2\/users\/2"}],"replies":[{"embeddable":true,"href":"https:\/\/ludwig-witzani.de\/zu-den-grossen-traeumen\/wp-json\/wp\/v2\/comments?post=7296"}],"version-history":[{"count":3,"href":"https:\/\/ludwig-witzani.de\/zu-den-grossen-traeumen\/wp-json\/wp\/v2\/pages\/7296\/revisions"}],"predecessor-version":[{"id":7302,"href":"https:\/\/ludwig-witzani.de\/zu-den-grossen-traeumen\/wp-json\/wp\/v2\/pages\/7296\/revisions\/7302"}],"wp:attachment":[{"href":"https:\/\/ludwig-witzani.de\/zu-den-grossen-traeumen\/wp-json\/wp\/v2\/media?parent=7296"}],"curies":[{"name":"wp","href":"https:\/\/api.w.org\/{rel}","templated":true}]}}