{"id":7259,"date":"2020-04-07T08:20:55","date_gmt":"2020-04-07T08:20:55","guid":{"rendered":"http:\/\/ludwig-witzani.de\/?page_id=7259"},"modified":"2025-06-03T10:32:51","modified_gmt":"2025-06-03T10:32:51","slug":"kapitel-5-das-ghetto","status":"publish","type":"page","link":"https:\/\/ludwig-witzani.de\/zu-den-grossen-traeumen\/kapitel-5-das-ghetto\/","title":{"rendered":"Kapitel 5: Das Ghetto"},"content":{"rendered":"<p><strong>Inhalt von Kapitel 5<\/strong>: Im Mittelpunkt dieses Kapitels steht Maria Kaminskas Onkel Marek Plewka, der in der Textilindustrie von Lukow Karriere gemacht hatte und es&nbsp; versteht, sich dem deutschen Herrschaftsapparat anzupassen. In Wirklichkeit aber sympathisiert er mit dem polnischen Widerstand und sch\u00fctzt seine j\u00fcdische Geliebte Jolantha Seligmann, f\u00fcr die er ein Versteck im Keller seines Hauses anlegen l\u00e4sst. Jolantha weigert sich, dieses Versteck zu beziehen und wird in das neu errichtet Ghetto von Lukow verschleppt. Um Jolantha zu finden, verlagert Marek seine wirtschaftlichen Aktivit\u00e4ten ins Ghetto von Lukow, wobei ihm auch Nichte Maria hilft, die inzwischen zu einer Lebensmittelh\u00e4ndlerin geworden&nbsp; ist und zwischen Zakpie und Lukow hin und her pendelt. Maria&nbsp; wird Zeuge der \u00dcbergriffe polnischer Antisemiten (u.a. von Hendryk und Boris Gontasch, die es in die Halbwelt von Lukow verschlagen hatte). Im Ghetto von Lukow und trifft Maria ihre Schulfreundin Sura Bieloch wieder,&nbsp; die sie vergeblich zu retten versucht. Auf der Suche nach Sura Bieloch begegnet sie&nbsp; Szmul Goldstyn wieder, einem ehemaligen &nbsp;j\u00fcdischer Mitsch\u00fcler, dessen Eltern ermordet worden waren. Bei der R\u00e4umung des Ghettos von Lukow sucht Marek Plewka vergeblich nach seiner Geliebten Jolantha. Stattdessen l\u00e4uft ihm Szmul Goldstyn zu, der den Massenerschie\u00dfungen am Bahnhof entkommen konnte und nun das Versteck unter Mareks Haus bezieht. Im Hintergrund&nbsp; tobt der inzwischen der Krieg zwischen Deutschland und der Sowjetunion, der mit Siegen der Deutschen beginnt.&nbsp;<\/p>\n<p>Leseprobe Kapitel 5<\/p>\n<p><a href=\"http:\/\/ludwig-witzani.de\/stammtafel-der-familien-kaminski-wolek-brosz-und-gontasch\/\">Stammtafel<\/a><\/p>\n<p><a href=\"http:\/\/ludwig-witzani.de\/das-dorf-zakepie\/\">Zur\u00fcck zur Startseite<\/a><\/p>\n","protected":false},"excerpt":{"rendered":"<p>Inhalt von Kapitel 5: Im Mittelpunkt dieses Kapitels steht Maria Kaminskas Onkel Marek Plewka, der in der Textilindustrie von Lukow Karriere gemacht hatte und es&nbsp; versteht, sich dem deutschen Herrschaftsapparat anzupassen. In Wirklichkeit aber sympathisiert er mit dem polnischen Widerstand und sch\u00fctzt seine j\u00fcdische Geliebte Jolantha Seligmann, f\u00fcr die er ein Versteck im Keller seines &hellip; <a href=\"https:\/\/ludwig-witzani.de\/zu-den-grossen-traeumen\/kapitel-5-das-ghetto\/\" class=\"more-link\"><span class=\"screen-reader-text\">Kapitel 5: Das Ghetto<\/span> weiterlesen <span class=\"meta-nav\">&rarr;<\/span><\/a><\/p>\n","protected":false},"author":2,"featured_media":0,"parent":0,"menu_order":0,"comment_status":"closed","ping_status":"closed","template":"","meta":{"ngg_post_thumbnail":0,"jetpack_post_was_ever_published":false,"footnotes":""},"class_list":["post-7259","page","type-page","status-publish","hentry"],"yoast_head":"<!-- This site is optimized with the Yoast SEO plugin v27.5 - https:\/\/yoast.com\/product\/yoast-seo-wordpress\/ -->\n<title>Kapitel 5: Das Ghetto - Ludwig Witzani<\/title>\n<meta name=\"robots\" content=\"index, follow, max-snippet:-1, max-image-preview:large, max-video-preview:-1\" \/>\n<link rel=\"canonical\" href=\"https:\/\/ludwig-witzani.de\/zu-den-grossen-traeumen\/kapitel-5-das-ghetto\/\" \/>\n<meta property=\"og:locale\" content=\"de_DE\" \/>\n<meta property=\"og:type\" content=\"article\" \/>\n<meta property=\"og:title\" content=\"Kapitel 5: Das Ghetto - Ludwig Witzani\" \/>\n<meta property=\"og:description\" content=\"Inhalt von Kapitel 5: Im Mittelpunkt dieses Kapitels steht Maria Kaminskas Onkel Marek Plewka, der in der Textilindustrie von Lukow Karriere gemacht hatte und es&nbsp; versteht, sich dem deutschen Herrschaftsapparat anzupassen. In Wirklichkeit aber sympathisiert er mit dem polnischen Widerstand und sch\u00fctzt seine j\u00fcdische Geliebte Jolantha Seligmann, f\u00fcr die er ein Versteck im Keller seines &hellip; Kapitel 5: Das Ghetto weiterlesen &rarr;\" \/>\n<meta property=\"og:url\" content=\"https:\/\/ludwig-witzani.de\/zu-den-grossen-traeumen\/kapitel-5-das-ghetto\/\" \/>\n<meta property=\"og:site_name\" content=\"Ludwig Witzani\" \/>\n<meta property=\"article:modified_time\" content=\"2025-06-03T10:32:51+00:00\" \/>\n<meta name=\"twitter:card\" content=\"summary_large_image\" \/>\n<meta name=\"twitter:label1\" content=\"Gesch\u00e4tzte Lesezeit\" \/>\n\t<meta name=\"twitter:data1\" content=\"1\u00a0Minute\" \/>\n<script type=\"application\/ld+json\" class=\"yoast-schema-graph\">{\"@context\":\"https:\\\/\\\/schema.org\",\"@graph\":[{\"@type\":\"WebPage\",\"@id\":\"https:\\\/\\\/ludwig-witzani.de\\\/zu-den-grossen-traeumen\\\/kapitel-5-das-ghetto\\\/\",\"url\":\"https:\\\/\\\/ludwig-witzani.de\\\/zu-den-grossen-traeumen\\\/kapitel-5-das-ghetto\\\/\",\"name\":\"Kapitel 5: Das Ghetto - Ludwig Witzani\",\"isPartOf\":{\"@id\":\"https:\\\/\\\/ludwig-witzani.de\\\/zu-den-grossen-traeumen\\\/#website\"},\"datePublished\":\"2020-04-07T08:20:55+00:00\",\"dateModified\":\"2025-06-03T10:32:51+00:00\",\"breadcrumb\":{\"@id\":\"https:\\\/\\\/ludwig-witzani.de\\\/zu-den-grossen-traeumen\\\/kapitel-5-das-ghetto\\\/#breadcrumb\"},\"inLanguage\":\"de\",\"potentialAction\":[{\"@type\":\"ReadAction\",\"target\":[\"https:\\\/\\\/ludwig-witzani.de\\\/zu-den-grossen-traeumen\\\/kapitel-5-das-ghetto\\\/\"]}]},{\"@type\":\"BreadcrumbList\",\"@id\":\"https:\\\/\\\/ludwig-witzani.de\\\/zu-den-grossen-traeumen\\\/kapitel-5-das-ghetto\\\/#breadcrumb\",\"itemListElement\":[{\"@type\":\"ListItem\",\"position\":1,\"name\":\"Startseite\",\"item\":\"https:\\\/\\\/ludwig-witzani.de\\\/zu-den-grossen-traeumen\\\/\"},{\"@type\":\"ListItem\",\"position\":2,\"name\":\"Kapitel 5: Das Ghetto\"}]},{\"@type\":\"WebSite\",\"@id\":\"https:\\\/\\\/ludwig-witzani.de\\\/zu-den-grossen-traeumen\\\/#website\",\"url\":\"https:\\\/\\\/ludwig-witzani.de\\\/zu-den-grossen-traeumen\\\/\",\"name\":\"Ludwig Witzani\",\"description\":\"World Wide Travel\",\"potentialAction\":[{\"@type\":\"SearchAction\",\"target\":{\"@type\":\"EntryPoint\",\"urlTemplate\":\"https:\\\/\\\/ludwig-witzani.de\\\/zu-den-grossen-traeumen\\\/?s={search_term_string}\"},\"query-input\":{\"@type\":\"PropertyValueSpecification\",\"valueRequired\":true,\"valueName\":\"search_term_string\"}}],\"inLanguage\":\"de\"}]}<\/script>\n<!-- \/ Yoast SEO plugin. -->","yoast_head_json":{"title":"Kapitel 5: Das Ghetto - Ludwig Witzani","robots":{"index":"index","follow":"follow","max-snippet":"max-snippet:-1","max-image-preview":"max-image-preview:large","max-video-preview":"max-video-preview:-1"},"canonical":"https:\/\/ludwig-witzani.de\/zu-den-grossen-traeumen\/kapitel-5-das-ghetto\/","og_locale":"de_DE","og_type":"article","og_title":"Kapitel 5: Das Ghetto - Ludwig Witzani","og_description":"Inhalt von Kapitel 5: Im Mittelpunkt dieses Kapitels steht Maria Kaminskas Onkel Marek Plewka, der in der Textilindustrie von Lukow Karriere gemacht hatte und es&nbsp; versteht, sich dem deutschen Herrschaftsapparat anzupassen. In Wirklichkeit aber sympathisiert er mit dem polnischen Widerstand und sch\u00fctzt seine j\u00fcdische Geliebte Jolantha Seligmann, f\u00fcr die er ein Versteck im Keller seines &hellip; Kapitel 5: Das Ghetto weiterlesen &rarr;","og_url":"https:\/\/ludwig-witzani.de\/zu-den-grossen-traeumen\/kapitel-5-das-ghetto\/","og_site_name":"Ludwig Witzani","article_modified_time":"2025-06-03T10:32:51+00:00","twitter_card":"summary_large_image","twitter_misc":{"Gesch\u00e4tzte Lesezeit":"1\u00a0Minute"},"schema":{"@context":"https:\/\/schema.org","@graph":[{"@type":"WebPage","@id":"https:\/\/ludwig-witzani.de\/zu-den-grossen-traeumen\/kapitel-5-das-ghetto\/","url":"https:\/\/ludwig-witzani.de\/zu-den-grossen-traeumen\/kapitel-5-das-ghetto\/","name":"Kapitel 5: Das Ghetto - Ludwig Witzani","isPartOf":{"@id":"https:\/\/ludwig-witzani.de\/zu-den-grossen-traeumen\/#website"},"datePublished":"2020-04-07T08:20:55+00:00","dateModified":"2025-06-03T10:32:51+00:00","breadcrumb":{"@id":"https:\/\/ludwig-witzani.de\/zu-den-grossen-traeumen\/kapitel-5-das-ghetto\/#breadcrumb"},"inLanguage":"de","potentialAction":[{"@type":"ReadAction","target":["https:\/\/ludwig-witzani.de\/zu-den-grossen-traeumen\/kapitel-5-das-ghetto\/"]}]},{"@type":"BreadcrumbList","@id":"https:\/\/ludwig-witzani.de\/zu-den-grossen-traeumen\/kapitel-5-das-ghetto\/#breadcrumb","itemListElement":[{"@type":"ListItem","position":1,"name":"Startseite","item":"https:\/\/ludwig-witzani.de\/zu-den-grossen-traeumen\/"},{"@type":"ListItem","position":2,"name":"Kapitel 5: Das Ghetto"}]},{"@type":"WebSite","@id":"https:\/\/ludwig-witzani.de\/zu-den-grossen-traeumen\/#website","url":"https:\/\/ludwig-witzani.de\/zu-den-grossen-traeumen\/","name":"Ludwig Witzani","description":"World Wide Travel","potentialAction":[{"@type":"SearchAction","target":{"@type":"EntryPoint","urlTemplate":"https:\/\/ludwig-witzani.de\/zu-den-grossen-traeumen\/?s={search_term_string}"},"query-input":{"@type":"PropertyValueSpecification","valueRequired":true,"valueName":"search_term_string"}}],"inLanguage":"de"}]}},"jetpack_shortlink":"https:\/\/wp.me\/P4daYo-1T5","jetpack_sharing_enabled":true,"_links":{"self":[{"href":"https:\/\/ludwig-witzani.de\/zu-den-grossen-traeumen\/wp-json\/wp\/v2\/pages\/7259","targetHints":{"allow":["GET"]}}],"collection":[{"href":"https:\/\/ludwig-witzani.de\/zu-den-grossen-traeumen\/wp-json\/wp\/v2\/pages"}],"about":[{"href":"https:\/\/ludwig-witzani.de\/zu-den-grossen-traeumen\/wp-json\/wp\/v2\/types\/page"}],"author":[{"embeddable":true,"href":"https:\/\/ludwig-witzani.de\/zu-den-grossen-traeumen\/wp-json\/wp\/v2\/users\/2"}],"replies":[{"embeddable":true,"href":"https:\/\/ludwig-witzani.de\/zu-den-grossen-traeumen\/wp-json\/wp\/v2\/comments?post=7259"}],"version-history":[{"count":3,"href":"https:\/\/ludwig-witzani.de\/zu-den-grossen-traeumen\/wp-json\/wp\/v2\/pages\/7259\/revisions"}],"predecessor-version":[{"id":7337,"href":"https:\/\/ludwig-witzani.de\/zu-den-grossen-traeumen\/wp-json\/wp\/v2\/pages\/7259\/revisions\/7337"}],"wp:attachment":[{"href":"https:\/\/ludwig-witzani.de\/zu-den-grossen-traeumen\/wp-json\/wp\/v2\/media?parent=7259"}],"curies":[{"name":"wp","href":"https:\/\/api.w.org\/{rel}","templated":true}]}}