{"id":7256,"date":"2020-04-07T08:16:18","date_gmt":"2020-04-07T08:16:18","guid":{"rendered":"http:\/\/ludwig-witzani.de\/?page_id=7256"},"modified":"2025-06-03T10:32:51","modified_gmt":"2025-06-03T10:32:51","slug":"kapitel-4-das-massaker","status":"publish","type":"page","link":"https:\/\/ludwig-witzani.de\/zu-den-grossen-traeumen\/kapitel-4-das-massaker\/","title":{"rendered":"Kapitel 4: Das Massaker"},"content":{"rendered":"<p><strong>Inhalt Kapitel 4<\/strong>: Der volksdeutsche Bauer Adolf Kaser sieht angesichts des allseits grassierenden Hasses f\u00fcr sich uns eine Familie keine Zukunft mehr in Polen und verkauft seinen Hof, um nach Deutschland zur\u00fcckzukehren. Die Mazureks, eine Bande polnischer&nbsp; Krimineller, erfahren, dass sich eine gro\u00dfe Geldsumme auf dem Hof befindet und ermorden die ganze Familie Kasner auf bestialische Weise.&nbsp; Ein Pole meldet den n\u00e4chtlichen \u00dcberfall dem Ortsvorsteher von Zakepie, der seine beiden S\u00f6hne zur Gestapo schickt, um diese zu informieren. Ohne sich mit den Hintergr\u00fcnden der Tat zu besch\u00e4ftigen, befiehlt das deutsche Oberkommando in Lublin eine summarische Rache an der Bev\u00f6lkerung.&nbsp; Erwachsene polnische M\u00e4nner und Jugendliche werden aus Zakepie und den umliegenden D\u00f6rfern wahllos zusammengetrieben, wobei es zu entsetzlichen Szenen kommt. &nbsp;Wo es den V\u00e4tern gelingt, in die W\u00e4lder zu entkommen, verhaftet die Gestapo die S\u00f6hne, so geschehen auf dem Hof des Bauern Zpyschek Brosz, der unter der Latrine versteckt \u00fcberlebt, w\u00e4hrend sein \u00e4ltester Sohn Gustav abgef\u00fchrt und erschossen wird. Auch die Familienoberh\u00e4upter &nbsp;Thomasz Kaminski und Leon Wolek werden zusammen mit 250 anderen Polen auf dem Blutfeld von Jozefuw von der SS erschossen.&nbsp;&nbsp;&nbsp;&nbsp;<\/p>\n<p>&nbsp;Nach dem Massaker sind die \u00fcberlebenden Familien ohne V\u00e4ter wie gel\u00e4hmt. Erst der neu eingetroffene Priester Antek Konklowski, der seine T\u00e4tigkeit im Geheimen versieht, &nbsp;vermittelt der Gemeinde neuen Zusammenhalt. Unter seiner Regie gelingt auch die Aufsp\u00fcrung und Bestrafung der M\u00f6rder, f\u00fcr die sich die SS nicht interessiert hatte. In diesem Zusammenhang wird Jozef Wolek, der \u00e4lteste Sohn des erschossenen Leon Wolek, von einem polnischen Kollaborateur verhaftet<\/p>\n<p><a href=\"http:\/\/ludwig-witzani.de\/leseprobe-kapitel-4-das-massaker\/\">Leseprobe Kapitel 4:<\/a><\/p>\n<p><a href=\"http:\/\/ludwig-witzani.de\/stammtafel-der-familien-kaminski-wolek-brosz-und-gontasch\/\">Stammtafel<\/a><\/p>\n<p><a href=\"http:\/\/ludwig-witzani.de\/das-dorf-zakepie\/\">Zur\u00fcck zur Startseite<\/a><\/p>\n<p>&nbsp;<\/p>\n","protected":false},"excerpt":{"rendered":"<p>Inhalt Kapitel 4: Der volksdeutsche Bauer Adolf Kaser sieht angesichts des allseits grassierenden Hasses f\u00fcr sich uns eine Familie keine Zukunft mehr in Polen und verkauft seinen Hof, um nach Deutschland zur\u00fcckzukehren. Die Mazureks, eine Bande polnischer&nbsp; Krimineller, erfahren, dass sich eine gro\u00dfe Geldsumme auf dem Hof befindet und ermorden die ganze Familie Kasner auf &hellip; <a href=\"https:\/\/ludwig-witzani.de\/zu-den-grossen-traeumen\/kapitel-4-das-massaker\/\" class=\"more-link\"><span class=\"screen-reader-text\">Kapitel 4: Das Massaker<\/span> weiterlesen <span class=\"meta-nav\">&rarr;<\/span><\/a><\/p>\n","protected":false},"author":2,"featured_media":0,"parent":0,"menu_order":0,"comment_status":"closed","ping_status":"closed","template":"","meta":{"ngg_post_thumbnail":0,"jetpack_post_was_ever_published":false,"footnotes":""},"class_list":["post-7256","page","type-page","status-publish","hentry"],"yoast_head":"<!-- This site is optimized with the Yoast SEO plugin v27.5 - https:\/\/yoast.com\/product\/yoast-seo-wordpress\/ -->\n<title>Kapitel 4: Das Massaker - Ludwig Witzani<\/title>\n<meta name=\"robots\" content=\"index, follow, max-snippet:-1, max-image-preview:large, max-video-preview:-1\" \/>\n<link rel=\"canonical\" href=\"https:\/\/ludwig-witzani.de\/zu-den-grossen-traeumen\/kapitel-4-das-massaker\/\" \/>\n<meta property=\"og:locale\" content=\"de_DE\" \/>\n<meta property=\"og:type\" content=\"article\" \/>\n<meta property=\"og:title\" content=\"Kapitel 4: Das Massaker - Ludwig Witzani\" \/>\n<meta property=\"og:description\" content=\"Inhalt Kapitel 4: Der volksdeutsche Bauer Adolf Kaser sieht angesichts des allseits grassierenden Hasses f\u00fcr sich uns eine Familie keine Zukunft mehr in Polen und verkauft seinen Hof, um nach Deutschland zur\u00fcckzukehren. Die Mazureks, eine Bande polnischer&nbsp; Krimineller, erfahren, dass sich eine gro\u00dfe Geldsumme auf dem Hof befindet und ermorden die ganze Familie Kasner auf &hellip; Kapitel 4: Das Massaker weiterlesen &rarr;\" \/>\n<meta property=\"og:url\" content=\"https:\/\/ludwig-witzani.de\/zu-den-grossen-traeumen\/kapitel-4-das-massaker\/\" \/>\n<meta property=\"og:site_name\" content=\"Ludwig Witzani\" \/>\n<meta property=\"article:modified_time\" content=\"2025-06-03T10:32:51+00:00\" \/>\n<meta name=\"twitter:card\" content=\"summary_large_image\" \/>\n<meta name=\"twitter:label1\" content=\"Gesch\u00e4tzte Lesezeit\" \/>\n\t<meta name=\"twitter:data1\" content=\"1\u00a0Minute\" \/>\n<script type=\"application\/ld+json\" class=\"yoast-schema-graph\">{\"@context\":\"https:\\\/\\\/schema.org\",\"@graph\":[{\"@type\":\"WebPage\",\"@id\":\"https:\\\/\\\/ludwig-witzani.de\\\/zu-den-grossen-traeumen\\\/kapitel-4-das-massaker\\\/\",\"url\":\"https:\\\/\\\/ludwig-witzani.de\\\/zu-den-grossen-traeumen\\\/kapitel-4-das-massaker\\\/\",\"name\":\"Kapitel 4: Das Massaker - Ludwig Witzani\",\"isPartOf\":{\"@id\":\"https:\\\/\\\/ludwig-witzani.de\\\/zu-den-grossen-traeumen\\\/#website\"},\"datePublished\":\"2020-04-07T08:16:18+00:00\",\"dateModified\":\"2025-06-03T10:32:51+00:00\",\"breadcrumb\":{\"@id\":\"https:\\\/\\\/ludwig-witzani.de\\\/zu-den-grossen-traeumen\\\/kapitel-4-das-massaker\\\/#breadcrumb\"},\"inLanguage\":\"de\",\"potentialAction\":[{\"@type\":\"ReadAction\",\"target\":[\"https:\\\/\\\/ludwig-witzani.de\\\/zu-den-grossen-traeumen\\\/kapitel-4-das-massaker\\\/\"]}]},{\"@type\":\"BreadcrumbList\",\"@id\":\"https:\\\/\\\/ludwig-witzani.de\\\/zu-den-grossen-traeumen\\\/kapitel-4-das-massaker\\\/#breadcrumb\",\"itemListElement\":[{\"@type\":\"ListItem\",\"position\":1,\"name\":\"Startseite\",\"item\":\"https:\\\/\\\/ludwig-witzani.de\\\/zu-den-grossen-traeumen\\\/\"},{\"@type\":\"ListItem\",\"position\":2,\"name\":\"Kapitel 4: Das Massaker\"}]},{\"@type\":\"WebSite\",\"@id\":\"https:\\\/\\\/ludwig-witzani.de\\\/zu-den-grossen-traeumen\\\/#website\",\"url\":\"https:\\\/\\\/ludwig-witzani.de\\\/zu-den-grossen-traeumen\\\/\",\"name\":\"Ludwig Witzani\",\"description\":\"World Wide Travel\",\"potentialAction\":[{\"@type\":\"SearchAction\",\"target\":{\"@type\":\"EntryPoint\",\"urlTemplate\":\"https:\\\/\\\/ludwig-witzani.de\\\/zu-den-grossen-traeumen\\\/?s={search_term_string}\"},\"query-input\":{\"@type\":\"PropertyValueSpecification\",\"valueRequired\":true,\"valueName\":\"search_term_string\"}}],\"inLanguage\":\"de\"}]}<\/script>\n<!-- \/ Yoast SEO plugin. -->","yoast_head_json":{"title":"Kapitel 4: Das Massaker - Ludwig Witzani","robots":{"index":"index","follow":"follow","max-snippet":"max-snippet:-1","max-image-preview":"max-image-preview:large","max-video-preview":"max-video-preview:-1"},"canonical":"https:\/\/ludwig-witzani.de\/zu-den-grossen-traeumen\/kapitel-4-das-massaker\/","og_locale":"de_DE","og_type":"article","og_title":"Kapitel 4: Das Massaker - Ludwig Witzani","og_description":"Inhalt Kapitel 4: Der volksdeutsche Bauer Adolf Kaser sieht angesichts des allseits grassierenden Hasses f\u00fcr sich uns eine Familie keine Zukunft mehr in Polen und verkauft seinen Hof, um nach Deutschland zur\u00fcckzukehren. Die Mazureks, eine Bande polnischer&nbsp; Krimineller, erfahren, dass sich eine gro\u00dfe Geldsumme auf dem Hof befindet und ermorden die ganze Familie Kasner auf &hellip; Kapitel 4: Das Massaker weiterlesen &rarr;","og_url":"https:\/\/ludwig-witzani.de\/zu-den-grossen-traeumen\/kapitel-4-das-massaker\/","og_site_name":"Ludwig Witzani","article_modified_time":"2025-06-03T10:32:51+00:00","twitter_card":"summary_large_image","twitter_misc":{"Gesch\u00e4tzte Lesezeit":"1\u00a0Minute"},"schema":{"@context":"https:\/\/schema.org","@graph":[{"@type":"WebPage","@id":"https:\/\/ludwig-witzani.de\/zu-den-grossen-traeumen\/kapitel-4-das-massaker\/","url":"https:\/\/ludwig-witzani.de\/zu-den-grossen-traeumen\/kapitel-4-das-massaker\/","name":"Kapitel 4: Das Massaker - Ludwig Witzani","isPartOf":{"@id":"https:\/\/ludwig-witzani.de\/zu-den-grossen-traeumen\/#website"},"datePublished":"2020-04-07T08:16:18+00:00","dateModified":"2025-06-03T10:32:51+00:00","breadcrumb":{"@id":"https:\/\/ludwig-witzani.de\/zu-den-grossen-traeumen\/kapitel-4-das-massaker\/#breadcrumb"},"inLanguage":"de","potentialAction":[{"@type":"ReadAction","target":["https:\/\/ludwig-witzani.de\/zu-den-grossen-traeumen\/kapitel-4-das-massaker\/"]}]},{"@type":"BreadcrumbList","@id":"https:\/\/ludwig-witzani.de\/zu-den-grossen-traeumen\/kapitel-4-das-massaker\/#breadcrumb","itemListElement":[{"@type":"ListItem","position":1,"name":"Startseite","item":"https:\/\/ludwig-witzani.de\/zu-den-grossen-traeumen\/"},{"@type":"ListItem","position":2,"name":"Kapitel 4: Das Massaker"}]},{"@type":"WebSite","@id":"https:\/\/ludwig-witzani.de\/zu-den-grossen-traeumen\/#website","url":"https:\/\/ludwig-witzani.de\/zu-den-grossen-traeumen\/","name":"Ludwig Witzani","description":"World Wide Travel","potentialAction":[{"@type":"SearchAction","target":{"@type":"EntryPoint","urlTemplate":"https:\/\/ludwig-witzani.de\/zu-den-grossen-traeumen\/?s={search_term_string}"},"query-input":{"@type":"PropertyValueSpecification","valueRequired":true,"valueName":"search_term_string"}}],"inLanguage":"de"}]}},"jetpack_shortlink":"https:\/\/wp.me\/P4daYo-1T2","jetpack_sharing_enabled":true,"_links":{"self":[{"href":"https:\/\/ludwig-witzani.de\/zu-den-grossen-traeumen\/wp-json\/wp\/v2\/pages\/7256","targetHints":{"allow":["GET"]}}],"collection":[{"href":"https:\/\/ludwig-witzani.de\/zu-den-grossen-traeumen\/wp-json\/wp\/v2\/pages"}],"about":[{"href":"https:\/\/ludwig-witzani.de\/zu-den-grossen-traeumen\/wp-json\/wp\/v2\/types\/page"}],"author":[{"embeddable":true,"href":"https:\/\/ludwig-witzani.de\/zu-den-grossen-traeumen\/wp-json\/wp\/v2\/users\/2"}],"replies":[{"embeddable":true,"href":"https:\/\/ludwig-witzani.de\/zu-den-grossen-traeumen\/wp-json\/wp\/v2\/comments?post=7256"}],"version-history":[{"count":2,"href":"https:\/\/ludwig-witzani.de\/zu-den-grossen-traeumen\/wp-json\/wp\/v2\/pages\/7256\/revisions"}],"predecessor-version":[{"id":7258,"href":"https:\/\/ludwig-witzani.de\/zu-den-grossen-traeumen\/wp-json\/wp\/v2\/pages\/7256\/revisions\/7258"}],"wp:attachment":[{"href":"https:\/\/ludwig-witzani.de\/zu-den-grossen-traeumen\/wp-json\/wp\/v2\/media?parent=7256"}],"curies":[{"name":"wp","href":"https:\/\/api.w.org\/{rel}","templated":true}]}}