{"id":7207,"date":"2020-04-07T07:25:48","date_gmt":"2020-04-07T07:25:48","guid":{"rendered":"http:\/\/ludwig-witzani.de\/?page_id=7207"},"modified":"2025-06-03T10:32:51","modified_gmt":"2025-06-03T10:32:51","slug":"erstes-buch-unter-der-knute-das-wiedererstandene-polen-und-sein-untergang","status":"publish","type":"page","link":"https:\/\/ludwig-witzani.de\/zu-den-grossen-traeumen\/erstes-buch-unter-der-knute-das-wiedererstandene-polen-und-sein-untergang\/","title":{"rendered":"Erstes Buch: Unter der Knute &#8211; Das wiedererstandene Polen und sein Untergang"},"content":{"rendered":"<p>Das erste Buch der Roman-Trilogie&nbsp; tr\u00e4gt den Titel &#8222;Unter der Knute&#8220;. Es&nbsp; erz\u00e4hlt in acht Kapiteln die Geschichte des polnischen Dorfes Zakepies vom ersten Weltkrieg bis zur kommunistischen Machtergreifung unmittelbar nach dem zweiten Weltkrieg. Im Mittelpunkt der Handlung stehen die Familien Kaminski und Wolek. Maria Kaminska und Jozef Wolek, die beiden Hauptfiguren des Buches, wachsen im weitgehend multikulturell gepr\u00e4gten Bezirk Lukow auf. Neben der polnischen Bev\u00f6lkerungsmehrheit leben auch deutschst\u00e4mmige Bauern im Bezirk, die fast alle der gehoebneren Bauernschicht angeh\u00f6ren. Einen dritten Bev\u00f6lkerungsteil bilden die Juden, die gesellschaftlich diskriminiert werden, sogar wenn sie als&nbsp; Saatgutverk\u00e4ufer, H\u00e4ndler oder Fabrikanten \u00fcber eine gute wirtschafltiche Position verf\u00fcgen. Maria und Jozef erleben den Ausbruch des Zweiten Weltkrieges und&nbsp; verlieren ihre V\u00e4ter am Beginn des zweiten Weltkrieges bei einer Massenerschie\u00dfung. Sp\u00e4ter wird Maria an der Seite ihres Onkels Marek Plewka Augenzeugin der Geschehnisse im Ghetto von Lukow. Jozef Wolek verschl\u00e4gt es nach seiner Verhaftung in das Konzentrationslager von Maidanek, ehe ihm die Flucht nach Zakepie gelingt. Vergeblich wehren sie sich nach dem Einmarsch der Roten Armee als Mitglieder einer Widerstandszelle unter der F\u00fchrung eines Priesters gegen die Aufrichtung der kommunistischen Diktatur.&nbsp;&nbsp;<\/p>\n<p><a href=\"http:\/\/ludwig-witzani.de\/kapitel-1-das-dorf\/\"><strong>Kapitel 1: Das Dorf<\/strong> <\/a>&#8211; Vorstellung des Dorfes und seiner Bewohner<\/p>\n<p><strong><a href=\"http:\/\/ludwig-witzani.de\/kapitel-2-die-duerre\/\">Kapitel 2: Die D\u00fcrre<\/a> &#8211;<\/strong> Das Dorf Zakepie in der Zwischenkriegszeit<\/p>\n<p><a href=\"http:\/\/ludwig-witzani.de\/kapitel-3-der-krieg\/\"><strong>Kapitel 3: Der Krieg<\/strong> &#8211;<\/a> Einmarsch der Deutschen und Leben unter der Repression<\/p>\n<p><a href=\"http:\/\/ludwig-witzani.de\/kapitel-4-das-massaker\/\"><strong>Kapitel 4: Das Massaker<\/strong> <\/a>&#8211; Nach einem Mord an einer volksdeutschen Siedlerfamilie veranstalt die SS ein Massaker an der Zivilbev\u00f6lkerung.<\/p>\n<p><a href=\"http:\/\/ludwig-witzani.de\/kapitel-5-das-ghetto\/\"><strong>Kapitel 5: Das Ghetto<\/strong><\/a> &#8211; Alle Juden der Umgebung werden in der Kreisstadt Lukow in einem Getto interniert. Marias Onkel Marek Plewka versucht vergeblich seine j\u00fcdische Geliebte zu retten.<\/p>\n<p><a href=\"http:\/\/ludwig-witzani.de\/kapitel-6-das-konzentrationslager\/\"><strong>Kapitel 6: Das Konzentrationslager<\/strong><\/a>. Jozef Wolek wird von einem Kollaborateur verhaftet und ins Arbeitslage eingeliefert. Er wird beim Bau des Konzentrationslager von Maidanek eingesetzt und erlebt die beginnende Massenvernichtung. Am Ende gelingt ihm die Flucht.<\/p>\n<p><a href=\"http:\/\/ludwig-witzani.de\/kapitel-7-der-kommunismus-schreitet-voran\/\"><strong>Kapitel 7: Der Kommunismus schreitet voran<\/strong> <\/a>&#8211; Die Russen besetzen das Land und errichten mit Gewalt und Wahlf\u00e4lschung ihre Diktatur. Eine Widerstandszelle in Zakepie wird zerschlagen.<\/p>\n<p><a href=\"http:\/\/ludwig-witzani.de\/kapitel-8-die-reise-in-den-gulag\/\"><strong>Kapitel 8: Die Reise in den Gulag<\/strong><\/a> Marias Onkel Marek, ein Mitglied der Widerstandszelle von Zakepie wird nach Sibirern deportiert.<\/p>\n","protected":false},"excerpt":{"rendered":"<p>Das erste Buch der Roman-Trilogie&nbsp; tr\u00e4gt den Titel &#8222;Unter der Knute&#8220;. Es&nbsp; erz\u00e4hlt in acht Kapiteln die Geschichte des polnischen Dorfes Zakepies vom ersten Weltkrieg bis zur kommunistischen Machtergreifung unmittelbar nach dem zweiten Weltkrieg. Im Mittelpunkt der Handlung stehen die Familien Kaminski und Wolek. Maria Kaminska und Jozef Wolek, die beiden Hauptfiguren des Buches, wachsen &hellip; <a href=\"https:\/\/ludwig-witzani.de\/zu-den-grossen-traeumen\/erstes-buch-unter-der-knute-das-wiedererstandene-polen-und-sein-untergang\/\" class=\"more-link\"><span class=\"screen-reader-text\">Erstes Buch: Unter der Knute &#8211; Das wiedererstandene Polen und sein Untergang<\/span> weiterlesen <span class=\"meta-nav\">&rarr;<\/span><\/a><\/p>\n","protected":false},"author":2,"featured_media":0,"parent":0,"menu_order":0,"comment_status":"closed","ping_status":"closed","template":"","meta":{"ngg_post_thumbnail":0,"jetpack_post_was_ever_published":false,"footnotes":""},"class_list":["post-7207","page","type-page","status-publish","hentry"],"yoast_head":"<!-- This site is optimized with the Yoast SEO plugin v27.5 - https:\/\/yoast.com\/product\/yoast-seo-wordpress\/ -->\n<title>Erstes Buch: Unter der Knute - Das wiedererstandene Polen und sein Untergang - Ludwig Witzani<\/title>\n<meta name=\"robots\" content=\"index, follow, max-snippet:-1, max-image-preview:large, max-video-preview:-1\" \/>\n<link rel=\"canonical\" href=\"https:\/\/ludwig-witzani.de\/zu-den-grossen-traeumen\/erstes-buch-unter-der-knute-das-wiedererstandene-polen-und-sein-untergang\/\" \/>\n<meta property=\"og:locale\" content=\"de_DE\" \/>\n<meta property=\"og:type\" content=\"article\" \/>\n<meta property=\"og:title\" content=\"Erstes Buch: Unter der Knute - Das wiedererstandene Polen und sein Untergang - Ludwig Witzani\" \/>\n<meta property=\"og:description\" content=\"Das erste Buch der Roman-Trilogie&nbsp; tr\u00e4gt den Titel &#8222;Unter der Knute&#8220;. Es&nbsp; erz\u00e4hlt in acht Kapiteln die Geschichte des polnischen Dorfes Zakepies vom ersten Weltkrieg bis zur kommunistischen Machtergreifung unmittelbar nach dem zweiten Weltkrieg. Im Mittelpunkt der Handlung stehen die Familien Kaminski und Wolek. Maria Kaminska und Jozef Wolek, die beiden Hauptfiguren des Buches, wachsen &hellip; Erstes Buch: Unter der Knute &#8211; Das wiedererstandene Polen und sein Untergang weiterlesen &rarr;\" \/>\n<meta property=\"og:url\" content=\"https:\/\/ludwig-witzani.de\/zu-den-grossen-traeumen\/erstes-buch-unter-der-knute-das-wiedererstandene-polen-und-sein-untergang\/\" \/>\n<meta property=\"og:site_name\" content=\"Ludwig Witzani\" \/>\n<meta property=\"article:modified_time\" content=\"2025-06-03T10:32:51+00:00\" \/>\n<meta name=\"twitter:card\" content=\"summary_large_image\" \/>\n<meta name=\"twitter:label1\" content=\"Gesch\u00e4tzte Lesezeit\" \/>\n\t<meta name=\"twitter:data1\" content=\"2\u00a0Minuten\" \/>\n<script type=\"application\/ld+json\" class=\"yoast-schema-graph\">{\"@context\":\"https:\\\/\\\/schema.org\",\"@graph\":[{\"@type\":\"WebPage\",\"@id\":\"https:\\\/\\\/ludwig-witzani.de\\\/zu-den-grossen-traeumen\\\/erstes-buch-unter-der-knute-das-wiedererstandene-polen-und-sein-untergang\\\/\",\"url\":\"https:\\\/\\\/ludwig-witzani.de\\\/zu-den-grossen-traeumen\\\/erstes-buch-unter-der-knute-das-wiedererstandene-polen-und-sein-untergang\\\/\",\"name\":\"Erstes Buch: Unter der Knute - Das wiedererstandene Polen und sein Untergang - Ludwig Witzani\",\"isPartOf\":{\"@id\":\"https:\\\/\\\/ludwig-witzani.de\\\/zu-den-grossen-traeumen\\\/#website\"},\"datePublished\":\"2020-04-07T07:25:48+00:00\",\"dateModified\":\"2025-06-03T10:32:51+00:00\",\"breadcrumb\":{\"@id\":\"https:\\\/\\\/ludwig-witzani.de\\\/zu-den-grossen-traeumen\\\/erstes-buch-unter-der-knute-das-wiedererstandene-polen-und-sein-untergang\\\/#breadcrumb\"},\"inLanguage\":\"de\",\"potentialAction\":[{\"@type\":\"ReadAction\",\"target\":[\"https:\\\/\\\/ludwig-witzani.de\\\/zu-den-grossen-traeumen\\\/erstes-buch-unter-der-knute-das-wiedererstandene-polen-und-sein-untergang\\\/\"]}]},{\"@type\":\"BreadcrumbList\",\"@id\":\"https:\\\/\\\/ludwig-witzani.de\\\/zu-den-grossen-traeumen\\\/erstes-buch-unter-der-knute-das-wiedererstandene-polen-und-sein-untergang\\\/#breadcrumb\",\"itemListElement\":[{\"@type\":\"ListItem\",\"position\":1,\"name\":\"Startseite\",\"item\":\"https:\\\/\\\/ludwig-witzani.de\\\/zu-den-grossen-traeumen\\\/\"},{\"@type\":\"ListItem\",\"position\":2,\"name\":\"Erstes Buch: Unter der Knute &#8211; Das wiedererstandene Polen und sein Untergang\"}]},{\"@type\":\"WebSite\",\"@id\":\"https:\\\/\\\/ludwig-witzani.de\\\/zu-den-grossen-traeumen\\\/#website\",\"url\":\"https:\\\/\\\/ludwig-witzani.de\\\/zu-den-grossen-traeumen\\\/\",\"name\":\"Ludwig Witzani\",\"description\":\"World Wide Travel\",\"potentialAction\":[{\"@type\":\"SearchAction\",\"target\":{\"@type\":\"EntryPoint\",\"urlTemplate\":\"https:\\\/\\\/ludwig-witzani.de\\\/zu-den-grossen-traeumen\\\/?s={search_term_string}\"},\"query-input\":{\"@type\":\"PropertyValueSpecification\",\"valueRequired\":true,\"valueName\":\"search_term_string\"}}],\"inLanguage\":\"de\"}]}<\/script>\n<!-- \/ Yoast SEO plugin. -->","yoast_head_json":{"title":"Erstes Buch: Unter der Knute - Das wiedererstandene Polen und sein Untergang - Ludwig Witzani","robots":{"index":"index","follow":"follow","max-snippet":"max-snippet:-1","max-image-preview":"max-image-preview:large","max-video-preview":"max-video-preview:-1"},"canonical":"https:\/\/ludwig-witzani.de\/zu-den-grossen-traeumen\/erstes-buch-unter-der-knute-das-wiedererstandene-polen-und-sein-untergang\/","og_locale":"de_DE","og_type":"article","og_title":"Erstes Buch: Unter der Knute - Das wiedererstandene Polen und sein Untergang - Ludwig Witzani","og_description":"Das erste Buch der Roman-Trilogie&nbsp; tr\u00e4gt den Titel &#8222;Unter der Knute&#8220;. Es&nbsp; erz\u00e4hlt in acht Kapiteln die Geschichte des polnischen Dorfes Zakepies vom ersten Weltkrieg bis zur kommunistischen Machtergreifung unmittelbar nach dem zweiten Weltkrieg. Im Mittelpunkt der Handlung stehen die Familien Kaminski und Wolek. Maria Kaminska und Jozef Wolek, die beiden Hauptfiguren des Buches, wachsen &hellip; Erstes Buch: Unter der Knute &#8211; Das wiedererstandene Polen und sein Untergang weiterlesen &rarr;","og_url":"https:\/\/ludwig-witzani.de\/zu-den-grossen-traeumen\/erstes-buch-unter-der-knute-das-wiedererstandene-polen-und-sein-untergang\/","og_site_name":"Ludwig Witzani","article_modified_time":"2025-06-03T10:32:51+00:00","twitter_card":"summary_large_image","twitter_misc":{"Gesch\u00e4tzte Lesezeit":"2\u00a0Minuten"},"schema":{"@context":"https:\/\/schema.org","@graph":[{"@type":"WebPage","@id":"https:\/\/ludwig-witzani.de\/zu-den-grossen-traeumen\/erstes-buch-unter-der-knute-das-wiedererstandene-polen-und-sein-untergang\/","url":"https:\/\/ludwig-witzani.de\/zu-den-grossen-traeumen\/erstes-buch-unter-der-knute-das-wiedererstandene-polen-und-sein-untergang\/","name":"Erstes Buch: Unter der Knute - Das wiedererstandene Polen und sein Untergang - Ludwig Witzani","isPartOf":{"@id":"https:\/\/ludwig-witzani.de\/zu-den-grossen-traeumen\/#website"},"datePublished":"2020-04-07T07:25:48+00:00","dateModified":"2025-06-03T10:32:51+00:00","breadcrumb":{"@id":"https:\/\/ludwig-witzani.de\/zu-den-grossen-traeumen\/erstes-buch-unter-der-knute-das-wiedererstandene-polen-und-sein-untergang\/#breadcrumb"},"inLanguage":"de","potentialAction":[{"@type":"ReadAction","target":["https:\/\/ludwig-witzani.de\/zu-den-grossen-traeumen\/erstes-buch-unter-der-knute-das-wiedererstandene-polen-und-sein-untergang\/"]}]},{"@type":"BreadcrumbList","@id":"https:\/\/ludwig-witzani.de\/zu-den-grossen-traeumen\/erstes-buch-unter-der-knute-das-wiedererstandene-polen-und-sein-untergang\/#breadcrumb","itemListElement":[{"@type":"ListItem","position":1,"name":"Startseite","item":"https:\/\/ludwig-witzani.de\/zu-den-grossen-traeumen\/"},{"@type":"ListItem","position":2,"name":"Erstes Buch: Unter der Knute &#8211; Das wiedererstandene Polen und sein Untergang"}]},{"@type":"WebSite","@id":"https:\/\/ludwig-witzani.de\/zu-den-grossen-traeumen\/#website","url":"https:\/\/ludwig-witzani.de\/zu-den-grossen-traeumen\/","name":"Ludwig Witzani","description":"World Wide Travel","potentialAction":[{"@type":"SearchAction","target":{"@type":"EntryPoint","urlTemplate":"https:\/\/ludwig-witzani.de\/zu-den-grossen-traeumen\/?s={search_term_string}"},"query-input":{"@type":"PropertyValueSpecification","valueRequired":true,"valueName":"search_term_string"}}],"inLanguage":"de"}]}},"jetpack_shortlink":"https:\/\/wp.me\/P4daYo-1Sf","jetpack_sharing_enabled":true,"_links":{"self":[{"href":"https:\/\/ludwig-witzani.de\/zu-den-grossen-traeumen\/wp-json\/wp\/v2\/pages\/7207","targetHints":{"allow":["GET"]}}],"collection":[{"href":"https:\/\/ludwig-witzani.de\/zu-den-grossen-traeumen\/wp-json\/wp\/v2\/pages"}],"about":[{"href":"https:\/\/ludwig-witzani.de\/zu-den-grossen-traeumen\/wp-json\/wp\/v2\/types\/page"}],"author":[{"embeddable":true,"href":"https:\/\/ludwig-witzani.de\/zu-den-grossen-traeumen\/wp-json\/wp\/v2\/users\/2"}],"replies":[{"embeddable":true,"href":"https:\/\/ludwig-witzani.de\/zu-den-grossen-traeumen\/wp-json\/wp\/v2\/comments?post=7207"}],"version-history":[{"count":15,"href":"https:\/\/ludwig-witzani.de\/zu-den-grossen-traeumen\/wp-json\/wp\/v2\/pages\/7207\/revisions"}],"predecessor-version":[{"id":7378,"href":"https:\/\/ludwig-witzani.de\/zu-den-grossen-traeumen\/wp-json\/wp\/v2\/pages\/7207\/revisions\/7378"}],"wp:attachment":[{"href":"https:\/\/ludwig-witzani.de\/zu-den-grossen-traeumen\/wp-json\/wp\/v2\/media?parent=7207"}],"curies":[{"name":"wp","href":"https:\/\/api.w.org\/{rel}","templated":true}]}}