{"id":6919,"date":"2019-09-28T08:13:07","date_gmt":"2019-09-28T08:13:07","guid":{"rendered":"http:\/\/ludwig-witzani.de\/?page_id=6919"},"modified":"2025-06-03T10:32:51","modified_gmt":"2025-06-03T10:32:51","slug":"wie-ich-zu-meiner-ersten-kreuzfahrt-kam","status":"publish","type":"page","link":"https:\/\/ludwig-witzani.de\/zu-den-grossen-traeumen\/wie-ich-zu-meiner-ersten-kreuzfahrt-kam\/","title":{"rendered":"Wie ich zu meiner ersten Kreuzfahrt kam"},"content":{"rendered":"<p>&nbsp;Notorisch Fernwehkranke gleichen ewig Hungrigen, die die Sch\u00fcssel auch noch nach den letzten Essensresten auskratzen. Sie werden einfach nicht satt. Was mich betrifft, so h\u00e4tte ich l\u00e4ngst satt sein m\u00fcssen, doch Neugier und Langeweile lie\u00dfen mir keine Ruhe. &nbsp; Ich liebte es, mit dem Finger \u00fcber die Landkarte zu fahren und nach Gegenden zu suchen, in denen ich noch nicht gewesen war, und wenn ich eine gefunden hatte, fuhr ich hin. Auf diese Weise habe nach und nach die meisten wei\u00dfen Flecken auf meiner pers\u00f6nlichen Weltkarte getilgt &#8211; allerdings in einem moderaten Tempo, denn ich wollte die Erkundung der Welt mit dem Ablauf meines Lebens am liebsten so synchronisieren, dass ich gerade \u201edurch war\u201c wenn ich den L\u00f6ffel abgab.<\/p>\n<p>&nbsp; Was also blieb also noch zu sehen? Der Kongo,&nbsp; die Antarktis, die Nordwestpassage&nbsp;&nbsp; \u2013 und die Kleinen Antillen. Viele denken bei den Kleinen Antillen an eine&nbsp; Vogelart oder Hundewelpen, was nat\u00fcrlich falsch ist. Bei den Kleinen Antillen handelt es sich um ein Zuckerst\u00fcck unserer Welt mit einzigartiger Natur, Geschichte und Bev\u00f6lkerung &#8211; \u00fcbrigens auch um ein sehr pers\u00f6nliches St\u00fcck Leseerinnerung, das mich zur\u00fcckf\u00fchrt in eine Zeit, in der die Piraten John Hawkins, Francis Drake und Henry Morgan meine Helden gewesen waren.<\/p>\n<p>&nbsp; Die Kleinen Antillen erstecken sich in einem weiten Bogen \u00fcber zweitausend Kilometer lang von der Nordk\u00fcste Venezuelas bis zu den Virgin Islands und waren lange Zeit die Perlen der europ\u00e4ischen Kolonialreiche. &nbsp; Da musste ich hin. Aber wie? &nbsp; Wer von Santo Domingo aus diese Reise von Insel zu Insel selbstorganisiert durchf\u00fchren wollte, wer auf Flug- und F\u00e4hrverbindungen angewiesen w\u00e4re, w\u00fcrde jede Menge Zeit mitbringen und sich auf endlose Querelen bei Ein- und Ausreisen einstellen m\u00fcssen. Musste das wirklich sein? Hatte ich das denn das in Malawi, Bolivien oder Laos nicht schon zur Gen\u00fcge erlebt?&nbsp;&nbsp;<\/p>\n<p>&nbsp; Nein, das musste nicht sein, denn schon nach \u00fcberschl\u00e4giger Recherche ergab sich eine andere M\u00f6glichkeit. Ob man es glauben will oder nicht \u2013 f\u00fcr eine stramme Bereisung der Kleinen Antillen bei begrenztem Zeitbudget existiert kaum ein besseres Transportmittel als ein Kreuzfahrtschiff. Ein Preisvergleich ergab au\u00dferdem, dass eine Erkundung der \u00f6stlichen Karibik per Kreuzfahrt noch nicht einmal \u00fcberm\u00e4\u00dfig teuer war, jedenfalls nicht viel teurer als eine selbstorganisierte Reise. Die Karibik hatte noch nie zu den Regionen geh\u00f6rt, in denen Individualreisende im Unterschied zu Gruppenreisenden besonders viel Geld sparen konnten.&nbsp;<\/p>\n<p>&nbsp; Bedenken blieben. Viele meiner reiseenthusiastischen Freunde r\u00fcmpften die Nase \u00fcber diese Form des rundumbetreuten Reisens. Allerdings hatte ich mir mein Leben lang in asiatischen Bussen den Hintern genug platt gesessen, um mir jetzt &nbsp;guten Gewissens auch einmal eine Kreuzfahrt zu g\u00f6nnen.&nbsp; Ganz \u00fcberzeugt war ich trotzdem noch nicht, vor allem&nbsp; weil das Kreuzfahrtgesch\u00e4ft inzwischen in Verruf geraten war. Als \u201eDreckschleuder der Meere\u201c und \u201eAusdruck einer barbarischen Zivilisation\u201c werden die gro\u00dfen Schiffe von ihren Kritikern beschimpft. Auf diese und \u00e4hnliche Einw\u00e4nde soll im letzten Kapitel eingegangen werden.<\/p>\n<p>&nbsp; Am Ende schlug ich alle Einw\u00e4nde in den Wind und buchte eine Reise mit der \u201eAIDAdiva\u201c zu den Kleinen Antillen. Aber wenigstens mit selbstorganisierter Anreise, so viel Unabh\u00e4ngigkeit musste sein. Diese Reise wird im ersten Teil des Buches beschrieben.<\/p>\n<p>&nbsp;&nbsp; Ich kam also zu meiner ersten Kreuzfahrtreise \u00fcber das Zielgebiet. Bei meiner zweiten Kreuzfahrtreise war es genauso, nur dass es sich diesmal nicht um die \u00f6stliche sondern um die westliche Karibik handelte.&nbsp;&nbsp;<\/p>\n<p>&nbsp; Auf diese Weise habe ich die beiden bedeutendsten Anbieter im deutschsprachigen Raum, AIDA und mein Schiff, kennengelernt. Au\u00dferdem bekam ich Kontakt zu einer mir bis dahin unbekannten touristischen Spezies, den Kreuzfahrtreisenden, \u00fcber die ich im nachherein nichts Schlechtes sagen kann, au\u00dfer dass sie sich von den Reisenden, mit denen ich bis dato unterwegs war stark unterschieden. In welcher Weise zeigen etwa die Kapitel \u00fcber die Seetage. &nbsp;<\/p>\n<p>&nbsp;&nbsp;&nbsp;&nbsp; Am Ende eine dreifache Warnung. Erstens: Dieses Buch ist kein Kreuzfahrtf\u00fchrer sondern der Erlebnisbericht \u00fcber zwei Kreuzfahrten aus der Perspektive eines passionierten Individualreisenden., der zum ersten Mal in seinem Leben eine solche Reiseart erprobt.<\/p>\n<p>&nbsp; Zweitens: So beeindruckend die AIDAdiva oder die <em>Mein Schiff 6<\/em> auch sein m\u00f6gen und so Interessantes \u00fcber sie auch zu berichten gibt &#8211;&nbsp;&nbsp; im Mittelpunkt des Buches steht das Zielgebiet, die Karibik. &nbsp;<\/p>\n<p>&nbsp; Und drittens: Dieses Buch ist ein wenig geschichtslastig, das aber mit gutem Grund. &nbsp;Ich habe St\u00e4dte, Tempel oder Naturpanoramen niemals mit Freude besichtigen k\u00f6nnen, ohne nicht die Historie wie eine zweite Wirklichkeit \u00fcber die erste zu legen. Im besten Falle ergibt sich auf diese Weise eine Art Doppelbelichtung, die das Reiseerlebnis optimiert. Die Tage der Vorbereitung, die&nbsp; ich daf\u00fcr aufwendete, kompensieren ein wenig f\u00fcr die harsche K\u00fcrze der Zeit, die im Rahmen einer Kreuzfahrt konkret vor Ort verbleibt.&nbsp;<\/p>\n<p>&nbsp;&nbsp; Wer sich durch diese Warnungen nicht abschrecken l\u00e4sst, ist hier genau richtig. Gute Reise!<\/p>\n<p>&nbsp;<\/p>\n","protected":false},"excerpt":{"rendered":"<p>&nbsp;Notorisch Fernwehkranke gleichen ewig Hungrigen, die die Sch\u00fcssel auch noch nach den letzten Essensresten auskratzen. Sie werden einfach nicht satt. Was mich betrifft, so h\u00e4tte ich l\u00e4ngst satt sein m\u00fcssen, doch Neugier und Langeweile lie\u00dfen mir keine Ruhe. &nbsp; Ich liebte es, mit dem Finger \u00fcber die Landkarte zu fahren und nach Gegenden zu suchen, &hellip; <a href=\"https:\/\/ludwig-witzani.de\/zu-den-grossen-traeumen\/wie-ich-zu-meiner-ersten-kreuzfahrt-kam\/\" class=\"more-link\"><span class=\"screen-reader-text\">Wie ich zu meiner ersten Kreuzfahrt kam<\/span> weiterlesen <span class=\"meta-nav\">&rarr;<\/span><\/a><\/p>\n","protected":false},"author":2,"featured_media":0,"parent":0,"menu_order":0,"comment_status":"closed","ping_status":"closed","template":"","meta":{"ngg_post_thumbnail":0,"jetpack_post_was_ever_published":false,"footnotes":""},"class_list":["post-6919","page","type-page","status-publish","hentry"],"yoast_head":"<!-- This site is optimized with the Yoast SEO plugin v27.4 - https:\/\/yoast.com\/product\/yoast-seo-wordpress\/ -->\n<title>Wie ich zu meiner ersten Kreuzfahrt kam - Ludwig Witzani<\/title>\n<meta name=\"robots\" content=\"index, follow, max-snippet:-1, max-image-preview:large, max-video-preview:-1\" \/>\n<link rel=\"canonical\" href=\"https:\/\/ludwig-witzani.de\/zu-den-grossen-traeumen\/wie-ich-zu-meiner-ersten-kreuzfahrt-kam\/\" \/>\n<meta property=\"og:locale\" content=\"de_DE\" \/>\n<meta property=\"og:type\" content=\"article\" \/>\n<meta property=\"og:title\" content=\"Wie ich zu meiner ersten Kreuzfahrt kam - Ludwig Witzani\" \/>\n<meta property=\"og:description\" content=\"&nbsp;Notorisch Fernwehkranke gleichen ewig Hungrigen, die die Sch\u00fcssel auch noch nach den letzten Essensresten auskratzen. Sie werden einfach nicht satt. Was mich betrifft, so h\u00e4tte ich l\u00e4ngst satt sein m\u00fcssen, doch Neugier und Langeweile lie\u00dfen mir keine Ruhe. &nbsp; Ich liebte es, mit dem Finger \u00fcber die Landkarte zu fahren und nach Gegenden zu suchen, &hellip; Wie ich zu meiner ersten Kreuzfahrt kam weiterlesen &rarr;\" \/>\n<meta property=\"og:url\" content=\"https:\/\/ludwig-witzani.de\/zu-den-grossen-traeumen\/wie-ich-zu-meiner-ersten-kreuzfahrt-kam\/\" \/>\n<meta property=\"og:site_name\" content=\"Ludwig Witzani\" \/>\n<meta property=\"article:modified_time\" content=\"2025-06-03T10:32:51+00:00\" \/>\n<meta name=\"twitter:card\" content=\"summary_large_image\" \/>\n<meta name=\"twitter:label1\" content=\"Gesch\u00e4tzte Lesezeit\" \/>\n\t<meta name=\"twitter:data1\" content=\"4\u00a0Minuten\" \/>\n<script type=\"application\/ld+json\" class=\"yoast-schema-graph\">{\"@context\":\"https:\\\/\\\/schema.org\",\"@graph\":[{\"@type\":\"WebPage\",\"@id\":\"https:\\\/\\\/ludwig-witzani.de\\\/zu-den-grossen-traeumen\\\/wie-ich-zu-meiner-ersten-kreuzfahrt-kam\\\/\",\"url\":\"https:\\\/\\\/ludwig-witzani.de\\\/zu-den-grossen-traeumen\\\/wie-ich-zu-meiner-ersten-kreuzfahrt-kam\\\/\",\"name\":\"Wie ich zu meiner ersten Kreuzfahrt kam - Ludwig Witzani\",\"isPartOf\":{\"@id\":\"https:\\\/\\\/ludwig-witzani.de\\\/zu-den-grossen-traeumen\\\/#website\"},\"datePublished\":\"2019-09-28T08:13:07+00:00\",\"dateModified\":\"2025-06-03T10:32:51+00:00\",\"breadcrumb\":{\"@id\":\"https:\\\/\\\/ludwig-witzani.de\\\/zu-den-grossen-traeumen\\\/wie-ich-zu-meiner-ersten-kreuzfahrt-kam\\\/#breadcrumb\"},\"inLanguage\":\"de\",\"potentialAction\":[{\"@type\":\"ReadAction\",\"target\":[\"https:\\\/\\\/ludwig-witzani.de\\\/zu-den-grossen-traeumen\\\/wie-ich-zu-meiner-ersten-kreuzfahrt-kam\\\/\"]}]},{\"@type\":\"BreadcrumbList\",\"@id\":\"https:\\\/\\\/ludwig-witzani.de\\\/zu-den-grossen-traeumen\\\/wie-ich-zu-meiner-ersten-kreuzfahrt-kam\\\/#breadcrumb\",\"itemListElement\":[{\"@type\":\"ListItem\",\"position\":1,\"name\":\"Startseite\",\"item\":\"https:\\\/\\\/ludwig-witzani.de\\\/zu-den-grossen-traeumen\\\/\"},{\"@type\":\"ListItem\",\"position\":2,\"name\":\"Wie ich zu meiner ersten Kreuzfahrt kam\"}]},{\"@type\":\"WebSite\",\"@id\":\"https:\\\/\\\/ludwig-witzani.de\\\/zu-den-grossen-traeumen\\\/#website\",\"url\":\"https:\\\/\\\/ludwig-witzani.de\\\/zu-den-grossen-traeumen\\\/\",\"name\":\"Ludwig Witzani\",\"description\":\"World Wide Travel\",\"potentialAction\":[{\"@type\":\"SearchAction\",\"target\":{\"@type\":\"EntryPoint\",\"urlTemplate\":\"https:\\\/\\\/ludwig-witzani.de\\\/zu-den-grossen-traeumen\\\/?s={search_term_string}\"},\"query-input\":{\"@type\":\"PropertyValueSpecification\",\"valueRequired\":true,\"valueName\":\"search_term_string\"}}],\"inLanguage\":\"de\"}]}<\/script>\n<!-- \/ Yoast SEO plugin. -->","yoast_head_json":{"title":"Wie ich zu meiner ersten Kreuzfahrt kam - Ludwig Witzani","robots":{"index":"index","follow":"follow","max-snippet":"max-snippet:-1","max-image-preview":"max-image-preview:large","max-video-preview":"max-video-preview:-1"},"canonical":"https:\/\/ludwig-witzani.de\/zu-den-grossen-traeumen\/wie-ich-zu-meiner-ersten-kreuzfahrt-kam\/","og_locale":"de_DE","og_type":"article","og_title":"Wie ich zu meiner ersten Kreuzfahrt kam - Ludwig Witzani","og_description":"&nbsp;Notorisch Fernwehkranke gleichen ewig Hungrigen, die die Sch\u00fcssel auch noch nach den letzten Essensresten auskratzen. Sie werden einfach nicht satt. Was mich betrifft, so h\u00e4tte ich l\u00e4ngst satt sein m\u00fcssen, doch Neugier und Langeweile lie\u00dfen mir keine Ruhe. &nbsp; Ich liebte es, mit dem Finger \u00fcber die Landkarte zu fahren und nach Gegenden zu suchen, &hellip; Wie ich zu meiner ersten Kreuzfahrt kam weiterlesen &rarr;","og_url":"https:\/\/ludwig-witzani.de\/zu-den-grossen-traeumen\/wie-ich-zu-meiner-ersten-kreuzfahrt-kam\/","og_site_name":"Ludwig Witzani","article_modified_time":"2025-06-03T10:32:51+00:00","twitter_card":"summary_large_image","twitter_misc":{"Gesch\u00e4tzte Lesezeit":"4\u00a0Minuten"},"schema":{"@context":"https:\/\/schema.org","@graph":[{"@type":"WebPage","@id":"https:\/\/ludwig-witzani.de\/zu-den-grossen-traeumen\/wie-ich-zu-meiner-ersten-kreuzfahrt-kam\/","url":"https:\/\/ludwig-witzani.de\/zu-den-grossen-traeumen\/wie-ich-zu-meiner-ersten-kreuzfahrt-kam\/","name":"Wie ich zu meiner ersten Kreuzfahrt kam - Ludwig Witzani","isPartOf":{"@id":"https:\/\/ludwig-witzani.de\/zu-den-grossen-traeumen\/#website"},"datePublished":"2019-09-28T08:13:07+00:00","dateModified":"2025-06-03T10:32:51+00:00","breadcrumb":{"@id":"https:\/\/ludwig-witzani.de\/zu-den-grossen-traeumen\/wie-ich-zu-meiner-ersten-kreuzfahrt-kam\/#breadcrumb"},"inLanguage":"de","potentialAction":[{"@type":"ReadAction","target":["https:\/\/ludwig-witzani.de\/zu-den-grossen-traeumen\/wie-ich-zu-meiner-ersten-kreuzfahrt-kam\/"]}]},{"@type":"BreadcrumbList","@id":"https:\/\/ludwig-witzani.de\/zu-den-grossen-traeumen\/wie-ich-zu-meiner-ersten-kreuzfahrt-kam\/#breadcrumb","itemListElement":[{"@type":"ListItem","position":1,"name":"Startseite","item":"https:\/\/ludwig-witzani.de\/zu-den-grossen-traeumen\/"},{"@type":"ListItem","position":2,"name":"Wie ich zu meiner ersten Kreuzfahrt kam"}]},{"@type":"WebSite","@id":"https:\/\/ludwig-witzani.de\/zu-den-grossen-traeumen\/#website","url":"https:\/\/ludwig-witzani.de\/zu-den-grossen-traeumen\/","name":"Ludwig Witzani","description":"World Wide Travel","potentialAction":[{"@type":"SearchAction","target":{"@type":"EntryPoint","urlTemplate":"https:\/\/ludwig-witzani.de\/zu-den-grossen-traeumen\/?s={search_term_string}"},"query-input":{"@type":"PropertyValueSpecification","valueRequired":true,"valueName":"search_term_string"}}],"inLanguage":"de"}]}},"jetpack_shortlink":"https:\/\/wp.me\/P4daYo-1NB","jetpack_sharing_enabled":true,"_links":{"self":[{"href":"https:\/\/ludwig-witzani.de\/zu-den-grossen-traeumen\/wp-json\/wp\/v2\/pages\/6919","targetHints":{"allow":["GET"]}}],"collection":[{"href":"https:\/\/ludwig-witzani.de\/zu-den-grossen-traeumen\/wp-json\/wp\/v2\/pages"}],"about":[{"href":"https:\/\/ludwig-witzani.de\/zu-den-grossen-traeumen\/wp-json\/wp\/v2\/types\/page"}],"author":[{"embeddable":true,"href":"https:\/\/ludwig-witzani.de\/zu-den-grossen-traeumen\/wp-json\/wp\/v2\/users\/2"}],"replies":[{"embeddable":true,"href":"https:\/\/ludwig-witzani.de\/zu-den-grossen-traeumen\/wp-json\/wp\/v2\/comments?post=6919"}],"version-history":[{"count":1,"href":"https:\/\/ludwig-witzani.de\/zu-den-grossen-traeumen\/wp-json\/wp\/v2\/pages\/6919\/revisions"}],"predecessor-version":[{"id":6920,"href":"https:\/\/ludwig-witzani.de\/zu-den-grossen-traeumen\/wp-json\/wp\/v2\/pages\/6919\/revisions\/6920"}],"wp:attachment":[{"href":"https:\/\/ludwig-witzani.de\/zu-den-grossen-traeumen\/wp-json\/wp\/v2\/media?parent=6919"}],"curies":[{"name":"wp","href":"https:\/\/api.w.org\/{rel}","templated":true}]}}