{"id":6905,"date":"2019-09-28T07:44:14","date_gmt":"2019-09-28T07:44:14","guid":{"rendered":"http:\/\/ludwig-witzani.de\/?page_id=6905"},"modified":"2025-06-03T10:32:51","modified_gmt":"2025-06-03T10:32:51","slug":"karibisches-reisetagebuch","status":"publish","type":"page","link":"https:\/\/ludwig-witzani.de\/zu-den-grossen-traeumen\/karibisches-reisetagebuch\/","title":{"rendered":"Karibisches Reisetagebuch"},"content":{"rendered":"<p>Mit der &#8222;AIDAdiva&#8220; und der &#8222;Mein Schiff 6&#8220; durch die \u00f6stliche und die westliche Karibik<\/p>\n<p><img loading=\"lazy\" decoding=\"async\" class=\"aligncenter wp-image-6906\" src=\"http:\/\/ludwig-witzani.de\/wp-content\/uploads\/2019\/09\/Titelbild-544x800.jpg\" alt=\"\" width=\"414\" height=\"609\" srcset=\"https:\/\/ludwig-witzani.de\/wp-content\/uploads\/2019\/09\/Titelbild-544x800.jpg 544w, https:\/\/ludwig-witzani.de\/wp-content\/uploads\/2019\/09\/Titelbild-768x1129.jpg 768w, https:\/\/ludwig-witzani.de\/wp-content\/uploads\/2019\/09\/Titelbild-816x1200.jpg 816w\" sizes=\"auto, (max-width: 414px) 100vw, 414px\" \/><\/p>\n<p>Ludwig Witzani ist als Backpacker durch die ganze Welt gereist, hat aber noch niemals an der Kreuzfahrt&nbsp; teilgenommen. Aber einmal erwischt es jeden, und&nbsp; nun ist es soweit. Er ist \u00e4lter und ruhiger geworden und bucht auf der \u201eAIDAdiva\u201c und der \u201eMein Schiff 6\u201c je eine Reise in die&nbsp; \u00f6stliche und die westliche Karibik. Als Teil eines gigantischen mobilen Tourismussystems erkundet er auf&nbsp; Ausfl\u00fcgen und selbst organisierten Exkursionen die Kleinen Antillen, die K\u00fcsten Jamaikas, Mexikos, Belizes, Honduras\u00b4, Costa Ricas, Panamas, Kolumbiens und der Dominikanischen Republik.&nbsp; Als Passagier eines Luxus-Kreuzfahrtschiffes erf\u00e4hrt er sich zugleich aber auch Teil eines umfassenden Betreuungszusammenhangs, der der Illusion eines so genannten \u201eTraumurlaubs\u201c verpflichtet ist, im Detail aber doch zahlreiche Anpassungsleistungen erfordert. Mit Sympathie und Humor wird diese doppelte Reise in dem vorliegenden Buch aus der Perspektive eines absoluten Kreuzfahrtnovizen&nbsp; beschrieben. Die ideale Einf\u00fchrung f\u00fcr Karibikliebhaber und Kreuzfahrteinsteiger, aber auch f\u00fcr Personen, die &nbsp;Kreuzfahrten weder verachten noch verherrlichen und nur wissen wollen, was es damit auf sich hat.<\/p>\n<p><a href=\"http:\/\/ludwig-witzani.de\/inhaltsverzeichnis\/\">Inhaltsverzeichnis<\/a><\/p>\n<p><a href=\"http:\/\/ludwig-witzani.de\/wie-ich-zu-meiner-ersten-kreuzfahrt-kam\/\">Leseprobe 1: Wie ich zu meiner ersten Kreuzfahrt kam<\/a><\/p>\n<p><a href=\"http:\/\/ludwig-witzani.de\/der-seetag\/\">Leseprobe 2: Der Seetag<\/a><\/p>\n<p><a href=\"http:\/\/ludwig-witzani.de\/cartagena\/\">Leseprobe 3: Cartagena<\/a><\/p>\n<p><a href=\"https:\/\/www.amazon.de\/s?k=Ludwig+Witzani%3A+Karibisches+Reisetagebuch&amp;__mk_de_DE=%C3%85M%C3%85%C5%BD%C3%95%C3%91&amp;ref=nb_sb_noss\">PRINTAUSGABE BESTELLEN BEI&nbsp; epubli oder amazon<\/a><\/p>\n<p><a href=\"https:\/\/www.amazon.de\/dp\/B07ZZXGGPF\/ref=sr_1_2?__mk_de_DE=%C3%85M%C3%85%C5%BD%C3%95%C3%91&amp;keywords=Karibisches+Reisetagebuch&amp;qid=1572955762&amp;sr=8-2\">EBOOK BESTELLEN BEI&nbsp; epubli, amazon oder im apple store<\/a><\/p>\n","protected":false},"excerpt":{"rendered":"<p>Mit der &#8222;AIDAdiva&#8220; und der &#8222;Mein Schiff 6&#8220; durch die \u00f6stliche und die westliche Karibik Ludwig Witzani ist als Backpacker durch die ganze Welt gereist, hat aber noch niemals an der Kreuzfahrt&nbsp; teilgenommen. Aber einmal erwischt es jeden, und&nbsp; nun ist es soweit. Er ist \u00e4lter und ruhiger geworden und bucht auf der \u201eAIDAdiva\u201c und &hellip; <a href=\"https:\/\/ludwig-witzani.de\/zu-den-grossen-traeumen\/karibisches-reisetagebuch\/\" class=\"more-link\"><span class=\"screen-reader-text\">Karibisches Reisetagebuch<\/span> weiterlesen <span class=\"meta-nav\">&rarr;<\/span><\/a><\/p>\n","protected":false},"author":2,"featured_media":0,"parent":0,"menu_order":0,"comment_status":"closed","ping_status":"closed","template":"","meta":{"ngg_post_thumbnail":0,"jetpack_post_was_ever_published":false,"footnotes":""},"class_list":["post-6905","page","type-page","status-publish","hentry"],"yoast_head":"<!-- This site is optimized with the Yoast SEO plugin v27.4 - https:\/\/yoast.com\/product\/yoast-seo-wordpress\/ -->\n<title>Karibisches Reisetagebuch - Ludwig Witzani<\/title>\n<meta name=\"robots\" content=\"index, follow, max-snippet:-1, max-image-preview:large, max-video-preview:-1\" \/>\n<link rel=\"canonical\" href=\"https:\/\/ludwig-witzani.de\/zu-den-grossen-traeumen\/karibisches-reisetagebuch\/\" \/>\n<meta property=\"og:locale\" content=\"de_DE\" \/>\n<meta property=\"og:type\" content=\"article\" \/>\n<meta property=\"og:title\" content=\"Karibisches Reisetagebuch - Ludwig Witzani\" \/>\n<meta property=\"og:description\" content=\"Mit der &#8222;AIDAdiva&#8220; und der &#8222;Mein Schiff 6&#8220; durch die \u00f6stliche und die westliche Karibik Ludwig Witzani ist als Backpacker durch die ganze Welt gereist, hat aber noch niemals an der Kreuzfahrt&nbsp; teilgenommen. Aber einmal erwischt es jeden, und&nbsp; nun ist es soweit. Er ist \u00e4lter und ruhiger geworden und bucht auf der \u201eAIDAdiva\u201c und &hellip; Karibisches Reisetagebuch weiterlesen &rarr;\" \/>\n<meta property=\"og:url\" content=\"https:\/\/ludwig-witzani.de\/zu-den-grossen-traeumen\/karibisches-reisetagebuch\/\" \/>\n<meta property=\"og:site_name\" content=\"Ludwig Witzani\" \/>\n<meta property=\"article:modified_time\" content=\"2025-06-03T10:32:51+00:00\" \/>\n<meta property=\"og:image\" content=\"https:\/\/ludwig-witzani.de\/wp-content\/uploads\/2019\/09\/Titelbild.jpg\" \/>\n\t<meta property=\"og:image:width\" content=\"2179\" \/>\n\t<meta property=\"og:image:height\" content=\"3204\" \/>\n\t<meta property=\"og:image:type\" content=\"image\/jpeg\" \/>\n<meta name=\"twitter:card\" content=\"summary_large_image\" \/>\n<meta name=\"twitter:label1\" content=\"Gesch\u00e4tzte Lesezeit\" \/>\n\t<meta name=\"twitter:data1\" content=\"1\u00a0Minute\" \/>\n<script type=\"application\/ld+json\" class=\"yoast-schema-graph\">{\"@context\":\"https:\\\/\\\/schema.org\",\"@graph\":[{\"@type\":\"WebPage\",\"@id\":\"https:\\\/\\\/ludwig-witzani.de\\\/zu-den-grossen-traeumen\\\/karibisches-reisetagebuch\\\/\",\"url\":\"https:\\\/\\\/ludwig-witzani.de\\\/zu-den-grossen-traeumen\\\/karibisches-reisetagebuch\\\/\",\"name\":\"Karibisches Reisetagebuch - Ludwig Witzani\",\"isPartOf\":{\"@id\":\"https:\\\/\\\/ludwig-witzani.de\\\/zu-den-grossen-traeumen\\\/#website\"},\"primaryImageOfPage\":{\"@id\":\"https:\\\/\\\/ludwig-witzani.de\\\/zu-den-grossen-traeumen\\\/karibisches-reisetagebuch\\\/#primaryimage\"},\"image\":{\"@id\":\"https:\\\/\\\/ludwig-witzani.de\\\/zu-den-grossen-traeumen\\\/karibisches-reisetagebuch\\\/#primaryimage\"},\"thumbnailUrl\":\"http:\\\/\\\/ludwig-witzani.de\\\/wp-content\\\/uploads\\\/2019\\\/09\\\/Titelbild-544x800.jpg\",\"datePublished\":\"2019-09-28T07:44:14+00:00\",\"dateModified\":\"2025-06-03T10:32:51+00:00\",\"breadcrumb\":{\"@id\":\"https:\\\/\\\/ludwig-witzani.de\\\/zu-den-grossen-traeumen\\\/karibisches-reisetagebuch\\\/#breadcrumb\"},\"inLanguage\":\"de\",\"potentialAction\":[{\"@type\":\"ReadAction\",\"target\":[\"https:\\\/\\\/ludwig-witzani.de\\\/zu-den-grossen-traeumen\\\/karibisches-reisetagebuch\\\/\"]}]},{\"@type\":\"ImageObject\",\"inLanguage\":\"de\",\"@id\":\"https:\\\/\\\/ludwig-witzani.de\\\/zu-den-grossen-traeumen\\\/karibisches-reisetagebuch\\\/#primaryimage\",\"url\":\"http:\\\/\\\/ludwig-witzani.de\\\/wp-content\\\/uploads\\\/2019\\\/09\\\/Titelbild-544x800.jpg\",\"contentUrl\":\"http:\\\/\\\/ludwig-witzani.de\\\/wp-content\\\/uploads\\\/2019\\\/09\\\/Titelbild-544x800.jpg\"},{\"@type\":\"BreadcrumbList\",\"@id\":\"https:\\\/\\\/ludwig-witzani.de\\\/zu-den-grossen-traeumen\\\/karibisches-reisetagebuch\\\/#breadcrumb\",\"itemListElement\":[{\"@type\":\"ListItem\",\"position\":1,\"name\":\"Startseite\",\"item\":\"https:\\\/\\\/ludwig-witzani.de\\\/zu-den-grossen-traeumen\\\/\"},{\"@type\":\"ListItem\",\"position\":2,\"name\":\"Karibisches Reisetagebuch\"}]},{\"@type\":\"WebSite\",\"@id\":\"https:\\\/\\\/ludwig-witzani.de\\\/zu-den-grossen-traeumen\\\/#website\",\"url\":\"https:\\\/\\\/ludwig-witzani.de\\\/zu-den-grossen-traeumen\\\/\",\"name\":\"Ludwig Witzani\",\"description\":\"World Wide Travel\",\"potentialAction\":[{\"@type\":\"SearchAction\",\"target\":{\"@type\":\"EntryPoint\",\"urlTemplate\":\"https:\\\/\\\/ludwig-witzani.de\\\/zu-den-grossen-traeumen\\\/?s={search_term_string}\"},\"query-input\":{\"@type\":\"PropertyValueSpecification\",\"valueRequired\":true,\"valueName\":\"search_term_string\"}}],\"inLanguage\":\"de\"}]}<\/script>\n<!-- \/ Yoast SEO plugin. -->","yoast_head_json":{"title":"Karibisches Reisetagebuch - Ludwig Witzani","robots":{"index":"index","follow":"follow","max-snippet":"max-snippet:-1","max-image-preview":"max-image-preview:large","max-video-preview":"max-video-preview:-1"},"canonical":"https:\/\/ludwig-witzani.de\/zu-den-grossen-traeumen\/karibisches-reisetagebuch\/","og_locale":"de_DE","og_type":"article","og_title":"Karibisches Reisetagebuch - Ludwig Witzani","og_description":"Mit der &#8222;AIDAdiva&#8220; und der &#8222;Mein Schiff 6&#8220; durch die \u00f6stliche und die westliche Karibik Ludwig Witzani ist als Backpacker durch die ganze Welt gereist, hat aber noch niemals an der Kreuzfahrt&nbsp; teilgenommen. Aber einmal erwischt es jeden, und&nbsp; nun ist es soweit. Er ist \u00e4lter und ruhiger geworden und bucht auf der \u201eAIDAdiva\u201c und &hellip; Karibisches Reisetagebuch weiterlesen &rarr;","og_url":"https:\/\/ludwig-witzani.de\/zu-den-grossen-traeumen\/karibisches-reisetagebuch\/","og_site_name":"Ludwig Witzani","article_modified_time":"2025-06-03T10:32:51+00:00","og_image":[{"width":2179,"height":3204,"url":"https:\/\/ludwig-witzani.de\/wp-content\/uploads\/2019\/09\/Titelbild.jpg","type":"image\/jpeg"}],"twitter_card":"summary_large_image","twitter_misc":{"Gesch\u00e4tzte Lesezeit":"1\u00a0Minute"},"schema":{"@context":"https:\/\/schema.org","@graph":[{"@type":"WebPage","@id":"https:\/\/ludwig-witzani.de\/zu-den-grossen-traeumen\/karibisches-reisetagebuch\/","url":"https:\/\/ludwig-witzani.de\/zu-den-grossen-traeumen\/karibisches-reisetagebuch\/","name":"Karibisches Reisetagebuch - Ludwig Witzani","isPartOf":{"@id":"https:\/\/ludwig-witzani.de\/zu-den-grossen-traeumen\/#website"},"primaryImageOfPage":{"@id":"https:\/\/ludwig-witzani.de\/zu-den-grossen-traeumen\/karibisches-reisetagebuch\/#primaryimage"},"image":{"@id":"https:\/\/ludwig-witzani.de\/zu-den-grossen-traeumen\/karibisches-reisetagebuch\/#primaryimage"},"thumbnailUrl":"http:\/\/ludwig-witzani.de\/wp-content\/uploads\/2019\/09\/Titelbild-544x800.jpg","datePublished":"2019-09-28T07:44:14+00:00","dateModified":"2025-06-03T10:32:51+00:00","breadcrumb":{"@id":"https:\/\/ludwig-witzani.de\/zu-den-grossen-traeumen\/karibisches-reisetagebuch\/#breadcrumb"},"inLanguage":"de","potentialAction":[{"@type":"ReadAction","target":["https:\/\/ludwig-witzani.de\/zu-den-grossen-traeumen\/karibisches-reisetagebuch\/"]}]},{"@type":"ImageObject","inLanguage":"de","@id":"https:\/\/ludwig-witzani.de\/zu-den-grossen-traeumen\/karibisches-reisetagebuch\/#primaryimage","url":"http:\/\/ludwig-witzani.de\/wp-content\/uploads\/2019\/09\/Titelbild-544x800.jpg","contentUrl":"http:\/\/ludwig-witzani.de\/wp-content\/uploads\/2019\/09\/Titelbild-544x800.jpg"},{"@type":"BreadcrumbList","@id":"https:\/\/ludwig-witzani.de\/zu-den-grossen-traeumen\/karibisches-reisetagebuch\/#breadcrumb","itemListElement":[{"@type":"ListItem","position":1,"name":"Startseite","item":"https:\/\/ludwig-witzani.de\/zu-den-grossen-traeumen\/"},{"@type":"ListItem","position":2,"name":"Karibisches Reisetagebuch"}]},{"@type":"WebSite","@id":"https:\/\/ludwig-witzani.de\/zu-den-grossen-traeumen\/#website","url":"https:\/\/ludwig-witzani.de\/zu-den-grossen-traeumen\/","name":"Ludwig Witzani","description":"World Wide Travel","potentialAction":[{"@type":"SearchAction","target":{"@type":"EntryPoint","urlTemplate":"https:\/\/ludwig-witzani.de\/zu-den-grossen-traeumen\/?s={search_term_string}"},"query-input":{"@type":"PropertyValueSpecification","valueRequired":true,"valueName":"search_term_string"}}],"inLanguage":"de"}]}},"jetpack_shortlink":"https:\/\/wp.me\/P4daYo-1Nn","jetpack_sharing_enabled":true,"_links":{"self":[{"href":"https:\/\/ludwig-witzani.de\/zu-den-grossen-traeumen\/wp-json\/wp\/v2\/pages\/6905","targetHints":{"allow":["GET"]}}],"collection":[{"href":"https:\/\/ludwig-witzani.de\/zu-den-grossen-traeumen\/wp-json\/wp\/v2\/pages"}],"about":[{"href":"https:\/\/ludwig-witzani.de\/zu-den-grossen-traeumen\/wp-json\/wp\/v2\/types\/page"}],"author":[{"embeddable":true,"href":"https:\/\/ludwig-witzani.de\/zu-den-grossen-traeumen\/wp-json\/wp\/v2\/users\/2"}],"replies":[{"embeddable":true,"href":"https:\/\/ludwig-witzani.de\/zu-den-grossen-traeumen\/wp-json\/wp\/v2\/comments?post=6905"}],"version-history":[{"count":8,"href":"https:\/\/ludwig-witzani.de\/zu-den-grossen-traeumen\/wp-json\/wp\/v2\/pages\/6905\/revisions"}],"predecessor-version":[{"id":6908,"href":"https:\/\/ludwig-witzani.de\/zu-den-grossen-traeumen\/wp-json\/wp\/v2\/pages\/6905\/revisions\/6908"}],"wp:attachment":[{"href":"https:\/\/ludwig-witzani.de\/zu-den-grossen-traeumen\/wp-json\/wp\/v2\/media?parent=6905"}],"curies":[{"name":"wp","href":"https:\/\/api.w.org\/{rel}","templated":true}]}}