{"id":6770,"date":"2018-12-20T12:15:55","date_gmt":"2018-12-20T12:15:55","guid":{"rendered":"http:\/\/ludwig-witzani.de\/?page_id=6770"},"modified":"2025-06-03T10:32:52","modified_gmt":"2025-06-03T10:32:52","slug":"von-melbourne-zum-cape-tribulation-5000-kilometer-die-ostaustalische-kueste-entlang","status":"publish","type":"page","link":"https:\/\/ludwig-witzani.de\/zu-den-grossen-traeumen\/von-melbourne-zum-cape-tribulation-5000-kilometer-die-ostaustalische-kueste-entlang\/","title":{"rendered":"Von Melbourne zum Cape Tribulation 5000 Kilometer die ostaustalische K\u00fcste entlang"},"content":{"rendered":"<p><strong>&nbsp;<img loading=\"lazy\" decoding=\"async\" class=\"aligncenter size-medium wp-image-6771\" src=\"http:\/\/ludwig-witzani.de\/wp-content\/uploads\/2018\/12\/Route-Ostaustralien-2-900x506.jpg\" alt=\"\" width=\"900\" height=\"506\"\/><\/strong><\/p>\n<ol>\n<li><strong>Hinreise<\/strong> Wir w\u00e4hlten Qatar Airways, die zu sehr g\u00fcnstigen Reisezeiten (Abflug t\u00e4glich gegen 11 Uhr vormittags) einen Flug nach Doha anbietet (Ankunft in Doha 18.00 Uhr Ortszeit) . &nbsp;Wir empfehlen dringend in Doha (respektive in Dubai oder Singapur) eine Pause einzulegen. Wir haben das gemacht und sind erst am n\u00e4chsten Tag um 21.00 <img loading=\"lazy\" decoding=\"async\" class=\"wp-image-6791 alignleft\" src=\"http:\/\/ludwig-witzani.de\/wp-content\/uploads\/2019\/01\/101-144-900x600.jpg\" alt=\"\" width=\"329\" height=\"219\"\/>Uhr von Doha nach Melbourne weitergeflogen. Dieser Flug wird mit einer A 380 durchgef\u00fchrt und bringt die Reisenden in nur 13 Stunden direkt nach Melbourne. Ankunft am dritten Anreisetag um 18.00 Uhr in Melbourne. Vom Flughafen in Melbourne f\u00e4hrt der sogenannte \u201eSkybus\u201c f\u00fcr 18 Australische Dollar (etwa 12 Euro) direkt in das Stadtzentrum. &nbsp;<\/li>\n<li><strong>Auto<\/strong> Gegen\u00fcber dem Terminal 1 des Flughafens von Melbourne befinden sich die B\u00fcros der Autovermieter. Wir buchten \u00fcber den ADAC ein Angebot des Automvermieters Enterprise, der etwas preisg\u00fcnstiger ist als Herzt und Avis. Zurzeit zahlt man f\u00fcr einen Mittelklassewagen f\u00fcr etwa vier Wochen um die 1000 Euro, was keineswegs teuer ist. Da wir unsern Wagen aber in Cairns\/ Nord Queensland wieder abgeben wollten, um von dort gleich nach Bali weiterzufliegen, wurde noch einmal eine R\u00fcckf\u00fchrgeb\u00fchr von umgerechnet 650 Euro f\u00e4llig. Au\u00dferdem sollte man ein beachten: In Australien herrscht Linksverkehr, was f\u00fcr Rechtsfahrer eine gewisse Eingew\u00f6hnungszeit erfordert, w\u00e4hrend derer man extrem vorsichtig fahren sollte. Da das Verkehrsaufkommen au\u00dferhalb der Gro\u00dfst\u00e4dte \u00fcberschaubar ist, sind&nbsp; f\u00fcnfhundert Kilometer am Tag normalerweise kein Problem. Aber Achtung: Der Verkehr auf den Highways wird durch getarnte Radaranalgen \u00fcberwacht. Wer also zu schnell f\u00e4hrt, wird nach der Reise die eine oder andere nachtr\u00e4gliche Abbuchung auf <img loading=\"lazy\" decoding=\"async\" class=\"wp-image-6790 alignright\" src=\"http:\/\/ludwig-witzani.de\/wp-content\/uploads\/2019\/01\/IMG_6351-900x600.jpg\" alt=\"\" width=\"350\" height=\"233\" srcset=\"https:\/\/ludwig-witzani.de\/wp-content\/uploads\/2019\/01\/IMG_6351-900x600.jpg 900w, https:\/\/ludwig-witzani.de\/wp-content\/uploads\/2019\/01\/IMG_6351-768x512.jpg 768w, https:\/\/ludwig-witzani.de\/wp-content\/uploads\/2019\/01\/IMG_6351-1800x1200.jpg 1800w\" sizes=\"auto, (max-width: 350px) 100vw, 350px\" \/>seinem Kreditkartenkonto entdecken.&nbsp; Ich selbst erhielt nach der Reie f\u00fcr eine Geschwindkeits\u00fcbertretung von 11km\/h eine saftige Rechnung von 173 AUD (115 Euro). H\u00e4tte ich diesen Betrag nicht bezahlt, h\u00e4tte ich nie wieder in Australien einreisen k\u00f6nnen. Da habe ich dann doch lieber gel\u00f6hnt. Die Benzin- und Dieselpreise sind \u00fcbrigens etwa 10-20 % billiger als bei uns.<\/li>\n<li><strong>Reisezeit<\/strong> \u2013 Unsere Reise von Melbourne nach Cairns f\u00fchrte uns durch verschiedene Klimazonen, so dass die Reisezeit wohl \u00fcberlegt sein will. Im europ\u00e4ischen Sommer (Juli\/August) ist es in Melbourne schweinekalt, im europ\u00e4ischen&nbsp; Winter zum Jahreswechsel herrscht im Norden die Regenzeit. Wir w\u00e4hlten deswegen den November, der in Australien dem Fr\u00fchjahr entspricht. Im November ist es im S\u00fcden zwar immer noch recht sp\u00e4twinterlich, aber ertr\u00e4glich, im Norden kann man mit etwas Gl\u00fcck der einsetzenden Regenzeit entrinnen. &nbsp;<\/li>\n<li>Die <strong>Route(siehe Karte oben)<br \/>\n<\/strong><\/li>\n<\/ol>\n<p>Auf einer Reise kann man niemals alles sehen, so dass man ausw\u00e4hlen muss. Misslich ist, dass man zu einer solchen Auswahl erst dann begr\u00fcndet&nbsp; in der Lage ist, wenn man die Reise bereits hinter sich hat. Insofern verh\u00e4lt es sich \u00e4hnlich wie bei der Ehe, bei der man das optimale Verhalten erst kennt, wenn die Ehe schon zu Ende ist. Das vorausgeschickt, w\u00fcrde ich folgende Stationen f\u00fcr eine vierw\u00f6chige Reise von Melbourne nach Cairns vorschlagen. (Wir haben es in einer etwas k\u00fcrzeren Zeit bew\u00e4ltigt, was ich aber nicht empfehlen kann). Was es jeweils vor Ort genau anzusehen gilt, sollte man sich aus &nbsp;Reisef\u00fchrern \u00fcber Australien erschlie\u00dfen. Die Entfernungsangaben sind Ann\u00e4herungswerte<\/p>\n<p>Tag 1 und 2: Akklimatisieren und Stadtbesichtigung <strong>Melbourne<\/strong><\/p>\n<p>Tag 3 und 4: Von Melbourne nach Port Campbell (230 km) \u2013Von dort die <strong>Grand Ocean Road<\/strong> <img loading=\"lazy\" decoding=\"async\" class=\"aligncenter size-medium wp-image-6793\" src=\"http:\/\/ludwig-witzani.de\/wp-content\/uploads\/2019\/01\/IMG_4594-900x600.jpg\" alt=\"\" width=\"900\" height=\"600\" srcset=\"https:\/\/ludwig-witzani.de\/wp-content\/uploads\/2019\/01\/IMG_4594-900x600.jpg 900w, https:\/\/ludwig-witzani.de\/wp-content\/uploads\/2019\/01\/IMG_4594-768x512.jpg 768w, https:\/\/ludwig-witzani.de\/wp-content\/uploads\/2019\/01\/IMG_4594-1800x1200.jpg 1800w\" sizes=\"auto, (max-width: 900px) 100vw, 900px\" \/>nach Osten &#8211; Schlafen evtl. in Torquay (ca. 230 km) . Am n\u00e4chsten Nachmittag \u00dcbersetzen mit der F\u00e4hre von Queenscliff nach Sorrento (Wagen und 2 Personen: &nbsp;79 AUD) und Weiterfahrt nach <strong>Phillips Island<\/strong> und dort nach Einbruch der Dunkelheit evtl. Teilnahme an &nbsp;der \u201ePinguin Parade\u201c (200 km )<\/p>\n<p>Tag 5: Fahrt und Aufenthalt im <strong>Wilsons Promotory Park<\/strong>, Unterkunft in Foster (200km )<\/p>\n<p><img loading=\"lazy\" decoding=\"async\" class=\"aligncenter wp-image-6794\" src=\"http:\/\/ludwig-witzani.de\/wp-content\/uploads\/2019\/01\/IMG_6871-900x600.jpg\" alt=\"\" width=\"617\" height=\"412\" srcset=\"https:\/\/ludwig-witzani.de\/wp-content\/uploads\/2019\/01\/IMG_6871-900x600.jpg 900w, https:\/\/ludwig-witzani.de\/wp-content\/uploads\/2019\/01\/IMG_6871-768x512.jpg 768w, https:\/\/ludwig-witzani.de\/wp-content\/uploads\/2019\/01\/IMG_6871-1800x1200.jpg 1800w\" sizes=\"auto, (max-width: 617px) 100vw, 617px\" \/><\/p>\n<p>Tag 6: Lange Tagesetappe, &nbsp;Fahrt zum <strong>Ninety Miles Beach<\/strong>, dann \u00fcber <strong>Cann Rive<\/strong>r und die Bergroute direkt nach <strong>Canberra<\/strong> (660 km )<\/p>\n<p>Tag 7: Bis am fr\u00fchen Nachmittag Besichtigung von &nbsp;Canberra \u2013 dann Weiterfahrt nach <strong>Sydney<\/strong> (360 km ) &nbsp;<\/p>\n<p>Tag &nbsp;8, 9 und 10: <strong>Sydney<\/strong> \u2013 Hinweis: wir wohnten g\u00fcnstig und entspannt am <strong>Bondi Beach<\/strong> und fuhren mit dem Bus 333 in die Stadt zum Circular Quay. Empfehlenswert: Schiffsfahrt nach Manly, Besteigung der Harbour Bridge, Besuch des Opernhauses, &nbsp;<\/p>\n<p><img loading=\"lazy\" decoding=\"async\" class=\"aligncenter size-medium wp-image-6795\" src=\"http:\/\/ludwig-witzani.de\/wp-content\/uploads\/2019\/01\/IMG_7074-900x600.jpg\" alt=\"\" width=\"900\" height=\"600\" srcset=\"https:\/\/ludwig-witzani.de\/wp-content\/uploads\/2019\/01\/IMG_7074-900x600.jpg 900w, https:\/\/ludwig-witzani.de\/wp-content\/uploads\/2019\/01\/IMG_7074-768x512.jpg 768w, https:\/\/ludwig-witzani.de\/wp-content\/uploads\/2019\/01\/IMG_7074-1800x1200.jpg 1800w\" sizes=\"auto, (max-width: 900px) 100vw, 900px\" \/><\/p>\n<p>Tag 11: Von Sydney nach Katoomba in den <strong>Blue Mountains<\/strong> &nbsp;(100 km )<\/p>\n<p>Tag 12:&nbsp; Von den Blue Mountains n\u00f6rdlich an Sydney vorbei zum Myall Nationalpark, dann weiter ins <strong>Hunter Valley<\/strong> (250 km )<\/p>\n<p>Tag 13: Fahrt durchs Hunter Valley und Weinproben &nbsp;<\/p>\n<p>Tag 14: Langer Reisetag &#8211; Vom Hunter Valley \u00fcber Port Macquarie und Coffs Harbour nach Byron Bay (600km)<\/p>\n<p>Tag 15: Entspannungstag in <strong>Byron Bay<\/strong> (Super Unterkunft. &#8222;Rainforest Ressort&#8220;)<\/p>\n<p><img loading=\"lazy\" decoding=\"async\" class=\"aligncenter size-medium wp-image-6800\" src=\"http:\/\/ludwig-witzani.de\/wp-content\/uploads\/2019\/01\/200-269-900x600.jpg\" alt=\"\" width=\"900\" height=\"600\" srcset=\"https:\/\/ludwig-witzani.de\/wp-content\/uploads\/2019\/01\/200-269-900x600.jpg 900w, https:\/\/ludwig-witzani.de\/wp-content\/uploads\/2019\/01\/200-269-768x512.jpg 768w, https:\/\/ludwig-witzani.de\/wp-content\/uploads\/2019\/01\/200-269-1800x1200.jpg 1800w\" sizes=\"auto, (max-width: 900px) 100vw, 900px\" \/><\/p>\n<p>Tag 16: Von Byron Bay \u00fcber die Gold Coast nach Brisbane (Achtung: man gewinnt bei der Einreise in Queensland eine Stunde durch die Zeitverschiebung (200 km )<\/p>\n<p>Tag 17: Stadtrundgang <strong>Brisbane<\/strong>, dann Nachmittags Weiterfahrt nach Heervey Bay vor Fraser Island (Super Unterkunft: &#8222;Lake Sanctuary Ressort&#8220; in Hervey Bay) \u2013 230 km<\/p>\n<p>Tag 18: Ausflug nach <strong>Fraser Island<\/strong> bei einem beliebigen Veranstalter (Pro Person etwa 175 AUD)<\/p>\n<p>Tag 19: Langer Reisetag mit wenig Spektakul\u00e4rem: von &nbsp;Hervey Bay vor Fraser Island nach&nbsp; <strong>Emu Park<\/strong> (500 km )<\/p>\n<p>Tag 20: Wieder ein langer Reisetag ohne besondere Higlights &#8211; Von Emu Park nach Airlie Beach, dem Hafen vor den <strong>Whitesunday Islands<\/strong> &nbsp;(350 km )<\/p>\n<p><img loading=\"lazy\" decoding=\"async\" class=\"aligncenter size-medium wp-image-6797\" src=\"http:\/\/ludwig-witzani.de\/wp-content\/uploads\/2019\/01\/b-123b-900x600.jpg\" alt=\"\" width=\"900\" height=\"600\" srcset=\"https:\/\/ludwig-witzani.de\/wp-content\/uploads\/2019\/01\/b-123b-900x600.jpg 900w, https:\/\/ludwig-witzani.de\/wp-content\/uploads\/2019\/01\/b-123b-768x512.jpg 768w, https:\/\/ludwig-witzani.de\/wp-content\/uploads\/2019\/01\/b-123b-1800x1200.jpg 1800w\" sizes=\"auto, (max-width: 900px) 100vw, 900px\" \/><\/p>\n<p>Tag 21: Ausflug zu den Whitesunday Islands&nbsp; (unsere Empfehlung Whinesunday X-Press f\u00fcr 170 AUD mit Schnorcheln und Barbecue) und zum <strong>Whitehaven Beach,<\/strong> dem verrmeintich &#8222;sch\u00f6nsten Strand der Welt&#8220;<\/p>\n<p>Tag 22: Von den Whitesunday Islands nach <strong>Townsville<\/strong>, dort Besuch des \u201eReef Museums\u201c, dann weiter nach <strong>Mission Beach<\/strong> &nbsp;(550 km )<\/p>\n<p><img loading=\"lazy\" decoding=\"async\" class=\"aligncenter size-medium wp-image-6798\" src=\"http:\/\/ludwig-witzani.de\/wp-content\/uploads\/2019\/01\/IMG_5871-900x600.jpg\" alt=\"\" width=\"900\" height=\"600\" srcset=\"https:\/\/ludwig-witzani.de\/wp-content\/uploads\/2019\/01\/IMG_5871-900x600.jpg 900w, https:\/\/ludwig-witzani.de\/wp-content\/uploads\/2019\/01\/IMG_5871-768x512.jpg 768w, https:\/\/ludwig-witzani.de\/wp-content\/uploads\/2019\/01\/IMG_5871-1800x1200.jpg 1800w\" sizes=\"auto, (max-width: 900px) 100vw, 900px\" \/><\/p>\n<p>Tag 23: Ein Erholungspark an den herrlichen Str\u00e4nden von Mission Beach (Unterkunftsempfehlung: &#8222;Eco Lodge&#8220; direkt am Strand) &nbsp;<\/p>\n<p>Tag 24: Von Mission Beach \u00fcber Cairns, Palm Cove nach <strong>Port Douglas<\/strong> (Unschlagbare Unterkunft: &#8222;Coral Beach Villas&#8220; direkt in Strandn\u00e4he)&nbsp; &#8211; 300 km )<\/p>\n<p>Tag 25: Entspannungstag in Port Douglas&nbsp; (unser Hochzeitstag!)<\/p>\n<p>Tag 26: Ausflug zum <strong>Cape Tribulation<\/strong> (hin und zur\u00fcck 200 km )<\/p>\n<p><img loading=\"lazy\" decoding=\"async\" class=\"aligncenter size-medium wp-image-6799\" src=\"http:\/\/ludwig-witzani.de\/wp-content\/uploads\/2019\/01\/Cape_Tribulation-900x422.jpg\" alt=\"\" width=\"900\" height=\"422\"\/><\/p>\n<p>Tag 27: Evtl. mit dem Allradfahrzeug Ausflug nach <strong>Cooktown<\/strong> buchen, sonst noch ein letzter Entspannungstag<\/p>\n<p>Tag 28: Abgabe des Wagens auf dem Flughafen von <strong>&nbsp;Cairns<\/strong> und Weiterflug, wohin auch immer<\/p>\n<p><strong>Unterkunft<\/strong>: Wenn man im November (Vorsaison) f\u00e4hrt, ist es \u00fcberhaupt kein Problem, von Tag zu Tag per Internet bei booking.com vorzubuchen. &nbsp;Wir haben im Durchschnitt pro nacht 150 AUD (australische Dollars = 100 Euro) f\u00fcr zum Teil ganz ausgezeichnete Zimmer und Cottages bezahlt. Die besten Ressorts sind in der Routenbeschreibung vermerkt und \u00fcber booking-com buchbar.<\/p>\n<p><strong>Ungef\u00e4hre Gesamtkosten: <\/strong><\/p>\n<p><strong>Flug<\/strong> mit Qatar Airwayas hin \u00fcber Doha nach Melbourne und zur\u00fcck&nbsp; Cairns- Bali- Doha- Frankfurt &nbsp;f\u00fcr 2 Personen <strong>2600 Euro<\/strong><\/p>\n<p><strong>\u00dcbernachtung<\/strong> \u00fcberwiegend in Motels t\u00e4glich etwa 100 Euro \u2013 <strong>2800 Euro<\/strong><\/p>\n<p><strong>Wagen<\/strong> inklusive R\u00fcckf\u00fchrungsgeb\u00fchr &nbsp;<strong>1500 Euro<\/strong><\/p>\n<p><strong>Tanken<\/strong>, <strong>Eintritte , Essen und Trinken<\/strong> etwa 100 Euro pro Tag = <strong>2800 Euro &#8211; <\/strong>Auf diesen geringen Betrag kommt man aber nur, wenn &nbsp;man sich gelegentlich in den Motels selbst etwas zubereitet. Die meisten Hotels verf\u00fcgen \u00fcber Mikrowellenherde, viele auch \u00fcber Kochgelegenheiten entweder im Zimmer oder in einer Motelk\u00fcche<\/p>\n<p><strong>Gesamtsumme f\u00fcr zwei Personen 9.500 Euro &nbsp;<\/strong><\/p>\n<p><strong>Pro Person also 4.750 Euro f\u00fcr vier Wochen Ost-Australien all inclusive.<\/strong><\/p>\n<p><em>Wer das viel findet, kann ja mal einen Blick in die Kataloge der Weltreiseanbieter werfen, da wird ihn der Schlag treffen. &nbsp;<\/em><\/p>\n<p><img loading=\"lazy\" decoding=\"async\" class=\"aligncenter size-medium wp-image-6801\" src=\"http:\/\/ludwig-witzani.de\/wp-content\/uploads\/2019\/01\/c-116-900x692.jpg\" alt=\"\" width=\"900\" height=\"692\" srcset=\"https:\/\/ludwig-witzani.de\/wp-content\/uploads\/2019\/01\/c-116-900x692.jpg 900w, https:\/\/ludwig-witzani.de\/wp-content\/uploads\/2019\/01\/c-116-768x591.jpg 768w, https:\/\/ludwig-witzani.de\/wp-content\/uploads\/2019\/01\/c-116-1560x1200.jpg 1560w\" sizes=\"auto, (max-width: 900px) 100vw, 900px\" \/><\/p>\n<p style=\"text-align: center;\">&nbsp;<\/p>\n<p>&nbsp;<\/p>\n<p>&nbsp;&nbsp;&nbsp;&nbsp;&nbsp;&nbsp;&nbsp;&nbsp;&nbsp;&nbsp;&nbsp;&nbsp;&nbsp;&nbsp;&nbsp;&nbsp;&nbsp;&nbsp;&nbsp;&nbsp;&nbsp;&nbsp;&nbsp;&nbsp;&nbsp;&nbsp;&nbsp;<\/p>\n<p>&nbsp;<\/p>\n<p>&nbsp;<\/p>\n","protected":false},"excerpt":{"rendered":"<p>&nbsp; Hinreise Wir w\u00e4hlten Qatar Airways, die zu sehr g\u00fcnstigen Reisezeiten (Abflug t\u00e4glich gegen 11 Uhr vormittags) einen Flug nach Doha anbietet (Ankunft in Doha 18.00 Uhr Ortszeit) . &nbsp;Wir empfehlen dringend in Doha (respektive in Dubai oder Singapur) eine Pause einzulegen. Wir haben das gemacht und sind erst am n\u00e4chsten Tag um 21.00 Uhr &hellip; <a href=\"https:\/\/ludwig-witzani.de\/zu-den-grossen-traeumen\/von-melbourne-zum-cape-tribulation-5000-kilometer-die-ostaustalische-kueste-entlang\/\" class=\"more-link\"><span class=\"screen-reader-text\">Von Melbourne zum Cape Tribulation 5000 Kilometer die ostaustalische K\u00fcste entlang<\/span> weiterlesen <span class=\"meta-nav\">&rarr;<\/span><\/a><\/p>\n","protected":false},"author":2,"featured_media":0,"parent":0,"menu_order":0,"comment_status":"open","ping_status":"closed","template":"","meta":{"ngg_post_thumbnail":0,"jetpack_post_was_ever_published":false,"footnotes":""},"class_list":["post-6770","page","type-page","status-publish","hentry"],"yoast_head":"<!-- This site is optimized with the Yoast SEO plugin v27.4 - https:\/\/yoast.com\/product\/yoast-seo-wordpress\/ -->\n<title>Von Melbourne zum Cape Tribulation 5000 Kilometer die ostaustalische K\u00fcste entlang - Ludwig Witzani<\/title>\n<meta name=\"robots\" content=\"index, follow, max-snippet:-1, max-image-preview:large, max-video-preview:-1\" \/>\n<link rel=\"canonical\" href=\"https:\/\/ludwig-witzani.de\/zu-den-grossen-traeumen\/von-melbourne-zum-cape-tribulation-5000-kilometer-die-ostaustalische-kueste-entlang\/\" \/>\n<meta property=\"og:locale\" content=\"de_DE\" \/>\n<meta property=\"og:type\" content=\"article\" \/>\n<meta property=\"og:title\" content=\"Von Melbourne zum Cape Tribulation 5000 Kilometer die ostaustalische K\u00fcste entlang - Ludwig Witzani\" \/>\n<meta property=\"og:description\" content=\"&nbsp; Hinreise Wir w\u00e4hlten Qatar Airways, die zu sehr g\u00fcnstigen Reisezeiten (Abflug t\u00e4glich gegen 11 Uhr vormittags) einen Flug nach Doha anbietet (Ankunft in Doha 18.00 Uhr Ortszeit) . &nbsp;Wir empfehlen dringend in Doha (respektive in Dubai oder Singapur) eine Pause einzulegen. Wir haben das gemacht und sind erst am n\u00e4chsten Tag um 21.00 Uhr &hellip; Von Melbourne zum Cape Tribulation 5000 Kilometer die ostaustalische K\u00fcste entlang weiterlesen &rarr;\" \/>\n<meta property=\"og:url\" content=\"https:\/\/ludwig-witzani.de\/zu-den-grossen-traeumen\/von-melbourne-zum-cape-tribulation-5000-kilometer-die-ostaustalische-kueste-entlang\/\" \/>\n<meta property=\"og:site_name\" content=\"Ludwig Witzani\" \/>\n<meta property=\"article:modified_time\" content=\"2025-06-03T10:32:52+00:00\" \/>\n<meta name=\"twitter:card\" content=\"summary_large_image\" \/>\n<meta name=\"twitter:label1\" content=\"Gesch\u00e4tzte Lesezeit\" \/>\n\t<meta name=\"twitter:data1\" content=\"6\u00a0Minuten\" \/>\n<script type=\"application\/ld+json\" class=\"yoast-schema-graph\">{\"@context\":\"https:\\\/\\\/schema.org\",\"@graph\":[{\"@type\":\"WebPage\",\"@id\":\"https:\\\/\\\/ludwig-witzani.de\\\/zu-den-grossen-traeumen\\\/von-melbourne-zum-cape-tribulation-5000-kilometer-die-ostaustalische-kueste-entlang\\\/\",\"url\":\"https:\\\/\\\/ludwig-witzani.de\\\/zu-den-grossen-traeumen\\\/von-melbourne-zum-cape-tribulation-5000-kilometer-die-ostaustalische-kueste-entlang\\\/\",\"name\":\"Von Melbourne zum Cape Tribulation 5000 Kilometer die ostaustalische K\u00fcste entlang - Ludwig Witzani\",\"isPartOf\":{\"@id\":\"https:\\\/\\\/ludwig-witzani.de\\\/zu-den-grossen-traeumen\\\/#website\"},\"primaryImageOfPage\":{\"@id\":\"https:\\\/\\\/ludwig-witzani.de\\\/zu-den-grossen-traeumen\\\/von-melbourne-zum-cape-tribulation-5000-kilometer-die-ostaustalische-kueste-entlang\\\/#primaryimage\"},\"image\":{\"@id\":\"https:\\\/\\\/ludwig-witzani.de\\\/zu-den-grossen-traeumen\\\/von-melbourne-zum-cape-tribulation-5000-kilometer-die-ostaustalische-kueste-entlang\\\/#primaryimage\"},\"thumbnailUrl\":\"http:\\\/\\\/ludwig-witzani.de\\\/wp-content\\\/uploads\\\/2018\\\/12\\\/Route-Ostaustralien-2-900x506.jpg\",\"datePublished\":\"2018-12-20T12:15:55+00:00\",\"dateModified\":\"2025-06-03T10:32:52+00:00\",\"breadcrumb\":{\"@id\":\"https:\\\/\\\/ludwig-witzani.de\\\/zu-den-grossen-traeumen\\\/von-melbourne-zum-cape-tribulation-5000-kilometer-die-ostaustalische-kueste-entlang\\\/#breadcrumb\"},\"inLanguage\":\"de\",\"potentialAction\":[{\"@type\":\"ReadAction\",\"target\":[\"https:\\\/\\\/ludwig-witzani.de\\\/zu-den-grossen-traeumen\\\/von-melbourne-zum-cape-tribulation-5000-kilometer-die-ostaustalische-kueste-entlang\\\/\"]}]},{\"@type\":\"ImageObject\",\"inLanguage\":\"de\",\"@id\":\"https:\\\/\\\/ludwig-witzani.de\\\/zu-den-grossen-traeumen\\\/von-melbourne-zum-cape-tribulation-5000-kilometer-die-ostaustalische-kueste-entlang\\\/#primaryimage\",\"url\":\"http:\\\/\\\/ludwig-witzani.de\\\/wp-content\\\/uploads\\\/2018\\\/12\\\/Route-Ostaustralien-2-900x506.jpg\",\"contentUrl\":\"http:\\\/\\\/ludwig-witzani.de\\\/wp-content\\\/uploads\\\/2018\\\/12\\\/Route-Ostaustralien-2-900x506.jpg\"},{\"@type\":\"BreadcrumbList\",\"@id\":\"https:\\\/\\\/ludwig-witzani.de\\\/zu-den-grossen-traeumen\\\/von-melbourne-zum-cape-tribulation-5000-kilometer-die-ostaustalische-kueste-entlang\\\/#breadcrumb\",\"itemListElement\":[{\"@type\":\"ListItem\",\"position\":1,\"name\":\"Startseite\",\"item\":\"https:\\\/\\\/ludwig-witzani.de\\\/zu-den-grossen-traeumen\\\/\"},{\"@type\":\"ListItem\",\"position\":2,\"name\":\"Von Melbourne zum Cape Tribulation 5000 Kilometer die ostaustalische K\u00fcste entlang\"}]},{\"@type\":\"WebSite\",\"@id\":\"https:\\\/\\\/ludwig-witzani.de\\\/zu-den-grossen-traeumen\\\/#website\",\"url\":\"https:\\\/\\\/ludwig-witzani.de\\\/zu-den-grossen-traeumen\\\/\",\"name\":\"Ludwig Witzani\",\"description\":\"World Wide Travel\",\"potentialAction\":[{\"@type\":\"SearchAction\",\"target\":{\"@type\":\"EntryPoint\",\"urlTemplate\":\"https:\\\/\\\/ludwig-witzani.de\\\/zu-den-grossen-traeumen\\\/?s={search_term_string}\"},\"query-input\":{\"@type\":\"PropertyValueSpecification\",\"valueRequired\":true,\"valueName\":\"search_term_string\"}}],\"inLanguage\":\"de\"}]}<\/script>\n<!-- \/ Yoast SEO plugin. -->","yoast_head_json":{"title":"Von Melbourne zum Cape Tribulation 5000 Kilometer die ostaustalische K\u00fcste entlang - Ludwig Witzani","robots":{"index":"index","follow":"follow","max-snippet":"max-snippet:-1","max-image-preview":"max-image-preview:large","max-video-preview":"max-video-preview:-1"},"canonical":"https:\/\/ludwig-witzani.de\/zu-den-grossen-traeumen\/von-melbourne-zum-cape-tribulation-5000-kilometer-die-ostaustalische-kueste-entlang\/","og_locale":"de_DE","og_type":"article","og_title":"Von Melbourne zum Cape Tribulation 5000 Kilometer die ostaustalische K\u00fcste entlang - Ludwig Witzani","og_description":"&nbsp; Hinreise Wir w\u00e4hlten Qatar Airways, die zu sehr g\u00fcnstigen Reisezeiten (Abflug t\u00e4glich gegen 11 Uhr vormittags) einen Flug nach Doha anbietet (Ankunft in Doha 18.00 Uhr Ortszeit) . &nbsp;Wir empfehlen dringend in Doha (respektive in Dubai oder Singapur) eine Pause einzulegen. Wir haben das gemacht und sind erst am n\u00e4chsten Tag um 21.00 Uhr &hellip; Von Melbourne zum Cape Tribulation 5000 Kilometer die ostaustalische K\u00fcste entlang weiterlesen &rarr;","og_url":"https:\/\/ludwig-witzani.de\/zu-den-grossen-traeumen\/von-melbourne-zum-cape-tribulation-5000-kilometer-die-ostaustalische-kueste-entlang\/","og_site_name":"Ludwig Witzani","article_modified_time":"2025-06-03T10:32:52+00:00","twitter_card":"summary_large_image","twitter_misc":{"Gesch\u00e4tzte Lesezeit":"6\u00a0Minuten"},"schema":{"@context":"https:\/\/schema.org","@graph":[{"@type":"WebPage","@id":"https:\/\/ludwig-witzani.de\/zu-den-grossen-traeumen\/von-melbourne-zum-cape-tribulation-5000-kilometer-die-ostaustalische-kueste-entlang\/","url":"https:\/\/ludwig-witzani.de\/zu-den-grossen-traeumen\/von-melbourne-zum-cape-tribulation-5000-kilometer-die-ostaustalische-kueste-entlang\/","name":"Von Melbourne zum Cape Tribulation 5000 Kilometer die ostaustalische K\u00fcste entlang - Ludwig Witzani","isPartOf":{"@id":"https:\/\/ludwig-witzani.de\/zu-den-grossen-traeumen\/#website"},"primaryImageOfPage":{"@id":"https:\/\/ludwig-witzani.de\/zu-den-grossen-traeumen\/von-melbourne-zum-cape-tribulation-5000-kilometer-die-ostaustalische-kueste-entlang\/#primaryimage"},"image":{"@id":"https:\/\/ludwig-witzani.de\/zu-den-grossen-traeumen\/von-melbourne-zum-cape-tribulation-5000-kilometer-die-ostaustalische-kueste-entlang\/#primaryimage"},"thumbnailUrl":"http:\/\/ludwig-witzani.de\/wp-content\/uploads\/2018\/12\/Route-Ostaustralien-2-900x506.jpg","datePublished":"2018-12-20T12:15:55+00:00","dateModified":"2025-06-03T10:32:52+00:00","breadcrumb":{"@id":"https:\/\/ludwig-witzani.de\/zu-den-grossen-traeumen\/von-melbourne-zum-cape-tribulation-5000-kilometer-die-ostaustalische-kueste-entlang\/#breadcrumb"},"inLanguage":"de","potentialAction":[{"@type":"ReadAction","target":["https:\/\/ludwig-witzani.de\/zu-den-grossen-traeumen\/von-melbourne-zum-cape-tribulation-5000-kilometer-die-ostaustalische-kueste-entlang\/"]}]},{"@type":"ImageObject","inLanguage":"de","@id":"https:\/\/ludwig-witzani.de\/zu-den-grossen-traeumen\/von-melbourne-zum-cape-tribulation-5000-kilometer-die-ostaustalische-kueste-entlang\/#primaryimage","url":"http:\/\/ludwig-witzani.de\/wp-content\/uploads\/2018\/12\/Route-Ostaustralien-2-900x506.jpg","contentUrl":"http:\/\/ludwig-witzani.de\/wp-content\/uploads\/2018\/12\/Route-Ostaustralien-2-900x506.jpg"},{"@type":"BreadcrumbList","@id":"https:\/\/ludwig-witzani.de\/zu-den-grossen-traeumen\/von-melbourne-zum-cape-tribulation-5000-kilometer-die-ostaustalische-kueste-entlang\/#breadcrumb","itemListElement":[{"@type":"ListItem","position":1,"name":"Startseite","item":"https:\/\/ludwig-witzani.de\/zu-den-grossen-traeumen\/"},{"@type":"ListItem","position":2,"name":"Von Melbourne zum Cape Tribulation 5000 Kilometer die ostaustalische K\u00fcste entlang"}]},{"@type":"WebSite","@id":"https:\/\/ludwig-witzani.de\/zu-den-grossen-traeumen\/#website","url":"https:\/\/ludwig-witzani.de\/zu-den-grossen-traeumen\/","name":"Ludwig Witzani","description":"World Wide Travel","potentialAction":[{"@type":"SearchAction","target":{"@type":"EntryPoint","urlTemplate":"https:\/\/ludwig-witzani.de\/zu-den-grossen-traeumen\/?s={search_term_string}"},"query-input":{"@type":"PropertyValueSpecification","valueRequired":true,"valueName":"search_term_string"}}],"inLanguage":"de"}]}},"jetpack_shortlink":"https:\/\/wp.me\/P4daYo-1Lc","jetpack_sharing_enabled":true,"_links":{"self":[{"href":"https:\/\/ludwig-witzani.de\/zu-den-grossen-traeumen\/wp-json\/wp\/v2\/pages\/6770","targetHints":{"allow":["GET"]}}],"collection":[{"href":"https:\/\/ludwig-witzani.de\/zu-den-grossen-traeumen\/wp-json\/wp\/v2\/pages"}],"about":[{"href":"https:\/\/ludwig-witzani.de\/zu-den-grossen-traeumen\/wp-json\/wp\/v2\/types\/page"}],"author":[{"embeddable":true,"href":"https:\/\/ludwig-witzani.de\/zu-den-grossen-traeumen\/wp-json\/wp\/v2\/users\/2"}],"replies":[{"embeddable":true,"href":"https:\/\/ludwig-witzani.de\/zu-den-grossen-traeumen\/wp-json\/wp\/v2\/comments?post=6770"}],"version-history":[{"count":8,"href":"https:\/\/ludwig-witzani.de\/zu-den-grossen-traeumen\/wp-json\/wp\/v2\/pages\/6770\/revisions"}],"predecessor-version":[{"id":7184,"href":"https:\/\/ludwig-witzani.de\/zu-den-grossen-traeumen\/wp-json\/wp\/v2\/pages\/6770\/revisions\/7184"}],"wp:attachment":[{"href":"https:\/\/ludwig-witzani.de\/zu-den-grossen-traeumen\/wp-json\/wp\/v2\/media?parent=6770"}],"curies":[{"name":"wp","href":"https:\/\/api.w.org\/{rel}","templated":true}]}}