{"id":6370,"date":"2017-12-16T10:05:11","date_gmt":"2017-12-16T10:05:11","guid":{"rendered":"http:\/\/ludwig-witzani.de\/?page_id=6370"},"modified":"2025-08-25T05:53:14","modified_gmt":"2025-08-25T05:53:14","slug":"inhaltsverzeichnis-und-einleitung","status":"publish","type":"page","link":"https:\/\/ludwig-witzani.de\/zu-den-grossen-traeumen\/inhaltsverzeichnis-und-einleitung\/","title":{"rendered":"Inhaltsverzeichnis und Einleitung"},"content":{"rendered":"<p><img loading=\"lazy\" decoding=\"async\" class=\"aligncenter size-medium wp-image-6377\" src=\"http:\/\/ludwig-witzani.de\/wp-content\/uploads\/2017\/12\/Cover-Einzelb\u00e4nde-2-900x594.jpg\" alt=\"Cover Einzelb\u00e4nde\" width=\"900\" height=\"594\" srcset=\"https:\/\/ludwig-witzani.de\/wp-content\/uploads\/2017\/12\/Cover-Einzelb\u00e4nde-2-900x594.jpg 900w, https:\/\/ludwig-witzani.de\/wp-content\/uploads\/2017\/12\/Cover-Einzelb\u00e4nde-2-768x507.jpg 768w, https:\/\/ludwig-witzani.de\/wp-content\/uploads\/2017\/12\/Cover-Einzelb\u00e4nde-2.jpg 1200w\" sizes=\"auto, (max-width: 900px) 100vw, 900px\" \/><\/p>\n<p><strong>INHALTSVERZEICHNIS<br \/>\n<\/strong><\/p>\n<p>Einleitung &nbsp;9<\/p>\n<h3><strong>Zuviel Religion auf zu engem Raum \u2013 ISRAEL 12<\/strong><\/h3>\n<p>Keine Chance, den Rucksack abzustellen <em>Akko \u2013 Zefad \u2013 Tiberias \u2013 Nazareth 14<\/em><\/p>\n<p>\u201eBuy one Jesus and get one Paulus for free\u201c <em>Tage in Jerusalem 28<\/em><\/p>\n<p>Hass am Grab des Patriarchen <em>In Bethlehem und Hebron 54<\/em><\/p>\n<p>Die Reise zum Mosesberg <em>Durch den S\u00fcden Israels zum Sinai 59<\/em><\/p>\n<h3><em>&nbsp;<\/em><strong>Der absolute Orient &#8211; MAROKKO 76<\/strong><\/h3>\n<p>Kapuzenm\u00e4nner unterwegs &#8211; <em>Kulturschock&nbsp; zwischen Tanger und Essaouira&nbsp; 79<\/em><\/p>\n<p>Bienenhonig gegen Liebeskummer <em>Agadir und der Anti Atlas 91<\/em><\/p>\n<p>In der vierten Generation ist Schluss &#8211; <em>Kleiner Exkurs zur marokkanischen Geschichte 104<\/em><\/p>\n<p>In der roten Stadt &#8211; <em>Auf dem Weg nach Marrakesch 115<\/em><\/p>\n<p>Die Stra\u00dfe der Kasbahs &#8211; <em>Draa \u2013 Dades \u2013 Tafilalet 127<\/em><\/p>\n<p>Stress in der heiligen Stadt <em>Fes und der Norden 142<\/em><\/p>\n<h3><strong>Reise zu den R\u00e4ndern des Nichts &#8211; ALGERIEN 160<\/strong><\/h3>\n<p>Die W\u00fcste ruft &#8211; <em>\u00dcber das Mittelmeer und die Kabylei zur Sahara 163<\/em><\/p>\n<p>Ein Fleckchen Leben vor einer Mauer aus Sand &#8211; Der<em> Grand Erg Occidental 173<\/em><\/p>\n<p>Das steinerne Herz Afrikas <em>Im Hoggargebirge 197<\/em><\/p>\n<p>Sandsturm auf dem Satansplateau&nbsp; <em>Mit drei Zylindern durch das Weichsandfeld 212<\/em><\/p>\n<p>Die steigende Flut &#8211; <em>El Ghardaia, Timgrad und Constantine 222<\/em><\/p>\n<p>Nachtrag &#8211; <em>Der algerische B\u00fcrgerkrieg 234 <\/em><\/p>\n<h3><strong>Zwischen W\u00fcste und Meer &#8211; Tunesien<\/strong><em> 236<\/em><\/h3>\n<p>Minze Tee \u00fcber der Medina &#8211; <em>In der Casa Chaabane am Golf von Tunis 238<\/em><\/p>\n<p>Die Berber in der Tiefparterre &#8211; <em>Von Tunis nach Djerba 257<\/em><\/p>\n<p>Der Einfall der Banu Hillal &#8211; <em>Kleiner Versuch \u00fcber die Zuwanderung 272<\/em><\/p>\n<p>Nicht willkommen in der heiligen Stadt &#8211; <em>Am Rande der W\u00fcste und in Kaiouran 282<\/em><\/p>\n<p>Die Schichten der Erinnerung &#8211; <em>R\u00fcckblick auf die tunesische Reise 296<\/em><\/p>\n<h3><strong>&nbsp;Ein Konzentrat der Weltgeschichte &#8211; \u00c4GYPTEN&nbsp;<\/strong><\/h3>\n<p>Im Schatten der Jahrtausende &#8211; <em>Ankunft in Kairo 309<\/em><\/p>\n<p>Der verschwundene Kalif &#8211; <em>Ein Spaziergang durch Kairos Moscheen 316<\/em><\/p>\n<p>In \u00c4gypten kommt die H\u00f6flichkeit vor der Wahrheit &#8211; <em>Nildelta, Suez, Fayum 331 <\/em><\/p>\n<p><em>D<\/em>er gro\u00dfe Pharao &#8211; in der nubischen W\u00fcste&nbsp; <em>Reisen durch Ober\u00e4gypten 339<\/em><\/p>\n<h3><strong>Arabischer Fr\u00fchling\u2013 und was nun? Ein Nachwort&nbsp;<\/strong><\/h3>\n<p><strong>Anhang 362 <\/strong>Bebilderungsnachweise 363 &#8211; Literaturhinweise 364 \u00dcber den Autor 367<\/p>\n<p><strong>&nbsp;&nbsp;&nbsp;&nbsp;&nbsp;&nbsp;&nbsp; <\/strong><\/p>\n<p><strong>Einleitung <\/strong><\/p>\n<p>Nichts geschieht jenseits des Mittelmeeres, was Europa nichts angeht. Das war schon <img loading=\"lazy\" decoding=\"async\" class=\"wp-image-6371 alignright\" src=\"http:\/\/ludwig-witzani.de\/wp-content\/uploads\/2017\/12\/\u00c4gypten-2-08-536x800.jpg\" alt=\"\u00c4gypten 2 (08)\" width=\"185\" height=\"276\"\/>immer so gewesen, am Beginn geschichtlicher Zeiten ebenso wie heute.&nbsp; Einer der beiden Paukenschl\u00e4ge, mit denen die Menschheit vor f\u00fcnftausend Jahren die B\u00fchne der Geschichte betrat, ert\u00f6nte in \u00c4gypten. Christentum und Judentum, teilweise selbst der Islam, besitzen ihre Urspr\u00fcnge in Pal\u00e4stina. Und doch hat sich \u2013 wenn man den Sonderfall Israel einmal au\u00dfen vor l\u00e4sst \u2013 am s\u00fcdlichen Ufer des Mittelmeeres ein Zivilisation entwickelt, die in allen ihren wesentlichen Z\u00fcgen der europ\u00e4ischen diametral entgegengesetzt ist: in der unbedingten Ernsthaftigkeit der Religion, im Verh\u00e4ltnis der Geschlechter, in der Wertsch\u00e4tzung der Familie, im Ausma\u00df demokratischer Prozeduren und selbst in der Kunst. Nie war dieser Gegensatz so deutlich wie heute, wo sich der Islam nach einer erstaunlichen&nbsp; Revitalisierung einem religi\u00f6s&nbsp; ersch\u00f6pften Europa gegen\u00fcbersieht. So verbinden und trennen Europa mit dem nordafrikanischen Orient starke Bande der Gemeinsamkeit<strong>&nbsp; <\/strong>und der <strong>&nbsp;<\/strong>Unterschiedlichkeit zugleich &#8211; in jedem Land mit einem anderen Akzent und bis aufs \u00c4u\u00dferste zugespitzt in Israel, dem kleinen Land, in dem drei gro\u00dfe Weltreligionen aufeinanderprallen.<\/p>\n<p>Diese Vielfalt kann mit B\u00fcchern alleine nicht begriffen werden. Man muss sie sehen, man muss ihre&nbsp; Ger\u00e4usche h\u00f6ren, ihre Ger\u00fcche riechen und ihre Menschen kennenlernen, und auch dann geht die Gleichung nie ganz auf. Vieles bleibt,&nbsp; was nicht auf einen gemeinsamen Nenner zu bringen ist.<\/p>\n<p>Von einem gemeinsamen Nenner sind auch die Reisebilder dieses Buches weit entfernt, <img loading=\"lazy\" decoding=\"async\" class=\"wp-image-6372 alignright\" src=\"http:\/\/ludwig-witzani.de\/wp-content\/uploads\/2017\/12\/3-05.jpg\" alt=\"3 (05)\" width=\"182\" height=\"262\"\/>aber es soll trotzdem versucht werden, ein wenig von der Vielf\u00e4ltigkeit dieses Weltteiles lebendig werden zu lassen. Nicht objektiv, was unm\u00f6glich w\u00e4re, sondern gebrochen durch die Perspektive&nbsp; eines Reisenden, der sich auf eigene Faust aufmacht, diesen Teil der Welt zu begreifen. Dass dieses Begreifen und die daraus erwachsenden Urteile durch und durch subjektiv sind, braucht nicht eigens betont zu werden.<\/p>\n<p>Grundlage dieses Buches sind insgesamt acht Reisen, die ich im Laufe der Jahre&nbsp; zwischen Jerusalem und Marrakesch unternommen habe. So oft es m\u00f6glich war, habe ich versucht, die Unmittelbarkeit der Reiseerfahrung vor Ort, die sich in meinen Reisetageb\u00fcchern niederschlu,g in den Text zu \u00fcberf\u00fchren.&nbsp; Das bringt es mit sich, dass einige der Urteile, die in diesem Buch gef\u00e4llt werden, direkter daherkommen als in fr\u00fcheren B\u00fcchern. Vielleicht aber hat das auch damit zu tun, dass einem manchmal das als besonders fremd erscheint, was einem in Wahrheit sehr \u00e4hnlich ist.<\/p>\n","protected":false},"excerpt":{"rendered":"<p>INHALTSVERZEICHNIS Einleitung &nbsp;9 Zuviel Religion auf zu engem Raum \u2013 ISRAEL 12 Keine Chance, den Rucksack abzustellen Akko \u2013 Zefad \u2013 Tiberias \u2013 Nazareth 14 \u201eBuy one Jesus and get one Paulus for free\u201c Tage in Jerusalem 28 Hass am Grab des Patriarchen In Bethlehem und Hebron 54 Die Reise zum Mosesberg Durch den S\u00fcden &hellip; <a href=\"https:\/\/ludwig-witzani.de\/zu-den-grossen-traeumen\/inhaltsverzeichnis-und-einleitung\/\" class=\"more-link\"><span class=\"screen-reader-text\">Inhaltsverzeichnis und Einleitung<\/span> weiterlesen <span class=\"meta-nav\">&rarr;<\/span><\/a><\/p>\n","protected":false},"author":2,"featured_media":0,"parent":0,"menu_order":0,"comment_status":"open","ping_status":"closed","template":"","meta":{"ngg_post_thumbnail":0,"jetpack_post_was_ever_published":false,"footnotes":""},"class_list":["post-6370","page","type-page","status-publish","hentry"],"yoast_head":"<!-- This site is optimized with the Yoast SEO plugin v27.4 - https:\/\/yoast.com\/product\/yoast-seo-wordpress\/ -->\n<title>Inhaltsverzeichnis und Einleitung - Ludwig Witzani<\/title>\n<meta name=\"robots\" content=\"index, follow, max-snippet:-1, max-image-preview:large, max-video-preview:-1\" \/>\n<link rel=\"canonical\" href=\"https:\/\/ludwig-witzani.de\/zu-den-grossen-traeumen\/inhaltsverzeichnis-und-einleitung\/\" \/>\n<meta property=\"og:locale\" content=\"de_DE\" \/>\n<meta property=\"og:type\" content=\"article\" \/>\n<meta property=\"og:title\" content=\"Inhaltsverzeichnis und Einleitung - Ludwig Witzani\" \/>\n<meta property=\"og:description\" content=\"INHALTSVERZEICHNIS Einleitung &nbsp;9 Zuviel Religion auf zu engem Raum \u2013 ISRAEL 12 Keine Chance, den Rucksack abzustellen Akko \u2013 Zefad \u2013 Tiberias \u2013 Nazareth 14 \u201eBuy one Jesus and get one Paulus for free\u201c Tage in Jerusalem 28 Hass am Grab des Patriarchen In Bethlehem und Hebron 54 Die Reise zum Mosesberg Durch den S\u00fcden &hellip; Inhaltsverzeichnis und Einleitung weiterlesen &rarr;\" \/>\n<meta property=\"og:url\" content=\"https:\/\/ludwig-witzani.de\/zu-den-grossen-traeumen\/inhaltsverzeichnis-und-einleitung\/\" \/>\n<meta property=\"og:site_name\" content=\"Ludwig Witzani\" \/>\n<meta property=\"article:modified_time\" content=\"2025-08-25T05:53:14+00:00\" \/>\n<meta property=\"og:image\" content=\"http:\/\/ludwig-witzani.de\/wp-content\/uploads\/2017\/12\/3-05.jpg\" \/>\n<meta name=\"twitter:card\" content=\"summary_large_image\" \/>\n<meta name=\"twitter:label1\" content=\"Gesch\u00e4tzte Lesezeit\" \/>\n\t<meta name=\"twitter:data1\" content=\"5\u00a0Minuten\" \/>\n<script type=\"application\/ld+json\" class=\"yoast-schema-graph\">{\"@context\":\"https:\\\/\\\/schema.org\",\"@graph\":[{\"@type\":\"WebPage\",\"@id\":\"https:\\\/\\\/ludwig-witzani.de\\\/zu-den-grossen-traeumen\\\/inhaltsverzeichnis-und-einleitung\\\/\",\"url\":\"https:\\\/\\\/ludwig-witzani.de\\\/zu-den-grossen-traeumen\\\/inhaltsverzeichnis-und-einleitung\\\/\",\"name\":\"Inhaltsverzeichnis und Einleitung - Ludwig Witzani\",\"isPartOf\":{\"@id\":\"https:\\\/\\\/ludwig-witzani.de\\\/zu-den-grossen-traeumen\\\/#website\"},\"primaryImageOfPage\":{\"@id\":\"https:\\\/\\\/ludwig-witzani.de\\\/zu-den-grossen-traeumen\\\/inhaltsverzeichnis-und-einleitung\\\/#primaryimage\"},\"image\":{\"@id\":\"https:\\\/\\\/ludwig-witzani.de\\\/zu-den-grossen-traeumen\\\/inhaltsverzeichnis-und-einleitung\\\/#primaryimage\"},\"thumbnailUrl\":\"http:\\\/\\\/ludwig-witzani.de\\\/wp-content\\\/uploads\\\/2017\\\/12\\\/3-05.jpg\",\"datePublished\":\"2017-12-16T10:05:11+00:00\",\"dateModified\":\"2025-08-25T05:53:14+00:00\",\"breadcrumb\":{\"@id\":\"https:\\\/\\\/ludwig-witzani.de\\\/zu-den-grossen-traeumen\\\/inhaltsverzeichnis-und-einleitung\\\/#breadcrumb\"},\"inLanguage\":\"de\",\"potentialAction\":[{\"@type\":\"ReadAction\",\"target\":[\"https:\\\/\\\/ludwig-witzani.de\\\/zu-den-grossen-traeumen\\\/inhaltsverzeichnis-und-einleitung\\\/\"]}]},{\"@type\":\"ImageObject\",\"inLanguage\":\"de\",\"@id\":\"https:\\\/\\\/ludwig-witzani.de\\\/zu-den-grossen-traeumen\\\/inhaltsverzeichnis-und-einleitung\\\/#primaryimage\",\"url\":\"http:\\\/\\\/ludwig-witzani.de\\\/wp-content\\\/uploads\\\/2017\\\/12\\\/3-05.jpg\",\"contentUrl\":\"http:\\\/\\\/ludwig-witzani.de\\\/wp-content\\\/uploads\\\/2017\\\/12\\\/3-05.jpg\"},{\"@type\":\"BreadcrumbList\",\"@id\":\"https:\\\/\\\/ludwig-witzani.de\\\/zu-den-grossen-traeumen\\\/inhaltsverzeichnis-und-einleitung\\\/#breadcrumb\",\"itemListElement\":[{\"@type\":\"ListItem\",\"position\":1,\"name\":\"Startseite\",\"item\":\"https:\\\/\\\/ludwig-witzani.de\\\/zu-den-grossen-traeumen\\\/\"},{\"@type\":\"ListItem\",\"position\":2,\"name\":\"Inhaltsverzeichnis und Einleitung\"}]},{\"@type\":\"WebSite\",\"@id\":\"https:\\\/\\\/ludwig-witzani.de\\\/zu-den-grossen-traeumen\\\/#website\",\"url\":\"https:\\\/\\\/ludwig-witzani.de\\\/zu-den-grossen-traeumen\\\/\",\"name\":\"Ludwig Witzani\",\"description\":\"World Wide Travel\",\"potentialAction\":[{\"@type\":\"SearchAction\",\"target\":{\"@type\":\"EntryPoint\",\"urlTemplate\":\"https:\\\/\\\/ludwig-witzani.de\\\/zu-den-grossen-traeumen\\\/?s={search_term_string}\"},\"query-input\":{\"@type\":\"PropertyValueSpecification\",\"valueRequired\":true,\"valueName\":\"search_term_string\"}}],\"inLanguage\":\"de\"}]}<\/script>\n<!-- \/ Yoast SEO plugin. -->","yoast_head_json":{"title":"Inhaltsverzeichnis und Einleitung - Ludwig Witzani","robots":{"index":"index","follow":"follow","max-snippet":"max-snippet:-1","max-image-preview":"max-image-preview:large","max-video-preview":"max-video-preview:-1"},"canonical":"https:\/\/ludwig-witzani.de\/zu-den-grossen-traeumen\/inhaltsverzeichnis-und-einleitung\/","og_locale":"de_DE","og_type":"article","og_title":"Inhaltsverzeichnis und Einleitung - Ludwig Witzani","og_description":"INHALTSVERZEICHNIS Einleitung &nbsp;9 Zuviel Religion auf zu engem Raum \u2013 ISRAEL 12 Keine Chance, den Rucksack abzustellen Akko \u2013 Zefad \u2013 Tiberias \u2013 Nazareth 14 \u201eBuy one Jesus and get one Paulus for free\u201c Tage in Jerusalem 28 Hass am Grab des Patriarchen In Bethlehem und Hebron 54 Die Reise zum Mosesberg Durch den S\u00fcden &hellip; Inhaltsverzeichnis und Einleitung weiterlesen &rarr;","og_url":"https:\/\/ludwig-witzani.de\/zu-den-grossen-traeumen\/inhaltsverzeichnis-und-einleitung\/","og_site_name":"Ludwig Witzani","article_modified_time":"2025-08-25T05:53:14+00:00","og_image":[{"url":"http:\/\/ludwig-witzani.de\/wp-content\/uploads\/2017\/12\/3-05.jpg","type":"","width":"","height":""}],"twitter_card":"summary_large_image","twitter_misc":{"Gesch\u00e4tzte Lesezeit":"5\u00a0Minuten"},"schema":{"@context":"https:\/\/schema.org","@graph":[{"@type":"WebPage","@id":"https:\/\/ludwig-witzani.de\/zu-den-grossen-traeumen\/inhaltsverzeichnis-und-einleitung\/","url":"https:\/\/ludwig-witzani.de\/zu-den-grossen-traeumen\/inhaltsverzeichnis-und-einleitung\/","name":"Inhaltsverzeichnis und Einleitung - Ludwig Witzani","isPartOf":{"@id":"https:\/\/ludwig-witzani.de\/zu-den-grossen-traeumen\/#website"},"primaryImageOfPage":{"@id":"https:\/\/ludwig-witzani.de\/zu-den-grossen-traeumen\/inhaltsverzeichnis-und-einleitung\/#primaryimage"},"image":{"@id":"https:\/\/ludwig-witzani.de\/zu-den-grossen-traeumen\/inhaltsverzeichnis-und-einleitung\/#primaryimage"},"thumbnailUrl":"http:\/\/ludwig-witzani.de\/wp-content\/uploads\/2017\/12\/3-05.jpg","datePublished":"2017-12-16T10:05:11+00:00","dateModified":"2025-08-25T05:53:14+00:00","breadcrumb":{"@id":"https:\/\/ludwig-witzani.de\/zu-den-grossen-traeumen\/inhaltsverzeichnis-und-einleitung\/#breadcrumb"},"inLanguage":"de","potentialAction":[{"@type":"ReadAction","target":["https:\/\/ludwig-witzani.de\/zu-den-grossen-traeumen\/inhaltsverzeichnis-und-einleitung\/"]}]},{"@type":"ImageObject","inLanguage":"de","@id":"https:\/\/ludwig-witzani.de\/zu-den-grossen-traeumen\/inhaltsverzeichnis-und-einleitung\/#primaryimage","url":"http:\/\/ludwig-witzani.de\/wp-content\/uploads\/2017\/12\/3-05.jpg","contentUrl":"http:\/\/ludwig-witzani.de\/wp-content\/uploads\/2017\/12\/3-05.jpg"},{"@type":"BreadcrumbList","@id":"https:\/\/ludwig-witzani.de\/zu-den-grossen-traeumen\/inhaltsverzeichnis-und-einleitung\/#breadcrumb","itemListElement":[{"@type":"ListItem","position":1,"name":"Startseite","item":"https:\/\/ludwig-witzani.de\/zu-den-grossen-traeumen\/"},{"@type":"ListItem","position":2,"name":"Inhaltsverzeichnis und Einleitung"}]},{"@type":"WebSite","@id":"https:\/\/ludwig-witzani.de\/zu-den-grossen-traeumen\/#website","url":"https:\/\/ludwig-witzani.de\/zu-den-grossen-traeumen\/","name":"Ludwig Witzani","description":"World Wide Travel","potentialAction":[{"@type":"SearchAction","target":{"@type":"EntryPoint","urlTemplate":"https:\/\/ludwig-witzani.de\/zu-den-grossen-traeumen\/?s={search_term_string}"},"query-input":{"@type":"PropertyValueSpecification","valueRequired":true,"valueName":"search_term_string"}}],"inLanguage":"de"}]}},"jetpack_shortlink":"https:\/\/wp.me\/P4daYo-1EK","jetpack_sharing_enabled":true,"_links":{"self":[{"href":"https:\/\/ludwig-witzani.de\/zu-den-grossen-traeumen\/wp-json\/wp\/v2\/pages\/6370","targetHints":{"allow":["GET"]}}],"collection":[{"href":"https:\/\/ludwig-witzani.de\/zu-den-grossen-traeumen\/wp-json\/wp\/v2\/pages"}],"about":[{"href":"https:\/\/ludwig-witzani.de\/zu-den-grossen-traeumen\/wp-json\/wp\/v2\/types\/page"}],"author":[{"embeddable":true,"href":"https:\/\/ludwig-witzani.de\/zu-den-grossen-traeumen\/wp-json\/wp\/v2\/users\/2"}],"replies":[{"embeddable":true,"href":"https:\/\/ludwig-witzani.de\/zu-den-grossen-traeumen\/wp-json\/wp\/v2\/comments?post=6370"}],"version-history":[{"count":5,"href":"https:\/\/ludwig-witzani.de\/zu-den-grossen-traeumen\/wp-json\/wp\/v2\/pages\/6370\/revisions"}],"predecessor-version":[{"id":10774,"href":"https:\/\/ludwig-witzani.de\/zu-den-grossen-traeumen\/wp-json\/wp\/v2\/pages\/6370\/revisions\/10774"}],"wp:attachment":[{"href":"https:\/\/ludwig-witzani.de\/zu-den-grossen-traeumen\/wp-json\/wp\/v2\/media?parent=6370"}],"curies":[{"name":"wp","href":"https:\/\/api.w.org\/{rel}","templated":true}]}}