{"id":6367,"date":"2017-12-16T09:53:14","date_gmt":"2017-12-16T09:53:14","guid":{"rendered":"http:\/\/ludwig-witzani.de\/?page_id=6367"},"modified":"2025-08-25T06:02:53","modified_gmt":"2025-08-25T06:02:53","slug":"von-jerusalem-nach-marrakesch","status":"publish","type":"page","link":"https:\/\/ludwig-witzani.de\/zu-den-grossen-traeumen\/von-jerusalem-nach-marrakesch\/","title":{"rendered":"Von Jerusalem nach Marrakesch"},"content":{"rendered":"<p><img loading=\"lazy\" decoding=\"async\" class=\"wp-image-6368 alignleft\" src=\"http:\/\/ludwig-witzani.de\/wp-content\/uploads\/2017\/12\/09-Von-Jerusalem-nach-Marrakesch--521x800.jpg\" alt=\"09 Von Jerusalem nach Marrakesch\" width=\"279\" height=\"429\" srcset=\"https:\/\/ludwig-witzani.de\/wp-content\/uploads\/2017\/12\/09-Von-Jerusalem-nach-Marrakesch--521x800.jpg 521w, https:\/\/ludwig-witzani.de\/wp-content\/uploads\/2017\/12\/09-Von-Jerusalem-nach-Marrakesch--768x1179.jpg 768w, https:\/\/ludwig-witzani.de\/wp-content\/uploads\/2017\/12\/09-Von-Jerusalem-nach-Marrakesch--782x1200.jpg 782w, https:\/\/ludwig-witzani.de\/wp-content\/uploads\/2017\/12\/09-Von-Jerusalem-nach-Marrakesch-.jpg 1686w\" sizes=\"auto, (max-width: 279px) 100vw, 279px\" \/>Ein Sandsturm auf dem Satansplateau, eine Taxifahrt durch die libysche W\u00fcste nach Abu Simbel, ein Sonnenaufgang in der Klause von Pater Foucault im algerischen Hoggargebirge, ein Spaziergang durch das Gerberviertel von Fes und ein Zimmer in der arabischen Vorstadt von Jerusalem \u2013 das sind nur einige der abenteuerlichen Schaupl\u00e4tze des vorliegenden Buches. Auf insgesamt acht Reisen ist der Autor durch das Heiligen Land und Nordafrika gereist, getrieben von der Neugierde und belohnt durch Abenteuer und Gastfreundschaft in einer sich rasant wandelnden Region. Ein Buch f\u00fcr die Freunde des Fernwehs und Geschichte und f\u00fcr die Anh\u00e4nger der selbstorganisierten Erkundung der Welt &#8211; zugleich eine Standortbestimmung des Nahen Ostens in den Zeiten des Arabischen Fr\u00fchlings<\/p>\n<p>&nbsp;<\/p>\n<p>&nbsp;<\/p>\n<h3 style=\"text-align: center;\"><a href=\"http:\/\/ludwig-witzani.de\/inhaltsverzeichnis-und-einleitung\/\">Inhaltsverzeichnis und Einleitung<\/a><\/h3>\n<h3 style=\"text-align: center;\">Leseprobe:&nbsp; <a href=\"http:\/\/ludwig-witzani.de\/sandsturm-auf-dem-satansplateau\/\">Sandsturm auf dem Satansplateau<\/a><\/h3>\n<p style=\"text-align: center;\">&nbsp;400 Seiten, 125 Abbildungen, 18,95 Euro, erh\u00e4ltlich bei&nbsp;&nbsp;<a href=\"https:\/\/www.amazon.de\/-\/en\/Von-Jerusalem-nach-Marrakesch-Nordafrika\/dp\/381906799X\/ref=sr_1_2?crid=19G8I48414X03&amp;dib=eyJ2IjoiMSJ9.kqZV9qckfOqAV9eSPYm8LmsmIKJL8yioZWT6cwHifFMz1iEjKMwVMFCeh8T1PbfL8Ipcg4lNVsmbrO1D0UBEsyhDSWK-kCW55A5sWjbOTwYa6TqW16kSvOzlUuoKatQNUwZZXlwlmg-1vWuX5VnmwCXq-P6-yU_bDB4VjwHfMjdv9jEnB2zG41MFGz0HPmBjvAEuNrCLWtWLCXt_Xr-3_x5NVN7o-gAvFtFyIv09PBs.bEbu3ZjkkIBjuQEP1gQv3s0wtDUWsdZXvmp1hPE55ds&amp;dib_tag=se&amp;keywords=Ludwig+Witzani%3A+Von+Jerusalem+nach+Marrakesch&amp;qid=1756101294&amp;sprefix=ludwig+witzani+von+jerusalem+nach+marrakesch%2Caps%2C71&amp;sr=8-2\">AMAZON&nbsp;<\/a><\/p>\n<p style=\"text-align: center;\"><img loading=\"lazy\" decoding=\"async\" class=\"aligncenter size-full wp-image-10777\" src=\"https:\/\/ludwig-witzani.de\/wp-content\/uploads\/2025\/08\/Aegypten-1-04.jpg\" alt=\"\" width=\"805\" height=\"511\" srcset=\"https:\/\/ludwig-witzani.de\/wp-content\/uploads\/2025\/08\/Aegypten-1-04.jpg 805w, https:\/\/ludwig-witzani.de\/wp-content\/uploads\/2025\/08\/Aegypten-1-04-768x488.jpg 768w\" sizes=\"auto, (max-width: 805px) 100vw, 805px\" \/><\/p>\n","protected":false},"excerpt":{"rendered":"<p>Ein Sandsturm auf dem Satansplateau, eine Taxifahrt durch die libysche W\u00fcste nach Abu Simbel, ein Sonnenaufgang in der Klause von Pater Foucault im algerischen Hoggargebirge, ein Spaziergang durch das Gerberviertel von Fes und ein Zimmer in der arabischen Vorstadt von Jerusalem \u2013 das sind nur einige der abenteuerlichen Schaupl\u00e4tze des vorliegenden Buches. Auf insgesamt acht &hellip; <a href=\"https:\/\/ludwig-witzani.de\/zu-den-grossen-traeumen\/von-jerusalem-nach-marrakesch\/\" class=\"more-link\"><span class=\"screen-reader-text\">Von Jerusalem nach Marrakesch<\/span> weiterlesen <span class=\"meta-nav\">&rarr;<\/span><\/a><\/p>\n","protected":false},"author":2,"featured_media":0,"parent":0,"menu_order":0,"comment_status":"closed","ping_status":"closed","template":"","meta":{"ngg_post_thumbnail":0,"jetpack_post_was_ever_published":false,"footnotes":""},"class_list":["post-6367","page","type-page","status-publish","hentry"],"yoast_head":"<!-- This site is optimized with the Yoast SEO plugin v27.4 - https:\/\/yoast.com\/product\/yoast-seo-wordpress\/ -->\n<title>Von Jerusalem nach Marrakesch - Ludwig Witzani<\/title>\n<meta name=\"description\" content=\"Auf acht ausgedehnten Reisen hat der Autor Nordafrika und Israel im Zeitraum von 25 Jahren bereist. Er erkundete nicht nur Jerusalem, Kairo, Tunis, Fes, Marrakesch und weite Teile der Sahara sondern wurde Zeuge einer tiefgreifenden islamischen Revitalisierung, die ihren Schatten auch \u00fcber Europa wirft.\" \/>\n<meta name=\"robots\" content=\"index, follow, max-snippet:-1, max-image-preview:large, max-video-preview:-1\" \/>\n<link rel=\"canonical\" href=\"https:\/\/ludwig-witzani.de\/zu-den-grossen-traeumen\/von-jerusalem-nach-marrakesch\/\" \/>\n<meta property=\"og:locale\" content=\"de_DE\" \/>\n<meta property=\"og:type\" content=\"article\" \/>\n<meta property=\"og:title\" content=\"Von Jerusalem nach Marrakesch - Ludwig Witzani\" \/>\n<meta property=\"og:description\" content=\"Auf acht ausgedehnten Reisen hat der Autor Nordafrika und Israel im Zeitraum von 25 Jahren bereist. Er erkundete nicht nur Jerusalem, Kairo, Tunis, Fes, Marrakesch und weite Teile der Sahara sondern wurde Zeuge einer tiefgreifenden islamischen Revitalisierung, die ihren Schatten auch \u00fcber Europa wirft.\" \/>\n<meta property=\"og:url\" content=\"https:\/\/ludwig-witzani.de\/zu-den-grossen-traeumen\/von-jerusalem-nach-marrakesch\/\" \/>\n<meta property=\"og:site_name\" content=\"Ludwig Witzani\" \/>\n<meta property=\"article:modified_time\" content=\"2025-08-25T06:02:53+00:00\" \/>\n<meta property=\"og:image\" content=\"https:\/\/ludwig-witzani.de\/wp-content\/uploads\/2017\/12\/09-Von-Jerusalem-nach-Marrakesch-.jpg\" \/>\n\t<meta property=\"og:image:width\" content=\"1686\" \/>\n\t<meta property=\"og:image:height\" content=\"2588\" \/>\n\t<meta property=\"og:image:type\" content=\"image\/jpeg\" \/>\n<meta name=\"twitter:card\" content=\"summary_large_image\" \/>\n<meta name=\"twitter:label1\" content=\"Gesch\u00e4tzte Lesezeit\" \/>\n\t<meta name=\"twitter:data1\" content=\"2\u00a0Minuten\" \/>\n<script type=\"application\/ld+json\" class=\"yoast-schema-graph\">{\"@context\":\"https:\\\/\\\/schema.org\",\"@graph\":[{\"@type\":\"WebPage\",\"@id\":\"https:\\\/\\\/ludwig-witzani.de\\\/zu-den-grossen-traeumen\\\/von-jerusalem-nach-marrakesch\\\/\",\"url\":\"https:\\\/\\\/ludwig-witzani.de\\\/zu-den-grossen-traeumen\\\/von-jerusalem-nach-marrakesch\\\/\",\"name\":\"Von Jerusalem nach Marrakesch - Ludwig Witzani\",\"isPartOf\":{\"@id\":\"https:\\\/\\\/ludwig-witzani.de\\\/zu-den-grossen-traeumen\\\/#website\"},\"primaryImageOfPage\":{\"@id\":\"https:\\\/\\\/ludwig-witzani.de\\\/zu-den-grossen-traeumen\\\/von-jerusalem-nach-marrakesch\\\/#primaryimage\"},\"image\":{\"@id\":\"https:\\\/\\\/ludwig-witzani.de\\\/zu-den-grossen-traeumen\\\/von-jerusalem-nach-marrakesch\\\/#primaryimage\"},\"thumbnailUrl\":\"http:\\\/\\\/ludwig-witzani.de\\\/wp-content\\\/uploads\\\/2017\\\/12\\\/09-Von-Jerusalem-nach-Marrakesch--521x800.jpg\",\"datePublished\":\"2017-12-16T09:53:14+00:00\",\"dateModified\":\"2025-08-25T06:02:53+00:00\",\"description\":\"Auf acht ausgedehnten Reisen hat der Autor Nordafrika und Israel im Zeitraum von 25 Jahren bereist. Er erkundete nicht nur Jerusalem, Kairo, Tunis, Fes, Marrakesch und weite Teile der Sahara sondern wurde Zeuge einer tiefgreifenden islamischen Revitalisierung, die ihren Schatten auch \u00fcber Europa wirft.\",\"breadcrumb\":{\"@id\":\"https:\\\/\\\/ludwig-witzani.de\\\/zu-den-grossen-traeumen\\\/von-jerusalem-nach-marrakesch\\\/#breadcrumb\"},\"inLanguage\":\"de\",\"potentialAction\":[{\"@type\":\"ReadAction\",\"target\":[\"https:\\\/\\\/ludwig-witzani.de\\\/zu-den-grossen-traeumen\\\/von-jerusalem-nach-marrakesch\\\/\"]}]},{\"@type\":\"ImageObject\",\"inLanguage\":\"de\",\"@id\":\"https:\\\/\\\/ludwig-witzani.de\\\/zu-den-grossen-traeumen\\\/von-jerusalem-nach-marrakesch\\\/#primaryimage\",\"url\":\"http:\\\/\\\/ludwig-witzani.de\\\/wp-content\\\/uploads\\\/2017\\\/12\\\/09-Von-Jerusalem-nach-Marrakesch--521x800.jpg\",\"contentUrl\":\"http:\\\/\\\/ludwig-witzani.de\\\/wp-content\\\/uploads\\\/2017\\\/12\\\/09-Von-Jerusalem-nach-Marrakesch--521x800.jpg\"},{\"@type\":\"BreadcrumbList\",\"@id\":\"https:\\\/\\\/ludwig-witzani.de\\\/zu-den-grossen-traeumen\\\/von-jerusalem-nach-marrakesch\\\/#breadcrumb\",\"itemListElement\":[{\"@type\":\"ListItem\",\"position\":1,\"name\":\"Startseite\",\"item\":\"https:\\\/\\\/ludwig-witzani.de\\\/zu-den-grossen-traeumen\\\/\"},{\"@type\":\"ListItem\",\"position\":2,\"name\":\"Von Jerusalem nach Marrakesch\"}]},{\"@type\":\"WebSite\",\"@id\":\"https:\\\/\\\/ludwig-witzani.de\\\/zu-den-grossen-traeumen\\\/#website\",\"url\":\"https:\\\/\\\/ludwig-witzani.de\\\/zu-den-grossen-traeumen\\\/\",\"name\":\"Ludwig Witzani\",\"description\":\"World Wide Travel\",\"potentialAction\":[{\"@type\":\"SearchAction\",\"target\":{\"@type\":\"EntryPoint\",\"urlTemplate\":\"https:\\\/\\\/ludwig-witzani.de\\\/zu-den-grossen-traeumen\\\/?s={search_term_string}\"},\"query-input\":{\"@type\":\"PropertyValueSpecification\",\"valueRequired\":true,\"valueName\":\"search_term_string\"}}],\"inLanguage\":\"de\"}]}<\/script>\n<!-- \/ Yoast SEO plugin. -->","yoast_head_json":{"title":"Von Jerusalem nach Marrakesch - Ludwig Witzani","description":"Auf acht ausgedehnten Reisen hat der Autor Nordafrika und Israel im Zeitraum von 25 Jahren bereist. Er erkundete nicht nur Jerusalem, Kairo, Tunis, Fes, Marrakesch und weite Teile der Sahara sondern wurde Zeuge einer tiefgreifenden islamischen Revitalisierung, die ihren Schatten auch \u00fcber Europa wirft.","robots":{"index":"index","follow":"follow","max-snippet":"max-snippet:-1","max-image-preview":"max-image-preview:large","max-video-preview":"max-video-preview:-1"},"canonical":"https:\/\/ludwig-witzani.de\/zu-den-grossen-traeumen\/von-jerusalem-nach-marrakesch\/","og_locale":"de_DE","og_type":"article","og_title":"Von Jerusalem nach Marrakesch - Ludwig Witzani","og_description":"Auf acht ausgedehnten Reisen hat der Autor Nordafrika und Israel im Zeitraum von 25 Jahren bereist. Er erkundete nicht nur Jerusalem, Kairo, Tunis, Fes, Marrakesch und weite Teile der Sahara sondern wurde Zeuge einer tiefgreifenden islamischen Revitalisierung, die ihren Schatten auch \u00fcber Europa wirft.","og_url":"https:\/\/ludwig-witzani.de\/zu-den-grossen-traeumen\/von-jerusalem-nach-marrakesch\/","og_site_name":"Ludwig Witzani","article_modified_time":"2025-08-25T06:02:53+00:00","og_image":[{"width":1686,"height":2588,"url":"https:\/\/ludwig-witzani.de\/wp-content\/uploads\/2017\/12\/09-Von-Jerusalem-nach-Marrakesch-.jpg","type":"image\/jpeg"}],"twitter_card":"summary_large_image","twitter_misc":{"Gesch\u00e4tzte Lesezeit":"2\u00a0Minuten"},"schema":{"@context":"https:\/\/schema.org","@graph":[{"@type":"WebPage","@id":"https:\/\/ludwig-witzani.de\/zu-den-grossen-traeumen\/von-jerusalem-nach-marrakesch\/","url":"https:\/\/ludwig-witzani.de\/zu-den-grossen-traeumen\/von-jerusalem-nach-marrakesch\/","name":"Von Jerusalem nach Marrakesch - Ludwig Witzani","isPartOf":{"@id":"https:\/\/ludwig-witzani.de\/zu-den-grossen-traeumen\/#website"},"primaryImageOfPage":{"@id":"https:\/\/ludwig-witzani.de\/zu-den-grossen-traeumen\/von-jerusalem-nach-marrakesch\/#primaryimage"},"image":{"@id":"https:\/\/ludwig-witzani.de\/zu-den-grossen-traeumen\/von-jerusalem-nach-marrakesch\/#primaryimage"},"thumbnailUrl":"http:\/\/ludwig-witzani.de\/wp-content\/uploads\/2017\/12\/09-Von-Jerusalem-nach-Marrakesch--521x800.jpg","datePublished":"2017-12-16T09:53:14+00:00","dateModified":"2025-08-25T06:02:53+00:00","description":"Auf acht ausgedehnten Reisen hat der Autor Nordafrika und Israel im Zeitraum von 25 Jahren bereist. Er erkundete nicht nur Jerusalem, Kairo, Tunis, Fes, Marrakesch und weite Teile der Sahara sondern wurde Zeuge einer tiefgreifenden islamischen Revitalisierung, die ihren Schatten auch \u00fcber Europa wirft.","breadcrumb":{"@id":"https:\/\/ludwig-witzani.de\/zu-den-grossen-traeumen\/von-jerusalem-nach-marrakesch\/#breadcrumb"},"inLanguage":"de","potentialAction":[{"@type":"ReadAction","target":["https:\/\/ludwig-witzani.de\/zu-den-grossen-traeumen\/von-jerusalem-nach-marrakesch\/"]}]},{"@type":"ImageObject","inLanguage":"de","@id":"https:\/\/ludwig-witzani.de\/zu-den-grossen-traeumen\/von-jerusalem-nach-marrakesch\/#primaryimage","url":"http:\/\/ludwig-witzani.de\/wp-content\/uploads\/2017\/12\/09-Von-Jerusalem-nach-Marrakesch--521x800.jpg","contentUrl":"http:\/\/ludwig-witzani.de\/wp-content\/uploads\/2017\/12\/09-Von-Jerusalem-nach-Marrakesch--521x800.jpg"},{"@type":"BreadcrumbList","@id":"https:\/\/ludwig-witzani.de\/zu-den-grossen-traeumen\/von-jerusalem-nach-marrakesch\/#breadcrumb","itemListElement":[{"@type":"ListItem","position":1,"name":"Startseite","item":"https:\/\/ludwig-witzani.de\/zu-den-grossen-traeumen\/"},{"@type":"ListItem","position":2,"name":"Von Jerusalem nach Marrakesch"}]},{"@type":"WebSite","@id":"https:\/\/ludwig-witzani.de\/zu-den-grossen-traeumen\/#website","url":"https:\/\/ludwig-witzani.de\/zu-den-grossen-traeumen\/","name":"Ludwig Witzani","description":"World Wide Travel","potentialAction":[{"@type":"SearchAction","target":{"@type":"EntryPoint","urlTemplate":"https:\/\/ludwig-witzani.de\/zu-den-grossen-traeumen\/?s={search_term_string}"},"query-input":{"@type":"PropertyValueSpecification","valueRequired":true,"valueName":"search_term_string"}}],"inLanguage":"de"}]}},"jetpack_shortlink":"https:\/\/wp.me\/P4daYo-1EH","jetpack_sharing_enabled":true,"_links":{"self":[{"href":"https:\/\/ludwig-witzani.de\/zu-den-grossen-traeumen\/wp-json\/wp\/v2\/pages\/6367","targetHints":{"allow":["GET"]}}],"collection":[{"href":"https:\/\/ludwig-witzani.de\/zu-den-grossen-traeumen\/wp-json\/wp\/v2\/pages"}],"about":[{"href":"https:\/\/ludwig-witzani.de\/zu-den-grossen-traeumen\/wp-json\/wp\/v2\/types\/page"}],"author":[{"embeddable":true,"href":"https:\/\/ludwig-witzani.de\/zu-den-grossen-traeumen\/wp-json\/wp\/v2\/users\/2"}],"replies":[{"embeddable":true,"href":"https:\/\/ludwig-witzani.de\/zu-den-grossen-traeumen\/wp-json\/wp\/v2\/comments?post=6367"}],"version-history":[{"count":17,"href":"https:\/\/ludwig-witzani.de\/zu-den-grossen-traeumen\/wp-json\/wp\/v2\/pages\/6367\/revisions"}],"predecessor-version":[{"id":10779,"href":"https:\/\/ludwig-witzani.de\/zu-den-grossen-traeumen\/wp-json\/wp\/v2\/pages\/6367\/revisions\/10779"}],"wp:attachment":[{"href":"https:\/\/ludwig-witzani.de\/zu-den-grossen-traeumen\/wp-json\/wp\/v2\/media?parent=6367"}],"curies":[{"name":"wp","href":"https:\/\/api.w.org\/{rel}","templated":true}]}}