{"id":5977,"date":"2016-12-30T12:23:04","date_gmt":"2016-12-30T12:23:04","guid":{"rendered":"http:\/\/ludwig-witzani.de\/?page_id=5977"},"modified":"2025-06-03T10:32:52","modified_gmt":"2025-06-03T10:32:52","slug":"stampeders-country-reisen-durch-alaska-und-das-yukon-denali","status":"publish","type":"page","link":"https:\/\/ludwig-witzani.de\/zu-den-grossen-traeumen\/buecher\/stampeders-country-reisen-durch-alaska-und-das-yukon-denali\/","title":{"rendered":"Stampeders\u00b4Country. Reisen durch Alaska und das Yukon Territorium"},"content":{"rendered":"<p><img loading=\"lazy\" decoding=\"async\" class=\"wp-image-5973 aligncenter\" src=\"http:\/\/ludwig-witzani.de\/wp-content\/uploads\/2016\/12\/a-01-Kopie-526x800.jpg\" alt=\"a (01) - Kopie\" width=\"388\" height=\"590\" srcset=\"https:\/\/ludwig-witzani.de\/wp-content\/uploads\/2016\/12\/a-01-Kopie-526x800.jpg 526w, https:\/\/ludwig-witzani.de\/wp-content\/uploads\/2016\/12\/a-01-Kopie-768x1168.jpg 768w, https:\/\/ludwig-witzani.de\/wp-content\/uploads\/2016\/12\/a-01-Kopie-789x1200.jpg 789w, https:\/\/ludwig-witzani.de\/wp-content\/uploads\/2016\/12\/a-01-Kopie.jpg 1973w\" sizes=\"auto, (max-width: 388px) 100vw, 388px\" \/><\/p>\n<p style=\"text-align: center;\">(&#8222;Weltreisen&#8220; Band VII)<\/p>\n<p>Alaska und das Yukon Territorium geh\u00f6ren zu den gro\u00dfen Reisetr\u00e4umen der Erde. Doch sie geh\u00f6ren auch zu den Regionen, die sich dem Fremden nicht ohne weiteres erschlie\u00dfen. Die Natur ist rauh, die Stra\u00dfen sind rar, und das Wetter h\u00e4lt immer eine \u00dcberraschung bereit. Ludwig Witzani und Wolfgang Stoffel versuchen sich dem Gro\u00dfen Norden auf einer selbstorganisierten Reise im Campermpobil zu n\u00e4hern. Ihre Reise beginnt in Anchorage, dem ungeliebten &#8222;Tor nach Alaska&#8220; und f\u00fchrt \u00fcber den Denali Park nach Fairbanks und Eagle am Yukon, dann tausend Kilometer weiter s\u00fcdlich durch das Yukon Territorium vorbei an Dawson und Whitehorse bis nach Skagway am Pazifik. \u00dcber den Alaska Highway geht es wieder zur\u00fcck nach Norden \u00fcber Haines, Kluane und den Wrangel Mountains bis nach Valdez am Prince William Sound. Die gro\u00dfe Rundreise endet in Kenai, dem zauberhaften Klein-Alaska vor der Haust\u00fcre von Anchorage. Begleitet werden die Reisenden von Regen und Sturm, von Karibus, B\u00e4ren, Dallschafen, Elchen und leider auch von jeder Menge M\u00fccken, vor denen es kein Entkommen zu geben scheint &#8211; aber auch von Erinnerungen an die Geschichte des Nordens und seiner Menschen, an Gl\u00fcckssucher, Helden, M\u00f6rder und Poeten&#8230;<\/p>\n<p><em><a href=\"http:\/\/ludwig-witzani.de\/leseprobe-1-alaska\/\">Leseprobe: Ankunft in Anchorage<\/a><\/em><\/p>\n<p><a href=\"ttps:\/\/www.amazon.de\/Weltreisen-Stampeders-Country-Ludwig-Witzani\/dp\/3741885606\/ref=sr_1_2?ie=UTF8&amp;qid=1494915750&amp;sr=8-2&amp;keywords=witzani+stampeders+country\"><strong>Taschenbuchausgabe &#8211; epubli Verlag Berlin 2017, 290<\/strong><strong> Seiten, <\/strong><strong>11,95&nbsp;<\/strong><\/a><\/p>\n<p><a href=\"https:\/\/www.amazon.de\/Stampeders-Country-Reisen-durch-Alaska-Territorium-ebook\/dp\/B0711HBJHW\/ref=sr_1_1?ie=UTF8&amp;qid=1494915187&amp;sr=8-1&amp;keywords=Witzani+stampeders+Country\">Auch erh\u00e4ltlich als EBOOK bei amazon oder im ITunes Store,&nbsp; 3,99 Euro<\/a><\/p>\n<p>&nbsp;<\/p>\n<p>&nbsp;<\/p>\n<p>&nbsp;<\/p>\n<p>&nbsp;<\/p>\n<p>&nbsp;<\/p>\n","protected":false},"excerpt":{"rendered":"<p>(&#8222;Weltreisen&#8220; Band VII) Alaska und das Yukon Territorium geh\u00f6ren zu den gro\u00dfen Reisetr\u00e4umen der Erde. Doch sie geh\u00f6ren auch zu den Regionen, die sich dem Fremden nicht ohne weiteres erschlie\u00dfen. Die Natur ist rauh, die Stra\u00dfen sind rar, und das Wetter h\u00e4lt immer eine \u00dcberraschung bereit. Ludwig Witzani und Wolfgang Stoffel versuchen sich dem Gro\u00dfen &hellip; <a href=\"https:\/\/ludwig-witzani.de\/zu-den-grossen-traeumen\/buecher\/stampeders-country-reisen-durch-alaska-und-das-yukon-denali\/\" class=\"more-link\"><span class=\"screen-reader-text\">Stampeders\u00b4Country. Reisen durch Alaska und das Yukon Territorium<\/span> weiterlesen <span class=\"meta-nav\">&rarr;<\/span><\/a><\/p>\n","protected":false},"author":2,"featured_media":0,"parent":11,"menu_order":0,"comment_status":"closed","ping_status":"closed","template":"","meta":{"ngg_post_thumbnail":0,"jetpack_post_was_ever_published":false,"footnotes":""},"class_list":["post-5977","page","type-page","status-publish","hentry"],"yoast_head":"<!-- This site is optimized with the Yoast SEO plugin v27.4 - https:\/\/yoast.com\/product\/yoast-seo-wordpress\/ -->\n<title>Stampeders\u00b4Country. Reisen durch Alaska und das Yukon Territorium - Ludwig Witzani<\/title>\n<meta name=\"description\" content=\"Ein Wohnmobilreise von Anchorage nach Denali, und Fairbanks bis zum Yukon, dann s\u00fcdwestlich \u00fcber den Klondike Highway nach Dawson City, Whitehorse und Skagway und \u00fcber den Alaska Highway zur\u00fcck zur Halbinsel Kenai bis nach Anchorage\" \/>\n<meta name=\"robots\" content=\"index, follow, max-snippet:-1, max-image-preview:large, max-video-preview:-1\" \/>\n<link rel=\"canonical\" href=\"https:\/\/ludwig-witzani.de\/zu-den-grossen-traeumen\/buecher\/stampeders-country-reisen-durch-alaska-und-das-yukon-denali\/\" \/>\n<meta property=\"og:locale\" content=\"de_DE\" \/>\n<meta property=\"og:type\" content=\"article\" \/>\n<meta property=\"og:title\" content=\"Stampeders\u00b4Country. Reisen durch Alaska und das Yukon Territorium - Ludwig Witzani\" \/>\n<meta property=\"og:description\" content=\"Ein Wohnmobilreise von Anchorage nach Denali, und Fairbanks bis zum Yukon, dann s\u00fcdwestlich \u00fcber den Klondike Highway nach Dawson City, Whitehorse und Skagway und \u00fcber den Alaska Highway zur\u00fcck zur Halbinsel Kenai bis nach Anchorage\" \/>\n<meta property=\"og:url\" content=\"https:\/\/ludwig-witzani.de\/zu-den-grossen-traeumen\/buecher\/stampeders-country-reisen-durch-alaska-und-das-yukon-denali\/\" \/>\n<meta property=\"og:site_name\" content=\"Ludwig Witzani\" \/>\n<meta property=\"article:modified_time\" content=\"2025-06-03T10:32:52+00:00\" \/>\n<meta property=\"og:image\" content=\"https:\/\/ludwig-witzani.de\/wp-content\/uploads\/2016\/12\/a-01-Kopie.jpg\" \/>\n\t<meta property=\"og:image:width\" content=\"1973\" \/>\n\t<meta property=\"og:image:height\" content=\"3000\" \/>\n\t<meta property=\"og:image:type\" content=\"image\/jpeg\" \/>\n<meta name=\"twitter:card\" content=\"summary_large_image\" \/>\n<meta name=\"twitter:label1\" content=\"Gesch\u00e4tzte Lesezeit\" \/>\n\t<meta name=\"twitter:data1\" content=\"2\u00a0Minuten\" \/>\n<script type=\"application\/ld+json\" class=\"yoast-schema-graph\">{\"@context\":\"https:\\\/\\\/schema.org\",\"@graph\":[{\"@type\":\"WebPage\",\"@id\":\"https:\\\/\\\/ludwig-witzani.de\\\/zu-den-grossen-traeumen\\\/buecher\\\/stampeders-country-reisen-durch-alaska-und-das-yukon-denali\\\/\",\"url\":\"https:\\\/\\\/ludwig-witzani.de\\\/zu-den-grossen-traeumen\\\/buecher\\\/stampeders-country-reisen-durch-alaska-und-das-yukon-denali\\\/\",\"name\":\"Stampeders\u00b4Country. Reisen durch Alaska und das Yukon Territorium - Ludwig Witzani\",\"isPartOf\":{\"@id\":\"https:\\\/\\\/ludwig-witzani.de\\\/zu-den-grossen-traeumen\\\/#website\"},\"primaryImageOfPage\":{\"@id\":\"https:\\\/\\\/ludwig-witzani.de\\\/zu-den-grossen-traeumen\\\/buecher\\\/stampeders-country-reisen-durch-alaska-und-das-yukon-denali\\\/#primaryimage\"},\"image\":{\"@id\":\"https:\\\/\\\/ludwig-witzani.de\\\/zu-den-grossen-traeumen\\\/buecher\\\/stampeders-country-reisen-durch-alaska-und-das-yukon-denali\\\/#primaryimage\"},\"thumbnailUrl\":\"http:\\\/\\\/ludwig-witzani.de\\\/wp-content\\\/uploads\\\/2016\\\/12\\\/a-01-Kopie-526x800.jpg\",\"datePublished\":\"2016-12-30T12:23:04+00:00\",\"dateModified\":\"2025-06-03T10:32:52+00:00\",\"description\":\"Ein Wohnmobilreise von Anchorage nach Denali, und Fairbanks bis zum Yukon, dann s\u00fcdwestlich \u00fcber den Klondike Highway nach Dawson City, Whitehorse und Skagway und \u00fcber den Alaska Highway zur\u00fcck zur Halbinsel Kenai bis nach Anchorage\",\"breadcrumb\":{\"@id\":\"https:\\\/\\\/ludwig-witzani.de\\\/zu-den-grossen-traeumen\\\/buecher\\\/stampeders-country-reisen-durch-alaska-und-das-yukon-denali\\\/#breadcrumb\"},\"inLanguage\":\"de\",\"potentialAction\":[{\"@type\":\"ReadAction\",\"target\":[\"https:\\\/\\\/ludwig-witzani.de\\\/zu-den-grossen-traeumen\\\/buecher\\\/stampeders-country-reisen-durch-alaska-und-das-yukon-denali\\\/\"]}]},{\"@type\":\"ImageObject\",\"inLanguage\":\"de\",\"@id\":\"https:\\\/\\\/ludwig-witzani.de\\\/zu-den-grossen-traeumen\\\/buecher\\\/stampeders-country-reisen-durch-alaska-und-das-yukon-denali\\\/#primaryimage\",\"url\":\"http:\\\/\\\/ludwig-witzani.de\\\/wp-content\\\/uploads\\\/2016\\\/12\\\/a-01-Kopie-526x800.jpg\",\"contentUrl\":\"http:\\\/\\\/ludwig-witzani.de\\\/wp-content\\\/uploads\\\/2016\\\/12\\\/a-01-Kopie-526x800.jpg\"},{\"@type\":\"BreadcrumbList\",\"@id\":\"https:\\\/\\\/ludwig-witzani.de\\\/zu-den-grossen-traeumen\\\/buecher\\\/stampeders-country-reisen-durch-alaska-und-das-yukon-denali\\\/#breadcrumb\",\"itemListElement\":[{\"@type\":\"ListItem\",\"position\":1,\"name\":\"Startseite\",\"item\":\"https:\\\/\\\/ludwig-witzani.de\\\/zu-den-grossen-traeumen\\\/\"},{\"@type\":\"ListItem\",\"position\":2,\"name\":\"Buchver\u00f6ffentlichungen\",\"item\":\"https:\\\/\\\/ludwig-witzani.de\\\/zu-den-grossen-traeumen\\\/buecher\\\/\"},{\"@type\":\"ListItem\",\"position\":3,\"name\":\"Stampeders\u00b4Country. Reisen durch Alaska und das Yukon Territorium\"}]},{\"@type\":\"WebSite\",\"@id\":\"https:\\\/\\\/ludwig-witzani.de\\\/zu-den-grossen-traeumen\\\/#website\",\"url\":\"https:\\\/\\\/ludwig-witzani.de\\\/zu-den-grossen-traeumen\\\/\",\"name\":\"Ludwig Witzani\",\"description\":\"World Wide Travel\",\"potentialAction\":[{\"@type\":\"SearchAction\",\"target\":{\"@type\":\"EntryPoint\",\"urlTemplate\":\"https:\\\/\\\/ludwig-witzani.de\\\/zu-den-grossen-traeumen\\\/?s={search_term_string}\"},\"query-input\":{\"@type\":\"PropertyValueSpecification\",\"valueRequired\":true,\"valueName\":\"search_term_string\"}}],\"inLanguage\":\"de\"}]}<\/script>\n<!-- \/ Yoast SEO plugin. -->","yoast_head_json":{"title":"Stampeders\u00b4Country. Reisen durch Alaska und das Yukon Territorium - Ludwig Witzani","description":"Ein Wohnmobilreise von Anchorage nach Denali, und Fairbanks bis zum Yukon, dann s\u00fcdwestlich \u00fcber den Klondike Highway nach Dawson City, Whitehorse und Skagway und \u00fcber den Alaska Highway zur\u00fcck zur Halbinsel Kenai bis nach Anchorage","robots":{"index":"index","follow":"follow","max-snippet":"max-snippet:-1","max-image-preview":"max-image-preview:large","max-video-preview":"max-video-preview:-1"},"canonical":"https:\/\/ludwig-witzani.de\/zu-den-grossen-traeumen\/buecher\/stampeders-country-reisen-durch-alaska-und-das-yukon-denali\/","og_locale":"de_DE","og_type":"article","og_title":"Stampeders\u00b4Country. Reisen durch Alaska und das Yukon Territorium - Ludwig Witzani","og_description":"Ein Wohnmobilreise von Anchorage nach Denali, und Fairbanks bis zum Yukon, dann s\u00fcdwestlich \u00fcber den Klondike Highway nach Dawson City, Whitehorse und Skagway und \u00fcber den Alaska Highway zur\u00fcck zur Halbinsel Kenai bis nach Anchorage","og_url":"https:\/\/ludwig-witzani.de\/zu-den-grossen-traeumen\/buecher\/stampeders-country-reisen-durch-alaska-und-das-yukon-denali\/","og_site_name":"Ludwig Witzani","article_modified_time":"2025-06-03T10:32:52+00:00","og_image":[{"width":1973,"height":3000,"url":"https:\/\/ludwig-witzani.de\/wp-content\/uploads\/2016\/12\/a-01-Kopie.jpg","type":"image\/jpeg"}],"twitter_card":"summary_large_image","twitter_misc":{"Gesch\u00e4tzte Lesezeit":"2\u00a0Minuten"},"schema":{"@context":"https:\/\/schema.org","@graph":[{"@type":"WebPage","@id":"https:\/\/ludwig-witzani.de\/zu-den-grossen-traeumen\/buecher\/stampeders-country-reisen-durch-alaska-und-das-yukon-denali\/","url":"https:\/\/ludwig-witzani.de\/zu-den-grossen-traeumen\/buecher\/stampeders-country-reisen-durch-alaska-und-das-yukon-denali\/","name":"Stampeders\u00b4Country. Reisen durch Alaska und das Yukon Territorium - Ludwig Witzani","isPartOf":{"@id":"https:\/\/ludwig-witzani.de\/zu-den-grossen-traeumen\/#website"},"primaryImageOfPage":{"@id":"https:\/\/ludwig-witzani.de\/zu-den-grossen-traeumen\/buecher\/stampeders-country-reisen-durch-alaska-und-das-yukon-denali\/#primaryimage"},"image":{"@id":"https:\/\/ludwig-witzani.de\/zu-den-grossen-traeumen\/buecher\/stampeders-country-reisen-durch-alaska-und-das-yukon-denali\/#primaryimage"},"thumbnailUrl":"http:\/\/ludwig-witzani.de\/wp-content\/uploads\/2016\/12\/a-01-Kopie-526x800.jpg","datePublished":"2016-12-30T12:23:04+00:00","dateModified":"2025-06-03T10:32:52+00:00","description":"Ein Wohnmobilreise von Anchorage nach Denali, und Fairbanks bis zum Yukon, dann s\u00fcdwestlich \u00fcber den Klondike Highway nach Dawson City, Whitehorse und Skagway und \u00fcber den Alaska Highway zur\u00fcck zur Halbinsel Kenai bis nach Anchorage","breadcrumb":{"@id":"https:\/\/ludwig-witzani.de\/zu-den-grossen-traeumen\/buecher\/stampeders-country-reisen-durch-alaska-und-das-yukon-denali\/#breadcrumb"},"inLanguage":"de","potentialAction":[{"@type":"ReadAction","target":["https:\/\/ludwig-witzani.de\/zu-den-grossen-traeumen\/buecher\/stampeders-country-reisen-durch-alaska-und-das-yukon-denali\/"]}]},{"@type":"ImageObject","inLanguage":"de","@id":"https:\/\/ludwig-witzani.de\/zu-den-grossen-traeumen\/buecher\/stampeders-country-reisen-durch-alaska-und-das-yukon-denali\/#primaryimage","url":"http:\/\/ludwig-witzani.de\/wp-content\/uploads\/2016\/12\/a-01-Kopie-526x800.jpg","contentUrl":"http:\/\/ludwig-witzani.de\/wp-content\/uploads\/2016\/12\/a-01-Kopie-526x800.jpg"},{"@type":"BreadcrumbList","@id":"https:\/\/ludwig-witzani.de\/zu-den-grossen-traeumen\/buecher\/stampeders-country-reisen-durch-alaska-und-das-yukon-denali\/#breadcrumb","itemListElement":[{"@type":"ListItem","position":1,"name":"Startseite","item":"https:\/\/ludwig-witzani.de\/zu-den-grossen-traeumen\/"},{"@type":"ListItem","position":2,"name":"Buchver\u00f6ffentlichungen","item":"https:\/\/ludwig-witzani.de\/zu-den-grossen-traeumen\/buecher\/"},{"@type":"ListItem","position":3,"name":"Stampeders\u00b4Country. Reisen durch Alaska und das Yukon Territorium"}]},{"@type":"WebSite","@id":"https:\/\/ludwig-witzani.de\/zu-den-grossen-traeumen\/#website","url":"https:\/\/ludwig-witzani.de\/zu-den-grossen-traeumen\/","name":"Ludwig Witzani","description":"World Wide Travel","potentialAction":[{"@type":"SearchAction","target":{"@type":"EntryPoint","urlTemplate":"https:\/\/ludwig-witzani.de\/zu-den-grossen-traeumen\/?s={search_term_string}"},"query-input":{"@type":"PropertyValueSpecification","valueRequired":true,"valueName":"search_term_string"}}],"inLanguage":"de"}]}},"jetpack_shortlink":"https:\/\/wp.me\/P4daYo-1yp","jetpack_sharing_enabled":true,"_links":{"self":[{"href":"https:\/\/ludwig-witzani.de\/zu-den-grossen-traeumen\/wp-json\/wp\/v2\/pages\/5977","targetHints":{"allow":["GET"]}}],"collection":[{"href":"https:\/\/ludwig-witzani.de\/zu-den-grossen-traeumen\/wp-json\/wp\/v2\/pages"}],"about":[{"href":"https:\/\/ludwig-witzani.de\/zu-den-grossen-traeumen\/wp-json\/wp\/v2\/types\/page"}],"author":[{"embeddable":true,"href":"https:\/\/ludwig-witzani.de\/zu-den-grossen-traeumen\/wp-json\/wp\/v2\/users\/2"}],"replies":[{"embeddable":true,"href":"https:\/\/ludwig-witzani.de\/zu-den-grossen-traeumen\/wp-json\/wp\/v2\/comments?post=5977"}],"version-history":[{"count":11,"href":"https:\/\/ludwig-witzani.de\/zu-den-grossen-traeumen\/wp-json\/wp\/v2\/pages\/5977\/revisions"}],"predecessor-version":[{"id":9716,"href":"https:\/\/ludwig-witzani.de\/zu-den-grossen-traeumen\/wp-json\/wp\/v2\/pages\/5977\/revisions\/9716"}],"up":[{"embeddable":true,"href":"https:\/\/ludwig-witzani.de\/zu-den-grossen-traeumen\/wp-json\/wp\/v2\/pages\/11"}],"wp:attachment":[{"href":"https:\/\/ludwig-witzani.de\/zu-den-grossen-traeumen\/wp-json\/wp\/v2\/media?parent=5977"}],"curies":[{"name":"wp","href":"https:\/\/api.w.org\/{rel}","templated":true}]}}