{"id":5949,"date":"2016-10-27T06:35:24","date_gmt":"2016-10-27T06:35:24","guid":{"rendered":"http:\/\/ludwig-witzani.de\/?page_id=5949"},"modified":"2025-06-03T10:32:52","modified_gmt":"2025-06-03T10:32:52","slug":"vann-die-unermesslichkeit-caribou-island","status":"publish","type":"page","link":"https:\/\/ludwig-witzani.de\/zu-den-grossen-traeumen\/vann-die-unermesslichkeit-caribou-island\/","title":{"rendered":"Vann: Die Unermesslichkeit (Caribou Island)"},"content":{"rendered":"<p><img loading=\"lazy\" decoding=\"async\" class=\"alignleft wp-image-5950 size-full\" src=\"http:\/\/ludwig-witzani.de\/wp-content\/uploads\/2016\/10\/aaa51yoIeP6KIL._SX309_BO1204203200_.jpg\" alt=\"aaa51yoIeP6KIL._SX309_BO1,204,203,200_\" width=\"311\" height=\"499\" \/>Mit Alaska verbinden sich nach den landl\u00e4ufigen literarischen Vorstellungen Grandiosit\u00e4t, Gefahr und Abenteuer &#8211; lauter Ingredienzien eines Heldenromans, in sich dem der Einzelne im Angesicht einer feindlichen Natur zu behaupten wei\u00df. Dass dies ganz und gar nicht der Regel entspricht, wei\u00df man sp\u00e4testens seit Krakauers In die Wildnis&#8220; und seiner trauriger M\u00e4r vom Vaganten Alexander Supertramp, der in den Weiten des Nordens elend zugrunde geht. David Vann hat in dem vorliegenden Buch dieses Thema noch einmal etwas anders instrumentiert: Alaska als Schauplatz und Chiffre einer unermesslichen Verlorenheit, in der die Leere, die die Menschen in sich tragen,\u00a0 nur umso lauter widerhallt. &#8222;Wer sonst nirgendwo hinpasste, kam hierher, und wer sich nirgendwo festhalten konnte, fiel einfach \u00fcber den Rand. Winzige Ortschaften in einer gro\u00dfen Weite. Enklaven der Verzweiflung&#8220;, sinniert ein Protagonist an einer Stelle des Buches \u00fcber Alaska. Damit ist das B\u00fchnenbild des vorliegenden Romans beschrieben.<\/p>\n<p>Gary und Irene, die Hauptpersonen des Buches,\u00a0 hat es nicht aus freiem Entschluss nach Alaska getrieben. F\u00fcr den jungen Gary, der von dem Studium altenglischer Handschriften die Nase voll hatte, war es eine Flucht in eine romantisierte Unendlichkeit, f\u00fcr die islandst\u00e4mmige Irene einfach nur die Gefolgschaft, die sie ihrem Mann zu schulden glaubte. Die Ehe der beiden am Ende der Welt funktionierte \u00fcber die Jahrzehnte hinweg mehr schlecht als recht, am Ende sogar immer schlechter. Gary, der den Herausforderungen Alaskas \u00fcberhaupt nicht gewachsen ist, macht seine Frau f\u00fcr das Scheitern all seiner halbgaren Lebenstr\u00e4ume verantwortlich &#8211; und Irene, die m\u00fctterlicherseits ein furchtbares Trauma mit sich schleppt, wird zwischen den Mahlsteinen von ehelicher Anpassung und Selbstverleugnung zerrieben. Garys Idee vom Bau einer Blockh\u00fctte auf Caribou Island vor der K\u00fcste von Kenai, mit dem das Buch beginnt,\u00a0 entpuppt sich bald als eine neue der vielen sackgassenartigen Obessionen, mit der der bockige und unduldsame Ehemann seine Ehefrau zu qu\u00e4len wei\u00df.\u00a0 Die<\/p>\n<p><img loading=\"lazy\" decoding=\"async\" class=\"aligncenter size-full wp-image-5951\" src=\"http:\/\/ludwig-witzani.de\/wp-content\/uploads\/2016\/10\/v-2.jpg\" alt=\"v (2)\" width=\"791\" height=\"519\" srcset=\"https:\/\/ludwig-witzani.de\/wp-content\/uploads\/2016\/10\/v-2.jpg 791w, https:\/\/ludwig-witzani.de\/wp-content\/uploads\/2016\/10\/v-2-768x504.jpg 768w\" sizes=\"auto, (max-width: 791px) 100vw, 791px\" \/><\/p>\n<p>schrecklichen Kopfschmerzen, an denen Irene gleich nach dem Beginn der Bauarbeiten erkrankt, wirken zun\u00e4chst wie eine psychosomatische Opposition gegen den verr\u00fcckten Plan des Ehemannes &#8211; dann entpuppen sie sich,\u00a0 je weiter die Handlung fortschreitet, immer klarer nicht als ein organisches Leiden sondern\u00a0 als das Schmerz gewordene Unbehagen an einem fehlgeleiteten Leben.<\/p>\n<p>Der Tochter\u00a0 Rhoda und dem Sohn Mark, die gleich in der Nachbarschaft am Cook Inlet mit ihren Partnern leben, steht dieses fehlgeleitete Leben noch bevor &#8211;\u00a0 auch wenn ein jeder das nur Menschenm\u00f6gliche versucht, diesem Verh\u00e4ngnis zu entkommen: Rhoda in ihrer Beziehung zum kaltherzigen Zahnarzt Jim und Mark in seiner selbstbezogenen Lachsfischpassion. In diesem Ensemble erf\u00fcllen Monique und Carl als junge Durchreisende nur eine katalysatorische Funktion &#8211;\u00a0 die eine als gewissenlose Luxusschlampe, der andere als Weichling, das weder f\u00fcr die Liebe noch f\u00fcr Alaska taugt.<\/p>\n<p>Die Interaktion dieser Figuren, ihre Erinnerungen und Intentionen und die Kulisse eines sich langsam rauh und herbstlich eintr\u00fcbenden Alaska bilden die Elemente, aus denen David Vann einen packenden Roman geschaffen hat, der zuerst kaum merklich, dann immer unausweichlicher auf die finale Katastrophe zusteuert.\u00a0 Zuerst wusste ich gar nicht, warum mich dieses Buch so fesselte &#8211; war es die analytisch und unverkennbar herausgearbeitete Psychologie der einzelnen Figuren, war es\u00a0 die leitmotivisch beschriebene langsam einsetzende Verdunkelung der Natur, die wie ein best\u00e4ndiger literarischer Kontrapunkt die Handlung begleitet, oder war es die eindringliche Sprache, in der der Roman genau in der Mitte zwischen Pr\u00e4zision und Poesie erz\u00e4hlt wird?<\/p>\n<p>M\u00f6glich, dass ein jeder in dem vorliegenden Werk einen anderen Vorzug entdecken wird &#8211; packen und bewegen wird das Buch den Leser auf jeden Fall. Ich habe den zweiten Teil des Werkes in einem einzigen Rutsch zu Ende gelesen (lesen m\u00fcssen), und das Buch nach 349 Seiten fast ersch\u00f6pft zur Seite gelegt. Eine literarische Parabel auf das Verh\u00e4ngnis vergeudeten Lebens, aber auch ein Weckruf f\u00fcr diejenigen, die sich nicht in die Tasche l\u00fcgen wollen. Es hat ohnehin keinen Zweck. Unbedingt empfehlenswert (2012).<\/p>\n<p><strong>Ein zweites Mal gelesen: 2016<\/strong><\/p>\n<p>Eine Ehekrise ist schlimm genug, noch schlimmer aber ist es, wenn es sich um eine Ehekrise in Alaska handelt. Denn dann bricht eine doppelte Verlorenheit \u00fcber die Betroffenen herein. Individuelle Einsamkeit vor der Kulisse eines endlosen, leeren\u00a0 Landes ist so ziemlich das Schlimmste, was man sich unter diesen Verh\u00e4ltnissen vorstellen kann. So etwa mein vorherrschendes Grundgef\u00fchl nach der Lekt\u00fcre des vorliegenden Buches.<\/p>\n<p>Der Roman \u201eDie Unermesslichkeit\u201c \u00a0(im Original treffender \u201eCaribou Island\u201c ) handelt von Gary und Irene, einem in Ehren, Streit und von Jahr zu Jahr zunehmender Entfremdung gepr\u00e4gten Ehepaar, dessen Beziehung am Ende des Buches in einer Katastrophe endet. Die verschiedenen Eskalationsstufen dieser Katastrophe, die der Leser am Anfang der Geschichte \u00a0noch keineswegs erwartet, werden von David Vann geradezu seismografisch genau nachgezeichnet. Von den biografischen Belastungen (Irene hatte ihre Mutter nach ihrem Selbstmord an einem Strick im Stall gefunden) \u00fcber private Entt\u00e4uschungen (Gary, ein angehender Medi\u00e4vist mit gro\u00dfen Pl\u00e4nen bleibt mitsamt Frau und Familie am Ende der Welt in Alaska h\u00e4ngen) bis zu dem irrwitzigen Plan des Ehemannes, den ehelichen Lebensabend in einer einfachen Blockh\u00fctte auf Caribou Island zu verbringen, reiht sich eine Unstimmigkeit an die n\u00e4chste, bis alles verheert und vergiftet ist. Die Ehepartner verstehen sich nicht mehr im buchst\u00e4blichen Sinne, sie sprechen andere Sprachen, weil jeder bei jedem Wort aus einem v\u00f6llig anderen, feindlichen Kontext sch\u00f6pft.<\/p>\n<p>Eine jugendliche Variante dieser ehelichen Verfallsgeschichte repr\u00e4sentieren Rhoda, Gary und Irenes Tochter, und Mark, ihr Verlobter. Sie befinden sich unmittelbar vor ihrer Hochzeit, doch die Beziehung ist bereits von Unehrlichkeit und L\u00fcgen durchdrungen. Mark betr\u00fcgt Rhoda mit der dreisten Monique, die in dem Buch auf eine erschreckend einleuchtende Weise den Part der v\u00f6lligen Amoralit\u00e4t \u00fcbernimmt.<\/p>\n<p>Und so nimmt das Unheil seinen Lauf. Gary erweist sich als unf\u00e4hig, das Haus zu bauen, seine Frau Irene, die ihm dabei wie eine Sklavin helfen muss, holt sich eine schwere Bronchitis, die ihr permanente Schmerzen bereitet, wobei man aber eher das Gef\u00fchl hat, als seien diese Scherzen in Wirklichkeit die endlich und \u00fcberw\u00e4ltigend zutage tretende \u00c4u\u00dferungsform der lebenslangen ehelichen Pein: Schlie\u00dflich brechen w\u00e4hrend des mi\u00dflingenden Hausbaus in der gnadenlosen Einsamkeit und K\u00e4lte alle Fassade ein. \u201e<em>Du glaubst, du h\u00e4ttest etwas Besseres verdient als mich\u201c<\/em>. sagt Irene zu ihrem Mann und er\u00f6ffnet damit einen Dialog, bei der Wahrheit, als das Grauen zutage tritt.\u00a0 <em>\u201eHab ich ja vielleicht auch.\u00a0 Da schlug Irene zu. Ein fester Hieb, der von seinem Oberarm abprallte. Er rollte sich in seinen Schlafsack ein, und sie schlug weiter zu, sagte nichts, pr\u00fcgelte nur fester auf ihn ein. Schlug ihm nicht ins Gesicht. Hielt sich noch zur\u00fcck. Warum so zur\u00fcckhaltend? fragte er. Warum schl\u00e4gst du mich nicht ins Gesicht. Weil ich dich liebe, du Arschloch. Gary wandte sich von ihr ab. Lass sie weinen. Vielleicht w\u00fcrde sie dann gehen. Und er wusste, das war gemein, aber er f\u00fchlte einfach nicht, \u00a0was er jetzt h\u00e4tte f\u00fchlen m\u00fcssen, um dagegen anzugehen.\u201c (s. 265) <\/em><\/p>\n<p>Doch diese Liebe, von der Irene ein letztes Mal spricht, ist nur noch Erinnerung. Ihr Angriff war nur die Generalprobe eines Mordes, mit dem sie \u00a0ihr gemeinsames Leben beendet.<\/p>\n<p>Ich kann mich kaum erinnern, jemals eine Ehegeschichte mit solcher Anteilnahme gelesen zu haben wie das vorliegende. Buch. Die Dramatik des Romans ergibt sich aber nicht nur aus der Nachzeichnung einer \u00a0Ehekatastrophe sondern auch durch das B\u00fchnenbild, auf dem die Geschichte spielt. Es ist die Halbinsel Kenai, Alaska Kleinod und mit ihren wunderbaren Buchten, Seen und Gebirgsz\u00fcgen, die aber nur f\u00fcr den Touristen wunderbar sind und sich schnell f\u00fcr die Ans\u00e4ssigen in eine kalte lebensfeindliche Leere verwandeln. \u201eAlaska eine gro\u00dfe Stille, die sich tausend Meilen in jeder Richtung erstreckte. Ein offener Raum, eine Chance, so etwas Kleines wie Herzschmerz zu vergessen, \u201c r\u00e4soniert der ungl\u00fcckliche Carl als er von der gewissenlosen Monique abgeschossen wird. Aber das Gegenteil ist war. Die Leere Alaskas erweist sich nicht als Trost sondern als Katalysator des Schmerzes. \u00c4hnlich ergeht es Irene, als sie vor ihrer Pein in den Wald fl\u00fcchtet, doch die B\u00e4ume sind kahl und geben keinen Schutz. Alaska, ein Katalysator der Einsamkeit, das ist eine Sichtweise, die bei der Betrachtung dieses gro\u00dfartig-furchtbaren Landes am Ende der Welt oft unterschlagen wird.<\/p>\n<p>Am Ende\u00a0 steht die Katastrophe, die nichts weiter als die zur Wirklichkeit gewordene Wahrheit ist. Rhoda, die sich um ihre Eltern auf Caribou Island Sorgen macht, f\u00e4hrt mit ihrem Bruder zur Insel, wo sie zwei Tote finden wird. \u00a0<em>\u00a0\u00a0\u00a0<\/em><\/p>\n<p><img loading=\"lazy\" decoding=\"async\" class=\"aligncenter size-full wp-image-5952\" src=\"http:\/\/ludwig-witzani.de\/wp-content\/uploads\/2016\/10\/i-13.jpg\" alt=\"i (13)\" width=\"800\" height=\"522\" srcset=\"https:\/\/ludwig-witzani.de\/wp-content\/uploads\/2016\/10\/i-13.jpg 800w, https:\/\/ludwig-witzani.de\/wp-content\/uploads\/2016\/10\/i-13-768x501.jpg 768w\" sizes=\"auto, (max-width: 800px) 100vw, 800px\" \/><\/p>\n","protected":false},"excerpt":{"rendered":"<p>Mit Alaska verbinden sich nach den landl\u00e4ufigen literarischen Vorstellungen Grandiosit\u00e4t, Gefahr und Abenteuer &#8211; lauter Ingredienzien eines Heldenromans, in sich dem der Einzelne im Angesicht einer feindlichen Natur zu behaupten wei\u00df. Dass dies ganz und gar nicht der Regel entspricht, wei\u00df man sp\u00e4testens seit Krakauers In die Wildnis&#8220; und seiner trauriger M\u00e4r vom Vaganten Alexander &hellip; <a href=\"https:\/\/ludwig-witzani.de\/zu-den-grossen-traeumen\/vann-die-unermesslichkeit-caribou-island\/\" class=\"more-link\"><span class=\"screen-reader-text\">Vann: Die Unermesslichkeit (Caribou Island)<\/span> weiterlesen <span class=\"meta-nav\">&rarr;<\/span><\/a><\/p>\n","protected":false},"author":2,"featured_media":0,"parent":0,"menu_order":0,"comment_status":"closed","ping_status":"closed","template":"","meta":{"ngg_post_thumbnail":0,"jetpack_post_was_ever_published":false,"footnotes":""},"class_list":["post-5949","page","type-page","status-publish","hentry"],"yoast_head":"<!-- This site is optimized with the Yoast SEO plugin v27.4 - https:\/\/yoast.com\/product\/yoast-seo-wordpress\/ -->\n<title>Vann: Die Unermesslichkeit (Caribou Island) - Ludwig Witzani<\/title>\n<meta name=\"robots\" content=\"index, follow, max-snippet:-1, max-image-preview:large, max-video-preview:-1\" \/>\n<link rel=\"canonical\" href=\"https:\/\/ludwig-witzani.de\/zu-den-grossen-traeumen\/vann-die-unermesslichkeit-caribou-island\/\" \/>\n<meta property=\"og:locale\" content=\"de_DE\" \/>\n<meta property=\"og:type\" content=\"article\" \/>\n<meta property=\"og:title\" content=\"Vann: Die Unermesslichkeit (Caribou Island) - Ludwig Witzani\" \/>\n<meta property=\"og:description\" content=\"Mit Alaska verbinden sich nach den landl\u00e4ufigen literarischen Vorstellungen Grandiosit\u00e4t, Gefahr und Abenteuer &#8211; lauter Ingredienzien eines Heldenromans, in sich dem der Einzelne im Angesicht einer feindlichen Natur zu behaupten wei\u00df. Dass dies ganz und gar nicht der Regel entspricht, wei\u00df man sp\u00e4testens seit Krakauers In die Wildnis&#8220; und seiner trauriger M\u00e4r vom Vaganten Alexander &hellip; Vann: Die Unermesslichkeit (Caribou Island) weiterlesen &rarr;\" \/>\n<meta property=\"og:url\" content=\"https:\/\/ludwig-witzani.de\/zu-den-grossen-traeumen\/vann-die-unermesslichkeit-caribou-island\/\" \/>\n<meta property=\"og:site_name\" content=\"Ludwig Witzani\" \/>\n<meta property=\"article:modified_time\" content=\"2025-06-03T10:32:52+00:00\" \/>\n<meta name=\"twitter:card\" content=\"summary_large_image\" \/>\n<meta name=\"twitter:label1\" content=\"Gesch\u00e4tzte Lesezeit\" \/>\n\t<meta name=\"twitter:data1\" content=\"7\u00a0Minuten\" \/>\n<script type=\"application\/ld+json\" class=\"yoast-schema-graph\">{\"@context\":\"https:\\\/\\\/schema.org\",\"@graph\":[{\"@type\":\"WebPage\",\"@id\":\"https:\\\/\\\/ludwig-witzani.de\\\/zu-den-grossen-traeumen\\\/vann-die-unermesslichkeit-caribou-island\\\/\",\"url\":\"https:\\\/\\\/ludwig-witzani.de\\\/zu-den-grossen-traeumen\\\/vann-die-unermesslichkeit-caribou-island\\\/\",\"name\":\"Vann: Die Unermesslichkeit (Caribou Island) - Ludwig Witzani\",\"isPartOf\":{\"@id\":\"https:\\\/\\\/ludwig-witzani.de\\\/zu-den-grossen-traeumen\\\/#website\"},\"primaryImageOfPage\":{\"@id\":\"https:\\\/\\\/ludwig-witzani.de\\\/zu-den-grossen-traeumen\\\/vann-die-unermesslichkeit-caribou-island\\\/#primaryimage\"},\"image\":{\"@id\":\"https:\\\/\\\/ludwig-witzani.de\\\/zu-den-grossen-traeumen\\\/vann-die-unermesslichkeit-caribou-island\\\/#primaryimage\"},\"thumbnailUrl\":\"http:\\\/\\\/ludwig-witzani.de\\\/wp-content\\\/uploads\\\/2016\\\/10\\\/aaa51yoIeP6KIL._SX309_BO1204203200_.jpg\",\"datePublished\":\"2016-10-27T06:35:24+00:00\",\"dateModified\":\"2025-06-03T10:32:52+00:00\",\"breadcrumb\":{\"@id\":\"https:\\\/\\\/ludwig-witzani.de\\\/zu-den-grossen-traeumen\\\/vann-die-unermesslichkeit-caribou-island\\\/#breadcrumb\"},\"inLanguage\":\"de\",\"potentialAction\":[{\"@type\":\"ReadAction\",\"target\":[\"https:\\\/\\\/ludwig-witzani.de\\\/zu-den-grossen-traeumen\\\/vann-die-unermesslichkeit-caribou-island\\\/\"]}]},{\"@type\":\"ImageObject\",\"inLanguage\":\"de\",\"@id\":\"https:\\\/\\\/ludwig-witzani.de\\\/zu-den-grossen-traeumen\\\/vann-die-unermesslichkeit-caribou-island\\\/#primaryimage\",\"url\":\"http:\\\/\\\/ludwig-witzani.de\\\/wp-content\\\/uploads\\\/2016\\\/10\\\/aaa51yoIeP6KIL._SX309_BO1204203200_.jpg\",\"contentUrl\":\"http:\\\/\\\/ludwig-witzani.de\\\/wp-content\\\/uploads\\\/2016\\\/10\\\/aaa51yoIeP6KIL._SX309_BO1204203200_.jpg\"},{\"@type\":\"BreadcrumbList\",\"@id\":\"https:\\\/\\\/ludwig-witzani.de\\\/zu-den-grossen-traeumen\\\/vann-die-unermesslichkeit-caribou-island\\\/#breadcrumb\",\"itemListElement\":[{\"@type\":\"ListItem\",\"position\":1,\"name\":\"Startseite\",\"item\":\"https:\\\/\\\/ludwig-witzani.de\\\/zu-den-grossen-traeumen\\\/\"},{\"@type\":\"ListItem\",\"position\":2,\"name\":\"Vann: Die Unermesslichkeit (Caribou Island)\"}]},{\"@type\":\"WebSite\",\"@id\":\"https:\\\/\\\/ludwig-witzani.de\\\/zu-den-grossen-traeumen\\\/#website\",\"url\":\"https:\\\/\\\/ludwig-witzani.de\\\/zu-den-grossen-traeumen\\\/\",\"name\":\"Ludwig Witzani\",\"description\":\"World Wide Travel\",\"potentialAction\":[{\"@type\":\"SearchAction\",\"target\":{\"@type\":\"EntryPoint\",\"urlTemplate\":\"https:\\\/\\\/ludwig-witzani.de\\\/zu-den-grossen-traeumen\\\/?s={search_term_string}\"},\"query-input\":{\"@type\":\"PropertyValueSpecification\",\"valueRequired\":true,\"valueName\":\"search_term_string\"}}],\"inLanguage\":\"de\"}]}<\/script>\n<!-- \/ Yoast SEO plugin. -->","yoast_head_json":{"title":"Vann: Die Unermesslichkeit (Caribou Island) - Ludwig Witzani","robots":{"index":"index","follow":"follow","max-snippet":"max-snippet:-1","max-image-preview":"max-image-preview:large","max-video-preview":"max-video-preview:-1"},"canonical":"https:\/\/ludwig-witzani.de\/zu-den-grossen-traeumen\/vann-die-unermesslichkeit-caribou-island\/","og_locale":"de_DE","og_type":"article","og_title":"Vann: Die Unermesslichkeit (Caribou Island) - Ludwig Witzani","og_description":"Mit Alaska verbinden sich nach den landl\u00e4ufigen literarischen Vorstellungen Grandiosit\u00e4t, Gefahr und Abenteuer &#8211; lauter Ingredienzien eines Heldenromans, in sich dem der Einzelne im Angesicht einer feindlichen Natur zu behaupten wei\u00df. Dass dies ganz und gar nicht der Regel entspricht, wei\u00df man sp\u00e4testens seit Krakauers In die Wildnis&#8220; und seiner trauriger M\u00e4r vom Vaganten Alexander &hellip; Vann: Die Unermesslichkeit (Caribou Island) weiterlesen &rarr;","og_url":"https:\/\/ludwig-witzani.de\/zu-den-grossen-traeumen\/vann-die-unermesslichkeit-caribou-island\/","og_site_name":"Ludwig Witzani","article_modified_time":"2025-06-03T10:32:52+00:00","twitter_card":"summary_large_image","twitter_misc":{"Gesch\u00e4tzte Lesezeit":"7\u00a0Minuten"},"schema":{"@context":"https:\/\/schema.org","@graph":[{"@type":"WebPage","@id":"https:\/\/ludwig-witzani.de\/zu-den-grossen-traeumen\/vann-die-unermesslichkeit-caribou-island\/","url":"https:\/\/ludwig-witzani.de\/zu-den-grossen-traeumen\/vann-die-unermesslichkeit-caribou-island\/","name":"Vann: Die Unermesslichkeit (Caribou Island) - Ludwig Witzani","isPartOf":{"@id":"https:\/\/ludwig-witzani.de\/zu-den-grossen-traeumen\/#website"},"primaryImageOfPage":{"@id":"https:\/\/ludwig-witzani.de\/zu-den-grossen-traeumen\/vann-die-unermesslichkeit-caribou-island\/#primaryimage"},"image":{"@id":"https:\/\/ludwig-witzani.de\/zu-den-grossen-traeumen\/vann-die-unermesslichkeit-caribou-island\/#primaryimage"},"thumbnailUrl":"http:\/\/ludwig-witzani.de\/wp-content\/uploads\/2016\/10\/aaa51yoIeP6KIL._SX309_BO1204203200_.jpg","datePublished":"2016-10-27T06:35:24+00:00","dateModified":"2025-06-03T10:32:52+00:00","breadcrumb":{"@id":"https:\/\/ludwig-witzani.de\/zu-den-grossen-traeumen\/vann-die-unermesslichkeit-caribou-island\/#breadcrumb"},"inLanguage":"de","potentialAction":[{"@type":"ReadAction","target":["https:\/\/ludwig-witzani.de\/zu-den-grossen-traeumen\/vann-die-unermesslichkeit-caribou-island\/"]}]},{"@type":"ImageObject","inLanguage":"de","@id":"https:\/\/ludwig-witzani.de\/zu-den-grossen-traeumen\/vann-die-unermesslichkeit-caribou-island\/#primaryimage","url":"http:\/\/ludwig-witzani.de\/wp-content\/uploads\/2016\/10\/aaa51yoIeP6KIL._SX309_BO1204203200_.jpg","contentUrl":"http:\/\/ludwig-witzani.de\/wp-content\/uploads\/2016\/10\/aaa51yoIeP6KIL._SX309_BO1204203200_.jpg"},{"@type":"BreadcrumbList","@id":"https:\/\/ludwig-witzani.de\/zu-den-grossen-traeumen\/vann-die-unermesslichkeit-caribou-island\/#breadcrumb","itemListElement":[{"@type":"ListItem","position":1,"name":"Startseite","item":"https:\/\/ludwig-witzani.de\/zu-den-grossen-traeumen\/"},{"@type":"ListItem","position":2,"name":"Vann: Die Unermesslichkeit (Caribou Island)"}]},{"@type":"WebSite","@id":"https:\/\/ludwig-witzani.de\/zu-den-grossen-traeumen\/#website","url":"https:\/\/ludwig-witzani.de\/zu-den-grossen-traeumen\/","name":"Ludwig Witzani","description":"World Wide Travel","potentialAction":[{"@type":"SearchAction","target":{"@type":"EntryPoint","urlTemplate":"https:\/\/ludwig-witzani.de\/zu-den-grossen-traeumen\/?s={search_term_string}"},"query-input":{"@type":"PropertyValueSpecification","valueRequired":true,"valueName":"search_term_string"}}],"inLanguage":"de"}]}},"jetpack_shortlink":"https:\/\/wp.me\/P4daYo-1xX","jetpack_sharing_enabled":true,"_links":{"self":[{"href":"https:\/\/ludwig-witzani.de\/zu-den-grossen-traeumen\/wp-json\/wp\/v2\/pages\/5949","targetHints":{"allow":["GET"]}}],"collection":[{"href":"https:\/\/ludwig-witzani.de\/zu-den-grossen-traeumen\/wp-json\/wp\/v2\/pages"}],"about":[{"href":"https:\/\/ludwig-witzani.de\/zu-den-grossen-traeumen\/wp-json\/wp\/v2\/types\/page"}],"author":[{"embeddable":true,"href":"https:\/\/ludwig-witzani.de\/zu-den-grossen-traeumen\/wp-json\/wp\/v2\/users\/2"}],"replies":[{"embeddable":true,"href":"https:\/\/ludwig-witzani.de\/zu-den-grossen-traeumen\/wp-json\/wp\/v2\/comments?post=5949"}],"version-history":[{"count":4,"href":"https:\/\/ludwig-witzani.de\/zu-den-grossen-traeumen\/wp-json\/wp\/v2\/pages\/5949\/revisions"}],"predecessor-version":[{"id":5957,"href":"https:\/\/ludwig-witzani.de\/zu-den-grossen-traeumen\/wp-json\/wp\/v2\/pages\/5949\/revisions\/5957"}],"wp:attachment":[{"href":"https:\/\/ludwig-witzani.de\/zu-den-grossen-traeumen\/wp-json\/wp\/v2\/media?parent=5949"}],"curies":[{"name":"wp","href":"https:\/\/api.w.org\/{rel}","templated":true}]}}