{"id":5934,"date":"2016-10-16T01:10:48","date_gmt":"2016-10-16T01:10:48","guid":{"rendered":"http:\/\/ludwig-witzani.de\/?page_id=5934"},"modified":"2025-06-03T10:32:52","modified_gmt":"2025-06-03T10:32:52","slug":"ludwig-witzani-indische-reisenindien-lesung-in-der-buchhandlung-moenter-meerbisch-psterath-montag-7-11-2016-19-00-uhr","status":"publish","type":"page","link":"https:\/\/ludwig-witzani.de\/zu-den-grossen-traeumen\/ludwig-witzani-indische-reisenindien-lesung-in-der-buchhandlung-moenter-meerbisch-psterath-montag-7-11-2016-19-00-uhr\/","title":{"rendered":"LESUNG in der Buchhandlung M\u00f6nter, Meerbusch Osterath, Montag 7.11.2016 19.00 Uhr"},"content":{"rendered":"<h6 style=\"text-align: center;\"><img loading=\"lazy\" decoding=\"async\" class=\"alignleft wp-image-5941\" src=\"http:\/\/ludwig-witzani.de\/wp-content\/uploads\/2016\/10\/cover-indien-titel-526x800.jpg\" alt=\"cover-indien-titel\" width=\"248\" height=\"378\" srcset=\"https:\/\/ludwig-witzani.de\/wp-content\/uploads\/2016\/10\/cover-indien-titel-526x800.jpg 526w, https:\/\/ludwig-witzani.de\/wp-content\/uploads\/2016\/10\/cover-indien-titel-768x1167.jpg 768w, https:\/\/ludwig-witzani.de\/wp-content\/uploads\/2016\/10\/cover-indien-titel-790x1200.jpg 790w, https:\/\/ludwig-witzani.de\/wp-content\/uploads\/2016\/10\/cover-indien-titel.jpg 1181w\" sizes=\"auto, (max-width: 248px) 100vw, 248px\" \/>\u00a0<em>Ersch\u00fctterung, Platzangst, Panik und Gl\u00fcck \u2013 das sind nur einige der Gef\u00fchle, die Indien in jedem Reisenden erzeugt, der das Land alleine und auf sich selbst gestellt durchquert. Die Empfindungen, die den Indienreisenden dabei bedr\u00e4ngen, sind umfassender, direkter, erf\u00fcllender als in fast allen anderen Regionen der Erde. Indien ist kein Reiseland, Indien ist eine Passion.\u00a0\u00a0 <\/em><\/h6>\n<p>Ludwig Witzani ist von den Quellen des Ganges im Norden bis Kap Komorin im S\u00fcden, von Gujarat im Westen bis zu den Sunderbans im Osten mit Bussen und Bahnen durch ganz Indien gereist.\u00a0 Er hat an der S\u00fcdspitze des indischen Subkontinentes auf den <img loading=\"lazy\" decoding=\"async\" class=\"alignright wp-image-5942\" src=\"http:\/\/ludwig-witzani.de\/wp-content\/uploads\/2016\/10\/5-Kolorit-57-Kopie-541x800.jpg\" alt=\"5-Kolorit (57) - Kopie\" width=\"269\" height=\"398\" \/>Monsun gewartet,\u00a0 ist mit den Pilgern durch den K\u00e4figgang von Ayodhya gegangen und mit dem Linienbus zwischen den Stellungen der indischen und pakistanischen Armee in Kaschmir hindurchgefahren. In verfallenen Ruinenst\u00e4dten Madhya Pradesh, in den Menschenozeanen von Kalkutta und Bombay, in der tr\u00fcgerischen Idylle der Backwaters oder im Goldenen Tempel von Amritsar suchte der Autor nach den Ausdrucksformen des indischen Wesens. In 31 Reiseerz\u00e4hlungen f\u00fchrt er den Leser durch alle Himmelsrichtungen der indischen Welt, um schlie\u00dflich seine Reise als Teilnehmer der Kumbh Mela von Allahabad, der gr\u00f6\u00dften Wallfahrt der Welt,\u00a0 abzuschlie\u00dfen. Ein Kompendium der indischen Wirklichkeit aus der Perspektive eines Backpackers mit einer Schw\u00e4che f\u00fcr Tempel und Geschichte\u2026.<\/p>\n<p><strong>Ludwig Witzani<\/strong>, geboren 1950, lebt in Bonn (www.ludwig-witzani.de). Nach Lehramtsstudium und Promotion arbeitete Ludwig Witzani als Gymnasiallehrer in Meerbusch-B\u00fcderich. Seit den Achtziger Jahren unternahm er ausgedehnte Reisen durch Asien, S\u00fcdamerika und Afrika, \u00fcber die er in der Frankfurter Allgemeinen, der ZEIT, der S\u00fcddeutschen Zeitung, MERIAN und anderen Periodika berichtete.\u00a0 Buchver\u00f6ffentlichungen: \u201eTibet. Im Land der lebenden G\u00f6tter\u201c (2013),\u00a0 \u201eIndische Reisen\u201c (2014), \u201eDer fremde Spiegel. Reisen durch Argentinien und Chile\u201c (2015) und \u201eDie kleine Posaune der Freiheit. Osteurop\u00e4ische Reisen zwischen Warschau und Sankt Petersburg\u201c (2015),\u00a0 \u201eDer Garten der Welt. Thailand-Burma-Laos-Kambodscha-Vietnam\u201c(2016) und \u201eDer Mullah und das Paradies. Reisen durch den Iran und Usbekistan\u201c (2016). In Vorbereitung: &#8222;Stampeders\u00b4 Country. Reisen durch Alaska und das Yukon Territorium&#8220;<\/p>\n<p><img loading=\"lazy\" decoding=\"async\" class=\"aligncenter size-medium wp-image-5900\" src=\"http:\/\/ludwig-witzani.de\/wp-content\/uploads\/2013\/11\/Projekt-Weltreise-\u00dcberblick-1-6-564x800.jpg\" alt=\"Projekt Weltreise \u00dcberblick 1-6\" width=\"564\" height=\"800\" srcset=\"https:\/\/ludwig-witzani.de\/wp-content\/uploads\/2013\/11\/Projekt-Weltreise-\u00dcberblick-1-6-564x800.jpg 564w, https:\/\/ludwig-witzani.de\/wp-content\/uploads\/2013\/11\/Projekt-Weltreise-\u00dcberblick-1-6-768x1089.jpg 768w, https:\/\/ludwig-witzani.de\/wp-content\/uploads\/2013\/11\/Projekt-Weltreise-\u00dcberblick-1-6-846x1200.jpg 846w, https:\/\/ludwig-witzani.de\/wp-content\/uploads\/2013\/11\/Projekt-Weltreise-\u00dcberblick-1-6.jpg 2020w\" sizes=\"auto, (max-width: 564px) 100vw, 564px\" \/><\/p>\n<h3>Eintritt: 5,00 Euro &#8211; KartenVORbestellungen erbeten unter Tel. 02159 3530 oder: info@konradmoenter.de<\/h3>\n<h3>Buch- und Kunstkabinett M\u00f6nter\u2026\u2026<\/h3>\n<p>&nbsp;<\/p>\n","protected":false},"excerpt":{"rendered":"<p>\u00a0Ersch\u00fctterung, Platzangst, Panik und Gl\u00fcck \u2013 das sind nur einige der Gef\u00fchle, die Indien in jedem Reisenden erzeugt, der das Land alleine und auf sich selbst gestellt durchquert. Die Empfindungen, die den Indienreisenden dabei bedr\u00e4ngen, sind umfassender, direkter, erf\u00fcllender als in fast allen anderen Regionen der Erde. Indien ist kein Reiseland, Indien ist eine Passion.\u00a0\u00a0 &hellip; <a href=\"https:\/\/ludwig-witzani.de\/zu-den-grossen-traeumen\/ludwig-witzani-indische-reisenindien-lesung-in-der-buchhandlung-moenter-meerbisch-psterath-montag-7-11-2016-19-00-uhr\/\" class=\"more-link\"><span class=\"screen-reader-text\">LESUNG in der Buchhandlung M\u00f6nter, Meerbusch Osterath, Montag 7.11.2016 19.00 Uhr<\/span> weiterlesen <span class=\"meta-nav\">&rarr;<\/span><\/a><\/p>\n","protected":false},"author":2,"featured_media":0,"parent":0,"menu_order":0,"comment_status":"closed","ping_status":"closed","template":"","meta":{"ngg_post_thumbnail":0,"jetpack_post_was_ever_published":false,"footnotes":""},"class_list":["post-5934","page","type-page","status-publish","hentry"],"yoast_head":"<!-- This site is optimized with the Yoast SEO plugin v27.5 - https:\/\/yoast.com\/product\/yoast-seo-wordpress\/ -->\n<title>LESUNG in der Buchhandlung M\u00f6nter, Meerbusch Osterath, Montag 7.11.2016 19.00 Uhr - Ludwig Witzani<\/title>\n<meta name=\"robots\" content=\"index, follow, max-snippet:-1, max-image-preview:large, max-video-preview:-1\" \/>\n<link rel=\"canonical\" href=\"https:\/\/ludwig-witzani.de\/zu-den-grossen-traeumen\/ludwig-witzani-indische-reisenindien-lesung-in-der-buchhandlung-moenter-meerbisch-psterath-montag-7-11-2016-19-00-uhr\/\" \/>\n<meta property=\"og:locale\" content=\"de_DE\" \/>\n<meta property=\"og:type\" content=\"article\" \/>\n<meta property=\"og:title\" content=\"LESUNG in der Buchhandlung M\u00f6nter, Meerbusch Osterath, Montag 7.11.2016 19.00 Uhr - Ludwig Witzani\" \/>\n<meta property=\"og:description\" content=\"\u00a0Ersch\u00fctterung, Platzangst, Panik und Gl\u00fcck \u2013 das sind nur einige der Gef\u00fchle, die Indien in jedem Reisenden erzeugt, der das Land alleine und auf sich selbst gestellt durchquert. Die Empfindungen, die den Indienreisenden dabei bedr\u00e4ngen, sind umfassender, direkter, erf\u00fcllender als in fast allen anderen Regionen der Erde. Indien ist kein Reiseland, Indien ist eine Passion.\u00a0\u00a0 &hellip; LESUNG in der Buchhandlung M\u00f6nter, Meerbusch Osterath, Montag 7.11.2016 19.00 Uhr weiterlesen &rarr;\" \/>\n<meta property=\"og:url\" content=\"https:\/\/ludwig-witzani.de\/zu-den-grossen-traeumen\/ludwig-witzani-indische-reisenindien-lesung-in-der-buchhandlung-moenter-meerbisch-psterath-montag-7-11-2016-19-00-uhr\/\" \/>\n<meta property=\"og:site_name\" content=\"Ludwig Witzani\" \/>\n<meta property=\"article:modified_time\" content=\"2025-06-03T10:32:52+00:00\" \/>\n<meta property=\"og:image\" content=\"https:\/\/ludwig-witzani.de\/wp-content\/uploads\/2016\/10\/cover-indien-titel.jpg\" \/>\n\t<meta property=\"og:image:width\" content=\"1181\" \/>\n\t<meta property=\"og:image:height\" content=\"1795\" \/>\n\t<meta property=\"og:image:type\" content=\"image\/jpeg\" \/>\n<meta name=\"twitter:card\" content=\"summary_large_image\" \/>\n<meta name=\"twitter:label1\" content=\"Gesch\u00e4tzte Lesezeit\" \/>\n\t<meta name=\"twitter:data1\" content=\"2\u00a0Minuten\" \/>\n<script type=\"application\/ld+json\" class=\"yoast-schema-graph\">{\"@context\":\"https:\\\/\\\/schema.org\",\"@graph\":[{\"@type\":\"WebPage\",\"@id\":\"https:\\\/\\\/ludwig-witzani.de\\\/zu-den-grossen-traeumen\\\/ludwig-witzani-indische-reisenindien-lesung-in-der-buchhandlung-moenter-meerbisch-psterath-montag-7-11-2016-19-00-uhr\\\/\",\"url\":\"https:\\\/\\\/ludwig-witzani.de\\\/zu-den-grossen-traeumen\\\/ludwig-witzani-indische-reisenindien-lesung-in-der-buchhandlung-moenter-meerbisch-psterath-montag-7-11-2016-19-00-uhr\\\/\",\"name\":\"LESUNG in der Buchhandlung M\u00f6nter, Meerbusch Osterath, Montag 7.11.2016 19.00 Uhr - Ludwig Witzani\",\"isPartOf\":{\"@id\":\"https:\\\/\\\/ludwig-witzani.de\\\/zu-den-grossen-traeumen\\\/#website\"},\"primaryImageOfPage\":{\"@id\":\"https:\\\/\\\/ludwig-witzani.de\\\/zu-den-grossen-traeumen\\\/ludwig-witzani-indische-reisenindien-lesung-in-der-buchhandlung-moenter-meerbisch-psterath-montag-7-11-2016-19-00-uhr\\\/#primaryimage\"},\"image\":{\"@id\":\"https:\\\/\\\/ludwig-witzani.de\\\/zu-den-grossen-traeumen\\\/ludwig-witzani-indische-reisenindien-lesung-in-der-buchhandlung-moenter-meerbisch-psterath-montag-7-11-2016-19-00-uhr\\\/#primaryimage\"},\"thumbnailUrl\":\"http:\\\/\\\/ludwig-witzani.de\\\/wp-content\\\/uploads\\\/2016\\\/10\\\/cover-indien-titel-526x800.jpg\",\"datePublished\":\"2016-10-16T01:10:48+00:00\",\"dateModified\":\"2025-06-03T10:32:52+00:00\",\"breadcrumb\":{\"@id\":\"https:\\\/\\\/ludwig-witzani.de\\\/zu-den-grossen-traeumen\\\/ludwig-witzani-indische-reisenindien-lesung-in-der-buchhandlung-moenter-meerbisch-psterath-montag-7-11-2016-19-00-uhr\\\/#breadcrumb\"},\"inLanguage\":\"de\",\"potentialAction\":[{\"@type\":\"ReadAction\",\"target\":[\"https:\\\/\\\/ludwig-witzani.de\\\/zu-den-grossen-traeumen\\\/ludwig-witzani-indische-reisenindien-lesung-in-der-buchhandlung-moenter-meerbisch-psterath-montag-7-11-2016-19-00-uhr\\\/\"]}]},{\"@type\":\"ImageObject\",\"inLanguage\":\"de\",\"@id\":\"https:\\\/\\\/ludwig-witzani.de\\\/zu-den-grossen-traeumen\\\/ludwig-witzani-indische-reisenindien-lesung-in-der-buchhandlung-moenter-meerbisch-psterath-montag-7-11-2016-19-00-uhr\\\/#primaryimage\",\"url\":\"http:\\\/\\\/ludwig-witzani.de\\\/wp-content\\\/uploads\\\/2016\\\/10\\\/cover-indien-titel-526x800.jpg\",\"contentUrl\":\"http:\\\/\\\/ludwig-witzani.de\\\/wp-content\\\/uploads\\\/2016\\\/10\\\/cover-indien-titel-526x800.jpg\"},{\"@type\":\"BreadcrumbList\",\"@id\":\"https:\\\/\\\/ludwig-witzani.de\\\/zu-den-grossen-traeumen\\\/ludwig-witzani-indische-reisenindien-lesung-in-der-buchhandlung-moenter-meerbisch-psterath-montag-7-11-2016-19-00-uhr\\\/#breadcrumb\",\"itemListElement\":[{\"@type\":\"ListItem\",\"position\":1,\"name\":\"Startseite\",\"item\":\"https:\\\/\\\/ludwig-witzani.de\\\/zu-den-grossen-traeumen\\\/\"},{\"@type\":\"ListItem\",\"position\":2,\"name\":\"LESUNG in der Buchhandlung M\u00f6nter, Meerbusch Osterath, Montag 7.11.2016 19.00 Uhr\"}]},{\"@type\":\"WebSite\",\"@id\":\"https:\\\/\\\/ludwig-witzani.de\\\/zu-den-grossen-traeumen\\\/#website\",\"url\":\"https:\\\/\\\/ludwig-witzani.de\\\/zu-den-grossen-traeumen\\\/\",\"name\":\"Ludwig Witzani\",\"description\":\"World Wide Travel\",\"potentialAction\":[{\"@type\":\"SearchAction\",\"target\":{\"@type\":\"EntryPoint\",\"urlTemplate\":\"https:\\\/\\\/ludwig-witzani.de\\\/zu-den-grossen-traeumen\\\/?s={search_term_string}\"},\"query-input\":{\"@type\":\"PropertyValueSpecification\",\"valueRequired\":true,\"valueName\":\"search_term_string\"}}],\"inLanguage\":\"de\"}]}<\/script>\n<!-- \/ Yoast SEO plugin. -->","yoast_head_json":{"title":"LESUNG in der Buchhandlung M\u00f6nter, Meerbusch Osterath, Montag 7.11.2016 19.00 Uhr - Ludwig Witzani","robots":{"index":"index","follow":"follow","max-snippet":"max-snippet:-1","max-image-preview":"max-image-preview:large","max-video-preview":"max-video-preview:-1"},"canonical":"https:\/\/ludwig-witzani.de\/zu-den-grossen-traeumen\/ludwig-witzani-indische-reisenindien-lesung-in-der-buchhandlung-moenter-meerbisch-psterath-montag-7-11-2016-19-00-uhr\/","og_locale":"de_DE","og_type":"article","og_title":"LESUNG in der Buchhandlung M\u00f6nter, Meerbusch Osterath, Montag 7.11.2016 19.00 Uhr - Ludwig Witzani","og_description":"\u00a0Ersch\u00fctterung, Platzangst, Panik und Gl\u00fcck \u2013 das sind nur einige der Gef\u00fchle, die Indien in jedem Reisenden erzeugt, der das Land alleine und auf sich selbst gestellt durchquert. Die Empfindungen, die den Indienreisenden dabei bedr\u00e4ngen, sind umfassender, direkter, erf\u00fcllender als in fast allen anderen Regionen der Erde. Indien ist kein Reiseland, Indien ist eine Passion.\u00a0\u00a0 &hellip; LESUNG in der Buchhandlung M\u00f6nter, Meerbusch Osterath, Montag 7.11.2016 19.00 Uhr weiterlesen &rarr;","og_url":"https:\/\/ludwig-witzani.de\/zu-den-grossen-traeumen\/ludwig-witzani-indische-reisenindien-lesung-in-der-buchhandlung-moenter-meerbisch-psterath-montag-7-11-2016-19-00-uhr\/","og_site_name":"Ludwig Witzani","article_modified_time":"2025-06-03T10:32:52+00:00","og_image":[{"width":1181,"height":1795,"url":"https:\/\/ludwig-witzani.de\/wp-content\/uploads\/2016\/10\/cover-indien-titel.jpg","type":"image\/jpeg"}],"twitter_card":"summary_large_image","twitter_misc":{"Gesch\u00e4tzte Lesezeit":"2\u00a0Minuten"},"schema":{"@context":"https:\/\/schema.org","@graph":[{"@type":"WebPage","@id":"https:\/\/ludwig-witzani.de\/zu-den-grossen-traeumen\/ludwig-witzani-indische-reisenindien-lesung-in-der-buchhandlung-moenter-meerbisch-psterath-montag-7-11-2016-19-00-uhr\/","url":"https:\/\/ludwig-witzani.de\/zu-den-grossen-traeumen\/ludwig-witzani-indische-reisenindien-lesung-in-der-buchhandlung-moenter-meerbisch-psterath-montag-7-11-2016-19-00-uhr\/","name":"LESUNG in der Buchhandlung M\u00f6nter, Meerbusch Osterath, Montag 7.11.2016 19.00 Uhr - Ludwig Witzani","isPartOf":{"@id":"https:\/\/ludwig-witzani.de\/zu-den-grossen-traeumen\/#website"},"primaryImageOfPage":{"@id":"https:\/\/ludwig-witzani.de\/zu-den-grossen-traeumen\/ludwig-witzani-indische-reisenindien-lesung-in-der-buchhandlung-moenter-meerbisch-psterath-montag-7-11-2016-19-00-uhr\/#primaryimage"},"image":{"@id":"https:\/\/ludwig-witzani.de\/zu-den-grossen-traeumen\/ludwig-witzani-indische-reisenindien-lesung-in-der-buchhandlung-moenter-meerbisch-psterath-montag-7-11-2016-19-00-uhr\/#primaryimage"},"thumbnailUrl":"http:\/\/ludwig-witzani.de\/wp-content\/uploads\/2016\/10\/cover-indien-titel-526x800.jpg","datePublished":"2016-10-16T01:10:48+00:00","dateModified":"2025-06-03T10:32:52+00:00","breadcrumb":{"@id":"https:\/\/ludwig-witzani.de\/zu-den-grossen-traeumen\/ludwig-witzani-indische-reisenindien-lesung-in-der-buchhandlung-moenter-meerbisch-psterath-montag-7-11-2016-19-00-uhr\/#breadcrumb"},"inLanguage":"de","potentialAction":[{"@type":"ReadAction","target":["https:\/\/ludwig-witzani.de\/zu-den-grossen-traeumen\/ludwig-witzani-indische-reisenindien-lesung-in-der-buchhandlung-moenter-meerbisch-psterath-montag-7-11-2016-19-00-uhr\/"]}]},{"@type":"ImageObject","inLanguage":"de","@id":"https:\/\/ludwig-witzani.de\/zu-den-grossen-traeumen\/ludwig-witzani-indische-reisenindien-lesung-in-der-buchhandlung-moenter-meerbisch-psterath-montag-7-11-2016-19-00-uhr\/#primaryimage","url":"http:\/\/ludwig-witzani.de\/wp-content\/uploads\/2016\/10\/cover-indien-titel-526x800.jpg","contentUrl":"http:\/\/ludwig-witzani.de\/wp-content\/uploads\/2016\/10\/cover-indien-titel-526x800.jpg"},{"@type":"BreadcrumbList","@id":"https:\/\/ludwig-witzani.de\/zu-den-grossen-traeumen\/ludwig-witzani-indische-reisenindien-lesung-in-der-buchhandlung-moenter-meerbisch-psterath-montag-7-11-2016-19-00-uhr\/#breadcrumb","itemListElement":[{"@type":"ListItem","position":1,"name":"Startseite","item":"https:\/\/ludwig-witzani.de\/zu-den-grossen-traeumen\/"},{"@type":"ListItem","position":2,"name":"LESUNG in der Buchhandlung M\u00f6nter, Meerbusch Osterath, Montag 7.11.2016 19.00 Uhr"}]},{"@type":"WebSite","@id":"https:\/\/ludwig-witzani.de\/zu-den-grossen-traeumen\/#website","url":"https:\/\/ludwig-witzani.de\/zu-den-grossen-traeumen\/","name":"Ludwig Witzani","description":"World Wide Travel","potentialAction":[{"@type":"SearchAction","target":{"@type":"EntryPoint","urlTemplate":"https:\/\/ludwig-witzani.de\/zu-den-grossen-traeumen\/?s={search_term_string}"},"query-input":{"@type":"PropertyValueSpecification","valueRequired":true,"valueName":"search_term_string"}}],"inLanguage":"de"}]}},"jetpack_shortlink":"https:\/\/wp.me\/P4daYo-1xI","jetpack_sharing_enabled":true,"_links":{"self":[{"href":"https:\/\/ludwig-witzani.de\/zu-den-grossen-traeumen\/wp-json\/wp\/v2\/pages\/5934","targetHints":{"allow":["GET"]}}],"collection":[{"href":"https:\/\/ludwig-witzani.de\/zu-den-grossen-traeumen\/wp-json\/wp\/v2\/pages"}],"about":[{"href":"https:\/\/ludwig-witzani.de\/zu-den-grossen-traeumen\/wp-json\/wp\/v2\/types\/page"}],"author":[{"embeddable":true,"href":"https:\/\/ludwig-witzani.de\/zu-den-grossen-traeumen\/wp-json\/wp\/v2\/users\/2"}],"replies":[{"embeddable":true,"href":"https:\/\/ludwig-witzani.de\/zu-den-grossen-traeumen\/wp-json\/wp\/v2\/comments?post=5934"}],"version-history":[{"count":10,"href":"https:\/\/ludwig-witzani.de\/zu-den-grossen-traeumen\/wp-json\/wp\/v2\/pages\/5934\/revisions"}],"predecessor-version":[{"id":5947,"href":"https:\/\/ludwig-witzani.de\/zu-den-grossen-traeumen\/wp-json\/wp\/v2\/pages\/5934\/revisions\/5947"}],"wp:attachment":[{"href":"https:\/\/ludwig-witzani.de\/zu-den-grossen-traeumen\/wp-json\/wp\/v2\/media?parent=5934"}],"curies":[{"name":"wp","href":"https:\/\/api.w.org\/{rel}","templated":true}]}}