{"id":5902,"date":"2016-07-22T16:19:39","date_gmt":"2016-07-22T16:19:39","guid":{"rendered":"http:\/\/ludwig-witzani.de\/?page_id=5902"},"modified":"2025-06-03T10:32:52","modified_gmt":"2025-06-03T10:32:52","slug":"der-mullah-und-das-paradies-reisen-durch-den-iran-und-usbekistan","status":"publish","type":"page","link":"https:\/\/ludwig-witzani.de\/zu-den-grossen-traeumen\/buecher\/der-mullah-und-das-paradies-reisen-durch-den-iran-und-usbekistan\/","title":{"rendered":"Der Mullah und das Paradies. Reisen durch den Iran und Usbekistan"},"content":{"rendered":"<p><img loading=\"lazy\" decoding=\"async\" class=\"aligncenter size-medium wp-image-5903\" src=\"http:\/\/ludwig-witzani.de\/wp-content\/uploads\/2016\/07\/cover-mullah-526x800.jpg\" alt=\"cover-mullah\" width=\"526\" height=\"800\" srcset=\"https:\/\/ludwig-witzani.de\/wp-content\/uploads\/2016\/07\/cover-mullah-526x800.jpg 526w, https:\/\/ludwig-witzani.de\/wp-content\/uploads\/2016\/07\/cover-mullah-768x1168.jpg 768w, https:\/\/ludwig-witzani.de\/wp-content\/uploads\/2016\/07\/cover-mullah-789x1200.jpg 789w\" sizes=\"auto, (max-width: 526px) 100vw, 526px\" \/><\/p>\n<p>Wer f\u00e4hrt schon in den Iran oder nach Usbekistan? Und dass auch<br \/>\nnoch freiwillig?<br \/>\nIch!<br \/>\nUnd zwar mit Begeisterung, denn ganz unabh\u00e4ngig von dem Bild, das die Medien propagieren, handelt es sich bei diesen beiden L\u00e4ndern um zwei der interessantesten Regionen der Erde. St\u00e4dte wie Isfahan und Samarkand erinnern an den Zauber von Tausendundeiner Nacht, die Ruinen von Persepolis und Ayaz Qala f\u00fchren zur\u00fcck in eine l\u00e4ngst vergessene, vorislamische Geschichte. Und am Grab des Naqs<span class=\"text_exposed_show\">chbandi in Buchara oder im Mausoleum Ayatollah Chomeinis begegnet dem Reisenden eine religi\u00f6se Inbrunst, die die Welt herausfordert &#8211; schiitisch im Iran und sunnitisch in Usbekistan. Aber so Unterschiedliches dem Reisenden im Iran oder in Usbekistan auch widerf\u00e4hrt, noch immer begegnet er abseits der gro\u00dfen St\u00e4dte dem traditionellen Islam, dem einstmals so milden Bruder des Westens, in dessen Moscheen sich so gut vom G\u00f6ttlichen tr\u00e4umen lie\u00df &#8211; ehe seine radikalen Protagonisten ihren t\u00f6dlichen Veitztanz begannen. So gleicht diese Reise auch einer Spurensuche nach dem Wesen der islamischen Religion.<br \/>\n<\/span><\/p>\n<p><a href=\"https:\/\/www.amazon.de\/Weltreisen-Mullah-das-Paradies-Usbekistan\/dp\/3741829412\/ref=sr_1_1?ie=UTF8&amp;qid=1469290326&amp;sr=8-1&amp;keywords=ludwig+witzani+der+mullah+und+das+paradies\">PRINTAUSGABE BEI AMAZON <\/a>308 Seiten, epubli Verlag, Berlin, 2016, 12,95 Euro<\/p>\n<p><a href=\"https:\/\/www.amazon.de\/Mullah-das-Paradies-Reisen-Usbekistan-ebook\/dp\/B01JDPEQFC\/ref=sr_1_2?ie=UTF8&amp;qid=1473514821&amp;sr=8-2&amp;keywords=Ludwig+Witzani+Der+Mullah+und+das+Paradies\">Kindle Ausgabe bei amazon 4,99 Euro <\/a><\/p>\n<p><a href=\"https:\/\/itunes.apple.com\/de\/book\/der-mullah-und-das-paradies\/id1139501960?mt=11\">iBook im Apple-Store 4,99 Euro<\/a><\/p>\n","protected":false},"excerpt":{"rendered":"<p>Wer f\u00e4hrt schon in den Iran oder nach Usbekistan? Und dass auch noch freiwillig? Ich! Und zwar mit Begeisterung, denn ganz unabh\u00e4ngig von dem Bild, das die Medien propagieren, handelt es sich bei diesen beiden L\u00e4ndern um zwei der interessantesten Regionen der Erde. St\u00e4dte wie Isfahan und Samarkand erinnern an den Zauber von Tausendundeiner Nacht, &hellip; <a href=\"https:\/\/ludwig-witzani.de\/zu-den-grossen-traeumen\/buecher\/der-mullah-und-das-paradies-reisen-durch-den-iran-und-usbekistan\/\" class=\"more-link\"><span class=\"screen-reader-text\">Der Mullah und das Paradies. Reisen durch den Iran und Usbekistan<\/span> weiterlesen <span class=\"meta-nav\">&rarr;<\/span><\/a><\/p>\n","protected":false},"author":2,"featured_media":0,"parent":11,"menu_order":0,"comment_status":"open","ping_status":"closed","template":"","meta":{"ngg_post_thumbnail":0,"jetpack_post_was_ever_published":false,"footnotes":""},"class_list":["post-5902","page","type-page","status-publish","hentry"],"yoast_head":"<!-- This site is optimized with the Yoast SEO plugin v27.4 - https:\/\/yoast.com\/product\/yoast-seo-wordpress\/ -->\n<title>Der Mullah und das Paradies. Reisen durch den Iran und Usbekistan - Ludwig Witzani<\/title>\n<meta name=\"description\" content=\"Teheran, Yazd, Isfahan, Shiraz, Bam, Buchara, Samarkand, Tashkent, Islamiscche Revolution\" \/>\n<meta name=\"robots\" content=\"index, follow, max-snippet:-1, max-image-preview:large, max-video-preview:-1\" \/>\n<link rel=\"canonical\" href=\"https:\/\/ludwig-witzani.de\/zu-den-grossen-traeumen\/buecher\/der-mullah-und-das-paradies-reisen-durch-den-iran-und-usbekistan\/\" \/>\n<meta property=\"og:locale\" content=\"de_DE\" \/>\n<meta property=\"og:type\" content=\"article\" \/>\n<meta property=\"og:title\" content=\"Der Mullah und das Paradies. Reisen durch den Iran und Usbekistan - Ludwig Witzani\" \/>\n<meta property=\"og:description\" content=\"Teheran, Yazd, Isfahan, Shiraz, Bam, Buchara, Samarkand, Tashkent, Islamiscche Revolution\" \/>\n<meta property=\"og:url\" content=\"https:\/\/ludwig-witzani.de\/zu-den-grossen-traeumen\/buecher\/der-mullah-und-das-paradies-reisen-durch-den-iran-und-usbekistan\/\" \/>\n<meta property=\"og:site_name\" content=\"Ludwig Witzani\" \/>\n<meta property=\"article:modified_time\" content=\"2025-06-03T10:32:52+00:00\" \/>\n<meta property=\"og:image\" content=\"https:\/\/ludwig-witzani.de\/wp-content\/uploads\/2016\/07\/cover-mullah.jpg\" \/>\n\t<meta property=\"og:image:width\" content=\"2845\" \/>\n\t<meta property=\"og:image:height\" content=\"4325\" \/>\n\t<meta property=\"og:image:type\" content=\"image\/jpeg\" \/>\n<meta name=\"twitter:card\" content=\"summary_large_image\" \/>\n<meta name=\"twitter:label1\" content=\"Gesch\u00e4tzte Lesezeit\" \/>\n\t<meta name=\"twitter:data1\" content=\"2\u00a0Minuten\" \/>\n<script type=\"application\/ld+json\" class=\"yoast-schema-graph\">{\"@context\":\"https:\\\/\\\/schema.org\",\"@graph\":[{\"@type\":\"WebPage\",\"@id\":\"https:\\\/\\\/ludwig-witzani.de\\\/zu-den-grossen-traeumen\\\/buecher\\\/der-mullah-und-das-paradies-reisen-durch-den-iran-und-usbekistan\\\/\",\"url\":\"https:\\\/\\\/ludwig-witzani.de\\\/zu-den-grossen-traeumen\\\/buecher\\\/der-mullah-und-das-paradies-reisen-durch-den-iran-und-usbekistan\\\/\",\"name\":\"Der Mullah und das Paradies. Reisen durch den Iran und Usbekistan - Ludwig Witzani\",\"isPartOf\":{\"@id\":\"https:\\\/\\\/ludwig-witzani.de\\\/zu-den-grossen-traeumen\\\/#website\"},\"primaryImageOfPage\":{\"@id\":\"https:\\\/\\\/ludwig-witzani.de\\\/zu-den-grossen-traeumen\\\/buecher\\\/der-mullah-und-das-paradies-reisen-durch-den-iran-und-usbekistan\\\/#primaryimage\"},\"image\":{\"@id\":\"https:\\\/\\\/ludwig-witzani.de\\\/zu-den-grossen-traeumen\\\/buecher\\\/der-mullah-und-das-paradies-reisen-durch-den-iran-und-usbekistan\\\/#primaryimage\"},\"thumbnailUrl\":\"http:\\\/\\\/ludwig-witzani.de\\\/wp-content\\\/uploads\\\/2016\\\/07\\\/cover-mullah-526x800.jpg\",\"datePublished\":\"2016-07-22T16:19:39+00:00\",\"dateModified\":\"2025-06-03T10:32:52+00:00\",\"description\":\"Teheran, Yazd, Isfahan, Shiraz, Bam, Buchara, Samarkand, Tashkent, Islamiscche Revolution\",\"breadcrumb\":{\"@id\":\"https:\\\/\\\/ludwig-witzani.de\\\/zu-den-grossen-traeumen\\\/buecher\\\/der-mullah-und-das-paradies-reisen-durch-den-iran-und-usbekistan\\\/#breadcrumb\"},\"inLanguage\":\"de\",\"potentialAction\":[{\"@type\":\"ReadAction\",\"target\":[\"https:\\\/\\\/ludwig-witzani.de\\\/zu-den-grossen-traeumen\\\/buecher\\\/der-mullah-und-das-paradies-reisen-durch-den-iran-und-usbekistan\\\/\"]}]},{\"@type\":\"ImageObject\",\"inLanguage\":\"de\",\"@id\":\"https:\\\/\\\/ludwig-witzani.de\\\/zu-den-grossen-traeumen\\\/buecher\\\/der-mullah-und-das-paradies-reisen-durch-den-iran-und-usbekistan\\\/#primaryimage\",\"url\":\"http:\\\/\\\/ludwig-witzani.de\\\/wp-content\\\/uploads\\\/2016\\\/07\\\/cover-mullah-526x800.jpg\",\"contentUrl\":\"http:\\\/\\\/ludwig-witzani.de\\\/wp-content\\\/uploads\\\/2016\\\/07\\\/cover-mullah-526x800.jpg\"},{\"@type\":\"BreadcrumbList\",\"@id\":\"https:\\\/\\\/ludwig-witzani.de\\\/zu-den-grossen-traeumen\\\/buecher\\\/der-mullah-und-das-paradies-reisen-durch-den-iran-und-usbekistan\\\/#breadcrumb\",\"itemListElement\":[{\"@type\":\"ListItem\",\"position\":1,\"name\":\"Startseite\",\"item\":\"https:\\\/\\\/ludwig-witzani.de\\\/zu-den-grossen-traeumen\\\/\"},{\"@type\":\"ListItem\",\"position\":2,\"name\":\"Buchver\u00f6ffentlichungen\",\"item\":\"https:\\\/\\\/ludwig-witzani.de\\\/zu-den-grossen-traeumen\\\/buecher\\\/\"},{\"@type\":\"ListItem\",\"position\":3,\"name\":\"Der Mullah und das Paradies. Reisen durch den Iran und Usbekistan\"}]},{\"@type\":\"WebSite\",\"@id\":\"https:\\\/\\\/ludwig-witzani.de\\\/zu-den-grossen-traeumen\\\/#website\",\"url\":\"https:\\\/\\\/ludwig-witzani.de\\\/zu-den-grossen-traeumen\\\/\",\"name\":\"Ludwig Witzani\",\"description\":\"World Wide Travel\",\"potentialAction\":[{\"@type\":\"SearchAction\",\"target\":{\"@type\":\"EntryPoint\",\"urlTemplate\":\"https:\\\/\\\/ludwig-witzani.de\\\/zu-den-grossen-traeumen\\\/?s={search_term_string}\"},\"query-input\":{\"@type\":\"PropertyValueSpecification\",\"valueRequired\":true,\"valueName\":\"search_term_string\"}}],\"inLanguage\":\"de\"}]}<\/script>\n<!-- \/ Yoast SEO plugin. -->","yoast_head_json":{"title":"Der Mullah und das Paradies. Reisen durch den Iran und Usbekistan - Ludwig Witzani","description":"Teheran, Yazd, Isfahan, Shiraz, Bam, Buchara, Samarkand, Tashkent, Islamiscche Revolution","robots":{"index":"index","follow":"follow","max-snippet":"max-snippet:-1","max-image-preview":"max-image-preview:large","max-video-preview":"max-video-preview:-1"},"canonical":"https:\/\/ludwig-witzani.de\/zu-den-grossen-traeumen\/buecher\/der-mullah-und-das-paradies-reisen-durch-den-iran-und-usbekistan\/","og_locale":"de_DE","og_type":"article","og_title":"Der Mullah und das Paradies. Reisen durch den Iran und Usbekistan - Ludwig Witzani","og_description":"Teheran, Yazd, Isfahan, Shiraz, Bam, Buchara, Samarkand, Tashkent, Islamiscche Revolution","og_url":"https:\/\/ludwig-witzani.de\/zu-den-grossen-traeumen\/buecher\/der-mullah-und-das-paradies-reisen-durch-den-iran-und-usbekistan\/","og_site_name":"Ludwig Witzani","article_modified_time":"2025-06-03T10:32:52+00:00","og_image":[{"width":2845,"height":4325,"url":"https:\/\/ludwig-witzani.de\/wp-content\/uploads\/2016\/07\/cover-mullah.jpg","type":"image\/jpeg"}],"twitter_card":"summary_large_image","twitter_misc":{"Gesch\u00e4tzte Lesezeit":"2\u00a0Minuten"},"schema":{"@context":"https:\/\/schema.org","@graph":[{"@type":"WebPage","@id":"https:\/\/ludwig-witzani.de\/zu-den-grossen-traeumen\/buecher\/der-mullah-und-das-paradies-reisen-durch-den-iran-und-usbekistan\/","url":"https:\/\/ludwig-witzani.de\/zu-den-grossen-traeumen\/buecher\/der-mullah-und-das-paradies-reisen-durch-den-iran-und-usbekistan\/","name":"Der Mullah und das Paradies. Reisen durch den Iran und Usbekistan - Ludwig Witzani","isPartOf":{"@id":"https:\/\/ludwig-witzani.de\/zu-den-grossen-traeumen\/#website"},"primaryImageOfPage":{"@id":"https:\/\/ludwig-witzani.de\/zu-den-grossen-traeumen\/buecher\/der-mullah-und-das-paradies-reisen-durch-den-iran-und-usbekistan\/#primaryimage"},"image":{"@id":"https:\/\/ludwig-witzani.de\/zu-den-grossen-traeumen\/buecher\/der-mullah-und-das-paradies-reisen-durch-den-iran-und-usbekistan\/#primaryimage"},"thumbnailUrl":"http:\/\/ludwig-witzani.de\/wp-content\/uploads\/2016\/07\/cover-mullah-526x800.jpg","datePublished":"2016-07-22T16:19:39+00:00","dateModified":"2025-06-03T10:32:52+00:00","description":"Teheran, Yazd, Isfahan, Shiraz, Bam, Buchara, Samarkand, Tashkent, Islamiscche Revolution","breadcrumb":{"@id":"https:\/\/ludwig-witzani.de\/zu-den-grossen-traeumen\/buecher\/der-mullah-und-das-paradies-reisen-durch-den-iran-und-usbekistan\/#breadcrumb"},"inLanguage":"de","potentialAction":[{"@type":"ReadAction","target":["https:\/\/ludwig-witzani.de\/zu-den-grossen-traeumen\/buecher\/der-mullah-und-das-paradies-reisen-durch-den-iran-und-usbekistan\/"]}]},{"@type":"ImageObject","inLanguage":"de","@id":"https:\/\/ludwig-witzani.de\/zu-den-grossen-traeumen\/buecher\/der-mullah-und-das-paradies-reisen-durch-den-iran-und-usbekistan\/#primaryimage","url":"http:\/\/ludwig-witzani.de\/wp-content\/uploads\/2016\/07\/cover-mullah-526x800.jpg","contentUrl":"http:\/\/ludwig-witzani.de\/wp-content\/uploads\/2016\/07\/cover-mullah-526x800.jpg"},{"@type":"BreadcrumbList","@id":"https:\/\/ludwig-witzani.de\/zu-den-grossen-traeumen\/buecher\/der-mullah-und-das-paradies-reisen-durch-den-iran-und-usbekistan\/#breadcrumb","itemListElement":[{"@type":"ListItem","position":1,"name":"Startseite","item":"https:\/\/ludwig-witzani.de\/zu-den-grossen-traeumen\/"},{"@type":"ListItem","position":2,"name":"Buchver\u00f6ffentlichungen","item":"https:\/\/ludwig-witzani.de\/zu-den-grossen-traeumen\/buecher\/"},{"@type":"ListItem","position":3,"name":"Der Mullah und das Paradies. Reisen durch den Iran und Usbekistan"}]},{"@type":"WebSite","@id":"https:\/\/ludwig-witzani.de\/zu-den-grossen-traeumen\/#website","url":"https:\/\/ludwig-witzani.de\/zu-den-grossen-traeumen\/","name":"Ludwig Witzani","description":"World Wide Travel","potentialAction":[{"@type":"SearchAction","target":{"@type":"EntryPoint","urlTemplate":"https:\/\/ludwig-witzani.de\/zu-den-grossen-traeumen\/?s={search_term_string}"},"query-input":{"@type":"PropertyValueSpecification","valueRequired":true,"valueName":"search_term_string"}}],"inLanguage":"de"}]}},"jetpack_shortlink":"https:\/\/wp.me\/P4daYo-1xc","jetpack_sharing_enabled":true,"_links":{"self":[{"href":"https:\/\/ludwig-witzani.de\/zu-den-grossen-traeumen\/wp-json\/wp\/v2\/pages\/5902","targetHints":{"allow":["GET"]}}],"collection":[{"href":"https:\/\/ludwig-witzani.de\/zu-den-grossen-traeumen\/wp-json\/wp\/v2\/pages"}],"about":[{"href":"https:\/\/ludwig-witzani.de\/zu-den-grossen-traeumen\/wp-json\/wp\/v2\/types\/page"}],"author":[{"embeddable":true,"href":"https:\/\/ludwig-witzani.de\/zu-den-grossen-traeumen\/wp-json\/wp\/v2\/users\/2"}],"replies":[{"embeddable":true,"href":"https:\/\/ludwig-witzani.de\/zu-den-grossen-traeumen\/wp-json\/wp\/v2\/comments?post=5902"}],"version-history":[{"count":6,"href":"https:\/\/ludwig-witzani.de\/zu-den-grossen-traeumen\/wp-json\/wp\/v2\/pages\/5902\/revisions"}],"predecessor-version":[{"id":9715,"href":"https:\/\/ludwig-witzani.de\/zu-den-grossen-traeumen\/wp-json\/wp\/v2\/pages\/5902\/revisions\/9715"}],"up":[{"embeddable":true,"href":"https:\/\/ludwig-witzani.de\/zu-den-grossen-traeumen\/wp-json\/wp\/v2\/pages\/11"}],"wp:attachment":[{"href":"https:\/\/ludwig-witzani.de\/zu-den-grossen-traeumen\/wp-json\/wp\/v2\/media?parent=5902"}],"curies":[{"name":"wp","href":"https:\/\/api.w.org\/{rel}","templated":true}]}}