{"id":5587,"date":"2016-04-05T11:50:09","date_gmt":"2016-04-05T11:50:09","guid":{"rendered":"http:\/\/ludwig-witzani.de\/?page_id=5587"},"modified":"2025-06-03T10:32:52","modified_gmt":"2025-06-03T10:32:52","slug":"ideen-fuer-eine-selbstorganisierte-reise-durch-suedjapan","status":"publish","type":"page","link":"https:\/\/ludwig-witzani.de\/zu-den-grossen-traeumen\/ideen-fuer-eine-selbstorganisierte-reise-durch-suedjapan\/","title":{"rendered":"Ideen f\u00fcr eine selbstorganisierte Reise durch S\u00fcdjapan"},"content":{"rendered":"<p>Nach den Erfahrungen meiner ersten Japanreise meine ich, dass es durchaus m\u00f6glich ist, Japan individuell zu bereisen.\u00a0 \u00a0An den Bahnh\u00f6fen sind alle wichtigen Daten in Englisch abgedruckt, im Lonely Planet Guide steht neben jeder Ortsangabe das Wort in Japanisch, <img loading=\"lazy\" decoding=\"async\" class=\"alignright wp-image-5588\" src=\"http:\/\/ludwig-witzani.de\/wp-content\/uploads\/2016\/04\/IMG_8420-Kopie-515x800.jpg\" alt=\"IMG_8420 - Kopie\" width=\"243\" height=\"378\" srcset=\"https:\/\/ludwig-witzani.de\/wp-content\/uploads\/2016\/04\/IMG_8420-Kopie-515x800.jpg 515w, https:\/\/ludwig-witzani.de\/wp-content\/uploads\/2016\/04\/IMG_8420-Kopie-768x1194.jpg 768w, https:\/\/ludwig-witzani.de\/wp-content\/uploads\/2016\/04\/IMG_8420-Kopie-772x1200.jpg 772w\" sizes=\"auto, (max-width: 243px) 100vw, 243px\" \/>so dass man im Notfall mit dem Buch in der Hand Passanten fragen kann. Nach dem Studium der Erfahrungsberichte zum Autofahren in Japan scheint es sogar m\u00f6glich, au\u00dferhalb der Ballungsr\u00e4ume Japan mit einem Mietwagen zu bereisen (Preise \u00e4hnlich wie bei uns). Erforderlich ist daf\u00fcr ein englischsprachiger Navigator ( siehe dazu die App \u201eNavitime for Japan Travel\u201c f\u00fcr Android Ger\u00e4te ) F\u00fcr Reisedetails vor Ort unverzichtbar ist die jeweils neueste Ausgabe des Lonely Planet Guides, alternativ auch die ausgezeichneten Japan-Ausgaben aus dem Stefan Loose Verlag und der Reise know how-Reihe, die ich erst nach meiner ersten Japanreise kennenlernte. Einfacher, wenngleich kostspieliger ist die M\u00f6glichkeit, sich in den St\u00e4dten in eines der zentralen Hotels einzumieten und von dort Ausfl\u00fcge und Touren zu buchen. Eine Tagestour von Osaka zum heiligen Berg Koyan-san kostet etwa \u00a0um die 125 USD. \u00a0Da diese Gruppen aber \u00fcber keine englischsprachigen Guides verf\u00fcgen, sollte man sich vorher etwas eingelesen haben.<\/p>\n<p><strong>Warum Shikoku und Kyushu<\/strong>? Shikoku ist die Pilgerinsel Japans, 88 Tempel befinden sich auf der kleinen Insel und Pilgergruppen wandern unabl\u00e4ssig und zu allen Jahreszeiten von Tempel zu Tempel. Die Insel steht kulturell in der Tradition des gro\u00dfen Buddhistischen Gelehrten Kobo Daishi (Kaidu), dem Gr\u00fcnder der Shingon-Schule. Kyushu ist fast schon subtropisch, ein gr\u00fcneres, bl\u00fchendes Japan mit einem Schuss S\u00fcdostasien. Das Reiseerlebnis beider Inseln ist geeignet, die Eindr\u00fccke der ersten Reise zu erg\u00e4nzen<\/p>\n<p>Idee f\u00fcr eine <strong>S\u00fcdjapanreise f\u00fcr knapp drei Wochen<\/strong>\u00a0 (Aus der Reihe: \u201eMan wird ja noch tr\u00e4umen d\u00fcrfen\u201c)<\/p>\n<p><img loading=\"lazy\" decoding=\"async\" class=\"aligncenter size-medium wp-image-5589\" src=\"http:\/\/ludwig-witzani.de\/wp-content\/uploads\/2016\/04\/S\u00fcdjapanreise-Routenidee-3-900x612.jpg\" alt=\"S\u00fcdjapanreise Routenidee (3)\" width=\"900\" height=\"612\" srcset=\"https:\/\/ludwig-witzani.de\/wp-content\/uploads\/2016\/04\/S\u00fcdjapanreise-Routenidee-3-900x612.jpg 900w, https:\/\/ludwig-witzani.de\/wp-content\/uploads\/2016\/04\/S\u00fcdjapanreise-Routenidee-3-768x522.jpg 768w, https:\/\/ludwig-witzani.de\/wp-content\/uploads\/2016\/04\/S\u00fcdjapanreise-Routenidee-3.jpg 1053w\" sizes=\"auto, (max-width: 900px) 100vw, 900px\" \/><\/p>\n<ul>\n<li>Landung auf dem Kansai Airport in der N\u00e4he von Osaka Es gibt direkte und regelm\u00e4\u00dfige Z\u00fcge, die den Flughafen von Osaka-Kansai mit den zentralen Hotels in Osaka verbinden<\/li>\n<\/ul>\n<ul>\n<li>Stadtrundgang durch Osaka (Burg von Osaka, die Viertel Dotonbori und Shinsaisahi und die Stadtaussicht von den Floating Gardens aus)<\/li>\n<li>Tagesausflug zum heiligen Berg Koya-san: Dieser Tempelberg wurde um 800 durch den bereits oben erw\u00e4hnten Kobo Daishu gegr\u00fcndet. Sp\u00e4ter war Koya-san einer von zahlreichen Tempelbergen, die im Laufe der japanischen Geschichte als St\u00fctzpunkte aggressiver M\u00f6nchsorden eine regelrechte Plage darstellten. die erst durch den ersten Reichseiniger Oda Nobunaga um 1575 zerschlagen wurden. Nur der Kayo-san wurde von der Vernichtung ausgenommen.<\/li>\n<li>Fr\u00fcher war es m\u00f6glich, von Osaka aus mit der F\u00e4hre bei Tageslicht durch die japanische Inlandsee nach Beppu auf Kyushu zu fahren. Leider wurde der Tagesbetrieb eingestellt, und nachts hat man von der Seereise nicht viel. Deswegen w\u00fcrde ich mir f\u00fcr die Bereisung der Insel Shikoku einen Mietwagen zulegen. Mit ihm w\u00fcrde ich durch Shikoku und Kyushu fahren und ihn in Nagasaki wieder abgeben.Erste Station auf Shikoku w\u00e4re Takamatsu (dort Besichtigung des Rissurinparks aus dem 17. Jhdt.) und Fahrt nach Yashia mit einem herrlichen Rundblick \u00fcber die Binnensee.<\/li>\n<\/ul>\n<ul>\n<li>Von Takamatsu aus Ausflug ins Landesinnere nach Kotohira und Zentsuji, dem Geburtsort von Kobo Daishi<\/li>\n<li>Von Takamatsu aus die K\u00fcstenstra\u00dfe entlang zum herrlichen Nationalpark Murotu Anan Quasi<\/li>\n<li>Dort einen Tag wandern, Natur, Tempel und Schreine besichtigen<\/li>\n<li>Vom Murotu Anan Quasi Nationalpark die K\u00fcstenstra\u00dfe den Pazifik entlang nach Uwajima und zum Kap Sada gegen\u00fcber der Nachbarinsel Kyushu<\/li>\n<li>Mit der Autof\u00e4hre von Uwajima direkt nach Beppu auf Kyushu<\/li>\n<li>Einen Tag im Badeort Beppu entspannen (Takasaki H\u00fcgel mit Rundblick und Affenpark)<\/li>\n<li>Ausflug zum Aso Nationalpark mit dem gr\u00f6\u00dften Kraterrand der Welt<\/li>\n<li>Von Beppu aus Fahrt s\u00fcdlich nach Myazaki ( Schrein des Jimmu Tennos )<\/li>\n<li>Die traumhafte K\u00fcstenstra\u00dfe s\u00fcdlich weiter an zum Udo Schrein Kap Toi vorbei bis nach Kagoshima<\/li>\n<li>Kagoshima, das Neapel Japans, Ausflug zum thermalband von Igusuki, Ausflug zum Kap Nagasakibana<\/li>\n<li>Einen Tag erholen und Baden am Kap Nagasakibana<\/li>\n<li>Von Kagoshima aus weiter nach Norden, Besuch der Amakusa-Inseln, auf denen sich geschichtliche \u00dcberreste der japanischen Christen des 17. Jhdts befinden.<\/li>\n<li>Von den Amakusa Inseln aus \u00dcbersetzen nach Nagasaki<\/li>\n<li>Nagasaki (Insel Dejima, M\u00e4rtyrerpark, Friedenspark Glover Mansionmit herrlicher Aussicht)<\/li>\n<li>Fahrt nach Fukuoka und vom internationalen Flughafen nach Hause <img loading=\"lazy\" decoding=\"async\" class=\"aligncenter size-medium wp-image-5590\" src=\"http:\/\/ludwig-witzani.de\/wp-content\/uploads\/2016\/04\/b-2-900x600.jpg\" alt=\"b (2)\" width=\"900\" height=\"600\" srcset=\"https:\/\/ludwig-witzani.de\/wp-content\/uploads\/2016\/04\/b-2-900x600.jpg 900w, https:\/\/ludwig-witzani.de\/wp-content\/uploads\/2016\/04\/b-2-768x512.jpg 768w, https:\/\/ludwig-witzani.de\/wp-content\/uploads\/2016\/04\/b-2.jpg 1600w\" sizes=\"auto, (max-width: 900px) 100vw, 900px\" \/><\/li>\n<\/ul>\n<p>&nbsp;<\/p>\n","protected":false},"excerpt":{"rendered":"<p>Nach den Erfahrungen meiner ersten Japanreise meine ich, dass es durchaus m\u00f6glich ist, Japan individuell zu bereisen.\u00a0 \u00a0An den Bahnh\u00f6fen sind alle wichtigen Daten in Englisch abgedruckt, im Lonely Planet Guide steht neben jeder Ortsangabe das Wort in Japanisch, so dass man im Notfall mit dem Buch in der Hand Passanten fragen kann. Nach dem &hellip; <a href=\"https:\/\/ludwig-witzani.de\/zu-den-grossen-traeumen\/ideen-fuer-eine-selbstorganisierte-reise-durch-suedjapan\/\" class=\"more-link\"><span class=\"screen-reader-text\">Ideen f\u00fcr eine selbstorganisierte Reise durch S\u00fcdjapan<\/span> weiterlesen <span class=\"meta-nav\">&rarr;<\/span><\/a><\/p>\n","protected":false},"author":2,"featured_media":0,"parent":0,"menu_order":0,"comment_status":"closed","ping_status":"closed","template":"","meta":{"ngg_post_thumbnail":0,"jetpack_post_was_ever_published":false,"footnotes":""},"class_list":["post-5587","page","type-page","status-publish","hentry"],"yoast_head":"<!-- This site is optimized with the Yoast SEO plugin v27.4 - https:\/\/yoast.com\/product\/yoast-seo-wordpress\/ -->\n<title>Ideen f\u00fcr eine selbstorganisierte Reise durch S\u00fcdjapan - Ludwig Witzani<\/title>\n<meta name=\"robots\" content=\"index, follow, max-snippet:-1, max-image-preview:large, max-video-preview:-1\" \/>\n<link rel=\"canonical\" href=\"https:\/\/ludwig-witzani.de\/zu-den-grossen-traeumen\/ideen-fuer-eine-selbstorganisierte-reise-durch-suedjapan\/\" \/>\n<meta property=\"og:locale\" content=\"de_DE\" \/>\n<meta property=\"og:type\" content=\"article\" \/>\n<meta property=\"og:title\" content=\"Ideen f\u00fcr eine selbstorganisierte Reise durch S\u00fcdjapan - Ludwig Witzani\" \/>\n<meta property=\"og:description\" content=\"Nach den Erfahrungen meiner ersten Japanreise meine ich, dass es durchaus m\u00f6glich ist, Japan individuell zu bereisen.\u00a0 \u00a0An den Bahnh\u00f6fen sind alle wichtigen Daten in Englisch abgedruckt, im Lonely Planet Guide steht neben jeder Ortsangabe das Wort in Japanisch, so dass man im Notfall mit dem Buch in der Hand Passanten fragen kann. Nach dem &hellip; Ideen f\u00fcr eine selbstorganisierte Reise durch S\u00fcdjapan weiterlesen &rarr;\" \/>\n<meta property=\"og:url\" content=\"https:\/\/ludwig-witzani.de\/zu-den-grossen-traeumen\/ideen-fuer-eine-selbstorganisierte-reise-durch-suedjapan\/\" \/>\n<meta property=\"og:site_name\" content=\"Ludwig Witzani\" \/>\n<meta property=\"article:modified_time\" content=\"2025-06-03T10:32:52+00:00\" \/>\n<meta property=\"og:image\" content=\"https:\/\/ludwig-witzani.de\/wp-content\/uploads\/2016\/04\/IMG_8420-Kopie-772x1200.jpg\" \/>\n\t<meta property=\"og:image:width\" content=\"772\" \/>\n\t<meta property=\"og:image:height\" content=\"1200\" \/>\n\t<meta property=\"og:image:type\" content=\"image\/jpeg\" \/>\n<meta name=\"twitter:card\" content=\"summary_large_image\" \/>\n<meta name=\"twitter:label1\" content=\"Gesch\u00e4tzte Lesezeit\" \/>\n\t<meta name=\"twitter:data1\" content=\"4\u00a0Minuten\" \/>\n<script type=\"application\/ld+json\" class=\"yoast-schema-graph\">{\"@context\":\"https:\\\/\\\/schema.org\",\"@graph\":[{\"@type\":\"WebPage\",\"@id\":\"https:\\\/\\\/ludwig-witzani.de\\\/zu-den-grossen-traeumen\\\/ideen-fuer-eine-selbstorganisierte-reise-durch-suedjapan\\\/\",\"url\":\"https:\\\/\\\/ludwig-witzani.de\\\/zu-den-grossen-traeumen\\\/ideen-fuer-eine-selbstorganisierte-reise-durch-suedjapan\\\/\",\"name\":\"Ideen f\u00fcr eine selbstorganisierte Reise durch S\u00fcdjapan - Ludwig Witzani\",\"isPartOf\":{\"@id\":\"https:\\\/\\\/ludwig-witzani.de\\\/zu-den-grossen-traeumen\\\/#website\"},\"primaryImageOfPage\":{\"@id\":\"https:\\\/\\\/ludwig-witzani.de\\\/zu-den-grossen-traeumen\\\/ideen-fuer-eine-selbstorganisierte-reise-durch-suedjapan\\\/#primaryimage\"},\"image\":{\"@id\":\"https:\\\/\\\/ludwig-witzani.de\\\/zu-den-grossen-traeumen\\\/ideen-fuer-eine-selbstorganisierte-reise-durch-suedjapan\\\/#primaryimage\"},\"thumbnailUrl\":\"http:\\\/\\\/ludwig-witzani.de\\\/wp-content\\\/uploads\\\/2016\\\/04\\\/IMG_8420-Kopie-515x800.jpg\",\"datePublished\":\"2016-04-05T11:50:09+00:00\",\"dateModified\":\"2025-06-03T10:32:52+00:00\",\"breadcrumb\":{\"@id\":\"https:\\\/\\\/ludwig-witzani.de\\\/zu-den-grossen-traeumen\\\/ideen-fuer-eine-selbstorganisierte-reise-durch-suedjapan\\\/#breadcrumb\"},\"inLanguage\":\"de\",\"potentialAction\":[{\"@type\":\"ReadAction\",\"target\":[\"https:\\\/\\\/ludwig-witzani.de\\\/zu-den-grossen-traeumen\\\/ideen-fuer-eine-selbstorganisierte-reise-durch-suedjapan\\\/\"]}]},{\"@type\":\"ImageObject\",\"inLanguage\":\"de\",\"@id\":\"https:\\\/\\\/ludwig-witzani.de\\\/zu-den-grossen-traeumen\\\/ideen-fuer-eine-selbstorganisierte-reise-durch-suedjapan\\\/#primaryimage\",\"url\":\"http:\\\/\\\/ludwig-witzani.de\\\/wp-content\\\/uploads\\\/2016\\\/04\\\/IMG_8420-Kopie-515x800.jpg\",\"contentUrl\":\"http:\\\/\\\/ludwig-witzani.de\\\/wp-content\\\/uploads\\\/2016\\\/04\\\/IMG_8420-Kopie-515x800.jpg\"},{\"@type\":\"BreadcrumbList\",\"@id\":\"https:\\\/\\\/ludwig-witzani.de\\\/zu-den-grossen-traeumen\\\/ideen-fuer-eine-selbstorganisierte-reise-durch-suedjapan\\\/#breadcrumb\",\"itemListElement\":[{\"@type\":\"ListItem\",\"position\":1,\"name\":\"Startseite\",\"item\":\"https:\\\/\\\/ludwig-witzani.de\\\/zu-den-grossen-traeumen\\\/\"},{\"@type\":\"ListItem\",\"position\":2,\"name\":\"Ideen f\u00fcr eine selbstorganisierte Reise durch S\u00fcdjapan\"}]},{\"@type\":\"WebSite\",\"@id\":\"https:\\\/\\\/ludwig-witzani.de\\\/zu-den-grossen-traeumen\\\/#website\",\"url\":\"https:\\\/\\\/ludwig-witzani.de\\\/zu-den-grossen-traeumen\\\/\",\"name\":\"Ludwig Witzani\",\"description\":\"World Wide Travel\",\"potentialAction\":[{\"@type\":\"SearchAction\",\"target\":{\"@type\":\"EntryPoint\",\"urlTemplate\":\"https:\\\/\\\/ludwig-witzani.de\\\/zu-den-grossen-traeumen\\\/?s={search_term_string}\"},\"query-input\":{\"@type\":\"PropertyValueSpecification\",\"valueRequired\":true,\"valueName\":\"search_term_string\"}}],\"inLanguage\":\"de\"}]}<\/script>\n<!-- \/ Yoast SEO plugin. -->","yoast_head_json":{"title":"Ideen f\u00fcr eine selbstorganisierte Reise durch S\u00fcdjapan - Ludwig Witzani","robots":{"index":"index","follow":"follow","max-snippet":"max-snippet:-1","max-image-preview":"max-image-preview:large","max-video-preview":"max-video-preview:-1"},"canonical":"https:\/\/ludwig-witzani.de\/zu-den-grossen-traeumen\/ideen-fuer-eine-selbstorganisierte-reise-durch-suedjapan\/","og_locale":"de_DE","og_type":"article","og_title":"Ideen f\u00fcr eine selbstorganisierte Reise durch S\u00fcdjapan - Ludwig Witzani","og_description":"Nach den Erfahrungen meiner ersten Japanreise meine ich, dass es durchaus m\u00f6glich ist, Japan individuell zu bereisen.\u00a0 \u00a0An den Bahnh\u00f6fen sind alle wichtigen Daten in Englisch abgedruckt, im Lonely Planet Guide steht neben jeder Ortsangabe das Wort in Japanisch, so dass man im Notfall mit dem Buch in der Hand Passanten fragen kann. Nach dem &hellip; Ideen f\u00fcr eine selbstorganisierte Reise durch S\u00fcdjapan weiterlesen &rarr;","og_url":"https:\/\/ludwig-witzani.de\/zu-den-grossen-traeumen\/ideen-fuer-eine-selbstorganisierte-reise-durch-suedjapan\/","og_site_name":"Ludwig Witzani","article_modified_time":"2025-06-03T10:32:52+00:00","og_image":[{"width":772,"height":1200,"url":"https:\/\/ludwig-witzani.de\/wp-content\/uploads\/2016\/04\/IMG_8420-Kopie-772x1200.jpg","type":"image\/jpeg"}],"twitter_card":"summary_large_image","twitter_misc":{"Gesch\u00e4tzte Lesezeit":"4\u00a0Minuten"},"schema":{"@context":"https:\/\/schema.org","@graph":[{"@type":"WebPage","@id":"https:\/\/ludwig-witzani.de\/zu-den-grossen-traeumen\/ideen-fuer-eine-selbstorganisierte-reise-durch-suedjapan\/","url":"https:\/\/ludwig-witzani.de\/zu-den-grossen-traeumen\/ideen-fuer-eine-selbstorganisierte-reise-durch-suedjapan\/","name":"Ideen f\u00fcr eine selbstorganisierte Reise durch S\u00fcdjapan - Ludwig Witzani","isPartOf":{"@id":"https:\/\/ludwig-witzani.de\/zu-den-grossen-traeumen\/#website"},"primaryImageOfPage":{"@id":"https:\/\/ludwig-witzani.de\/zu-den-grossen-traeumen\/ideen-fuer-eine-selbstorganisierte-reise-durch-suedjapan\/#primaryimage"},"image":{"@id":"https:\/\/ludwig-witzani.de\/zu-den-grossen-traeumen\/ideen-fuer-eine-selbstorganisierte-reise-durch-suedjapan\/#primaryimage"},"thumbnailUrl":"http:\/\/ludwig-witzani.de\/wp-content\/uploads\/2016\/04\/IMG_8420-Kopie-515x800.jpg","datePublished":"2016-04-05T11:50:09+00:00","dateModified":"2025-06-03T10:32:52+00:00","breadcrumb":{"@id":"https:\/\/ludwig-witzani.de\/zu-den-grossen-traeumen\/ideen-fuer-eine-selbstorganisierte-reise-durch-suedjapan\/#breadcrumb"},"inLanguage":"de","potentialAction":[{"@type":"ReadAction","target":["https:\/\/ludwig-witzani.de\/zu-den-grossen-traeumen\/ideen-fuer-eine-selbstorganisierte-reise-durch-suedjapan\/"]}]},{"@type":"ImageObject","inLanguage":"de","@id":"https:\/\/ludwig-witzani.de\/zu-den-grossen-traeumen\/ideen-fuer-eine-selbstorganisierte-reise-durch-suedjapan\/#primaryimage","url":"http:\/\/ludwig-witzani.de\/wp-content\/uploads\/2016\/04\/IMG_8420-Kopie-515x800.jpg","contentUrl":"http:\/\/ludwig-witzani.de\/wp-content\/uploads\/2016\/04\/IMG_8420-Kopie-515x800.jpg"},{"@type":"BreadcrumbList","@id":"https:\/\/ludwig-witzani.de\/zu-den-grossen-traeumen\/ideen-fuer-eine-selbstorganisierte-reise-durch-suedjapan\/#breadcrumb","itemListElement":[{"@type":"ListItem","position":1,"name":"Startseite","item":"https:\/\/ludwig-witzani.de\/zu-den-grossen-traeumen\/"},{"@type":"ListItem","position":2,"name":"Ideen f\u00fcr eine selbstorganisierte Reise durch S\u00fcdjapan"}]},{"@type":"WebSite","@id":"https:\/\/ludwig-witzani.de\/zu-den-grossen-traeumen\/#website","url":"https:\/\/ludwig-witzani.de\/zu-den-grossen-traeumen\/","name":"Ludwig Witzani","description":"World Wide Travel","potentialAction":[{"@type":"SearchAction","target":{"@type":"EntryPoint","urlTemplate":"https:\/\/ludwig-witzani.de\/zu-den-grossen-traeumen\/?s={search_term_string}"},"query-input":{"@type":"PropertyValueSpecification","valueRequired":true,"valueName":"search_term_string"}}],"inLanguage":"de"}]}},"jetpack_shortlink":"https:\/\/wp.me\/P4daYo-1s7","jetpack_sharing_enabled":true,"_links":{"self":[{"href":"https:\/\/ludwig-witzani.de\/zu-den-grossen-traeumen\/wp-json\/wp\/v2\/pages\/5587","targetHints":{"allow":["GET"]}}],"collection":[{"href":"https:\/\/ludwig-witzani.de\/zu-den-grossen-traeumen\/wp-json\/wp\/v2\/pages"}],"about":[{"href":"https:\/\/ludwig-witzani.de\/zu-den-grossen-traeumen\/wp-json\/wp\/v2\/types\/page"}],"author":[{"embeddable":true,"href":"https:\/\/ludwig-witzani.de\/zu-den-grossen-traeumen\/wp-json\/wp\/v2\/users\/2"}],"replies":[{"embeddable":true,"href":"https:\/\/ludwig-witzani.de\/zu-den-grossen-traeumen\/wp-json\/wp\/v2\/comments?post=5587"}],"version-history":[{"count":1,"href":"https:\/\/ludwig-witzani.de\/zu-den-grossen-traeumen\/wp-json\/wp\/v2\/pages\/5587\/revisions"}],"predecessor-version":[{"id":5591,"href":"https:\/\/ludwig-witzani.de\/zu-den-grossen-traeumen\/wp-json\/wp\/v2\/pages\/5587\/revisions\/5591"}],"wp:attachment":[{"href":"https:\/\/ludwig-witzani.de\/zu-den-grossen-traeumen\/wp-json\/wp\/v2\/media?parent=5587"}],"curies":[{"name":"wp","href":"https:\/\/api.w.org\/{rel}","templated":true}]}}