{"id":5571,"date":"2016-04-05T11:25:47","date_gmt":"2016-04-05T11:25:47","guid":{"rendered":"http:\/\/ludwig-witzani.de\/?page_id=5571"},"modified":"2025-06-03T10:32:52","modified_gmt":"2025-06-03T10:32:52","slug":"japan-2016-die-einstiegsreise","status":"publish","type":"page","link":"https:\/\/ludwig-witzani.de\/zu-den-grossen-traeumen\/autor\/kontakt\/aktuelle-reisen\/japan-2016-die-einstiegsreise\/","title":{"rendered":"Japan 2016 &#8211; Die Einstiegsreise"},"content":{"rendered":"<h5><img loading=\"lazy\" decoding=\"async\" class=\"wp-image-5525 aligncenter\" src=\"http:\/\/ludwig-witzani.de\/wp-content\/uploads\/2016\/04\/IMG_7773-900x600.jpg\" alt=\"Mizoku Jitsu Figuren Kamakura \" width=\"534\" height=\"356\" srcset=\"https:\/\/ludwig-witzani.de\/wp-content\/uploads\/2016\/04\/IMG_7773-900x600.jpg 900w, https:\/\/ludwig-witzani.de\/wp-content\/uploads\/2016\/04\/IMG_7773-768x512.jpg 768w, https:\/\/ludwig-witzani.de\/wp-content\/uploads\/2016\/04\/IMG_7773.jpg 1600w\" sizes=\"auto, (max-width: 534px) 100vw, 534px\" \/><\/h5>\n<h5>Japan bereisen &#8211; R\u00fcckblick und Ausblick<\/h5>\n<p>Was muss man gesehen haben, um behaupten zu k\u00f6nnen, man war in China und habe eine hinreichende Vorstellung von dem Land? Ich w\u00fcrde sagen: Peking und Shanghai, die G\u00e4rten von Suzhou und Hangzhou, die alte Kaiserstadt Xian und die Zuckerh\u00fcte von Guilin,\u00a0 man sollte den Huangshi und den Emei Shan bestiegen haben und mit der Yangtsef\u00e4hre von Chongking nach Wuhan gefahren sein, am Ende Y\u00fcnnan besuchen, um schlie\u00dflich die Reise in Kanton, Hainan oder Hongkong zu beenden.\u00a0 Wie aber verh\u00e4lt es sich mit Japan? Welche Orte und Gegenden d\u00fcrfen bei einer ernstzunehmenden Reise nicht fehlen? M\u00fcssen au\u00dfer Honshu auch Hokkaido\u00a0 und Kyushu dabei sein-\u00a0 oder sogar Okinawa? Ja, w\u00fcrde Radio Eriwan antworten,\u00a0 aber nur, wenn man endlos Zeit und Geld und Nerven wie Drahtseile hat. Wenn es enger zugeht, muss man sich halt bescheiden.<\/p>\n<p>Die erste Bescheidung besteht bereits darin, dass man sich ernsthaft fragt: auf eigene Faust oder selbstorganisiert reisen? Ich habe mich nach langem Hin und her dazu entscheiden, meine erste Reise nach Japan im Rahmen einer organsierten Bildungsreise <img loading=\"lazy\" decoding=\"async\" class=\"alignright wp-image-5572\" src=\"http:\/\/ludwig-witzani.de\/wp-content\/uploads\/2016\/04\/IMG_6586-900x600.jpg\" alt=\"IMG_6586\" width=\"291\" height=\"194\" srcset=\"https:\/\/ludwig-witzani.de\/wp-content\/uploads\/2016\/04\/IMG_6586-900x600.jpg 900w, https:\/\/ludwig-witzani.de\/wp-content\/uploads\/2016\/04\/IMG_6586-768x512.jpg 768w, https:\/\/ludwig-witzani.de\/wp-content\/uploads\/2016\/04\/IMG_6586.jpg 1600w\" sizes=\"auto, (max-width: 291px) 100vw, 291px\" \/>zu unternehmen. Damit bricht man sich keinen Zacken aus der Krone, au\u00dferdem wollte ich meiner Partnerin den Stress einer Backpackertour durch Japan nicht zumuten. Hinzu kommt, dass die Japan-Einstiegsreisen zu relativ moderaten Preisen angeboten werden, f\u00fcr die man es selbst kaum billiger machen kann. Hat man die erste Reise hinter sich, kann man die zweite Reise immer noch selbstorganisiert planen, zuerst nach S\u00fcdjapan (siehe unten) und dann, wenn die Zeit gekommen ist, auch nach Zentral-Honshu und Hokkaido.<\/p>\n<p>Die klassische Japan-Einsteigerreise wird von den Fernreiseanbietern in zwei Varianten angeboten:\u00a0 entweder (1) Tokyo\/Fuji\u00a0 und Kyoto\/Nara\u00a0 samt der Umgebung <em>oder <\/em>&#8211; (2) das gleiche, erweitert um einen Abstecher nach Hiroshima, Miyajima und Hemeji.<\/p>\n<p>Ich w\u00fcrde <strong>unbedingt die zweite, erweitere Variante<\/strong> \u00a0empfehlen. Sie wird von den Fernreisespezialisten zu teilweise recht unterschiedlichen Preisen mit oder ohne Zusatzangebote angeboten. Ich bin mit Bavaria-Tours gefahren (\u201eBest of Japan\u201c 11 Tage 2.990 Euro ohne Ausfl\u00fcge) und war hochzufrieden.<\/p>\n<p><img loading=\"lazy\" decoding=\"async\" class=\"aligncenter size-medium wp-image-5573\" src=\"http:\/\/ludwig-witzani.de\/wp-content\/uploads\/2016\/04\/Japa-Rundreise-900x506.jpg\" alt=\"Japa Rundreise\" width=\"900\" height=\"506\" srcset=\"https:\/\/ludwig-witzani.de\/wp-content\/uploads\/2016\/04\/Japa-Rundreise-900x506.jpg 900w, https:\/\/ludwig-witzani.de\/wp-content\/uploads\/2016\/04\/Japa-Rundreise-768x432.jpg 768w, https:\/\/ludwig-witzani.de\/wp-content\/uploads\/2016\/04\/Japa-Rundreise.jpg 1024w\" sizes=\"auto, (max-width: 900px) 100vw, 900px\" \/><\/p>\n<p><strong>Die Stationen dieser Reise waren:<\/strong><\/p>\n<p><img loading=\"lazy\" decoding=\"async\" class=\"alignleft wp-image-5574\" src=\"http:\/\/ludwig-witzani.de\/wp-content\/uploads\/2016\/04\/IMG_6486-900x600.jpg\" alt=\"IMG_6486\" width=\"226\" height=\"151\" srcset=\"https:\/\/ludwig-witzani.de\/wp-content\/uploads\/2016\/04\/IMG_6486-900x600.jpg 900w, https:\/\/ludwig-witzani.de\/wp-content\/uploads\/2016\/04\/IMG_6486-768x512.jpg 768w, https:\/\/ludwig-witzani.de\/wp-content\/uploads\/2016\/04\/IMG_6486.jpg 1600w\" sizes=\"auto, (max-width: 226px) 100vw, 226px\" \/><\/p>\n<p>Anflug per Nachtflug nach Osaka Kansai Airport, am Airport unbedingt reichlich Geld tauschen , sp\u00e4ter gibt es fast nur schlechtere Kurse.(1. Tag)<\/p>\n<p>Ankunft in Osaka- Kansai , Fahrt nach Kyoto, Akklimatisierung, erster Rundgang durch die Stadt (2. Tag)<\/p>\n<p><img loading=\"lazy\" decoding=\"async\" class=\"alignleft wp-image-5575 \" src=\"http:\/\/ludwig-witzani.de\/wp-content\/uploads\/2016\/04\/IMG_6604-900x600.jpg\" alt=\"IMG_6604\" width=\"228\" height=\"152\" srcset=\"https:\/\/ludwig-witzani.de\/wp-content\/uploads\/2016\/04\/IMG_6604-900x600.jpg 900w, https:\/\/ludwig-witzani.de\/wp-content\/uploads\/2016\/04\/IMG_6604-768x512.jpg 768w, https:\/\/ludwig-witzani.de\/wp-content\/uploads\/2016\/04\/IMG_6604.jpg 1600w\" sizes=\"auto, (max-width: 228px) 100vw, 228px\" \/><strong>Kyoto:<\/strong> Ryoan-ji Steingarten \u2013 Goldene Pagode \u2013 Palast (3. Tag) des Shoguns \u2013 Spaziergang durch Shimogyo (3. Tag)<\/p>\n<p><strong>Kyoto:\u00a0 F<\/strong>ushimi Irani Schrein \u2013 (Kannon)Tempel &#8211; Bahnhof von Kyoto \u2013 Heian-Schrein mit einem wunderbaren Tempelgarten \u00a0\u2013 Silberner Pavillon. Besonders interessant: die Halle der 1000 Kannons im Sanjugansendo und die\u00a0 Stra\u00dfe der\u00a0 Torijs im Fushimi Irani Schrein. \u00a0Abends: Theaterbesuch in Kyoto-Gion \u2013 immerhin 2.850 Yen Eintritt p.P., aber durchaus interessant f\u00fcr Freunde der Teezeremonie, des Ikebana und einer einf\u00fchlsamen Geisha-Performance. (4. Tag)<\/p>\n<p><img loading=\"lazy\" decoding=\"async\" class=\"alignleft wp-image-5580\" src=\"http:\/\/ludwig-witzani.de\/wp-content\/uploads\/2016\/04\/IMG_7073-1-900x600.jpg\" alt=\"IMG_7073\" width=\"225\" height=\"150\" srcset=\"https:\/\/ludwig-witzani.de\/wp-content\/uploads\/2016\/04\/IMG_7073-1-900x600.jpg 900w, https:\/\/ludwig-witzani.de\/wp-content\/uploads\/2016\/04\/IMG_7073-1-768x512.jpg 768w, https:\/\/ludwig-witzani.de\/wp-content\/uploads\/2016\/04\/IMG_7073-1.jpg 1600w\" sizes=\"auto, (max-width: 225px) 100vw, 225px\" \/>Besuch der alten Kaiserstadt<strong> Nara<\/strong> (Todai-ji Tempel und ebendort die gr\u00f6\u00dfte Tempelstatue der Welt, der Daibutsu von Nara) Besuch des Kasuga-Schreins mit seinen unz\u00e4hligen Rehen und Steinlaternen \u2013 Fahrt nach Hirohshima (5. Tag).<\/p>\n<p>Mit der Stra\u00dfenbahn und F\u00e4hre zur Insel <strong>Miyajima<\/strong> <img loading=\"lazy\" decoding=\"async\" class=\"alignright wp-image-5577\" src=\"http:\/\/ludwig-witzani.de\/wp-content\/uploads\/2016\/04\/IMG_7288-690x800.jpg\" alt=\"IMG_7288\" width=\"229\" height=\"265\" srcset=\"https:\/\/ludwig-witzani.de\/wp-content\/uploads\/2016\/04\/IMG_7288-690x800.jpg 690w, https:\/\/ludwig-witzani.de\/wp-content\/uploads\/2016\/04\/IMG_7288-768x890.jpg 768w, https:\/\/ludwig-witzani.de\/wp-content\/uploads\/2016\/04\/IMG_7288-1035x1200.jpg 1035w, https:\/\/ludwig-witzani.de\/wp-content\/uploads\/2016\/04\/IMG_7288.jpg 1380w\" sizes=\"auto, (max-width: 229px) 100vw, 229px\" \/>zum ber\u00fchmten Itsu-Kushima-Schrein mit dem weltber\u00fchmten Torij, der im Wasser steht &#8211; und Seilbahnfahrt auf den Misen-Berg mit grandioser Aussicht auf das japanische Binnenmeer \u2013 nachmittags: Besuch des Friedensparks und des Museums in <strong>Hiroshima<\/strong> (6. Tag).<\/p>\n<p>Shinkansenfahrt zur <strong>Bug von Hemeji,<\/strong> das Herumtrotten durch die endlosen G\u00e4nge der Burg kann man sich allerdings sparen, von au\u00dfen ist sie eigentlich am sch\u00f6nsten &#8211; Weiterfahrt nach Shizuoka, zum Kawaguchisee auf Fu\u00dfe des Fuji\u00a0 (7. Tag).<\/p>\n<p><img loading=\"lazy\" decoding=\"async\" class=\"alignleft wp-image-5578\" src=\"http:\/\/ludwig-witzani.de\/wp-content\/uploads\/2016\/04\/IMG_7608-900x600.jpg\" alt=\"IMG_7608\" width=\"227\" height=\"151\" srcset=\"https:\/\/ludwig-witzani.de\/wp-content\/uploads\/2016\/04\/IMG_7608-900x600.jpg 900w, https:\/\/ludwig-witzani.de\/wp-content\/uploads\/2016\/04\/IMG_7608-768x512.jpg 768w, https:\/\/ludwig-witzani.de\/wp-content\/uploads\/2016\/04\/IMG_7608.jpg 1600w\" sizes=\"auto, (max-width: 227px) 100vw, 227px\" \/>Ein Morgen am <strong>Fuji,<\/strong> grandios, wenn der Himmel frei ist. Weiterfahrt durch den Hakone Nationalpark, mit einem Piratenschiff und viel touristischem Trubel er den Aisensee. Weiterfahrt nach <strong>Kamakura,<\/strong> der Hauptstadt des japanischen Samurai-Staates zwischen 1192 bis 1333, ebendort Besichtigung des freistehenden Daibutsu von Kamakura. Weiterfahrt\u00a0\u00a0 an Yokohama vorbei bis nach Tokyo (8. Tag).<\/p>\n<p><img loading=\"lazy\" decoding=\"async\" class=\"alignleft wp-image-5579\" src=\"http:\/\/ludwig-witzani.de\/wp-content\/uploads\/2016\/04\/IMG_8002-1-900x600.jpg\" alt=\"IMG_8002\" width=\"235\" height=\"157\" srcset=\"https:\/\/ludwig-witzani.de\/wp-content\/uploads\/2016\/04\/IMG_8002-1-900x600.jpg 900w, https:\/\/ludwig-witzani.de\/wp-content\/uploads\/2016\/04\/IMG_8002-1-768x512.jpg 768w, https:\/\/ludwig-witzani.de\/wp-content\/uploads\/2016\/04\/IMG_8002-1.jpg 1600w\" sizes=\"auto, (max-width: 235px) 100vw, 235px\" \/><strong>Tokio<\/strong> Stadtbesichtigung \u2013 Meji Schrein, Rippongi Tower mit Aussicht \u00fcber ganz Tokyo, gro\u00dfer Platz vor dem Kaiserpalast, Kannon-Tempel in Asakusa, Ginza Shopping-Meile, Akihabara und die Stra\u00dfe der Mangas, Shibuya-Kreuzung, vom Starbucks Cafe\u00b4aus beobachtet, danke, Malte. Tokyo ist eine Stadt zum Wiedersehen! (9. Tag)<\/p>\n<p><img loading=\"lazy\" decoding=\"async\" class=\"alignleft wp-image-5555\" src=\"http:\/\/ludwig-witzani.de\/wp-content\/uploads\/2016\/04\/IMG_8257-822x800.jpg\" alt=\"IMG_8257\" width=\"235\" height=\"229\" srcset=\"https:\/\/ludwig-witzani.de\/wp-content\/uploads\/2016\/04\/IMG_8257-822x800.jpg 822w, https:\/\/ludwig-witzani.de\/wp-content\/uploads\/2016\/04\/IMG_8257-768x748.jpg 768w, https:\/\/ludwig-witzani.de\/wp-content\/uploads\/2016\/04\/IMG_8257-1232x1200.jpg 1232w, https:\/\/ludwig-witzani.de\/wp-content\/uploads\/2016\/04\/IMG_8257.jpg 1600w\" sizes=\"auto, (max-width: 235px) 100vw, 235px\" \/>Ausflug zur Tempelstadt von <strong>Nikko<\/strong> von Tokio aus. Dieser Ausflug ist fakultativ, aber unbedingt zu empfehlen. Zauberhaft im Wald gelegene Schreine des verg\u00f6ttlichten ersten und dritten Tokugawa Shoguns (10. Tag), die schlnsten Tempeltore und Tempelfassaden Japans, nicht zu vergessen die ber\u00fchmte Affenanthologie<\/p>\n<p>R\u00fcckflug Tokyo \u2013 Frankfurt (11. Tag)<\/p>\n<p>&nbsp;<\/p>\n<p><strong><a href=\"http:\/\/ludwig-witzani.de\/ideen-fuer-eine-selbstorganisierte-reise-durch-suedjapan\/\">IDEE F\u00dcR EINE SELBSTORGANISIERTE ZWEITE JAPANREISE NACH SHIKOKU UND KYUSHU (3 Wochen)<\/a><br \/>\n<\/strong><\/p>\n","protected":false},"excerpt":{"rendered":"<p>Japan bereisen &#8211; R\u00fcckblick und Ausblick Was muss man gesehen haben, um behaupten zu k\u00f6nnen, man war in China und habe eine hinreichende Vorstellung von dem Land? Ich w\u00fcrde sagen: Peking und Shanghai, die G\u00e4rten von Suzhou und Hangzhou, die alte Kaiserstadt Xian und die Zuckerh\u00fcte von Guilin,\u00a0 man sollte den Huangshi und den Emei &hellip; <a href=\"https:\/\/ludwig-witzani.de\/zu-den-grossen-traeumen\/autor\/kontakt\/aktuelle-reisen\/japan-2016-die-einstiegsreise\/\" class=\"more-link\"><span class=\"screen-reader-text\">Japan 2016 &#8211; Die Einstiegsreise<\/span> weiterlesen <span class=\"meta-nav\">&rarr;<\/span><\/a><\/p>\n","protected":false},"author":2,"featured_media":0,"parent":3696,"menu_order":0,"comment_status":"closed","ping_status":"closed","template":"","meta":{"ngg_post_thumbnail":0,"jetpack_post_was_ever_published":false,"footnotes":""},"class_list":["post-5571","page","type-page","status-publish","hentry"],"yoast_head":"<!-- This site is optimized with the Yoast SEO plugin v27.4 - https:\/\/yoast.com\/product\/yoast-seo-wordpress\/ -->\n<title>Japan 2016 - Die Einstiegsreise - Ludwig Witzani<\/title>\n<meta name=\"robots\" content=\"index, follow, max-snippet:-1, max-image-preview:large, max-video-preview:-1\" \/>\n<link rel=\"canonical\" href=\"https:\/\/ludwig-witzani.de\/zu-den-grossen-traeumen\/autor\/kontakt\/aktuelle-reisen\/japan-2016-die-einstiegsreise\/\" \/>\n<meta property=\"og:locale\" content=\"de_DE\" \/>\n<meta property=\"og:type\" content=\"article\" \/>\n<meta property=\"og:title\" content=\"Japan 2016 - Die Einstiegsreise - Ludwig Witzani\" \/>\n<meta property=\"og:description\" content=\"Japan bereisen &#8211; R\u00fcckblick und Ausblick Was muss man gesehen haben, um behaupten zu k\u00f6nnen, man war in China und habe eine hinreichende Vorstellung von dem Land? Ich w\u00fcrde sagen: Peking und Shanghai, die G\u00e4rten von Suzhou und Hangzhou, die alte Kaiserstadt Xian und die Zuckerh\u00fcte von Guilin,\u00a0 man sollte den Huangshi und den Emei &hellip; Japan 2016 &#8211; Die Einstiegsreise weiterlesen &rarr;\" \/>\n<meta property=\"og:url\" content=\"https:\/\/ludwig-witzani.de\/zu-den-grossen-traeumen\/autor\/kontakt\/aktuelle-reisen\/japan-2016-die-einstiegsreise\/\" \/>\n<meta property=\"og:site_name\" content=\"Ludwig Witzani\" \/>\n<meta property=\"article:modified_time\" content=\"2025-06-03T10:32:52+00:00\" \/>\n<meta property=\"og:image\" content=\"https:\/\/ludwig-witzani.de\/wp-content\/uploads\/2016\/04\/IMG_7773.jpg\" \/>\n\t<meta property=\"og:image:width\" content=\"1600\" \/>\n\t<meta property=\"og:image:height\" content=\"1067\" \/>\n\t<meta property=\"og:image:type\" content=\"image\/jpeg\" \/>\n<meta name=\"twitter:card\" content=\"summary_large_image\" \/>\n<meta name=\"twitter:label1\" content=\"Gesch\u00e4tzte Lesezeit\" \/>\n\t<meta name=\"twitter:data1\" content=\"4\u00a0Minuten\" \/>\n<script type=\"application\/ld+json\" class=\"yoast-schema-graph\">{\"@context\":\"https:\\\/\\\/schema.org\",\"@graph\":[{\"@type\":\"WebPage\",\"@id\":\"https:\\\/\\\/ludwig-witzani.de\\\/zu-den-grossen-traeumen\\\/autor\\\/kontakt\\\/aktuelle-reisen\\\/japan-2016-die-einstiegsreise\\\/\",\"url\":\"https:\\\/\\\/ludwig-witzani.de\\\/zu-den-grossen-traeumen\\\/autor\\\/kontakt\\\/aktuelle-reisen\\\/japan-2016-die-einstiegsreise\\\/\",\"name\":\"Japan 2016 - Die Einstiegsreise - Ludwig Witzani\",\"isPartOf\":{\"@id\":\"https:\\\/\\\/ludwig-witzani.de\\\/zu-den-grossen-traeumen\\\/#website\"},\"primaryImageOfPage\":{\"@id\":\"https:\\\/\\\/ludwig-witzani.de\\\/zu-den-grossen-traeumen\\\/autor\\\/kontakt\\\/aktuelle-reisen\\\/japan-2016-die-einstiegsreise\\\/#primaryimage\"},\"image\":{\"@id\":\"https:\\\/\\\/ludwig-witzani.de\\\/zu-den-grossen-traeumen\\\/autor\\\/kontakt\\\/aktuelle-reisen\\\/japan-2016-die-einstiegsreise\\\/#primaryimage\"},\"thumbnailUrl\":\"http:\\\/\\\/ludwig-witzani.de\\\/wp-content\\\/uploads\\\/2016\\\/04\\\/IMG_7773-900x600.jpg\",\"datePublished\":\"2016-04-05T11:25:47+00:00\",\"dateModified\":\"2025-06-03T10:32:52+00:00\",\"breadcrumb\":{\"@id\":\"https:\\\/\\\/ludwig-witzani.de\\\/zu-den-grossen-traeumen\\\/autor\\\/kontakt\\\/aktuelle-reisen\\\/japan-2016-die-einstiegsreise\\\/#breadcrumb\"},\"inLanguage\":\"de\",\"potentialAction\":[{\"@type\":\"ReadAction\",\"target\":[\"https:\\\/\\\/ludwig-witzani.de\\\/zu-den-grossen-traeumen\\\/autor\\\/kontakt\\\/aktuelle-reisen\\\/japan-2016-die-einstiegsreise\\\/\"]}]},{\"@type\":\"ImageObject\",\"inLanguage\":\"de\",\"@id\":\"https:\\\/\\\/ludwig-witzani.de\\\/zu-den-grossen-traeumen\\\/autor\\\/kontakt\\\/aktuelle-reisen\\\/japan-2016-die-einstiegsreise\\\/#primaryimage\",\"url\":\"http:\\\/\\\/ludwig-witzani.de\\\/wp-content\\\/uploads\\\/2016\\\/04\\\/IMG_7773-900x600.jpg\",\"contentUrl\":\"http:\\\/\\\/ludwig-witzani.de\\\/wp-content\\\/uploads\\\/2016\\\/04\\\/IMG_7773-900x600.jpg\"},{\"@type\":\"BreadcrumbList\",\"@id\":\"https:\\\/\\\/ludwig-witzani.de\\\/zu-den-grossen-traeumen\\\/autor\\\/kontakt\\\/aktuelle-reisen\\\/japan-2016-die-einstiegsreise\\\/#breadcrumb\",\"itemListElement\":[{\"@type\":\"ListItem\",\"position\":1,\"name\":\"Startseite\",\"item\":\"https:\\\/\\\/ludwig-witzani.de\\\/zu-den-grossen-traeumen\\\/\"},{\"@type\":\"ListItem\",\"position\":2,\"name\":\"\u00dcber mich\",\"item\":\"https:\\\/\\\/ludwig-witzani.de\\\/zu-den-grossen-traeumen\\\/autor\\\/\"},{\"@type\":\"ListItem\",\"position\":3,\"name\":\"Kontakt\",\"item\":\"https:\\\/\\\/ludwig-witzani.de\\\/zu-den-grossen-traeumen\\\/autor\\\/kontakt\\\/\"},{\"@type\":\"ListItem\",\"position\":4,\"name\":\"Aktuelle Reisen\",\"item\":\"https:\\\/\\\/ludwig-witzani.de\\\/zu-den-grossen-traeumen\\\/autor\\\/kontakt\\\/aktuelle-reisen\\\/\"},{\"@type\":\"ListItem\",\"position\":5,\"name\":\"Japan 2016 &#8211; Die Einstiegsreise\"}]},{\"@type\":\"WebSite\",\"@id\":\"https:\\\/\\\/ludwig-witzani.de\\\/zu-den-grossen-traeumen\\\/#website\",\"url\":\"https:\\\/\\\/ludwig-witzani.de\\\/zu-den-grossen-traeumen\\\/\",\"name\":\"Ludwig Witzani\",\"description\":\"World Wide Travel\",\"potentialAction\":[{\"@type\":\"SearchAction\",\"target\":{\"@type\":\"EntryPoint\",\"urlTemplate\":\"https:\\\/\\\/ludwig-witzani.de\\\/zu-den-grossen-traeumen\\\/?s={search_term_string}\"},\"query-input\":{\"@type\":\"PropertyValueSpecification\",\"valueRequired\":true,\"valueName\":\"search_term_string\"}}],\"inLanguage\":\"de\"}]}<\/script>\n<!-- \/ Yoast SEO plugin. -->","yoast_head_json":{"title":"Japan 2016 - Die Einstiegsreise - Ludwig Witzani","robots":{"index":"index","follow":"follow","max-snippet":"max-snippet:-1","max-image-preview":"max-image-preview:large","max-video-preview":"max-video-preview:-1"},"canonical":"https:\/\/ludwig-witzani.de\/zu-den-grossen-traeumen\/autor\/kontakt\/aktuelle-reisen\/japan-2016-die-einstiegsreise\/","og_locale":"de_DE","og_type":"article","og_title":"Japan 2016 - Die Einstiegsreise - Ludwig Witzani","og_description":"Japan bereisen &#8211; R\u00fcckblick und Ausblick Was muss man gesehen haben, um behaupten zu k\u00f6nnen, man war in China und habe eine hinreichende Vorstellung von dem Land? Ich w\u00fcrde sagen: Peking und Shanghai, die G\u00e4rten von Suzhou und Hangzhou, die alte Kaiserstadt Xian und die Zuckerh\u00fcte von Guilin,\u00a0 man sollte den Huangshi und den Emei &hellip; Japan 2016 &#8211; Die Einstiegsreise weiterlesen &rarr;","og_url":"https:\/\/ludwig-witzani.de\/zu-den-grossen-traeumen\/autor\/kontakt\/aktuelle-reisen\/japan-2016-die-einstiegsreise\/","og_site_name":"Ludwig Witzani","article_modified_time":"2025-06-03T10:32:52+00:00","og_image":[{"width":1600,"height":1067,"url":"https:\/\/ludwig-witzani.de\/wp-content\/uploads\/2016\/04\/IMG_7773.jpg","type":"image\/jpeg"}],"twitter_card":"summary_large_image","twitter_misc":{"Gesch\u00e4tzte Lesezeit":"4\u00a0Minuten"},"schema":{"@context":"https:\/\/schema.org","@graph":[{"@type":"WebPage","@id":"https:\/\/ludwig-witzani.de\/zu-den-grossen-traeumen\/autor\/kontakt\/aktuelle-reisen\/japan-2016-die-einstiegsreise\/","url":"https:\/\/ludwig-witzani.de\/zu-den-grossen-traeumen\/autor\/kontakt\/aktuelle-reisen\/japan-2016-die-einstiegsreise\/","name":"Japan 2016 - Die Einstiegsreise - Ludwig Witzani","isPartOf":{"@id":"https:\/\/ludwig-witzani.de\/zu-den-grossen-traeumen\/#website"},"primaryImageOfPage":{"@id":"https:\/\/ludwig-witzani.de\/zu-den-grossen-traeumen\/autor\/kontakt\/aktuelle-reisen\/japan-2016-die-einstiegsreise\/#primaryimage"},"image":{"@id":"https:\/\/ludwig-witzani.de\/zu-den-grossen-traeumen\/autor\/kontakt\/aktuelle-reisen\/japan-2016-die-einstiegsreise\/#primaryimage"},"thumbnailUrl":"http:\/\/ludwig-witzani.de\/wp-content\/uploads\/2016\/04\/IMG_7773-900x600.jpg","datePublished":"2016-04-05T11:25:47+00:00","dateModified":"2025-06-03T10:32:52+00:00","breadcrumb":{"@id":"https:\/\/ludwig-witzani.de\/zu-den-grossen-traeumen\/autor\/kontakt\/aktuelle-reisen\/japan-2016-die-einstiegsreise\/#breadcrumb"},"inLanguage":"de","potentialAction":[{"@type":"ReadAction","target":["https:\/\/ludwig-witzani.de\/zu-den-grossen-traeumen\/autor\/kontakt\/aktuelle-reisen\/japan-2016-die-einstiegsreise\/"]}]},{"@type":"ImageObject","inLanguage":"de","@id":"https:\/\/ludwig-witzani.de\/zu-den-grossen-traeumen\/autor\/kontakt\/aktuelle-reisen\/japan-2016-die-einstiegsreise\/#primaryimage","url":"http:\/\/ludwig-witzani.de\/wp-content\/uploads\/2016\/04\/IMG_7773-900x600.jpg","contentUrl":"http:\/\/ludwig-witzani.de\/wp-content\/uploads\/2016\/04\/IMG_7773-900x600.jpg"},{"@type":"BreadcrumbList","@id":"https:\/\/ludwig-witzani.de\/zu-den-grossen-traeumen\/autor\/kontakt\/aktuelle-reisen\/japan-2016-die-einstiegsreise\/#breadcrumb","itemListElement":[{"@type":"ListItem","position":1,"name":"Startseite","item":"https:\/\/ludwig-witzani.de\/zu-den-grossen-traeumen\/"},{"@type":"ListItem","position":2,"name":"\u00dcber mich","item":"https:\/\/ludwig-witzani.de\/zu-den-grossen-traeumen\/autor\/"},{"@type":"ListItem","position":3,"name":"Kontakt","item":"https:\/\/ludwig-witzani.de\/zu-den-grossen-traeumen\/autor\/kontakt\/"},{"@type":"ListItem","position":4,"name":"Aktuelle Reisen","item":"https:\/\/ludwig-witzani.de\/zu-den-grossen-traeumen\/autor\/kontakt\/aktuelle-reisen\/"},{"@type":"ListItem","position":5,"name":"Japan 2016 &#8211; Die Einstiegsreise"}]},{"@type":"WebSite","@id":"https:\/\/ludwig-witzani.de\/zu-den-grossen-traeumen\/#website","url":"https:\/\/ludwig-witzani.de\/zu-den-grossen-traeumen\/","name":"Ludwig Witzani","description":"World Wide Travel","potentialAction":[{"@type":"SearchAction","target":{"@type":"EntryPoint","urlTemplate":"https:\/\/ludwig-witzani.de\/zu-den-grossen-traeumen\/?s={search_term_string}"},"query-input":{"@type":"PropertyValueSpecification","valueRequired":true,"valueName":"search_term_string"}}],"inLanguage":"de"}]}},"jetpack_shortlink":"https:\/\/wp.me\/P4daYo-1rR","jetpack_sharing_enabled":true,"_links":{"self":[{"href":"https:\/\/ludwig-witzani.de\/zu-den-grossen-traeumen\/wp-json\/wp\/v2\/pages\/5571","targetHints":{"allow":["GET"]}}],"collection":[{"href":"https:\/\/ludwig-witzani.de\/zu-den-grossen-traeumen\/wp-json\/wp\/v2\/pages"}],"about":[{"href":"https:\/\/ludwig-witzani.de\/zu-den-grossen-traeumen\/wp-json\/wp\/v2\/types\/page"}],"author":[{"embeddable":true,"href":"https:\/\/ludwig-witzani.de\/zu-den-grossen-traeumen\/wp-json\/wp\/v2\/users\/2"}],"replies":[{"embeddable":true,"href":"https:\/\/ludwig-witzani.de\/zu-den-grossen-traeumen\/wp-json\/wp\/v2\/comments?post=5571"}],"version-history":[{"count":6,"href":"https:\/\/ludwig-witzani.de\/zu-den-grossen-traeumen\/wp-json\/wp\/v2\/pages\/5571\/revisions"}],"predecessor-version":[{"id":5593,"href":"https:\/\/ludwig-witzani.de\/zu-den-grossen-traeumen\/wp-json\/wp\/v2\/pages\/5571\/revisions\/5593"}],"up":[{"embeddable":true,"href":"https:\/\/ludwig-witzani.de\/zu-den-grossen-traeumen\/wp-json\/wp\/v2\/pages\/3696"}],"wp:attachment":[{"href":"https:\/\/ludwig-witzani.de\/zu-den-grossen-traeumen\/wp-json\/wp\/v2\/media?parent=5571"}],"curies":[{"name":"wp","href":"https:\/\/api.w.org\/{rel}","templated":true}]}}