{"id":5223,"date":"2016-03-08T08:11:34","date_gmt":"2016-03-08T08:11:34","guid":{"rendered":"http:\/\/ludwig-witzani.de\/?page_id=5223"},"modified":"2025-06-03T10:32:52","modified_gmt":"2025-06-03T10:32:52","slug":"der-garten-der-welt-reisen-in-thailand-burma-laos-kambodscha-und-vietnam","status":"publish","type":"page","link":"https:\/\/ludwig-witzani.de\/zu-den-grossen-traeumen\/buecher\/der-garten-der-welt-reisen-in-thailand-burma-laos-kambodscha-und-vietnam\/","title":{"rendered":"Der Garten der Welt. Reisen in Thailand, Burma, Laos, Kambodscha und Vietnam"},"content":{"rendered":"<p><img loading=\"lazy\" decoding=\"async\" class=\"aligncenter wp-image-5219\" src=\"http:\/\/ludwig-witzani.de\/wp-content\/uploads\/2016\/03\/cover-garten-der-welt-2-530x800.jpg\" alt=\"cover-garten-der-welt (2)\" width=\"362\" height=\"546\" srcset=\"https:\/\/ludwig-witzani.de\/wp-content\/uploads\/2016\/03\/cover-garten-der-welt-2-530x800.jpg 530w, https:\/\/ludwig-witzani.de\/wp-content\/uploads\/2016\/03\/cover-garten-der-welt-2-768x1160.jpg 768w, https:\/\/ludwig-witzani.de\/wp-content\/uploads\/2016\/03\/cover-garten-der-welt-2-794x1200.jpg 794w, https:\/\/ludwig-witzani.de\/wp-content\/uploads\/2016\/03\/cover-garten-der-welt-2.jpg 1059w\" sizes=\"auto, (max-width: 362px) 100vw, 362px\" \/><\/p>\n<p>Zwischen den Reisfeldern im S\u00fcden Burmas und den Deichen des Roten Flusses in Nordvietnams, zwischen Luang Prabang im laotischen Bergland und dem Delta des Mekong durchreiste Ludwig Witzani den \u201eGarten der Welt\u201c, der all das zu bieten hat, von dem Reisende tr\u00e4umen: Zeugnissen gro\u00dfer Geschichte wie in Angkor oder Pagan,&nbsp;&nbsp; Naturszenerien wie in Ha Long oder Traumstr\u00e4nde wie in Nhatrang oder Krabi, dazu Menschen, die unter der Geschichte der letzten f\u00fcnfzig Jahre schrecklich haben leiden m\u00fcssen, die sich aber nun anschicken, eine bessere Zukunft zu gestalten. Mit Fahrr\u00e4dern und Bussen, mit Booten und Eisenbahnen ist Ludwig Witzani kreuz und quer durch Thailand und Burma, Laos, Kambodscha und Vietnam gereist und fand Monumentalit\u00e4t und Verg\u00e4nglichkeit, Orte des Grauens aber auch Pl\u00e4tze, die unwillk\u00fcrlich den Eindruck nahelegten, hier h\u00e4tte sich ein g\u00f6ttlicher Sch\u00f6pfer an seinem eigenen Werk berauscht.<\/p>\n<p><em><strong><a href=\"http:\/\/ludwig-witzani.de\/indochina-inhaltsverzeichnis\/\">INHALTSVERZEICHNIS &nbsp; &nbsp; &nbsp;<\/a> &nbsp; &nbsp; &nbsp;&nbsp; <a href=\"http:\/\/ludwig-witzani.de\/indochina-leseprobe\/\">LESEPROBE: Vietcong Tunnel<\/a><\/strong><\/em><\/p>\n<p><em><strong><a href=\"http:\/\/ludwig-witzani.de\/die-halongbucht-schoenheit-als-gottesbeeweis\/\">Leseprobe: Die Halong Buch<\/a><\/strong><\/em><\/p>\n<p><a href=\"http:\/\/www.amazon.de\/s\/ref=nb_sb_noss?__mk_de_DE=%C3%85M%C3%85%C5%BD%C3%95%C3%91&amp;url=search-alias%3Daps&amp;field-keywords=Ludwig+witzani+Der+Garten+der+Welt\"><strong>Erschienen bei epubli, Berlin, 2016, 324 Seiten, 12,95 Euro, ISBN 978-3-7375-9316-8<\/strong> &#8211;<\/a><\/p>\n<p><a href=\"http:\/\/www.amazon.de\/Garten-Welt-Thailand-Kambodscha-Vietnam-ebook\/dp\/B01EB6N0NW\/ref=sr_1_2?ie=UTF8&amp;qid=1460801601&amp;sr=8-2&amp;keywords=Witzani+Der+Garten+der+Welt\">Erh\u00e4ltlich auch als kindle Ausgabe bei amazon (4,99 Euro)<\/a><\/p>\n<p><a href=\"https:\/\/itunes.apple.com\/de\/book\/der-garten-der-welt\/id1103571406?mt=11\">und als iBook im Apple Store (4,99 Euro) <\/a><\/p>\n<p><em><strong>&nbsp;<\/strong><\/em><\/p>\n<p>&nbsp;<\/p>\n","protected":false},"excerpt":{"rendered":"<p>Zwischen den Reisfeldern im S\u00fcden Burmas und den Deichen des Roten Flusses in Nordvietnams, zwischen Luang Prabang im laotischen Bergland und dem Delta des Mekong durchreiste Ludwig Witzani den \u201eGarten der Welt\u201c, der all das zu bieten hat, von dem Reisende tr\u00e4umen: Zeugnissen gro\u00dfer Geschichte wie in Angkor oder Pagan,&nbsp;&nbsp; Naturszenerien wie in Ha Long &hellip; <a href=\"https:\/\/ludwig-witzani.de\/zu-den-grossen-traeumen\/buecher\/der-garten-der-welt-reisen-in-thailand-burma-laos-kambodscha-und-vietnam\/\" class=\"more-link\"><span class=\"screen-reader-text\">Der Garten der Welt. Reisen in Thailand, Burma, Laos, Kambodscha und Vietnam<\/span> weiterlesen <span class=\"meta-nav\">&rarr;<\/span><\/a><\/p>\n","protected":false},"author":2,"featured_media":0,"parent":11,"menu_order":0,"comment_status":"closed","ping_status":"closed","template":"","meta":{"ngg_post_thumbnail":0,"jetpack_post_was_ever_published":false,"footnotes":""},"class_list":["post-5223","page","type-page","status-publish","hentry"],"yoast_head":"<!-- This site is optimized with the Yoast SEO plugin v27.4 - https:\/\/yoast.com\/product\/yoast-seo-wordpress\/ -->\n<title>Der Garten der Welt. Reisen in Thailand, Burma, Laos, Kambodscha und Vietnam - Ludwig Witzani<\/title>\n<meta name=\"description\" content=\"Bangkok, Chiang Mai, Yangoon, Bago, Pagan, Mandalay, Vientiane, Luang Prabang, Angor Wat, Phnom Penh, Saigon, Hanoi, Hue, Danag, Wolkenpass\" \/>\n<meta name=\"robots\" content=\"index, follow, max-snippet:-1, max-image-preview:large, max-video-preview:-1\" \/>\n<link rel=\"canonical\" href=\"https:\/\/ludwig-witzani.de\/zu-den-grossen-traeumen\/buecher\/der-garten-der-welt-reisen-in-thailand-burma-laos-kambodscha-und-vietnam\/\" \/>\n<meta property=\"og:locale\" content=\"de_DE\" \/>\n<meta property=\"og:type\" content=\"article\" \/>\n<meta property=\"og:title\" content=\"Der Garten der Welt. Reisen in Thailand, Burma, Laos, Kambodscha und Vietnam - Ludwig Witzani\" \/>\n<meta property=\"og:description\" content=\"Bangkok, Chiang Mai, Yangoon, Bago, Pagan, Mandalay, Vientiane, Luang Prabang, Angor Wat, Phnom Penh, Saigon, Hanoi, Hue, Danag, Wolkenpass\" \/>\n<meta property=\"og:url\" content=\"https:\/\/ludwig-witzani.de\/zu-den-grossen-traeumen\/buecher\/der-garten-der-welt-reisen-in-thailand-burma-laos-kambodscha-und-vietnam\/\" \/>\n<meta property=\"og:site_name\" content=\"Ludwig Witzani\" \/>\n<meta property=\"article:modified_time\" content=\"2025-06-03T10:32:52+00:00\" \/>\n<meta property=\"og:image\" content=\"https:\/\/ludwig-witzani.de\/wp-content\/uploads\/2016\/03\/cover-garten-der-welt-2.jpg\" \/>\n\t<meta property=\"og:image:width\" content=\"1059\" \/>\n\t<meta property=\"og:image:height\" content=\"1600\" \/>\n\t<meta property=\"og:image:type\" content=\"image\/jpeg\" \/>\n<meta name=\"twitter:card\" content=\"summary_large_image\" \/>\n<meta name=\"twitter:label1\" content=\"Gesch\u00e4tzte Lesezeit\" \/>\n\t<meta name=\"twitter:data1\" content=\"2\u00a0Minuten\" \/>\n<script type=\"application\/ld+json\" class=\"yoast-schema-graph\">{\"@context\":\"https:\\\/\\\/schema.org\",\"@graph\":[{\"@type\":\"WebPage\",\"@id\":\"https:\\\/\\\/ludwig-witzani.de\\\/zu-den-grossen-traeumen\\\/buecher\\\/der-garten-der-welt-reisen-in-thailand-burma-laos-kambodscha-und-vietnam\\\/\",\"url\":\"https:\\\/\\\/ludwig-witzani.de\\\/zu-den-grossen-traeumen\\\/buecher\\\/der-garten-der-welt-reisen-in-thailand-burma-laos-kambodscha-und-vietnam\\\/\",\"name\":\"Der Garten der Welt. Reisen in Thailand, Burma, Laos, Kambodscha und Vietnam - Ludwig Witzani\",\"isPartOf\":{\"@id\":\"https:\\\/\\\/ludwig-witzani.de\\\/zu-den-grossen-traeumen\\\/#website\"},\"primaryImageOfPage\":{\"@id\":\"https:\\\/\\\/ludwig-witzani.de\\\/zu-den-grossen-traeumen\\\/buecher\\\/der-garten-der-welt-reisen-in-thailand-burma-laos-kambodscha-und-vietnam\\\/#primaryimage\"},\"image\":{\"@id\":\"https:\\\/\\\/ludwig-witzani.de\\\/zu-den-grossen-traeumen\\\/buecher\\\/der-garten-der-welt-reisen-in-thailand-burma-laos-kambodscha-und-vietnam\\\/#primaryimage\"},\"thumbnailUrl\":\"http:\\\/\\\/ludwig-witzani.de\\\/wp-content\\\/uploads\\\/2016\\\/03\\\/cover-garten-der-welt-2-530x800.jpg\",\"datePublished\":\"2016-03-08T08:11:34+00:00\",\"dateModified\":\"2025-06-03T10:32:52+00:00\",\"description\":\"Bangkok, Chiang Mai, Yangoon, Bago, Pagan, Mandalay, Vientiane, Luang Prabang, Angor Wat, Phnom Penh, Saigon, Hanoi, Hue, Danag, Wolkenpass\",\"breadcrumb\":{\"@id\":\"https:\\\/\\\/ludwig-witzani.de\\\/zu-den-grossen-traeumen\\\/buecher\\\/der-garten-der-welt-reisen-in-thailand-burma-laos-kambodscha-und-vietnam\\\/#breadcrumb\"},\"inLanguage\":\"de\",\"potentialAction\":[{\"@type\":\"ReadAction\",\"target\":[\"https:\\\/\\\/ludwig-witzani.de\\\/zu-den-grossen-traeumen\\\/buecher\\\/der-garten-der-welt-reisen-in-thailand-burma-laos-kambodscha-und-vietnam\\\/\"]}]},{\"@type\":\"ImageObject\",\"inLanguage\":\"de\",\"@id\":\"https:\\\/\\\/ludwig-witzani.de\\\/zu-den-grossen-traeumen\\\/buecher\\\/der-garten-der-welt-reisen-in-thailand-burma-laos-kambodscha-und-vietnam\\\/#primaryimage\",\"url\":\"http:\\\/\\\/ludwig-witzani.de\\\/wp-content\\\/uploads\\\/2016\\\/03\\\/cover-garten-der-welt-2-530x800.jpg\",\"contentUrl\":\"http:\\\/\\\/ludwig-witzani.de\\\/wp-content\\\/uploads\\\/2016\\\/03\\\/cover-garten-der-welt-2-530x800.jpg\"},{\"@type\":\"BreadcrumbList\",\"@id\":\"https:\\\/\\\/ludwig-witzani.de\\\/zu-den-grossen-traeumen\\\/buecher\\\/der-garten-der-welt-reisen-in-thailand-burma-laos-kambodscha-und-vietnam\\\/#breadcrumb\",\"itemListElement\":[{\"@type\":\"ListItem\",\"position\":1,\"name\":\"Startseite\",\"item\":\"https:\\\/\\\/ludwig-witzani.de\\\/zu-den-grossen-traeumen\\\/\"},{\"@type\":\"ListItem\",\"position\":2,\"name\":\"Buchver\u00f6ffentlichungen\",\"item\":\"https:\\\/\\\/ludwig-witzani.de\\\/zu-den-grossen-traeumen\\\/buecher\\\/\"},{\"@type\":\"ListItem\",\"position\":3,\"name\":\"Der Garten der Welt. Reisen in Thailand, Burma, Laos, Kambodscha und Vietnam\"}]},{\"@type\":\"WebSite\",\"@id\":\"https:\\\/\\\/ludwig-witzani.de\\\/zu-den-grossen-traeumen\\\/#website\",\"url\":\"https:\\\/\\\/ludwig-witzani.de\\\/zu-den-grossen-traeumen\\\/\",\"name\":\"Ludwig Witzani\",\"description\":\"World Wide Travel\",\"potentialAction\":[{\"@type\":\"SearchAction\",\"target\":{\"@type\":\"EntryPoint\",\"urlTemplate\":\"https:\\\/\\\/ludwig-witzani.de\\\/zu-den-grossen-traeumen\\\/?s={search_term_string}\"},\"query-input\":{\"@type\":\"PropertyValueSpecification\",\"valueRequired\":true,\"valueName\":\"search_term_string\"}}],\"inLanguage\":\"de\"}]}<\/script>\n<!-- \/ Yoast SEO plugin. -->","yoast_head_json":{"title":"Der Garten der Welt. Reisen in Thailand, Burma, Laos, Kambodscha und Vietnam - Ludwig Witzani","description":"Bangkok, Chiang Mai, Yangoon, Bago, Pagan, Mandalay, Vientiane, Luang Prabang, Angor Wat, Phnom Penh, Saigon, Hanoi, Hue, Danag, Wolkenpass","robots":{"index":"index","follow":"follow","max-snippet":"max-snippet:-1","max-image-preview":"max-image-preview:large","max-video-preview":"max-video-preview:-1"},"canonical":"https:\/\/ludwig-witzani.de\/zu-den-grossen-traeumen\/buecher\/der-garten-der-welt-reisen-in-thailand-burma-laos-kambodscha-und-vietnam\/","og_locale":"de_DE","og_type":"article","og_title":"Der Garten der Welt. Reisen in Thailand, Burma, Laos, Kambodscha und Vietnam - Ludwig Witzani","og_description":"Bangkok, Chiang Mai, Yangoon, Bago, Pagan, Mandalay, Vientiane, Luang Prabang, Angor Wat, Phnom Penh, Saigon, Hanoi, Hue, Danag, Wolkenpass","og_url":"https:\/\/ludwig-witzani.de\/zu-den-grossen-traeumen\/buecher\/der-garten-der-welt-reisen-in-thailand-burma-laos-kambodscha-und-vietnam\/","og_site_name":"Ludwig Witzani","article_modified_time":"2025-06-03T10:32:52+00:00","og_image":[{"width":1059,"height":1600,"url":"https:\/\/ludwig-witzani.de\/wp-content\/uploads\/2016\/03\/cover-garten-der-welt-2.jpg","type":"image\/jpeg"}],"twitter_card":"summary_large_image","twitter_misc":{"Gesch\u00e4tzte Lesezeit":"2\u00a0Minuten"},"schema":{"@context":"https:\/\/schema.org","@graph":[{"@type":"WebPage","@id":"https:\/\/ludwig-witzani.de\/zu-den-grossen-traeumen\/buecher\/der-garten-der-welt-reisen-in-thailand-burma-laos-kambodscha-und-vietnam\/","url":"https:\/\/ludwig-witzani.de\/zu-den-grossen-traeumen\/buecher\/der-garten-der-welt-reisen-in-thailand-burma-laos-kambodscha-und-vietnam\/","name":"Der Garten der Welt. Reisen in Thailand, Burma, Laos, Kambodscha und Vietnam - Ludwig Witzani","isPartOf":{"@id":"https:\/\/ludwig-witzani.de\/zu-den-grossen-traeumen\/#website"},"primaryImageOfPage":{"@id":"https:\/\/ludwig-witzani.de\/zu-den-grossen-traeumen\/buecher\/der-garten-der-welt-reisen-in-thailand-burma-laos-kambodscha-und-vietnam\/#primaryimage"},"image":{"@id":"https:\/\/ludwig-witzani.de\/zu-den-grossen-traeumen\/buecher\/der-garten-der-welt-reisen-in-thailand-burma-laos-kambodscha-und-vietnam\/#primaryimage"},"thumbnailUrl":"http:\/\/ludwig-witzani.de\/wp-content\/uploads\/2016\/03\/cover-garten-der-welt-2-530x800.jpg","datePublished":"2016-03-08T08:11:34+00:00","dateModified":"2025-06-03T10:32:52+00:00","description":"Bangkok, Chiang Mai, Yangoon, Bago, Pagan, Mandalay, Vientiane, Luang Prabang, Angor Wat, Phnom Penh, Saigon, Hanoi, Hue, Danag, Wolkenpass","breadcrumb":{"@id":"https:\/\/ludwig-witzani.de\/zu-den-grossen-traeumen\/buecher\/der-garten-der-welt-reisen-in-thailand-burma-laos-kambodscha-und-vietnam\/#breadcrumb"},"inLanguage":"de","potentialAction":[{"@type":"ReadAction","target":["https:\/\/ludwig-witzani.de\/zu-den-grossen-traeumen\/buecher\/der-garten-der-welt-reisen-in-thailand-burma-laos-kambodscha-und-vietnam\/"]}]},{"@type":"ImageObject","inLanguage":"de","@id":"https:\/\/ludwig-witzani.de\/zu-den-grossen-traeumen\/buecher\/der-garten-der-welt-reisen-in-thailand-burma-laos-kambodscha-und-vietnam\/#primaryimage","url":"http:\/\/ludwig-witzani.de\/wp-content\/uploads\/2016\/03\/cover-garten-der-welt-2-530x800.jpg","contentUrl":"http:\/\/ludwig-witzani.de\/wp-content\/uploads\/2016\/03\/cover-garten-der-welt-2-530x800.jpg"},{"@type":"BreadcrumbList","@id":"https:\/\/ludwig-witzani.de\/zu-den-grossen-traeumen\/buecher\/der-garten-der-welt-reisen-in-thailand-burma-laos-kambodscha-und-vietnam\/#breadcrumb","itemListElement":[{"@type":"ListItem","position":1,"name":"Startseite","item":"https:\/\/ludwig-witzani.de\/zu-den-grossen-traeumen\/"},{"@type":"ListItem","position":2,"name":"Buchver\u00f6ffentlichungen","item":"https:\/\/ludwig-witzani.de\/zu-den-grossen-traeumen\/buecher\/"},{"@type":"ListItem","position":3,"name":"Der Garten der Welt. Reisen in Thailand, Burma, Laos, Kambodscha und Vietnam"}]},{"@type":"WebSite","@id":"https:\/\/ludwig-witzani.de\/zu-den-grossen-traeumen\/#website","url":"https:\/\/ludwig-witzani.de\/zu-den-grossen-traeumen\/","name":"Ludwig Witzani","description":"World Wide Travel","potentialAction":[{"@type":"SearchAction","target":{"@type":"EntryPoint","urlTemplate":"https:\/\/ludwig-witzani.de\/zu-den-grossen-traeumen\/?s={search_term_string}"},"query-input":{"@type":"PropertyValueSpecification","valueRequired":true,"valueName":"search_term_string"}}],"inLanguage":"de"}]}},"jetpack_shortlink":"https:\/\/wp.me\/P4daYo-1mf","jetpack_sharing_enabled":true,"_links":{"self":[{"href":"https:\/\/ludwig-witzani.de\/zu-den-grossen-traeumen\/wp-json\/wp\/v2\/pages\/5223","targetHints":{"allow":["GET"]}}],"collection":[{"href":"https:\/\/ludwig-witzani.de\/zu-den-grossen-traeumen\/wp-json\/wp\/v2\/pages"}],"about":[{"href":"https:\/\/ludwig-witzani.de\/zu-den-grossen-traeumen\/wp-json\/wp\/v2\/types\/page"}],"author":[{"embeddable":true,"href":"https:\/\/ludwig-witzani.de\/zu-den-grossen-traeumen\/wp-json\/wp\/v2\/users\/2"}],"replies":[{"embeddable":true,"href":"https:\/\/ludwig-witzani.de\/zu-den-grossen-traeumen\/wp-json\/wp\/v2\/comments?post=5223"}],"version-history":[{"count":11,"href":"https:\/\/ludwig-witzani.de\/zu-den-grossen-traeumen\/wp-json\/wp\/v2\/pages\/5223\/revisions"}],"predecessor-version":[{"id":9714,"href":"https:\/\/ludwig-witzani.de\/zu-den-grossen-traeumen\/wp-json\/wp\/v2\/pages\/5223\/revisions\/9714"}],"up":[{"embeddable":true,"href":"https:\/\/ludwig-witzani.de\/zu-den-grossen-traeumen\/wp-json\/wp\/v2\/pages\/11"}],"wp:attachment":[{"href":"https:\/\/ludwig-witzani.de\/zu-den-grossen-traeumen\/wp-json\/wp\/v2\/media?parent=5223"}],"curies":[{"name":"wp","href":"https:\/\/api.w.org\/{rel}","templated":true}]}}