{"id":5202,"date":"2016-02-17T11:18:03","date_gmt":"2016-02-17T11:18:03","guid":{"rendered":"http:\/\/ludwig-witzani.de\/?page_id=5202"},"modified":"2025-06-03T10:32:52","modified_gmt":"2025-06-03T10:32:52","slug":"usbekisches-reisetagebuch","status":"publish","type":"page","link":"https:\/\/ludwig-witzani.de\/zu-den-grossen-traeumen\/buecher\/usbekisches-reisetagebuch\/","title":{"rendered":"Usbekisches Reisetagebuch"},"content":{"rendered":"<p>&nbsp;<\/p>\n<p><img loading=\"lazy\" decoding=\"async\" class=\"alignleft wp-image-5203\" src=\"http:\/\/ludwig-witzani.de\/wp-content\/uploads\/2016\/02\/IMG_5022-541x800.jpg\" alt=\"IMG_5022\" width=\"255\" height=\"377\" srcset=\"https:\/\/ludwig-witzani.de\/wp-content\/uploads\/2016\/02\/IMG_5022-541x800.jpg 541w, https:\/\/ludwig-witzani.de\/wp-content\/uploads\/2016\/02\/IMG_5022-768x1136.jpg 768w, https:\/\/ludwig-witzani.de\/wp-content\/uploads\/2016\/02\/IMG_5022-811x1200.jpg 811w\" sizes=\"auto, (max-width: 255px) 100vw, 255px\" \/><\/p>\n<p>Soll man in Zeiten des islamistischen Terrorismus\u00a0 ein\u00a0islamisches Land besuchen? Diese Frage besch\u00e4ftigt Ludwig Witzani, als er sich einen lange gehegten Reisetraum erf\u00fcllt und endlich nach Chiwa, Buchara und Samarkand, den Perlen der Seidenstra\u00dfe, reist. Die zum Teil sehr pers\u00f6nlichen Reisenotizen beschreiben die Geschichte und Kultur Usbekistans als eines Landes im Umbruch an der Schnittstelle von Islam und Moderne, Demokratie und Diktatur.<\/p>\n<p><strong><a href=\"http:\/\/www.amazon.de\/Usbekisches-Reisetagebuch-Ludwig-Witzani\/dp\/3737587337\/ref=sr_1_fkmr0_1?ie=UTF8&amp;qid=1456297908&amp;sr=8-1-fkmr0&amp;keywords=Witzani+Usbekiscches+Reisetagebuch\">Taschenbuchausgabe bei epubli, Berlin, 144 Seiten, 8,95 Euro\u00a0<\/a><\/strong><\/p>\n<p><strong><a href=\"https:\/\/www.amazon.de\/Usbekisches-Reisetagebuch-Ludwig-Witzani-ebook\/dp\/B01GG5ZRT6\/ref=sr_1_fkmr0_1?ie=UTF8&amp;qid=1469688570&amp;sr=8-1-fkmr0&amp;keywords=Ludwig+Witzani+Usbekisches+Reietagebuch\">Kindle-Ausgabe (EBook) demn\u00e4chst erh\u00e4ltlich bei Amazon<\/a> und im <a href=\"https:\/\/itunes.apple.com\/de\/book\/usbekisches-reisetagebuch\/id1107329035?mt=11\">Apple Store (2,99 Euro)<\/a><\/strong><\/p>\n<p>&nbsp;<\/p>\n","protected":false},"excerpt":{"rendered":"<p>&nbsp; Soll man in Zeiten des islamistischen Terrorismus\u00a0 ein\u00a0islamisches Land besuchen? Diese Frage besch\u00e4ftigt Ludwig Witzani, als er sich einen lange gehegten Reisetraum erf\u00fcllt und endlich nach Chiwa, Buchara und Samarkand, den Perlen der Seidenstra\u00dfe, reist. Die zum Teil sehr pers\u00f6nlichen Reisenotizen beschreiben die Geschichte und Kultur Usbekistans als eines Landes im Umbruch an der &hellip; <a href=\"https:\/\/ludwig-witzani.de\/zu-den-grossen-traeumen\/buecher\/usbekisches-reisetagebuch\/\" class=\"more-link\"><span class=\"screen-reader-text\">Usbekisches Reisetagebuch<\/span> weiterlesen <span class=\"meta-nav\">&rarr;<\/span><\/a><\/p>\n","protected":false},"author":2,"featured_media":0,"parent":11,"menu_order":7,"comment_status":"closed","ping_status":"closed","template":"","meta":{"ngg_post_thumbnail":0,"jetpack_post_was_ever_published":false,"footnotes":""},"class_list":["post-5202","page","type-page","status-publish","hentry"],"yoast_head":"<!-- This site is optimized with the Yoast SEO plugin v27.4 - https:\/\/yoast.com\/product\/yoast-seo-wordpress\/ -->\n<title>Usbekisches Reisetagebuch - Ludwig Witzani<\/title>\n<meta name=\"robots\" content=\"index, follow, max-snippet:-1, max-image-preview:large, max-video-preview:-1\" \/>\n<link rel=\"canonical\" href=\"https:\/\/ludwig-witzani.de\/zu-den-grossen-traeumen\/buecher\/usbekisches-reisetagebuch\/\" \/>\n<meta property=\"og:locale\" content=\"de_DE\" \/>\n<meta property=\"og:type\" content=\"article\" \/>\n<meta property=\"og:title\" content=\"Usbekisches Reisetagebuch - Ludwig Witzani\" \/>\n<meta property=\"og:description\" content=\"&nbsp; Soll man in Zeiten des islamistischen Terrorismus\u00a0 ein\u00a0islamisches Land besuchen? Diese Frage besch\u00e4ftigt Ludwig Witzani, als er sich einen lange gehegten Reisetraum erf\u00fcllt und endlich nach Chiwa, Buchara und Samarkand, den Perlen der Seidenstra\u00dfe, reist. Die zum Teil sehr pers\u00f6nlichen Reisenotizen beschreiben die Geschichte und Kultur Usbekistans als eines Landes im Umbruch an der &hellip; Usbekisches Reisetagebuch weiterlesen &rarr;\" \/>\n<meta property=\"og:url\" content=\"https:\/\/ludwig-witzani.de\/zu-den-grossen-traeumen\/buecher\/usbekisches-reisetagebuch\/\" \/>\n<meta property=\"og:site_name\" content=\"Ludwig Witzani\" \/>\n<meta property=\"article:modified_time\" content=\"2025-06-03T10:32:52+00:00\" \/>\n<meta property=\"og:image\" content=\"https:\/\/ludwig-witzani.de\/wp-content\/uploads\/2016\/02\/IMG_5022-811x1200.jpg\" \/>\n\t<meta property=\"og:image:width\" content=\"811\" \/>\n\t<meta property=\"og:image:height\" content=\"1200\" \/>\n\t<meta property=\"og:image:type\" content=\"image\/jpeg\" \/>\n<meta name=\"twitter:card\" content=\"summary_large_image\" \/>\n<script type=\"application\/ld+json\" class=\"yoast-schema-graph\">{\"@context\":\"https:\\\/\\\/schema.org\",\"@graph\":[{\"@type\":\"WebPage\",\"@id\":\"https:\\\/\\\/ludwig-witzani.de\\\/zu-den-grossen-traeumen\\\/buecher\\\/usbekisches-reisetagebuch\\\/\",\"url\":\"https:\\\/\\\/ludwig-witzani.de\\\/zu-den-grossen-traeumen\\\/buecher\\\/usbekisches-reisetagebuch\\\/\",\"name\":\"Usbekisches Reisetagebuch - Ludwig Witzani\",\"isPartOf\":{\"@id\":\"https:\\\/\\\/ludwig-witzani.de\\\/zu-den-grossen-traeumen\\\/#website\"},\"primaryImageOfPage\":{\"@id\":\"https:\\\/\\\/ludwig-witzani.de\\\/zu-den-grossen-traeumen\\\/buecher\\\/usbekisches-reisetagebuch\\\/#primaryimage\"},\"image\":{\"@id\":\"https:\\\/\\\/ludwig-witzani.de\\\/zu-den-grossen-traeumen\\\/buecher\\\/usbekisches-reisetagebuch\\\/#primaryimage\"},\"thumbnailUrl\":\"http:\\\/\\\/ludwig-witzani.de\\\/wp-content\\\/uploads\\\/2016\\\/02\\\/IMG_5022-541x800.jpg\",\"datePublished\":\"2016-02-17T11:18:03+00:00\",\"dateModified\":\"2025-06-03T10:32:52+00:00\",\"breadcrumb\":{\"@id\":\"https:\\\/\\\/ludwig-witzani.de\\\/zu-den-grossen-traeumen\\\/buecher\\\/usbekisches-reisetagebuch\\\/#breadcrumb\"},\"inLanguage\":\"de\",\"potentialAction\":[{\"@type\":\"ReadAction\",\"target\":[\"https:\\\/\\\/ludwig-witzani.de\\\/zu-den-grossen-traeumen\\\/buecher\\\/usbekisches-reisetagebuch\\\/\"]}]},{\"@type\":\"ImageObject\",\"inLanguage\":\"de\",\"@id\":\"https:\\\/\\\/ludwig-witzani.de\\\/zu-den-grossen-traeumen\\\/buecher\\\/usbekisches-reisetagebuch\\\/#primaryimage\",\"url\":\"http:\\\/\\\/ludwig-witzani.de\\\/wp-content\\\/uploads\\\/2016\\\/02\\\/IMG_5022-541x800.jpg\",\"contentUrl\":\"http:\\\/\\\/ludwig-witzani.de\\\/wp-content\\\/uploads\\\/2016\\\/02\\\/IMG_5022-541x800.jpg\"},{\"@type\":\"BreadcrumbList\",\"@id\":\"https:\\\/\\\/ludwig-witzani.de\\\/zu-den-grossen-traeumen\\\/buecher\\\/usbekisches-reisetagebuch\\\/#breadcrumb\",\"itemListElement\":[{\"@type\":\"ListItem\",\"position\":1,\"name\":\"Startseite\",\"item\":\"https:\\\/\\\/ludwig-witzani.de\\\/zu-den-grossen-traeumen\\\/\"},{\"@type\":\"ListItem\",\"position\":2,\"name\":\"Buchver\u00f6ffentlichungen\",\"item\":\"https:\\\/\\\/ludwig-witzani.de\\\/zu-den-grossen-traeumen\\\/buecher\\\/\"},{\"@type\":\"ListItem\",\"position\":3,\"name\":\"Usbekisches Reisetagebuch\"}]},{\"@type\":\"WebSite\",\"@id\":\"https:\\\/\\\/ludwig-witzani.de\\\/zu-den-grossen-traeumen\\\/#website\",\"url\":\"https:\\\/\\\/ludwig-witzani.de\\\/zu-den-grossen-traeumen\\\/\",\"name\":\"Ludwig Witzani\",\"description\":\"World Wide Travel\",\"potentialAction\":[{\"@type\":\"SearchAction\",\"target\":{\"@type\":\"EntryPoint\",\"urlTemplate\":\"https:\\\/\\\/ludwig-witzani.de\\\/zu-den-grossen-traeumen\\\/?s={search_term_string}\"},\"query-input\":{\"@type\":\"PropertyValueSpecification\",\"valueRequired\":true,\"valueName\":\"search_term_string\"}}],\"inLanguage\":\"de\"}]}<\/script>\n<!-- \/ Yoast SEO plugin. -->","yoast_head_json":{"title":"Usbekisches Reisetagebuch - Ludwig Witzani","robots":{"index":"index","follow":"follow","max-snippet":"max-snippet:-1","max-image-preview":"max-image-preview:large","max-video-preview":"max-video-preview:-1"},"canonical":"https:\/\/ludwig-witzani.de\/zu-den-grossen-traeumen\/buecher\/usbekisches-reisetagebuch\/","og_locale":"de_DE","og_type":"article","og_title":"Usbekisches Reisetagebuch - Ludwig Witzani","og_description":"&nbsp; Soll man in Zeiten des islamistischen Terrorismus\u00a0 ein\u00a0islamisches Land besuchen? Diese Frage besch\u00e4ftigt Ludwig Witzani, als er sich einen lange gehegten Reisetraum erf\u00fcllt und endlich nach Chiwa, Buchara und Samarkand, den Perlen der Seidenstra\u00dfe, reist. Die zum Teil sehr pers\u00f6nlichen Reisenotizen beschreiben die Geschichte und Kultur Usbekistans als eines Landes im Umbruch an der &hellip; Usbekisches Reisetagebuch weiterlesen &rarr;","og_url":"https:\/\/ludwig-witzani.de\/zu-den-grossen-traeumen\/buecher\/usbekisches-reisetagebuch\/","og_site_name":"Ludwig Witzani","article_modified_time":"2025-06-03T10:32:52+00:00","og_image":[{"width":811,"height":1200,"url":"https:\/\/ludwig-witzani.de\/wp-content\/uploads\/2016\/02\/IMG_5022-811x1200.jpg","type":"image\/jpeg"}],"twitter_card":"summary_large_image","schema":{"@context":"https:\/\/schema.org","@graph":[{"@type":"WebPage","@id":"https:\/\/ludwig-witzani.de\/zu-den-grossen-traeumen\/buecher\/usbekisches-reisetagebuch\/","url":"https:\/\/ludwig-witzani.de\/zu-den-grossen-traeumen\/buecher\/usbekisches-reisetagebuch\/","name":"Usbekisches Reisetagebuch - Ludwig Witzani","isPartOf":{"@id":"https:\/\/ludwig-witzani.de\/zu-den-grossen-traeumen\/#website"},"primaryImageOfPage":{"@id":"https:\/\/ludwig-witzani.de\/zu-den-grossen-traeumen\/buecher\/usbekisches-reisetagebuch\/#primaryimage"},"image":{"@id":"https:\/\/ludwig-witzani.de\/zu-den-grossen-traeumen\/buecher\/usbekisches-reisetagebuch\/#primaryimage"},"thumbnailUrl":"http:\/\/ludwig-witzani.de\/wp-content\/uploads\/2016\/02\/IMG_5022-541x800.jpg","datePublished":"2016-02-17T11:18:03+00:00","dateModified":"2025-06-03T10:32:52+00:00","breadcrumb":{"@id":"https:\/\/ludwig-witzani.de\/zu-den-grossen-traeumen\/buecher\/usbekisches-reisetagebuch\/#breadcrumb"},"inLanguage":"de","potentialAction":[{"@type":"ReadAction","target":["https:\/\/ludwig-witzani.de\/zu-den-grossen-traeumen\/buecher\/usbekisches-reisetagebuch\/"]}]},{"@type":"ImageObject","inLanguage":"de","@id":"https:\/\/ludwig-witzani.de\/zu-den-grossen-traeumen\/buecher\/usbekisches-reisetagebuch\/#primaryimage","url":"http:\/\/ludwig-witzani.de\/wp-content\/uploads\/2016\/02\/IMG_5022-541x800.jpg","contentUrl":"http:\/\/ludwig-witzani.de\/wp-content\/uploads\/2016\/02\/IMG_5022-541x800.jpg"},{"@type":"BreadcrumbList","@id":"https:\/\/ludwig-witzani.de\/zu-den-grossen-traeumen\/buecher\/usbekisches-reisetagebuch\/#breadcrumb","itemListElement":[{"@type":"ListItem","position":1,"name":"Startseite","item":"https:\/\/ludwig-witzani.de\/zu-den-grossen-traeumen\/"},{"@type":"ListItem","position":2,"name":"Buchver\u00f6ffentlichungen","item":"https:\/\/ludwig-witzani.de\/zu-den-grossen-traeumen\/buecher\/"},{"@type":"ListItem","position":3,"name":"Usbekisches Reisetagebuch"}]},{"@type":"WebSite","@id":"https:\/\/ludwig-witzani.de\/zu-den-grossen-traeumen\/#website","url":"https:\/\/ludwig-witzani.de\/zu-den-grossen-traeumen\/","name":"Ludwig Witzani","description":"World Wide Travel","potentialAction":[{"@type":"SearchAction","target":{"@type":"EntryPoint","urlTemplate":"https:\/\/ludwig-witzani.de\/zu-den-grossen-traeumen\/?s={search_term_string}"},"query-input":{"@type":"PropertyValueSpecification","valueRequired":true,"valueName":"search_term_string"}}],"inLanguage":"de"}]}},"jetpack_shortlink":"https:\/\/wp.me\/P4daYo-1lU","jetpack_sharing_enabled":true,"_links":{"self":[{"href":"https:\/\/ludwig-witzani.de\/zu-den-grossen-traeumen\/wp-json\/wp\/v2\/pages\/5202","targetHints":{"allow":["GET"]}}],"collection":[{"href":"https:\/\/ludwig-witzani.de\/zu-den-grossen-traeumen\/wp-json\/wp\/v2\/pages"}],"about":[{"href":"https:\/\/ludwig-witzani.de\/zu-den-grossen-traeumen\/wp-json\/wp\/v2\/types\/page"}],"author":[{"embeddable":true,"href":"https:\/\/ludwig-witzani.de\/zu-den-grossen-traeumen\/wp-json\/wp\/v2\/users\/2"}],"replies":[{"embeddable":true,"href":"https:\/\/ludwig-witzani.de\/zu-den-grossen-traeumen\/wp-json\/wp\/v2\/comments?post=5202"}],"version-history":[{"count":6,"href":"https:\/\/ludwig-witzani.de\/zu-den-grossen-traeumen\/wp-json\/wp\/v2\/pages\/5202\/revisions"}],"predecessor-version":[{"id":5919,"href":"https:\/\/ludwig-witzani.de\/zu-den-grossen-traeumen\/wp-json\/wp\/v2\/pages\/5202\/revisions\/5919"}],"up":[{"embeddable":true,"href":"https:\/\/ludwig-witzani.de\/zu-den-grossen-traeumen\/wp-json\/wp\/v2\/pages\/11"}],"wp:attachment":[{"href":"https:\/\/ludwig-witzani.de\/zu-den-grossen-traeumen\/wp-json\/wp\/v2\/media?parent=5202"}],"curies":[{"name":"wp","href":"https:\/\/api.w.org\/{rel}","templated":true}]}}