{"id":5178,"date":"2016-01-14T10:28:01","date_gmt":"2016-01-14T10:28:01","guid":{"rendered":"http:\/\/ludwig-witzani.de\/?page_id=5178"},"modified":"2025-06-03T10:32:52","modified_gmt":"2025-06-03T10:32:52","slug":"die-kleine-posaune-der-freiheit","status":"publish","type":"page","link":"https:\/\/ludwig-witzani.de\/zu-den-grossen-traeumen\/buecher\/die-kleine-posaune-der-freiheit\/","title":{"rendered":"Die kleine Posaune der Freiheit"},"content":{"rendered":"<h4>Osteurop\u00e4ische Reisen zwischen Riga und Danzig,<br \/>\nWarschau und Sankt Petersburg (Weltreisen Band IV)<\/h4>\n<p><img loading=\"lazy\" decoding=\"async\" class=\"wp-image-5179 size-medium alignnone\" src=\"http:\/\/ludwig-witzani.de\/wp-content\/uploads\/2016\/01\/cover-posaune-526x800.jpg\" alt=\"cover-posaune\" width=\"526\" height=\"800\" srcset=\"https:\/\/ludwig-witzani.de\/wp-content\/uploads\/2016\/01\/cover-posaune-526x800.jpg 526w, https:\/\/ludwig-witzani.de\/wp-content\/uploads\/2016\/01\/cover-posaune-768x1167.jpg 768w, https:\/\/ludwig-witzani.de\/wp-content\/uploads\/2016\/01\/cover-posaune-789x1200.jpg 789w, https:\/\/ludwig-witzani.de\/wp-content\/uploads\/2016\/01\/cover-posaune.jpg 2000w\" sizes=\"auto, (max-width: 526px) 100vw, 526px\" \/><\/p>\n<p>Der Untergang des Kommunismus hat die baltischen L\u00e4nder und Polen befreit, sie sind aus ihrem totalit\u00e4ren K\u00e4lteschlaf erwacht und dabei, eine noch ungewisse Zukunft zu gestalten. Anders verh\u00e4lt es sich noch mit dem Kaliningrad Oblast, mit Sankt Petersburg und Wei\u00dfrussland, aber auch hier hofften die Menschen endlich Abschied nehmen zu k\u00f6nnen von den Verw\u00fcstungen des 20. Jahrhunderts. Ein anderes Europa nimmt Gestalt an, in unterschiedlichen Geschwindigkeiten und Formen, und Ludwig Witzani wollte mit eigenen Augen sehen, wie sich diese Umbr\u00fcche vollziehen. Dabei trifft der Autor auf ein Europa, das dabei ist, einen st\u00fcrmischen Aufbruch zu wagen, und dass doch zugleich noch immer an den Hypotheken einer Vergangenheit tr\u00e4gt, die nicht vergehen will: der Erinnerung an den nationalsozialistischen Massenmord und die Deformationen, die der Kommunismus den osteurop\u00e4ischen V\u00f6lkern nach dem Zweiten Weltkrieg zugef\u00fcgt hat. In der Begegnung mit den historischen Zeugnissen dieser Epochen aber auch mit den Menschen, die ihm auf dieser Reise begegnen, gewinnt der Autor ein neues Bild von der europ\u00e4ischen Peripherie, die keine Peripherie mehr sein will &#8211; und eine neues Verst\u00e4ndnis seiner deutschen Identit\u00e4t.<\/p>\n<p><a href=\"http:\/\/ludwig-witzani.de\/wp-content\/uploads\/2021\/02\/Leseprobe-Inhaltsverzeichnis-und-Einleitung.pdf\">&nbsp;<strong>Inhaltsverzeichnis und Einleitung<\/strong><\/a><\/p>\n<p><em><strong><a href=\"http:\/\/ludwig-witzani.de\/osteuropa-inhaltsverzeichnis\/\">I<\/a><\/strong><\/em><a href=\"http:\/\/ludwig-witzani.de\/osteuropa-inhaltsverzeichnis\/\">NHALTSVERZEICHNIS&nbsp; (bebildert)&nbsp;&nbsp;<\/a><\/p>\n<p><em><strong><a href=\"http:\/\/ludwig-witzani.de\/osteuropa-leseprobe\/\">LESEPROBE 1&nbsp; Estland<\/a><\/strong><\/em><\/p>\n<p><a href=\"http:\/\/ludwig-witzani.de\/wp-content\/uploads\/2021\/02\/Leseprobe-K\u00f6nigsberg-Kaliningrad.pdf\"><em><strong>LESEPROBE&nbsp; 2- K\u00f6nigsberg &#8211; Kaliningrad<\/strong><\/em><\/a><em><strong>&nbsp;<\/strong><\/em><\/p>\n<p><a href=\"https:\/\/www.epubli.de\/shop\/buch\/Die-kleine-Posaune-der-Freiheit-Ludwig-Witzani-9783737584968\/50064\">Printausgabe bei epubli bestellen&nbsp;<\/a><\/p>\n<p><a href=\"http:\/\/www.amazon.de\/Weltreisen-kleine-Posaune-Freiheit-Osteurop%C3%A4ische\/dp\/3737584966\/ref=sr_1_1?ie=UTF8&amp;qid=1460368721&amp;sr=8-1&amp;keywords=Witzani+Die+kleine+Posaune+der+Freiheit\">Printausgabe bei amazon bestellen<\/a><\/p>\n<p><a href=\"http:\/\/www.amazon.de\/Die-kleine-Posaune-Freiheit-Osteurop\u00e4ische-ebook\/dp\/B01BC3K7NS\/\" target=\"_blank\" rel=\"noopener noreferrer\">kindle-Version bei amazon kaufen.<\/a><\/p>\n<p><a href=\"https:\/\/itunes.apple.com\/de\/book\/die-kleine-posaune-der-freiheit\/id1078773917?mt=11\">iBooks-Version bei iTunes kaufen.<\/a><\/p>\n","protected":false},"excerpt":{"rendered":"<p>Osteurop\u00e4ische Reisen zwischen Riga und Danzig, Warschau und Sankt Petersburg (Weltreisen Band IV) Der Untergang des Kommunismus hat die baltischen L\u00e4nder und Polen befreit, sie sind aus ihrem totalit\u00e4ren K\u00e4lteschlaf erwacht und dabei, eine noch ungewisse Zukunft zu gestalten. Anders verh\u00e4lt es sich noch mit dem Kaliningrad Oblast, mit Sankt Petersburg und Wei\u00dfrussland, aber auch &hellip; <a href=\"https:\/\/ludwig-witzani.de\/zu-den-grossen-traeumen\/buecher\/die-kleine-posaune-der-freiheit\/\" class=\"more-link\"><span class=\"screen-reader-text\">Die kleine Posaune der Freiheit<\/span> weiterlesen <span class=\"meta-nav\">&rarr;<\/span><\/a><\/p>\n","protected":false},"author":2,"featured_media":0,"parent":11,"menu_order":0,"comment_status":"open","ping_status":"closed","template":"","meta":{"ngg_post_thumbnail":0,"jetpack_post_was_ever_published":false,"footnotes":""},"class_list":["post-5178","page","type-page","status-publish","hentry"],"yoast_head":"<!-- This site is optimized with the Yoast SEO plugin v27.4 - https:\/\/yoast.com\/product\/yoast-seo-wordpress\/ -->\n<title>Die kleine Posaune der Freiheit - Ludwig Witzani<\/title>\n<meta name=\"description\" content=\"Helsinki, Riga, Tallinn, Wilna, Warschau, K\u00f6nigsberg, Brest, Minsk\" \/>\n<meta name=\"robots\" content=\"index, follow, max-snippet:-1, max-image-preview:large, max-video-preview:-1\" \/>\n<link rel=\"canonical\" href=\"https:\/\/ludwig-witzani.de\/zu-den-grossen-traeumen\/buecher\/die-kleine-posaune-der-freiheit\/\" \/>\n<meta property=\"og:locale\" content=\"de_DE\" \/>\n<meta property=\"og:type\" content=\"article\" \/>\n<meta property=\"og:title\" content=\"Die kleine Posaune der Freiheit - Ludwig Witzani\" \/>\n<meta property=\"og:description\" content=\"Helsinki, Riga, Tallinn, Wilna, Warschau, K\u00f6nigsberg, Brest, Minsk\" \/>\n<meta property=\"og:url\" content=\"https:\/\/ludwig-witzani.de\/zu-den-grossen-traeumen\/buecher\/die-kleine-posaune-der-freiheit\/\" \/>\n<meta property=\"og:site_name\" content=\"Ludwig Witzani\" \/>\n<meta property=\"article:modified_time\" content=\"2025-06-03T10:32:52+00:00\" \/>\n<meta property=\"og:image\" content=\"https:\/\/ludwig-witzani.de\/wp-content\/uploads\/2016\/01\/cover-posaune.jpg\" \/>\n\t<meta property=\"og:image:width\" content=\"2000\" \/>\n\t<meta property=\"og:image:height\" content=\"3040\" \/>\n\t<meta property=\"og:image:type\" content=\"image\/jpeg\" \/>\n<meta name=\"twitter:card\" content=\"summary_large_image\" \/>\n<meta name=\"twitter:label1\" content=\"Gesch\u00e4tzte Lesezeit\" \/>\n\t<meta name=\"twitter:data1\" content=\"2\u00a0Minuten\" \/>\n<script type=\"application\/ld+json\" class=\"yoast-schema-graph\">{\"@context\":\"https:\\\/\\\/schema.org\",\"@graph\":[{\"@type\":\"WebPage\",\"@id\":\"https:\\\/\\\/ludwig-witzani.de\\\/zu-den-grossen-traeumen\\\/buecher\\\/die-kleine-posaune-der-freiheit\\\/\",\"url\":\"https:\\\/\\\/ludwig-witzani.de\\\/zu-den-grossen-traeumen\\\/buecher\\\/die-kleine-posaune-der-freiheit\\\/\",\"name\":\"Die kleine Posaune der Freiheit - Ludwig Witzani\",\"isPartOf\":{\"@id\":\"https:\\\/\\\/ludwig-witzani.de\\\/zu-den-grossen-traeumen\\\/#website\"},\"primaryImageOfPage\":{\"@id\":\"https:\\\/\\\/ludwig-witzani.de\\\/zu-den-grossen-traeumen\\\/buecher\\\/die-kleine-posaune-der-freiheit\\\/#primaryimage\"},\"image\":{\"@id\":\"https:\\\/\\\/ludwig-witzani.de\\\/zu-den-grossen-traeumen\\\/buecher\\\/die-kleine-posaune-der-freiheit\\\/#primaryimage\"},\"thumbnailUrl\":\"http:\\\/\\\/ludwig-witzani.de\\\/wp-content\\\/uploads\\\/2016\\\/01\\\/cover-posaune-526x800.jpg\",\"datePublished\":\"2016-01-14T10:28:01+00:00\",\"dateModified\":\"2025-06-03T10:32:52+00:00\",\"description\":\"Helsinki, Riga, Tallinn, Wilna, Warschau, K\u00f6nigsberg, Brest, Minsk\",\"breadcrumb\":{\"@id\":\"https:\\\/\\\/ludwig-witzani.de\\\/zu-den-grossen-traeumen\\\/buecher\\\/die-kleine-posaune-der-freiheit\\\/#breadcrumb\"},\"inLanguage\":\"de\",\"potentialAction\":[{\"@type\":\"ReadAction\",\"target\":[\"https:\\\/\\\/ludwig-witzani.de\\\/zu-den-grossen-traeumen\\\/buecher\\\/die-kleine-posaune-der-freiheit\\\/\"]}]},{\"@type\":\"ImageObject\",\"inLanguage\":\"de\",\"@id\":\"https:\\\/\\\/ludwig-witzani.de\\\/zu-den-grossen-traeumen\\\/buecher\\\/die-kleine-posaune-der-freiheit\\\/#primaryimage\",\"url\":\"http:\\\/\\\/ludwig-witzani.de\\\/wp-content\\\/uploads\\\/2016\\\/01\\\/cover-posaune-526x800.jpg\",\"contentUrl\":\"http:\\\/\\\/ludwig-witzani.de\\\/wp-content\\\/uploads\\\/2016\\\/01\\\/cover-posaune-526x800.jpg\"},{\"@type\":\"BreadcrumbList\",\"@id\":\"https:\\\/\\\/ludwig-witzani.de\\\/zu-den-grossen-traeumen\\\/buecher\\\/die-kleine-posaune-der-freiheit\\\/#breadcrumb\",\"itemListElement\":[{\"@type\":\"ListItem\",\"position\":1,\"name\":\"Startseite\",\"item\":\"https:\\\/\\\/ludwig-witzani.de\\\/zu-den-grossen-traeumen\\\/\"},{\"@type\":\"ListItem\",\"position\":2,\"name\":\"Buchver\u00f6ffentlichungen\",\"item\":\"https:\\\/\\\/ludwig-witzani.de\\\/zu-den-grossen-traeumen\\\/buecher\\\/\"},{\"@type\":\"ListItem\",\"position\":3,\"name\":\"Die kleine Posaune der Freiheit\"}]},{\"@type\":\"WebSite\",\"@id\":\"https:\\\/\\\/ludwig-witzani.de\\\/zu-den-grossen-traeumen\\\/#website\",\"url\":\"https:\\\/\\\/ludwig-witzani.de\\\/zu-den-grossen-traeumen\\\/\",\"name\":\"Ludwig Witzani\",\"description\":\"World Wide Travel\",\"potentialAction\":[{\"@type\":\"SearchAction\",\"target\":{\"@type\":\"EntryPoint\",\"urlTemplate\":\"https:\\\/\\\/ludwig-witzani.de\\\/zu-den-grossen-traeumen\\\/?s={search_term_string}\"},\"query-input\":{\"@type\":\"PropertyValueSpecification\",\"valueRequired\":true,\"valueName\":\"search_term_string\"}}],\"inLanguage\":\"de\"}]}<\/script>\n<!-- \/ Yoast SEO plugin. -->","yoast_head_json":{"title":"Die kleine Posaune der Freiheit - Ludwig Witzani","description":"Helsinki, Riga, Tallinn, Wilna, Warschau, K\u00f6nigsberg, Brest, Minsk","robots":{"index":"index","follow":"follow","max-snippet":"max-snippet:-1","max-image-preview":"max-image-preview:large","max-video-preview":"max-video-preview:-1"},"canonical":"https:\/\/ludwig-witzani.de\/zu-den-grossen-traeumen\/buecher\/die-kleine-posaune-der-freiheit\/","og_locale":"de_DE","og_type":"article","og_title":"Die kleine Posaune der Freiheit - Ludwig Witzani","og_description":"Helsinki, Riga, Tallinn, Wilna, Warschau, K\u00f6nigsberg, Brest, Minsk","og_url":"https:\/\/ludwig-witzani.de\/zu-den-grossen-traeumen\/buecher\/die-kleine-posaune-der-freiheit\/","og_site_name":"Ludwig Witzani","article_modified_time":"2025-06-03T10:32:52+00:00","og_image":[{"width":2000,"height":3040,"url":"https:\/\/ludwig-witzani.de\/wp-content\/uploads\/2016\/01\/cover-posaune.jpg","type":"image\/jpeg"}],"twitter_card":"summary_large_image","twitter_misc":{"Gesch\u00e4tzte Lesezeit":"2\u00a0Minuten"},"schema":{"@context":"https:\/\/schema.org","@graph":[{"@type":"WebPage","@id":"https:\/\/ludwig-witzani.de\/zu-den-grossen-traeumen\/buecher\/die-kleine-posaune-der-freiheit\/","url":"https:\/\/ludwig-witzani.de\/zu-den-grossen-traeumen\/buecher\/die-kleine-posaune-der-freiheit\/","name":"Die kleine Posaune der Freiheit - Ludwig Witzani","isPartOf":{"@id":"https:\/\/ludwig-witzani.de\/zu-den-grossen-traeumen\/#website"},"primaryImageOfPage":{"@id":"https:\/\/ludwig-witzani.de\/zu-den-grossen-traeumen\/buecher\/die-kleine-posaune-der-freiheit\/#primaryimage"},"image":{"@id":"https:\/\/ludwig-witzani.de\/zu-den-grossen-traeumen\/buecher\/die-kleine-posaune-der-freiheit\/#primaryimage"},"thumbnailUrl":"http:\/\/ludwig-witzani.de\/wp-content\/uploads\/2016\/01\/cover-posaune-526x800.jpg","datePublished":"2016-01-14T10:28:01+00:00","dateModified":"2025-06-03T10:32:52+00:00","description":"Helsinki, Riga, Tallinn, Wilna, Warschau, K\u00f6nigsberg, Brest, Minsk","breadcrumb":{"@id":"https:\/\/ludwig-witzani.de\/zu-den-grossen-traeumen\/buecher\/die-kleine-posaune-der-freiheit\/#breadcrumb"},"inLanguage":"de","potentialAction":[{"@type":"ReadAction","target":["https:\/\/ludwig-witzani.de\/zu-den-grossen-traeumen\/buecher\/die-kleine-posaune-der-freiheit\/"]}]},{"@type":"ImageObject","inLanguage":"de","@id":"https:\/\/ludwig-witzani.de\/zu-den-grossen-traeumen\/buecher\/die-kleine-posaune-der-freiheit\/#primaryimage","url":"http:\/\/ludwig-witzani.de\/wp-content\/uploads\/2016\/01\/cover-posaune-526x800.jpg","contentUrl":"http:\/\/ludwig-witzani.de\/wp-content\/uploads\/2016\/01\/cover-posaune-526x800.jpg"},{"@type":"BreadcrumbList","@id":"https:\/\/ludwig-witzani.de\/zu-den-grossen-traeumen\/buecher\/die-kleine-posaune-der-freiheit\/#breadcrumb","itemListElement":[{"@type":"ListItem","position":1,"name":"Startseite","item":"https:\/\/ludwig-witzani.de\/zu-den-grossen-traeumen\/"},{"@type":"ListItem","position":2,"name":"Buchver\u00f6ffentlichungen","item":"https:\/\/ludwig-witzani.de\/zu-den-grossen-traeumen\/buecher\/"},{"@type":"ListItem","position":3,"name":"Die kleine Posaune der Freiheit"}]},{"@type":"WebSite","@id":"https:\/\/ludwig-witzani.de\/zu-den-grossen-traeumen\/#website","url":"https:\/\/ludwig-witzani.de\/zu-den-grossen-traeumen\/","name":"Ludwig Witzani","description":"World Wide Travel","potentialAction":[{"@type":"SearchAction","target":{"@type":"EntryPoint","urlTemplate":"https:\/\/ludwig-witzani.de\/zu-den-grossen-traeumen\/?s={search_term_string}"},"query-input":{"@type":"PropertyValueSpecification","valueRequired":true,"valueName":"search_term_string"}}],"inLanguage":"de"}]}},"jetpack_shortlink":"https:\/\/wp.me\/P4daYo-1lw","jetpack_sharing_enabled":true,"_links":{"self":[{"href":"https:\/\/ludwig-witzani.de\/zu-den-grossen-traeumen\/wp-json\/wp\/v2\/pages\/5178","targetHints":{"allow":["GET"]}}],"collection":[{"href":"https:\/\/ludwig-witzani.de\/zu-den-grossen-traeumen\/wp-json\/wp\/v2\/pages"}],"about":[{"href":"https:\/\/ludwig-witzani.de\/zu-den-grossen-traeumen\/wp-json\/wp\/v2\/types\/page"}],"author":[{"embeddable":true,"href":"https:\/\/ludwig-witzani.de\/zu-den-grossen-traeumen\/wp-json\/wp\/v2\/users\/2"}],"replies":[{"embeddable":true,"href":"https:\/\/ludwig-witzani.de\/zu-den-grossen-traeumen\/wp-json\/wp\/v2\/comments?post=5178"}],"version-history":[{"count":22,"href":"https:\/\/ludwig-witzani.de\/zu-den-grossen-traeumen\/wp-json\/wp\/v2\/pages\/5178\/revisions"}],"predecessor-version":[{"id":5345,"href":"https:\/\/ludwig-witzani.de\/zu-den-grossen-traeumen\/wp-json\/wp\/v2\/pages\/5178\/revisions\/5345"}],"up":[{"embeddable":true,"href":"https:\/\/ludwig-witzani.de\/zu-den-grossen-traeumen\/wp-json\/wp\/v2\/pages\/11"}],"wp:attachment":[{"href":"https:\/\/ludwig-witzani.de\/zu-den-grossen-traeumen\/wp-json\/wp\/v2\/media?parent=5178"}],"curies":[{"name":"wp","href":"https:\/\/api.w.org\/{rel}","templated":true}]}}