{"id":5013,"date":"2015-06-05T16:09:03","date_gmt":"2015-06-05T16:09:03","guid":{"rendered":"http:\/\/ludwig-witzani.de\/?page_id=5013"},"modified":"2025-06-03T10:32:52","modified_gmt":"2025-06-03T10:32:52","slug":"auf-der-navimag","status":"publish","type":"page","link":"https:\/\/ludwig-witzani.de\/zu-den-grossen-traeumen\/buecher\/auf-der-navimag\/","title":{"rendered":"Auf der Navimag"},"content":{"rendered":"<p>Auf der Frachtf\u00e4hre\u201eAmadeo\u201c\u00a0durch die Fjorde S\u00fcdchiles\u00a0zwischen\u00a0Puerto Montt und Puerto Natales<\/p>\n<p><a href=\"http:\/\/ludwig-witzani.de\/wp-content\/uploads\/2015\/06\/00a1Cover-1-Navmag-1.jpg\"><img loading=\"lazy\" decoding=\"async\" class=\" size-medium wp-image-5015 alignnone\" src=\"http:\/\/ludwig-witzani.de\/wp-content\/uploads\/2015\/06\/00a1Cover-1-Navmag-1-502x800.jpg\" alt=\"00a1Cover 1 Navmag (1)\" width=\"502\" height=\"800\" srcset=\"https:\/\/ludwig-witzani.de\/wp-content\/uploads\/2015\/06\/00a1Cover-1-Navmag-1-502x800.jpg 502w, https:\/\/ludwig-witzani.de\/wp-content\/uploads\/2015\/06\/00a1Cover-1-Navmag-1-752x1200.jpg 752w, https:\/\/ludwig-witzani.de\/wp-content\/uploads\/2015\/06\/00a1Cover-1-Navmag-1.jpg 1003w\" sizes=\"auto, (max-width: 502px) 100vw, 502px\" \/><\/a><\/p>\n<p>Die \u00fcber 2000 km lange Fahrt auf einer Frachtf\u00e4hrte der Firma Navimag durch die s\u00fcdchilenische Inselwelt zwischen Puerto Montt und Puerto Natales geh\u00f6rt in die Reihe der ganz gro\u00dfen Reisen &#8211; nicht wegen der k\u00f6rperlichen Herausforderungen, die sie beinhaltet, sondern wegen der Konfrontation mit einem Winkel der Welt, den man so nirgendwo anders erleben kann. Eine Welt aus Stein und Wasser, vorbei an erloschenen und aktiven Vulkanen, \u00fcber den offenen Ozean und durch winzige Kan\u00e4le, begleitet von Albatrossen und Orcas und dem Anblick patagonischer Gletscher &#8211; das sind nur einige der Szenerien, denen der Reisende auf einer solchen Fahrt im chilenischen S\u00fcden begegnet. Das vorliegende Buch beschreibt erstmals \u00fcberhaupt in deutscher Sprache ausf\u00fchrlich die lange Reise zwischen Puerto Montt und Puerto Natales mit einem heiklen Finale im Kirke Kanal\u2026<\/p>\n<p><a href=\"http:\/\/www.amazon.de\/Auf-Navimag-Frachtf\u00e4hre-S\u00fcdchiles-Argentinien-ebook\/dp\/B00YXXH5QM\" target=\"_blank\">kindle eBook bei amazon bestellen\u00a0\u2026<\/a><\/p>\n","protected":false},"excerpt":{"rendered":"<p>Auf der Frachtf\u00e4hre\u201eAmadeo\u201c\u00a0durch die Fjorde S\u00fcdchiles\u00a0zwischen\u00a0Puerto Montt und Puerto Natales Die \u00fcber 2000 km lange Fahrt auf einer Frachtf\u00e4hrte der Firma Navimag durch die s\u00fcdchilenische Inselwelt zwischen Puerto Montt und Puerto Natales geh\u00f6rt in die Reihe der ganz gro\u00dfen Reisen &#8211; nicht wegen der k\u00f6rperlichen Herausforderungen, die sie beinhaltet, sondern wegen der Konfrontation mit einem &hellip; <a href=\"https:\/\/ludwig-witzani.de\/zu-den-grossen-traeumen\/buecher\/auf-der-navimag\/\" class=\"more-link\"><span class=\"screen-reader-text\">Auf der Navimag<\/span> weiterlesen <span class=\"meta-nav\">&rarr;<\/span><\/a><\/p>\n","protected":false},"author":2,"featured_media":0,"parent":11,"menu_order":0,"comment_status":"open","ping_status":"open","template":"","meta":{"ngg_post_thumbnail":0,"jetpack_post_was_ever_published":false,"footnotes":""},"class_list":["post-5013","page","type-page","status-publish","hentry"],"yoast_head":"<!-- This site is optimized with the Yoast SEO plugin v27.4 - https:\/\/yoast.com\/product\/yoast-seo-wordpress\/ -->\n<title>Auf der Navimag - Ludwig Witzani<\/title>\n<meta name=\"robots\" content=\"index, follow, max-snippet:-1, max-image-preview:large, max-video-preview:-1\" \/>\n<link rel=\"canonical\" href=\"https:\/\/ludwig-witzani.de\/zu-den-grossen-traeumen\/buecher\/auf-der-navimag\/\" \/>\n<meta property=\"og:locale\" content=\"de_DE\" \/>\n<meta property=\"og:type\" content=\"article\" \/>\n<meta property=\"og:title\" content=\"Auf der Navimag - Ludwig Witzani\" \/>\n<meta property=\"og:description\" content=\"Auf der Frachtf\u00e4hre\u201eAmadeo\u201c\u00a0durch die Fjorde S\u00fcdchiles\u00a0zwischen\u00a0Puerto Montt und Puerto Natales Die \u00fcber 2000 km lange Fahrt auf einer Frachtf\u00e4hrte der Firma Navimag durch die s\u00fcdchilenische Inselwelt zwischen Puerto Montt und Puerto Natales geh\u00f6rt in die Reihe der ganz gro\u00dfen Reisen &#8211; nicht wegen der k\u00f6rperlichen Herausforderungen, die sie beinhaltet, sondern wegen der Konfrontation mit einem &hellip; Auf der Navimag weiterlesen &rarr;\" \/>\n<meta property=\"og:url\" content=\"https:\/\/ludwig-witzani.de\/zu-den-grossen-traeumen\/buecher\/auf-der-navimag\/\" \/>\n<meta property=\"og:site_name\" content=\"Ludwig Witzani\" \/>\n<meta property=\"article:modified_time\" content=\"2025-06-03T10:32:52+00:00\" \/>\n<meta property=\"og:image\" content=\"https:\/\/ludwig-witzani.de\/wp-content\/uploads\/2015\/06\/00a1Cover-1-Navmag-1.jpg\" \/>\n\t<meta property=\"og:image:width\" content=\"1003\" \/>\n\t<meta property=\"og:image:height\" content=\"1600\" \/>\n\t<meta property=\"og:image:type\" content=\"image\/jpeg\" \/>\n<meta name=\"twitter:card\" content=\"summary_large_image\" \/>\n<meta name=\"twitter:label1\" content=\"Gesch\u00e4tzte Lesezeit\" \/>\n\t<meta name=\"twitter:data1\" content=\"1\u00a0Minute\" \/>\n<script type=\"application\/ld+json\" class=\"yoast-schema-graph\">{\"@context\":\"https:\\\/\\\/schema.org\",\"@graph\":[{\"@type\":\"WebPage\",\"@id\":\"https:\\\/\\\/ludwig-witzani.de\\\/zu-den-grossen-traeumen\\\/buecher\\\/auf-der-navimag\\\/\",\"url\":\"https:\\\/\\\/ludwig-witzani.de\\\/zu-den-grossen-traeumen\\\/buecher\\\/auf-der-navimag\\\/\",\"name\":\"Auf der Navimag - Ludwig Witzani\",\"isPartOf\":{\"@id\":\"https:\\\/\\\/ludwig-witzani.de\\\/zu-den-grossen-traeumen\\\/#website\"},\"primaryImageOfPage\":{\"@id\":\"https:\\\/\\\/ludwig-witzani.de\\\/zu-den-grossen-traeumen\\\/buecher\\\/auf-der-navimag\\\/#primaryimage\"},\"image\":{\"@id\":\"https:\\\/\\\/ludwig-witzani.de\\\/zu-den-grossen-traeumen\\\/buecher\\\/auf-der-navimag\\\/#primaryimage\"},\"thumbnailUrl\":\"http:\\\/\\\/ludwig-witzani.de\\\/wp-content\\\/uploads\\\/2015\\\/06\\\/00a1Cover-1-Navmag-1-502x800.jpg\",\"datePublished\":\"2015-06-05T16:09:03+00:00\",\"dateModified\":\"2025-06-03T10:32:52+00:00\",\"breadcrumb\":{\"@id\":\"https:\\\/\\\/ludwig-witzani.de\\\/zu-den-grossen-traeumen\\\/buecher\\\/auf-der-navimag\\\/#breadcrumb\"},\"inLanguage\":\"de\",\"potentialAction\":[{\"@type\":\"ReadAction\",\"target\":[\"https:\\\/\\\/ludwig-witzani.de\\\/zu-den-grossen-traeumen\\\/buecher\\\/auf-der-navimag\\\/\"]}]},{\"@type\":\"ImageObject\",\"inLanguage\":\"de\",\"@id\":\"https:\\\/\\\/ludwig-witzani.de\\\/zu-den-grossen-traeumen\\\/buecher\\\/auf-der-navimag\\\/#primaryimage\",\"url\":\"http:\\\/\\\/ludwig-witzani.de\\\/wp-content\\\/uploads\\\/2015\\\/06\\\/00a1Cover-1-Navmag-1-502x800.jpg\",\"contentUrl\":\"http:\\\/\\\/ludwig-witzani.de\\\/wp-content\\\/uploads\\\/2015\\\/06\\\/00a1Cover-1-Navmag-1-502x800.jpg\"},{\"@type\":\"BreadcrumbList\",\"@id\":\"https:\\\/\\\/ludwig-witzani.de\\\/zu-den-grossen-traeumen\\\/buecher\\\/auf-der-navimag\\\/#breadcrumb\",\"itemListElement\":[{\"@type\":\"ListItem\",\"position\":1,\"name\":\"Startseite\",\"item\":\"https:\\\/\\\/ludwig-witzani.de\\\/zu-den-grossen-traeumen\\\/\"},{\"@type\":\"ListItem\",\"position\":2,\"name\":\"Buchver\u00f6ffentlichungen\",\"item\":\"https:\\\/\\\/ludwig-witzani.de\\\/zu-den-grossen-traeumen\\\/buecher\\\/\"},{\"@type\":\"ListItem\",\"position\":3,\"name\":\"Auf der Navimag\"}]},{\"@type\":\"WebSite\",\"@id\":\"https:\\\/\\\/ludwig-witzani.de\\\/zu-den-grossen-traeumen\\\/#website\",\"url\":\"https:\\\/\\\/ludwig-witzani.de\\\/zu-den-grossen-traeumen\\\/\",\"name\":\"Ludwig Witzani\",\"description\":\"World Wide Travel\",\"potentialAction\":[{\"@type\":\"SearchAction\",\"target\":{\"@type\":\"EntryPoint\",\"urlTemplate\":\"https:\\\/\\\/ludwig-witzani.de\\\/zu-den-grossen-traeumen\\\/?s={search_term_string}\"},\"query-input\":{\"@type\":\"PropertyValueSpecification\",\"valueRequired\":true,\"valueName\":\"search_term_string\"}}],\"inLanguage\":\"de\"}]}<\/script>\n<!-- \/ Yoast SEO plugin. -->","yoast_head_json":{"title":"Auf der Navimag - Ludwig Witzani","robots":{"index":"index","follow":"follow","max-snippet":"max-snippet:-1","max-image-preview":"max-image-preview:large","max-video-preview":"max-video-preview:-1"},"canonical":"https:\/\/ludwig-witzani.de\/zu-den-grossen-traeumen\/buecher\/auf-der-navimag\/","og_locale":"de_DE","og_type":"article","og_title":"Auf der Navimag - Ludwig Witzani","og_description":"Auf der Frachtf\u00e4hre\u201eAmadeo\u201c\u00a0durch die Fjorde S\u00fcdchiles\u00a0zwischen\u00a0Puerto Montt und Puerto Natales Die \u00fcber 2000 km lange Fahrt auf einer Frachtf\u00e4hrte der Firma Navimag durch die s\u00fcdchilenische Inselwelt zwischen Puerto Montt und Puerto Natales geh\u00f6rt in die Reihe der ganz gro\u00dfen Reisen &#8211; nicht wegen der k\u00f6rperlichen Herausforderungen, die sie beinhaltet, sondern wegen der Konfrontation mit einem &hellip; Auf der Navimag weiterlesen &rarr;","og_url":"https:\/\/ludwig-witzani.de\/zu-den-grossen-traeumen\/buecher\/auf-der-navimag\/","og_site_name":"Ludwig Witzani","article_modified_time":"2025-06-03T10:32:52+00:00","og_image":[{"width":1003,"height":1600,"url":"https:\/\/ludwig-witzani.de\/wp-content\/uploads\/2015\/06\/00a1Cover-1-Navmag-1.jpg","type":"image\/jpeg"}],"twitter_card":"summary_large_image","twitter_misc":{"Gesch\u00e4tzte Lesezeit":"1\u00a0Minute"},"schema":{"@context":"https:\/\/schema.org","@graph":[{"@type":"WebPage","@id":"https:\/\/ludwig-witzani.de\/zu-den-grossen-traeumen\/buecher\/auf-der-navimag\/","url":"https:\/\/ludwig-witzani.de\/zu-den-grossen-traeumen\/buecher\/auf-der-navimag\/","name":"Auf der Navimag - Ludwig Witzani","isPartOf":{"@id":"https:\/\/ludwig-witzani.de\/zu-den-grossen-traeumen\/#website"},"primaryImageOfPage":{"@id":"https:\/\/ludwig-witzani.de\/zu-den-grossen-traeumen\/buecher\/auf-der-navimag\/#primaryimage"},"image":{"@id":"https:\/\/ludwig-witzani.de\/zu-den-grossen-traeumen\/buecher\/auf-der-navimag\/#primaryimage"},"thumbnailUrl":"http:\/\/ludwig-witzani.de\/wp-content\/uploads\/2015\/06\/00a1Cover-1-Navmag-1-502x800.jpg","datePublished":"2015-06-05T16:09:03+00:00","dateModified":"2025-06-03T10:32:52+00:00","breadcrumb":{"@id":"https:\/\/ludwig-witzani.de\/zu-den-grossen-traeumen\/buecher\/auf-der-navimag\/#breadcrumb"},"inLanguage":"de","potentialAction":[{"@type":"ReadAction","target":["https:\/\/ludwig-witzani.de\/zu-den-grossen-traeumen\/buecher\/auf-der-navimag\/"]}]},{"@type":"ImageObject","inLanguage":"de","@id":"https:\/\/ludwig-witzani.de\/zu-den-grossen-traeumen\/buecher\/auf-der-navimag\/#primaryimage","url":"http:\/\/ludwig-witzani.de\/wp-content\/uploads\/2015\/06\/00a1Cover-1-Navmag-1-502x800.jpg","contentUrl":"http:\/\/ludwig-witzani.de\/wp-content\/uploads\/2015\/06\/00a1Cover-1-Navmag-1-502x800.jpg"},{"@type":"BreadcrumbList","@id":"https:\/\/ludwig-witzani.de\/zu-den-grossen-traeumen\/buecher\/auf-der-navimag\/#breadcrumb","itemListElement":[{"@type":"ListItem","position":1,"name":"Startseite","item":"https:\/\/ludwig-witzani.de\/zu-den-grossen-traeumen\/"},{"@type":"ListItem","position":2,"name":"Buchver\u00f6ffentlichungen","item":"https:\/\/ludwig-witzani.de\/zu-den-grossen-traeumen\/buecher\/"},{"@type":"ListItem","position":3,"name":"Auf der Navimag"}]},{"@type":"WebSite","@id":"https:\/\/ludwig-witzani.de\/zu-den-grossen-traeumen\/#website","url":"https:\/\/ludwig-witzani.de\/zu-den-grossen-traeumen\/","name":"Ludwig Witzani","description":"World Wide Travel","potentialAction":[{"@type":"SearchAction","target":{"@type":"EntryPoint","urlTemplate":"https:\/\/ludwig-witzani.de\/zu-den-grossen-traeumen\/?s={search_term_string}"},"query-input":{"@type":"PropertyValueSpecification","valueRequired":true,"valueName":"search_term_string"}}],"inLanguage":"de"}]}},"jetpack_shortlink":"https:\/\/wp.me\/P4daYo-1iR","jetpack_sharing_enabled":true,"_links":{"self":[{"href":"https:\/\/ludwig-witzani.de\/zu-den-grossen-traeumen\/wp-json\/wp\/v2\/pages\/5013","targetHints":{"allow":["GET"]}}],"collection":[{"href":"https:\/\/ludwig-witzani.de\/zu-den-grossen-traeumen\/wp-json\/wp\/v2\/pages"}],"about":[{"href":"https:\/\/ludwig-witzani.de\/zu-den-grossen-traeumen\/wp-json\/wp\/v2\/types\/page"}],"author":[{"embeddable":true,"href":"https:\/\/ludwig-witzani.de\/zu-den-grossen-traeumen\/wp-json\/wp\/v2\/users\/2"}],"replies":[{"embeddable":true,"href":"https:\/\/ludwig-witzani.de\/zu-den-grossen-traeumen\/wp-json\/wp\/v2\/comments?post=5013"}],"version-history":[{"count":2,"href":"https:\/\/ludwig-witzani.de\/zu-den-grossen-traeumen\/wp-json\/wp\/v2\/pages\/5013\/revisions"}],"predecessor-version":[{"id":5018,"href":"https:\/\/ludwig-witzani.de\/zu-den-grossen-traeumen\/wp-json\/wp\/v2\/pages\/5013\/revisions\/5018"}],"up":[{"embeddable":true,"href":"https:\/\/ludwig-witzani.de\/zu-den-grossen-traeumen\/wp-json\/wp\/v2\/pages\/11"}],"wp:attachment":[{"href":"https:\/\/ludwig-witzani.de\/zu-den-grossen-traeumen\/wp-json\/wp\/v2\/media?parent=5013"}],"curies":[{"name":"wp","href":"https:\/\/api.w.org\/{rel}","templated":true}]}}