{"id":4215,"date":"2014-10-20T09:36:34","date_gmt":"2014-10-20T09:36:34","guid":{"rendered":"http:\/\/ludwig-witzani.de\/?page_id=4215"},"modified":"2025-06-03T10:32:53","modified_gmt":"2025-06-03T10:32:53","slug":"der-geile-reiseopa","status":"publish","type":"page","link":"https:\/\/ludwig-witzani.de\/zu-den-grossen-traeumen\/autor\/kontakt\/aktuelle-reisen\/der-geile-reiseopa\/","title":{"rendered":"Der geile Reiseopa"},"content":{"rendered":"<h3><a href=\"http:\/\/ludwig-witzani.de\/wp-content\/uploads\/2014\/10\/110-d1-2.jpg\"><img loading=\"lazy\" decoding=\"async\" class=\"aligncenter size-medium wp-image-4259\" src=\"http:\/\/ludwig-witzani.de\/wp-content\/uploads\/2014\/10\/110-d1-2-762x800.jpg\" alt=\"110-d1 (2)\" width=\"762\" height=\"800\" srcset=\"https:\/\/ludwig-witzani.de\/wp-content\/uploads\/2014\/10\/110-d1-2-762x800.jpg 762w, https:\/\/ludwig-witzani.de\/wp-content\/uploads\/2014\/10\/110-d1-2.jpg 952w\" sizes=\"auto, (max-width: 762px) 100vw, 762px\" \/><\/a><\/h3>\n<h3><\/h3>\n<h3>\u00a0 \u00a0Unmittelbar vor der Abreise: RTL RUFT AN<\/h3>\n<table width=\"690\">\n<tbody>\n<tr>\n<td>(<strong>1)\u00a0\u00a0\u00a0\u00a0 Reinke\u00a0Wed, 21 May 2014 14:00:26 +0000<\/strong><strong>Lieber Herr Witzani,<\/strong><br \/>\n<strong> durch Zufall sind wir auf Sie gesto\u00dfen. Gerne w\u00fcrde mein Fernseh-Team einen Beitrag zu den meist gereisten Personen aus NRW \u00fcber Sie drehen.Wir w\u00fcrden uns freuen m\u00f6glichst bald von Ihnen zu h\u00f6ren,<\/strong><br \/>\n<strong> E. Reinke<\/strong><\/td>\n<\/tr>\n<\/tbody>\n<\/table>\n<p>Etwas Merkw\u00fcrdiges hat sich ereignet. RTL nahm Kontakt mit mir auf, weil ich auf der Reiseseite\u00a0\u201emosttraveledpeople.com\u201c sehr weit oben rangiere. Man suche Menschen in NRW, die den Anspruch erheben k\u00f6nnten, am meisten in der Welt herumgekommen zu sein. Und da sei man auf mich gesto\u00dfen.<\/p>\n<p>Wer w\u00fcrde sich durch eine solche Ansprache nicht geschmeichelt f\u00fchlen?<\/p>\n<p>Die Redakteurin am Telefon gab sich freundlich, interessiert und aufgeschlossen. Sie fragte mich nach meinen \u201eTraumreisen\u201c und ob ich mir manchmal auch etwas aufschriebe, ob ich Bilder und Videos h\u00e4tte und ob ich alleine oder mit Freunden reisen w\u00fcrde.<\/p>\n<p>Ich erz\u00e4hlte von Tibet und Patagonien, der Seidenstra\u00dfe und Afrika, von dem Reisen als Lebensform,\u00a0 von der emotionalen Ergiebigkeit des Alleinreisens und kam so richtig in Rage.<\/p>\n<p>\u201eToll\u201c, \u201etoll\u201c rief die Redakteurin best\u00e4ndig dazwischen. \u201eDas h\u00f6rt sich total spannend an. Daraus k\u00f6nnen wir was machen.\u201c<\/p>\n<p>\u201eIch bin aber in drei Tagen weg\u201c, wandte ich ein. \u201eAb Sonntag befinde ich mich auf einer\u00a0 f\u00fcnfw\u00f6chigen Reise in den USA.\u201c<\/p>\n<p>\u201eMacht nichts\u201c antwortete sie. \u201eWir k\u00f6nnen Sie am Freitag zuhause in Bonn besuchen und abdrehen. So was geht bei uns sehr schnell,\u00a0<em>wir kommen, drehen, schneiden und senden dann schon am Abend zwischen 1800 und 1830 Uhr.<\/em><\/p>\n<p>\u201eHm\u201c sagte ich, inzwischen schon wieder etwas mehr heruntergekommen, denn der Mangel\u00a0\u00a0 an wirklicher R\u00fcckmeldung von Seiten der Redakteurin verwunderte mich.\u00a0 \u201eAber k\u00f6nnen Sie mir nicht etwas genauer erkl\u00e4ren was das Konzept ihrer Reihe ist? Suchen Sie besonders Weitgereiste? Suchen sie das Gespr\u00e4ch \u00fcber die Gr\u00fcnde des Reisens? Wollen sie interessante Geschichten aus der Fremde h\u00f6ren?\u201c<\/p>\n<p>\u201eJa, ja\u201c, entgegnete die Redakteurin. \u201eDas wollen wir alles h\u00f6ren, aber wir wollen Sie auch als Menschen portraitieren.\u201c<\/p>\n<p>\u201eMich als Menschen portraitieren? Wie darf ich denn das verstehen?\u201c<\/p>\n<p>\u201eIch habe zum Beispiel auf Ihrer Homepage gelesen, dass Ihre erste Reise ein Ausbruch aus dem Jugendheim war, das hat doch was. Das k\u00f6nnen wir ausbauen.\u201c<\/p>\n<p>\u201eWie denn ausbauen?\u201c fragte ich. \u201eEtwa: Witzani, der Mann auf der Flucht? Zuerst die Regenrinne runter und dann nach Asien?\u201c<\/p>\n<p>\u201eVielleicht\u2026\u201c<\/p>\n<p>Ich lachte. \u201eIst vielleicht gar nicht so schlecht, immerhin war ich auch bis 48 Jahren Single\u201c.<\/p>\n<p>\u201eAha\u201c, sagte die Redakteurin, \u201eSie sind also verheiratet. Was sagt denn Ihre Frau zu Ihren Reisen?\u201c<\/p>\n<p>\u201eEhrlich gesagt, so gerne sieht sie meine Backpackertouren\u00a0nicht. Letztes Jahr hatte ich einen Herzinfarkt, und als ich unmittelbar nachher nach Indien gefahren bin, ging es zuhause schon hoch her.\u201c Komisch, dachte ich. Wie treuherzig man private Details zum Besten gibt, wenn das Fernsehen in der Leitung ist.<\/p>\n<p>\u201eDAS IST ES!\u201c rief die Redakteurin, \u201eDAS IST ES. Das ist ein Konflikt, in dem wir Sie als Menschen darstellen k\u00f6nnen.\u201c<\/p>\n<p>\u201eIch denke, Sie wollen mich als Reisenden darstellen.\u201c<\/p>\n<p>\u201eNat\u00fcrlich auch, aber wir m\u00f6chten auch die Familie und die Konflikte mit einbeziehen. Kann Ihre Frau bei dem Gespr\u00e4ch nicht dabei sein und ihre Bedenken kundtun?\u201c<\/p>\n<p>Allm\u00e4hlich wurde mir mulmig. Eigentlich kam ich erst jetzt so richtig zur Besinnung, worum es wahrscheinlich ging. Konnte es sein, dass man mich im Rahmen einer RTL Pseudodoku\u00a0zwischen einen Alki\u00a0und einen Obdachlosen als den reisegeilen\u00a0Opa ins Programm schieben wollte, der gegen den Willen seiner keifenden Ehefrau in der Welt herumirrte? Mir kam Zweifel. \u201eIch wei\u00df aber nicht, ob meine Frau dazu bereit ist\u201c, wandte ich vorsichtig ein.<\/p>\n<p>\u201eK\u00f6nnten Sie sie nicht einmal fragen? Bitte \u2013 das w\u00e4re eine Story, damit w\u00fcrde die Sache rund.\u201c<\/p>\n<p>Erwartungsgem\u00e4\u00df weigerte sich meine Gattin bei diesem Dreh mitzumachen. Sie sch\u00fcttelte nur kurz den Kopf und zeigte mir einen Vogel. Als ich das der Redakteurin die Ablehnung mitteilte, war ich sogar fast erleichtert. \u201eNa wenn es an\u00a0<em>der\u00a0<\/em>Story liegt, dann wird es wohl nichts\u201c, f\u00fcgte ich hinzu.\u201c<\/p>\n<p>\u201eNein, nein\u201c widersprach sie. \u201eHaben Sie denn keine Kinder. K\u00f6nnen die denn nicht dabei sein?\u201c Ich erkannte, da sa\u00df ein Profi am anderen Ende der Leitung.<\/p>\n<p>\u201eIch habe eine Tochter\u201c, antwortete ich z\u00f6gernd, ohne die komplexen Familienverh\u00e4ltnisse genauer zu erkl\u00e4ren.<\/p>\n<p>\u201eK\u00f6nnen Sie denn ihre Tochter nicht fragen, ob sie bei dem Dreh dabei sein m\u00f6chte? Junge Menschen sind f\u00fcr solche Aktionen meiner Erfahrung nach sehr offen.\u201c<\/p>\n<p>\u201eMeine Tochter ist gerade bei einem Vorsingen in K\u00f6ln.\u201c<\/p>\n<p>\u201eUnd morgen?\u201c<\/p>\n<p>\u201eMorgen hat sie einen Gesangsauftritt\u00a0in Gummersbach\u201c, antwortete ich. Ein phantastisches Szenario entrollte sich pl\u00f6tzlich vor meinen Augen. Ein Skript f\u00fcr eine deftige RTL-Pseudodoku. Ich konnte nichts daf\u00fcr, die Phantasie ging einfach mit mir durch: Ich empfange das Fernsehteam als durchgeknallter\u00a0Reiseopa\u00a0unrasiert und im Unterhemd. Meine Tochter Milena ist meterdick\u00a0geschminkt und sitzt als die Katalogbraut\u00a0aus Wei\u00dfrussland mit einem Cocktail am Wohnzimmertisch\u00a0und keift. \u201eIccch binn nicccht\u00a0aus Minsk gekommmen, damit Duh\u00a0in derr\u00a0Welt herumrreist. Werrr\u00a0solll\u00a0denn die Miete zahlen, wenn Du im Mississippi ertrrinkst?\u201c Kameraschwenk zum alten Witzani \u201eHalts Maul, alte Schlampe, ich hau ab, wohin und wann ich will.\u201c Wodka ex und hopp. R\u00fclps. Erneutes Kreischen von Seiten der wei\u00dfrussischen Geliebten.<\/p>\n<p>Die Stimme der Redakteurin rief mich in die Wirklichkeit zur\u00fcck. \u201eRufen Sie ihre Tochter doch mal an und fragen Sie sie. Das k\u00f6nnen Sie doch machen.\u201c<\/p>\n<p>Nun war mein Kopf wieder klar. Reality-Check war angesagt. \u201eEhe ich das mache, w\u00fcrde ich gerne eine andere Frage kl\u00e4ren. Wieviel zahlen sie denn f\u00fcr ein solches Interview?\u201c<\/p>\n<p>\u201eWie bitte? Ich verstehe nicht.\u201c<\/p>\n<p>\u201eNa, welches Entgelt zahlen sie den Mitwirkenden ihrer RTL-Show? Sie verkaufen doch auch Sendezeit, diese Frage ist doch nur recht und billig.\u201c<\/p>\n<p>\u201eWir zahlen nichts\u201c, kam die kurze Antwort<\/p>\n<p>\u201eNichts? Das kann ich nicht glauben\u201c, gab ich zur\u00fcck. \u201eWenn ich irgendeine Dienstleistung in Anspruch nehme, dann muss ich doch auch bezahlen. Als ich von SWF III im Radio interviewt worden bin, gab es 140 Euro.\u201c<\/p>\n<p>\u201eNa, das tut mir leid, wir zahlen prinzipiell nichts. Wir dokumentieren nur.\u201c Die Begeisterung der Redakteurin war merklich abgek\u00fchlt.<\/p>\n<p>\u201eVielleicht ein Vorschlag zur G\u00fcte, \u201c lenkte ich ein. \u201eWenn Sie nichts zahlen, dann k\u00f6nnten wir ja in dem Beitrag \u00fcber mich meine EBooks erw\u00e4hnen. Mit ein wenig Promotion w\u00e4re ich auch zufrieden. W\u00e4re das ein Weg?\u201c Schon als ich den Vorschlag machte, wurde mir klar, welchen Quatsch ich da vortrug. Der durchschnittliche Konsument von RTL Explosiv oder \u00e4hnlichen Sendungen interessiert sich f\u00fcr alles \u2013 nur nicht f\u00fcr Reiseb\u00fccher \u2013 wenn er \u00fcberhaupt las.<\/p>\n<p>\u201eNa, ehrlich gesagt, habe ich von dem geplanten Dreh doch eine andere Vorstellung\u201c, gab die Redakteurin k\u00fchl zur\u00fcck. \u201eIch finde inzwischen sogar, es sollte weniger um ihre Reisegeschichten\u00a0gehen als um den famili\u00e4ren Konflikt, der mit Ihren Reisen zusammenh\u00e4ngt. Und dazu passen eigentlich keine Buchempfehlungen.\u201c<\/p>\n<p>\u201eWie? Kein Entgelt und keine Werbung?\u201c<\/p>\n<p>\u201eIch f\u00fcrchte nein. Aber bedenken Sie, Sie erscheinen im Fernsehen. Zu einer optimalen Sendezeit, am fr\u00fchen Abend. Stellen sie sich nur vor, wie viele Menschen, die Sie kennen, Sie sehen werden.\u201c<\/p>\n<p>\u201eDarauf bin ich nicht scharf, vor allem deswegen nicht, weil ich merke, dass es Ihnen gar nicht um das Reisen geht.\u201c<\/p>\n<p>\u201eDoch, es geht auch um das Reisen oder besser gesagt, um Reisende aus NRW mit ihren besonderen Problemen.\u201c<\/p>\n<p>\u201eIch habe doch \u00fcberhaupt keine Probleme.\u201c<\/p>\n<p><em>So endete mein erster und einziger Kontakt zum Sozialfernsehen von RTL. Wir kamen nicht ins Gesch\u00e4ft und w\u00fcnschten uns gegenseitig einen guten Tag.<\/em><\/p>\n","protected":false},"excerpt":{"rendered":"<p>\u00a0 \u00a0Unmittelbar vor der Abreise: RTL RUFT AN (1)\u00a0\u00a0\u00a0\u00a0 Reinke\u00a0Wed, 21 May 2014 14:00:26 +0000Lieber Herr Witzani, durch Zufall sind wir auf Sie gesto\u00dfen. Gerne w\u00fcrde mein Fernseh-Team einen Beitrag zu den meist gereisten Personen aus NRW \u00fcber Sie drehen.Wir w\u00fcrden uns freuen m\u00f6glichst bald von Ihnen zu h\u00f6ren, E. Reinke Etwas Merkw\u00fcrdiges hat sich &hellip; <a href=\"https:\/\/ludwig-witzani.de\/zu-den-grossen-traeumen\/autor\/kontakt\/aktuelle-reisen\/der-geile-reiseopa\/\" class=\"more-link\"><span class=\"screen-reader-text\">Der geile Reiseopa<\/span> weiterlesen <span class=\"meta-nav\">&rarr;<\/span><\/a><\/p>\n","protected":false},"author":2,"featured_media":0,"parent":3696,"menu_order":0,"comment_status":"open","ping_status":"closed","template":"","meta":{"ngg_post_thumbnail":0,"jetpack_post_was_ever_published":false,"footnotes":""},"class_list":["post-4215","page","type-page","status-publish","hentry"],"yoast_head":"<!-- This site is optimized with the Yoast SEO plugin v27.4 - https:\/\/yoast.com\/product\/yoast-seo-wordpress\/ -->\n<title>Der geile Reiseopa - Ludwig Witzani<\/title>\n<meta name=\"robots\" content=\"index, follow, max-snippet:-1, max-image-preview:large, max-video-preview:-1\" \/>\n<link rel=\"canonical\" href=\"https:\/\/ludwig-witzani.de\/zu-den-grossen-traeumen\/autor\/kontakt\/aktuelle-reisen\/der-geile-reiseopa\/\" \/>\n<meta property=\"og:locale\" content=\"de_DE\" \/>\n<meta property=\"og:type\" content=\"article\" \/>\n<meta property=\"og:title\" content=\"Der geile Reiseopa - Ludwig Witzani\" \/>\n<meta property=\"og:description\" content=\"\u00a0 \u00a0Unmittelbar vor der Abreise: RTL RUFT AN (1)\u00a0\u00a0\u00a0\u00a0 Reinke\u00a0Wed, 21 May 2014 14:00:26 +0000Lieber Herr Witzani, durch Zufall sind wir auf Sie gesto\u00dfen. Gerne w\u00fcrde mein Fernseh-Team einen Beitrag zu den meist gereisten Personen aus NRW \u00fcber Sie drehen.Wir w\u00fcrden uns freuen m\u00f6glichst bald von Ihnen zu h\u00f6ren, E. Reinke Etwas Merkw\u00fcrdiges hat sich &hellip; Der geile Reiseopa weiterlesen &rarr;\" \/>\n<meta property=\"og:url\" content=\"https:\/\/ludwig-witzani.de\/zu-den-grossen-traeumen\/autor\/kontakt\/aktuelle-reisen\/der-geile-reiseopa\/\" \/>\n<meta property=\"og:site_name\" content=\"Ludwig Witzani\" \/>\n<meta property=\"article:modified_time\" content=\"2025-06-03T10:32:53+00:00\" \/>\n<meta property=\"og:image\" content=\"https:\/\/ludwig-witzani.de\/wp-content\/uploads\/2014\/10\/110-d1-2.jpg\" \/>\n\t<meta property=\"og:image:width\" content=\"952\" \/>\n\t<meta property=\"og:image:height\" content=\"999\" \/>\n\t<meta property=\"og:image:type\" content=\"image\/jpeg\" \/>\n<meta name=\"twitter:card\" content=\"summary_large_image\" \/>\n<meta name=\"twitter:label1\" content=\"Gesch\u00e4tzte Lesezeit\" \/>\n\t<meta name=\"twitter:data1\" content=\"6\u00a0Minuten\" \/>\n<script type=\"application\/ld+json\" class=\"yoast-schema-graph\">{\"@context\":\"https:\\\/\\\/schema.org\",\"@graph\":[{\"@type\":\"WebPage\",\"@id\":\"https:\\\/\\\/ludwig-witzani.de\\\/zu-den-grossen-traeumen\\\/autor\\\/kontakt\\\/aktuelle-reisen\\\/der-geile-reiseopa\\\/\",\"url\":\"https:\\\/\\\/ludwig-witzani.de\\\/zu-den-grossen-traeumen\\\/autor\\\/kontakt\\\/aktuelle-reisen\\\/der-geile-reiseopa\\\/\",\"name\":\"Der geile Reiseopa - Ludwig Witzani\",\"isPartOf\":{\"@id\":\"https:\\\/\\\/ludwig-witzani.de\\\/zu-den-grossen-traeumen\\\/#website\"},\"primaryImageOfPage\":{\"@id\":\"https:\\\/\\\/ludwig-witzani.de\\\/zu-den-grossen-traeumen\\\/autor\\\/kontakt\\\/aktuelle-reisen\\\/der-geile-reiseopa\\\/#primaryimage\"},\"image\":{\"@id\":\"https:\\\/\\\/ludwig-witzani.de\\\/zu-den-grossen-traeumen\\\/autor\\\/kontakt\\\/aktuelle-reisen\\\/der-geile-reiseopa\\\/#primaryimage\"},\"thumbnailUrl\":\"http:\\\/\\\/ludwig-witzani.de\\\/wp-content\\\/uploads\\\/2014\\\/10\\\/110-d1-2-762x800.jpg\",\"datePublished\":\"2014-10-20T09:36:34+00:00\",\"dateModified\":\"2025-06-03T10:32:53+00:00\",\"breadcrumb\":{\"@id\":\"https:\\\/\\\/ludwig-witzani.de\\\/zu-den-grossen-traeumen\\\/autor\\\/kontakt\\\/aktuelle-reisen\\\/der-geile-reiseopa\\\/#breadcrumb\"},\"inLanguage\":\"de\",\"potentialAction\":[{\"@type\":\"ReadAction\",\"target\":[\"https:\\\/\\\/ludwig-witzani.de\\\/zu-den-grossen-traeumen\\\/autor\\\/kontakt\\\/aktuelle-reisen\\\/der-geile-reiseopa\\\/\"]}]},{\"@type\":\"ImageObject\",\"inLanguage\":\"de\",\"@id\":\"https:\\\/\\\/ludwig-witzani.de\\\/zu-den-grossen-traeumen\\\/autor\\\/kontakt\\\/aktuelle-reisen\\\/der-geile-reiseopa\\\/#primaryimage\",\"url\":\"http:\\\/\\\/ludwig-witzani.de\\\/wp-content\\\/uploads\\\/2014\\\/10\\\/110-d1-2-762x800.jpg\",\"contentUrl\":\"http:\\\/\\\/ludwig-witzani.de\\\/wp-content\\\/uploads\\\/2014\\\/10\\\/110-d1-2-762x800.jpg\"},{\"@type\":\"BreadcrumbList\",\"@id\":\"https:\\\/\\\/ludwig-witzani.de\\\/zu-den-grossen-traeumen\\\/autor\\\/kontakt\\\/aktuelle-reisen\\\/der-geile-reiseopa\\\/#breadcrumb\",\"itemListElement\":[{\"@type\":\"ListItem\",\"position\":1,\"name\":\"Startseite\",\"item\":\"https:\\\/\\\/ludwig-witzani.de\\\/zu-den-grossen-traeumen\\\/\"},{\"@type\":\"ListItem\",\"position\":2,\"name\":\"\u00dcber mich\",\"item\":\"https:\\\/\\\/ludwig-witzani.de\\\/zu-den-grossen-traeumen\\\/autor\\\/\"},{\"@type\":\"ListItem\",\"position\":3,\"name\":\"Kontakt\",\"item\":\"https:\\\/\\\/ludwig-witzani.de\\\/zu-den-grossen-traeumen\\\/autor\\\/kontakt\\\/\"},{\"@type\":\"ListItem\",\"position\":4,\"name\":\"Aktuelle Reisen\",\"item\":\"https:\\\/\\\/ludwig-witzani.de\\\/zu-den-grossen-traeumen\\\/autor\\\/kontakt\\\/aktuelle-reisen\\\/\"},{\"@type\":\"ListItem\",\"position\":5,\"name\":\"Der geile Reiseopa\"}]},{\"@type\":\"WebSite\",\"@id\":\"https:\\\/\\\/ludwig-witzani.de\\\/zu-den-grossen-traeumen\\\/#website\",\"url\":\"https:\\\/\\\/ludwig-witzani.de\\\/zu-den-grossen-traeumen\\\/\",\"name\":\"Ludwig Witzani\",\"description\":\"World Wide Travel\",\"potentialAction\":[{\"@type\":\"SearchAction\",\"target\":{\"@type\":\"EntryPoint\",\"urlTemplate\":\"https:\\\/\\\/ludwig-witzani.de\\\/zu-den-grossen-traeumen\\\/?s={search_term_string}\"},\"query-input\":{\"@type\":\"PropertyValueSpecification\",\"valueRequired\":true,\"valueName\":\"search_term_string\"}}],\"inLanguage\":\"de\"}]}<\/script>\n<!-- \/ Yoast SEO plugin. -->","yoast_head_json":{"title":"Der geile Reiseopa - Ludwig Witzani","robots":{"index":"index","follow":"follow","max-snippet":"max-snippet:-1","max-image-preview":"max-image-preview:large","max-video-preview":"max-video-preview:-1"},"canonical":"https:\/\/ludwig-witzani.de\/zu-den-grossen-traeumen\/autor\/kontakt\/aktuelle-reisen\/der-geile-reiseopa\/","og_locale":"de_DE","og_type":"article","og_title":"Der geile Reiseopa - Ludwig Witzani","og_description":"\u00a0 \u00a0Unmittelbar vor der Abreise: RTL RUFT AN (1)\u00a0\u00a0\u00a0\u00a0 Reinke\u00a0Wed, 21 May 2014 14:00:26 +0000Lieber Herr Witzani, durch Zufall sind wir auf Sie gesto\u00dfen. Gerne w\u00fcrde mein Fernseh-Team einen Beitrag zu den meist gereisten Personen aus NRW \u00fcber Sie drehen.Wir w\u00fcrden uns freuen m\u00f6glichst bald von Ihnen zu h\u00f6ren, E. Reinke Etwas Merkw\u00fcrdiges hat sich &hellip; Der geile Reiseopa weiterlesen &rarr;","og_url":"https:\/\/ludwig-witzani.de\/zu-den-grossen-traeumen\/autor\/kontakt\/aktuelle-reisen\/der-geile-reiseopa\/","og_site_name":"Ludwig Witzani","article_modified_time":"2025-06-03T10:32:53+00:00","og_image":[{"width":952,"height":999,"url":"https:\/\/ludwig-witzani.de\/wp-content\/uploads\/2014\/10\/110-d1-2.jpg","type":"image\/jpeg"}],"twitter_card":"summary_large_image","twitter_misc":{"Gesch\u00e4tzte Lesezeit":"6\u00a0Minuten"},"schema":{"@context":"https:\/\/schema.org","@graph":[{"@type":"WebPage","@id":"https:\/\/ludwig-witzani.de\/zu-den-grossen-traeumen\/autor\/kontakt\/aktuelle-reisen\/der-geile-reiseopa\/","url":"https:\/\/ludwig-witzani.de\/zu-den-grossen-traeumen\/autor\/kontakt\/aktuelle-reisen\/der-geile-reiseopa\/","name":"Der geile Reiseopa - Ludwig Witzani","isPartOf":{"@id":"https:\/\/ludwig-witzani.de\/zu-den-grossen-traeumen\/#website"},"primaryImageOfPage":{"@id":"https:\/\/ludwig-witzani.de\/zu-den-grossen-traeumen\/autor\/kontakt\/aktuelle-reisen\/der-geile-reiseopa\/#primaryimage"},"image":{"@id":"https:\/\/ludwig-witzani.de\/zu-den-grossen-traeumen\/autor\/kontakt\/aktuelle-reisen\/der-geile-reiseopa\/#primaryimage"},"thumbnailUrl":"http:\/\/ludwig-witzani.de\/wp-content\/uploads\/2014\/10\/110-d1-2-762x800.jpg","datePublished":"2014-10-20T09:36:34+00:00","dateModified":"2025-06-03T10:32:53+00:00","breadcrumb":{"@id":"https:\/\/ludwig-witzani.de\/zu-den-grossen-traeumen\/autor\/kontakt\/aktuelle-reisen\/der-geile-reiseopa\/#breadcrumb"},"inLanguage":"de","potentialAction":[{"@type":"ReadAction","target":["https:\/\/ludwig-witzani.de\/zu-den-grossen-traeumen\/autor\/kontakt\/aktuelle-reisen\/der-geile-reiseopa\/"]}]},{"@type":"ImageObject","inLanguage":"de","@id":"https:\/\/ludwig-witzani.de\/zu-den-grossen-traeumen\/autor\/kontakt\/aktuelle-reisen\/der-geile-reiseopa\/#primaryimage","url":"http:\/\/ludwig-witzani.de\/wp-content\/uploads\/2014\/10\/110-d1-2-762x800.jpg","contentUrl":"http:\/\/ludwig-witzani.de\/wp-content\/uploads\/2014\/10\/110-d1-2-762x800.jpg"},{"@type":"BreadcrumbList","@id":"https:\/\/ludwig-witzani.de\/zu-den-grossen-traeumen\/autor\/kontakt\/aktuelle-reisen\/der-geile-reiseopa\/#breadcrumb","itemListElement":[{"@type":"ListItem","position":1,"name":"Startseite","item":"https:\/\/ludwig-witzani.de\/zu-den-grossen-traeumen\/"},{"@type":"ListItem","position":2,"name":"\u00dcber mich","item":"https:\/\/ludwig-witzani.de\/zu-den-grossen-traeumen\/autor\/"},{"@type":"ListItem","position":3,"name":"Kontakt","item":"https:\/\/ludwig-witzani.de\/zu-den-grossen-traeumen\/autor\/kontakt\/"},{"@type":"ListItem","position":4,"name":"Aktuelle Reisen","item":"https:\/\/ludwig-witzani.de\/zu-den-grossen-traeumen\/autor\/kontakt\/aktuelle-reisen\/"},{"@type":"ListItem","position":5,"name":"Der geile Reiseopa"}]},{"@type":"WebSite","@id":"https:\/\/ludwig-witzani.de\/zu-den-grossen-traeumen\/#website","url":"https:\/\/ludwig-witzani.de\/zu-den-grossen-traeumen\/","name":"Ludwig Witzani","description":"World Wide Travel","potentialAction":[{"@type":"SearchAction","target":{"@type":"EntryPoint","urlTemplate":"https:\/\/ludwig-witzani.de\/zu-den-grossen-traeumen\/?s={search_term_string}"},"query-input":{"@type":"PropertyValueSpecification","valueRequired":true,"valueName":"search_term_string"}}],"inLanguage":"de"}]}},"jetpack_shortlink":"https:\/\/wp.me\/P4daYo-15Z","jetpack_sharing_enabled":true,"_links":{"self":[{"href":"https:\/\/ludwig-witzani.de\/zu-den-grossen-traeumen\/wp-json\/wp\/v2\/pages\/4215","targetHints":{"allow":["GET"]}}],"collection":[{"href":"https:\/\/ludwig-witzani.de\/zu-den-grossen-traeumen\/wp-json\/wp\/v2\/pages"}],"about":[{"href":"https:\/\/ludwig-witzani.de\/zu-den-grossen-traeumen\/wp-json\/wp\/v2\/types\/page"}],"author":[{"embeddable":true,"href":"https:\/\/ludwig-witzani.de\/zu-den-grossen-traeumen\/wp-json\/wp\/v2\/users\/2"}],"replies":[{"embeddable":true,"href":"https:\/\/ludwig-witzani.de\/zu-den-grossen-traeumen\/wp-json\/wp\/v2\/comments?post=4215"}],"version-history":[{"count":6,"href":"https:\/\/ludwig-witzani.de\/zu-den-grossen-traeumen\/wp-json\/wp\/v2\/pages\/4215\/revisions"}],"predecessor-version":[{"id":4450,"href":"https:\/\/ludwig-witzani.de\/zu-den-grossen-traeumen\/wp-json\/wp\/v2\/pages\/4215\/revisions\/4450"}],"up":[{"embeddable":true,"href":"https:\/\/ludwig-witzani.de\/zu-den-grossen-traeumen\/wp-json\/wp\/v2\/pages\/3696"}],"wp:attachment":[{"href":"https:\/\/ludwig-witzani.de\/zu-den-grossen-traeumen\/wp-json\/wp\/v2\/media?parent=4215"}],"curies":[{"name":"wp","href":"https:\/\/api.w.org\/{rel}","templated":true}]}}