{"id":42,"date":"2013-11-21T12:08:01","date_gmt":"2013-11-21T12:08:01","guid":{"rendered":"http:\/\/ludwig-witzani.de\/?page_id=42"},"modified":"2026-02-24T05:16:23","modified_gmt":"2026-02-24T05:16:23","slug":"zeitungsartikel","status":"publish","type":"page","link":"https:\/\/ludwig-witzani.de\/zu-den-grossen-traeumen\/backpackers-welt\/zeitungsartikel\/","title":{"rendered":"Zeitungsartikel"},"content":{"rendered":"<h3>Ludwig Witzani bei ZEIT ONLINE:<\/h3>\n<p><a style=\"line-height: 1.5;\" title=\"ZEIT ONLINE Reise\" href=\"http:\/\/www.zeit.de\/autoren\/W\/Ludwig_Witzani\/index.xml\" target=\"_blank\" rel=\"noopener\">http:\/\/www.zeit.de\/autoren\/W\/Ludwig_Witzani\/index.xml<\/a><\/p>\n<ul>\n<li>KASCHMIR<br \/>\n<h2><a title=\"Kaschmir - Am Dal-See bl\u00fcht die Hoffnung\" href=\"http:\/\/www.zeit.de\/2004\/13\/Kaschmir\" target=\"_blank\" rel=\"bookmark noopener\">Am Dal-See bl\u00fcht die Hoffnung<\/a><\/h2>\n<p>Einst besuchten 600000 Touristen j\u00e4hrlich Kaschmir. Dann wurde das Tal Kriegsgebiet. Zaghaft kehren jetzt die ersten Touristen zur\u00fcck<br \/>\n<em>Die Zeit, 13\/2004<\/em><\/li>\n<li>\n<h2><a title=\" - Staunen\" href=\"http:\/\/www.zeit.de\/1999\/35\/199935.t_weltwunder_.xml\" target=\"_blank\" rel=\"bookmark noopener\">Staunen<\/a><\/h2>\n<p>Was ist ein Weltwunder? Die Titanic, ein Schachcomputer, das Empire State Building oder die Wasserf\u00e4lle von Igua\u00e7u?<br \/>\n<em>Die Zeit, 35\/1999<\/em><\/li>\n<li>\n<h2><a title=\" - Umschw\u00e4rmt\" href=\"http:\/\/www.zeit.de\/1999\/18\/Umschwaermt\" target=\"_blank\" rel=\"bookmark noopener\">Umschw\u00e4rmt<\/a><\/h2>\n<p><em>Die Zeit, 18\/1999<\/em><\/li>\n<li>\n<h2><a title=\" - Die Geburt der Schreibmaschine\" href=\"http:\/\/www.zeit.de\/1998\/31\/Die_Geburt_der_Schreibmaschine\" target=\"_blank\" rel=\"bookmark noopener\">Die Geburt der Schreibmaschine<\/a><\/h2>\n<p>Im S\u00fcdtiroler Partschins erinnert ein Museum an die fr\u00fchen Modelle und den Erfinder Peter Mitterhofer<br \/>\n<em>Die Zeit, 31\/1998<\/em><\/li>\n<li>\n<h2><a href=\"http:\/\/www.zeit.de\/1997\/35\/Chinas_Schatten_ueber_dem_Dach_der_Welt\" target=\"_blank\" rel=\"noopener\">Chinas Schatten<br \/>\n\u00fcber dem Dach der Welt<\/a><\/h2>\n<p>Vor 1200 Jahren war Tibet ein Gro\u00dfreich, vor dem sogar die Chinesen Respekt hatten &#8211; Die wechselvolle Geschichte der Beziehungen zwischen Lhasa und Peking<br \/>\n<em>Die Zeit, 35\/1997<\/em><\/li>\n<li>\n<h2><a title=\" - Sitzengeblieben\" href=\"http:\/\/www.zeit.de\/1997\/18\/Sitzengeblieben\" target=\"_blank\" rel=\"bookmark noopener\">Sitzengeblieben<\/a><\/h2>\n<p><em>Die Zeit, 18\/1997<\/em><\/li>\n<li>\n<h2><a title=\" - Ein chinesisches Hawaii\" href=\"http:\/\/www.zeit.de\/1996\/49\/Ein_chinesisches_Hawaii\" target=\"_blank\" rel=\"bookmark noopener\">Ein chinesisches Hawaii<\/a><\/h2>\n<p>Zu Besuch auf der Insel Hainan im S\u00fcden der Volksrepublik, wo die Wohlhabenden Ferien machen<br \/>\n<em>Die Zeit, 49\/1996<\/em><\/li>\n<li>KUBA<br \/>\n<h2><a style=\"font-family: Bitter, Georgia, serif; font-size: 30px; line-height: 1.3;\" title=\"Kuba - Nicht mehr alle tr\u00e4umen von Kuba\" href=\"http:\/\/www.zeit.de\/1996\/44\/Nicht_mehr_alle_traeumen_von_Kuba\" target=\"_blank\" rel=\"bookmark noopener\">Nicht mehr alle tr\u00e4umen von Kuba<\/a><\/h2>\n<p>Havanna im 37. Jahr der Revolution<br \/>\n<em>Die Zeit, 44\/1996<\/em><\/li>\n<li>\n<h2><a title=\"Wie daheim, nur sch\u00f6n weit weg\" href=\"http:\/\/www.zeit.de\/1996\/28\/Wie_daheim_nur_schoen_weit_weg\" target=\"_blank\" rel=\"bookmark noopener\">Wie daheim, nur sch\u00f6n weit weg<\/a><\/h2>\n<p><em>Die Zeit, 28\/1996<\/em><\/li>\n<li>\n<h2><a title=\"Kubaner sehen rot\" href=\"http:\/\/www.zeit.de\/1996\/05\/Kubaner_sehen_rot\" target=\"_blank\" rel=\"bookmark noopener\">Kubaner sehen rot<\/a><\/h2>\n<p><em>Die Zeit, 5\/1996<\/em><\/li>\n<li>\n<h2><a title=\"Indien: Aufpassen beim Umsteigen\" href=\"http:\/\/www.zeit.de\/1995\/35\/Indien_Aufpassen_beim_Umsteigen\" rel=\"bookmark\">Indien: Aufpassen beim Umsteigen<\/a><\/h2>\n<p><em>Die Zeit, 35\/1995<\/em><\/li>\n<li>CHINA<br \/>\n<h2><a style=\"font-family: Bitter, Georgia, serif; font-size: 30px; line-height: 1.3;\" title=\"China - Auf der Seidenstra\u00dfe durch die Epochen\" href=\"http:\/\/www.zeit.de\/1995\/19\/Auf_der_Seidenstrasse_durch_die_Epochen\" target=\"_blank\" rel=\"bookmark noopener\">Auf der Seidenstra\u00dfe<br \/>\ndurch die Epochen<\/a><\/h2>\n<p>Unterwegs in Xinjiang.<br \/>\n<em><span style=\"line-height: 1.5;\">DIE ZEIT, 05.05.1995<\/span><\/em><\/li>\n<li>VIETNAM: WIRTSCHAFT UND GESELLSCHAFT<br \/>\nVER\u00c4NDERN SICH&nbsp;<span style=\"line-height: 1.5;\">IN RASENDEM TEMPO<\/span><\/p>\n<h2><a title=\"Vietnam: Wirtschaft und Gesellschaft ver\u00e4ndern sich in rasendem Tempo - Ein Aufbruch mit Verve\" href=\"http:\/\/www.zeit.de\/1994\/50\/ein-aufbruch-mit-verve\" target=\"_blank\" rel=\"bookmark noopener\">Ein Aufbruch mit Verve<br \/>\n<\/a><\/h2>\n<p><span style=\"line-height: 1.5;\">Am \u201eLiberation Day\u201c erinnert in Da Nang ein aufwendiges Fest an die Befreiung des kapitalistischen S\u00fcdens durch die Sozialisten Br\u00fcder aus dem Norden.<\/span><\/p>\n<p><em>Die Zeit, 50\/1994<\/em><\/li>\n<li>NORDTHAILAND<br \/>\n<h2><a title=\"Nordthailand - L\u00e4cheln nur gegen Bares\" href=\"http:\/\/www.zeit.de\/1990\/50\/laecheln-nur-gegen-bares\" target=\"_blank\" rel=\"bookmark noopener\">L\u00e4cheln nur gegen Bares<\/a><\/h2>\n<p>Im \u201eRama-Guesthouse\u201c in Chiang Mai herrscht emsige Gesch\u00e4ftigkeit. Chrisi, die resolute junge Wirtin, zeigt uns stolz Dankesschreiben und Gru\u00dfadressen in verschiedenen Sprachen.<br \/>\n<em>Die Zeit, 50\/1990<\/em><\/p>\n<p>&nbsp;<\/li>\n<\/ul>\n<p>Artikel von Ludwig Witzani in der Frankfurter Allgemeine Zeitung:<\/p>\n<ul>\n<li>UNGARN<br \/>\n<h2><a style=\"font-family: Bitter, Georgia, serif; font-size: 30px; line-height: 1.3;\" title=\"FAZ Artikel\" href=\"http:\/\/www.faz.net\/aktuell\/reise\/fern\/ungarn-das-house-of-terror-in-budapest-1280700.html\" target=\"_blank\" rel=\"noopener\">Das &#8222;House of Terror&#8220; in Budapest<\/a><\/h2>\n<p>Unter den zahlreichen Sehensw\u00fcrdigkeiten der ungarischen Hauptstadt Budapest geh\u00f6rt das &#8222;House of Terror&#8220; zu den j\u00fcngsten. Es hat sich zur Aufgabe gemacht, die totalit\u00e4re Epoche des zwanzigsten Jahrhunderts aus der Perspektive eines unterworfenen Volkes aufzuarbeiten.&nbsp;<em>FAZ, 19.10.2005<\/em><\/li>\n<li>DAS TIBETISCHE KLOSTER SAKYA<br \/>\n<h2><a style=\"font-family: Bitter, Georgia, serif; font-size: 30px; line-height: 1.3;\" title=\"Das tibetische Kloster Sakya\" href=\"http:\/\/www.faz.net\/aktuell\/politik\/china-spezial\/reise\/das-tibetische-kloster-sakya-alles-leid-hat-ein-ende-1543072.html\" target=\"_blank\" rel=\"noopener\">Alles Leid hat ein Ende<\/a><\/h2>\n<p>Ein Besuch im Kloster Sakya, dessen Geschichte viel \u00fcber Tibet erz\u00e4hlt. Dort ist es fast so, als schrumpfe die Unendlichkeit der Wiedergeburten zur Einheit eines Augenblicks, in dem sich Schaudern und Hoffnung verbinden.&nbsp;<em>FAZ, 08.12.2005<\/em><\/li>\n<\/ul>\n","protected":false},"excerpt":{"rendered":"<p>Ludwig Witzani bei ZEIT ONLINE: http:\/\/www.zeit.de\/autoren\/W\/Ludwig_Witzani\/index.xml KASCHMIR Am Dal-See bl\u00fcht die Hoffnung Einst besuchten 600000 Touristen j\u00e4hrlich Kaschmir. Dann wurde das Tal Kriegsgebiet. Zaghaft kehren jetzt die ersten Touristen zur\u00fcck Die Zeit, 13\/2004 Staunen Was ist ein Weltwunder? Die Titanic, ein Schachcomputer, das Empire State Building oder die Wasserf\u00e4lle von Igua\u00e7u? Die Zeit, 35\/1999 Umschw\u00e4rmt &hellip; <a href=\"https:\/\/ludwig-witzani.de\/zu-den-grossen-traeumen\/backpackers-welt\/zeitungsartikel\/\" class=\"more-link\"><span class=\"screen-reader-text\">Zeitungsartikel<\/span> weiterlesen <span class=\"meta-nav\">&rarr;<\/span><\/a><\/p>\n","protected":false},"author":2,"featured_media":0,"parent":160,"menu_order":99,"comment_status":"open","ping_status":"open","template":"","meta":{"ngg_post_thumbnail":0,"jetpack_post_was_ever_published":false,"footnotes":""},"class_list":["post-42","page","type-page","status-publish","hentry"],"yoast_head":"<!-- This site is optimized with the Yoast SEO plugin v27.4 - https:\/\/yoast.com\/product\/yoast-seo-wordpress\/ -->\n<title>Zeitungsartikel - Ludwig Witzani<\/title>\n<meta name=\"robots\" content=\"index, follow, max-snippet:-1, max-image-preview:large, max-video-preview:-1\" \/>\n<link rel=\"canonical\" href=\"https:\/\/ludwig-witzani.de\/zu-den-grossen-traeumen\/backpackers-welt\/zeitungsartikel\/\" \/>\n<meta property=\"og:locale\" content=\"de_DE\" \/>\n<meta property=\"og:type\" content=\"article\" \/>\n<meta property=\"og:title\" content=\"Zeitungsartikel - Ludwig Witzani\" \/>\n<meta property=\"og:description\" content=\"Ludwig Witzani bei ZEIT ONLINE: http:\/\/www.zeit.de\/autoren\/W\/Ludwig_Witzani\/index.xml KASCHMIR Am Dal-See bl\u00fcht die Hoffnung Einst besuchten 600000 Touristen j\u00e4hrlich Kaschmir. Dann wurde das Tal Kriegsgebiet. Zaghaft kehren jetzt die ersten Touristen zur\u00fcck Die Zeit, 13\/2004 Staunen Was ist ein Weltwunder? Die Titanic, ein Schachcomputer, das Empire State Building oder die Wasserf\u00e4lle von Igua\u00e7u? Die Zeit, 35\/1999 Umschw\u00e4rmt &hellip; Zeitungsartikel weiterlesen &rarr;\" \/>\n<meta property=\"og:url\" content=\"https:\/\/ludwig-witzani.de\/zu-den-grossen-traeumen\/backpackers-welt\/zeitungsartikel\/\" \/>\n<meta property=\"og:site_name\" content=\"Ludwig Witzani\" \/>\n<meta property=\"article:modified_time\" content=\"2026-02-24T05:16:23+00:00\" \/>\n<meta name=\"twitter:card\" content=\"summary_large_image\" \/>\n<meta name=\"twitter:label1\" content=\"Gesch\u00e4tzte Lesezeit\" \/>\n\t<meta name=\"twitter:data1\" content=\"2\u00a0Minuten\" \/>\n<script type=\"application\/ld+json\" class=\"yoast-schema-graph\">{\"@context\":\"https:\\\/\\\/schema.org\",\"@graph\":[{\"@type\":\"WebPage\",\"@id\":\"https:\\\/\\\/ludwig-witzani.de\\\/zu-den-grossen-traeumen\\\/backpackers-welt\\\/zeitungsartikel\\\/\",\"url\":\"https:\\\/\\\/ludwig-witzani.de\\\/zu-den-grossen-traeumen\\\/backpackers-welt\\\/zeitungsartikel\\\/\",\"name\":\"Zeitungsartikel - Ludwig Witzani\",\"isPartOf\":{\"@id\":\"https:\\\/\\\/ludwig-witzani.de\\\/zu-den-grossen-traeumen\\\/#website\"},\"datePublished\":\"2013-11-21T12:08:01+00:00\",\"dateModified\":\"2026-02-24T05:16:23+00:00\",\"breadcrumb\":{\"@id\":\"https:\\\/\\\/ludwig-witzani.de\\\/zu-den-grossen-traeumen\\\/backpackers-welt\\\/zeitungsartikel\\\/#breadcrumb\"},\"inLanguage\":\"de\",\"potentialAction\":[{\"@type\":\"ReadAction\",\"target\":[\"https:\\\/\\\/ludwig-witzani.de\\\/zu-den-grossen-traeumen\\\/backpackers-welt\\\/zeitungsartikel\\\/\"]}]},{\"@type\":\"BreadcrumbList\",\"@id\":\"https:\\\/\\\/ludwig-witzani.de\\\/zu-den-grossen-traeumen\\\/backpackers-welt\\\/zeitungsartikel\\\/#breadcrumb\",\"itemListElement\":[{\"@type\":\"ListItem\",\"position\":1,\"name\":\"Startseite\",\"item\":\"https:\\\/\\\/ludwig-witzani.de\\\/zu-den-grossen-traeumen\\\/\"},{\"@type\":\"ListItem\",\"position\":2,\"name\":\"Einladung zur Weltreise\",\"item\":\"https:\\\/\\\/ludwig-witzani.de\\\/zu-den-grossen-traeumen\\\/backpackers-welt\\\/\"},{\"@type\":\"ListItem\",\"position\":3,\"name\":\"Zeitungsartikel\"}]},{\"@type\":\"WebSite\",\"@id\":\"https:\\\/\\\/ludwig-witzani.de\\\/zu-den-grossen-traeumen\\\/#website\",\"url\":\"https:\\\/\\\/ludwig-witzani.de\\\/zu-den-grossen-traeumen\\\/\",\"name\":\"Ludwig Witzani\",\"description\":\"World Wide Travel\",\"potentialAction\":[{\"@type\":\"SearchAction\",\"target\":{\"@type\":\"EntryPoint\",\"urlTemplate\":\"https:\\\/\\\/ludwig-witzani.de\\\/zu-den-grossen-traeumen\\\/?s={search_term_string}\"},\"query-input\":{\"@type\":\"PropertyValueSpecification\",\"valueRequired\":true,\"valueName\":\"search_term_string\"}}],\"inLanguage\":\"de\"}]}<\/script>\n<!-- \/ Yoast SEO plugin. -->","yoast_head_json":{"title":"Zeitungsartikel - Ludwig Witzani","robots":{"index":"index","follow":"follow","max-snippet":"max-snippet:-1","max-image-preview":"max-image-preview:large","max-video-preview":"max-video-preview:-1"},"canonical":"https:\/\/ludwig-witzani.de\/zu-den-grossen-traeumen\/backpackers-welt\/zeitungsartikel\/","og_locale":"de_DE","og_type":"article","og_title":"Zeitungsartikel - Ludwig Witzani","og_description":"Ludwig Witzani bei ZEIT ONLINE: http:\/\/www.zeit.de\/autoren\/W\/Ludwig_Witzani\/index.xml KASCHMIR Am Dal-See bl\u00fcht die Hoffnung Einst besuchten 600000 Touristen j\u00e4hrlich Kaschmir. Dann wurde das Tal Kriegsgebiet. Zaghaft kehren jetzt die ersten Touristen zur\u00fcck Die Zeit, 13\/2004 Staunen Was ist ein Weltwunder? Die Titanic, ein Schachcomputer, das Empire State Building oder die Wasserf\u00e4lle von Igua\u00e7u? Die Zeit, 35\/1999 Umschw\u00e4rmt &hellip; Zeitungsartikel weiterlesen &rarr;","og_url":"https:\/\/ludwig-witzani.de\/zu-den-grossen-traeumen\/backpackers-welt\/zeitungsartikel\/","og_site_name":"Ludwig Witzani","article_modified_time":"2026-02-24T05:16:23+00:00","twitter_card":"summary_large_image","twitter_misc":{"Gesch\u00e4tzte Lesezeit":"2\u00a0Minuten"},"schema":{"@context":"https:\/\/schema.org","@graph":[{"@type":"WebPage","@id":"https:\/\/ludwig-witzani.de\/zu-den-grossen-traeumen\/backpackers-welt\/zeitungsartikel\/","url":"https:\/\/ludwig-witzani.de\/zu-den-grossen-traeumen\/backpackers-welt\/zeitungsartikel\/","name":"Zeitungsartikel - Ludwig Witzani","isPartOf":{"@id":"https:\/\/ludwig-witzani.de\/zu-den-grossen-traeumen\/#website"},"datePublished":"2013-11-21T12:08:01+00:00","dateModified":"2026-02-24T05:16:23+00:00","breadcrumb":{"@id":"https:\/\/ludwig-witzani.de\/zu-den-grossen-traeumen\/backpackers-welt\/zeitungsartikel\/#breadcrumb"},"inLanguage":"de","potentialAction":[{"@type":"ReadAction","target":["https:\/\/ludwig-witzani.de\/zu-den-grossen-traeumen\/backpackers-welt\/zeitungsartikel\/"]}]},{"@type":"BreadcrumbList","@id":"https:\/\/ludwig-witzani.de\/zu-den-grossen-traeumen\/backpackers-welt\/zeitungsartikel\/#breadcrumb","itemListElement":[{"@type":"ListItem","position":1,"name":"Startseite","item":"https:\/\/ludwig-witzani.de\/zu-den-grossen-traeumen\/"},{"@type":"ListItem","position":2,"name":"Einladung zur Weltreise","item":"https:\/\/ludwig-witzani.de\/zu-den-grossen-traeumen\/backpackers-welt\/"},{"@type":"ListItem","position":3,"name":"Zeitungsartikel"}]},{"@type":"WebSite","@id":"https:\/\/ludwig-witzani.de\/zu-den-grossen-traeumen\/#website","url":"https:\/\/ludwig-witzani.de\/zu-den-grossen-traeumen\/","name":"Ludwig Witzani","description":"World Wide Travel","potentialAction":[{"@type":"SearchAction","target":{"@type":"EntryPoint","urlTemplate":"https:\/\/ludwig-witzani.de\/zu-den-grossen-traeumen\/?s={search_term_string}"},"query-input":{"@type":"PropertyValueSpecification","valueRequired":true,"valueName":"search_term_string"}}],"inLanguage":"de"}]}},"jetpack_shortlink":"https:\/\/wp.me\/P4daYo-G","jetpack_sharing_enabled":true,"_links":{"self":[{"href":"https:\/\/ludwig-witzani.de\/zu-den-grossen-traeumen\/wp-json\/wp\/v2\/pages\/42","targetHints":{"allow":["GET"]}}],"collection":[{"href":"https:\/\/ludwig-witzani.de\/zu-den-grossen-traeumen\/wp-json\/wp\/v2\/pages"}],"about":[{"href":"https:\/\/ludwig-witzani.de\/zu-den-grossen-traeumen\/wp-json\/wp\/v2\/types\/page"}],"author":[{"embeddable":true,"href":"https:\/\/ludwig-witzani.de\/zu-den-grossen-traeumen\/wp-json\/wp\/v2\/users\/2"}],"replies":[{"embeddable":true,"href":"https:\/\/ludwig-witzani.de\/zu-den-grossen-traeumen\/wp-json\/wp\/v2\/comments?post=42"}],"version-history":[{"count":35,"href":"https:\/\/ludwig-witzani.de\/zu-den-grossen-traeumen\/wp-json\/wp\/v2\/pages\/42\/revisions"}],"predecessor-version":[{"id":11154,"href":"https:\/\/ludwig-witzani.de\/zu-den-grossen-traeumen\/wp-json\/wp\/v2\/pages\/42\/revisions\/11154"}],"up":[{"embeddable":true,"href":"https:\/\/ludwig-witzani.de\/zu-den-grossen-traeumen\/wp-json\/wp\/v2\/pages\/160"}],"wp:attachment":[{"href":"https:\/\/ludwig-witzani.de\/zu-den-grossen-traeumen\/wp-json\/wp\/v2\/media?parent=42"}],"curies":[{"name":"wp","href":"https:\/\/api.w.org\/{rel}","templated":true}]}}