{"id":3738,"date":"2014-07-29T12:27:07","date_gmt":"2014-07-29T12:27:07","guid":{"rendered":"http:\/\/ludwig-witzani.de\/?page_id=3738"},"modified":"2025-06-03T10:32:53","modified_gmt":"2025-06-03T10:32:53","slug":"tibet-im-land-der-lebenden-goetter","status":"publish","type":"page","link":"https:\/\/ludwig-witzani.de\/zu-den-grossen-traeumen\/buecher\/tibet-im-land-der-lebenden-goetter\/","title":{"rendered":"Tibet &#8211; Im Land der lebenden G\u00f6tter"},"content":{"rendered":"<p>\u00dcber den Himalaja durch das Tal des Tsangpo-Brahmaputra zum heiligen Berg Kailash und \u00fcber den Changthang bis nach Zentraltibet und Lhasa (Weltreisen Band I)<\/p>\n<p><a href=\"http:\/\/ludwig-witzani.de\/wp-content\/uploads\/2014\/07\/00-Tibet-COVER.jpg\"><img loading=\"lazy\" decoding=\"async\" class=\"aligncenter size-medium wp-image-3732\" src=\"http:\/\/ludwig-witzani.de\/wp-content\/uploads\/2014\/07\/00-Tibet-COVER-553x800.jpg\" alt=\"Tibet COVER\" width=\"553\" height=\"800\" srcset=\"https:\/\/ludwig-witzani.de\/wp-content\/uploads\/2014\/07\/00-Tibet-COVER-553x800.jpg 553w, https:\/\/ludwig-witzani.de\/wp-content\/uploads\/2014\/07\/00-Tibet-COVER-829x1200.jpg 829w, https:\/\/ludwig-witzani.de\/wp-content\/uploads\/2014\/07\/00-Tibet-COVER.jpg 1302w\" sizes=\"auto, (max-width: 553px) 100vw, 553px\" \/><\/a><\/p>\n<p>Das vorliegende Buch fu\u00dft auf einer selbstorganisierten Expedition, die der Autor von Kathmandu aus mit einem Reisepartner, zwei Fahrzeugen und einer f\u00fcnfk\u00f6pfigen Crew unternommen hat und die ihn&nbsp; \u00fcber den Himalaja und das Tal des Tsangpo-Brahmaputra&nbsp; bis zum heiligen Berg Kailash und von dort aus \u00fcber den Changthang nach Zentraltibet f\u00fchrte. &nbsp;Im Mittelpunkt dieses literarisch gestalteten Reiseberichts stehen die grandiose Landschaft Tibets, seine Geschichte und Kultur, seine Kl\u00f6ster und St\u00e4dte und seine Menschen mit ihrer bewundernsw\u00fcrdigen Spiritualit\u00e4t \u2013 aber auch die existentiellen Momente der Besinnung, die die Begegnung mit Tibet in allen Reisenden erzeugt, die dieses Land mit offenen Augen erleben.<\/p>\n<p>Eine Hommage an das Land der lebenden G\u00f6tter f\u00fcr Tibet Einsteiger und Tibet Kenner gleicherma\u00dfen \u2013 und eine Aufforderung, diese Reise oder einen Teil von ihr nachzureisen \u2013 je zeitn\u00e4her und je \u00f6fter, desto besser, denn niemand wei\u00df, wie lange die tibetische Kultur unter dem Ansturm der politischen und kulturellen \u00dcberfremdung noch \u00fcberleben wird.<\/p>\n<p><em><strong><a href=\"http:\/\/ludwig-witzani.de\/buecher\/tibet-im-land-der-lebenden-goetter\/tibet-inhaltsverzeichnis\/\">&nbsp; &nbsp;&nbsp;&nbsp;&nbsp;&nbsp;&nbsp;&nbsp;&nbsp;&nbsp;<\/a> <a href=\"http:\/\/ludwig-witzani.de\/wp-content\/uploads\/2021\/01\/Inhaltsverzeichnis-und-Buhcanfang.pdf\">Inhaltsverzeichnis und Buchanfang<\/a>&nbsp; &nbsp; &nbsp; &nbsp; &nbsp; &nbsp; &nbsp; &nbsp; &nbsp; &nbsp; &nbsp; &nbsp; &nbsp; &nbsp; &nbsp; &nbsp; &nbsp; &nbsp; &nbsp; &nbsp; &nbsp; &nbsp; &nbsp; &nbsp; &nbsp; &nbsp; &nbsp; &nbsp; &nbsp; &nbsp; &nbsp; &nbsp; &nbsp; &nbsp; &nbsp; &nbsp; &nbsp; &nbsp; &nbsp; &nbsp; &nbsp; &nbsp; &nbsp; &nbsp; &nbsp; &nbsp; &nbsp; &nbsp; &nbsp; &nbsp; &nbsp; &nbsp; &nbsp; &nbsp; &nbsp; &nbsp; &nbsp; &nbsp;<\/strong><\/em><em><strong><a href=\"http:\/\/ludwig-witzani.de\/tibet-leseprobe\/\">LESEPROBE<\/a><\/strong><\/em><\/p>\n<p>&nbsp; &nbsp; &nbsp; &nbsp; &nbsp; &nbsp;<strong><a href=\"http:\/\/ludwig-witzani.de\/fotogalerien\/tibet\/\"> Fotogalerie Tibet&nbsp;<\/a><\/strong><\/p>\n<p>&nbsp; &nbsp; &nbsp; &nbsp; &nbsp; &nbsp; <strong><a href=\"https:\/\/www.amazon.de\/-\/en\/Weltreisen-Tibet-Land-lebenden-G%C3%B6tter\/dp\/3819059539\/ref=sr_1_1?crid=17XDB7PEHSUAY&amp;dib=eyJ2IjoiMSJ9.3LCpSwyKuu2HLVGcT07u7dEkb9a-TqnoIjSyMsgcCjhl7bomlb4TCALNYqp9zZLG5fgIm_THN-KmkyW2Vm1peuBSwlojXZ1VRgjzWzPXrRvpGEfXsGbEphrwb0AcpQWqGduH-sOvRICjPX_Xc9kdCrDrAHr2Fj-AohoYqpOgChUkxEsgA2LUp_Yal3_QntHUbKil_T9ZEcdh0Yu-7XDUq--0LOuA68OEHrrZDFjdSLo.MyEE9xG9CJ3e9HHDtK5TfgMKTtWhbvJ7vIBC6S27xj0&amp;dib_tag=se&amp;keywords=Ludwig+Witzani%3A+Tibet&amp;qid=1744400097&amp;sprefix=ludwig+witzani+tibet%2Caps%2C80&amp;sr=8-1\">Bestellen bei Amazon<\/a><\/strong><\/p>\n<p><img loading=\"lazy\" decoding=\"async\" class=\"aligncenter size-medium wp-image-10350\" src=\"https:\/\/ludwig-witzani.de\/wp-content\/uploads\/2025\/04\/image_255-900x600.jpg\" alt=\"\" width=\"900\" height=\"600\" srcset=\"https:\/\/ludwig-witzani.de\/wp-content\/uploads\/2025\/04\/image_255-900x600.jpg 900w, https:\/\/ludwig-witzani.de\/wp-content\/uploads\/2025\/04\/image_255-1800x1200.jpg 1800w, https:\/\/ludwig-witzani.de\/wp-content\/uploads\/2025\/04\/image_255-768x512.jpg 768w, https:\/\/ludwig-witzani.de\/wp-content\/uploads\/2025\/04\/image_255-1536x1024.jpg 1536w, https:\/\/ludwig-witzani.de\/wp-content\/uploads\/2025\/04\/image_255-2048x1365.jpg 2048w\" sizes=\"auto, (max-width: 900px) 100vw, 900px\" \/><\/p>\n<p>&nbsp;<\/p>\n<p>&nbsp;<\/p>\n","protected":false},"excerpt":{"rendered":"<p>\u00dcber den Himalaja durch das Tal des Tsangpo-Brahmaputra zum heiligen Berg Kailash und \u00fcber den Changthang bis nach Zentraltibet und Lhasa (Weltreisen Band I) Das vorliegende Buch fu\u00dft auf einer selbstorganisierten Expedition, die der Autor von Kathmandu aus mit einem Reisepartner, zwei Fahrzeugen und einer f\u00fcnfk\u00f6pfigen Crew unternommen hat und die ihn&nbsp; \u00fcber den Himalaja &hellip; <a href=\"https:\/\/ludwig-witzani.de\/zu-den-grossen-traeumen\/buecher\/tibet-im-land-der-lebenden-goetter\/\" class=\"more-link\"><span class=\"screen-reader-text\">Tibet &#8211; Im Land der lebenden G\u00f6tter<\/span> weiterlesen <span class=\"meta-nav\">&rarr;<\/span><\/a><\/p>\n","protected":false},"author":2,"featured_media":0,"parent":11,"menu_order":0,"comment_status":"open","ping_status":"closed","template":"","meta":{"ngg_post_thumbnail":0,"jetpack_post_was_ever_published":false,"footnotes":""},"class_list":["post-3738","page","type-page","status-publish","hentry"],"yoast_head":"<!-- This site is optimized with the Yoast SEO plugin v27.4 - https:\/\/yoast.com\/product\/yoast-seo-wordpress\/ -->\n<title>Tibet - Im Land der lebenden G\u00f6tter - Ludwig Witzani<\/title>\n<meta name=\"description\" content=\"Ein Reisebericht \u00fcber eine Tibetexpedition zum heiligen Berg Kailash, zum Changthang nach Lhasa, Shigatse, Tsetang und Sakya,\" \/>\n<meta name=\"robots\" content=\"index, follow, max-snippet:-1, max-image-preview:large, max-video-preview:-1\" \/>\n<link rel=\"canonical\" href=\"https:\/\/ludwig-witzani.de\/zu-den-grossen-traeumen\/buecher\/tibet-im-land-der-lebenden-goetter\/\" \/>\n<meta property=\"og:locale\" content=\"de_DE\" \/>\n<meta property=\"og:type\" content=\"article\" \/>\n<meta property=\"og:title\" content=\"Tibet - Im Land der lebenden G\u00f6tter - Ludwig Witzani\" \/>\n<meta property=\"og:description\" content=\"Ein Reisebericht \u00fcber eine Tibetexpedition zum heiligen Berg Kailash, zum Changthang nach Lhasa, Shigatse, Tsetang und Sakya,\" \/>\n<meta property=\"og:url\" content=\"https:\/\/ludwig-witzani.de\/zu-den-grossen-traeumen\/buecher\/tibet-im-land-der-lebenden-goetter\/\" \/>\n<meta property=\"og:site_name\" content=\"Ludwig Witzani\" \/>\n<meta property=\"article:modified_time\" content=\"2025-06-03T10:32:53+00:00\" \/>\n<meta property=\"og:image\" content=\"https:\/\/ludwig-witzani.de\/wp-content\/uploads\/2014\/07\/00-Tibet-COVER.jpg\" \/>\n\t<meta property=\"og:image:width\" content=\"1302\" \/>\n\t<meta property=\"og:image:height\" content=\"1883\" \/>\n\t<meta property=\"og:image:type\" content=\"image\/jpeg\" \/>\n<meta name=\"twitter:card\" content=\"summary_large_image\" \/>\n<meta name=\"twitter:label1\" content=\"Gesch\u00e4tzte Lesezeit\" \/>\n\t<meta name=\"twitter:data1\" content=\"2\u00a0Minuten\" \/>\n<script type=\"application\/ld+json\" class=\"yoast-schema-graph\">{\"@context\":\"https:\\\/\\\/schema.org\",\"@graph\":[{\"@type\":\"WebPage\",\"@id\":\"https:\\\/\\\/ludwig-witzani.de\\\/zu-den-grossen-traeumen\\\/buecher\\\/tibet-im-land-der-lebenden-goetter\\\/\",\"url\":\"https:\\\/\\\/ludwig-witzani.de\\\/zu-den-grossen-traeumen\\\/buecher\\\/tibet-im-land-der-lebenden-goetter\\\/\",\"name\":\"Tibet - Im Land der lebenden G\u00f6tter - Ludwig Witzani\",\"isPartOf\":{\"@id\":\"https:\\\/\\\/ludwig-witzani.de\\\/zu-den-grossen-traeumen\\\/#website\"},\"primaryImageOfPage\":{\"@id\":\"https:\\\/\\\/ludwig-witzani.de\\\/zu-den-grossen-traeumen\\\/buecher\\\/tibet-im-land-der-lebenden-goetter\\\/#primaryimage\"},\"image\":{\"@id\":\"https:\\\/\\\/ludwig-witzani.de\\\/zu-den-grossen-traeumen\\\/buecher\\\/tibet-im-land-der-lebenden-goetter\\\/#primaryimage\"},\"thumbnailUrl\":\"http:\\\/\\\/ludwig-witzani.de\\\/wp-content\\\/uploads\\\/2014\\\/07\\\/00-Tibet-COVER-553x800.jpg\",\"datePublished\":\"2014-07-29T12:27:07+00:00\",\"dateModified\":\"2025-06-03T10:32:53+00:00\",\"description\":\"Ein Reisebericht \u00fcber eine Tibetexpedition zum heiligen Berg Kailash, zum Changthang nach Lhasa, Shigatse, Tsetang und Sakya,\",\"breadcrumb\":{\"@id\":\"https:\\\/\\\/ludwig-witzani.de\\\/zu-den-grossen-traeumen\\\/buecher\\\/tibet-im-land-der-lebenden-goetter\\\/#breadcrumb\"},\"inLanguage\":\"de\",\"potentialAction\":[{\"@type\":\"ReadAction\",\"target\":[\"https:\\\/\\\/ludwig-witzani.de\\\/zu-den-grossen-traeumen\\\/buecher\\\/tibet-im-land-der-lebenden-goetter\\\/\"]}]},{\"@type\":\"ImageObject\",\"inLanguage\":\"de\",\"@id\":\"https:\\\/\\\/ludwig-witzani.de\\\/zu-den-grossen-traeumen\\\/buecher\\\/tibet-im-land-der-lebenden-goetter\\\/#primaryimage\",\"url\":\"http:\\\/\\\/ludwig-witzani.de\\\/wp-content\\\/uploads\\\/2014\\\/07\\\/00-Tibet-COVER-553x800.jpg\",\"contentUrl\":\"http:\\\/\\\/ludwig-witzani.de\\\/wp-content\\\/uploads\\\/2014\\\/07\\\/00-Tibet-COVER-553x800.jpg\"},{\"@type\":\"BreadcrumbList\",\"@id\":\"https:\\\/\\\/ludwig-witzani.de\\\/zu-den-grossen-traeumen\\\/buecher\\\/tibet-im-land-der-lebenden-goetter\\\/#breadcrumb\",\"itemListElement\":[{\"@type\":\"ListItem\",\"position\":1,\"name\":\"Startseite\",\"item\":\"https:\\\/\\\/ludwig-witzani.de\\\/zu-den-grossen-traeumen\\\/\"},{\"@type\":\"ListItem\",\"position\":2,\"name\":\"Buchver\u00f6ffentlichungen\",\"item\":\"https:\\\/\\\/ludwig-witzani.de\\\/zu-den-grossen-traeumen\\\/buecher\\\/\"},{\"@type\":\"ListItem\",\"position\":3,\"name\":\"Tibet &#8211; Im Land der lebenden G\u00f6tter\"}]},{\"@type\":\"WebSite\",\"@id\":\"https:\\\/\\\/ludwig-witzani.de\\\/zu-den-grossen-traeumen\\\/#website\",\"url\":\"https:\\\/\\\/ludwig-witzani.de\\\/zu-den-grossen-traeumen\\\/\",\"name\":\"Ludwig Witzani\",\"description\":\"World Wide Travel\",\"potentialAction\":[{\"@type\":\"SearchAction\",\"target\":{\"@type\":\"EntryPoint\",\"urlTemplate\":\"https:\\\/\\\/ludwig-witzani.de\\\/zu-den-grossen-traeumen\\\/?s={search_term_string}\"},\"query-input\":{\"@type\":\"PropertyValueSpecification\",\"valueRequired\":true,\"valueName\":\"search_term_string\"}}],\"inLanguage\":\"de\"}]}<\/script>\n<!-- \/ Yoast SEO plugin. -->","yoast_head_json":{"title":"Tibet - Im Land der lebenden G\u00f6tter - Ludwig Witzani","description":"Ein Reisebericht \u00fcber eine Tibetexpedition zum heiligen Berg Kailash, zum Changthang nach Lhasa, Shigatse, Tsetang und Sakya,","robots":{"index":"index","follow":"follow","max-snippet":"max-snippet:-1","max-image-preview":"max-image-preview:large","max-video-preview":"max-video-preview:-1"},"canonical":"https:\/\/ludwig-witzani.de\/zu-den-grossen-traeumen\/buecher\/tibet-im-land-der-lebenden-goetter\/","og_locale":"de_DE","og_type":"article","og_title":"Tibet - Im Land der lebenden G\u00f6tter - Ludwig Witzani","og_description":"Ein Reisebericht \u00fcber eine Tibetexpedition zum heiligen Berg Kailash, zum Changthang nach Lhasa, Shigatse, Tsetang und Sakya,","og_url":"https:\/\/ludwig-witzani.de\/zu-den-grossen-traeumen\/buecher\/tibet-im-land-der-lebenden-goetter\/","og_site_name":"Ludwig Witzani","article_modified_time":"2025-06-03T10:32:53+00:00","og_image":[{"width":1302,"height":1883,"url":"https:\/\/ludwig-witzani.de\/wp-content\/uploads\/2014\/07\/00-Tibet-COVER.jpg","type":"image\/jpeg"}],"twitter_card":"summary_large_image","twitter_misc":{"Gesch\u00e4tzte Lesezeit":"2\u00a0Minuten"},"schema":{"@context":"https:\/\/schema.org","@graph":[{"@type":"WebPage","@id":"https:\/\/ludwig-witzani.de\/zu-den-grossen-traeumen\/buecher\/tibet-im-land-der-lebenden-goetter\/","url":"https:\/\/ludwig-witzani.de\/zu-den-grossen-traeumen\/buecher\/tibet-im-land-der-lebenden-goetter\/","name":"Tibet - Im Land der lebenden G\u00f6tter - Ludwig Witzani","isPartOf":{"@id":"https:\/\/ludwig-witzani.de\/zu-den-grossen-traeumen\/#website"},"primaryImageOfPage":{"@id":"https:\/\/ludwig-witzani.de\/zu-den-grossen-traeumen\/buecher\/tibet-im-land-der-lebenden-goetter\/#primaryimage"},"image":{"@id":"https:\/\/ludwig-witzani.de\/zu-den-grossen-traeumen\/buecher\/tibet-im-land-der-lebenden-goetter\/#primaryimage"},"thumbnailUrl":"http:\/\/ludwig-witzani.de\/wp-content\/uploads\/2014\/07\/00-Tibet-COVER-553x800.jpg","datePublished":"2014-07-29T12:27:07+00:00","dateModified":"2025-06-03T10:32:53+00:00","description":"Ein Reisebericht \u00fcber eine Tibetexpedition zum heiligen Berg Kailash, zum Changthang nach Lhasa, Shigatse, Tsetang und Sakya,","breadcrumb":{"@id":"https:\/\/ludwig-witzani.de\/zu-den-grossen-traeumen\/buecher\/tibet-im-land-der-lebenden-goetter\/#breadcrumb"},"inLanguage":"de","potentialAction":[{"@type":"ReadAction","target":["https:\/\/ludwig-witzani.de\/zu-den-grossen-traeumen\/buecher\/tibet-im-land-der-lebenden-goetter\/"]}]},{"@type":"ImageObject","inLanguage":"de","@id":"https:\/\/ludwig-witzani.de\/zu-den-grossen-traeumen\/buecher\/tibet-im-land-der-lebenden-goetter\/#primaryimage","url":"http:\/\/ludwig-witzani.de\/wp-content\/uploads\/2014\/07\/00-Tibet-COVER-553x800.jpg","contentUrl":"http:\/\/ludwig-witzani.de\/wp-content\/uploads\/2014\/07\/00-Tibet-COVER-553x800.jpg"},{"@type":"BreadcrumbList","@id":"https:\/\/ludwig-witzani.de\/zu-den-grossen-traeumen\/buecher\/tibet-im-land-der-lebenden-goetter\/#breadcrumb","itemListElement":[{"@type":"ListItem","position":1,"name":"Startseite","item":"https:\/\/ludwig-witzani.de\/zu-den-grossen-traeumen\/"},{"@type":"ListItem","position":2,"name":"Buchver\u00f6ffentlichungen","item":"https:\/\/ludwig-witzani.de\/zu-den-grossen-traeumen\/buecher\/"},{"@type":"ListItem","position":3,"name":"Tibet &#8211; Im Land der lebenden G\u00f6tter"}]},{"@type":"WebSite","@id":"https:\/\/ludwig-witzani.de\/zu-den-grossen-traeumen\/#website","url":"https:\/\/ludwig-witzani.de\/zu-den-grossen-traeumen\/","name":"Ludwig Witzani","description":"World Wide Travel","potentialAction":[{"@type":"SearchAction","target":{"@type":"EntryPoint","urlTemplate":"https:\/\/ludwig-witzani.de\/zu-den-grossen-traeumen\/?s={search_term_string}"},"query-input":{"@type":"PropertyValueSpecification","valueRequired":true,"valueName":"search_term_string"}}],"inLanguage":"de"}]}},"jetpack_shortlink":"https:\/\/wp.me\/P4daYo-Yi","jetpack_sharing_enabled":true,"_links":{"self":[{"href":"https:\/\/ludwig-witzani.de\/zu-den-grossen-traeumen\/wp-json\/wp\/v2\/pages\/3738","targetHints":{"allow":["GET"]}}],"collection":[{"href":"https:\/\/ludwig-witzani.de\/zu-den-grossen-traeumen\/wp-json\/wp\/v2\/pages"}],"about":[{"href":"https:\/\/ludwig-witzani.de\/zu-den-grossen-traeumen\/wp-json\/wp\/v2\/types\/page"}],"author":[{"embeddable":true,"href":"https:\/\/ludwig-witzani.de\/zu-den-grossen-traeumen\/wp-json\/wp\/v2\/users\/2"}],"replies":[{"embeddable":true,"href":"https:\/\/ludwig-witzani.de\/zu-den-grossen-traeumen\/wp-json\/wp\/v2\/comments?post=3738"}],"version-history":[{"count":30,"href":"https:\/\/ludwig-witzani.de\/zu-den-grossen-traeumen\/wp-json\/wp\/v2\/pages\/3738\/revisions"}],"predecessor-version":[{"id":10351,"href":"https:\/\/ludwig-witzani.de\/zu-den-grossen-traeumen\/wp-json\/wp\/v2\/pages\/3738\/revisions\/10351"}],"up":[{"embeddable":true,"href":"https:\/\/ludwig-witzani.de\/zu-den-grossen-traeumen\/wp-json\/wp\/v2\/pages\/11"}],"wp:attachment":[{"href":"https:\/\/ludwig-witzani.de\/zu-den-grossen-traeumen\/wp-json\/wp\/v2\/media?parent=3738"}],"curies":[{"name":"wp","href":"https:\/\/api.w.org\/{rel}","templated":true}]}}