{"id":3373,"date":"2014-04-17T13:06:24","date_gmt":"2014-04-17T13:06:24","guid":{"rendered":"http:\/\/ludwig-witzani.de\/?page_id=3373"},"modified":"2025-06-03T10:32:53","modified_gmt":"2025-06-03T10:32:53","slug":"tiziano-terzani-fliegen-ohne-fluegel","status":"publish","type":"page","link":"https:\/\/ludwig-witzani.de\/zu-den-grossen-traeumen\/buchempfehlungen\/einladung-nach-china\/tiziano-terzani-fliegen-ohne-fluegel\/","title":{"rendered":"Tiziano Terzani: Fliegen ohne Fl\u00fcgel"},"content":{"rendered":"<p><a href=\"http:\/\/ludwig-witzani.de\/wp-content\/uploads\/2014\/04\/IMG_1688.jpg\"><img loading=\"lazy\" decoding=\"async\" class=\"wp-image-3374 alignleft\" src=\"http:\/\/ludwig-witzani.de\/wp-content\/uploads\/2014\/04\/IMG_1688-536x800.jpg\" alt=\"IMG_1688\" width=\"274\" height=\"409\"\/><\/a>\u201eVorsicht! 1993 l\u00e4ufst Du Gefahr zu sterben. In diesem Jahr darfst Du nicht fliegen. Nicht ein einziges Mal.&#8220; Aus der Spiegelkorrespondent Tiziano Terzani im Jahre 1976 diesen Hinweis von einem chinesischen Wahrsager in Hongkong erhielt, war das nichts weiter als ein Anlass zum Schmunzeln. Doch je n\u00e4her das Jahr 1993 heranr\u00fcckte, desto mehr wurde die Prophezeiung im Bewusstsein des Autors zu einer lebensentscheidenden Warnung. Nat\u00fcrlich ist man gespannt, was die Gurus und M\u00f6nche, Priester, Hexen und Einsiedler dem Sohn der Stadt Florenz hinsichtlich dieser Warnung alles mitzuteilen haben. Um es gleich vorweg zu sagen: erstaunliche und banale, erheiternde und verdrie\u00dfliche Diagnosen wechseln in so bunter Folge, dass nicht nur der Leser, sondern auch der Autor selbst bald nicht mehr wissen, was sie eigentlich glauben sollen. Die intensive Untersuchung, die ein chinesischer Experte in Malakka an den Fu\u00dfsohlen Terzanis vornimmt, f\u00f6rdert ein wenig erfreuliches Ergebnis zutage: mit \u00fcberm\u00e4\u00dfigem Reichtum wird der Autor f\u00fcr den Rest seines Lebens nicht mehr rechnen d\u00fcrfen. Ein buddhistischer Bonze in Bangkok konnte trotz mancherlei Finten und einer geradezu investigativer Fragetechnik zur Erhellung der Terzani-Existenz nur ein Details beisteuern, das dem Autor ohnehin schon bekannt war: \u201eDeine Frau hat einen st\u00e4rkeren Charakter als Du.&#8220; Auch die mongolischen Wahrsager von Ulan Bator wissen nicht weiter, wenn auch der Leser bei dieser Gelegenheit von einer bemerkenswerten Methode der landwirtschaftlichen Wasserversorgung erf\u00e4hrt. Ein mongolischer Dalcin h\u00e4ngt bei gro\u00dfer Trockenheit einfach sein Hemd so lange auf eine Leine, bis sich aus dem kleinen Schatten eine gro\u00dfe Regenwolke bildet. So etwa sehen die asiatischen Mysterien aus, die Terzani immer aufs Neue pr\u00e4sentiert, und ganz vergeblich sucht der Leser hinter diesen und \u00e4hnlichen Geschichten nach jener leichten Prise Ironie, die auch den gr\u00f6\u00dften Nonsens mit ein wenig Humor ertr\u00e4glich machen k\u00f6nnte.<br \/>\nW\u00fcrde das Buch nichts anderes zur Sprache bringen, k\u00f6nnte die Besprechung an dieser Stelle beendet sein. Doch die \u201eReise zu Asiens Mysterien&#8220;, wenngleich im Titel plakativ herausgestellt, ist nur ein einziger und wahrscheinlich der schw\u00e4chste Teil des vorliegenden Buches. Viel ergiebiger sind die zahlreichen Reiseminiaturen, die in ihrer Gesamtheit nicht weniger ergeben als das Portrait eines ganzen Weltteiles &#8211; eben des s\u00fcdostasiatischen und ostasiatischen Raumes, der bei Terzani cum grano salis als das klassische \u201eAsien&#8220; firmiert. Am Grab Henri Mouhots in Luang Prabang und auf den Spuren Ferdinand Ossendowskis in Ulan Bator, vor den Gewehren der Roten Khmer, in den Stra\u00dfenschluchten Bangkoks oder auf der \u201evollklimatisierten Insel Singapur&#8220; &#8211; immer gelingt es dem Autor mit wenigen pr\u00e4gnanten Strichen Geschichte und Gegenwart des jeweiligen Platzes zu einem exemplarischen Baustein im gro\u00dfen asiatischen Geb\u00e4ude zu verdichten. In Ho Mong, der Welthauptstadt des Drogenhandels, konferiert Terzani mit dem Drogenpr\u00e4sidenten Khun Sa, und in den Abteilen der transsibirischen Eisenbahn wird er zum Augenzeugen eines zusammenbrechenden Russlands, dessen unterversorgte Menschen den mongolischen Wanderh\u00e4ndlern auch die minderwertigsten Waren aus den H\u00e4nden rei\u00dfen. Terzanis kurze Portraits der laotischen Lebenswelt, der Ruinen von Angkor oder auch nur eines Sonnenunterganges in Ulan Bator sind faszinierend f\u00fcr Asien-Anf\u00e4nger und Asien-Kenner zugleich Und so mag es sein, dass manch einer, zwischen diesen beiden Polen hin- und hergerissen, m\u00f6glicherweise das dritte Thema zun\u00e4chst \u00fcbersehen wird, ehe es sich jedoch im weiteren Verlauf des Buches immer deutlicher entfaltet. Wie ein gigantischer Strudel hat der die Modernisierung den asiatischen Kontinent erfasst, und auch wenn der Autor den Untergang der alten Traditionen beklagt, verharrt er nicht in der Pose der nostalgischen Verkl\u00e4rung sondern benennt die Tr\u00e4ger dieses epochalen Wandels. Seine Antwort ist eindeutig: es sind die Chinesen, die Asiens Schicksal in die Hand nehmen werden. Aus ihrer unglaublichen T\u00fcchtigkeit speisen sich die Kr\u00e4fte, die derzeit die Metamorphose Asiens vorantreiben. Dabei sind die Chinesen T\u00e4ter und Opfer zugleich: den Urspr\u00fcngen ihrer eigenen Kultur zunehmend entfremdet sind sie den Verlockungen der westlichen Konsumgesellschaft vollst\u00e4ndig erlegen und hegen nach der Auffassung des Autors keinen hei\u00dferen Wunsch als \u201ekleine Amerikaner&#8220; zu werden &#8211; auch wenn das chinesische Selbstbewusstsein und die Widerst\u00e4nde gegen\u00fcber dem Westen zunehmen Im Abstand von einem Dutzend Jahren nach seinem ersten Erscheinen gelesen, ist es erstaunlich, wie genau, der Autor den asiatischen Aspekt des weltweiten Prozesses vorausgesehen hat, den wir heute als \u201eGlobalisierung&#8220; bezeichnen. Auch f\u00fcr die immer nostalgischere Rolle Europas in der Welt findet der Autor die richtigen Worte. Erstaunlich, schreibt er am Ende des Buches, \u201ewie gut dieser Kontinent sein Alter verkraftete. Er gab sich keine M\u00fche sich ein anderes Gesicht zuzulegen, vielmehr war er stolz auf sein Aussehen und bestrebt, es zu erhalten. Verglichen mit dem Selbstzerst\u00f6rungsdrang Asiens war dies eine gro\u00dfe Wohltat.&#8220; So endet Tiziano Terzanis Reise zu den Geheimnissen einer fremden Welt in einem Lob der europ\u00e4ischen Ordnung. Wenn das kein Mysterium ist.<\/p>\n","protected":false},"excerpt":{"rendered":"<p>\u201eVorsicht! 1993 l\u00e4ufst Du Gefahr zu sterben. In diesem Jahr darfst Du nicht fliegen. Nicht ein einziges Mal.&#8220; Aus der Spiegelkorrespondent Tiziano Terzani im Jahre 1976 diesen Hinweis von einem chinesischen Wahrsager in Hongkong erhielt, war das nichts weiter als ein Anlass zum Schmunzeln. Doch je n\u00e4her das Jahr 1993 heranr\u00fcckte, desto mehr wurde die &hellip; <a href=\"https:\/\/ludwig-witzani.de\/zu-den-grossen-traeumen\/buchempfehlungen\/einladung-nach-china\/tiziano-terzani-fliegen-ohne-fluegel\/\" class=\"more-link\"><span class=\"screen-reader-text\">Tiziano Terzani: Fliegen ohne Fl\u00fcgel<\/span> weiterlesen <span class=\"meta-nav\">&rarr;<\/span><\/a><\/p>\n","protected":false},"author":2,"featured_media":0,"parent":1400,"menu_order":10,"comment_status":"open","ping_status":"open","template":"","meta":{"ngg_post_thumbnail":0,"jetpack_post_was_ever_published":false,"footnotes":""},"class_list":["post-3373","page","type-page","status-publish","hentry"],"yoast_head":"<!-- This site is optimized with the Yoast SEO plugin v27.5 - https:\/\/yoast.com\/product\/yoast-seo-wordpress\/ -->\n<title>Tiziano Terzani: Fliegen ohne Fl\u00fcgel - Ludwig Witzani<\/title>\n<meta name=\"robots\" content=\"index, follow, max-snippet:-1, max-image-preview:large, max-video-preview:-1\" \/>\n<link rel=\"canonical\" href=\"https:\/\/ludwig-witzani.de\/zu-den-grossen-traeumen\/buchempfehlungen\/einladung-nach-china\/tiziano-terzani-fliegen-ohne-fluegel\/\" \/>\n<meta property=\"og:locale\" content=\"de_DE\" \/>\n<meta property=\"og:type\" content=\"article\" \/>\n<meta property=\"og:title\" content=\"Tiziano Terzani: Fliegen ohne Fl\u00fcgel - Ludwig Witzani\" \/>\n<meta property=\"og:description\" content=\"\u201eVorsicht! 1993 l\u00e4ufst Du Gefahr zu sterben. In diesem Jahr darfst Du nicht fliegen. Nicht ein einziges Mal.&#8220; Aus der Spiegelkorrespondent Tiziano Terzani im Jahre 1976 diesen Hinweis von einem chinesischen Wahrsager in Hongkong erhielt, war das nichts weiter als ein Anlass zum Schmunzeln. Doch je n\u00e4her das Jahr 1993 heranr\u00fcckte, desto mehr wurde die &hellip; Tiziano Terzani: Fliegen ohne Fl\u00fcgel weiterlesen &rarr;\" \/>\n<meta property=\"og:url\" content=\"https:\/\/ludwig-witzani.de\/zu-den-grossen-traeumen\/buchempfehlungen\/einladung-nach-china\/tiziano-terzani-fliegen-ohne-fluegel\/\" \/>\n<meta property=\"og:site_name\" content=\"Ludwig Witzani\" \/>\n<meta property=\"article:modified_time\" content=\"2025-06-03T10:32:53+00:00\" \/>\n<meta name=\"twitter:card\" content=\"summary_large_image\" \/>\n<meta name=\"twitter:label1\" content=\"Gesch\u00e4tzte Lesezeit\" \/>\n\t<meta name=\"twitter:data1\" content=\"4\u00a0Minuten\" \/>\n<script type=\"application\/ld+json\" class=\"yoast-schema-graph\">{\"@context\":\"https:\\\/\\\/schema.org\",\"@graph\":[{\"@type\":\"WebPage\",\"@id\":\"https:\\\/\\\/ludwig-witzani.de\\\/zu-den-grossen-traeumen\\\/buchempfehlungen\\\/einladung-nach-china\\\/tiziano-terzani-fliegen-ohne-fluegel\\\/\",\"url\":\"https:\\\/\\\/ludwig-witzani.de\\\/zu-den-grossen-traeumen\\\/buchempfehlungen\\\/einladung-nach-china\\\/tiziano-terzani-fliegen-ohne-fluegel\\\/\",\"name\":\"Tiziano Terzani: Fliegen ohne Fl\u00fcgel - Ludwig Witzani\",\"isPartOf\":{\"@id\":\"https:\\\/\\\/ludwig-witzani.de\\\/zu-den-grossen-traeumen\\\/#website\"},\"primaryImageOfPage\":{\"@id\":\"https:\\\/\\\/ludwig-witzani.de\\\/zu-den-grossen-traeumen\\\/buchempfehlungen\\\/einladung-nach-china\\\/tiziano-terzani-fliegen-ohne-fluegel\\\/#primaryimage\"},\"image\":{\"@id\":\"https:\\\/\\\/ludwig-witzani.de\\\/zu-den-grossen-traeumen\\\/buchempfehlungen\\\/einladung-nach-china\\\/tiziano-terzani-fliegen-ohne-fluegel\\\/#primaryimage\"},\"thumbnailUrl\":\"http:\\\/\\\/ludwig-witzani.de\\\/wp-content\\\/uploads\\\/2014\\\/04\\\/IMG_1688-536x800.jpg\",\"datePublished\":\"2014-04-17T13:06:24+00:00\",\"dateModified\":\"2025-06-03T10:32:53+00:00\",\"breadcrumb\":{\"@id\":\"https:\\\/\\\/ludwig-witzani.de\\\/zu-den-grossen-traeumen\\\/buchempfehlungen\\\/einladung-nach-china\\\/tiziano-terzani-fliegen-ohne-fluegel\\\/#breadcrumb\"},\"inLanguage\":\"de\",\"potentialAction\":[{\"@type\":\"ReadAction\",\"target\":[\"https:\\\/\\\/ludwig-witzani.de\\\/zu-den-grossen-traeumen\\\/buchempfehlungen\\\/einladung-nach-china\\\/tiziano-terzani-fliegen-ohne-fluegel\\\/\"]}]},{\"@type\":\"ImageObject\",\"inLanguage\":\"de\",\"@id\":\"https:\\\/\\\/ludwig-witzani.de\\\/zu-den-grossen-traeumen\\\/buchempfehlungen\\\/einladung-nach-china\\\/tiziano-terzani-fliegen-ohne-fluegel\\\/#primaryimage\",\"url\":\"http:\\\/\\\/ludwig-witzani.de\\\/wp-content\\\/uploads\\\/2014\\\/04\\\/IMG_1688-536x800.jpg\",\"contentUrl\":\"http:\\\/\\\/ludwig-witzani.de\\\/wp-content\\\/uploads\\\/2014\\\/04\\\/IMG_1688-536x800.jpg\"},{\"@type\":\"BreadcrumbList\",\"@id\":\"https:\\\/\\\/ludwig-witzani.de\\\/zu-den-grossen-traeumen\\\/buchempfehlungen\\\/einladung-nach-china\\\/tiziano-terzani-fliegen-ohne-fluegel\\\/#breadcrumb\",\"itemListElement\":[{\"@type\":\"ListItem\",\"position\":1,\"name\":\"Startseite\",\"item\":\"https:\\\/\\\/ludwig-witzani.de\\\/zu-den-grossen-traeumen\\\/\"},{\"@type\":\"ListItem\",\"position\":2,\"name\":\"Reisebuchportal\",\"item\":\"https:\\\/\\\/ludwig-witzani.de\\\/zu-den-grossen-traeumen\\\/?page_id=151\"},{\"@type\":\"ListItem\",\"position\":3,\"name\":\"Einladung nach China\",\"item\":\"https:\\\/\\\/ludwig-witzani.de\\\/zu-den-grossen-traeumen\\\/?page_id=1400\"},{\"@type\":\"ListItem\",\"position\":4,\"name\":\"Tiziano Terzani: Fliegen ohne Fl\u00fcgel\"}]},{\"@type\":\"WebSite\",\"@id\":\"https:\\\/\\\/ludwig-witzani.de\\\/zu-den-grossen-traeumen\\\/#website\",\"url\":\"https:\\\/\\\/ludwig-witzani.de\\\/zu-den-grossen-traeumen\\\/\",\"name\":\"Ludwig Witzani\",\"description\":\"World Wide Travel\",\"potentialAction\":[{\"@type\":\"SearchAction\",\"target\":{\"@type\":\"EntryPoint\",\"urlTemplate\":\"https:\\\/\\\/ludwig-witzani.de\\\/zu-den-grossen-traeumen\\\/?s={search_term_string}\"},\"query-input\":{\"@type\":\"PropertyValueSpecification\",\"valueRequired\":true,\"valueName\":\"search_term_string\"}}],\"inLanguage\":\"de\"}]}<\/script>\n<!-- \/ Yoast SEO plugin. -->","yoast_head_json":{"title":"Tiziano Terzani: Fliegen ohne Fl\u00fcgel - Ludwig Witzani","robots":{"index":"index","follow":"follow","max-snippet":"max-snippet:-1","max-image-preview":"max-image-preview:large","max-video-preview":"max-video-preview:-1"},"canonical":"https:\/\/ludwig-witzani.de\/zu-den-grossen-traeumen\/buchempfehlungen\/einladung-nach-china\/tiziano-terzani-fliegen-ohne-fluegel\/","og_locale":"de_DE","og_type":"article","og_title":"Tiziano Terzani: Fliegen ohne Fl\u00fcgel - Ludwig Witzani","og_description":"\u201eVorsicht! 1993 l\u00e4ufst Du Gefahr zu sterben. In diesem Jahr darfst Du nicht fliegen. Nicht ein einziges Mal.&#8220; Aus der Spiegelkorrespondent Tiziano Terzani im Jahre 1976 diesen Hinweis von einem chinesischen Wahrsager in Hongkong erhielt, war das nichts weiter als ein Anlass zum Schmunzeln. Doch je n\u00e4her das Jahr 1993 heranr\u00fcckte, desto mehr wurde die &hellip; Tiziano Terzani: Fliegen ohne Fl\u00fcgel weiterlesen &rarr;","og_url":"https:\/\/ludwig-witzani.de\/zu-den-grossen-traeumen\/buchempfehlungen\/einladung-nach-china\/tiziano-terzani-fliegen-ohne-fluegel\/","og_site_name":"Ludwig Witzani","article_modified_time":"2025-06-03T10:32:53+00:00","twitter_card":"summary_large_image","twitter_misc":{"Gesch\u00e4tzte Lesezeit":"4\u00a0Minuten"},"schema":{"@context":"https:\/\/schema.org","@graph":[{"@type":"WebPage","@id":"https:\/\/ludwig-witzani.de\/zu-den-grossen-traeumen\/buchempfehlungen\/einladung-nach-china\/tiziano-terzani-fliegen-ohne-fluegel\/","url":"https:\/\/ludwig-witzani.de\/zu-den-grossen-traeumen\/buchempfehlungen\/einladung-nach-china\/tiziano-terzani-fliegen-ohne-fluegel\/","name":"Tiziano Terzani: Fliegen ohne Fl\u00fcgel - Ludwig Witzani","isPartOf":{"@id":"https:\/\/ludwig-witzani.de\/zu-den-grossen-traeumen\/#website"},"primaryImageOfPage":{"@id":"https:\/\/ludwig-witzani.de\/zu-den-grossen-traeumen\/buchempfehlungen\/einladung-nach-china\/tiziano-terzani-fliegen-ohne-fluegel\/#primaryimage"},"image":{"@id":"https:\/\/ludwig-witzani.de\/zu-den-grossen-traeumen\/buchempfehlungen\/einladung-nach-china\/tiziano-terzani-fliegen-ohne-fluegel\/#primaryimage"},"thumbnailUrl":"http:\/\/ludwig-witzani.de\/wp-content\/uploads\/2014\/04\/IMG_1688-536x800.jpg","datePublished":"2014-04-17T13:06:24+00:00","dateModified":"2025-06-03T10:32:53+00:00","breadcrumb":{"@id":"https:\/\/ludwig-witzani.de\/zu-den-grossen-traeumen\/buchempfehlungen\/einladung-nach-china\/tiziano-terzani-fliegen-ohne-fluegel\/#breadcrumb"},"inLanguage":"de","potentialAction":[{"@type":"ReadAction","target":["https:\/\/ludwig-witzani.de\/zu-den-grossen-traeumen\/buchempfehlungen\/einladung-nach-china\/tiziano-terzani-fliegen-ohne-fluegel\/"]}]},{"@type":"ImageObject","inLanguage":"de","@id":"https:\/\/ludwig-witzani.de\/zu-den-grossen-traeumen\/buchempfehlungen\/einladung-nach-china\/tiziano-terzani-fliegen-ohne-fluegel\/#primaryimage","url":"http:\/\/ludwig-witzani.de\/wp-content\/uploads\/2014\/04\/IMG_1688-536x800.jpg","contentUrl":"http:\/\/ludwig-witzani.de\/wp-content\/uploads\/2014\/04\/IMG_1688-536x800.jpg"},{"@type":"BreadcrumbList","@id":"https:\/\/ludwig-witzani.de\/zu-den-grossen-traeumen\/buchempfehlungen\/einladung-nach-china\/tiziano-terzani-fliegen-ohne-fluegel\/#breadcrumb","itemListElement":[{"@type":"ListItem","position":1,"name":"Startseite","item":"https:\/\/ludwig-witzani.de\/zu-den-grossen-traeumen\/"},{"@type":"ListItem","position":2,"name":"Reisebuchportal","item":"https:\/\/ludwig-witzani.de\/zu-den-grossen-traeumen\/?page_id=151"},{"@type":"ListItem","position":3,"name":"Einladung nach China","item":"https:\/\/ludwig-witzani.de\/zu-den-grossen-traeumen\/?page_id=1400"},{"@type":"ListItem","position":4,"name":"Tiziano Terzani: Fliegen ohne Fl\u00fcgel"}]},{"@type":"WebSite","@id":"https:\/\/ludwig-witzani.de\/zu-den-grossen-traeumen\/#website","url":"https:\/\/ludwig-witzani.de\/zu-den-grossen-traeumen\/","name":"Ludwig Witzani","description":"World Wide Travel","potentialAction":[{"@type":"SearchAction","target":{"@type":"EntryPoint","urlTemplate":"https:\/\/ludwig-witzani.de\/zu-den-grossen-traeumen\/?s={search_term_string}"},"query-input":{"@type":"PropertyValueSpecification","valueRequired":true,"valueName":"search_term_string"}}],"inLanguage":"de"}]}},"jetpack_shortlink":"https:\/\/wp.me\/P4daYo-Sp","jetpack_sharing_enabled":true,"_links":{"self":[{"href":"https:\/\/ludwig-witzani.de\/zu-den-grossen-traeumen\/wp-json\/wp\/v2\/pages\/3373","targetHints":{"allow":["GET"]}}],"collection":[{"href":"https:\/\/ludwig-witzani.de\/zu-den-grossen-traeumen\/wp-json\/wp\/v2\/pages"}],"about":[{"href":"https:\/\/ludwig-witzani.de\/zu-den-grossen-traeumen\/wp-json\/wp\/v2\/types\/page"}],"author":[{"embeddable":true,"href":"https:\/\/ludwig-witzani.de\/zu-den-grossen-traeumen\/wp-json\/wp\/v2\/users\/2"}],"replies":[{"embeddable":true,"href":"https:\/\/ludwig-witzani.de\/zu-den-grossen-traeumen\/wp-json\/wp\/v2\/comments?post=3373"}],"version-history":[{"count":5,"href":"https:\/\/ludwig-witzani.de\/zu-den-grossen-traeumen\/wp-json\/wp\/v2\/pages\/3373\/revisions"}],"predecessor-version":[{"id":6954,"href":"https:\/\/ludwig-witzani.de\/zu-den-grossen-traeumen\/wp-json\/wp\/v2\/pages\/3373\/revisions\/6954"}],"up":[{"embeddable":true,"href":"https:\/\/ludwig-witzani.de\/zu-den-grossen-traeumen\/wp-json\/wp\/v2\/pages\/1400"}],"wp:attachment":[{"href":"https:\/\/ludwig-witzani.de\/zu-den-grossen-traeumen\/wp-json\/wp\/v2\/media?parent=3373"}],"curies":[{"name":"wp","href":"https:\/\/api.w.org\/{rel}","templated":true}]}}