{"id":3350,"date":"2014-04-17T12:47:25","date_gmt":"2014-04-17T12:47:25","guid":{"rendered":"http:\/\/ludwig-witzani.de\/?page_id=3350"},"modified":"2025-06-03T10:32:53","modified_gmt":"2025-06-03T10:32:53","slug":"sally-hovey-wriggins-reisende-auf-der-seiddenstrasse","status":"publish","type":"page","link":"https:\/\/ludwig-witzani.de\/zu-den-grossen-traeumen\/buchempfehlungen\/einladung-nach-china\/sally-hovey-wriggins-reisende-auf-der-seiddenstrasse\/","title":{"rendered":"Sally Hovey Wriggins: Reisende auf der Seidenstra\u00dfe"},"content":{"rendered":"<h3><a href=\"http:\/\/ludwig-witzani.de\/wp-content\/uploads\/2014\/04\/IMG_1689.jpg\"><img loading=\"lazy\" decoding=\"async\" class=\"aligncenter  wp-image-3351\" src=\"http:\/\/ludwig-witzani.de\/wp-content\/uploads\/2014\/04\/IMG_1689-533x800.jpg\" alt=\"IMG_1689\" width=\"321\" height=\"482\" \/><\/a><\/h3>\n<h3>Sally Hovey Wriggins: Reisende auf der Seidenstra\u00dfe<\/h3>\n<div class=\"mt9 reviewText\">\n<div class=\"drkgry\" style=\"height: auto; display: block;\">Mit manchen B\u00fcchern geht es einem mitunter wie mit seinen Reisezielen. Erst ist man begeistert, sie zu kennenzulernen, dann entt\u00e4uscht und schlie\u00dflich wieder vers\u00f6hnt. Genauso verh\u00e4lt es sich mit dem vorliegenden Buch, in dem Sally Hovey Wriggins jedem Asienliebhaber einen geheimen Wunsch erf\u00fcllt: endlich einmal die gro\u00dfe Reise des &#8222;chinesischen Marco Polo&#8220; Xuanzang durch die asiatische Welt des 7. Jhdts. in einer zusammenfassenden Reisebiografie nachzulesen.<\/div>\n<div class=\"drkgry\" style=\"height: auto; display: block;\">16 Jahre lang war der chinesische M\u00f6nch Xuanzang im siebten Jahrhundert auf der Suche nach der wahren Lehre des Erleuchteten durch Indien, China, Afghanistan und Zentralasien, gepilgert, ehe er sich &#8211; nach Xian heimgekehrt &#8211; im Wei\u00dfe-Gans-Kloster zur Ruhe setzte und seine Reise auswertete.<\/div>\n<div class=\"drkgry\" style=\"height: auto; display: block;\">Ich bin Xuanzang einen Teil dieser Strecke mit dem Buch in der Hand nachgereist und habe in Bodh Gaya, Sarnath und Turfan die Orte nicht nur mit meinen eigenen Augen sondern auch mit denen Xuanzangs gesehen. Insofern bietet das Buch wie die Erinnerungen aller gro\u00dfen Reisenden, deren Spuren man folgt, einen mehrfachen Ertrag: das Reiseerlebnis wird gleichsam mehrfach &#8222;belichtet&#8220; und aus der Gegenwart in eine Vergangenheit transponiert, wo es Tiefensch\u00e4rfe und Pr\u00e4gnanz gewinnt. \u00a0So sehe ich die Welt am liebsten.<\/div>\n<div class=\"drkgry\" style=\"height: auto; display: block;\">Schade, allerdings, dass die\u00a0Autorin auf jede historisch-kritische Distanz zu den chinesischen Quellen verzichtet . Dass Xuanzang als junger M\u00f6nch gleich am Beginn seiner Reise von K\u00f6nigen und Kaisern wie ein Heiliger hofiert worden sein soll, entspricht der chinesischen \u00dcberlieferung, hat aber mit der historischen Wirklichkeit nat\u00fcrlich nichts zu tun.\u00a0Dass das Buch trotz seiner hagiographischen Tendenz \u00fcber weite Passagen trotzdem zu fesseln vermag, liegt an seiner durch und durch jugendbuchartigen Dramaturgie: St\u00fcrme und Wunder, ausweglose Lagen, die sich unerwartet aufl\u00f6sen, das Ambiente gro\u00dfer Reiche und Herrscher reihen sich aneinander wie die Elemente einer Heldensage, die sich vor den Augen des staunenden Lesers entrollt. Wer eine solcherart pr\u00e4sentierte Reise durch Asien zugleich genie\u00dfen und der Autorin ihre geradezu naiv anmutende Bewunderung f\u00fcr Xuanzang nachsehen kann, wird durch das belohnt, was die eigentliche St\u00e4rke des Buches ausmacht: eine ausgezeichnet entfaltete und exzellent bebilderte Einf\u00fchrung in die buddhistische Kunst vor der Kulisse ihrer Originalschaupl\u00e4tze.<\/div>\n<\/div>\n<div class=\"clearboth txtsmall gt9 vtStripe\">\u00a0<span class=\"gry gr4 gl4\">|<\/span><\/div>\n<p>&nbsp;<\/p>\n","protected":false},"excerpt":{"rendered":"<p>Sally Hovey Wriggins: Reisende auf der Seidenstra\u00dfe Mit manchen B\u00fcchern geht es einem mitunter wie mit seinen Reisezielen. Erst ist man begeistert, sie zu kennenzulernen, dann entt\u00e4uscht und schlie\u00dflich wieder vers\u00f6hnt. Genauso verh\u00e4lt es sich mit dem vorliegenden Buch, in dem Sally Hovey Wriggins jedem Asienliebhaber einen geheimen Wunsch erf\u00fcllt: endlich einmal die gro\u00dfe Reise &hellip; <a href=\"https:\/\/ludwig-witzani.de\/zu-den-grossen-traeumen\/buchempfehlungen\/einladung-nach-china\/sally-hovey-wriggins-reisende-auf-der-seiddenstrasse\/\" class=\"more-link\"><span class=\"screen-reader-text\">Sally Hovey Wriggins: Reisende auf der Seidenstra\u00dfe<\/span> weiterlesen <span class=\"meta-nav\">&rarr;<\/span><\/a><\/p>\n","protected":false},"author":2,"featured_media":0,"parent":1400,"menu_order":4,"comment_status":"open","ping_status":"open","template":"","meta":{"ngg_post_thumbnail":0,"jetpack_post_was_ever_published":false,"footnotes":""},"class_list":["post-3350","page","type-page","status-publish","hentry"],"yoast_head":"<!-- This site is optimized with the Yoast SEO plugin v27.5 - https:\/\/yoast.com\/product\/yoast-seo-wordpress\/ -->\n<title>Sally Hovey Wriggins: Reisende auf der Seidenstra\u00dfe - Ludwig Witzani<\/title>\n<meta name=\"robots\" content=\"index, follow, max-snippet:-1, max-image-preview:large, max-video-preview:-1\" \/>\n<link rel=\"canonical\" href=\"https:\/\/ludwig-witzani.de\/zu-den-grossen-traeumen\/buchempfehlungen\/einladung-nach-china\/sally-hovey-wriggins-reisende-auf-der-seiddenstrasse\/\" \/>\n<meta property=\"og:locale\" content=\"de_DE\" \/>\n<meta property=\"og:type\" content=\"article\" \/>\n<meta property=\"og:title\" content=\"Sally Hovey Wriggins: Reisende auf der Seidenstra\u00dfe - Ludwig Witzani\" \/>\n<meta property=\"og:description\" content=\"Sally Hovey Wriggins: Reisende auf der Seidenstra\u00dfe Mit manchen B\u00fcchern geht es einem mitunter wie mit seinen Reisezielen. Erst ist man begeistert, sie zu kennenzulernen, dann entt\u00e4uscht und schlie\u00dflich wieder vers\u00f6hnt. Genauso verh\u00e4lt es sich mit dem vorliegenden Buch, in dem Sally Hovey Wriggins jedem Asienliebhaber einen geheimen Wunsch erf\u00fcllt: endlich einmal die gro\u00dfe Reise &hellip; Sally Hovey Wriggins: Reisende auf der Seidenstra\u00dfe weiterlesen &rarr;\" \/>\n<meta property=\"og:url\" content=\"https:\/\/ludwig-witzani.de\/zu-den-grossen-traeumen\/buchempfehlungen\/einladung-nach-china\/sally-hovey-wriggins-reisende-auf-der-seiddenstrasse\/\" \/>\n<meta property=\"og:site_name\" content=\"Ludwig Witzani\" \/>\n<meta property=\"article:modified_time\" content=\"2025-06-03T10:32:53+00:00\" \/>\n<meta name=\"twitter:card\" content=\"summary_large_image\" \/>\n<meta name=\"twitter:label1\" content=\"Gesch\u00e4tzte Lesezeit\" \/>\n\t<meta name=\"twitter:data1\" content=\"2\u00a0Minuten\" \/>\n<script type=\"application\/ld+json\" class=\"yoast-schema-graph\">{\"@context\":\"https:\\\/\\\/schema.org\",\"@graph\":[{\"@type\":\"WebPage\",\"@id\":\"https:\\\/\\\/ludwig-witzani.de\\\/zu-den-grossen-traeumen\\\/buchempfehlungen\\\/einladung-nach-china\\\/sally-hovey-wriggins-reisende-auf-der-seiddenstrasse\\\/\",\"url\":\"https:\\\/\\\/ludwig-witzani.de\\\/zu-den-grossen-traeumen\\\/buchempfehlungen\\\/einladung-nach-china\\\/sally-hovey-wriggins-reisende-auf-der-seiddenstrasse\\\/\",\"name\":\"Sally Hovey Wriggins: Reisende auf der Seidenstra\u00dfe - Ludwig Witzani\",\"isPartOf\":{\"@id\":\"https:\\\/\\\/ludwig-witzani.de\\\/zu-den-grossen-traeumen\\\/#website\"},\"primaryImageOfPage\":{\"@id\":\"https:\\\/\\\/ludwig-witzani.de\\\/zu-den-grossen-traeumen\\\/buchempfehlungen\\\/einladung-nach-china\\\/sally-hovey-wriggins-reisende-auf-der-seiddenstrasse\\\/#primaryimage\"},\"image\":{\"@id\":\"https:\\\/\\\/ludwig-witzani.de\\\/zu-den-grossen-traeumen\\\/buchempfehlungen\\\/einladung-nach-china\\\/sally-hovey-wriggins-reisende-auf-der-seiddenstrasse\\\/#primaryimage\"},\"thumbnailUrl\":\"http:\\\/\\\/ludwig-witzani.de\\\/wp-content\\\/uploads\\\/2014\\\/04\\\/IMG_1689-533x800.jpg\",\"datePublished\":\"2014-04-17T12:47:25+00:00\",\"dateModified\":\"2025-06-03T10:32:53+00:00\",\"breadcrumb\":{\"@id\":\"https:\\\/\\\/ludwig-witzani.de\\\/zu-den-grossen-traeumen\\\/buchempfehlungen\\\/einladung-nach-china\\\/sally-hovey-wriggins-reisende-auf-der-seiddenstrasse\\\/#breadcrumb\"},\"inLanguage\":\"de\",\"potentialAction\":[{\"@type\":\"ReadAction\",\"target\":[\"https:\\\/\\\/ludwig-witzani.de\\\/zu-den-grossen-traeumen\\\/buchempfehlungen\\\/einladung-nach-china\\\/sally-hovey-wriggins-reisende-auf-der-seiddenstrasse\\\/\"]}]},{\"@type\":\"ImageObject\",\"inLanguage\":\"de\",\"@id\":\"https:\\\/\\\/ludwig-witzani.de\\\/zu-den-grossen-traeumen\\\/buchempfehlungen\\\/einladung-nach-china\\\/sally-hovey-wriggins-reisende-auf-der-seiddenstrasse\\\/#primaryimage\",\"url\":\"http:\\\/\\\/ludwig-witzani.de\\\/wp-content\\\/uploads\\\/2014\\\/04\\\/IMG_1689-533x800.jpg\",\"contentUrl\":\"http:\\\/\\\/ludwig-witzani.de\\\/wp-content\\\/uploads\\\/2014\\\/04\\\/IMG_1689-533x800.jpg\"},{\"@type\":\"BreadcrumbList\",\"@id\":\"https:\\\/\\\/ludwig-witzani.de\\\/zu-den-grossen-traeumen\\\/buchempfehlungen\\\/einladung-nach-china\\\/sally-hovey-wriggins-reisende-auf-der-seiddenstrasse\\\/#breadcrumb\",\"itemListElement\":[{\"@type\":\"ListItem\",\"position\":1,\"name\":\"Startseite\",\"item\":\"https:\\\/\\\/ludwig-witzani.de\\\/zu-den-grossen-traeumen\\\/\"},{\"@type\":\"ListItem\",\"position\":2,\"name\":\"Reisebuchportal\",\"item\":\"https:\\\/\\\/ludwig-witzani.de\\\/zu-den-grossen-traeumen\\\/?page_id=151\"},{\"@type\":\"ListItem\",\"position\":3,\"name\":\"Einladung nach China\",\"item\":\"https:\\\/\\\/ludwig-witzani.de\\\/zu-den-grossen-traeumen\\\/?page_id=1400\"},{\"@type\":\"ListItem\",\"position\":4,\"name\":\"Sally Hovey Wriggins: Reisende auf der Seidenstra\u00dfe\"}]},{\"@type\":\"WebSite\",\"@id\":\"https:\\\/\\\/ludwig-witzani.de\\\/zu-den-grossen-traeumen\\\/#website\",\"url\":\"https:\\\/\\\/ludwig-witzani.de\\\/zu-den-grossen-traeumen\\\/\",\"name\":\"Ludwig Witzani\",\"description\":\"World Wide Travel\",\"potentialAction\":[{\"@type\":\"SearchAction\",\"target\":{\"@type\":\"EntryPoint\",\"urlTemplate\":\"https:\\\/\\\/ludwig-witzani.de\\\/zu-den-grossen-traeumen\\\/?s={search_term_string}\"},\"query-input\":{\"@type\":\"PropertyValueSpecification\",\"valueRequired\":true,\"valueName\":\"search_term_string\"}}],\"inLanguage\":\"de\"}]}<\/script>\n<!-- \/ Yoast SEO plugin. -->","yoast_head_json":{"title":"Sally Hovey Wriggins: Reisende auf der Seidenstra\u00dfe - Ludwig Witzani","robots":{"index":"index","follow":"follow","max-snippet":"max-snippet:-1","max-image-preview":"max-image-preview:large","max-video-preview":"max-video-preview:-1"},"canonical":"https:\/\/ludwig-witzani.de\/zu-den-grossen-traeumen\/buchempfehlungen\/einladung-nach-china\/sally-hovey-wriggins-reisende-auf-der-seiddenstrasse\/","og_locale":"de_DE","og_type":"article","og_title":"Sally Hovey Wriggins: Reisende auf der Seidenstra\u00dfe - Ludwig Witzani","og_description":"Sally Hovey Wriggins: Reisende auf der Seidenstra\u00dfe Mit manchen B\u00fcchern geht es einem mitunter wie mit seinen Reisezielen. Erst ist man begeistert, sie zu kennenzulernen, dann entt\u00e4uscht und schlie\u00dflich wieder vers\u00f6hnt. Genauso verh\u00e4lt es sich mit dem vorliegenden Buch, in dem Sally Hovey Wriggins jedem Asienliebhaber einen geheimen Wunsch erf\u00fcllt: endlich einmal die gro\u00dfe Reise &hellip; Sally Hovey Wriggins: Reisende auf der Seidenstra\u00dfe weiterlesen &rarr;","og_url":"https:\/\/ludwig-witzani.de\/zu-den-grossen-traeumen\/buchempfehlungen\/einladung-nach-china\/sally-hovey-wriggins-reisende-auf-der-seiddenstrasse\/","og_site_name":"Ludwig Witzani","article_modified_time":"2025-06-03T10:32:53+00:00","twitter_card":"summary_large_image","twitter_misc":{"Gesch\u00e4tzte Lesezeit":"2\u00a0Minuten"},"schema":{"@context":"https:\/\/schema.org","@graph":[{"@type":"WebPage","@id":"https:\/\/ludwig-witzani.de\/zu-den-grossen-traeumen\/buchempfehlungen\/einladung-nach-china\/sally-hovey-wriggins-reisende-auf-der-seiddenstrasse\/","url":"https:\/\/ludwig-witzani.de\/zu-den-grossen-traeumen\/buchempfehlungen\/einladung-nach-china\/sally-hovey-wriggins-reisende-auf-der-seiddenstrasse\/","name":"Sally Hovey Wriggins: Reisende auf der Seidenstra\u00dfe - Ludwig Witzani","isPartOf":{"@id":"https:\/\/ludwig-witzani.de\/zu-den-grossen-traeumen\/#website"},"primaryImageOfPage":{"@id":"https:\/\/ludwig-witzani.de\/zu-den-grossen-traeumen\/buchempfehlungen\/einladung-nach-china\/sally-hovey-wriggins-reisende-auf-der-seiddenstrasse\/#primaryimage"},"image":{"@id":"https:\/\/ludwig-witzani.de\/zu-den-grossen-traeumen\/buchempfehlungen\/einladung-nach-china\/sally-hovey-wriggins-reisende-auf-der-seiddenstrasse\/#primaryimage"},"thumbnailUrl":"http:\/\/ludwig-witzani.de\/wp-content\/uploads\/2014\/04\/IMG_1689-533x800.jpg","datePublished":"2014-04-17T12:47:25+00:00","dateModified":"2025-06-03T10:32:53+00:00","breadcrumb":{"@id":"https:\/\/ludwig-witzani.de\/zu-den-grossen-traeumen\/buchempfehlungen\/einladung-nach-china\/sally-hovey-wriggins-reisende-auf-der-seiddenstrasse\/#breadcrumb"},"inLanguage":"de","potentialAction":[{"@type":"ReadAction","target":["https:\/\/ludwig-witzani.de\/zu-den-grossen-traeumen\/buchempfehlungen\/einladung-nach-china\/sally-hovey-wriggins-reisende-auf-der-seiddenstrasse\/"]}]},{"@type":"ImageObject","inLanguage":"de","@id":"https:\/\/ludwig-witzani.de\/zu-den-grossen-traeumen\/buchempfehlungen\/einladung-nach-china\/sally-hovey-wriggins-reisende-auf-der-seiddenstrasse\/#primaryimage","url":"http:\/\/ludwig-witzani.de\/wp-content\/uploads\/2014\/04\/IMG_1689-533x800.jpg","contentUrl":"http:\/\/ludwig-witzani.de\/wp-content\/uploads\/2014\/04\/IMG_1689-533x800.jpg"},{"@type":"BreadcrumbList","@id":"https:\/\/ludwig-witzani.de\/zu-den-grossen-traeumen\/buchempfehlungen\/einladung-nach-china\/sally-hovey-wriggins-reisende-auf-der-seiddenstrasse\/#breadcrumb","itemListElement":[{"@type":"ListItem","position":1,"name":"Startseite","item":"https:\/\/ludwig-witzani.de\/zu-den-grossen-traeumen\/"},{"@type":"ListItem","position":2,"name":"Reisebuchportal","item":"https:\/\/ludwig-witzani.de\/zu-den-grossen-traeumen\/?page_id=151"},{"@type":"ListItem","position":3,"name":"Einladung nach China","item":"https:\/\/ludwig-witzani.de\/zu-den-grossen-traeumen\/?page_id=1400"},{"@type":"ListItem","position":4,"name":"Sally Hovey Wriggins: Reisende auf der Seidenstra\u00dfe"}]},{"@type":"WebSite","@id":"https:\/\/ludwig-witzani.de\/zu-den-grossen-traeumen\/#website","url":"https:\/\/ludwig-witzani.de\/zu-den-grossen-traeumen\/","name":"Ludwig Witzani","description":"World Wide Travel","potentialAction":[{"@type":"SearchAction","target":{"@type":"EntryPoint","urlTemplate":"https:\/\/ludwig-witzani.de\/zu-den-grossen-traeumen\/?s={search_term_string}"},"query-input":{"@type":"PropertyValueSpecification","valueRequired":true,"valueName":"search_term_string"}}],"inLanguage":"de"}]}},"jetpack_shortlink":"https:\/\/wp.me\/P4daYo-S2","jetpack_sharing_enabled":true,"_links":{"self":[{"href":"https:\/\/ludwig-witzani.de\/zu-den-grossen-traeumen\/wp-json\/wp\/v2\/pages\/3350","targetHints":{"allow":["GET"]}}],"collection":[{"href":"https:\/\/ludwig-witzani.de\/zu-den-grossen-traeumen\/wp-json\/wp\/v2\/pages"}],"about":[{"href":"https:\/\/ludwig-witzani.de\/zu-den-grossen-traeumen\/wp-json\/wp\/v2\/types\/page"}],"author":[{"embeddable":true,"href":"https:\/\/ludwig-witzani.de\/zu-den-grossen-traeumen\/wp-json\/wp\/v2\/users\/2"}],"replies":[{"embeddable":true,"href":"https:\/\/ludwig-witzani.de\/zu-den-grossen-traeumen\/wp-json\/wp\/v2\/comments?post=3350"}],"version-history":[{"count":5,"href":"https:\/\/ludwig-witzani.de\/zu-den-grossen-traeumen\/wp-json\/wp\/v2\/pages\/3350\/revisions"}],"predecessor-version":[{"id":3532,"href":"https:\/\/ludwig-witzani.de\/zu-den-grossen-traeumen\/wp-json\/wp\/v2\/pages\/3350\/revisions\/3532"}],"up":[{"embeddable":true,"href":"https:\/\/ludwig-witzani.de\/zu-den-grossen-traeumen\/wp-json\/wp\/v2\/pages\/1400"}],"wp:attachment":[{"href":"https:\/\/ludwig-witzani.de\/zu-den-grossen-traeumen\/wp-json\/wp\/v2\/media?parent=3350"}],"curies":[{"name":"wp","href":"https:\/\/api.w.org\/{rel}","templated":true}]}}