{"id":2988,"date":"2014-03-14T14:16:24","date_gmt":"2014-03-14T14:16:24","guid":{"rendered":"http:\/\/ludwig-witzani.de\/?page_id=2988"},"modified":"2025-06-03T10:32:53","modified_gmt":"2025-06-03T10:32:53","slug":"dabrowska-naechte-und-tage","status":"publish","type":"page","link":"https:\/\/ludwig-witzani.de\/zu-den-grossen-traeumen\/buchempfehlungen\/einladung-nach-polen\/dabrowska-naechte-und-tage\/","title":{"rendered":"Dabrowska: N\u00e4chte und Tage"},"content":{"rendered":"<h3><a href=\"http:\/\/ludwig-witzani.de\/wp-content\/uploads\/2014\/03\/IMG_0936.jpg\"><img loading=\"lazy\" decoding=\"async\" class=\"aligncenter size-medium wp-image-3000\" src=\"http:\/\/ludwig-witzani.de\/wp-content\/uploads\/2014\/03\/IMG_0936-900x800.jpg\" alt=\"IMG_0936\" width=\"900\" height=\"800\" \/><\/a><\/h3>\n<h3>Dabrowska: N\u00e4chte und Tage<\/h3>\n<p>Die ma\u00dfgeblichen Werke der polnisch sprachigen Literatur sind leider nur sehr unvollst\u00e4ndig ins Deutsche \u00fcbersetzt. Das trifft nicht f\u00fcr den polnischen Nobelpreistr\u00e4ger Reymont ( &#8222;Die Bauern&#8220;, &#8222;Das gelobte Land&#8220;) sondern auch f\u00fcr Sienkiewicz (u.a. &#8222;Quo Vadis&#8220;) Boleslaw Pruz und Maria Dombowska zu. Das bek\u00fcmmert mein liebes polnischst\u00e4mmiges Weib, die es sich zur lebenslangen Aufgabe gemacht hat, mich mit der polnischsprachigen Literatur bekannt zu machen.<br \/>\nSo hat sie das vorliegenden Werk ( und auch noch Band III und IV, die mir noch bevorstehen!) in einer gebrauchten Ausgabe erworben und mich zur Lekt\u00fcre verdonnert. Dieser Aufforderung bin ich nachgekommen und zwar gleich mit mehrfachen Gewinn. Zuerst und vor allem habe ich ein Tausendseitenwerk kennengelernt, in dem mit gro\u00dfer Liebe zum Detail und nicht minder gro\u00dfer Anschaulichkeit die Geschichte einer polnischen Familie zwischen dem polnischen Aufstand von 1863 bis zur Wiederentstehung Polens nach dem Ersten Weltkrieg im literarischen Zeitlupentempo beschrieben wird. Im Mittelpunkt des Romans stehen Barbara und Bogumil, die Abk\u00f6mmlinge gebildeter, aber verarmter Adelsfamilien, die im russisch besetzten Teil Polens ihre Felder bestellen und ihre Kinder gro\u00dfziehen. Wenn man will, kann man Barbara und Bogomil durchaus in die Reihe der gro\u00dfen Liebespaare der Weltliteratur einreihen &#8211; von Romeo und Julia, \u00c4belard und Heloise oder Pater Ralf und Maggie unterscheiden sich aber Barbara und Bogumil durch eine charakteristische Disparit\u00e4t der Emotionen: denn Barbara liebt den Bogumil nicht ganz so sehr wie der Bogumil seine Barbara, was den wackeren Bogumil zwar bek\u00fcmmert, aber dann doch lebenslang bei der Stange h\u00e4lt.<br \/>\nDas ganze erz\u00e4hlerische Gebirge mit seinen hundert literarischen Seitent\u00e4lern zu beschreiben, w\u00fcrde hier zu weit f\u00fchren. Wer aber wirklich ein ausdauernder Leser ist, reichlich Chardonnay-Vorr\u00e4te zur Hand hat und sich f\u00fcr die Entwicklung Polens in der erz\u00e4hlerischen Elektronenrastermikroskopperspektive interessiert, wird bei dem vorliegenden Riesenwerk auf seine Kosten kommen. Ich jedenfalls habe die ersten beiden B\u00e4nde des Werkes mit Gewinn gelesen und noch einen zus\u00e4tzlichen Profit eingeheimst: denn nach der Bekanntschaft mit der komplizierten Barbara bin ich in der Lage, meine eigene polnischst\u00e4mmige Ehefrau noch besser zu verstehen (ohne deswegen schon ein Bogumil zu sein). Das ist als Ertrag einer Lekt\u00fcre doch auch schon was.<\/p>\n","protected":false},"excerpt":{"rendered":"<p>Dabrowska: N\u00e4chte und Tage Die ma\u00dfgeblichen Werke der polnisch sprachigen Literatur sind leider nur sehr unvollst\u00e4ndig ins Deutsche \u00fcbersetzt. Das trifft nicht f\u00fcr den polnischen Nobelpreistr\u00e4ger Reymont ( &#8222;Die Bauern&#8220;, &#8222;Das gelobte Land&#8220;) sondern auch f\u00fcr Sienkiewicz (u.a. &#8222;Quo Vadis&#8220;) Boleslaw Pruz und Maria Dombowska zu. Das bek\u00fcmmert mein liebes polnischst\u00e4mmiges Weib, die es sich &hellip; <a href=\"https:\/\/ludwig-witzani.de\/zu-den-grossen-traeumen\/buchempfehlungen\/einladung-nach-polen\/dabrowska-naechte-und-tage\/\" class=\"more-link\"><span class=\"screen-reader-text\">Dabrowska: N\u00e4chte und Tage<\/span> weiterlesen <span class=\"meta-nav\">&rarr;<\/span><\/a><\/p>\n","protected":false},"author":2,"featured_media":0,"parent":1393,"menu_order":0,"comment_status":"open","ping_status":"open","template":"","meta":{"ngg_post_thumbnail":0,"jetpack_post_was_ever_published":false,"footnotes":""},"class_list":["post-2988","page","type-page","status-publish","hentry"],"yoast_head":"<!-- This site is optimized with the Yoast SEO plugin v27.3 - https:\/\/yoast.com\/product\/yoast-seo-wordpress\/ -->\n<title>Dabrowska: N\u00e4chte und Tage - Ludwig Witzani<\/title>\n<meta name=\"robots\" content=\"index, follow, max-snippet:-1, max-image-preview:large, max-video-preview:-1\" \/>\n<link rel=\"canonical\" href=\"https:\/\/ludwig-witzani.de\/zu-den-grossen-traeumen\/buchempfehlungen\/einladung-nach-polen\/dabrowska-naechte-und-tage\/\" \/>\n<meta property=\"og:locale\" content=\"de_DE\" \/>\n<meta property=\"og:type\" content=\"article\" \/>\n<meta property=\"og:title\" content=\"Dabrowska: N\u00e4chte und Tage - Ludwig Witzani\" \/>\n<meta property=\"og:description\" content=\"Dabrowska: N\u00e4chte und Tage Die ma\u00dfgeblichen Werke der polnisch sprachigen Literatur sind leider nur sehr unvollst\u00e4ndig ins Deutsche \u00fcbersetzt. Das trifft nicht f\u00fcr den polnischen Nobelpreistr\u00e4ger Reymont ( &#8222;Die Bauern&#8220;, &#8222;Das gelobte Land&#8220;) sondern auch f\u00fcr Sienkiewicz (u.a. &#8222;Quo Vadis&#8220;) Boleslaw Pruz und Maria Dombowska zu. Das bek\u00fcmmert mein liebes polnischst\u00e4mmiges Weib, die es sich &hellip; Dabrowska: N\u00e4chte und Tage weiterlesen &rarr;\" \/>\n<meta property=\"og:url\" content=\"https:\/\/ludwig-witzani.de\/zu-den-grossen-traeumen\/buchempfehlungen\/einladung-nach-polen\/dabrowska-naechte-und-tage\/\" \/>\n<meta property=\"og:site_name\" content=\"Ludwig Witzani\" \/>\n<meta property=\"article:modified_time\" content=\"2025-06-03T10:32:53+00:00\" \/>\n<meta name=\"twitter:card\" content=\"summary_large_image\" \/>\n<meta name=\"twitter:label1\" content=\"Gesch\u00e4tzte Lesezeit\" \/>\n\t<meta name=\"twitter:data1\" content=\"2\u00a0Minuten\" \/>\n<script type=\"application\/ld+json\" class=\"yoast-schema-graph\">{\"@context\":\"https:\\\/\\\/schema.org\",\"@graph\":[{\"@type\":\"WebPage\",\"@id\":\"https:\\\/\\\/ludwig-witzani.de\\\/zu-den-grossen-traeumen\\\/buchempfehlungen\\\/einladung-nach-polen\\\/dabrowska-naechte-und-tage\\\/\",\"url\":\"https:\\\/\\\/ludwig-witzani.de\\\/zu-den-grossen-traeumen\\\/buchempfehlungen\\\/einladung-nach-polen\\\/dabrowska-naechte-und-tage\\\/\",\"name\":\"Dabrowska: N\u00e4chte und Tage - Ludwig Witzani\",\"isPartOf\":{\"@id\":\"https:\\\/\\\/ludwig-witzani.de\\\/zu-den-grossen-traeumen\\\/#website\"},\"primaryImageOfPage\":{\"@id\":\"https:\\\/\\\/ludwig-witzani.de\\\/zu-den-grossen-traeumen\\\/buchempfehlungen\\\/einladung-nach-polen\\\/dabrowska-naechte-und-tage\\\/#primaryimage\"},\"image\":{\"@id\":\"https:\\\/\\\/ludwig-witzani.de\\\/zu-den-grossen-traeumen\\\/buchempfehlungen\\\/einladung-nach-polen\\\/dabrowska-naechte-und-tage\\\/#primaryimage\"},\"thumbnailUrl\":\"http:\\\/\\\/ludwig-witzani.de\\\/wp-content\\\/uploads\\\/2014\\\/03\\\/IMG_0936-900x800.jpg\",\"datePublished\":\"2014-03-14T14:16:24+00:00\",\"dateModified\":\"2025-06-03T10:32:53+00:00\",\"breadcrumb\":{\"@id\":\"https:\\\/\\\/ludwig-witzani.de\\\/zu-den-grossen-traeumen\\\/buchempfehlungen\\\/einladung-nach-polen\\\/dabrowska-naechte-und-tage\\\/#breadcrumb\"},\"inLanguage\":\"de\",\"potentialAction\":[{\"@type\":\"ReadAction\",\"target\":[\"https:\\\/\\\/ludwig-witzani.de\\\/zu-den-grossen-traeumen\\\/buchempfehlungen\\\/einladung-nach-polen\\\/dabrowska-naechte-und-tage\\\/\"]}]},{\"@type\":\"ImageObject\",\"inLanguage\":\"de\",\"@id\":\"https:\\\/\\\/ludwig-witzani.de\\\/zu-den-grossen-traeumen\\\/buchempfehlungen\\\/einladung-nach-polen\\\/dabrowska-naechte-und-tage\\\/#primaryimage\",\"url\":\"http:\\\/\\\/ludwig-witzani.de\\\/wp-content\\\/uploads\\\/2014\\\/03\\\/IMG_0936-900x800.jpg\",\"contentUrl\":\"http:\\\/\\\/ludwig-witzani.de\\\/wp-content\\\/uploads\\\/2014\\\/03\\\/IMG_0936-900x800.jpg\"},{\"@type\":\"BreadcrumbList\",\"@id\":\"https:\\\/\\\/ludwig-witzani.de\\\/zu-den-grossen-traeumen\\\/buchempfehlungen\\\/einladung-nach-polen\\\/dabrowska-naechte-und-tage\\\/#breadcrumb\",\"itemListElement\":[{\"@type\":\"ListItem\",\"position\":1,\"name\":\"Startseite\",\"item\":\"https:\\\/\\\/ludwig-witzani.de\\\/zu-den-grossen-traeumen\\\/\"},{\"@type\":\"ListItem\",\"position\":2,\"name\":\"Reisebuchportal\",\"item\":\"https:\\\/\\\/ludwig-witzani.de\\\/zu-den-grossen-traeumen\\\/?page_id=151\"},{\"@type\":\"ListItem\",\"position\":3,\"name\":\"Einladung nach Polen\",\"item\":\"https:\\\/\\\/ludwig-witzani.de\\\/zu-den-grossen-traeumen\\\/?page_id=1393\"},{\"@type\":\"ListItem\",\"position\":4,\"name\":\"Dabrowska: N\u00e4chte und Tage\"}]},{\"@type\":\"WebSite\",\"@id\":\"https:\\\/\\\/ludwig-witzani.de\\\/zu-den-grossen-traeumen\\\/#website\",\"url\":\"https:\\\/\\\/ludwig-witzani.de\\\/zu-den-grossen-traeumen\\\/\",\"name\":\"Ludwig Witzani\",\"description\":\"World Wide Travel\",\"potentialAction\":[{\"@type\":\"SearchAction\",\"target\":{\"@type\":\"EntryPoint\",\"urlTemplate\":\"https:\\\/\\\/ludwig-witzani.de\\\/zu-den-grossen-traeumen\\\/?s={search_term_string}\"},\"query-input\":{\"@type\":\"PropertyValueSpecification\",\"valueRequired\":true,\"valueName\":\"search_term_string\"}}],\"inLanguage\":\"de\"}]}<\/script>\n<!-- \/ Yoast SEO plugin. -->","yoast_head_json":{"title":"Dabrowska: N\u00e4chte und Tage - Ludwig Witzani","robots":{"index":"index","follow":"follow","max-snippet":"max-snippet:-1","max-image-preview":"max-image-preview:large","max-video-preview":"max-video-preview:-1"},"canonical":"https:\/\/ludwig-witzani.de\/zu-den-grossen-traeumen\/buchempfehlungen\/einladung-nach-polen\/dabrowska-naechte-und-tage\/","og_locale":"de_DE","og_type":"article","og_title":"Dabrowska: N\u00e4chte und Tage - Ludwig Witzani","og_description":"Dabrowska: N\u00e4chte und Tage Die ma\u00dfgeblichen Werke der polnisch sprachigen Literatur sind leider nur sehr unvollst\u00e4ndig ins Deutsche \u00fcbersetzt. Das trifft nicht f\u00fcr den polnischen Nobelpreistr\u00e4ger Reymont ( &#8222;Die Bauern&#8220;, &#8222;Das gelobte Land&#8220;) sondern auch f\u00fcr Sienkiewicz (u.a. &#8222;Quo Vadis&#8220;) Boleslaw Pruz und Maria Dombowska zu. Das bek\u00fcmmert mein liebes polnischst\u00e4mmiges Weib, die es sich &hellip; Dabrowska: N\u00e4chte und Tage weiterlesen &rarr;","og_url":"https:\/\/ludwig-witzani.de\/zu-den-grossen-traeumen\/buchempfehlungen\/einladung-nach-polen\/dabrowska-naechte-und-tage\/","og_site_name":"Ludwig Witzani","article_modified_time":"2025-06-03T10:32:53+00:00","twitter_card":"summary_large_image","twitter_misc":{"Gesch\u00e4tzte Lesezeit":"2\u00a0Minuten"},"schema":{"@context":"https:\/\/schema.org","@graph":[{"@type":"WebPage","@id":"https:\/\/ludwig-witzani.de\/zu-den-grossen-traeumen\/buchempfehlungen\/einladung-nach-polen\/dabrowska-naechte-und-tage\/","url":"https:\/\/ludwig-witzani.de\/zu-den-grossen-traeumen\/buchempfehlungen\/einladung-nach-polen\/dabrowska-naechte-und-tage\/","name":"Dabrowska: N\u00e4chte und Tage - Ludwig Witzani","isPartOf":{"@id":"https:\/\/ludwig-witzani.de\/zu-den-grossen-traeumen\/#website"},"primaryImageOfPage":{"@id":"https:\/\/ludwig-witzani.de\/zu-den-grossen-traeumen\/buchempfehlungen\/einladung-nach-polen\/dabrowska-naechte-und-tage\/#primaryimage"},"image":{"@id":"https:\/\/ludwig-witzani.de\/zu-den-grossen-traeumen\/buchempfehlungen\/einladung-nach-polen\/dabrowska-naechte-und-tage\/#primaryimage"},"thumbnailUrl":"http:\/\/ludwig-witzani.de\/wp-content\/uploads\/2014\/03\/IMG_0936-900x800.jpg","datePublished":"2014-03-14T14:16:24+00:00","dateModified":"2025-06-03T10:32:53+00:00","breadcrumb":{"@id":"https:\/\/ludwig-witzani.de\/zu-den-grossen-traeumen\/buchempfehlungen\/einladung-nach-polen\/dabrowska-naechte-und-tage\/#breadcrumb"},"inLanguage":"de","potentialAction":[{"@type":"ReadAction","target":["https:\/\/ludwig-witzani.de\/zu-den-grossen-traeumen\/buchempfehlungen\/einladung-nach-polen\/dabrowska-naechte-und-tage\/"]}]},{"@type":"ImageObject","inLanguage":"de","@id":"https:\/\/ludwig-witzani.de\/zu-den-grossen-traeumen\/buchempfehlungen\/einladung-nach-polen\/dabrowska-naechte-und-tage\/#primaryimage","url":"http:\/\/ludwig-witzani.de\/wp-content\/uploads\/2014\/03\/IMG_0936-900x800.jpg","contentUrl":"http:\/\/ludwig-witzani.de\/wp-content\/uploads\/2014\/03\/IMG_0936-900x800.jpg"},{"@type":"BreadcrumbList","@id":"https:\/\/ludwig-witzani.de\/zu-den-grossen-traeumen\/buchempfehlungen\/einladung-nach-polen\/dabrowska-naechte-und-tage\/#breadcrumb","itemListElement":[{"@type":"ListItem","position":1,"name":"Startseite","item":"https:\/\/ludwig-witzani.de\/zu-den-grossen-traeumen\/"},{"@type":"ListItem","position":2,"name":"Reisebuchportal","item":"https:\/\/ludwig-witzani.de\/zu-den-grossen-traeumen\/?page_id=151"},{"@type":"ListItem","position":3,"name":"Einladung nach Polen","item":"https:\/\/ludwig-witzani.de\/zu-den-grossen-traeumen\/?page_id=1393"},{"@type":"ListItem","position":4,"name":"Dabrowska: N\u00e4chte und Tage"}]},{"@type":"WebSite","@id":"https:\/\/ludwig-witzani.de\/zu-den-grossen-traeumen\/#website","url":"https:\/\/ludwig-witzani.de\/zu-den-grossen-traeumen\/","name":"Ludwig Witzani","description":"World Wide Travel","potentialAction":[{"@type":"SearchAction","target":{"@type":"EntryPoint","urlTemplate":"https:\/\/ludwig-witzani.de\/zu-den-grossen-traeumen\/?s={search_term_string}"},"query-input":{"@type":"PropertyValueSpecification","valueRequired":true,"valueName":"search_term_string"}}],"inLanguage":"de"}]}},"jetpack_shortlink":"https:\/\/wp.me\/P4daYo-Mc","jetpack_sharing_enabled":true,"_links":{"self":[{"href":"https:\/\/ludwig-witzani.de\/zu-den-grossen-traeumen\/wp-json\/wp\/v2\/pages\/2988","targetHints":{"allow":["GET"]}}],"collection":[{"href":"https:\/\/ludwig-witzani.de\/zu-den-grossen-traeumen\/wp-json\/wp\/v2\/pages"}],"about":[{"href":"https:\/\/ludwig-witzani.de\/zu-den-grossen-traeumen\/wp-json\/wp\/v2\/types\/page"}],"author":[{"embeddable":true,"href":"https:\/\/ludwig-witzani.de\/zu-den-grossen-traeumen\/wp-json\/wp\/v2\/users\/2"}],"replies":[{"embeddable":true,"href":"https:\/\/ludwig-witzani.de\/zu-den-grossen-traeumen\/wp-json\/wp\/v2\/comments?post=2988"}],"version-history":[{"count":5,"href":"https:\/\/ludwig-witzani.de\/zu-den-grossen-traeumen\/wp-json\/wp\/v2\/pages\/2988\/revisions"}],"predecessor-version":[{"id":5920,"href":"https:\/\/ludwig-witzani.de\/zu-den-grossen-traeumen\/wp-json\/wp\/v2\/pages\/2988\/revisions\/5920"}],"up":[{"embeddable":true,"href":"https:\/\/ludwig-witzani.de\/zu-den-grossen-traeumen\/wp-json\/wp\/v2\/pages\/1393"}],"wp:attachment":[{"href":"https:\/\/ludwig-witzani.de\/zu-den-grossen-traeumen\/wp-json\/wp\/v2\/media?parent=2988"}],"curies":[{"name":"wp","href":"https:\/\/api.w.org\/{rel}","templated":true}]}}