{"id":2649,"date":"2014-03-14T05:30:29","date_gmt":"2014-03-14T05:30:29","guid":{"rendered":"http:\/\/ludwig-witzani.de\/?page_id=2649"},"modified":"2025-06-03T10:32:54","modified_gmt":"2025-06-03T10:32:54","slug":"manfred-alexander-kleine-geschichte-polens","status":"publish","type":"page","link":"https:\/\/ludwig-witzani.de\/zu-den-grossen-traeumen\/buchempfehlungen\/einladung-nach-polen\/manfred-alexander-kleine-geschichte-polens\/","title":{"rendered":"Manfred Alexander: Kleine Geschichte Polens"},"content":{"rendered":"<h3><a href=\"http:\/\/ludwig-witzani.de\/wp-content\/uploads\/2014\/03\/DSCN8809.jpg\"><img loading=\"lazy\" decoding=\"async\" class=\"aligncenter wp-image-2963\" src=\"http:\/\/ludwig-witzani.de\/wp-content\/uploads\/2014\/03\/DSCN8809-632x800.jpg\" alt=\"DSCN8809\" width=\"383\" height=\"485\" \/><\/a><\/h3>\n<h3>Manfred Alexander: Kleine Geschichte Polens<\/h3>\n<p><span style=\"color: #333333; font-family: Arial, 'Helvetica Neue', Helvetica, sans-serif; font-size: 14px; font-style: normal; font-variant: normal; font-weight: normal; letter-spacing: normal; line-height: 20px; orphans: auto; text-align: start; text-indent: 0px; text-transform: none; white-space: normal; widows: auto; word-spacing: 0px; -webkit-text-stroke-width: 0px; background-color: #ffffff; display: inline !important; float: none;\">Wen interessiert die polnische Geschichte? Oder die kroatische? Oder die rum\u00e4nische? Keine Sau, m\u00f6chte man antworten, weil diese V\u00f6lker nichts beigetragen haben zur Weltgeschichte? Falsch, ganz falsch &#8211; vor allem,\u00a0 was Polen betrifft. Denken wir nur an die &#8222;polnische Frage&#8220;, die die Gro\u00dfm\u00e4chte das ganze 19. Jhdt. in Atem hielt, an den Kriegsausbruch des 2. Weltkrieges, an den Polnischen Papst, an die erste Gewerkschaft, die im Ostblock das Machtmonopol der Betonkommunisten brach: die polnische Solidarnosc &#8211; und nicht zu vergessen: Jan III Sobieski, den polnischen K\u00f6nig, der das Abendland 1683 vor Wien vor den T\u00fcrken rettete. Das ist doch schon eine ganze Menge.<\/span><br style=\"color: #333333; font-family: Arial, 'Helvetica Neue', Helvetica, sans-serif; font-size: 14px; font-style: normal; font-variant: normal; font-weight: normal; letter-spacing: normal; line-height: 20px; orphans: auto; text-align: start; text-indent: 0px; text-transform: none; white-space: normal; widows: auto; word-spacing: 0px; -webkit-text-stroke-width: 0px; background-color: #ffffff;\" \/><span style=\"color: #333333; font-family: Arial, 'Helvetica Neue', Helvetica, sans-serif; font-size: 14px; font-style: normal; font-variant: normal; font-weight: normal; letter-spacing: normal; line-height: 20px; orphans: auto; text-align: start; text-indent: 0px; text-transform: none; white-space: normal; widows: auto; word-spacing: 0px; -webkit-text-stroke-width: 0px; background-color: #ffffff; display: inline !important; float: none;\">Wen nicht nur diese Highlights der polnischen Nationalgeschichte sondern auch das Allt\u00e4gliche, Schrille oder Tragische interessiert, der ist mit dem vorliegenden Buch von Manfred Alexander gut aufgeboben. Auf \u00fcber 400 Seiten erz\u00e4hlt der Autor die Geschichte des Polens von der ersten Dynastie der Piasten im 9. Jhdt. bis zum Untergang des Kommunismus im Jahre 1989. Was sind &#8211; in der Sichtweise des vorliegenden Buches &#8211; die Hauptetappen der polnischen Geschichte?<\/span><br style=\"color: #333333; font-family: Arial, 'Helvetica Neue', Helvetica, sans-serif; font-size: 14px; font-style: normal; font-variant: normal; font-weight: normal; letter-spacing: normal; line-height: 20px; orphans: auto; text-align: start; text-indent: 0px; text-transform: none; white-space: normal; widows: auto; word-spacing: 0px; -webkit-text-stroke-width: 0px; background-color: #ffffff;\" \/><span style=\"color: #333333; font-family: Arial, 'Helvetica Neue', Helvetica, sans-serif; font-size: 14px; font-style: normal; font-variant: normal; font-weight: normal; letter-spacing: normal; line-height: 20px; orphans: auto; text-align: start; text-indent: 0px; text-transform: none; white-space: normal; widows: auto; word-spacing: 0px; -webkit-text-stroke-width: 0px; background-color: #ffffff; display: inline !important; float: none;\">(1) Die Gr\u00fcndung Polens durch die Dynastie der Piasten (982-1370)- stark beeinflusst durch die B\u00f6hmen und dann durch die deutschen Kaiser wird der Stamm der Polanen christianisiert, entsteht das Erzbistum Gnesen und ein vom deutschen Kaiser unabh\u00e4ngiges K\u00f6nigtum.<\/span><br style=\"color: #333333; font-family: Arial, 'Helvetica Neue', Helvetica, sans-serif; font-size: 14px; font-style: normal; font-variant: normal; font-weight: normal; letter-spacing: normal; line-height: 20px; orphans: auto; text-align: start; text-indent: 0px; text-transform: none; white-space: normal; widows: auto; word-spacing: 0px; -webkit-text-stroke-width: 0px; background-color: #ffffff;\" \/><span style=\"color: #333333; font-family: Arial, 'Helvetica Neue', Helvetica, sans-serif; font-size: 14px; font-style: normal; font-variant: normal; font-weight: normal; letter-spacing: normal; line-height: 20px; orphans: auto; text-align: start; text-indent: 0px; text-transform: none; white-space: normal; widows: auto; word-spacing: 0px; -webkit-text-stroke-width: 0px; background-color: #ffffff; display: inline !important; float: none;\">(2) Die Epoche der Jagiellonen und die Union mit Litauen, die Polens goldene Zeit einleitete: den Sieg \u00fcber den deutschen Ritterorden (Tannenberg 1410) und eine Gro\u00dfmachtstellung, die die<\/span><\/p>\n<figure id=\"attachment_5921\" aria-describedby=\"caption-attachment-5921\" style=\"width: 296px\" class=\"wp-caption alignright\"><img loading=\"lazy\" decoding=\"async\" class=\"wp-image-5921\" src=\"http:\/\/ludwig-witzani.de\/wp-content\/uploads\/2014\/03\/image094g-600x800.jpg\" alt=\"OLYMPUS DIGITAL CAMERA\" width=\"296\" height=\"395\" \/><figcaption id=\"caption-attachment-5921\" class=\"wp-caption-text\">OLYMPUS DIGITAL CAMERA<\/figcaption><\/figure>\n<p><span style=\"color: #333333; font-family: Arial, 'Helvetica Neue', Helvetica, sans-serif; font-size: 14px; font-style: normal; font-variant: normal; font-weight: normal; letter-spacing: normal; line-height: 20px; orphans: auto; text-align: start; text-indent: 0px; text-transform: none; white-space: normal; widows: auto; word-spacing: 0px; -webkit-text-stroke-width: 0px; background-color: #ffffff; display: inline !important; float: none;\">Jagellionen bef\u00e4higte, auch auf die ungarischen und b\u00f6hmischen Throne \u00fcberzugreifen (1386-1572)<\/span> So machtvoll sich das polnische K\u00f6nigtum aber nach au\u00dfen auch pr\u00e4sentierte &#8211; eine verh\u00e4gnisvolle Entwicklung beginnt gerade in dieser Zeit:\u00a0 Im Unterschied zu Mitteleuropa kommt es in den St\u00e4dten Polens nicht zur Ausbildung einer lebensf\u00e4higen und geschichtiche wirksamen B\u00fcrgerschaft, weil diese Funktionen von deutschen und j\u00fcdischen H\u00e4ndlern eingenommen wurden (die dazu auch noch von dem polnischen Adel privilegiert wurden). <br style=\"color: #333333; font-family: Arial, 'Helvetica Neue', Helvetica, sans-serif; font-size: 14px; font-style: normal; font-variant: normal; font-weight: normal; letter-spacing: normal; line-height: 20px; orphans: auto; text-align: start; text-indent: 0px; text-transform: none; white-space: normal; widows: auto; word-spacing: 0px; -webkit-text-stroke-width: 0px; background-color: #ffffff;\" \/><span style=\"color: #333333; font-family: Arial, 'Helvetica Neue', Helvetica, sans-serif; font-size: 14px; font-style: normal; font-variant: normal; font-weight: normal; letter-spacing: normal; line-height: 20px; orphans: auto; text-align: start; text-indent: 0px; text-transform: none; white-space: normal; widows: auto; word-spacing: 0px; -webkit-text-stroke-width: 0px; background-color: #ffffff; display: inline !important; float: none;\">(3) Die Zeit des Niederganges (1572-1795), in dem eine eigens\u00fcchtige Adelsschaft jeden Reformversuch des K\u00f6nigtums verhinderte, bis das Land schlie\u00dflich zersplittert und geschw\u00e4cht in den drei polnischen Teilungen von der Landkarte verschwand<\/span><br style=\"color: #333333; font-family: Arial, 'Helvetica Neue', Helvetica, sans-serif; font-size: 14px; font-style: normal; font-variant: normal; font-weight: normal; letter-spacing: normal; line-height: 20px; orphans: auto; text-align: start; text-indent: 0px; text-transform: none; white-space: normal; widows: auto; word-spacing: 0px; -webkit-text-stroke-width: 0px; background-color: #ffffff;\" \/><span style=\"color: #333333; font-family: Arial, 'Helvetica Neue', Helvetica, sans-serif; font-size: 14px; font-style: normal; font-variant: normal; font-weight: normal; letter-spacing: normal; line-height: 20px; orphans: auto; text-align: start; text-indent: 0px; text-transform: none; white-space: normal; widows: auto; word-spacing: 0px; -webkit-text-stroke-width: 0px; background-color: #ffffff; display: inline !important; float: none;\">(4) Die staatenlose Zeit ( 1796-1918), in der die Polen \u00fcberall in Europa zum Ferment der Revolution werden, ohne doch wirklich ihren Staat restituieren zu k\u00f6nnen. Mehr noch: die Zeit der polnischen Teilungen f\u00fchrt zur Entfremdung der einstmals vereinigten Polen, Ukrainern und Wei\u00dfrussen, die unter preu\u00dfischen, \u00f6sterreichischen und russischen Flaggen ganz unterschiedliche Schicksale durchleiden.<\/span><br style=\"color: #333333; font-family: Arial, 'Helvetica Neue', Helvetica, sans-serif; font-size: 14px; font-style: normal; font-variant: normal; font-weight: normal; letter-spacing: normal; line-height: 20px; orphans: auto; text-align: start; text-indent: 0px; text-transform: none; white-space: normal; widows: auto; word-spacing: 0px; -webkit-text-stroke-width: 0px; background-color: #ffffff;\" \/><span style=\"color: #333333; font-family: Arial, 'Helvetica Neue', Helvetica, sans-serif; font-size: 14px; font-style: normal; font-variant: normal; font-weight: normal; letter-spacing: normal; line-height: 20px; orphans: auto; text-align: start; text-indent: 0px; text-transform: none; white-space: normal; widows: auto; word-spacing: 0px; -webkit-text-stroke-width: 0px; background-color: #ffffff; display: inline !important; float: none;\">(5) Die Episode des polnischen Nationalstaates ( 1918-1939), der nach dem ersten Weltkrieg und dem Untergang der Teilungsm\u00e4chte Deutschland, Russland und \u00d6sterreich entstand und der in Wahrheit ein r\u00e4uberischer Vielv\u00f6lkerstaat war, der Litauer, Ukrainer, Juden und Deutsche gewaltsam unters polnische Joch zwang und sich damit als expansionistischer Staat die Feindschaft aller Nachbarstaaten zuzog,<\/span><br style=\"color: #333333; font-family: Arial, 'Helvetica Neue', Helvetica, sans-serif; font-size: 14px; font-style: normal; font-variant: normal; font-weight: normal; letter-spacing: normal; line-height: 20px; orphans: auto; text-align: start; text-indent: 0px; text-transform: none; white-space: normal; widows: auto; word-spacing: 0px; -webkit-text-stroke-width: 0px; background-color: #ffffff;\" \/><span style=\"color: #333333; font-family: Arial, 'Helvetica Neue', Helvetica, sans-serif; font-size: 14px; font-style: normal; font-variant: normal; font-weight: normal; letter-spacing: normal; line-height: 20px; orphans: auto; text-align: start; text-indent: 0px; text-transform: none; white-space: normal; widows: auto; word-spacing: 0px; -webkit-text-stroke-width: 0px; background-color: #ffffff; display: inline !important; float: none;\">(6) Polen am Rande des Unterganges im 2. Weltkrieg (1939-45), als nach der vierten polnischen Teilung ein Viertel des Volkes durch die nationalsozialistische Mordmaschinerie ermordet wurde und<\/span><br style=\"color: #333333; font-family: Arial, 'Helvetica Neue', Helvetica, sans-serif; font-size: 14px; font-style: normal; font-variant: normal; font-weight: normal; letter-spacing: normal; line-height: 20px; orphans: auto; text-align: start; text-indent: 0px; text-transform: none; white-space: normal; widows: auto; word-spacing: 0px; -webkit-text-stroke-width: 0px; background-color: #ffffff;\" \/><span style=\"color: #333333; font-family: Arial, 'Helvetica Neue', Helvetica, sans-serif; font-size: 14px; font-style: normal; font-variant: normal; font-weight: normal; letter-spacing: normal; line-height: 20px; orphans: auto; text-align: start; text-indent: 0px; text-transform: none; white-space: normal; widows: auto; word-spacing: 0px; -webkit-text-stroke-width: 0px; background-color: #ffffff; display: inline !important; float: none;\">(7) die Zeit der Kommunistischen Herrschaft bis zur Wende von 1989, die das Land vollends proletarisierte und ver\u00f6dete.<\/span><br style=\"color: #333333; font-family: Arial, 'Helvetica Neue', Helvetica, sans-serif; font-size: 14px; font-style: normal; font-variant: normal; font-weight: normal; letter-spacing: normal; line-height: 20px; orphans: auto; text-align: start; text-indent: 0px; text-transform: none; white-space: normal; widows: auto; word-spacing: 0px; -webkit-text-stroke-width: 0px; background-color: #ffffff;\" \/><span style=\"color: #333333; font-family: Arial, 'Helvetica Neue', Helvetica, sans-serif; font-size: 14px; font-style: normal; font-variant: normal; font-weight: normal; letter-spacing: normal; line-height: 20px; orphans: auto; text-align: start; text-indent: 0px; text-transform: none; white-space: normal; widows: auto; word-spacing: 0px; -webkit-text-stroke-width: 0px; background-color: #ffffff; display: inline !important; float: none;\">Man sieht, es ist eine tragische Geschichte ohne Happy End, die das Land im Jahre 1989 auf einen vollst\u00e4ndigen Neuanfang verweist. Trotzdem bietet das Buch ein imponierendes historisches Panorama von \u00fcber 1000 Jahren Geschichte eines Kulturvolkes zwischen Deutschen und Russen, das sich trotz aller Unw\u00e4gbarkeiten schlie\u00dflich in die Europ\u00e4ische Union rettete. Das Buch ist anspruchsvoll und zugleich verst\u00e4ndlich geschrieben, eine ideale Einf\u00fchrung f\u00fcr alle, die sich vielleicht im Rahmen einer Polen Reise f\u00fcr dieses Land interessieren.<\/span><\/p>\n<p><img loading=\"lazy\" decoding=\"async\" class=\"aligncenter size-full wp-image-5922\" src=\"http:\/\/ludwig-witzani.de\/wp-content\/uploads\/2014\/03\/b-05.jpg\" alt=\"b (05)\" width=\"800\" height=\"523\" srcset=\"https:\/\/ludwig-witzani.de\/wp-content\/uploads\/2014\/03\/b-05.jpg 800w, https:\/\/ludwig-witzani.de\/wp-content\/uploads\/2014\/03\/b-05-768x502.jpg 768w\" sizes=\"auto, (max-width: 800px) 100vw, 800px\" \/><\/p>\n","protected":false},"excerpt":{"rendered":"<p>Manfred Alexander: Kleine Geschichte Polens Wen interessiert die polnische Geschichte? Oder die kroatische? Oder die rum\u00e4nische? Keine Sau, m\u00f6chte man antworten, weil diese V\u00f6lker nichts beigetragen haben zur Weltgeschichte? Falsch, ganz falsch &#8211; vor allem,\u00a0 was Polen betrifft. Denken wir nur an die &#8222;polnische Frage&#8220;, die die Gro\u00dfm\u00e4chte das ganze 19. Jhdt. in Atem hielt, &hellip; <a href=\"https:\/\/ludwig-witzani.de\/zu-den-grossen-traeumen\/buchempfehlungen\/einladung-nach-polen\/manfred-alexander-kleine-geschichte-polens\/\" class=\"more-link\"><span class=\"screen-reader-text\">Manfred Alexander: Kleine Geschichte Polens<\/span> weiterlesen <span class=\"meta-nav\">&rarr;<\/span><\/a><\/p>\n","protected":false},"author":2,"featured_media":0,"parent":1393,"menu_order":3,"comment_status":"open","ping_status":"open","template":"","meta":{"ngg_post_thumbnail":0,"jetpack_post_was_ever_published":false,"footnotes":""},"class_list":["post-2649","page","type-page","status-publish","hentry"],"yoast_head":"<!-- This site is optimized with the Yoast SEO plugin v27.3 - https:\/\/yoast.com\/product\/yoast-seo-wordpress\/ -->\n<title>Manfred Alexander: Kleine Geschichte Polens - Ludwig Witzani<\/title>\n<meta name=\"robots\" content=\"index, follow, max-snippet:-1, max-image-preview:large, max-video-preview:-1\" \/>\n<link rel=\"canonical\" href=\"https:\/\/ludwig-witzani.de\/zu-den-grossen-traeumen\/buchempfehlungen\/einladung-nach-polen\/manfred-alexander-kleine-geschichte-polens\/\" \/>\n<meta property=\"og:locale\" content=\"de_DE\" \/>\n<meta property=\"og:type\" content=\"article\" \/>\n<meta property=\"og:title\" content=\"Manfred Alexander: Kleine Geschichte Polens - Ludwig Witzani\" \/>\n<meta property=\"og:description\" content=\"Manfred Alexander: Kleine Geschichte Polens Wen interessiert die polnische Geschichte? Oder die kroatische? Oder die rum\u00e4nische? Keine Sau, m\u00f6chte man antworten, weil diese V\u00f6lker nichts beigetragen haben zur Weltgeschichte? Falsch, ganz falsch &#8211; vor allem,\u00a0 was Polen betrifft. Denken wir nur an die &#8222;polnische Frage&#8220;, die die Gro\u00dfm\u00e4chte das ganze 19. Jhdt. in Atem hielt, &hellip; Manfred Alexander: Kleine Geschichte Polens weiterlesen &rarr;\" \/>\n<meta property=\"og:url\" content=\"https:\/\/ludwig-witzani.de\/zu-den-grossen-traeumen\/buchempfehlungen\/einladung-nach-polen\/manfred-alexander-kleine-geschichte-polens\/\" \/>\n<meta property=\"og:site_name\" content=\"Ludwig Witzani\" \/>\n<meta property=\"article:modified_time\" content=\"2025-06-03T10:32:54+00:00\" \/>\n<meta name=\"twitter:card\" content=\"summary_large_image\" \/>\n<meta name=\"twitter:label1\" content=\"Gesch\u00e4tzte Lesezeit\" \/>\n\t<meta name=\"twitter:data1\" content=\"3\u00a0Minuten\" \/>\n<script type=\"application\/ld+json\" class=\"yoast-schema-graph\">{\"@context\":\"https:\\\/\\\/schema.org\",\"@graph\":[{\"@type\":\"WebPage\",\"@id\":\"https:\\\/\\\/ludwig-witzani.de\\\/zu-den-grossen-traeumen\\\/buchempfehlungen\\\/einladung-nach-polen\\\/manfred-alexander-kleine-geschichte-polens\\\/\",\"url\":\"https:\\\/\\\/ludwig-witzani.de\\\/zu-den-grossen-traeumen\\\/buchempfehlungen\\\/einladung-nach-polen\\\/manfred-alexander-kleine-geschichte-polens\\\/\",\"name\":\"Manfred Alexander: Kleine Geschichte Polens - Ludwig Witzani\",\"isPartOf\":{\"@id\":\"https:\\\/\\\/ludwig-witzani.de\\\/zu-den-grossen-traeumen\\\/#website\"},\"primaryImageOfPage\":{\"@id\":\"https:\\\/\\\/ludwig-witzani.de\\\/zu-den-grossen-traeumen\\\/buchempfehlungen\\\/einladung-nach-polen\\\/manfred-alexander-kleine-geschichte-polens\\\/#primaryimage\"},\"image\":{\"@id\":\"https:\\\/\\\/ludwig-witzani.de\\\/zu-den-grossen-traeumen\\\/buchempfehlungen\\\/einladung-nach-polen\\\/manfred-alexander-kleine-geschichte-polens\\\/#primaryimage\"},\"thumbnailUrl\":\"http:\\\/\\\/ludwig-witzani.de\\\/wp-content\\\/uploads\\\/2014\\\/03\\\/DSCN8809-632x800.jpg\",\"datePublished\":\"2014-03-14T05:30:29+00:00\",\"dateModified\":\"2025-06-03T10:32:54+00:00\",\"breadcrumb\":{\"@id\":\"https:\\\/\\\/ludwig-witzani.de\\\/zu-den-grossen-traeumen\\\/buchempfehlungen\\\/einladung-nach-polen\\\/manfred-alexander-kleine-geschichte-polens\\\/#breadcrumb\"},\"inLanguage\":\"de\",\"potentialAction\":[{\"@type\":\"ReadAction\",\"target\":[\"https:\\\/\\\/ludwig-witzani.de\\\/zu-den-grossen-traeumen\\\/buchempfehlungen\\\/einladung-nach-polen\\\/manfred-alexander-kleine-geschichte-polens\\\/\"]}]},{\"@type\":\"ImageObject\",\"inLanguage\":\"de\",\"@id\":\"https:\\\/\\\/ludwig-witzani.de\\\/zu-den-grossen-traeumen\\\/buchempfehlungen\\\/einladung-nach-polen\\\/manfred-alexander-kleine-geschichte-polens\\\/#primaryimage\",\"url\":\"http:\\\/\\\/ludwig-witzani.de\\\/wp-content\\\/uploads\\\/2014\\\/03\\\/DSCN8809-632x800.jpg\",\"contentUrl\":\"http:\\\/\\\/ludwig-witzani.de\\\/wp-content\\\/uploads\\\/2014\\\/03\\\/DSCN8809-632x800.jpg\"},{\"@type\":\"BreadcrumbList\",\"@id\":\"https:\\\/\\\/ludwig-witzani.de\\\/zu-den-grossen-traeumen\\\/buchempfehlungen\\\/einladung-nach-polen\\\/manfred-alexander-kleine-geschichte-polens\\\/#breadcrumb\",\"itemListElement\":[{\"@type\":\"ListItem\",\"position\":1,\"name\":\"Startseite\",\"item\":\"https:\\\/\\\/ludwig-witzani.de\\\/zu-den-grossen-traeumen\\\/\"},{\"@type\":\"ListItem\",\"position\":2,\"name\":\"Reisebuchportal\",\"item\":\"https:\\\/\\\/ludwig-witzani.de\\\/zu-den-grossen-traeumen\\\/?page_id=151\"},{\"@type\":\"ListItem\",\"position\":3,\"name\":\"Einladung nach Polen\",\"item\":\"https:\\\/\\\/ludwig-witzani.de\\\/zu-den-grossen-traeumen\\\/?page_id=1393\"},{\"@type\":\"ListItem\",\"position\":4,\"name\":\"Manfred Alexander: Kleine Geschichte Polens\"}]},{\"@type\":\"WebSite\",\"@id\":\"https:\\\/\\\/ludwig-witzani.de\\\/zu-den-grossen-traeumen\\\/#website\",\"url\":\"https:\\\/\\\/ludwig-witzani.de\\\/zu-den-grossen-traeumen\\\/\",\"name\":\"Ludwig Witzani\",\"description\":\"World Wide Travel\",\"potentialAction\":[{\"@type\":\"SearchAction\",\"target\":{\"@type\":\"EntryPoint\",\"urlTemplate\":\"https:\\\/\\\/ludwig-witzani.de\\\/zu-den-grossen-traeumen\\\/?s={search_term_string}\"},\"query-input\":{\"@type\":\"PropertyValueSpecification\",\"valueRequired\":true,\"valueName\":\"search_term_string\"}}],\"inLanguage\":\"de\"}]}<\/script>\n<!-- \/ Yoast SEO plugin. -->","yoast_head_json":{"title":"Manfred Alexander: Kleine Geschichte Polens - Ludwig Witzani","robots":{"index":"index","follow":"follow","max-snippet":"max-snippet:-1","max-image-preview":"max-image-preview:large","max-video-preview":"max-video-preview:-1"},"canonical":"https:\/\/ludwig-witzani.de\/zu-den-grossen-traeumen\/buchempfehlungen\/einladung-nach-polen\/manfred-alexander-kleine-geschichte-polens\/","og_locale":"de_DE","og_type":"article","og_title":"Manfred Alexander: Kleine Geschichte Polens - Ludwig Witzani","og_description":"Manfred Alexander: Kleine Geschichte Polens Wen interessiert die polnische Geschichte? Oder die kroatische? Oder die rum\u00e4nische? Keine Sau, m\u00f6chte man antworten, weil diese V\u00f6lker nichts beigetragen haben zur Weltgeschichte? Falsch, ganz falsch &#8211; vor allem,\u00a0 was Polen betrifft. Denken wir nur an die &#8222;polnische Frage&#8220;, die die Gro\u00dfm\u00e4chte das ganze 19. Jhdt. in Atem hielt, &hellip; Manfred Alexander: Kleine Geschichte Polens weiterlesen &rarr;","og_url":"https:\/\/ludwig-witzani.de\/zu-den-grossen-traeumen\/buchempfehlungen\/einladung-nach-polen\/manfred-alexander-kleine-geschichte-polens\/","og_site_name":"Ludwig Witzani","article_modified_time":"2025-06-03T10:32:54+00:00","twitter_card":"summary_large_image","twitter_misc":{"Gesch\u00e4tzte Lesezeit":"3\u00a0Minuten"},"schema":{"@context":"https:\/\/schema.org","@graph":[{"@type":"WebPage","@id":"https:\/\/ludwig-witzani.de\/zu-den-grossen-traeumen\/buchempfehlungen\/einladung-nach-polen\/manfred-alexander-kleine-geschichte-polens\/","url":"https:\/\/ludwig-witzani.de\/zu-den-grossen-traeumen\/buchempfehlungen\/einladung-nach-polen\/manfred-alexander-kleine-geschichte-polens\/","name":"Manfred Alexander: Kleine Geschichte Polens - Ludwig Witzani","isPartOf":{"@id":"https:\/\/ludwig-witzani.de\/zu-den-grossen-traeumen\/#website"},"primaryImageOfPage":{"@id":"https:\/\/ludwig-witzani.de\/zu-den-grossen-traeumen\/buchempfehlungen\/einladung-nach-polen\/manfred-alexander-kleine-geschichte-polens\/#primaryimage"},"image":{"@id":"https:\/\/ludwig-witzani.de\/zu-den-grossen-traeumen\/buchempfehlungen\/einladung-nach-polen\/manfred-alexander-kleine-geschichte-polens\/#primaryimage"},"thumbnailUrl":"http:\/\/ludwig-witzani.de\/wp-content\/uploads\/2014\/03\/DSCN8809-632x800.jpg","datePublished":"2014-03-14T05:30:29+00:00","dateModified":"2025-06-03T10:32:54+00:00","breadcrumb":{"@id":"https:\/\/ludwig-witzani.de\/zu-den-grossen-traeumen\/buchempfehlungen\/einladung-nach-polen\/manfred-alexander-kleine-geschichte-polens\/#breadcrumb"},"inLanguage":"de","potentialAction":[{"@type":"ReadAction","target":["https:\/\/ludwig-witzani.de\/zu-den-grossen-traeumen\/buchempfehlungen\/einladung-nach-polen\/manfred-alexander-kleine-geschichte-polens\/"]}]},{"@type":"ImageObject","inLanguage":"de","@id":"https:\/\/ludwig-witzani.de\/zu-den-grossen-traeumen\/buchempfehlungen\/einladung-nach-polen\/manfred-alexander-kleine-geschichte-polens\/#primaryimage","url":"http:\/\/ludwig-witzani.de\/wp-content\/uploads\/2014\/03\/DSCN8809-632x800.jpg","contentUrl":"http:\/\/ludwig-witzani.de\/wp-content\/uploads\/2014\/03\/DSCN8809-632x800.jpg"},{"@type":"BreadcrumbList","@id":"https:\/\/ludwig-witzani.de\/zu-den-grossen-traeumen\/buchempfehlungen\/einladung-nach-polen\/manfred-alexander-kleine-geschichte-polens\/#breadcrumb","itemListElement":[{"@type":"ListItem","position":1,"name":"Startseite","item":"https:\/\/ludwig-witzani.de\/zu-den-grossen-traeumen\/"},{"@type":"ListItem","position":2,"name":"Reisebuchportal","item":"https:\/\/ludwig-witzani.de\/zu-den-grossen-traeumen\/?page_id=151"},{"@type":"ListItem","position":3,"name":"Einladung nach Polen","item":"https:\/\/ludwig-witzani.de\/zu-den-grossen-traeumen\/?page_id=1393"},{"@type":"ListItem","position":4,"name":"Manfred Alexander: Kleine Geschichte Polens"}]},{"@type":"WebSite","@id":"https:\/\/ludwig-witzani.de\/zu-den-grossen-traeumen\/#website","url":"https:\/\/ludwig-witzani.de\/zu-den-grossen-traeumen\/","name":"Ludwig Witzani","description":"World Wide Travel","potentialAction":[{"@type":"SearchAction","target":{"@type":"EntryPoint","urlTemplate":"https:\/\/ludwig-witzani.de\/zu-den-grossen-traeumen\/?s={search_term_string}"},"query-input":{"@type":"PropertyValueSpecification","valueRequired":true,"valueName":"search_term_string"}}],"inLanguage":"de"}]}},"jetpack_shortlink":"https:\/\/wp.me\/P4daYo-GJ","jetpack_sharing_enabled":true,"_links":{"self":[{"href":"https:\/\/ludwig-witzani.de\/zu-den-grossen-traeumen\/wp-json\/wp\/v2\/pages\/2649","targetHints":{"allow":["GET"]}}],"collection":[{"href":"https:\/\/ludwig-witzani.de\/zu-den-grossen-traeumen\/wp-json\/wp\/v2\/pages"}],"about":[{"href":"https:\/\/ludwig-witzani.de\/zu-den-grossen-traeumen\/wp-json\/wp\/v2\/types\/page"}],"author":[{"embeddable":true,"href":"https:\/\/ludwig-witzani.de\/zu-den-grossen-traeumen\/wp-json\/wp\/v2\/users\/2"}],"replies":[{"embeddable":true,"href":"https:\/\/ludwig-witzani.de\/zu-den-grossen-traeumen\/wp-json\/wp\/v2\/comments?post=2649"}],"version-history":[{"count":4,"href":"https:\/\/ludwig-witzani.de\/zu-den-grossen-traeumen\/wp-json\/wp\/v2\/pages\/2649\/revisions"}],"predecessor-version":[{"id":5923,"href":"https:\/\/ludwig-witzani.de\/zu-den-grossen-traeumen\/wp-json\/wp\/v2\/pages\/2649\/revisions\/5923"}],"up":[{"embeddable":true,"href":"https:\/\/ludwig-witzani.de\/zu-den-grossen-traeumen\/wp-json\/wp\/v2\/pages\/1393"}],"wp:attachment":[{"href":"https:\/\/ludwig-witzani.de\/zu-den-grossen-traeumen\/wp-json\/wp\/v2\/media?parent=2649"}],"curies":[{"name":"wp","href":"https:\/\/api.w.org\/{rel}","templated":true}]}}