{"id":2646,"date":"2014-03-14T05:23:58","date_gmt":"2014-03-14T05:23:58","guid":{"rendered":"http:\/\/ludwig-witzani.de\/?page_id=2646"},"modified":"2025-06-03T10:32:54","modified_gmt":"2025-06-03T10:32:54","slug":"andreji-szczypiorski-die-schoene-frau-seidelmann","status":"publish","type":"page","link":"https:\/\/ludwig-witzani.de\/zu-den-grossen-traeumen\/buchempfehlungen\/einladung-nach-polen\/andreji-szczypiorski-die-schoene-frau-seidelmann\/","title":{"rendered":"Andreji Szczypiorski: Die sch\u00f6ne Frau Seidelmann"},"content":{"rendered":"<h3><a href=\"http:\/\/ludwig-witzani.de\/wp-content\/uploads\/2014\/03\/DSCN8798.jpg\"><img loading=\"lazy\" decoding=\"async\" class=\"aligncenter  wp-image-2970\" alt=\"DSCN8798\" src=\"http:\/\/ludwig-witzani.de\/wp-content\/uploads\/2014\/03\/DSCN8798-696x800.jpg\" width=\"411\" height=\"472\" \/><\/a><\/h3>\n<h3>Andreji Szczypiorski: Die sch\u00f6ne Frau Seidelmann<\/h3>\n<p><span style=\"color: #333333; font-family: Arial, 'Helvetica Neue', Helvetica, sans-serif; font-size: 14px; font-style: normal; font-variant: normal; font-weight: normal; letter-spacing: normal; line-height: 20px; orphans: auto; text-align: start; text-indent: 0px; text-transform: none; white-space: normal; widows: auto; word-spacing: 0px; -webkit-text-stroke-width: 0px; background-color: #ffffff; display: inline !important; float: none;\">Wie passen Bildung und Geistesart der deutschen Klassik mit der Inhumanit\u00e4t und Bestialit\u00e4t des nationalsozialistischen Massenmordes zusammen? Diese Frage thematisiert\u00a0 das weltweit diskutierte Werk &#8222;Die Wohlgesinnten&#8220; von Jonathan Littell. Wie aber funktionieren Durchschnittlichkeit, Schlitzohrigkeit, G\u00fcte und Starrsinn &#8211; kurz: die Ingredienzien der menschlichen Normalit\u00e4t in die Welt des Holocaust? Diese nicht minder er\u00f6rternswerte Frage behandelt der polnische Autor Andreji Szczypiorski in seinem Buch &#8222;Die sch\u00f6ne Frau Seidelmann&#8220; &#8211; und noch vieles mehr!<\/span><br style=\"color: #333333; font-family: Arial, 'Helvetica Neue', Helvetica, sans-serif; font-size: 14px; font-style: normal; font-variant: normal; font-weight: normal; letter-spacing: normal; line-height: 20px; orphans: auto; text-align: start; text-indent: 0px; text-transform: none; white-space: normal; widows: auto; word-spacing: 0px; -webkit-text-stroke-width: 0px; background-color: #ffffff;\" \/><span style=\"color: #333333; font-family: Arial, 'Helvetica Neue', Helvetica, sans-serif; font-size: 14px; font-style: normal; font-variant: normal; font-weight: normal; letter-spacing: normal; line-height: 20px; orphans: auto; text-align: start; text-indent: 0px; text-transform: none; white-space: normal; widows: auto; word-spacing: 0px; -webkit-text-stroke-width: 0px; background-color: #ffffff; display: inline !important; float: none;\">Die sch\u00f6ne Frau Seidelmann, die Witwe des j\u00fcdischen Arztes Ignacy Seidelmann, wird im Jahre 1943 auf der Stra\u00dfe in Warschau von dem j\u00fcdische Denunzianten Bronek Blutmann als J\u00fcdin identifiziert und der deutschen Besatzungspolizei \u00fcbergeben. Ihr Schicksal scheint besiegelt, doch ehe man sich versieht, setzt sich ein R\u00e4derwerk der Mitmenschlichkeit und der Mauschelei in Gang, an deren Ende die sch\u00f6ne Frau Seidelmann aus dem Gef\u00e4ngnis entlassen wird und den Holocaust \u00fcberlebt. Diese Rettungsgeschichte der sch\u00f6nen Frau Seidelmann (und der j\u00fcdischen Waisen Joasia) aber bildet nur das B\u00fchnenbild f\u00fcr die kapitelweise Vorstellung eines ganzen Pottpouris polnischer Menschen, die vor dem Horizont des Grauens mit mehr oder weniger Erfolg versuchen, ihr Leben zu retten. Der Schneider Kujawski, der Eisenbahner Filip, der einsame Dr.Kordes, der Deutschpole M\u00fcller, der junge Pawelek, der Bandit Suchowiak, der hochbegabte Henio Fichtelbaum, die Nonne Weronika, der ehrenwerte Richter Romnicki und viele andere agieren in dem vorliegendes Buch jeder f\u00fcr sich in ihrem eigenen Universum voller Eigenheiten, Hoffnungen und \u00c4ngsten, die sie mal in die Rettung, mal in den Tod f\u00fchren. Aber was immer den Figuren auch widerf\u00e4hrt, wie es dem Autor gelingt, jede dieser Personen mit wenigen S\u00e4tzen liebevoll und unverwechselbar zugleich zu skizzieren, geh\u00f6rt zu den kleinen Wundern dieses gro\u00dfen Buches. Hier ist ein gro\u00dfer Psychologe und Literat am Werke.<\/span><br style=\"color: #333333; font-family: Arial, 'Helvetica Neue', Helvetica, sans-serif; font-size: 14px; font-style: normal; font-variant: normal; font-weight: normal; letter-spacing: normal; line-height: 20px; orphans: auto; text-align: start; text-indent: 0px; text-transform: none; white-space: normal; widows: auto; word-spacing: 0px; -webkit-text-stroke-width: 0px; background-color: #ffffff;\" \/><span style=\"color: #333333; font-family: Arial, 'Helvetica Neue', Helvetica, sans-serif; font-size: 14px; font-style: normal; font-variant: normal; font-weight: normal; letter-spacing: normal; line-height: 20px; orphans: auto; text-align: start; text-indent: 0px; text-transform: none; white-space: normal; widows: auto; word-spacing: 0px; -webkit-text-stroke-width: 0px; background-color: #ffffff; display: inline !important; float: none;\">Aber das Buch bietet nicht nur eine raffiniert durchkomponierte und packende Beschreibung eines makabren Totentanzes in der Endphase des Zweiten Weltkrieges mit zahlreichen Ausblicken auf die nachfolgende kommunistische \u00c4ra, sondern auch literarische Reflexionen \u00fcber Polen, Deutsche, Russen und Juden, wie man sie in dieser Durchdachtheit und Pr\u00e4gnanz noch nicht gelesen hat. Die Deutschen, schreibt Szczypiorski, k\u00f6nnen alles besser, besser schreiben, besser musizieren, besser arbeiten und besser t\u00f6ten, w\u00e4hrend im &#8222;Moskowiter&#8220; stets das unberechenbare Qu\u00e4ntchen Wahnsinn lauert, aus dem aber auch dann und wann &#8222;ein klein wenig von der einfachen Menschenseele sickert&#8220; (S. 145). Was aber bedeutet Polen zwischen diesen beiden M\u00fchlsteinen? F\u00fcr Szczypiorski ist es der Gro\u00dfraum, wo der Tatar gen Mekka betete, der Deutsche seinen Luther las, der Jude die Thora verehrte und der Pole seine Kerzen vor der Madonna von Tschenstochau anz\u00fcndete, es ist &#8222;<em>die Achse des Weltalls, wo sich das T\u00f6richte und das Erhabene verflochten, der nichtsw\u00fcrdigste Verrat mit der reinsten Selbstaufopferung. An dieser einzigen Stelle blickte die wilde, br\u00e4unliche und durchtriebene Schnauze Asiens seit undenklichen Zeiten von nahem in die fette, anma\u00dfende und dumme Fresse Europas, hier und nirgendwo sonst schauten die verronnenen und sensiblen Augen Asiens in die vern\u00fcnftigen Augen Europas. Hier war der Mittelpunkt der Erde, die Achse des Weltalls, wo der Westen den Osten in die Arme nahm und der Norden dem S\u00fcden die Hand entgegenstreckte.&#8220; ( S. 52f.)<\/em><\/span><br style=\"color: #333333; font-family: Arial, 'Helvetica Neue', Helvetica, sans-serif; font-size: 14px; font-style: normal; font-variant: normal; font-weight: normal; letter-spacing: normal; line-height: 20px; orphans: auto; text-align: start; text-indent: 0px; text-transform: none; white-space: normal; widows: auto; word-spacing: 0px; -webkit-text-stroke-width: 0px; background-color: #ffffff;\" \/><span style=\"color: #333333; font-family: Arial, 'Helvetica Neue', Helvetica, sans-serif; font-size: 14px; font-style: normal; font-variant: normal; font-weight: normal; letter-spacing: normal; line-height: 20px; orphans: auto; text-align: start; text-indent: 0px; text-transform: none; white-space: normal; widows: auto; word-spacing: 0px; -webkit-text-stroke-width: 0px; background-color: #ffffff; display: inline !important; float: none;\">F\u00fcr alle, die nicht nur ein literarisch anspruchsvolles Buch lesen und gut unterhalten werden wollen sondern die sich wirklich f\u00fcr Polen interessieren eine ungemein lohnende Lekt\u00fcre.<br \/>\n<\/span><\/p>\n","protected":false},"excerpt":{"rendered":"<p>Andreji Szczypiorski: Die sch\u00f6ne Frau Seidelmann Wie passen Bildung und Geistesart der deutschen Klassik mit der Inhumanit\u00e4t und Bestialit\u00e4t des nationalsozialistischen Massenmordes zusammen? Diese Frage thematisiert\u00a0 das weltweit diskutierte Werk &#8222;Die Wohlgesinnten&#8220; von Jonathan Littell. Wie aber funktionieren Durchschnittlichkeit, Schlitzohrigkeit, G\u00fcte und Starrsinn &#8211; kurz: die Ingredienzien der menschlichen Normalit\u00e4t in die Welt des Holocaust? &hellip; <a href=\"https:\/\/ludwig-witzani.de\/zu-den-grossen-traeumen\/buchempfehlungen\/einladung-nach-polen\/andreji-szczypiorski-die-schoene-frau-seidelmann\/\" class=\"more-link\"><span class=\"screen-reader-text\">Andreji Szczypiorski: Die sch\u00f6ne Frau Seidelmann<\/span> weiterlesen <span class=\"meta-nav\">&rarr;<\/span><\/a><\/p>\n","protected":false},"author":2,"featured_media":0,"parent":1393,"menu_order":1,"comment_status":"open","ping_status":"open","template":"","meta":{"ngg_post_thumbnail":0,"jetpack_post_was_ever_published":false,"footnotes":""},"class_list":["post-2646","page","type-page","status-publish","hentry"],"yoast_head":"<!-- This site is optimized with the Yoast SEO plugin v27.3 - https:\/\/yoast.com\/product\/yoast-seo-wordpress\/ -->\n<title>Andreji Szczypiorski: Die sch\u00f6ne Frau Seidelmann - Ludwig Witzani<\/title>\n<meta name=\"robots\" content=\"index, follow, max-snippet:-1, max-image-preview:large, max-video-preview:-1\" \/>\n<link rel=\"canonical\" href=\"https:\/\/ludwig-witzani.de\/zu-den-grossen-traeumen\/buchempfehlungen\/einladung-nach-polen\/andreji-szczypiorski-die-schoene-frau-seidelmann\/\" \/>\n<meta property=\"og:locale\" content=\"de_DE\" \/>\n<meta property=\"og:type\" content=\"article\" \/>\n<meta property=\"og:title\" content=\"Andreji Szczypiorski: Die sch\u00f6ne Frau Seidelmann - Ludwig Witzani\" \/>\n<meta property=\"og:description\" content=\"Andreji Szczypiorski: Die sch\u00f6ne Frau Seidelmann Wie passen Bildung und Geistesart der deutschen Klassik mit der Inhumanit\u00e4t und Bestialit\u00e4t des nationalsozialistischen Massenmordes zusammen? Diese Frage thematisiert\u00a0 das weltweit diskutierte Werk &#8222;Die Wohlgesinnten&#8220; von Jonathan Littell. Wie aber funktionieren Durchschnittlichkeit, Schlitzohrigkeit, G\u00fcte und Starrsinn &#8211; kurz: die Ingredienzien der menschlichen Normalit\u00e4t in die Welt des Holocaust? &hellip; Andreji Szczypiorski: Die sch\u00f6ne Frau Seidelmann weiterlesen &rarr;\" \/>\n<meta property=\"og:url\" content=\"https:\/\/ludwig-witzani.de\/zu-den-grossen-traeumen\/buchempfehlungen\/einladung-nach-polen\/andreji-szczypiorski-die-schoene-frau-seidelmann\/\" \/>\n<meta property=\"og:site_name\" content=\"Ludwig Witzani\" \/>\n<meta property=\"article:modified_time\" content=\"2025-06-03T10:32:54+00:00\" \/>\n<meta name=\"twitter:card\" content=\"summary_large_image\" \/>\n<meta name=\"twitter:label1\" content=\"Gesch\u00e4tzte Lesezeit\" \/>\n\t<meta name=\"twitter:data1\" content=\"3\u00a0Minuten\" \/>\n<script type=\"application\/ld+json\" class=\"yoast-schema-graph\">{\"@context\":\"https:\\\/\\\/schema.org\",\"@graph\":[{\"@type\":\"WebPage\",\"@id\":\"https:\\\/\\\/ludwig-witzani.de\\\/zu-den-grossen-traeumen\\\/buchempfehlungen\\\/einladung-nach-polen\\\/andreji-szczypiorski-die-schoene-frau-seidelmann\\\/\",\"url\":\"https:\\\/\\\/ludwig-witzani.de\\\/zu-den-grossen-traeumen\\\/buchempfehlungen\\\/einladung-nach-polen\\\/andreji-szczypiorski-die-schoene-frau-seidelmann\\\/\",\"name\":\"Andreji Szczypiorski: Die sch\u00f6ne Frau Seidelmann - Ludwig Witzani\",\"isPartOf\":{\"@id\":\"https:\\\/\\\/ludwig-witzani.de\\\/zu-den-grossen-traeumen\\\/#website\"},\"primaryImageOfPage\":{\"@id\":\"https:\\\/\\\/ludwig-witzani.de\\\/zu-den-grossen-traeumen\\\/buchempfehlungen\\\/einladung-nach-polen\\\/andreji-szczypiorski-die-schoene-frau-seidelmann\\\/#primaryimage\"},\"image\":{\"@id\":\"https:\\\/\\\/ludwig-witzani.de\\\/zu-den-grossen-traeumen\\\/buchempfehlungen\\\/einladung-nach-polen\\\/andreji-szczypiorski-die-schoene-frau-seidelmann\\\/#primaryimage\"},\"thumbnailUrl\":\"http:\\\/\\\/ludwig-witzani.de\\\/wp-content\\\/uploads\\\/2014\\\/03\\\/DSCN8798-696x800.jpg\",\"datePublished\":\"2014-03-14T05:23:58+00:00\",\"dateModified\":\"2025-06-03T10:32:54+00:00\",\"breadcrumb\":{\"@id\":\"https:\\\/\\\/ludwig-witzani.de\\\/zu-den-grossen-traeumen\\\/buchempfehlungen\\\/einladung-nach-polen\\\/andreji-szczypiorski-die-schoene-frau-seidelmann\\\/#breadcrumb\"},\"inLanguage\":\"de\",\"potentialAction\":[{\"@type\":\"ReadAction\",\"target\":[\"https:\\\/\\\/ludwig-witzani.de\\\/zu-den-grossen-traeumen\\\/buchempfehlungen\\\/einladung-nach-polen\\\/andreji-szczypiorski-die-schoene-frau-seidelmann\\\/\"]}]},{\"@type\":\"ImageObject\",\"inLanguage\":\"de\",\"@id\":\"https:\\\/\\\/ludwig-witzani.de\\\/zu-den-grossen-traeumen\\\/buchempfehlungen\\\/einladung-nach-polen\\\/andreji-szczypiorski-die-schoene-frau-seidelmann\\\/#primaryimage\",\"url\":\"http:\\\/\\\/ludwig-witzani.de\\\/wp-content\\\/uploads\\\/2014\\\/03\\\/DSCN8798-696x800.jpg\",\"contentUrl\":\"http:\\\/\\\/ludwig-witzani.de\\\/wp-content\\\/uploads\\\/2014\\\/03\\\/DSCN8798-696x800.jpg\"},{\"@type\":\"BreadcrumbList\",\"@id\":\"https:\\\/\\\/ludwig-witzani.de\\\/zu-den-grossen-traeumen\\\/buchempfehlungen\\\/einladung-nach-polen\\\/andreji-szczypiorski-die-schoene-frau-seidelmann\\\/#breadcrumb\",\"itemListElement\":[{\"@type\":\"ListItem\",\"position\":1,\"name\":\"Startseite\",\"item\":\"https:\\\/\\\/ludwig-witzani.de\\\/zu-den-grossen-traeumen\\\/\"},{\"@type\":\"ListItem\",\"position\":2,\"name\":\"Reisebuchportal\",\"item\":\"https:\\\/\\\/ludwig-witzani.de\\\/zu-den-grossen-traeumen\\\/?page_id=151\"},{\"@type\":\"ListItem\",\"position\":3,\"name\":\"Einladung nach Polen\",\"item\":\"https:\\\/\\\/ludwig-witzani.de\\\/zu-den-grossen-traeumen\\\/?page_id=1393\"},{\"@type\":\"ListItem\",\"position\":4,\"name\":\"Andreji Szczypiorski: Die sch\u00f6ne Frau Seidelmann\"}]},{\"@type\":\"WebSite\",\"@id\":\"https:\\\/\\\/ludwig-witzani.de\\\/zu-den-grossen-traeumen\\\/#website\",\"url\":\"https:\\\/\\\/ludwig-witzani.de\\\/zu-den-grossen-traeumen\\\/\",\"name\":\"Ludwig Witzani\",\"description\":\"World Wide Travel\",\"potentialAction\":[{\"@type\":\"SearchAction\",\"target\":{\"@type\":\"EntryPoint\",\"urlTemplate\":\"https:\\\/\\\/ludwig-witzani.de\\\/zu-den-grossen-traeumen\\\/?s={search_term_string}\"},\"query-input\":{\"@type\":\"PropertyValueSpecification\",\"valueRequired\":true,\"valueName\":\"search_term_string\"}}],\"inLanguage\":\"de\"}]}<\/script>\n<!-- \/ Yoast SEO plugin. -->","yoast_head_json":{"title":"Andreji Szczypiorski: Die sch\u00f6ne Frau Seidelmann - Ludwig Witzani","robots":{"index":"index","follow":"follow","max-snippet":"max-snippet:-1","max-image-preview":"max-image-preview:large","max-video-preview":"max-video-preview:-1"},"canonical":"https:\/\/ludwig-witzani.de\/zu-den-grossen-traeumen\/buchempfehlungen\/einladung-nach-polen\/andreji-szczypiorski-die-schoene-frau-seidelmann\/","og_locale":"de_DE","og_type":"article","og_title":"Andreji Szczypiorski: Die sch\u00f6ne Frau Seidelmann - Ludwig Witzani","og_description":"Andreji Szczypiorski: Die sch\u00f6ne Frau Seidelmann Wie passen Bildung und Geistesart der deutschen Klassik mit der Inhumanit\u00e4t und Bestialit\u00e4t des nationalsozialistischen Massenmordes zusammen? Diese Frage thematisiert\u00a0 das weltweit diskutierte Werk &#8222;Die Wohlgesinnten&#8220; von Jonathan Littell. Wie aber funktionieren Durchschnittlichkeit, Schlitzohrigkeit, G\u00fcte und Starrsinn &#8211; kurz: die Ingredienzien der menschlichen Normalit\u00e4t in die Welt des Holocaust? &hellip; Andreji Szczypiorski: Die sch\u00f6ne Frau Seidelmann weiterlesen &rarr;","og_url":"https:\/\/ludwig-witzani.de\/zu-den-grossen-traeumen\/buchempfehlungen\/einladung-nach-polen\/andreji-szczypiorski-die-schoene-frau-seidelmann\/","og_site_name":"Ludwig Witzani","article_modified_time":"2025-06-03T10:32:54+00:00","twitter_card":"summary_large_image","twitter_misc":{"Gesch\u00e4tzte Lesezeit":"3\u00a0Minuten"},"schema":{"@context":"https:\/\/schema.org","@graph":[{"@type":"WebPage","@id":"https:\/\/ludwig-witzani.de\/zu-den-grossen-traeumen\/buchempfehlungen\/einladung-nach-polen\/andreji-szczypiorski-die-schoene-frau-seidelmann\/","url":"https:\/\/ludwig-witzani.de\/zu-den-grossen-traeumen\/buchempfehlungen\/einladung-nach-polen\/andreji-szczypiorski-die-schoene-frau-seidelmann\/","name":"Andreji Szczypiorski: Die sch\u00f6ne Frau Seidelmann - Ludwig Witzani","isPartOf":{"@id":"https:\/\/ludwig-witzani.de\/zu-den-grossen-traeumen\/#website"},"primaryImageOfPage":{"@id":"https:\/\/ludwig-witzani.de\/zu-den-grossen-traeumen\/buchempfehlungen\/einladung-nach-polen\/andreji-szczypiorski-die-schoene-frau-seidelmann\/#primaryimage"},"image":{"@id":"https:\/\/ludwig-witzani.de\/zu-den-grossen-traeumen\/buchempfehlungen\/einladung-nach-polen\/andreji-szczypiorski-die-schoene-frau-seidelmann\/#primaryimage"},"thumbnailUrl":"http:\/\/ludwig-witzani.de\/wp-content\/uploads\/2014\/03\/DSCN8798-696x800.jpg","datePublished":"2014-03-14T05:23:58+00:00","dateModified":"2025-06-03T10:32:54+00:00","breadcrumb":{"@id":"https:\/\/ludwig-witzani.de\/zu-den-grossen-traeumen\/buchempfehlungen\/einladung-nach-polen\/andreji-szczypiorski-die-schoene-frau-seidelmann\/#breadcrumb"},"inLanguage":"de","potentialAction":[{"@type":"ReadAction","target":["https:\/\/ludwig-witzani.de\/zu-den-grossen-traeumen\/buchempfehlungen\/einladung-nach-polen\/andreji-szczypiorski-die-schoene-frau-seidelmann\/"]}]},{"@type":"ImageObject","inLanguage":"de","@id":"https:\/\/ludwig-witzani.de\/zu-den-grossen-traeumen\/buchempfehlungen\/einladung-nach-polen\/andreji-szczypiorski-die-schoene-frau-seidelmann\/#primaryimage","url":"http:\/\/ludwig-witzani.de\/wp-content\/uploads\/2014\/03\/DSCN8798-696x800.jpg","contentUrl":"http:\/\/ludwig-witzani.de\/wp-content\/uploads\/2014\/03\/DSCN8798-696x800.jpg"},{"@type":"BreadcrumbList","@id":"https:\/\/ludwig-witzani.de\/zu-den-grossen-traeumen\/buchempfehlungen\/einladung-nach-polen\/andreji-szczypiorski-die-schoene-frau-seidelmann\/#breadcrumb","itemListElement":[{"@type":"ListItem","position":1,"name":"Startseite","item":"https:\/\/ludwig-witzani.de\/zu-den-grossen-traeumen\/"},{"@type":"ListItem","position":2,"name":"Reisebuchportal","item":"https:\/\/ludwig-witzani.de\/zu-den-grossen-traeumen\/?page_id=151"},{"@type":"ListItem","position":3,"name":"Einladung nach Polen","item":"https:\/\/ludwig-witzani.de\/zu-den-grossen-traeumen\/?page_id=1393"},{"@type":"ListItem","position":4,"name":"Andreji Szczypiorski: Die sch\u00f6ne Frau Seidelmann"}]},{"@type":"WebSite","@id":"https:\/\/ludwig-witzani.de\/zu-den-grossen-traeumen\/#website","url":"https:\/\/ludwig-witzani.de\/zu-den-grossen-traeumen\/","name":"Ludwig Witzani","description":"World Wide Travel","potentialAction":[{"@type":"SearchAction","target":{"@type":"EntryPoint","urlTemplate":"https:\/\/ludwig-witzani.de\/zu-den-grossen-traeumen\/?s={search_term_string}"},"query-input":{"@type":"PropertyValueSpecification","valueRequired":true,"valueName":"search_term_string"}}],"inLanguage":"de"}]}},"jetpack_shortlink":"https:\/\/wp.me\/P4daYo-GG","jetpack_sharing_enabled":true,"_links":{"self":[{"href":"https:\/\/ludwig-witzani.de\/zu-den-grossen-traeumen\/wp-json\/wp\/v2\/pages\/2646","targetHints":{"allow":["GET"]}}],"collection":[{"href":"https:\/\/ludwig-witzani.de\/zu-den-grossen-traeumen\/wp-json\/wp\/v2\/pages"}],"about":[{"href":"https:\/\/ludwig-witzani.de\/zu-den-grossen-traeumen\/wp-json\/wp\/v2\/types\/page"}],"author":[{"embeddable":true,"href":"https:\/\/ludwig-witzani.de\/zu-den-grossen-traeumen\/wp-json\/wp\/v2\/users\/2"}],"replies":[{"embeddable":true,"href":"https:\/\/ludwig-witzani.de\/zu-den-grossen-traeumen\/wp-json\/wp\/v2\/comments?post=2646"}],"version-history":[{"count":3,"href":"https:\/\/ludwig-witzani.de\/zu-den-grossen-traeumen\/wp-json\/wp\/v2\/pages\/2646\/revisions"}],"predecessor-version":[{"id":2971,"href":"https:\/\/ludwig-witzani.de\/zu-den-grossen-traeumen\/wp-json\/wp\/v2\/pages\/2646\/revisions\/2971"}],"up":[{"embeddable":true,"href":"https:\/\/ludwig-witzani.de\/zu-den-grossen-traeumen\/wp-json\/wp\/v2\/pages\/1393"}],"wp:attachment":[{"href":"https:\/\/ludwig-witzani.de\/zu-den-grossen-traeumen\/wp-json\/wp\/v2\/media?parent=2646"}],"curies":[{"name":"wp","href":"https:\/\/api.w.org\/{rel}","templated":true}]}}