{"id":2469,"date":"2014-03-13T15:42:16","date_gmt":"2014-03-13T15:42:16","guid":{"rendered":"http:\/\/ludwig-witzani.de\/?page_id=2469"},"modified":"2025-06-03T10:32:54","modified_gmt":"2025-06-03T10:32:54","slug":"lonely-planet-guide-tibet","status":"publish","type":"page","link":"https:\/\/ludwig-witzani.de\/zu-den-grossen-traeumen\/buchempfehlungen\/einladung-nach-tibet\/lonely-planet-guide-tibet\/","title":{"rendered":"Lonely Planet Guide &#8222;Tibet&#8220;"},"content":{"rendered":"<p><a href=\"http:\/\/ludwig-witzani.de\/wp-content\/uploads\/2014\/03\/IMG_0928.jpg\"><img loading=\"lazy\" decoding=\"async\" class=\"aligncenter  wp-image-2470\" style=\"width: 352px;\" alt=\"IMG_0928\" src=\"http:\/\/ludwig-witzani.de\/wp-content\/uploads\/2014\/03\/IMG_0928-546x800.jpg\" width=\"546\" height=\"588\" \/><\/a><\/p>\n<h3>Lonely Planet Guide &#8222;Tibet&#8220;<\/h3>\n<p>Irgendwo ist auch mal Schluss mit dem Lonely Planet Guide , dachte teilweise e ich. \u00a0Wenn es keinen Bustransport mehr gibt, ist auch die Sektion \u201eWhere to go\u201c nicht mehr sinnvoll. Wenn keine Hotels existieren, braucht \u00a0man das Kapitel \u201eWhere to sleep\u201c nicht mehr. Aus zwei Gr\u00fcnden stimmt das aber nicht. Zun\u00e4chst befindet sich Tibet \u2013 man mg es begr\u00fc\u00dfen oder beklagen \u2013 in einem st\u00fcrmischen Prozess der touristischen Erschlie\u00dfung, so dass zumindest in Zentraltibet Verkehrsverbindungen funktionieren und man diese Region inzwischen tats\u00e4chlich mit \u00f6ffentlichen Verkehrsmitteln wenigstens teilweise bereisen kann. Und im wilden Westen, am Berg Kailash oder auf dem Changthang ist man, will man wirklich etwas sehen, ohnehin auf eigenen Transport und auf Zelte angewiesen. Aber auch hier bew\u00e4hrt sich der Lonely Planet mit seinen Ortsbeschreibungen und seinen Karten \u2013 die Kailash Kora ist zum Beispiel nirgendwo so schn\u00f6rkellos und zugleich pr\u00e4zise beschrieben wie in dem entsprechenden\u00a0 Kapitel des vorliegenden Buches. Ein weiterer Vorteil, den viel Lonely Planet inzwischen aufweisen: die kulturgeschichtlichen und geographischen Anmerkungen \u00a0sind anspruchsvoll und erheblich umfangreicher als man das bei einem Backpackerf\u00fchrer erwarten w\u00fcrde. Die Traveller sind eben auch \u00e4lter geworden und wollen schon etwas genauer wissen, was denn der Unterschied zwischen dem Dalai Lama und dem Panschen Lama ist. Dergleichen Fragen und noch viele andere mehr werden in dem vorliegenden Reisef\u00fchrer locker beantwortet. F\u00fcr jede Tibetreise also ein unverzichtbares Basis-Investment.<\/p>\n","protected":false},"excerpt":{"rendered":"<p>Lonely Planet Guide &#8222;Tibet&#8220; Irgendwo ist auch mal Schluss mit dem Lonely Planet Guide , dachte teilweise e ich. \u00a0Wenn es keinen Bustransport mehr gibt, ist auch die Sektion \u201eWhere to go\u201c nicht mehr sinnvoll. Wenn keine Hotels existieren, braucht \u00a0man das Kapitel \u201eWhere to sleep\u201c nicht mehr. Aus zwei Gr\u00fcnden stimmt das aber nicht. &hellip; <a href=\"https:\/\/ludwig-witzani.de\/zu-den-grossen-traeumen\/buchempfehlungen\/einladung-nach-tibet\/lonely-planet-guide-tibet\/\" class=\"more-link\"><span class=\"screen-reader-text\">Lonely Planet Guide &#8222;Tibet&#8220;<\/span> weiterlesen <span class=\"meta-nav\">&rarr;<\/span><\/a><\/p>\n","protected":false},"author":2,"featured_media":0,"parent":1388,"menu_order":0,"comment_status":"open","ping_status":"open","template":"","meta":{"ngg_post_thumbnail":0,"jetpack_post_was_ever_published":false,"footnotes":""},"class_list":["post-2469","page","type-page","status-publish","hentry"],"yoast_head":"<!-- This site is optimized with the Yoast SEO plugin v27.5 - https:\/\/yoast.com\/product\/yoast-seo-wordpress\/ -->\n<title>Lonely Planet Guide &quot;Tibet&quot; - Ludwig Witzani<\/title>\n<meta name=\"robots\" content=\"index, follow, max-snippet:-1, max-image-preview:large, max-video-preview:-1\" \/>\n<link rel=\"canonical\" href=\"https:\/\/ludwig-witzani.de\/zu-den-grossen-traeumen\/buchempfehlungen\/einladung-nach-tibet\/lonely-planet-guide-tibet\/\" \/>\n<meta property=\"og:locale\" content=\"de_DE\" \/>\n<meta property=\"og:type\" content=\"article\" \/>\n<meta property=\"og:title\" content=\"Lonely Planet Guide &quot;Tibet&quot; - Ludwig Witzani\" \/>\n<meta property=\"og:description\" content=\"Lonely Planet Guide &#8222;Tibet&#8220; Irgendwo ist auch mal Schluss mit dem Lonely Planet Guide , dachte teilweise e ich. \u00a0Wenn es keinen Bustransport mehr gibt, ist auch die Sektion \u201eWhere to go\u201c nicht mehr sinnvoll. Wenn keine Hotels existieren, braucht \u00a0man das Kapitel \u201eWhere to sleep\u201c nicht mehr. Aus zwei Gr\u00fcnden stimmt das aber nicht. &hellip; Lonely Planet Guide &#8222;Tibet&#8220; weiterlesen &rarr;\" \/>\n<meta property=\"og:url\" content=\"https:\/\/ludwig-witzani.de\/zu-den-grossen-traeumen\/buchempfehlungen\/einladung-nach-tibet\/lonely-planet-guide-tibet\/\" \/>\n<meta property=\"og:site_name\" content=\"Ludwig Witzani\" \/>\n<meta property=\"article:modified_time\" content=\"2025-06-03T10:32:54+00:00\" \/>\n<meta name=\"twitter:card\" content=\"summary_large_image\" \/>\n<meta name=\"twitter:label1\" content=\"Gesch\u00e4tzte Lesezeit\" \/>\n\t<meta name=\"twitter:data1\" content=\"1\u00a0Minute\" \/>\n<script type=\"application\/ld+json\" class=\"yoast-schema-graph\">{\"@context\":\"https:\\\/\\\/schema.org\",\"@graph\":[{\"@type\":\"WebPage\",\"@id\":\"https:\\\/\\\/ludwig-witzani.de\\\/zu-den-grossen-traeumen\\\/buchempfehlungen\\\/einladung-nach-tibet\\\/lonely-planet-guide-tibet\\\/\",\"url\":\"https:\\\/\\\/ludwig-witzani.de\\\/zu-den-grossen-traeumen\\\/buchempfehlungen\\\/einladung-nach-tibet\\\/lonely-planet-guide-tibet\\\/\",\"name\":\"Lonely Planet Guide \\\"Tibet\\\" - Ludwig Witzani\",\"isPartOf\":{\"@id\":\"https:\\\/\\\/ludwig-witzani.de\\\/zu-den-grossen-traeumen\\\/#website\"},\"primaryImageOfPage\":{\"@id\":\"https:\\\/\\\/ludwig-witzani.de\\\/zu-den-grossen-traeumen\\\/buchempfehlungen\\\/einladung-nach-tibet\\\/lonely-planet-guide-tibet\\\/#primaryimage\"},\"image\":{\"@id\":\"https:\\\/\\\/ludwig-witzani.de\\\/zu-den-grossen-traeumen\\\/buchempfehlungen\\\/einladung-nach-tibet\\\/lonely-planet-guide-tibet\\\/#primaryimage\"},\"thumbnailUrl\":\"http:\\\/\\\/ludwig-witzani.de\\\/wp-content\\\/uploads\\\/2014\\\/03\\\/IMG_0928-546x800.jpg\",\"datePublished\":\"2014-03-13T15:42:16+00:00\",\"dateModified\":\"2025-06-03T10:32:54+00:00\",\"breadcrumb\":{\"@id\":\"https:\\\/\\\/ludwig-witzani.de\\\/zu-den-grossen-traeumen\\\/buchempfehlungen\\\/einladung-nach-tibet\\\/lonely-planet-guide-tibet\\\/#breadcrumb\"},\"inLanguage\":\"de\",\"potentialAction\":[{\"@type\":\"ReadAction\",\"target\":[\"https:\\\/\\\/ludwig-witzani.de\\\/zu-den-grossen-traeumen\\\/buchempfehlungen\\\/einladung-nach-tibet\\\/lonely-planet-guide-tibet\\\/\"]}]},{\"@type\":\"ImageObject\",\"inLanguage\":\"de\",\"@id\":\"https:\\\/\\\/ludwig-witzani.de\\\/zu-den-grossen-traeumen\\\/buchempfehlungen\\\/einladung-nach-tibet\\\/lonely-planet-guide-tibet\\\/#primaryimage\",\"url\":\"http:\\\/\\\/ludwig-witzani.de\\\/wp-content\\\/uploads\\\/2014\\\/03\\\/IMG_0928-546x800.jpg\",\"contentUrl\":\"http:\\\/\\\/ludwig-witzani.de\\\/wp-content\\\/uploads\\\/2014\\\/03\\\/IMG_0928-546x800.jpg\"},{\"@type\":\"BreadcrumbList\",\"@id\":\"https:\\\/\\\/ludwig-witzani.de\\\/zu-den-grossen-traeumen\\\/buchempfehlungen\\\/einladung-nach-tibet\\\/lonely-planet-guide-tibet\\\/#breadcrumb\",\"itemListElement\":[{\"@type\":\"ListItem\",\"position\":1,\"name\":\"Startseite\",\"item\":\"https:\\\/\\\/ludwig-witzani.de\\\/zu-den-grossen-traeumen\\\/\"},{\"@type\":\"ListItem\",\"position\":2,\"name\":\"Reisebuchportal\",\"item\":\"https:\\\/\\\/ludwig-witzani.de\\\/zu-den-grossen-traeumen\\\/?page_id=151\"},{\"@type\":\"ListItem\",\"position\":3,\"name\":\"Einladung nach Tibet\",\"item\":\"https:\\\/\\\/ludwig-witzani.de\\\/zu-den-grossen-traeumen\\\/?page_id=1388\"},{\"@type\":\"ListItem\",\"position\":4,\"name\":\"Lonely Planet Guide &#8222;Tibet&#8220;\"}]},{\"@type\":\"WebSite\",\"@id\":\"https:\\\/\\\/ludwig-witzani.de\\\/zu-den-grossen-traeumen\\\/#website\",\"url\":\"https:\\\/\\\/ludwig-witzani.de\\\/zu-den-grossen-traeumen\\\/\",\"name\":\"Ludwig Witzani\",\"description\":\"World Wide Travel\",\"potentialAction\":[{\"@type\":\"SearchAction\",\"target\":{\"@type\":\"EntryPoint\",\"urlTemplate\":\"https:\\\/\\\/ludwig-witzani.de\\\/zu-den-grossen-traeumen\\\/?s={search_term_string}\"},\"query-input\":{\"@type\":\"PropertyValueSpecification\",\"valueRequired\":true,\"valueName\":\"search_term_string\"}}],\"inLanguage\":\"de\"}]}<\/script>\n<!-- \/ Yoast SEO plugin. -->","yoast_head_json":{"title":"Lonely Planet Guide \"Tibet\" - Ludwig Witzani","robots":{"index":"index","follow":"follow","max-snippet":"max-snippet:-1","max-image-preview":"max-image-preview:large","max-video-preview":"max-video-preview:-1"},"canonical":"https:\/\/ludwig-witzani.de\/zu-den-grossen-traeumen\/buchempfehlungen\/einladung-nach-tibet\/lonely-planet-guide-tibet\/","og_locale":"de_DE","og_type":"article","og_title":"Lonely Planet Guide \"Tibet\" - Ludwig Witzani","og_description":"Lonely Planet Guide &#8222;Tibet&#8220; Irgendwo ist auch mal Schluss mit dem Lonely Planet Guide , dachte teilweise e ich. \u00a0Wenn es keinen Bustransport mehr gibt, ist auch die Sektion \u201eWhere to go\u201c nicht mehr sinnvoll. Wenn keine Hotels existieren, braucht \u00a0man das Kapitel \u201eWhere to sleep\u201c nicht mehr. Aus zwei Gr\u00fcnden stimmt das aber nicht. &hellip; Lonely Planet Guide &#8222;Tibet&#8220; weiterlesen &rarr;","og_url":"https:\/\/ludwig-witzani.de\/zu-den-grossen-traeumen\/buchempfehlungen\/einladung-nach-tibet\/lonely-planet-guide-tibet\/","og_site_name":"Ludwig Witzani","article_modified_time":"2025-06-03T10:32:54+00:00","twitter_card":"summary_large_image","twitter_misc":{"Gesch\u00e4tzte Lesezeit":"1\u00a0Minute"},"schema":{"@context":"https:\/\/schema.org","@graph":[{"@type":"WebPage","@id":"https:\/\/ludwig-witzani.de\/zu-den-grossen-traeumen\/buchempfehlungen\/einladung-nach-tibet\/lonely-planet-guide-tibet\/","url":"https:\/\/ludwig-witzani.de\/zu-den-grossen-traeumen\/buchempfehlungen\/einladung-nach-tibet\/lonely-planet-guide-tibet\/","name":"Lonely Planet Guide \"Tibet\" - Ludwig Witzani","isPartOf":{"@id":"https:\/\/ludwig-witzani.de\/zu-den-grossen-traeumen\/#website"},"primaryImageOfPage":{"@id":"https:\/\/ludwig-witzani.de\/zu-den-grossen-traeumen\/buchempfehlungen\/einladung-nach-tibet\/lonely-planet-guide-tibet\/#primaryimage"},"image":{"@id":"https:\/\/ludwig-witzani.de\/zu-den-grossen-traeumen\/buchempfehlungen\/einladung-nach-tibet\/lonely-planet-guide-tibet\/#primaryimage"},"thumbnailUrl":"http:\/\/ludwig-witzani.de\/wp-content\/uploads\/2014\/03\/IMG_0928-546x800.jpg","datePublished":"2014-03-13T15:42:16+00:00","dateModified":"2025-06-03T10:32:54+00:00","breadcrumb":{"@id":"https:\/\/ludwig-witzani.de\/zu-den-grossen-traeumen\/buchempfehlungen\/einladung-nach-tibet\/lonely-planet-guide-tibet\/#breadcrumb"},"inLanguage":"de","potentialAction":[{"@type":"ReadAction","target":["https:\/\/ludwig-witzani.de\/zu-den-grossen-traeumen\/buchempfehlungen\/einladung-nach-tibet\/lonely-planet-guide-tibet\/"]}]},{"@type":"ImageObject","inLanguage":"de","@id":"https:\/\/ludwig-witzani.de\/zu-den-grossen-traeumen\/buchempfehlungen\/einladung-nach-tibet\/lonely-planet-guide-tibet\/#primaryimage","url":"http:\/\/ludwig-witzani.de\/wp-content\/uploads\/2014\/03\/IMG_0928-546x800.jpg","contentUrl":"http:\/\/ludwig-witzani.de\/wp-content\/uploads\/2014\/03\/IMG_0928-546x800.jpg"},{"@type":"BreadcrumbList","@id":"https:\/\/ludwig-witzani.de\/zu-den-grossen-traeumen\/buchempfehlungen\/einladung-nach-tibet\/lonely-planet-guide-tibet\/#breadcrumb","itemListElement":[{"@type":"ListItem","position":1,"name":"Startseite","item":"https:\/\/ludwig-witzani.de\/zu-den-grossen-traeumen\/"},{"@type":"ListItem","position":2,"name":"Reisebuchportal","item":"https:\/\/ludwig-witzani.de\/zu-den-grossen-traeumen\/?page_id=151"},{"@type":"ListItem","position":3,"name":"Einladung nach Tibet","item":"https:\/\/ludwig-witzani.de\/zu-den-grossen-traeumen\/?page_id=1388"},{"@type":"ListItem","position":4,"name":"Lonely Planet Guide &#8222;Tibet&#8220;"}]},{"@type":"WebSite","@id":"https:\/\/ludwig-witzani.de\/zu-den-grossen-traeumen\/#website","url":"https:\/\/ludwig-witzani.de\/zu-den-grossen-traeumen\/","name":"Ludwig Witzani","description":"World Wide Travel","potentialAction":[{"@type":"SearchAction","target":{"@type":"EntryPoint","urlTemplate":"https:\/\/ludwig-witzani.de\/zu-den-grossen-traeumen\/?s={search_term_string}"},"query-input":{"@type":"PropertyValueSpecification","valueRequired":true,"valueName":"search_term_string"}}],"inLanguage":"de"}]}},"jetpack_shortlink":"https:\/\/wp.me\/P4daYo-DP","jetpack_sharing_enabled":true,"_links":{"self":[{"href":"https:\/\/ludwig-witzani.de\/zu-den-grossen-traeumen\/wp-json\/wp\/v2\/pages\/2469","targetHints":{"allow":["GET"]}}],"collection":[{"href":"https:\/\/ludwig-witzani.de\/zu-den-grossen-traeumen\/wp-json\/wp\/v2\/pages"}],"about":[{"href":"https:\/\/ludwig-witzani.de\/zu-den-grossen-traeumen\/wp-json\/wp\/v2\/types\/page"}],"author":[{"embeddable":true,"href":"https:\/\/ludwig-witzani.de\/zu-den-grossen-traeumen\/wp-json\/wp\/v2\/users\/2"}],"replies":[{"embeddable":true,"href":"https:\/\/ludwig-witzani.de\/zu-den-grossen-traeumen\/wp-json\/wp\/v2\/comments?post=2469"}],"version-history":[{"count":1,"href":"https:\/\/ludwig-witzani.de\/zu-den-grossen-traeumen\/wp-json\/wp\/v2\/pages\/2469\/revisions"}],"predecessor-version":[{"id":2471,"href":"https:\/\/ludwig-witzani.de\/zu-den-grossen-traeumen\/wp-json\/wp\/v2\/pages\/2469\/revisions\/2471"}],"up":[{"embeddable":true,"href":"https:\/\/ludwig-witzani.de\/zu-den-grossen-traeumen\/wp-json\/wp\/v2\/pages\/1388"}],"wp:attachment":[{"href":"https:\/\/ludwig-witzani.de\/zu-den-grossen-traeumen\/wp-json\/wp\/v2\/media?parent=2469"}],"curies":[{"name":"wp","href":"https:\/\/api.w.org\/{rel}","templated":true}]}}