{"id":2465,"date":"2014-03-13T15:23:31","date_gmt":"2014-03-13T15:23:31","guid":{"rendered":"http:\/\/ludwig-witzani.de\/?page_id=2465"},"modified":"2025-06-03T10:32:54","modified_gmt":"2025-06-03T10:32:54","slug":"hopkirk-der-griff-nach-lhasa","status":"publish","type":"page","link":"https:\/\/ludwig-witzani.de\/zu-den-grossen-traeumen\/buchempfehlungen\/einladung-nach-tibet\/hopkirk-der-griff-nach-lhasa\/","title":{"rendered":"Hopkirk: Der Griff nach Lhasa"},"content":{"rendered":"<p><a href=\"http:\/\/ludwig-witzani.de\/wp-content\/uploads\/2014\/03\/IMG_0925.jpg\"><img loading=\"lazy\" decoding=\"async\" class=\"aligncenter  wp-image-2466\" style=\"width: 356px;\" alt=\"IMG_0925\" src=\"http:\/\/ludwig-witzani.de\/wp-content\/uploads\/2014\/03\/IMG_0925-508x800.jpg\" width=\"392\" height=\"555\" \/><\/a><\/p>\n<h3>Peter Hopkirk: Der Griff nach Lhasa. Die Erschlie\u00dfung Tibets im 19. und 20. Jahrhundert<\/h3>\n<p>Noch vor einhundertf\u00fcnfzig Jahren war Tibet der letzte wei\u00dfe Fleck auf der Landkarte. Die Quellen des Nils waren gefunden, Timbuktu war erreicht und Australien durchquert. Nur das geheimnisvolle Schneeland hinter den h\u00f6chsten Gipfeln der Erde bewahrte seine r\u00e4tselhafte Abgeschiedenheit gegen\u00fcber den imperialistischen M\u00e4chten der eurasischen Landmasse.<\/p>\n<p>Genau hier, etwa kurz nach der Mitte des 19. Jahrhunderts setzt das\u00a0 vorliegende Werk ein und erz\u00e4hlt die Geschichte vom \u201eGriff nach Lhasa\u201c, d. h. von der erzwungenen \u00d6ffnung Tibets \u2013 angefangen von den indischen Pandits, die als britische Spione mit Geodesie-Instrumenten in den Gebetstrommeln als M\u00f6nche getarnt durch Zentralasien reisten\u00a0 &#8211; bis zu den barbarischen Zerst\u00f6rungsorgien, mit denen die maoistischen Roten Garden Tibet in den Sechziger Jahren des 20. Jhdts. heimsuchten. Es ist also alles in allem eine traurige Geschichte, weil sich am Ende diese gro\u00dfartige Kultur der Moderne \u00f6ffnen musste und unter der Knute der chinesischen Herrschaft m\u00f6glicherweise ihre Seele verlieren wird.<\/p>\n<p>Aber es ist auch eine ungemein spannendes Buch, weil es schier unglaubliche Abenteuer und Geschichten zu einem packenden Gesamtbild menschlichen Wagemuts und Zuversicht b\u00fcndelt (Dass sie f\u00fcr Tibet so schlecht ausgehen w\u00fcrde, war ja nicht unbedingt abzusehen.). Younghusbands Expedition nach Lhasa, Przewalskis vergebliche Vorst\u00f6\u00dfe von Norden, Sven Hedins abenteuerliche Reise auf einem Yakboot den Tsangpo herunter bis zum Pantschen Lama nach Schigatze, schlie\u00dflich Heinrich Harrers \u201eSieben Jahre in Tibet\u201c \u2013 lauter alte und neue Geschichten aus dem Traumbuch menschlicher Abenteuer wechseln einander ab wie ein unabschlie\u00dfbares Kaleidoskop menschlicher Erlebnisf\u00e4higkeit.<\/p>\n<p>Umso deprimierender ist der Ausblick\u00a0 den Hopkirk im letzten Kapitel seines Buches bietet. Denn am Ende seiner langen Geschichte scheint sich Tibet in den sp\u00e4ten Achtziger und fr\u00fchen Neunziger Jahren\u00a0 unter dem Druck der chinesischen Fremdherrscher zu einem Pauschaltourismusziel f\u00fcr gut betuchte Besucher aus aller Welt zu entwickeln. Die Reise nach Lhasa, fr\u00fcher ein Abenteuer auf Leben und Tod, ist auf eine Flugstrecke von wenigen Stunden und seit der Er\u00f6ffnung der Tibetbahn fast zu einer Allerweltsfahrt geworden.<\/p>\n<p>Auch wenn es kein Happyend gibt, kann ich dieses Buch jedem, der sich f\u00fcr Tibet interessiert,\u00a0 uneingeschr\u00e4nkt empfehlen. Die komprimierte landeskundliche Einleitung am Beginn des Buches geh\u00f6rt zum Besten, was es \u00fcber dieses Thema zu lesen gibt. Die Zusammenschau der Entwicklungen internationaler Politik mit den Unw\u00e4gbarkeiten\u00a0 individueller Schicksale ist geradezu musterg\u00fcltig gelungen. Was mich allerdings wundert, ist dass die gro\u00dfe Tibetreisende Alexandra David Neel in dem Buch \u00fcberhaupt nicht vorkommt. Die Abenteuer dieser ersten europ\u00e4ischen Frau auf dem Dach der Welt h\u00e4tten gut in dieses vorz\u00fcgliche Buch gepast.<\/p>\n","protected":false},"excerpt":{"rendered":"<p>Peter Hopkirk: Der Griff nach Lhasa. Die Erschlie\u00dfung Tibets im 19. und 20. Jahrhundert Noch vor einhundertf\u00fcnfzig Jahren war Tibet der letzte wei\u00dfe Fleck auf der Landkarte. Die Quellen des Nils waren gefunden, Timbuktu war erreicht und Australien durchquert. Nur das geheimnisvolle Schneeland hinter den h\u00f6chsten Gipfeln der Erde bewahrte seine r\u00e4tselhafte Abgeschiedenheit gegen\u00fcber den &hellip; <a href=\"https:\/\/ludwig-witzani.de\/zu-den-grossen-traeumen\/buchempfehlungen\/einladung-nach-tibet\/hopkirk-der-griff-nach-lhasa\/\" class=\"more-link\"><span class=\"screen-reader-text\">Hopkirk: Der Griff nach Lhasa<\/span> weiterlesen <span class=\"meta-nav\">&rarr;<\/span><\/a><\/p>\n","protected":false},"author":2,"featured_media":0,"parent":1388,"menu_order":6,"comment_status":"open","ping_status":"open","template":"","meta":{"ngg_post_thumbnail":0,"jetpack_post_was_ever_published":false,"footnotes":""},"class_list":["post-2465","page","type-page","status-publish","hentry"],"yoast_head":"<!-- This site is optimized with the Yoast SEO plugin v27.5 - https:\/\/yoast.com\/product\/yoast-seo-wordpress\/ -->\n<title>Hopkirk: Der Griff nach Lhasa - Ludwig Witzani<\/title>\n<meta name=\"robots\" content=\"index, follow, max-snippet:-1, max-image-preview:large, max-video-preview:-1\" \/>\n<link rel=\"canonical\" href=\"https:\/\/ludwig-witzani.de\/zu-den-grossen-traeumen\/buchempfehlungen\/einladung-nach-tibet\/hopkirk-der-griff-nach-lhasa\/\" \/>\n<meta property=\"og:locale\" content=\"de_DE\" \/>\n<meta property=\"og:type\" content=\"article\" \/>\n<meta property=\"og:title\" content=\"Hopkirk: Der Griff nach Lhasa - Ludwig Witzani\" \/>\n<meta property=\"og:description\" content=\"Peter Hopkirk: Der Griff nach Lhasa. Die Erschlie\u00dfung Tibets im 19. und 20. Jahrhundert Noch vor einhundertf\u00fcnfzig Jahren war Tibet der letzte wei\u00dfe Fleck auf der Landkarte. Die Quellen des Nils waren gefunden, Timbuktu war erreicht und Australien durchquert. Nur das geheimnisvolle Schneeland hinter den h\u00f6chsten Gipfeln der Erde bewahrte seine r\u00e4tselhafte Abgeschiedenheit gegen\u00fcber den &hellip; Hopkirk: Der Griff nach Lhasa weiterlesen &rarr;\" \/>\n<meta property=\"og:url\" content=\"https:\/\/ludwig-witzani.de\/zu-den-grossen-traeumen\/buchempfehlungen\/einladung-nach-tibet\/hopkirk-der-griff-nach-lhasa\/\" \/>\n<meta property=\"og:site_name\" content=\"Ludwig Witzani\" \/>\n<meta property=\"article:modified_time\" content=\"2025-06-03T10:32:54+00:00\" \/>\n<meta name=\"twitter:card\" content=\"summary_large_image\" \/>\n<meta name=\"twitter:label1\" content=\"Gesch\u00e4tzte Lesezeit\" \/>\n\t<meta name=\"twitter:data1\" content=\"2\u00a0Minuten\" \/>\n<script type=\"application\/ld+json\" class=\"yoast-schema-graph\">{\"@context\":\"https:\\\/\\\/schema.org\",\"@graph\":[{\"@type\":\"WebPage\",\"@id\":\"https:\\\/\\\/ludwig-witzani.de\\\/zu-den-grossen-traeumen\\\/buchempfehlungen\\\/einladung-nach-tibet\\\/hopkirk-der-griff-nach-lhasa\\\/\",\"url\":\"https:\\\/\\\/ludwig-witzani.de\\\/zu-den-grossen-traeumen\\\/buchempfehlungen\\\/einladung-nach-tibet\\\/hopkirk-der-griff-nach-lhasa\\\/\",\"name\":\"Hopkirk: Der Griff nach Lhasa - Ludwig Witzani\",\"isPartOf\":{\"@id\":\"https:\\\/\\\/ludwig-witzani.de\\\/zu-den-grossen-traeumen\\\/#website\"},\"primaryImageOfPage\":{\"@id\":\"https:\\\/\\\/ludwig-witzani.de\\\/zu-den-grossen-traeumen\\\/buchempfehlungen\\\/einladung-nach-tibet\\\/hopkirk-der-griff-nach-lhasa\\\/#primaryimage\"},\"image\":{\"@id\":\"https:\\\/\\\/ludwig-witzani.de\\\/zu-den-grossen-traeumen\\\/buchempfehlungen\\\/einladung-nach-tibet\\\/hopkirk-der-griff-nach-lhasa\\\/#primaryimage\"},\"thumbnailUrl\":\"http:\\\/\\\/ludwig-witzani.de\\\/wp-content\\\/uploads\\\/2014\\\/03\\\/IMG_0925-508x800.jpg\",\"datePublished\":\"2014-03-13T15:23:31+00:00\",\"dateModified\":\"2025-06-03T10:32:54+00:00\",\"breadcrumb\":{\"@id\":\"https:\\\/\\\/ludwig-witzani.de\\\/zu-den-grossen-traeumen\\\/buchempfehlungen\\\/einladung-nach-tibet\\\/hopkirk-der-griff-nach-lhasa\\\/#breadcrumb\"},\"inLanguage\":\"de\",\"potentialAction\":[{\"@type\":\"ReadAction\",\"target\":[\"https:\\\/\\\/ludwig-witzani.de\\\/zu-den-grossen-traeumen\\\/buchempfehlungen\\\/einladung-nach-tibet\\\/hopkirk-der-griff-nach-lhasa\\\/\"]}]},{\"@type\":\"ImageObject\",\"inLanguage\":\"de\",\"@id\":\"https:\\\/\\\/ludwig-witzani.de\\\/zu-den-grossen-traeumen\\\/buchempfehlungen\\\/einladung-nach-tibet\\\/hopkirk-der-griff-nach-lhasa\\\/#primaryimage\",\"url\":\"http:\\\/\\\/ludwig-witzani.de\\\/wp-content\\\/uploads\\\/2014\\\/03\\\/IMG_0925-508x800.jpg\",\"contentUrl\":\"http:\\\/\\\/ludwig-witzani.de\\\/wp-content\\\/uploads\\\/2014\\\/03\\\/IMG_0925-508x800.jpg\"},{\"@type\":\"BreadcrumbList\",\"@id\":\"https:\\\/\\\/ludwig-witzani.de\\\/zu-den-grossen-traeumen\\\/buchempfehlungen\\\/einladung-nach-tibet\\\/hopkirk-der-griff-nach-lhasa\\\/#breadcrumb\",\"itemListElement\":[{\"@type\":\"ListItem\",\"position\":1,\"name\":\"Startseite\",\"item\":\"https:\\\/\\\/ludwig-witzani.de\\\/zu-den-grossen-traeumen\\\/\"},{\"@type\":\"ListItem\",\"position\":2,\"name\":\"Reisebuchportal\",\"item\":\"https:\\\/\\\/ludwig-witzani.de\\\/zu-den-grossen-traeumen\\\/?page_id=151\"},{\"@type\":\"ListItem\",\"position\":3,\"name\":\"Einladung nach Tibet\",\"item\":\"https:\\\/\\\/ludwig-witzani.de\\\/zu-den-grossen-traeumen\\\/?page_id=1388\"},{\"@type\":\"ListItem\",\"position\":4,\"name\":\"Hopkirk: Der Griff nach Lhasa\"}]},{\"@type\":\"WebSite\",\"@id\":\"https:\\\/\\\/ludwig-witzani.de\\\/zu-den-grossen-traeumen\\\/#website\",\"url\":\"https:\\\/\\\/ludwig-witzani.de\\\/zu-den-grossen-traeumen\\\/\",\"name\":\"Ludwig Witzani\",\"description\":\"World Wide Travel\",\"potentialAction\":[{\"@type\":\"SearchAction\",\"target\":{\"@type\":\"EntryPoint\",\"urlTemplate\":\"https:\\\/\\\/ludwig-witzani.de\\\/zu-den-grossen-traeumen\\\/?s={search_term_string}\"},\"query-input\":{\"@type\":\"PropertyValueSpecification\",\"valueRequired\":true,\"valueName\":\"search_term_string\"}}],\"inLanguage\":\"de\"}]}<\/script>\n<!-- \/ Yoast SEO plugin. -->","yoast_head_json":{"title":"Hopkirk: Der Griff nach Lhasa - Ludwig Witzani","robots":{"index":"index","follow":"follow","max-snippet":"max-snippet:-1","max-image-preview":"max-image-preview:large","max-video-preview":"max-video-preview:-1"},"canonical":"https:\/\/ludwig-witzani.de\/zu-den-grossen-traeumen\/buchempfehlungen\/einladung-nach-tibet\/hopkirk-der-griff-nach-lhasa\/","og_locale":"de_DE","og_type":"article","og_title":"Hopkirk: Der Griff nach Lhasa - Ludwig Witzani","og_description":"Peter Hopkirk: Der Griff nach Lhasa. Die Erschlie\u00dfung Tibets im 19. und 20. Jahrhundert Noch vor einhundertf\u00fcnfzig Jahren war Tibet der letzte wei\u00dfe Fleck auf der Landkarte. Die Quellen des Nils waren gefunden, Timbuktu war erreicht und Australien durchquert. Nur das geheimnisvolle Schneeland hinter den h\u00f6chsten Gipfeln der Erde bewahrte seine r\u00e4tselhafte Abgeschiedenheit gegen\u00fcber den &hellip; Hopkirk: Der Griff nach Lhasa weiterlesen &rarr;","og_url":"https:\/\/ludwig-witzani.de\/zu-den-grossen-traeumen\/buchempfehlungen\/einladung-nach-tibet\/hopkirk-der-griff-nach-lhasa\/","og_site_name":"Ludwig Witzani","article_modified_time":"2025-06-03T10:32:54+00:00","twitter_card":"summary_large_image","twitter_misc":{"Gesch\u00e4tzte Lesezeit":"2\u00a0Minuten"},"schema":{"@context":"https:\/\/schema.org","@graph":[{"@type":"WebPage","@id":"https:\/\/ludwig-witzani.de\/zu-den-grossen-traeumen\/buchempfehlungen\/einladung-nach-tibet\/hopkirk-der-griff-nach-lhasa\/","url":"https:\/\/ludwig-witzani.de\/zu-den-grossen-traeumen\/buchempfehlungen\/einladung-nach-tibet\/hopkirk-der-griff-nach-lhasa\/","name":"Hopkirk: Der Griff nach Lhasa - Ludwig Witzani","isPartOf":{"@id":"https:\/\/ludwig-witzani.de\/zu-den-grossen-traeumen\/#website"},"primaryImageOfPage":{"@id":"https:\/\/ludwig-witzani.de\/zu-den-grossen-traeumen\/buchempfehlungen\/einladung-nach-tibet\/hopkirk-der-griff-nach-lhasa\/#primaryimage"},"image":{"@id":"https:\/\/ludwig-witzani.de\/zu-den-grossen-traeumen\/buchempfehlungen\/einladung-nach-tibet\/hopkirk-der-griff-nach-lhasa\/#primaryimage"},"thumbnailUrl":"http:\/\/ludwig-witzani.de\/wp-content\/uploads\/2014\/03\/IMG_0925-508x800.jpg","datePublished":"2014-03-13T15:23:31+00:00","dateModified":"2025-06-03T10:32:54+00:00","breadcrumb":{"@id":"https:\/\/ludwig-witzani.de\/zu-den-grossen-traeumen\/buchempfehlungen\/einladung-nach-tibet\/hopkirk-der-griff-nach-lhasa\/#breadcrumb"},"inLanguage":"de","potentialAction":[{"@type":"ReadAction","target":["https:\/\/ludwig-witzani.de\/zu-den-grossen-traeumen\/buchempfehlungen\/einladung-nach-tibet\/hopkirk-der-griff-nach-lhasa\/"]}]},{"@type":"ImageObject","inLanguage":"de","@id":"https:\/\/ludwig-witzani.de\/zu-den-grossen-traeumen\/buchempfehlungen\/einladung-nach-tibet\/hopkirk-der-griff-nach-lhasa\/#primaryimage","url":"http:\/\/ludwig-witzani.de\/wp-content\/uploads\/2014\/03\/IMG_0925-508x800.jpg","contentUrl":"http:\/\/ludwig-witzani.de\/wp-content\/uploads\/2014\/03\/IMG_0925-508x800.jpg"},{"@type":"BreadcrumbList","@id":"https:\/\/ludwig-witzani.de\/zu-den-grossen-traeumen\/buchempfehlungen\/einladung-nach-tibet\/hopkirk-der-griff-nach-lhasa\/#breadcrumb","itemListElement":[{"@type":"ListItem","position":1,"name":"Startseite","item":"https:\/\/ludwig-witzani.de\/zu-den-grossen-traeumen\/"},{"@type":"ListItem","position":2,"name":"Reisebuchportal","item":"https:\/\/ludwig-witzani.de\/zu-den-grossen-traeumen\/?page_id=151"},{"@type":"ListItem","position":3,"name":"Einladung nach Tibet","item":"https:\/\/ludwig-witzani.de\/zu-den-grossen-traeumen\/?page_id=1388"},{"@type":"ListItem","position":4,"name":"Hopkirk: Der Griff nach Lhasa"}]},{"@type":"WebSite","@id":"https:\/\/ludwig-witzani.de\/zu-den-grossen-traeumen\/#website","url":"https:\/\/ludwig-witzani.de\/zu-den-grossen-traeumen\/","name":"Ludwig Witzani","description":"World Wide Travel","potentialAction":[{"@type":"SearchAction","target":{"@type":"EntryPoint","urlTemplate":"https:\/\/ludwig-witzani.de\/zu-den-grossen-traeumen\/?s={search_term_string}"},"query-input":{"@type":"PropertyValueSpecification","valueRequired":true,"valueName":"search_term_string"}}],"inLanguage":"de"}]}},"jetpack_shortlink":"https:\/\/wp.me\/P4daYo-DL","jetpack_sharing_enabled":true,"_links":{"self":[{"href":"https:\/\/ludwig-witzani.de\/zu-den-grossen-traeumen\/wp-json\/wp\/v2\/pages\/2465","targetHints":{"allow":["GET"]}}],"collection":[{"href":"https:\/\/ludwig-witzani.de\/zu-den-grossen-traeumen\/wp-json\/wp\/v2\/pages"}],"about":[{"href":"https:\/\/ludwig-witzani.de\/zu-den-grossen-traeumen\/wp-json\/wp\/v2\/types\/page"}],"author":[{"embeddable":true,"href":"https:\/\/ludwig-witzani.de\/zu-den-grossen-traeumen\/wp-json\/wp\/v2\/users\/2"}],"replies":[{"embeddable":true,"href":"https:\/\/ludwig-witzani.de\/zu-den-grossen-traeumen\/wp-json\/wp\/v2\/comments?post=2465"}],"version-history":[{"count":2,"href":"https:\/\/ludwig-witzani.de\/zu-den-grossen-traeumen\/wp-json\/wp\/v2\/pages\/2465\/revisions"}],"predecessor-version":[{"id":2468,"href":"https:\/\/ludwig-witzani.de\/zu-den-grossen-traeumen\/wp-json\/wp\/v2\/pages\/2465\/revisions\/2468"}],"up":[{"embeddable":true,"href":"https:\/\/ludwig-witzani.de\/zu-den-grossen-traeumen\/wp-json\/wp\/v2\/pages\/1388"}],"wp:attachment":[{"href":"https:\/\/ludwig-witzani.de\/zu-den-grossen-traeumen\/wp-json\/wp\/v2\/media?parent=2465"}],"curies":[{"name":"wp","href":"https:\/\/api.w.org\/{rel}","templated":true}]}}