{"id":2452,"date":"2014-03-13T15:08:18","date_gmt":"2014-03-13T15:08:18","guid":{"rendered":"http:\/\/ludwig-witzani.de\/?page_id=2452"},"modified":"2025-06-03T10:32:54","modified_gmt":"2025-06-03T10:32:54","slug":"baumann-kailash-tibets-heiliger-berg","status":"publish","type":"page","link":"https:\/\/ludwig-witzani.de\/zu-den-grossen-traeumen\/buchempfehlungen\/einladung-nach-tibet\/baumann-kailash-tibets-heiliger-berg\/","title":{"rendered":"Baumann: Kailash &#8211; Tibets heiliger Berg"},"content":{"rendered":"<h3><a href=\"http:\/\/ludwig-witzani.de\/wp-content\/uploads\/2014\/03\/IMG_0924.jpg\"><img loading=\"lazy\" decoding=\"async\" class=\"aligncenter  wp-image-2453\" style=\"width: 384px;\" alt=\"IMG_0924\" src=\"http:\/\/ludwig-witzani.de\/wp-content\/uploads\/2014\/03\/IMG_0924-533x800.jpg\" width=\"533\" height=\"623\" \/><\/a><strong>Bruno Baumann: Kailash &#8211; Tibets heiliger Berg<\/strong><\/h3>\n<p>Kein Berg der Erde kommt an geographischer Harmonie und religi\u00f6ser Bedeutung dem Kailash gleich. In seinem unmittelbaren Umkreis b\u00fcndeln sich so viele Symmetrien und Einzigartigkeiten, dass die menschliche Phantasie wie selbstverst\u00e4ndlich von Anbeginn der Zeiten an das Wirken von G\u00f6ttern und Geistern voraussetzte. Der Kailash oder der \u201eKang Rinpotsche\u201c, wie ihn die Tibeter nennen, ist f\u00fcr Hindus und Buddhisten, Jainas und B\u00f6n die irdische Entsprechung des Weltberges Meru, der nach der altindischen Sch\u00f6pfunsmythologie im Zentrum des Kosmos nicht nur von sieben Ozeanen umgeben sondern auch der Ursprung der vier gro\u00dfen Lebensfl\u00fcsse ist. Und tats\u00e4chlich entspringen im unmittelbaren Umkreis des Kailash, dem h\u00f6chsten Plateau des Transhimalaya, der Indus und der Karnali, der Brahmaputra\/Tsangpo und der Sutlej, vier der f\u00fcnf gro\u00dfen Str\u00f6me S\u00fcdasiens, die den Lebensraum von \u00fcber einer Milliarde Menschen wie die Speichern eines gigantischen Weltenrades umfassen. Auch die Quelle des f\u00fcnften und heiligsten von allen, des Ganges ist nicht weit \u2013 seine Quelle bei Gangotri wird nach der festen \u00dcberzeugung der Gl\u00e4ubigen \u00fcber eine unterirdische Verbindung aus den Gew\u00e4ssern des heiligen Manansarwoar See zu F\u00fc\u00dfen des Kailash gespeist. Und \u00fcber den Quellen, die von diesem zentralen Punkt des asiatischen Kontinents das Leben eines ganzen Weltteils sichern, erhebt sich der Kailash in einer Sch\u00f6nheit und Perfektion, die f\u00fcr den Gl\u00e4ubigen keinen Zweifel an seiner G\u00f6ttlichkeit erlaubt: als buddhistische Kristallpagode, als Weltachse Jampudvidas oder als Shiwas Haus mit seinem \u00fcberirdisch anmutenden Dach aus ewigem Eis. Nicht genug damit, dass die Natur inmitten einer flach anmutenden Gebirgszuges einen einen 6.675m hohen Berg hervorbrachte, der an einen gigantischen Tempel erinnert &#8211; sie hat sie ihm, ebenso wie jeder s\u00fcdasiatische Tempel seine heiligen Gew\u00e4sser besitzt, auch noch zwei Seen zugesellt, deren Gegens\u00e4tzlichkeit kaum gr\u00f6\u00dfer sein k\u00f6nnte. Der Manasarowar-See und der Raksas Tal, zwei etwa gleich gro\u00dfe und nur durch eine H\u00fcgelkette getrennte Zwillingsseen verk\u00f6rpern f\u00fcr die Tibeter als Teil eines universalen Mandalas die gegens\u00e4tzlichen Aspekte des Lebens: M\u00e4nnliches und Weibliches, Solares und Lunares, Geistiges und Emotionales, die Widerspr\u00fcche des Lebens, die nur in der Andacht aufgehoben werden k\u00f6nnen, finden ihre geographische Entsprechung in den Gew\u00e4ssern zu F\u00fc\u00dfen des heiligen Berges.<\/p>\n<div class=\"reviewText\">Wer all das und noch viel mehr \u00fcber den Heiligsen aller Berge wissen m\u00f6chte, ist bei dem vorliegenden Buch gut aufgehoben. Der Weltenreisende und Abentuerer Bruno Baumann, hat alle gro\u00dfen Fl\u00fcsse, die vom Kailash aus ihren Ausgang nehmen, bis zu ihren Quellen erwandert: zuerst den Sutlej und den Tsangpo-Brahmaputra, dann den Karnali und schlie\u00dflich den Indus, der vom Kailash aus seinen paradoxen Weg nach Nordwesten nimmt, ehe er im Karakorum seine Richtung gen S\u00fcden \u00e4ndert. Mit dem allj\u00e4rlichen Fest der Erleuchtung Buddhas zu F\u00fc\u00dfen des Kailash und der inneren Kailash-Kora endet das kostbar aufgemachte und \u00fcppig bebilderte Buch. Beneidenswert der Mensch, der die Ressourcen f\u00fcr eine solche Reise besitzt. Und Hut ab vor dem Autor, dem es gelingt, eine seinem Gegenstand gegen\u00fcber angemessene Sprache zu finden.<\/div>\n","protected":false},"excerpt":{"rendered":"<p>Bruno Baumann: Kailash &#8211; Tibets heiliger Berg Kein Berg der Erde kommt an geographischer Harmonie und religi\u00f6ser Bedeutung dem Kailash gleich. In seinem unmittelbaren Umkreis b\u00fcndeln sich so viele Symmetrien und Einzigartigkeiten, dass die menschliche Phantasie wie selbstverst\u00e4ndlich von Anbeginn der Zeiten an das Wirken von G\u00f6ttern und Geistern voraussetzte. Der Kailash oder der \u201eKang &hellip; <a href=\"https:\/\/ludwig-witzani.de\/zu-den-grossen-traeumen\/buchempfehlungen\/einladung-nach-tibet\/baumann-kailash-tibets-heiliger-berg\/\" class=\"more-link\"><span class=\"screen-reader-text\">Baumann: Kailash &#8211; Tibets heiliger Berg<\/span> weiterlesen <span class=\"meta-nav\">&rarr;<\/span><\/a><\/p>\n","protected":false},"author":2,"featured_media":0,"parent":1388,"menu_order":5,"comment_status":"closed","ping_status":"closed","template":"","meta":{"ngg_post_thumbnail":0,"jetpack_post_was_ever_published":false,"footnotes":""},"class_list":["post-2452","page","type-page","status-publish","hentry"],"yoast_head":"<!-- This site is optimized with the Yoast SEO plugin v27.5 - https:\/\/yoast.com\/product\/yoast-seo-wordpress\/ -->\n<title>Baumann: Kailash - Tibets heiliger Berg - Ludwig Witzani<\/title>\n<meta name=\"robots\" content=\"index, follow, max-snippet:-1, max-image-preview:large, max-video-preview:-1\" \/>\n<link rel=\"canonical\" href=\"https:\/\/ludwig-witzani.de\/zu-den-grossen-traeumen\/buchempfehlungen\/einladung-nach-tibet\/baumann-kailash-tibets-heiliger-berg\/\" \/>\n<meta property=\"og:locale\" content=\"de_DE\" \/>\n<meta property=\"og:type\" content=\"article\" \/>\n<meta property=\"og:title\" content=\"Baumann: Kailash - Tibets heiliger Berg - Ludwig Witzani\" \/>\n<meta property=\"og:description\" content=\"Bruno Baumann: Kailash &#8211; Tibets heiliger Berg Kein Berg der Erde kommt an geographischer Harmonie und religi\u00f6ser Bedeutung dem Kailash gleich. In seinem unmittelbaren Umkreis b\u00fcndeln sich so viele Symmetrien und Einzigartigkeiten, dass die menschliche Phantasie wie selbstverst\u00e4ndlich von Anbeginn der Zeiten an das Wirken von G\u00f6ttern und Geistern voraussetzte. Der Kailash oder der \u201eKang &hellip; Baumann: Kailash &#8211; Tibets heiliger Berg weiterlesen &rarr;\" \/>\n<meta property=\"og:url\" content=\"https:\/\/ludwig-witzani.de\/zu-den-grossen-traeumen\/buchempfehlungen\/einladung-nach-tibet\/baumann-kailash-tibets-heiliger-berg\/\" \/>\n<meta property=\"og:site_name\" content=\"Ludwig Witzani\" \/>\n<meta property=\"article:modified_time\" content=\"2025-06-03T10:32:54+00:00\" \/>\n<meta name=\"twitter:card\" content=\"summary_large_image\" \/>\n<meta name=\"twitter:label1\" content=\"Gesch\u00e4tzte Lesezeit\" \/>\n\t<meta name=\"twitter:data1\" content=\"3\u00a0Minuten\" \/>\n<script type=\"application\/ld+json\" class=\"yoast-schema-graph\">{\"@context\":\"https:\\\/\\\/schema.org\",\"@graph\":[{\"@type\":\"WebPage\",\"@id\":\"https:\\\/\\\/ludwig-witzani.de\\\/zu-den-grossen-traeumen\\\/buchempfehlungen\\\/einladung-nach-tibet\\\/baumann-kailash-tibets-heiliger-berg\\\/\",\"url\":\"https:\\\/\\\/ludwig-witzani.de\\\/zu-den-grossen-traeumen\\\/buchempfehlungen\\\/einladung-nach-tibet\\\/baumann-kailash-tibets-heiliger-berg\\\/\",\"name\":\"Baumann: Kailash - Tibets heiliger Berg - Ludwig Witzani\",\"isPartOf\":{\"@id\":\"https:\\\/\\\/ludwig-witzani.de\\\/zu-den-grossen-traeumen\\\/#website\"},\"primaryImageOfPage\":{\"@id\":\"https:\\\/\\\/ludwig-witzani.de\\\/zu-den-grossen-traeumen\\\/buchempfehlungen\\\/einladung-nach-tibet\\\/baumann-kailash-tibets-heiliger-berg\\\/#primaryimage\"},\"image\":{\"@id\":\"https:\\\/\\\/ludwig-witzani.de\\\/zu-den-grossen-traeumen\\\/buchempfehlungen\\\/einladung-nach-tibet\\\/baumann-kailash-tibets-heiliger-berg\\\/#primaryimage\"},\"thumbnailUrl\":\"http:\\\/\\\/ludwig-witzani.de\\\/wp-content\\\/uploads\\\/2014\\\/03\\\/IMG_0924-533x800.jpg\",\"datePublished\":\"2014-03-13T15:08:18+00:00\",\"dateModified\":\"2025-06-03T10:32:54+00:00\",\"breadcrumb\":{\"@id\":\"https:\\\/\\\/ludwig-witzani.de\\\/zu-den-grossen-traeumen\\\/buchempfehlungen\\\/einladung-nach-tibet\\\/baumann-kailash-tibets-heiliger-berg\\\/#breadcrumb\"},\"inLanguage\":\"de\",\"potentialAction\":[{\"@type\":\"ReadAction\",\"target\":[\"https:\\\/\\\/ludwig-witzani.de\\\/zu-den-grossen-traeumen\\\/buchempfehlungen\\\/einladung-nach-tibet\\\/baumann-kailash-tibets-heiliger-berg\\\/\"]}]},{\"@type\":\"ImageObject\",\"inLanguage\":\"de\",\"@id\":\"https:\\\/\\\/ludwig-witzani.de\\\/zu-den-grossen-traeumen\\\/buchempfehlungen\\\/einladung-nach-tibet\\\/baumann-kailash-tibets-heiliger-berg\\\/#primaryimage\",\"url\":\"http:\\\/\\\/ludwig-witzani.de\\\/wp-content\\\/uploads\\\/2014\\\/03\\\/IMG_0924-533x800.jpg\",\"contentUrl\":\"http:\\\/\\\/ludwig-witzani.de\\\/wp-content\\\/uploads\\\/2014\\\/03\\\/IMG_0924-533x800.jpg\"},{\"@type\":\"BreadcrumbList\",\"@id\":\"https:\\\/\\\/ludwig-witzani.de\\\/zu-den-grossen-traeumen\\\/buchempfehlungen\\\/einladung-nach-tibet\\\/baumann-kailash-tibets-heiliger-berg\\\/#breadcrumb\",\"itemListElement\":[{\"@type\":\"ListItem\",\"position\":1,\"name\":\"Startseite\",\"item\":\"https:\\\/\\\/ludwig-witzani.de\\\/zu-den-grossen-traeumen\\\/\"},{\"@type\":\"ListItem\",\"position\":2,\"name\":\"Reisebuchportal\",\"item\":\"https:\\\/\\\/ludwig-witzani.de\\\/zu-den-grossen-traeumen\\\/?page_id=151\"},{\"@type\":\"ListItem\",\"position\":3,\"name\":\"Einladung nach Tibet\",\"item\":\"https:\\\/\\\/ludwig-witzani.de\\\/zu-den-grossen-traeumen\\\/?page_id=1388\"},{\"@type\":\"ListItem\",\"position\":4,\"name\":\"Baumann: Kailash &#8211; Tibets heiliger Berg\"}]},{\"@type\":\"WebSite\",\"@id\":\"https:\\\/\\\/ludwig-witzani.de\\\/zu-den-grossen-traeumen\\\/#website\",\"url\":\"https:\\\/\\\/ludwig-witzani.de\\\/zu-den-grossen-traeumen\\\/\",\"name\":\"Ludwig Witzani\",\"description\":\"World Wide Travel\",\"potentialAction\":[{\"@type\":\"SearchAction\",\"target\":{\"@type\":\"EntryPoint\",\"urlTemplate\":\"https:\\\/\\\/ludwig-witzani.de\\\/zu-den-grossen-traeumen\\\/?s={search_term_string}\"},\"query-input\":{\"@type\":\"PropertyValueSpecification\",\"valueRequired\":true,\"valueName\":\"search_term_string\"}}],\"inLanguage\":\"de\"}]}<\/script>\n<!-- \/ Yoast SEO plugin. -->","yoast_head_json":{"title":"Baumann: Kailash - Tibets heiliger Berg - Ludwig Witzani","robots":{"index":"index","follow":"follow","max-snippet":"max-snippet:-1","max-image-preview":"max-image-preview:large","max-video-preview":"max-video-preview:-1"},"canonical":"https:\/\/ludwig-witzani.de\/zu-den-grossen-traeumen\/buchempfehlungen\/einladung-nach-tibet\/baumann-kailash-tibets-heiliger-berg\/","og_locale":"de_DE","og_type":"article","og_title":"Baumann: Kailash - Tibets heiliger Berg - Ludwig Witzani","og_description":"Bruno Baumann: Kailash &#8211; Tibets heiliger Berg Kein Berg der Erde kommt an geographischer Harmonie und religi\u00f6ser Bedeutung dem Kailash gleich. In seinem unmittelbaren Umkreis b\u00fcndeln sich so viele Symmetrien und Einzigartigkeiten, dass die menschliche Phantasie wie selbstverst\u00e4ndlich von Anbeginn der Zeiten an das Wirken von G\u00f6ttern und Geistern voraussetzte. Der Kailash oder der \u201eKang &hellip; Baumann: Kailash &#8211; Tibets heiliger Berg weiterlesen &rarr;","og_url":"https:\/\/ludwig-witzani.de\/zu-den-grossen-traeumen\/buchempfehlungen\/einladung-nach-tibet\/baumann-kailash-tibets-heiliger-berg\/","og_site_name":"Ludwig Witzani","article_modified_time":"2025-06-03T10:32:54+00:00","twitter_card":"summary_large_image","twitter_misc":{"Gesch\u00e4tzte Lesezeit":"3\u00a0Minuten"},"schema":{"@context":"https:\/\/schema.org","@graph":[{"@type":"WebPage","@id":"https:\/\/ludwig-witzani.de\/zu-den-grossen-traeumen\/buchempfehlungen\/einladung-nach-tibet\/baumann-kailash-tibets-heiliger-berg\/","url":"https:\/\/ludwig-witzani.de\/zu-den-grossen-traeumen\/buchempfehlungen\/einladung-nach-tibet\/baumann-kailash-tibets-heiliger-berg\/","name":"Baumann: Kailash - Tibets heiliger Berg - Ludwig Witzani","isPartOf":{"@id":"https:\/\/ludwig-witzani.de\/zu-den-grossen-traeumen\/#website"},"primaryImageOfPage":{"@id":"https:\/\/ludwig-witzani.de\/zu-den-grossen-traeumen\/buchempfehlungen\/einladung-nach-tibet\/baumann-kailash-tibets-heiliger-berg\/#primaryimage"},"image":{"@id":"https:\/\/ludwig-witzani.de\/zu-den-grossen-traeumen\/buchempfehlungen\/einladung-nach-tibet\/baumann-kailash-tibets-heiliger-berg\/#primaryimage"},"thumbnailUrl":"http:\/\/ludwig-witzani.de\/wp-content\/uploads\/2014\/03\/IMG_0924-533x800.jpg","datePublished":"2014-03-13T15:08:18+00:00","dateModified":"2025-06-03T10:32:54+00:00","breadcrumb":{"@id":"https:\/\/ludwig-witzani.de\/zu-den-grossen-traeumen\/buchempfehlungen\/einladung-nach-tibet\/baumann-kailash-tibets-heiliger-berg\/#breadcrumb"},"inLanguage":"de","potentialAction":[{"@type":"ReadAction","target":["https:\/\/ludwig-witzani.de\/zu-den-grossen-traeumen\/buchempfehlungen\/einladung-nach-tibet\/baumann-kailash-tibets-heiliger-berg\/"]}]},{"@type":"ImageObject","inLanguage":"de","@id":"https:\/\/ludwig-witzani.de\/zu-den-grossen-traeumen\/buchempfehlungen\/einladung-nach-tibet\/baumann-kailash-tibets-heiliger-berg\/#primaryimage","url":"http:\/\/ludwig-witzani.de\/wp-content\/uploads\/2014\/03\/IMG_0924-533x800.jpg","contentUrl":"http:\/\/ludwig-witzani.de\/wp-content\/uploads\/2014\/03\/IMG_0924-533x800.jpg"},{"@type":"BreadcrumbList","@id":"https:\/\/ludwig-witzani.de\/zu-den-grossen-traeumen\/buchempfehlungen\/einladung-nach-tibet\/baumann-kailash-tibets-heiliger-berg\/#breadcrumb","itemListElement":[{"@type":"ListItem","position":1,"name":"Startseite","item":"https:\/\/ludwig-witzani.de\/zu-den-grossen-traeumen\/"},{"@type":"ListItem","position":2,"name":"Reisebuchportal","item":"https:\/\/ludwig-witzani.de\/zu-den-grossen-traeumen\/?page_id=151"},{"@type":"ListItem","position":3,"name":"Einladung nach Tibet","item":"https:\/\/ludwig-witzani.de\/zu-den-grossen-traeumen\/?page_id=1388"},{"@type":"ListItem","position":4,"name":"Baumann: Kailash &#8211; Tibets heiliger Berg"}]},{"@type":"WebSite","@id":"https:\/\/ludwig-witzani.de\/zu-den-grossen-traeumen\/#website","url":"https:\/\/ludwig-witzani.de\/zu-den-grossen-traeumen\/","name":"Ludwig Witzani","description":"World Wide Travel","potentialAction":[{"@type":"SearchAction","target":{"@type":"EntryPoint","urlTemplate":"https:\/\/ludwig-witzani.de\/zu-den-grossen-traeumen\/?s={search_term_string}"},"query-input":{"@type":"PropertyValueSpecification","valueRequired":true,"valueName":"search_term_string"}}],"inLanguage":"de"}]}},"jetpack_shortlink":"https:\/\/wp.me\/P4daYo-Dy","jetpack_sharing_enabled":true,"_links":{"self":[{"href":"https:\/\/ludwig-witzani.de\/zu-den-grossen-traeumen\/wp-json\/wp\/v2\/pages\/2452","targetHints":{"allow":["GET"]}}],"collection":[{"href":"https:\/\/ludwig-witzani.de\/zu-den-grossen-traeumen\/wp-json\/wp\/v2\/pages"}],"about":[{"href":"https:\/\/ludwig-witzani.de\/zu-den-grossen-traeumen\/wp-json\/wp\/v2\/types\/page"}],"author":[{"embeddable":true,"href":"https:\/\/ludwig-witzani.de\/zu-den-grossen-traeumen\/wp-json\/wp\/v2\/users\/2"}],"replies":[{"embeddable":true,"href":"https:\/\/ludwig-witzani.de\/zu-den-grossen-traeumen\/wp-json\/wp\/v2\/comments?post=2452"}],"version-history":[{"count":3,"href":"https:\/\/ludwig-witzani.de\/zu-den-grossen-traeumen\/wp-json\/wp\/v2\/pages\/2452\/revisions"}],"predecessor-version":[{"id":3305,"href":"https:\/\/ludwig-witzani.de\/zu-den-grossen-traeumen\/wp-json\/wp\/v2\/pages\/2452\/revisions\/3305"}],"up":[{"embeddable":true,"href":"https:\/\/ludwig-witzani.de\/zu-den-grossen-traeumen\/wp-json\/wp\/v2\/pages\/1388"}],"wp:attachment":[{"href":"https:\/\/ludwig-witzani.de\/zu-den-grossen-traeumen\/wp-json\/wp\/v2\/media?parent=2452"}],"curies":[{"name":"wp","href":"https:\/\/api.w.org\/{rel}","templated":true}]}}