{"id":2347,"date":"2014-03-12T12:04:43","date_gmt":"2014-03-12T12:04:43","guid":{"rendered":"http:\/\/ludwig-witzani.de\/?page_id=2347"},"modified":"2025-06-03T10:32:54","modified_gmt":"2025-06-03T10:32:54","slug":"nagarkar-gottes-kleiner-krieger","status":"publish","type":"page","link":"https:\/\/ludwig-witzani.de\/zu-den-grossen-traeumen\/buchempfehlungen\/einladung-nach-indien\/nagarkar-gottes-kleiner-krieger\/","title":{"rendered":"Nagarkar: Gottes kleiner Krieger"},"content":{"rendered":"<p><a href=\"http:\/\/ludwig-witzani.de\/wp-content\/uploads\/2014\/03\/IMG_0918.jpg\"><img loading=\"lazy\" decoding=\"async\" class=\"aligncenter  wp-image-2348\" style=\"width: 346px;\" alt=\"IMG_0918\" src=\"http:\/\/ludwig-witzani.de\/wp-content\/uploads\/2014\/03\/IMG_0918-533x800.jpg\" width=\"533\" height=\"582\" \/><\/a><\/p>\n<h3>Nagarkar: Gottes kleiner Krieger<\/h3>\n<div>Dieses weltweit beachtete und hoch gelobte Buch handelt vom religi\u00f6sen Fundamentalismus, dargestellt am Beispiel eines jungen Inders, den seine fanatische Gottsuche nicht nur auf einer Reise durch die Glaubenspraxis von Islam, Christentum und Hinduismus sondern buchst\u00e4blich auch durch die Krisenregionen der ganzen Welt einem t\u00f6dlichen Ende entgegen f\u00fchrt. Das h\u00f6rt sich vielversprechend an, und so las ich dieses Buch w\u00e4hrend einer ausgedehnten Indienreise allabendlich bei einem Mango Lassi.\u00a0 Der erste Teil des Romans, immerhin 250 Seiten lang, ist ein Meisterwerk, und ich habe ihn regelrecht verschlungen. Erz\u00e4hlt wird die Geschichte Zia Khans, eines begabten jungen Moslems aus Bombay und seiner Familie. Vater, Bruder, Mutter, Tante, der Pan-Verk\u00e4ufer, der betr\u00fcgerische Onkel, die erste Liebe &#8211; jede Gestalt wird mit Liebe zum Detail in eine Geschichte einf\u00fchrt, die gleich zu Anfang ihren epischen Anspruch markiert: die Irrungen und Wirrungen auf der Suche nach Erl\u00f6sung &#8211; und das vor dem Hintergrund der quirligen, multikulturellen und herrlich anschaulich geschilderten Metropole am Arabischen Meer (wunderbar etwa die Schilderung der &#8222;indischen Stra\u00dfe&#8220; auf Seite 62). Schnell zeigt sich: Zia Khan ist ein religi\u00f6s ungemein sensibles Kind, dessen Gottsuche etwas Qu\u00e4lendes beinhaltet, wobei dieses Qu\u00e4lende nicht nur ihn, sondern auch seine Umgebung trifft. Mehr noch: Je intensiver sich der junge Zia mit der Religion besch\u00e4ftigt, desto gemeingef\u00e4hrlicher wird er: er verfolgt Salman Rushdie, um ihn zu ermorden, er versucht seinen Bruder zu erstechen und wird schlie\u00dflich zum islamistischen Terroristen, der in Kaschmir Hunderte unschuldiger Menschen auf dem Gewissen hat. Je weiter die Geschichte voranschreitet, umso deutlicher wird die &#8222;Message&#8220; des Romans: die Entschiedenheit der religi\u00f6sen \u00dcberzeugung ist der Katalysator von Mord, Tod und Gewalt zwischen den Menschen. So weit, so unerfreulich, aber auch so belehrend und zugleich erstaunlich unterhaltsam.<\/div>\n<div>Dann aber geschieht etwas Merkw\u00fcrdiges, was ich in dieser Krassheit bei einem ernsthaften Werk noch nicht erlebt habe. Der Roman st\u00fcrzt im zweiten Teil regelrecht ab &#8211; zun\u00e4chst verhalten, dann immer katastrophaler, je mehr sich das Buchs einem Ende n\u00e4hert. W\u00e4hrend Zias Geschichte im ersten Teil des Romans (Zia) packend, stimmungsvoll und psychologisch glaubw\u00fcrdig daherkommt, beginnt die Hauptfigur im zweiten und dritten Teil des Buches (Lucent, Tejas) psychologisch und poetologisch regelrecht zu flattern. Zia, inzwischen vom Islam zum Christentum konvertiert, regrediert zu einer Comicfigur, die mal dies, mal das tut, ohne dass der psychologische Zusammenhang auch nur im Ansatz ersichtlich w\u00e4re. Als Kinderretter, Abtreibungsgegner, Waffenh\u00e4ndler, B\u00f6rsenspekulant, Afghanistanversteher, Terrorismuslehrer und Steuerrechtsexperte wird ihm eine vollkommen unwahrscheinliche internationale Karriere angedichtet, ehe er (wahrscheinlich) seinen Tod von der Hand eines afghanischen Warlords findet. Die Romanhandlung, die im ersten Teil mit erz\u00e4hlerischem Geschick so breit und \u00fcppig entfaltet wird, dass man den Fortgang der Geschichte kaum erwarten konnte, verliert sich in die obskursten Wendungen und Unwahrscheinlichkeiten, bis man schlie\u00dflich das Interesse an der Handlungsf\u00fchrung verliert. \u00c4hnlich verh\u00e4lt es sich mit dem Romanpersonal. Manche Figuren wie die neurotische Vivian oder Tante Antonia, im ersten Teil des Werkes als Handlungstr\u00e4ger aufwendig aufgebaut, verschwinden einfach auf Nimmerwiedersehen &#8211; andere Gestalten wie der omin\u00f6se Shaktia Muni oder der afghanische Warlord springen pl\u00f6tzlich und unvorhergesehen aus der pseudoliterarischen Kiste. Der Einbruch des Romans ist umso bedauerlicher, als die Sprache, in der das Buch erz\u00e4hlt wird, bis zum Ende pr\u00e4gnant und geschliffen bleibt. Auch die immer wieder eingeschobenen geistesgeschichtlichen Reflexionen (etwa: die Krise der westlichen Zivilisation S. 488 und anderswo ) sind ungemein lesenswert. Und auch das Thema w\u00e4re es wert gewesen, auf einem angemessenen Niveau behandlet zu werden (Wie das geht, hat Salman Rushdie in &#8222;Shalimar der Narr&#8220; gezeigt.) Es ist eben in der Literatur doch nicht alles nur Sprache und Form &#8211; wenn der Inhalt vollst\u00e4ndig aus dem Ruder l\u00e4uft, wenn ein literarisches Werk nach einer beeindruckenden epischen Overt\u00fcre zu R\u00e4uberpistole schrumpft, n\u00fctzt auch die edelste Prosa nichts mehr. Schade, schade, schade! F\u00fcnf Sterne f\u00fcr den ersten Teil, maximal einen f\u00fcr den Rest &#8211; mit gutem Willen also drei Sterne insgesamt von einem entt\u00e4uschten Leser. Mein Tipp: nach der Lekt\u00fcre des ersten Teils in einem Second-hand-Buchladen\u00a0in Goa gegen einen Mistry oder einen Rushdie tauschen.<\/div>\n","protected":false},"excerpt":{"rendered":"<p>Nagarkar: Gottes kleiner Krieger Dieses weltweit beachtete und hoch gelobte Buch handelt vom religi\u00f6sen Fundamentalismus, dargestellt am Beispiel eines jungen Inders, den seine fanatische Gottsuche nicht nur auf einer Reise durch die Glaubenspraxis von Islam, Christentum und Hinduismus sondern buchst\u00e4blich auch durch die Krisenregionen der ganzen Welt einem t\u00f6dlichen Ende entgegen f\u00fchrt. Das h\u00f6rt sich &hellip; <a href=\"https:\/\/ludwig-witzani.de\/zu-den-grossen-traeumen\/buchempfehlungen\/einladung-nach-indien\/nagarkar-gottes-kleiner-krieger\/\" class=\"more-link\"><span class=\"screen-reader-text\">Nagarkar: Gottes kleiner Krieger<\/span> weiterlesen <span class=\"meta-nav\">&rarr;<\/span><\/a><\/p>\n","protected":false},"author":2,"featured_media":0,"parent":1384,"menu_order":0,"comment_status":"open","ping_status":"open","template":"","meta":{"ngg_post_thumbnail":0,"jetpack_post_was_ever_published":false,"footnotes":""},"class_list":["post-2347","page","type-page","status-publish","hentry"],"yoast_head":"<!-- This site is optimized with the Yoast SEO plugin v27.5 - https:\/\/yoast.com\/product\/yoast-seo-wordpress\/ -->\n<title>Nagarkar: Gottes kleiner Krieger - Ludwig Witzani<\/title>\n<meta name=\"robots\" content=\"index, follow, max-snippet:-1, max-image-preview:large, max-video-preview:-1\" \/>\n<link rel=\"canonical\" href=\"https:\/\/ludwig-witzani.de\/zu-den-grossen-traeumen\/buchempfehlungen\/einladung-nach-indien\/nagarkar-gottes-kleiner-krieger\/\" \/>\n<meta property=\"og:locale\" content=\"de_DE\" \/>\n<meta property=\"og:type\" content=\"article\" \/>\n<meta property=\"og:title\" content=\"Nagarkar: Gottes kleiner Krieger - Ludwig Witzani\" \/>\n<meta property=\"og:description\" content=\"Nagarkar: Gottes kleiner Krieger Dieses weltweit beachtete und hoch gelobte Buch handelt vom religi\u00f6sen Fundamentalismus, dargestellt am Beispiel eines jungen Inders, den seine fanatische Gottsuche nicht nur auf einer Reise durch die Glaubenspraxis von Islam, Christentum und Hinduismus sondern buchst\u00e4blich auch durch die Krisenregionen der ganzen Welt einem t\u00f6dlichen Ende entgegen f\u00fchrt. Das h\u00f6rt sich &hellip; Nagarkar: Gottes kleiner Krieger weiterlesen &rarr;\" \/>\n<meta property=\"og:url\" content=\"https:\/\/ludwig-witzani.de\/zu-den-grossen-traeumen\/buchempfehlungen\/einladung-nach-indien\/nagarkar-gottes-kleiner-krieger\/\" \/>\n<meta property=\"og:site_name\" content=\"Ludwig Witzani\" \/>\n<meta property=\"article:modified_time\" content=\"2025-06-03T10:32:54+00:00\" \/>\n<meta name=\"twitter:card\" content=\"summary_large_image\" \/>\n<meta name=\"twitter:label1\" content=\"Gesch\u00e4tzte Lesezeit\" \/>\n\t<meta name=\"twitter:data1\" content=\"4\u00a0Minuten\" \/>\n<script type=\"application\/ld+json\" class=\"yoast-schema-graph\">{\"@context\":\"https:\\\/\\\/schema.org\",\"@graph\":[{\"@type\":\"WebPage\",\"@id\":\"https:\\\/\\\/ludwig-witzani.de\\\/zu-den-grossen-traeumen\\\/buchempfehlungen\\\/einladung-nach-indien\\\/nagarkar-gottes-kleiner-krieger\\\/\",\"url\":\"https:\\\/\\\/ludwig-witzani.de\\\/zu-den-grossen-traeumen\\\/buchempfehlungen\\\/einladung-nach-indien\\\/nagarkar-gottes-kleiner-krieger\\\/\",\"name\":\"Nagarkar: Gottes kleiner Krieger - Ludwig Witzani\",\"isPartOf\":{\"@id\":\"https:\\\/\\\/ludwig-witzani.de\\\/zu-den-grossen-traeumen\\\/#website\"},\"primaryImageOfPage\":{\"@id\":\"https:\\\/\\\/ludwig-witzani.de\\\/zu-den-grossen-traeumen\\\/buchempfehlungen\\\/einladung-nach-indien\\\/nagarkar-gottes-kleiner-krieger\\\/#primaryimage\"},\"image\":{\"@id\":\"https:\\\/\\\/ludwig-witzani.de\\\/zu-den-grossen-traeumen\\\/buchempfehlungen\\\/einladung-nach-indien\\\/nagarkar-gottes-kleiner-krieger\\\/#primaryimage\"},\"thumbnailUrl\":\"http:\\\/\\\/ludwig-witzani.de\\\/wp-content\\\/uploads\\\/2014\\\/03\\\/IMG_0918-533x800.jpg\",\"datePublished\":\"2014-03-12T12:04:43+00:00\",\"dateModified\":\"2025-06-03T10:32:54+00:00\",\"breadcrumb\":{\"@id\":\"https:\\\/\\\/ludwig-witzani.de\\\/zu-den-grossen-traeumen\\\/buchempfehlungen\\\/einladung-nach-indien\\\/nagarkar-gottes-kleiner-krieger\\\/#breadcrumb\"},\"inLanguage\":\"de\",\"potentialAction\":[{\"@type\":\"ReadAction\",\"target\":[\"https:\\\/\\\/ludwig-witzani.de\\\/zu-den-grossen-traeumen\\\/buchempfehlungen\\\/einladung-nach-indien\\\/nagarkar-gottes-kleiner-krieger\\\/\"]}]},{\"@type\":\"ImageObject\",\"inLanguage\":\"de\",\"@id\":\"https:\\\/\\\/ludwig-witzani.de\\\/zu-den-grossen-traeumen\\\/buchempfehlungen\\\/einladung-nach-indien\\\/nagarkar-gottes-kleiner-krieger\\\/#primaryimage\",\"url\":\"http:\\\/\\\/ludwig-witzani.de\\\/wp-content\\\/uploads\\\/2014\\\/03\\\/IMG_0918-533x800.jpg\",\"contentUrl\":\"http:\\\/\\\/ludwig-witzani.de\\\/wp-content\\\/uploads\\\/2014\\\/03\\\/IMG_0918-533x800.jpg\"},{\"@type\":\"BreadcrumbList\",\"@id\":\"https:\\\/\\\/ludwig-witzani.de\\\/zu-den-grossen-traeumen\\\/buchempfehlungen\\\/einladung-nach-indien\\\/nagarkar-gottes-kleiner-krieger\\\/#breadcrumb\",\"itemListElement\":[{\"@type\":\"ListItem\",\"position\":1,\"name\":\"Startseite\",\"item\":\"https:\\\/\\\/ludwig-witzani.de\\\/zu-den-grossen-traeumen\\\/\"},{\"@type\":\"ListItem\",\"position\":2,\"name\":\"Reisebuchportal\",\"item\":\"https:\\\/\\\/ludwig-witzani.de\\\/zu-den-grossen-traeumen\\\/?page_id=151\"},{\"@type\":\"ListItem\",\"position\":3,\"name\":\"Einladung nach Indien\",\"item\":\"https:\\\/\\\/ludwig-witzani.de\\\/zu-den-grossen-traeumen\\\/?page_id=1384\"},{\"@type\":\"ListItem\",\"position\":4,\"name\":\"Nagarkar: Gottes kleiner Krieger\"}]},{\"@type\":\"WebSite\",\"@id\":\"https:\\\/\\\/ludwig-witzani.de\\\/zu-den-grossen-traeumen\\\/#website\",\"url\":\"https:\\\/\\\/ludwig-witzani.de\\\/zu-den-grossen-traeumen\\\/\",\"name\":\"Ludwig Witzani\",\"description\":\"World Wide Travel\",\"potentialAction\":[{\"@type\":\"SearchAction\",\"target\":{\"@type\":\"EntryPoint\",\"urlTemplate\":\"https:\\\/\\\/ludwig-witzani.de\\\/zu-den-grossen-traeumen\\\/?s={search_term_string}\"},\"query-input\":{\"@type\":\"PropertyValueSpecification\",\"valueRequired\":true,\"valueName\":\"search_term_string\"}}],\"inLanguage\":\"de\"}]}<\/script>\n<!-- \/ Yoast SEO plugin. -->","yoast_head_json":{"title":"Nagarkar: Gottes kleiner Krieger - Ludwig Witzani","robots":{"index":"index","follow":"follow","max-snippet":"max-snippet:-1","max-image-preview":"max-image-preview:large","max-video-preview":"max-video-preview:-1"},"canonical":"https:\/\/ludwig-witzani.de\/zu-den-grossen-traeumen\/buchempfehlungen\/einladung-nach-indien\/nagarkar-gottes-kleiner-krieger\/","og_locale":"de_DE","og_type":"article","og_title":"Nagarkar: Gottes kleiner Krieger - Ludwig Witzani","og_description":"Nagarkar: Gottes kleiner Krieger Dieses weltweit beachtete und hoch gelobte Buch handelt vom religi\u00f6sen Fundamentalismus, dargestellt am Beispiel eines jungen Inders, den seine fanatische Gottsuche nicht nur auf einer Reise durch die Glaubenspraxis von Islam, Christentum und Hinduismus sondern buchst\u00e4blich auch durch die Krisenregionen der ganzen Welt einem t\u00f6dlichen Ende entgegen f\u00fchrt. Das h\u00f6rt sich &hellip; Nagarkar: Gottes kleiner Krieger weiterlesen &rarr;","og_url":"https:\/\/ludwig-witzani.de\/zu-den-grossen-traeumen\/buchempfehlungen\/einladung-nach-indien\/nagarkar-gottes-kleiner-krieger\/","og_site_name":"Ludwig Witzani","article_modified_time":"2025-06-03T10:32:54+00:00","twitter_card":"summary_large_image","twitter_misc":{"Gesch\u00e4tzte Lesezeit":"4\u00a0Minuten"},"schema":{"@context":"https:\/\/schema.org","@graph":[{"@type":"WebPage","@id":"https:\/\/ludwig-witzani.de\/zu-den-grossen-traeumen\/buchempfehlungen\/einladung-nach-indien\/nagarkar-gottes-kleiner-krieger\/","url":"https:\/\/ludwig-witzani.de\/zu-den-grossen-traeumen\/buchempfehlungen\/einladung-nach-indien\/nagarkar-gottes-kleiner-krieger\/","name":"Nagarkar: Gottes kleiner Krieger - Ludwig Witzani","isPartOf":{"@id":"https:\/\/ludwig-witzani.de\/zu-den-grossen-traeumen\/#website"},"primaryImageOfPage":{"@id":"https:\/\/ludwig-witzani.de\/zu-den-grossen-traeumen\/buchempfehlungen\/einladung-nach-indien\/nagarkar-gottes-kleiner-krieger\/#primaryimage"},"image":{"@id":"https:\/\/ludwig-witzani.de\/zu-den-grossen-traeumen\/buchempfehlungen\/einladung-nach-indien\/nagarkar-gottes-kleiner-krieger\/#primaryimage"},"thumbnailUrl":"http:\/\/ludwig-witzani.de\/wp-content\/uploads\/2014\/03\/IMG_0918-533x800.jpg","datePublished":"2014-03-12T12:04:43+00:00","dateModified":"2025-06-03T10:32:54+00:00","breadcrumb":{"@id":"https:\/\/ludwig-witzani.de\/zu-den-grossen-traeumen\/buchempfehlungen\/einladung-nach-indien\/nagarkar-gottes-kleiner-krieger\/#breadcrumb"},"inLanguage":"de","potentialAction":[{"@type":"ReadAction","target":["https:\/\/ludwig-witzani.de\/zu-den-grossen-traeumen\/buchempfehlungen\/einladung-nach-indien\/nagarkar-gottes-kleiner-krieger\/"]}]},{"@type":"ImageObject","inLanguage":"de","@id":"https:\/\/ludwig-witzani.de\/zu-den-grossen-traeumen\/buchempfehlungen\/einladung-nach-indien\/nagarkar-gottes-kleiner-krieger\/#primaryimage","url":"http:\/\/ludwig-witzani.de\/wp-content\/uploads\/2014\/03\/IMG_0918-533x800.jpg","contentUrl":"http:\/\/ludwig-witzani.de\/wp-content\/uploads\/2014\/03\/IMG_0918-533x800.jpg"},{"@type":"BreadcrumbList","@id":"https:\/\/ludwig-witzani.de\/zu-den-grossen-traeumen\/buchempfehlungen\/einladung-nach-indien\/nagarkar-gottes-kleiner-krieger\/#breadcrumb","itemListElement":[{"@type":"ListItem","position":1,"name":"Startseite","item":"https:\/\/ludwig-witzani.de\/zu-den-grossen-traeumen\/"},{"@type":"ListItem","position":2,"name":"Reisebuchportal","item":"https:\/\/ludwig-witzani.de\/zu-den-grossen-traeumen\/?page_id=151"},{"@type":"ListItem","position":3,"name":"Einladung nach Indien","item":"https:\/\/ludwig-witzani.de\/zu-den-grossen-traeumen\/?page_id=1384"},{"@type":"ListItem","position":4,"name":"Nagarkar: Gottes kleiner Krieger"}]},{"@type":"WebSite","@id":"https:\/\/ludwig-witzani.de\/zu-den-grossen-traeumen\/#website","url":"https:\/\/ludwig-witzani.de\/zu-den-grossen-traeumen\/","name":"Ludwig Witzani","description":"World Wide Travel","potentialAction":[{"@type":"SearchAction","target":{"@type":"EntryPoint","urlTemplate":"https:\/\/ludwig-witzani.de\/zu-den-grossen-traeumen\/?s={search_term_string}"},"query-input":{"@type":"PropertyValueSpecification","valueRequired":true,"valueName":"search_term_string"}}],"inLanguage":"de"}]}},"jetpack_shortlink":"https:\/\/wp.me\/P4daYo-BR","jetpack_sharing_enabled":true,"_links":{"self":[{"href":"https:\/\/ludwig-witzani.de\/zu-den-grossen-traeumen\/wp-json\/wp\/v2\/pages\/2347","targetHints":{"allow":["GET"]}}],"collection":[{"href":"https:\/\/ludwig-witzani.de\/zu-den-grossen-traeumen\/wp-json\/wp\/v2\/pages"}],"about":[{"href":"https:\/\/ludwig-witzani.de\/zu-den-grossen-traeumen\/wp-json\/wp\/v2\/types\/page"}],"author":[{"embeddable":true,"href":"https:\/\/ludwig-witzani.de\/zu-den-grossen-traeumen\/wp-json\/wp\/v2\/users\/2"}],"replies":[{"embeddable":true,"href":"https:\/\/ludwig-witzani.de\/zu-den-grossen-traeumen\/wp-json\/wp\/v2\/comments?post=2347"}],"version-history":[{"count":2,"href":"https:\/\/ludwig-witzani.de\/zu-den-grossen-traeumen\/wp-json\/wp\/v2\/pages\/2347\/revisions"}],"predecessor-version":[{"id":2350,"href":"https:\/\/ludwig-witzani.de\/zu-den-grossen-traeumen\/wp-json\/wp\/v2\/pages\/2347\/revisions\/2350"}],"up":[{"embeddable":true,"href":"https:\/\/ludwig-witzani.de\/zu-den-grossen-traeumen\/wp-json\/wp\/v2\/pages\/1384"}],"wp:attachment":[{"href":"https:\/\/ludwig-witzani.de\/zu-den-grossen-traeumen\/wp-json\/wp\/v2\/media?parent=2347"}],"curies":[{"name":"wp","href":"https:\/\/api.w.org\/{rel}","templated":true}]}}