{"id":2339,"date":"2014-03-12T11:47:57","date_gmt":"2014-03-12T11:47:57","guid":{"rendered":"http:\/\/ludwig-witzani.de\/?page_id=2339"},"modified":"2025-06-03T10:32:54","modified_gmt":"2025-06-03T10:32:54","slug":"rushdie-mitternachtskinder","status":"publish","type":"page","link":"https:\/\/ludwig-witzani.de\/zu-den-grossen-traeumen\/buchempfehlungen\/einladung-nach-indien\/rushdie-mitternachtskinder\/","title":{"rendered":"Rushdie: Mitternachtskinder"},"content":{"rendered":"<p><a href=\"http:\/\/ludwig-witzani.de\/wp-content\/uploads\/2014\/03\/IMG_0905.jpg\"><img loading=\"lazy\" decoding=\"async\" class=\"aligncenter  wp-image-2340\" style=\"width: 327px;\" alt=\"IMG_0905\" src=\"http:\/\/ludwig-witzani.de\/wp-content\/uploads\/2014\/03\/IMG_0905-533x800.jpg\" width=\"533\" height=\"566\" \/><\/a><\/p>\n<p><b>\u00a0Salman Rushdie: Mitternachtskinder, M\u00fcnchen, 1978<\/b><\/p>\n<p>Der Klassiker, mit der Indien als Thema in den Fokus der Gegenwartsliteratur geriet, der Geniesteich eines kaum Drei\u00dfigj\u00e4hrigen, von dem damals noch niemand ahnen konnte, wie viel er noch schreiben und wie umstritten er noch werden w\u00fcrde. Rushdies Erstling ist nicht mehr und nicht weniger als der Roman Indiens, dargestellt anhand\u00a0der Geschichte zweier\u00a0 vertauschter Kinder, die beide am 15. August 1947, dem Tag der indischen Unabh\u00e4ngigkeit, geboren wurden. Zusammen mit zahlreichen R\u00fcckblicken auf die Geschichte der Vorfahren bietet der Roman ein raffiniert verkn\u00fcpftes Panorama der indischen Gesellschaft unter besonderer Ber\u00fccksichtigung der religi\u00f6sen und politischen Konflikte. Nicht jedermanns Sache ist Rushdies\u00a0Kombination von Erz\u00e4hlung, Tatsachengeschehen und Mythos, und wahr ist auch, dass das Buch dem Indienneuling eine Menge abverlangt.\u00a0\u00a0Ich habe dieses Buch auf meiner ersten Indienreise dabeigehabt und nichts verstanden. Sp\u00e4ter habe ich es dann mit Freude und Genuss gelesen.<\/p>\n<p>&nbsp;<\/p>\n","protected":false},"excerpt":{"rendered":"<p>\u00a0Salman Rushdie: Mitternachtskinder, M\u00fcnchen, 1978 Der Klassiker, mit der Indien als Thema in den Fokus der Gegenwartsliteratur geriet, der Geniesteich eines kaum Drei\u00dfigj\u00e4hrigen, von dem damals noch niemand ahnen konnte, wie viel er noch schreiben und wie umstritten er noch werden w\u00fcrde. Rushdies Erstling ist nicht mehr und nicht weniger als der Roman Indiens, dargestellt &hellip; <a href=\"https:\/\/ludwig-witzani.de\/zu-den-grossen-traeumen\/buchempfehlungen\/einladung-nach-indien\/rushdie-mitternachtskinder\/\" class=\"more-link\"><span class=\"screen-reader-text\">Rushdie: Mitternachtskinder<\/span> weiterlesen <span class=\"meta-nav\">&rarr;<\/span><\/a><\/p>\n","protected":false},"author":2,"featured_media":0,"parent":1384,"menu_order":11,"comment_status":"open","ping_status":"open","template":"","meta":{"ngg_post_thumbnail":0,"jetpack_post_was_ever_published":false,"footnotes":""},"class_list":["post-2339","page","type-page","status-publish","hentry"],"yoast_head":"<!-- This site is optimized with the Yoast SEO plugin v27.5 - https:\/\/yoast.com\/product\/yoast-seo-wordpress\/ -->\n<title>Rushdie: Mitternachtskinder - Ludwig Witzani<\/title>\n<meta name=\"robots\" content=\"index, follow, max-snippet:-1, max-image-preview:large, max-video-preview:-1\" \/>\n<link rel=\"canonical\" href=\"https:\/\/ludwig-witzani.de\/zu-den-grossen-traeumen\/buchempfehlungen\/einladung-nach-indien\/rushdie-mitternachtskinder\/\" \/>\n<meta property=\"og:locale\" content=\"de_DE\" \/>\n<meta property=\"og:type\" content=\"article\" \/>\n<meta property=\"og:title\" content=\"Rushdie: Mitternachtskinder - Ludwig Witzani\" \/>\n<meta property=\"og:description\" content=\"\u00a0Salman Rushdie: Mitternachtskinder, M\u00fcnchen, 1978 Der Klassiker, mit der Indien als Thema in den Fokus der Gegenwartsliteratur geriet, der Geniesteich eines kaum Drei\u00dfigj\u00e4hrigen, von dem damals noch niemand ahnen konnte, wie viel er noch schreiben und wie umstritten er noch werden w\u00fcrde. Rushdies Erstling ist nicht mehr und nicht weniger als der Roman Indiens, dargestellt &hellip; Rushdie: Mitternachtskinder weiterlesen &rarr;\" \/>\n<meta property=\"og:url\" content=\"https:\/\/ludwig-witzani.de\/zu-den-grossen-traeumen\/buchempfehlungen\/einladung-nach-indien\/rushdie-mitternachtskinder\/\" \/>\n<meta property=\"og:site_name\" content=\"Ludwig Witzani\" \/>\n<meta property=\"article:modified_time\" content=\"2025-06-03T10:32:54+00:00\" \/>\n<meta name=\"twitter:card\" content=\"summary_large_image\" \/>\n<meta name=\"twitter:label1\" content=\"Gesch\u00e4tzte Lesezeit\" \/>\n\t<meta name=\"twitter:data1\" content=\"1\u00a0Minute\" \/>\n<script type=\"application\/ld+json\" class=\"yoast-schema-graph\">{\"@context\":\"https:\\\/\\\/schema.org\",\"@graph\":[{\"@type\":\"WebPage\",\"@id\":\"https:\\\/\\\/ludwig-witzani.de\\\/zu-den-grossen-traeumen\\\/buchempfehlungen\\\/einladung-nach-indien\\\/rushdie-mitternachtskinder\\\/\",\"url\":\"https:\\\/\\\/ludwig-witzani.de\\\/zu-den-grossen-traeumen\\\/buchempfehlungen\\\/einladung-nach-indien\\\/rushdie-mitternachtskinder\\\/\",\"name\":\"Rushdie: Mitternachtskinder - Ludwig Witzani\",\"isPartOf\":{\"@id\":\"https:\\\/\\\/ludwig-witzani.de\\\/zu-den-grossen-traeumen\\\/#website\"},\"primaryImageOfPage\":{\"@id\":\"https:\\\/\\\/ludwig-witzani.de\\\/zu-den-grossen-traeumen\\\/buchempfehlungen\\\/einladung-nach-indien\\\/rushdie-mitternachtskinder\\\/#primaryimage\"},\"image\":{\"@id\":\"https:\\\/\\\/ludwig-witzani.de\\\/zu-den-grossen-traeumen\\\/buchempfehlungen\\\/einladung-nach-indien\\\/rushdie-mitternachtskinder\\\/#primaryimage\"},\"thumbnailUrl\":\"http:\\\/\\\/ludwig-witzani.de\\\/wp-content\\\/uploads\\\/2014\\\/03\\\/IMG_0905-533x800.jpg\",\"datePublished\":\"2014-03-12T11:47:57+00:00\",\"dateModified\":\"2025-06-03T10:32:54+00:00\",\"breadcrumb\":{\"@id\":\"https:\\\/\\\/ludwig-witzani.de\\\/zu-den-grossen-traeumen\\\/buchempfehlungen\\\/einladung-nach-indien\\\/rushdie-mitternachtskinder\\\/#breadcrumb\"},\"inLanguage\":\"de\",\"potentialAction\":[{\"@type\":\"ReadAction\",\"target\":[\"https:\\\/\\\/ludwig-witzani.de\\\/zu-den-grossen-traeumen\\\/buchempfehlungen\\\/einladung-nach-indien\\\/rushdie-mitternachtskinder\\\/\"]}]},{\"@type\":\"ImageObject\",\"inLanguage\":\"de\",\"@id\":\"https:\\\/\\\/ludwig-witzani.de\\\/zu-den-grossen-traeumen\\\/buchempfehlungen\\\/einladung-nach-indien\\\/rushdie-mitternachtskinder\\\/#primaryimage\",\"url\":\"http:\\\/\\\/ludwig-witzani.de\\\/wp-content\\\/uploads\\\/2014\\\/03\\\/IMG_0905-533x800.jpg\",\"contentUrl\":\"http:\\\/\\\/ludwig-witzani.de\\\/wp-content\\\/uploads\\\/2014\\\/03\\\/IMG_0905-533x800.jpg\"},{\"@type\":\"BreadcrumbList\",\"@id\":\"https:\\\/\\\/ludwig-witzani.de\\\/zu-den-grossen-traeumen\\\/buchempfehlungen\\\/einladung-nach-indien\\\/rushdie-mitternachtskinder\\\/#breadcrumb\",\"itemListElement\":[{\"@type\":\"ListItem\",\"position\":1,\"name\":\"Startseite\",\"item\":\"https:\\\/\\\/ludwig-witzani.de\\\/zu-den-grossen-traeumen\\\/\"},{\"@type\":\"ListItem\",\"position\":2,\"name\":\"Reisebuchportal\",\"item\":\"https:\\\/\\\/ludwig-witzani.de\\\/zu-den-grossen-traeumen\\\/?page_id=151\"},{\"@type\":\"ListItem\",\"position\":3,\"name\":\"Einladung nach Indien\",\"item\":\"https:\\\/\\\/ludwig-witzani.de\\\/zu-den-grossen-traeumen\\\/?page_id=1384\"},{\"@type\":\"ListItem\",\"position\":4,\"name\":\"Rushdie: Mitternachtskinder\"}]},{\"@type\":\"WebSite\",\"@id\":\"https:\\\/\\\/ludwig-witzani.de\\\/zu-den-grossen-traeumen\\\/#website\",\"url\":\"https:\\\/\\\/ludwig-witzani.de\\\/zu-den-grossen-traeumen\\\/\",\"name\":\"Ludwig Witzani\",\"description\":\"World Wide Travel\",\"potentialAction\":[{\"@type\":\"SearchAction\",\"target\":{\"@type\":\"EntryPoint\",\"urlTemplate\":\"https:\\\/\\\/ludwig-witzani.de\\\/zu-den-grossen-traeumen\\\/?s={search_term_string}\"},\"query-input\":{\"@type\":\"PropertyValueSpecification\",\"valueRequired\":true,\"valueName\":\"search_term_string\"}}],\"inLanguage\":\"de\"}]}<\/script>\n<!-- \/ Yoast SEO plugin. -->","yoast_head_json":{"title":"Rushdie: Mitternachtskinder - Ludwig Witzani","robots":{"index":"index","follow":"follow","max-snippet":"max-snippet:-1","max-image-preview":"max-image-preview:large","max-video-preview":"max-video-preview:-1"},"canonical":"https:\/\/ludwig-witzani.de\/zu-den-grossen-traeumen\/buchempfehlungen\/einladung-nach-indien\/rushdie-mitternachtskinder\/","og_locale":"de_DE","og_type":"article","og_title":"Rushdie: Mitternachtskinder - Ludwig Witzani","og_description":"\u00a0Salman Rushdie: Mitternachtskinder, M\u00fcnchen, 1978 Der Klassiker, mit der Indien als Thema in den Fokus der Gegenwartsliteratur geriet, der Geniesteich eines kaum Drei\u00dfigj\u00e4hrigen, von dem damals noch niemand ahnen konnte, wie viel er noch schreiben und wie umstritten er noch werden w\u00fcrde. Rushdies Erstling ist nicht mehr und nicht weniger als der Roman Indiens, dargestellt &hellip; Rushdie: Mitternachtskinder weiterlesen &rarr;","og_url":"https:\/\/ludwig-witzani.de\/zu-den-grossen-traeumen\/buchempfehlungen\/einladung-nach-indien\/rushdie-mitternachtskinder\/","og_site_name":"Ludwig Witzani","article_modified_time":"2025-06-03T10:32:54+00:00","twitter_card":"summary_large_image","twitter_misc":{"Gesch\u00e4tzte Lesezeit":"1\u00a0Minute"},"schema":{"@context":"https:\/\/schema.org","@graph":[{"@type":"WebPage","@id":"https:\/\/ludwig-witzani.de\/zu-den-grossen-traeumen\/buchempfehlungen\/einladung-nach-indien\/rushdie-mitternachtskinder\/","url":"https:\/\/ludwig-witzani.de\/zu-den-grossen-traeumen\/buchempfehlungen\/einladung-nach-indien\/rushdie-mitternachtskinder\/","name":"Rushdie: Mitternachtskinder - Ludwig Witzani","isPartOf":{"@id":"https:\/\/ludwig-witzani.de\/zu-den-grossen-traeumen\/#website"},"primaryImageOfPage":{"@id":"https:\/\/ludwig-witzani.de\/zu-den-grossen-traeumen\/buchempfehlungen\/einladung-nach-indien\/rushdie-mitternachtskinder\/#primaryimage"},"image":{"@id":"https:\/\/ludwig-witzani.de\/zu-den-grossen-traeumen\/buchempfehlungen\/einladung-nach-indien\/rushdie-mitternachtskinder\/#primaryimage"},"thumbnailUrl":"http:\/\/ludwig-witzani.de\/wp-content\/uploads\/2014\/03\/IMG_0905-533x800.jpg","datePublished":"2014-03-12T11:47:57+00:00","dateModified":"2025-06-03T10:32:54+00:00","breadcrumb":{"@id":"https:\/\/ludwig-witzani.de\/zu-den-grossen-traeumen\/buchempfehlungen\/einladung-nach-indien\/rushdie-mitternachtskinder\/#breadcrumb"},"inLanguage":"de","potentialAction":[{"@type":"ReadAction","target":["https:\/\/ludwig-witzani.de\/zu-den-grossen-traeumen\/buchempfehlungen\/einladung-nach-indien\/rushdie-mitternachtskinder\/"]}]},{"@type":"ImageObject","inLanguage":"de","@id":"https:\/\/ludwig-witzani.de\/zu-den-grossen-traeumen\/buchempfehlungen\/einladung-nach-indien\/rushdie-mitternachtskinder\/#primaryimage","url":"http:\/\/ludwig-witzani.de\/wp-content\/uploads\/2014\/03\/IMG_0905-533x800.jpg","contentUrl":"http:\/\/ludwig-witzani.de\/wp-content\/uploads\/2014\/03\/IMG_0905-533x800.jpg"},{"@type":"BreadcrumbList","@id":"https:\/\/ludwig-witzani.de\/zu-den-grossen-traeumen\/buchempfehlungen\/einladung-nach-indien\/rushdie-mitternachtskinder\/#breadcrumb","itemListElement":[{"@type":"ListItem","position":1,"name":"Startseite","item":"https:\/\/ludwig-witzani.de\/zu-den-grossen-traeumen\/"},{"@type":"ListItem","position":2,"name":"Reisebuchportal","item":"https:\/\/ludwig-witzani.de\/zu-den-grossen-traeumen\/?page_id=151"},{"@type":"ListItem","position":3,"name":"Einladung nach Indien","item":"https:\/\/ludwig-witzani.de\/zu-den-grossen-traeumen\/?page_id=1384"},{"@type":"ListItem","position":4,"name":"Rushdie: Mitternachtskinder"}]},{"@type":"WebSite","@id":"https:\/\/ludwig-witzani.de\/zu-den-grossen-traeumen\/#website","url":"https:\/\/ludwig-witzani.de\/zu-den-grossen-traeumen\/","name":"Ludwig Witzani","description":"World Wide Travel","potentialAction":[{"@type":"SearchAction","target":{"@type":"EntryPoint","urlTemplate":"https:\/\/ludwig-witzani.de\/zu-den-grossen-traeumen\/?s={search_term_string}"},"query-input":{"@type":"PropertyValueSpecification","valueRequired":true,"valueName":"search_term_string"}}],"inLanguage":"de"}]}},"jetpack_shortlink":"https:\/\/wp.me\/P4daYo-BJ","jetpack_sharing_enabled":true,"_links":{"self":[{"href":"https:\/\/ludwig-witzani.de\/zu-den-grossen-traeumen\/wp-json\/wp\/v2\/pages\/2339","targetHints":{"allow":["GET"]}}],"collection":[{"href":"https:\/\/ludwig-witzani.de\/zu-den-grossen-traeumen\/wp-json\/wp\/v2\/pages"}],"about":[{"href":"https:\/\/ludwig-witzani.de\/zu-den-grossen-traeumen\/wp-json\/wp\/v2\/types\/page"}],"author":[{"embeddable":true,"href":"https:\/\/ludwig-witzani.de\/zu-den-grossen-traeumen\/wp-json\/wp\/v2\/users\/2"}],"replies":[{"embeddable":true,"href":"https:\/\/ludwig-witzani.de\/zu-den-grossen-traeumen\/wp-json\/wp\/v2\/comments?post=2339"}],"version-history":[{"count":1,"href":"https:\/\/ludwig-witzani.de\/zu-den-grossen-traeumen\/wp-json\/wp\/v2\/pages\/2339\/revisions"}],"predecessor-version":[{"id":2341,"href":"https:\/\/ludwig-witzani.de\/zu-den-grossen-traeumen\/wp-json\/wp\/v2\/pages\/2339\/revisions\/2341"}],"up":[{"embeddable":true,"href":"https:\/\/ludwig-witzani.de\/zu-den-grossen-traeumen\/wp-json\/wp\/v2\/pages\/1384"}],"wp:attachment":[{"href":"https:\/\/ludwig-witzani.de\/zu-den-grossen-traeumen\/wp-json\/wp\/v2\/media?parent=2339"}],"curies":[{"name":"wp","href":"https:\/\/api.w.org\/{rel}","templated":true}]}}