{"id":2332,"date":"2014-03-12T11:34:47","date_gmt":"2014-03-12T11:34:47","guid":{"rendered":"http:\/\/ludwig-witzani.de\/?page_id=2332"},"modified":"2025-06-03T10:32:54","modified_gmt":"2025-06-03T10:32:54","slug":"roy-der-gott-der-kleinen-dinge","status":"publish","type":"page","link":"https:\/\/ludwig-witzani.de\/zu-den-grossen-traeumen\/buchempfehlungen\/einladung-nach-indien\/roy-der-gott-der-kleinen-dinge\/","title":{"rendered":"Roy: Der Gott der kleinen Dinge"},"content":{"rendered":"<p><a href=\"http:\/\/ludwig-witzani.de\/wp-content\/uploads\/2014\/03\/IMG_0902.jpg\"><img loading=\"lazy\" decoding=\"async\" class=\"aligncenter  wp-image-2333\" style=\"width: 357px;\" alt=\"IMG_0902\" src=\"http:\/\/ludwig-witzani.de\/wp-content\/uploads\/2014\/03\/IMG_0902-533x800.jpg\" width=\"533\" height=\"607\" \/><\/a><\/p>\n<p><b>Arundhati Roy: Der Gott der kleinen Dinge, Berlin, 1999<\/b><\/p>\n<p>Der vorliegende Roman einer jungen Autorin wurde zum Welterfolg der sp\u00e4ten Neunzehnhundertneunziger Jahre. Es ist ein wunderbares Buch mit einem doppelb\u00f6digen B\u00fchnenbild &#8211; der idyllischen Natur des\u00a0s\u00fcdindischen Bundesstaates Kerala<b>,<\/b> die die Reisenden zu allen zeiten bezaubert hat, und die\u00a0brisanten Religions- und Kastenkonflikte, von denen die Reisenden in der Regle nichts mitbekommen. \u00a0In diesem Spannungsfeld und vor der B\u00fchne einer exotischen Natur erz\u00e4hlt Arundhati Roy die tragische Geschichte der beiden Zwillinge Esthappen und Rahel\u00a0 und ihrer Mutter Ammu, die nach ihrer Scheidung in das R\u00e4derwerk der Justiz ger\u00e4t. In dem Buch ist von Schrillheit, mit der Arundhati Roy ansonsten ihre politischen Thesen vertritt, nichts zu bemerken &#8211; im Gegenteil: Das Buch ist bei aller H\u00e4rte seines Inhalts eine einzige poetische Labsal.\u00a0\u00a0\u00a0rIdeal f\u00fcr einige Strandtage am Kovalam Beach.<\/p>\n","protected":false},"excerpt":{"rendered":"<p>Arundhati Roy: Der Gott der kleinen Dinge, Berlin, 1999 Der vorliegende Roman einer jungen Autorin wurde zum Welterfolg der sp\u00e4ten Neunzehnhundertneunziger Jahre. Es ist ein wunderbares Buch mit einem doppelb\u00f6digen B\u00fchnenbild &#8211; der idyllischen Natur des\u00a0s\u00fcdindischen Bundesstaates Kerala, die die Reisenden zu allen zeiten bezaubert hat, und die\u00a0brisanten Religions- und Kastenkonflikte, von denen die Reisenden &hellip; <a href=\"https:\/\/ludwig-witzani.de\/zu-den-grossen-traeumen\/buchempfehlungen\/einladung-nach-indien\/roy-der-gott-der-kleinen-dinge\/\" class=\"more-link\"><span class=\"screen-reader-text\">Roy: Der Gott der kleinen Dinge<\/span> weiterlesen <span class=\"meta-nav\">&rarr;<\/span><\/a><\/p>\n","protected":false},"author":2,"featured_media":0,"parent":1384,"menu_order":0,"comment_status":"open","ping_status":"open","template":"","meta":{"ngg_post_thumbnail":0,"jetpack_post_was_ever_published":false,"footnotes":""},"class_list":["post-2332","page","type-page","status-publish","hentry"],"yoast_head":"<!-- This site is optimized with the Yoast SEO plugin v27.5 - https:\/\/yoast.com\/product\/yoast-seo-wordpress\/ -->\n<title>Roy: Der Gott der kleinen Dinge - Ludwig Witzani<\/title>\n<meta name=\"robots\" content=\"index, follow, max-snippet:-1, max-image-preview:large, max-video-preview:-1\" \/>\n<link rel=\"canonical\" href=\"https:\/\/ludwig-witzani.de\/zu-den-grossen-traeumen\/buchempfehlungen\/einladung-nach-indien\/roy-der-gott-der-kleinen-dinge\/\" \/>\n<meta property=\"og:locale\" content=\"de_DE\" \/>\n<meta property=\"og:type\" content=\"article\" \/>\n<meta property=\"og:title\" content=\"Roy: Der Gott der kleinen Dinge - Ludwig Witzani\" \/>\n<meta property=\"og:description\" content=\"Arundhati Roy: Der Gott der kleinen Dinge, Berlin, 1999 Der vorliegende Roman einer jungen Autorin wurde zum Welterfolg der sp\u00e4ten Neunzehnhundertneunziger Jahre. Es ist ein wunderbares Buch mit einem doppelb\u00f6digen B\u00fchnenbild &#8211; der idyllischen Natur des\u00a0s\u00fcdindischen Bundesstaates Kerala, die die Reisenden zu allen zeiten bezaubert hat, und die\u00a0brisanten Religions- und Kastenkonflikte, von denen die Reisenden &hellip; Roy: Der Gott der kleinen Dinge weiterlesen &rarr;\" \/>\n<meta property=\"og:url\" content=\"https:\/\/ludwig-witzani.de\/zu-den-grossen-traeumen\/buchempfehlungen\/einladung-nach-indien\/roy-der-gott-der-kleinen-dinge\/\" \/>\n<meta property=\"og:site_name\" content=\"Ludwig Witzani\" \/>\n<meta property=\"article:modified_time\" content=\"2025-06-03T10:32:54+00:00\" \/>\n<meta name=\"twitter:card\" content=\"summary_large_image\" \/>\n<meta name=\"twitter:label1\" content=\"Gesch\u00e4tzte Lesezeit\" \/>\n\t<meta name=\"twitter:data1\" content=\"1\u00a0Minute\" \/>\n<script type=\"application\/ld+json\" class=\"yoast-schema-graph\">{\"@context\":\"https:\\\/\\\/schema.org\",\"@graph\":[{\"@type\":\"WebPage\",\"@id\":\"https:\\\/\\\/ludwig-witzani.de\\\/zu-den-grossen-traeumen\\\/buchempfehlungen\\\/einladung-nach-indien\\\/roy-der-gott-der-kleinen-dinge\\\/\",\"url\":\"https:\\\/\\\/ludwig-witzani.de\\\/zu-den-grossen-traeumen\\\/buchempfehlungen\\\/einladung-nach-indien\\\/roy-der-gott-der-kleinen-dinge\\\/\",\"name\":\"Roy: Der Gott der kleinen Dinge - Ludwig Witzani\",\"isPartOf\":{\"@id\":\"https:\\\/\\\/ludwig-witzani.de\\\/zu-den-grossen-traeumen\\\/#website\"},\"primaryImageOfPage\":{\"@id\":\"https:\\\/\\\/ludwig-witzani.de\\\/zu-den-grossen-traeumen\\\/buchempfehlungen\\\/einladung-nach-indien\\\/roy-der-gott-der-kleinen-dinge\\\/#primaryimage\"},\"image\":{\"@id\":\"https:\\\/\\\/ludwig-witzani.de\\\/zu-den-grossen-traeumen\\\/buchempfehlungen\\\/einladung-nach-indien\\\/roy-der-gott-der-kleinen-dinge\\\/#primaryimage\"},\"thumbnailUrl\":\"http:\\\/\\\/ludwig-witzani.de\\\/wp-content\\\/uploads\\\/2014\\\/03\\\/IMG_0902-533x800.jpg\",\"datePublished\":\"2014-03-12T11:34:47+00:00\",\"dateModified\":\"2025-06-03T10:32:54+00:00\",\"breadcrumb\":{\"@id\":\"https:\\\/\\\/ludwig-witzani.de\\\/zu-den-grossen-traeumen\\\/buchempfehlungen\\\/einladung-nach-indien\\\/roy-der-gott-der-kleinen-dinge\\\/#breadcrumb\"},\"inLanguage\":\"de\",\"potentialAction\":[{\"@type\":\"ReadAction\",\"target\":[\"https:\\\/\\\/ludwig-witzani.de\\\/zu-den-grossen-traeumen\\\/buchempfehlungen\\\/einladung-nach-indien\\\/roy-der-gott-der-kleinen-dinge\\\/\"]}]},{\"@type\":\"ImageObject\",\"inLanguage\":\"de\",\"@id\":\"https:\\\/\\\/ludwig-witzani.de\\\/zu-den-grossen-traeumen\\\/buchempfehlungen\\\/einladung-nach-indien\\\/roy-der-gott-der-kleinen-dinge\\\/#primaryimage\",\"url\":\"http:\\\/\\\/ludwig-witzani.de\\\/wp-content\\\/uploads\\\/2014\\\/03\\\/IMG_0902-533x800.jpg\",\"contentUrl\":\"http:\\\/\\\/ludwig-witzani.de\\\/wp-content\\\/uploads\\\/2014\\\/03\\\/IMG_0902-533x800.jpg\"},{\"@type\":\"BreadcrumbList\",\"@id\":\"https:\\\/\\\/ludwig-witzani.de\\\/zu-den-grossen-traeumen\\\/buchempfehlungen\\\/einladung-nach-indien\\\/roy-der-gott-der-kleinen-dinge\\\/#breadcrumb\",\"itemListElement\":[{\"@type\":\"ListItem\",\"position\":1,\"name\":\"Startseite\",\"item\":\"https:\\\/\\\/ludwig-witzani.de\\\/zu-den-grossen-traeumen\\\/\"},{\"@type\":\"ListItem\",\"position\":2,\"name\":\"Reisebuchportal\",\"item\":\"https:\\\/\\\/ludwig-witzani.de\\\/zu-den-grossen-traeumen\\\/?page_id=151\"},{\"@type\":\"ListItem\",\"position\":3,\"name\":\"Einladung nach Indien\",\"item\":\"https:\\\/\\\/ludwig-witzani.de\\\/zu-den-grossen-traeumen\\\/?page_id=1384\"},{\"@type\":\"ListItem\",\"position\":4,\"name\":\"Roy: Der Gott der kleinen Dinge\"}]},{\"@type\":\"WebSite\",\"@id\":\"https:\\\/\\\/ludwig-witzani.de\\\/zu-den-grossen-traeumen\\\/#website\",\"url\":\"https:\\\/\\\/ludwig-witzani.de\\\/zu-den-grossen-traeumen\\\/\",\"name\":\"Ludwig Witzani\",\"description\":\"World Wide Travel\",\"potentialAction\":[{\"@type\":\"SearchAction\",\"target\":{\"@type\":\"EntryPoint\",\"urlTemplate\":\"https:\\\/\\\/ludwig-witzani.de\\\/zu-den-grossen-traeumen\\\/?s={search_term_string}\"},\"query-input\":{\"@type\":\"PropertyValueSpecification\",\"valueRequired\":true,\"valueName\":\"search_term_string\"}}],\"inLanguage\":\"de\"}]}<\/script>\n<!-- \/ Yoast SEO plugin. -->","yoast_head_json":{"title":"Roy: Der Gott der kleinen Dinge - Ludwig Witzani","robots":{"index":"index","follow":"follow","max-snippet":"max-snippet:-1","max-image-preview":"max-image-preview:large","max-video-preview":"max-video-preview:-1"},"canonical":"https:\/\/ludwig-witzani.de\/zu-den-grossen-traeumen\/buchempfehlungen\/einladung-nach-indien\/roy-der-gott-der-kleinen-dinge\/","og_locale":"de_DE","og_type":"article","og_title":"Roy: Der Gott der kleinen Dinge - Ludwig Witzani","og_description":"Arundhati Roy: Der Gott der kleinen Dinge, Berlin, 1999 Der vorliegende Roman einer jungen Autorin wurde zum Welterfolg der sp\u00e4ten Neunzehnhundertneunziger Jahre. Es ist ein wunderbares Buch mit einem doppelb\u00f6digen B\u00fchnenbild &#8211; der idyllischen Natur des\u00a0s\u00fcdindischen Bundesstaates Kerala, die die Reisenden zu allen zeiten bezaubert hat, und die\u00a0brisanten Religions- und Kastenkonflikte, von denen die Reisenden &hellip; Roy: Der Gott der kleinen Dinge weiterlesen &rarr;","og_url":"https:\/\/ludwig-witzani.de\/zu-den-grossen-traeumen\/buchempfehlungen\/einladung-nach-indien\/roy-der-gott-der-kleinen-dinge\/","og_site_name":"Ludwig Witzani","article_modified_time":"2025-06-03T10:32:54+00:00","twitter_card":"summary_large_image","twitter_misc":{"Gesch\u00e4tzte Lesezeit":"1\u00a0Minute"},"schema":{"@context":"https:\/\/schema.org","@graph":[{"@type":"WebPage","@id":"https:\/\/ludwig-witzani.de\/zu-den-grossen-traeumen\/buchempfehlungen\/einladung-nach-indien\/roy-der-gott-der-kleinen-dinge\/","url":"https:\/\/ludwig-witzani.de\/zu-den-grossen-traeumen\/buchempfehlungen\/einladung-nach-indien\/roy-der-gott-der-kleinen-dinge\/","name":"Roy: Der Gott der kleinen Dinge - Ludwig Witzani","isPartOf":{"@id":"https:\/\/ludwig-witzani.de\/zu-den-grossen-traeumen\/#website"},"primaryImageOfPage":{"@id":"https:\/\/ludwig-witzani.de\/zu-den-grossen-traeumen\/buchempfehlungen\/einladung-nach-indien\/roy-der-gott-der-kleinen-dinge\/#primaryimage"},"image":{"@id":"https:\/\/ludwig-witzani.de\/zu-den-grossen-traeumen\/buchempfehlungen\/einladung-nach-indien\/roy-der-gott-der-kleinen-dinge\/#primaryimage"},"thumbnailUrl":"http:\/\/ludwig-witzani.de\/wp-content\/uploads\/2014\/03\/IMG_0902-533x800.jpg","datePublished":"2014-03-12T11:34:47+00:00","dateModified":"2025-06-03T10:32:54+00:00","breadcrumb":{"@id":"https:\/\/ludwig-witzani.de\/zu-den-grossen-traeumen\/buchempfehlungen\/einladung-nach-indien\/roy-der-gott-der-kleinen-dinge\/#breadcrumb"},"inLanguage":"de","potentialAction":[{"@type":"ReadAction","target":["https:\/\/ludwig-witzani.de\/zu-den-grossen-traeumen\/buchempfehlungen\/einladung-nach-indien\/roy-der-gott-der-kleinen-dinge\/"]}]},{"@type":"ImageObject","inLanguage":"de","@id":"https:\/\/ludwig-witzani.de\/zu-den-grossen-traeumen\/buchempfehlungen\/einladung-nach-indien\/roy-der-gott-der-kleinen-dinge\/#primaryimage","url":"http:\/\/ludwig-witzani.de\/wp-content\/uploads\/2014\/03\/IMG_0902-533x800.jpg","contentUrl":"http:\/\/ludwig-witzani.de\/wp-content\/uploads\/2014\/03\/IMG_0902-533x800.jpg"},{"@type":"BreadcrumbList","@id":"https:\/\/ludwig-witzani.de\/zu-den-grossen-traeumen\/buchempfehlungen\/einladung-nach-indien\/roy-der-gott-der-kleinen-dinge\/#breadcrumb","itemListElement":[{"@type":"ListItem","position":1,"name":"Startseite","item":"https:\/\/ludwig-witzani.de\/zu-den-grossen-traeumen\/"},{"@type":"ListItem","position":2,"name":"Reisebuchportal","item":"https:\/\/ludwig-witzani.de\/zu-den-grossen-traeumen\/?page_id=151"},{"@type":"ListItem","position":3,"name":"Einladung nach Indien","item":"https:\/\/ludwig-witzani.de\/zu-den-grossen-traeumen\/?page_id=1384"},{"@type":"ListItem","position":4,"name":"Roy: Der Gott der kleinen Dinge"}]},{"@type":"WebSite","@id":"https:\/\/ludwig-witzani.de\/zu-den-grossen-traeumen\/#website","url":"https:\/\/ludwig-witzani.de\/zu-den-grossen-traeumen\/","name":"Ludwig Witzani","description":"World Wide Travel","potentialAction":[{"@type":"SearchAction","target":{"@type":"EntryPoint","urlTemplate":"https:\/\/ludwig-witzani.de\/zu-den-grossen-traeumen\/?s={search_term_string}"},"query-input":{"@type":"PropertyValueSpecification","valueRequired":true,"valueName":"search_term_string"}}],"inLanguage":"de"}]}},"jetpack_shortlink":"https:\/\/wp.me\/P4daYo-BC","jetpack_sharing_enabled":true,"_links":{"self":[{"href":"https:\/\/ludwig-witzani.de\/zu-den-grossen-traeumen\/wp-json\/wp\/v2\/pages\/2332","targetHints":{"allow":["GET"]}}],"collection":[{"href":"https:\/\/ludwig-witzani.de\/zu-den-grossen-traeumen\/wp-json\/wp\/v2\/pages"}],"about":[{"href":"https:\/\/ludwig-witzani.de\/zu-den-grossen-traeumen\/wp-json\/wp\/v2\/types\/page"}],"author":[{"embeddable":true,"href":"https:\/\/ludwig-witzani.de\/zu-den-grossen-traeumen\/wp-json\/wp\/v2\/users\/2"}],"replies":[{"embeddable":true,"href":"https:\/\/ludwig-witzani.de\/zu-den-grossen-traeumen\/wp-json\/wp\/v2\/comments?post=2332"}],"version-history":[{"count":1,"href":"https:\/\/ludwig-witzani.de\/zu-den-grossen-traeumen\/wp-json\/wp\/v2\/pages\/2332\/revisions"}],"predecessor-version":[{"id":2334,"href":"https:\/\/ludwig-witzani.de\/zu-den-grossen-traeumen\/wp-json\/wp\/v2\/pages\/2332\/revisions\/2334"}],"up":[{"embeddable":true,"href":"https:\/\/ludwig-witzani.de\/zu-den-grossen-traeumen\/wp-json\/wp\/v2\/pages\/1384"}],"wp:attachment":[{"href":"https:\/\/ludwig-witzani.de\/zu-den-grossen-traeumen\/wp-json\/wp\/v2\/media?parent=2332"}],"curies":[{"name":"wp","href":"https:\/\/api.w.org\/{rel}","templated":true}]}}