{"id":2328,"date":"2014-03-12T11:27:30","date_gmt":"2014-03-12T11:27:30","guid":{"rendered":"http:\/\/ludwig-witzani.de\/?page_id=2328"},"modified":"2025-06-03T10:32:54","modified_gmt":"2025-06-03T10:32:54","slug":"mistry-so-eine-lange-reise","status":"publish","type":"page","link":"https:\/\/ludwig-witzani.de\/zu-den-grossen-traeumen\/buchempfehlungen\/einladung-nach-indien\/mistry-so-eine-lange-reise\/","title":{"rendered":"Mistry: So eine lange Reise"},"content":{"rendered":"<p><a href=\"http:\/\/ludwig-witzani.de\/wp-content\/uploads\/2014\/03\/IMG_0920.jpg\"><img loading=\"lazy\" decoding=\"async\" class=\"aligncenter  wp-image-2329\" style=\"width: 376px;\" alt=\"IMG_0920\" src=\"http:\/\/ludwig-witzani.de\/wp-content\/uploads\/2014\/03\/IMG_0920-638x800.jpg\" width=\"638\" height=\"532\" \/><\/a><\/p>\n<h3>Rohinton Mistry: So eine lange Reise<\/h3>\n<div>Manche B\u00fccher gleichen Wohnzimmern, in denen nicht viel geschieht, in denen man sich aber durchaus heimisch f\u00fchlt &#8211; vor allem, wenn es sich um ein exotisches Wohnzimmer mit liebenswerten Bewohnern handelt. Keine Frage, dass die Familie Noble, eine indische Durchschnittsfamilie aus einem Hochhausblock in Bombay, in diese Kategorie geh\u00f6rt &#8211; allen voran der wackere Gustad Noble, der hinkt, seitdem er sich f\u00fcr seinen Sohn Sohrab vor ein fahrendes Auto geworfen hat, um ihn zu retten, und seine nicht minder wackere Frau Dilnavaz, die als H\u00fcterin des Hauses und der Kinder Sohrab, Darius und Roshad das Herz der Familie ist. Die Nobles sind eine indische Durchschnittsfamilie, die im Sommer vor lauter M\u00fccken nur mit M\u00fche durch die Nacht kommt, die die Ankunft des Monsuns wie eine Erl\u00f6sung begr\u00fc\u00dft, die sich mit den Nachbarn streitet und vers\u00f6hnt und ihre ganze Energie in die Zukunft der Kinder steckt. Viel geschieht in dem Roman eigentlich nicht &#8211; die nur ganz vage entfaltete Rahmenhandlung des indisch-pakistanischen Krieges von 1971 und die\u00a0Trag\u00f6die des befreundeten Majors Johnny Bilmoria dienen nur dazu, Indien-Kolorit zu entfalten, und das gelingt dem Autor auf unnachahmliche Weise. Der Milchpanscher, der gro\u00dfe Bonsetter, der die gebrochenen Knochen nach Gef\u00fchl wieder einrenkt, der kindische Themul, Mr. Rabadi und sein Kampfpinscher, die schrullige Miss Kutpitia und viele andere mehr ergeben in ihrer Gesamtheit ein farbenfrohes Panorama des indischen Alltags, wobei es der Autor meisterhaft versteht , mit wenigen Strichen, eine Figur oder eine Situation einpr\u00e4gsam und humorvoll in sein Bombay-Panoptikum einzuf\u00fcgen &#8211; sei es der Bankangestellte Dinshawij, dessen Gem\u00fctszustand seine Umgebung an der Intensit\u00e4t seines Mundgeruches erkennen kann, \u00a0oder am beispiel der\u00a0Zubereitung einer Fu\u00dfn\u00e4gelsuppe, mit der die wackere Dilnavaz Noble ihre kranke Tochter kurieren will. -Makaber sind\u00a0die Beschreibung der K\u00e4figprostituierten von Bombay oder die Begr\u00e4bnisriten der Parsen, die ihre Verstorebnen in den T\u00fcrmen des Schweigens den Geiern zum Fra\u00df vorwerfen, wobei es durchaus passieren kann, dass Leichenteile, von den V\u00f6geln fallengelassen, auf benachbarten Balkonen landen. Je weiter der Leser bei der Lekt\u00fcre des vorliegenden Buches voranschreitet, je mehr wird er zum Mitbewohner einer teilweise vollkommen fremden, aber auch merkw\u00fcrdig vertrauten Welt, in der eigentlich nur ein Bereich wirklich schlecht weg kommt, ein Bereich, der als Plage des indischen Lebens schlechthin erscheint: die korrupte Politik und Staatlichkeit, wobei es ganz gleichg\u00fcltig ist, ob es sich um die verkommene Stadtverwaltung von Bombay oder die indische Ministerpr\u00e4sidentin Indira Gandhi handelt.<\/div>\n","protected":false},"excerpt":{"rendered":"<p>Rohinton Mistry: So eine lange Reise Manche B\u00fccher gleichen Wohnzimmern, in denen nicht viel geschieht, in denen man sich aber durchaus heimisch f\u00fchlt &#8211; vor allem, wenn es sich um ein exotisches Wohnzimmer mit liebenswerten Bewohnern handelt. Keine Frage, dass die Familie Noble, eine indische Durchschnittsfamilie aus einem Hochhausblock in Bombay, in diese Kategorie geh\u00f6rt &hellip; <a href=\"https:\/\/ludwig-witzani.de\/zu-den-grossen-traeumen\/buchempfehlungen\/einladung-nach-indien\/mistry-so-eine-lange-reise\/\" class=\"more-link\"><span class=\"screen-reader-text\">Mistry: So eine lange Reise<\/span> weiterlesen <span class=\"meta-nav\">&rarr;<\/span><\/a><\/p>\n","protected":false},"author":2,"featured_media":0,"parent":1384,"menu_order":0,"comment_status":"open","ping_status":"open","template":"","meta":{"ngg_post_thumbnail":0,"jetpack_post_was_ever_published":false,"footnotes":""},"class_list":["post-2328","page","type-page","status-publish","hentry"],"yoast_head":"<!-- This site is optimized with the Yoast SEO plugin v27.5 - https:\/\/yoast.com\/product\/yoast-seo-wordpress\/ -->\n<title>Mistry: So eine lange Reise - Ludwig Witzani<\/title>\n<meta name=\"robots\" content=\"index, follow, max-snippet:-1, max-image-preview:large, max-video-preview:-1\" \/>\n<link rel=\"canonical\" href=\"https:\/\/ludwig-witzani.de\/zu-den-grossen-traeumen\/buchempfehlungen\/einladung-nach-indien\/mistry-so-eine-lange-reise\/\" \/>\n<meta property=\"og:locale\" content=\"de_DE\" \/>\n<meta property=\"og:type\" content=\"article\" \/>\n<meta property=\"og:title\" content=\"Mistry: So eine lange Reise - Ludwig Witzani\" \/>\n<meta property=\"og:description\" content=\"Rohinton Mistry: So eine lange Reise Manche B\u00fccher gleichen Wohnzimmern, in denen nicht viel geschieht, in denen man sich aber durchaus heimisch f\u00fchlt &#8211; vor allem, wenn es sich um ein exotisches Wohnzimmer mit liebenswerten Bewohnern handelt. Keine Frage, dass die Familie Noble, eine indische Durchschnittsfamilie aus einem Hochhausblock in Bombay, in diese Kategorie geh\u00f6rt &hellip; Mistry: So eine lange Reise weiterlesen &rarr;\" \/>\n<meta property=\"og:url\" content=\"https:\/\/ludwig-witzani.de\/zu-den-grossen-traeumen\/buchempfehlungen\/einladung-nach-indien\/mistry-so-eine-lange-reise\/\" \/>\n<meta property=\"og:site_name\" content=\"Ludwig Witzani\" \/>\n<meta property=\"article:modified_time\" content=\"2025-06-03T10:32:54+00:00\" \/>\n<meta name=\"twitter:card\" content=\"summary_large_image\" \/>\n<meta name=\"twitter:label1\" content=\"Gesch\u00e4tzte Lesezeit\" \/>\n\t<meta name=\"twitter:data1\" content=\"2\u00a0Minuten\" \/>\n<script type=\"application\/ld+json\" class=\"yoast-schema-graph\">{\"@context\":\"https:\\\/\\\/schema.org\",\"@graph\":[{\"@type\":\"WebPage\",\"@id\":\"https:\\\/\\\/ludwig-witzani.de\\\/zu-den-grossen-traeumen\\\/buchempfehlungen\\\/einladung-nach-indien\\\/mistry-so-eine-lange-reise\\\/\",\"url\":\"https:\\\/\\\/ludwig-witzani.de\\\/zu-den-grossen-traeumen\\\/buchempfehlungen\\\/einladung-nach-indien\\\/mistry-so-eine-lange-reise\\\/\",\"name\":\"Mistry: So eine lange Reise - Ludwig Witzani\",\"isPartOf\":{\"@id\":\"https:\\\/\\\/ludwig-witzani.de\\\/zu-den-grossen-traeumen\\\/#website\"},\"primaryImageOfPage\":{\"@id\":\"https:\\\/\\\/ludwig-witzani.de\\\/zu-den-grossen-traeumen\\\/buchempfehlungen\\\/einladung-nach-indien\\\/mistry-so-eine-lange-reise\\\/#primaryimage\"},\"image\":{\"@id\":\"https:\\\/\\\/ludwig-witzani.de\\\/zu-den-grossen-traeumen\\\/buchempfehlungen\\\/einladung-nach-indien\\\/mistry-so-eine-lange-reise\\\/#primaryimage\"},\"thumbnailUrl\":\"http:\\\/\\\/ludwig-witzani.de\\\/wp-content\\\/uploads\\\/2014\\\/03\\\/IMG_0920-638x800.jpg\",\"datePublished\":\"2014-03-12T11:27:30+00:00\",\"dateModified\":\"2025-06-03T10:32:54+00:00\",\"breadcrumb\":{\"@id\":\"https:\\\/\\\/ludwig-witzani.de\\\/zu-den-grossen-traeumen\\\/buchempfehlungen\\\/einladung-nach-indien\\\/mistry-so-eine-lange-reise\\\/#breadcrumb\"},\"inLanguage\":\"de\",\"potentialAction\":[{\"@type\":\"ReadAction\",\"target\":[\"https:\\\/\\\/ludwig-witzani.de\\\/zu-den-grossen-traeumen\\\/buchempfehlungen\\\/einladung-nach-indien\\\/mistry-so-eine-lange-reise\\\/\"]}]},{\"@type\":\"ImageObject\",\"inLanguage\":\"de\",\"@id\":\"https:\\\/\\\/ludwig-witzani.de\\\/zu-den-grossen-traeumen\\\/buchempfehlungen\\\/einladung-nach-indien\\\/mistry-so-eine-lange-reise\\\/#primaryimage\",\"url\":\"http:\\\/\\\/ludwig-witzani.de\\\/wp-content\\\/uploads\\\/2014\\\/03\\\/IMG_0920-638x800.jpg\",\"contentUrl\":\"http:\\\/\\\/ludwig-witzani.de\\\/wp-content\\\/uploads\\\/2014\\\/03\\\/IMG_0920-638x800.jpg\"},{\"@type\":\"BreadcrumbList\",\"@id\":\"https:\\\/\\\/ludwig-witzani.de\\\/zu-den-grossen-traeumen\\\/buchempfehlungen\\\/einladung-nach-indien\\\/mistry-so-eine-lange-reise\\\/#breadcrumb\",\"itemListElement\":[{\"@type\":\"ListItem\",\"position\":1,\"name\":\"Startseite\",\"item\":\"https:\\\/\\\/ludwig-witzani.de\\\/zu-den-grossen-traeumen\\\/\"},{\"@type\":\"ListItem\",\"position\":2,\"name\":\"Reisebuchportal\",\"item\":\"https:\\\/\\\/ludwig-witzani.de\\\/zu-den-grossen-traeumen\\\/?page_id=151\"},{\"@type\":\"ListItem\",\"position\":3,\"name\":\"Einladung nach Indien\",\"item\":\"https:\\\/\\\/ludwig-witzani.de\\\/zu-den-grossen-traeumen\\\/?page_id=1384\"},{\"@type\":\"ListItem\",\"position\":4,\"name\":\"Mistry: So eine lange Reise\"}]},{\"@type\":\"WebSite\",\"@id\":\"https:\\\/\\\/ludwig-witzani.de\\\/zu-den-grossen-traeumen\\\/#website\",\"url\":\"https:\\\/\\\/ludwig-witzani.de\\\/zu-den-grossen-traeumen\\\/\",\"name\":\"Ludwig Witzani\",\"description\":\"World Wide Travel\",\"potentialAction\":[{\"@type\":\"SearchAction\",\"target\":{\"@type\":\"EntryPoint\",\"urlTemplate\":\"https:\\\/\\\/ludwig-witzani.de\\\/zu-den-grossen-traeumen\\\/?s={search_term_string}\"},\"query-input\":{\"@type\":\"PropertyValueSpecification\",\"valueRequired\":true,\"valueName\":\"search_term_string\"}}],\"inLanguage\":\"de\"}]}<\/script>\n<!-- \/ Yoast SEO plugin. -->","yoast_head_json":{"title":"Mistry: So eine lange Reise - Ludwig Witzani","robots":{"index":"index","follow":"follow","max-snippet":"max-snippet:-1","max-image-preview":"max-image-preview:large","max-video-preview":"max-video-preview:-1"},"canonical":"https:\/\/ludwig-witzani.de\/zu-den-grossen-traeumen\/buchempfehlungen\/einladung-nach-indien\/mistry-so-eine-lange-reise\/","og_locale":"de_DE","og_type":"article","og_title":"Mistry: So eine lange Reise - Ludwig Witzani","og_description":"Rohinton Mistry: So eine lange Reise Manche B\u00fccher gleichen Wohnzimmern, in denen nicht viel geschieht, in denen man sich aber durchaus heimisch f\u00fchlt &#8211; vor allem, wenn es sich um ein exotisches Wohnzimmer mit liebenswerten Bewohnern handelt. Keine Frage, dass die Familie Noble, eine indische Durchschnittsfamilie aus einem Hochhausblock in Bombay, in diese Kategorie geh\u00f6rt &hellip; Mistry: So eine lange Reise weiterlesen &rarr;","og_url":"https:\/\/ludwig-witzani.de\/zu-den-grossen-traeumen\/buchempfehlungen\/einladung-nach-indien\/mistry-so-eine-lange-reise\/","og_site_name":"Ludwig Witzani","article_modified_time":"2025-06-03T10:32:54+00:00","twitter_card":"summary_large_image","twitter_misc":{"Gesch\u00e4tzte Lesezeit":"2\u00a0Minuten"},"schema":{"@context":"https:\/\/schema.org","@graph":[{"@type":"WebPage","@id":"https:\/\/ludwig-witzani.de\/zu-den-grossen-traeumen\/buchempfehlungen\/einladung-nach-indien\/mistry-so-eine-lange-reise\/","url":"https:\/\/ludwig-witzani.de\/zu-den-grossen-traeumen\/buchempfehlungen\/einladung-nach-indien\/mistry-so-eine-lange-reise\/","name":"Mistry: So eine lange Reise - Ludwig Witzani","isPartOf":{"@id":"https:\/\/ludwig-witzani.de\/zu-den-grossen-traeumen\/#website"},"primaryImageOfPage":{"@id":"https:\/\/ludwig-witzani.de\/zu-den-grossen-traeumen\/buchempfehlungen\/einladung-nach-indien\/mistry-so-eine-lange-reise\/#primaryimage"},"image":{"@id":"https:\/\/ludwig-witzani.de\/zu-den-grossen-traeumen\/buchempfehlungen\/einladung-nach-indien\/mistry-so-eine-lange-reise\/#primaryimage"},"thumbnailUrl":"http:\/\/ludwig-witzani.de\/wp-content\/uploads\/2014\/03\/IMG_0920-638x800.jpg","datePublished":"2014-03-12T11:27:30+00:00","dateModified":"2025-06-03T10:32:54+00:00","breadcrumb":{"@id":"https:\/\/ludwig-witzani.de\/zu-den-grossen-traeumen\/buchempfehlungen\/einladung-nach-indien\/mistry-so-eine-lange-reise\/#breadcrumb"},"inLanguage":"de","potentialAction":[{"@type":"ReadAction","target":["https:\/\/ludwig-witzani.de\/zu-den-grossen-traeumen\/buchempfehlungen\/einladung-nach-indien\/mistry-so-eine-lange-reise\/"]}]},{"@type":"ImageObject","inLanguage":"de","@id":"https:\/\/ludwig-witzani.de\/zu-den-grossen-traeumen\/buchempfehlungen\/einladung-nach-indien\/mistry-so-eine-lange-reise\/#primaryimage","url":"http:\/\/ludwig-witzani.de\/wp-content\/uploads\/2014\/03\/IMG_0920-638x800.jpg","contentUrl":"http:\/\/ludwig-witzani.de\/wp-content\/uploads\/2014\/03\/IMG_0920-638x800.jpg"},{"@type":"BreadcrumbList","@id":"https:\/\/ludwig-witzani.de\/zu-den-grossen-traeumen\/buchempfehlungen\/einladung-nach-indien\/mistry-so-eine-lange-reise\/#breadcrumb","itemListElement":[{"@type":"ListItem","position":1,"name":"Startseite","item":"https:\/\/ludwig-witzani.de\/zu-den-grossen-traeumen\/"},{"@type":"ListItem","position":2,"name":"Reisebuchportal","item":"https:\/\/ludwig-witzani.de\/zu-den-grossen-traeumen\/?page_id=151"},{"@type":"ListItem","position":3,"name":"Einladung nach Indien","item":"https:\/\/ludwig-witzani.de\/zu-den-grossen-traeumen\/?page_id=1384"},{"@type":"ListItem","position":4,"name":"Mistry: So eine lange Reise"}]},{"@type":"WebSite","@id":"https:\/\/ludwig-witzani.de\/zu-den-grossen-traeumen\/#website","url":"https:\/\/ludwig-witzani.de\/zu-den-grossen-traeumen\/","name":"Ludwig Witzani","description":"World Wide Travel","potentialAction":[{"@type":"SearchAction","target":{"@type":"EntryPoint","urlTemplate":"https:\/\/ludwig-witzani.de\/zu-den-grossen-traeumen\/?s={search_term_string}"},"query-input":{"@type":"PropertyValueSpecification","valueRequired":true,"valueName":"search_term_string"}}],"inLanguage":"de"}]}},"jetpack_shortlink":"https:\/\/wp.me\/P4daYo-By","jetpack_sharing_enabled":true,"_links":{"self":[{"href":"https:\/\/ludwig-witzani.de\/zu-den-grossen-traeumen\/wp-json\/wp\/v2\/pages\/2328","targetHints":{"allow":["GET"]}}],"collection":[{"href":"https:\/\/ludwig-witzani.de\/zu-den-grossen-traeumen\/wp-json\/wp\/v2\/pages"}],"about":[{"href":"https:\/\/ludwig-witzani.de\/zu-den-grossen-traeumen\/wp-json\/wp\/v2\/types\/page"}],"author":[{"embeddable":true,"href":"https:\/\/ludwig-witzani.de\/zu-den-grossen-traeumen\/wp-json\/wp\/v2\/users\/2"}],"replies":[{"embeddable":true,"href":"https:\/\/ludwig-witzani.de\/zu-den-grossen-traeumen\/wp-json\/wp\/v2\/comments?post=2328"}],"version-history":[{"count":1,"href":"https:\/\/ludwig-witzani.de\/zu-den-grossen-traeumen\/wp-json\/wp\/v2\/pages\/2328\/revisions"}],"predecessor-version":[{"id":2330,"href":"https:\/\/ludwig-witzani.de\/zu-den-grossen-traeumen\/wp-json\/wp\/v2\/pages\/2328\/revisions\/2330"}],"up":[{"embeddable":true,"href":"https:\/\/ludwig-witzani.de\/zu-den-grossen-traeumen\/wp-json\/wp\/v2\/pages\/1384"}],"wp:attachment":[{"href":"https:\/\/ludwig-witzani.de\/zu-den-grossen-traeumen\/wp-json\/wp\/v2\/media?parent=2328"}],"curies":[{"name":"wp","href":"https:\/\/api.w.org\/{rel}","templated":true}]}}