{"id":2300,"date":"2014-03-12T10:45:51","date_gmt":"2014-03-12T10:45:51","guid":{"rendered":"http:\/\/ludwig-witzani.de\/?page_id=2300"},"modified":"2025-06-03T10:32:54","modified_gmt":"2025-06-03T10:32:54","slug":"rushdie-shalimar-der-narr","status":"publish","type":"page","link":"https:\/\/ludwig-witzani.de\/zu-den-grossen-traeumen\/buchempfehlungen\/einladung-nach-indien\/rushdie-shalimar-der-narr\/","title":{"rendered":"Rushdie: Shalimar der Narr"},"content":{"rendered":"<p><a href=\"http:\/\/ludwig-witzani.de\/wp-content\/uploads\/2014\/03\/IMG_0904.jpg\"><img loading=\"lazy\" decoding=\"async\" class=\"aligncenter  wp-image-2301\" style=\"width: 319px;\" alt=\"IMG_0904\" src=\"http:\/\/ludwig-witzani.de\/wp-content\/uploads\/2014\/03\/IMG_0904-563x800.jpg\" width=\"406\" height=\"441\" \/><\/a><\/p>\n<h3>Salman Rushdie: Shalimar der Narr<\/h3>\n<p>Salman Rushdies B\u00fccher sind keine leichte Kost. In \u00fcberbordender Sprache<br \/>\nverfasst, mit hyperkomplexen Handlungsb\u00f6gen versehen, mit eigenwilligen<br \/>\nAufl\u00f6sung und Ankl\u00e4ngen an den magischen Realismus garniert, sind sie nicht jedermanns Sache. Aber auf jeden Fall geh\u00f6rten sie bislang zum Besten, was es in literarischer Hinsicht \u00fcber indischen Subkontinent zu lesen gab. Gilt das auch f\u00fcr das vorliegende Buch?<br \/>\nZuerst und vor allem handelt es sich um ein opulentes, anspruchsvolles Werk, das den Leser auf 538 Seiten nicht nur Indien sondern gleichsam durch die ganze Welt und dabei auch noch durch das ganze letzte Jahrhundert f\u00fchrt.<\/p>\n<p>Im Mittelpunkt des Buches stehen Shalimar den Narr, ein begnadeter Gaukler, und Boonyi, eine zauberhafte T\u00e4nzerin, zwei Liebende aus dem Dorf Pachigam im gl\u00fccklichen Kaschmir der Kolonialzeit. Shalimar ist Moslem, Boonyi ist Hindu, und niemand<br \/>\nhatte in den idyllischen Zeiten Altkaschmirs an der Ehe dieser beiden etwas<br \/>\nauszusetzen. Doch die Idylle sollte sich als doppelt tr\u00fcgerisch erweisen. Die<br \/>\nTeilung des indischen Subkontinentes zwischen Indien und Pakistan hatte das Kaschmirproblem geschaffen, dessen Eskalation die\u00a0grausige Hintergrundmelodie des Buches bildet. Au\u00dferdem ist die zauberhafte Boonyi mit einer vom Ehrgeiz zerfressenen Seele geschlagen: Sie will heraus aus ihrem Dorf und eine ber\u00fchmte T\u00e4nzerin werden. Als der amerikanische Botschafter Max Orphus im Tal von Kaschmir auftaucht, z\u00f6gert Boonyi keine Sekunde ihren Mann zu verlassen und dem Botschafters als seine Geliebte nach Delhi zu folgen. Doch ihre Pl\u00e4ne sollten sich nicht erf\u00fcllen: der landesweit ber\u00fchmte Tanzlehrer wirft die Kurtisane wegen mangelnder Begabung aus<br \/>\nseiner Tanzschule, Boonyi vereinsamt und verfettet, sodass sich der<br \/>\nBotschafter von ihr abwendet. Als Boonyi am Ende schwanger wird, kommt es zum Skandal &#8211; Max Orphus muss als Botschafter\u00a0Indien verlassen, und Boonyi kehrt mitten im Winter ohne ihre Tochter und ohne Ehre in ihr kaschmirisches Dorf zur\u00fcck. Dass sie in Pachigam von ihrem geh\u00f6rnten Ehemann nicht sofort umgebracht wurde, war nur der Intervention von Vater und Schwiegervater zu verdanken, die Shalimar das Gel\u00fcbde abnehmen, seine ungetreue Frau w\u00e4hrend ihrer restlichen Lebenszeit nicht<br \/>\numzubringen. Von allen verachtet lebt Boonyi hinfort als eine Art Kr\u00e4uterhexe<br \/>\nin den Bergen, wo sie darauf wartet, dass sie ihr Mann, nach dem Tode der<br \/>\nV\u00e4ter, ermorden w\u00fcrde. Parallel zu diesem pers\u00f6nlichen Drama\u00a0ist inzwischen auch der Kaschmirkonflikt voll entbrannt: zwei Kriege waren gef\u00fchrt worden, und als die indische Regierung im Jahre 1987 die kaschmirischen Wahlen f\u00e4lschte, versank das Land in einem Meer von Blut. Innerhalb kurzer Zeit inszenierten islamistische Terrorkommandos mit Mord und Totschlag die Vertreibung von 350.000 alteingesessene Hindus aus dem Tal von Srinagar. 600.000 indische Soldaten schlugen mit unfassbarer Grausamkeit zur\u00fcck, vergewaltigten und ermordeten ganze<br \/>\nDorfbev\u00f6lkerungen. Es traf Gute und Schlechte, Schuldige und Unschuldige, denn &#8211; wie es an einer Stelle des Buches hei\u00dft &#8211; der Charakter spielte f\u00fcr die<br \/>\nLebensgestaltung der Menschen keine Rolle mehr.<br \/>\nF\u00fcr den westlichen Leser, der\u00a0 vom Kaschmirkonflikt immer nur wie von Ferne gelegentlich etwas in den Nachrichten h\u00f6rt, sind diese Darstellungen schlichtweg schockierend. Kein Wunder, dass diese Passagen, die der Autor als gequ\u00e4lter aber unparteiischer Chronist des Todes entfaltet, Salman Rushdie den Hass der moslemischen und der hinduistischen Seite gleicherma\u00dfen eingetragen haben.<br \/>\nShalimar der Narr aber, der auf seine Rache an der untreuen Boonyi warten muss, wird vor diesem Hintergrund zur gnadenlosen Kampf- und Mordmaschine im Dienst islamistischer Terrororganisationen- wobei ihn in Wahrheit doch nur eines interessiert: seine private Rache an dem fernen Max Ophuls, der ihm seine Boonyi genommen hatte, die Rache an seiner in ihrer Hexenh\u00fctte dahinalternden Frau und, last not least, der Tod der Tochter Kaschmira, die aus der Liaison von Botschafter und T\u00e4nzerin entsprossen war. Wie sich diese Rache vollzieht und in welches Finale sie m\u00fcndet, soll an dieser Stelle nat\u00fcrlich nicht verraten werden.<br \/>\nMich hat dieses Buch von der ersten bis zur letzen Seite in seinen Bann geschlagen. Stilistisch geh\u00f6rt es f\u00fcr mich ohnehin zu Rushdies besten Werken. All die Manierismen, die dem Autor bislang mit einer gewissen Berechtigung vorgeworfen wurden &#8211; das \u00dcbertriebene, Karikaturhafte, die mitunter aufgebl\u00e4hte Fabulierfreude, die seine Figuren manchmal in poetische\u00a0Sackgassen f\u00fchrte, die zitteraalartige Variation der Charaktere und die gelegentlich zickzackartigen Handlungsf\u00fchrung, sind in diesem Buch weitgehend abgemildert. Salman Rushdie, seit seinen &#8222;Satanischen Versen&#8220; selbst ein Opfer des islamistischen Terrorismus, ist reifer geworden. Sein Thema &#8211; Indien &#8211; aber ist dass Gleiche geblieben, und in dem vorliegenden Buch ist ihm ein meisterhaftes, wenngleich bedr\u00fcckendes Portrait dieser Weltkultur gegl\u00fcckt. F\u00fcr alle Indien-Interessierte unbedingt empfehlenswert.<\/p>\n<p>&nbsp;<\/p>\n","protected":false},"excerpt":{"rendered":"<p>Salman Rushdie: Shalimar der Narr Salman Rushdies B\u00fccher sind keine leichte Kost. In \u00fcberbordender Sprache verfasst, mit hyperkomplexen Handlungsb\u00f6gen versehen, mit eigenwilligen Aufl\u00f6sung und Ankl\u00e4ngen an den magischen Realismus garniert, sind sie nicht jedermanns Sache. Aber auf jeden Fall geh\u00f6rten sie bislang zum Besten, was es in literarischer Hinsicht \u00fcber indischen Subkontinent zu lesen gab. &hellip; <a href=\"https:\/\/ludwig-witzani.de\/zu-den-grossen-traeumen\/buchempfehlungen\/einladung-nach-indien\/rushdie-shalimar-der-narr\/\" class=\"more-link\"><span class=\"screen-reader-text\">Rushdie: Shalimar der Narr<\/span> weiterlesen <span class=\"meta-nav\">&rarr;<\/span><\/a><\/p>\n","protected":false},"author":2,"featured_media":0,"parent":1384,"menu_order":0,"comment_status":"open","ping_status":"open","template":"","meta":{"ngg_post_thumbnail":0,"jetpack_post_was_ever_published":false,"footnotes":""},"class_list":["post-2300","page","type-page","status-publish","hentry"],"yoast_head":"<!-- This site is optimized with the Yoast SEO plugin v27.5 - https:\/\/yoast.com\/product\/yoast-seo-wordpress\/ -->\n<title>Rushdie: Shalimar der Narr - Ludwig Witzani<\/title>\n<meta name=\"robots\" content=\"index, follow, max-snippet:-1, max-image-preview:large, max-video-preview:-1\" \/>\n<link rel=\"canonical\" href=\"https:\/\/ludwig-witzani.de\/zu-den-grossen-traeumen\/buchempfehlungen\/einladung-nach-indien\/rushdie-shalimar-der-narr\/\" \/>\n<meta property=\"og:locale\" content=\"de_DE\" \/>\n<meta property=\"og:type\" content=\"article\" \/>\n<meta property=\"og:title\" content=\"Rushdie: Shalimar der Narr - Ludwig Witzani\" \/>\n<meta property=\"og:description\" content=\"Salman Rushdie: Shalimar der Narr Salman Rushdies B\u00fccher sind keine leichte Kost. In \u00fcberbordender Sprache verfasst, mit hyperkomplexen Handlungsb\u00f6gen versehen, mit eigenwilligen Aufl\u00f6sung und Ankl\u00e4ngen an den magischen Realismus garniert, sind sie nicht jedermanns Sache. Aber auf jeden Fall geh\u00f6rten sie bislang zum Besten, was es in literarischer Hinsicht \u00fcber indischen Subkontinent zu lesen gab. &hellip; Rushdie: Shalimar der Narr weiterlesen &rarr;\" \/>\n<meta property=\"og:url\" content=\"https:\/\/ludwig-witzani.de\/zu-den-grossen-traeumen\/buchempfehlungen\/einladung-nach-indien\/rushdie-shalimar-der-narr\/\" \/>\n<meta property=\"og:site_name\" content=\"Ludwig Witzani\" \/>\n<meta property=\"article:modified_time\" content=\"2025-06-03T10:32:54+00:00\" \/>\n<meta name=\"twitter:card\" content=\"summary_large_image\" \/>\n<meta name=\"twitter:label1\" content=\"Gesch\u00e4tzte Lesezeit\" \/>\n\t<meta name=\"twitter:data1\" content=\"4\u00a0Minuten\" \/>\n<script type=\"application\/ld+json\" class=\"yoast-schema-graph\">{\"@context\":\"https:\\\/\\\/schema.org\",\"@graph\":[{\"@type\":\"WebPage\",\"@id\":\"https:\\\/\\\/ludwig-witzani.de\\\/zu-den-grossen-traeumen\\\/buchempfehlungen\\\/einladung-nach-indien\\\/rushdie-shalimar-der-narr\\\/\",\"url\":\"https:\\\/\\\/ludwig-witzani.de\\\/zu-den-grossen-traeumen\\\/buchempfehlungen\\\/einladung-nach-indien\\\/rushdie-shalimar-der-narr\\\/\",\"name\":\"Rushdie: Shalimar der Narr - Ludwig Witzani\",\"isPartOf\":{\"@id\":\"https:\\\/\\\/ludwig-witzani.de\\\/zu-den-grossen-traeumen\\\/#website\"},\"primaryImageOfPage\":{\"@id\":\"https:\\\/\\\/ludwig-witzani.de\\\/zu-den-grossen-traeumen\\\/buchempfehlungen\\\/einladung-nach-indien\\\/rushdie-shalimar-der-narr\\\/#primaryimage\"},\"image\":{\"@id\":\"https:\\\/\\\/ludwig-witzani.de\\\/zu-den-grossen-traeumen\\\/buchempfehlungen\\\/einladung-nach-indien\\\/rushdie-shalimar-der-narr\\\/#primaryimage\"},\"thumbnailUrl\":\"http:\\\/\\\/ludwig-witzani.de\\\/wp-content\\\/uploads\\\/2014\\\/03\\\/IMG_0904-563x800.jpg\",\"datePublished\":\"2014-03-12T10:45:51+00:00\",\"dateModified\":\"2025-06-03T10:32:54+00:00\",\"breadcrumb\":{\"@id\":\"https:\\\/\\\/ludwig-witzani.de\\\/zu-den-grossen-traeumen\\\/buchempfehlungen\\\/einladung-nach-indien\\\/rushdie-shalimar-der-narr\\\/#breadcrumb\"},\"inLanguage\":\"de\",\"potentialAction\":[{\"@type\":\"ReadAction\",\"target\":[\"https:\\\/\\\/ludwig-witzani.de\\\/zu-den-grossen-traeumen\\\/buchempfehlungen\\\/einladung-nach-indien\\\/rushdie-shalimar-der-narr\\\/\"]}]},{\"@type\":\"ImageObject\",\"inLanguage\":\"de\",\"@id\":\"https:\\\/\\\/ludwig-witzani.de\\\/zu-den-grossen-traeumen\\\/buchempfehlungen\\\/einladung-nach-indien\\\/rushdie-shalimar-der-narr\\\/#primaryimage\",\"url\":\"http:\\\/\\\/ludwig-witzani.de\\\/wp-content\\\/uploads\\\/2014\\\/03\\\/IMG_0904-563x800.jpg\",\"contentUrl\":\"http:\\\/\\\/ludwig-witzani.de\\\/wp-content\\\/uploads\\\/2014\\\/03\\\/IMG_0904-563x800.jpg\"},{\"@type\":\"BreadcrumbList\",\"@id\":\"https:\\\/\\\/ludwig-witzani.de\\\/zu-den-grossen-traeumen\\\/buchempfehlungen\\\/einladung-nach-indien\\\/rushdie-shalimar-der-narr\\\/#breadcrumb\",\"itemListElement\":[{\"@type\":\"ListItem\",\"position\":1,\"name\":\"Startseite\",\"item\":\"https:\\\/\\\/ludwig-witzani.de\\\/zu-den-grossen-traeumen\\\/\"},{\"@type\":\"ListItem\",\"position\":2,\"name\":\"Reisebuchportal\",\"item\":\"https:\\\/\\\/ludwig-witzani.de\\\/zu-den-grossen-traeumen\\\/?page_id=151\"},{\"@type\":\"ListItem\",\"position\":3,\"name\":\"Einladung nach Indien\",\"item\":\"https:\\\/\\\/ludwig-witzani.de\\\/zu-den-grossen-traeumen\\\/?page_id=1384\"},{\"@type\":\"ListItem\",\"position\":4,\"name\":\"Rushdie: Shalimar der Narr\"}]},{\"@type\":\"WebSite\",\"@id\":\"https:\\\/\\\/ludwig-witzani.de\\\/zu-den-grossen-traeumen\\\/#website\",\"url\":\"https:\\\/\\\/ludwig-witzani.de\\\/zu-den-grossen-traeumen\\\/\",\"name\":\"Ludwig Witzani\",\"description\":\"World Wide Travel\",\"potentialAction\":[{\"@type\":\"SearchAction\",\"target\":{\"@type\":\"EntryPoint\",\"urlTemplate\":\"https:\\\/\\\/ludwig-witzani.de\\\/zu-den-grossen-traeumen\\\/?s={search_term_string}\"},\"query-input\":{\"@type\":\"PropertyValueSpecification\",\"valueRequired\":true,\"valueName\":\"search_term_string\"}}],\"inLanguage\":\"de\"}]}<\/script>\n<!-- \/ Yoast SEO plugin. -->","yoast_head_json":{"title":"Rushdie: Shalimar der Narr - Ludwig Witzani","robots":{"index":"index","follow":"follow","max-snippet":"max-snippet:-1","max-image-preview":"max-image-preview:large","max-video-preview":"max-video-preview:-1"},"canonical":"https:\/\/ludwig-witzani.de\/zu-den-grossen-traeumen\/buchempfehlungen\/einladung-nach-indien\/rushdie-shalimar-der-narr\/","og_locale":"de_DE","og_type":"article","og_title":"Rushdie: Shalimar der Narr - Ludwig Witzani","og_description":"Salman Rushdie: Shalimar der Narr Salman Rushdies B\u00fccher sind keine leichte Kost. In \u00fcberbordender Sprache verfasst, mit hyperkomplexen Handlungsb\u00f6gen versehen, mit eigenwilligen Aufl\u00f6sung und Ankl\u00e4ngen an den magischen Realismus garniert, sind sie nicht jedermanns Sache. Aber auf jeden Fall geh\u00f6rten sie bislang zum Besten, was es in literarischer Hinsicht \u00fcber indischen Subkontinent zu lesen gab. &hellip; Rushdie: Shalimar der Narr weiterlesen &rarr;","og_url":"https:\/\/ludwig-witzani.de\/zu-den-grossen-traeumen\/buchempfehlungen\/einladung-nach-indien\/rushdie-shalimar-der-narr\/","og_site_name":"Ludwig Witzani","article_modified_time":"2025-06-03T10:32:54+00:00","twitter_card":"summary_large_image","twitter_misc":{"Gesch\u00e4tzte Lesezeit":"4\u00a0Minuten"},"schema":{"@context":"https:\/\/schema.org","@graph":[{"@type":"WebPage","@id":"https:\/\/ludwig-witzani.de\/zu-den-grossen-traeumen\/buchempfehlungen\/einladung-nach-indien\/rushdie-shalimar-der-narr\/","url":"https:\/\/ludwig-witzani.de\/zu-den-grossen-traeumen\/buchempfehlungen\/einladung-nach-indien\/rushdie-shalimar-der-narr\/","name":"Rushdie: Shalimar der Narr - Ludwig Witzani","isPartOf":{"@id":"https:\/\/ludwig-witzani.de\/zu-den-grossen-traeumen\/#website"},"primaryImageOfPage":{"@id":"https:\/\/ludwig-witzani.de\/zu-den-grossen-traeumen\/buchempfehlungen\/einladung-nach-indien\/rushdie-shalimar-der-narr\/#primaryimage"},"image":{"@id":"https:\/\/ludwig-witzani.de\/zu-den-grossen-traeumen\/buchempfehlungen\/einladung-nach-indien\/rushdie-shalimar-der-narr\/#primaryimage"},"thumbnailUrl":"http:\/\/ludwig-witzani.de\/wp-content\/uploads\/2014\/03\/IMG_0904-563x800.jpg","datePublished":"2014-03-12T10:45:51+00:00","dateModified":"2025-06-03T10:32:54+00:00","breadcrumb":{"@id":"https:\/\/ludwig-witzani.de\/zu-den-grossen-traeumen\/buchempfehlungen\/einladung-nach-indien\/rushdie-shalimar-der-narr\/#breadcrumb"},"inLanguage":"de","potentialAction":[{"@type":"ReadAction","target":["https:\/\/ludwig-witzani.de\/zu-den-grossen-traeumen\/buchempfehlungen\/einladung-nach-indien\/rushdie-shalimar-der-narr\/"]}]},{"@type":"ImageObject","inLanguage":"de","@id":"https:\/\/ludwig-witzani.de\/zu-den-grossen-traeumen\/buchempfehlungen\/einladung-nach-indien\/rushdie-shalimar-der-narr\/#primaryimage","url":"http:\/\/ludwig-witzani.de\/wp-content\/uploads\/2014\/03\/IMG_0904-563x800.jpg","contentUrl":"http:\/\/ludwig-witzani.de\/wp-content\/uploads\/2014\/03\/IMG_0904-563x800.jpg"},{"@type":"BreadcrumbList","@id":"https:\/\/ludwig-witzani.de\/zu-den-grossen-traeumen\/buchempfehlungen\/einladung-nach-indien\/rushdie-shalimar-der-narr\/#breadcrumb","itemListElement":[{"@type":"ListItem","position":1,"name":"Startseite","item":"https:\/\/ludwig-witzani.de\/zu-den-grossen-traeumen\/"},{"@type":"ListItem","position":2,"name":"Reisebuchportal","item":"https:\/\/ludwig-witzani.de\/zu-den-grossen-traeumen\/?page_id=151"},{"@type":"ListItem","position":3,"name":"Einladung nach Indien","item":"https:\/\/ludwig-witzani.de\/zu-den-grossen-traeumen\/?page_id=1384"},{"@type":"ListItem","position":4,"name":"Rushdie: Shalimar der Narr"}]},{"@type":"WebSite","@id":"https:\/\/ludwig-witzani.de\/zu-den-grossen-traeumen\/#website","url":"https:\/\/ludwig-witzani.de\/zu-den-grossen-traeumen\/","name":"Ludwig Witzani","description":"World Wide Travel","potentialAction":[{"@type":"SearchAction","target":{"@type":"EntryPoint","urlTemplate":"https:\/\/ludwig-witzani.de\/zu-den-grossen-traeumen\/?s={search_term_string}"},"query-input":{"@type":"PropertyValueSpecification","valueRequired":true,"valueName":"search_term_string"}}],"inLanguage":"de"}]}},"jetpack_shortlink":"https:\/\/wp.me\/P4daYo-B6","jetpack_sharing_enabled":true,"_links":{"self":[{"href":"https:\/\/ludwig-witzani.de\/zu-den-grossen-traeumen\/wp-json\/wp\/v2\/pages\/2300","targetHints":{"allow":["GET"]}}],"collection":[{"href":"https:\/\/ludwig-witzani.de\/zu-den-grossen-traeumen\/wp-json\/wp\/v2\/pages"}],"about":[{"href":"https:\/\/ludwig-witzani.de\/zu-den-grossen-traeumen\/wp-json\/wp\/v2\/types\/page"}],"author":[{"embeddable":true,"href":"https:\/\/ludwig-witzani.de\/zu-den-grossen-traeumen\/wp-json\/wp\/v2\/users\/2"}],"replies":[{"embeddable":true,"href":"https:\/\/ludwig-witzani.de\/zu-den-grossen-traeumen\/wp-json\/wp\/v2\/comments?post=2300"}],"version-history":[{"count":3,"href":"https:\/\/ludwig-witzani.de\/zu-den-grossen-traeumen\/wp-json\/wp\/v2\/pages\/2300\/revisions"}],"predecessor-version":[{"id":2385,"href":"https:\/\/ludwig-witzani.de\/zu-den-grossen-traeumen\/wp-json\/wp\/v2\/pages\/2300\/revisions\/2385"}],"up":[{"embeddable":true,"href":"https:\/\/ludwig-witzani.de\/zu-den-grossen-traeumen\/wp-json\/wp\/v2\/pages\/1384"}],"wp:attachment":[{"href":"https:\/\/ludwig-witzani.de\/zu-den-grossen-traeumen\/wp-json\/wp\/v2\/media?parent=2300"}],"curies":[{"name":"wp","href":"https:\/\/api.w.org\/{rel}","templated":true}]}}